{"id":50611,"date":"2026-04-18T13:17:09","date_gmt":"2026-04-18T11:17:09","guid":{"rendered":"https:\/\/www.robertzueblin.com\/?post_type=product&#038;p=50611"},"modified":"2026-04-18T13:26:44","modified_gmt":"2026-04-18T11:26:44","slug":"nathanael-lemaitre-1831-%e2%80%a0-1897-barche-sulle-rive-del-lago-di-ginevra-dipinto-a-olio","status":"publish","type":"product","link":"https:\/\/www.robertzueblin.com\/it\/nathanael-lemaitre\/barche-sulle-rive-del-lago-di-ginevra-dipinto-a-olio\/","title":{"rendered":"Nathana\u00ebl LEMA\u00ceTRE (* 1831, \u2020 1897) \u2013 Barche sulle rive del Lago di Ginevra \u2013 Dipinto a olio"},"content":{"rendered":"<p><span style=\"font-family: AkkoPro-BoldCondensed!important\">Type:<\/span> <a href=\"https:\/\/www.robertzueblin.com\/it\/tipo\/pittura\/\">pittura<\/a><\/p>\n<p><span style=\"font-family: AkkoPro-BoldCondensed!important\">Pittore:<\/span> <a href=\"https:\/\/www.robertzueblin.com\/it\/nathanael-lemaitre\/\">Nathana\u00ebl LEMA\u00ceTRE<\/a> (* 1831, \u2020 1897)<\/p>\n<p><span style=\"font-family: AkkoPro-BoldCondensed!important\">Oggetto:<\/span> <a href=\"https:\/\/www.robertzueblin.com\/it\/quadri-a-olio\/\">pittura a olio<\/a><\/p>\n<p><span style=\"font-family: AkkoPro-BoldCondensed!important\">Materiale:<\/span> olio su tavola<\/p>\n<p><span style=\"font-family: AkkoPro-BoldCondensed!important\">Dimensioni:<\/span> altezza: 31 cm, larghezza: 42 cm; con cornice: altezza: 49 cm, larghezza: 60,5 cm<\/p>\n<p><span style=\"font-family: AkkoPro-BoldCondensed!important\">Anno di fabbricazione:<\/span> seconda met\u00e0 del XIX secolo<\/p>\n<p><span style=\"font-family: AkkoPro-BoldCondensed!important\">Condizione:<\/span> quadro: buone, piccoli ritocchi; cornice: segni di usura<\/p>\n<p><span style=\"font-family: AkkoPro-BoldCondensed!important\">Firma:<\/span> assente, indicato sul retro <\/p>\n","protected":false},"excerpt":{"rendered":"<p>Type: pittura Pittore: Nathana\u00ebl LEMA\u00ceTRE (* 1831, \u2020 1897) Oggetto: pittura a olio Materiale: olio su tavola Dimensioni: altezza: 31 cm, larghezza: 42 cm; con cornice: altezza: 49 cm, larghezza: 60,5 cm Anno di fabbricazione: seconda met\u00e0 del XIX secolo Condizione: quadro: buone, piccoli ritocchi; cornice: segni di usura Firma: assente, indicato sul retro<\/p>\n","protected":false},"featured_media":50613,"template":"","meta":[],"product_brand":[],"product_cat":[777,949,497],"product_tag":[],"class_list":{"0":"post-50611","1":"product","2":"type-product","3":"status-publish","4":"has-post-thumbnail","6":"product_cat-pittura","7":"product_cat-nathanael-lemaitre","8":"product_cat-quadri-a-olio","10":"first","11":"instock","12":"sold-individually","13":"shipping-taxable","14":"purchasable","15":"product-type-simple"},"yoast_head":"<!-- This site is optimized with the Yoast SEO plugin v27.4 - https:\/\/yoast.com\/product\/yoast-seo-wordpress\/ -->\n<title>Nathana\u00ebl LEMA\u00ceTRE \u2013 Barche sulle rive del Lago di Ginevra<\/title>\n<meta name=\"description\" content=\"Bellissimo dipinto a olio di Nathana\u00ebl Lema\u00eetre raffigurante barche sulle rive del Lago di Ginevra; seconda met\u00e0 del XIX secolo; indicato sul retro.\" \/>\n<meta name=\"robots\" content=\"index, follow, max-snippet:-1, max-image-preview:large, max-video-preview:-1\" \/>\n<link rel=\"canonical\" href=\"https:\/\/www.robertzueblin.com\/it\/nathanael-lemaitre\/barche-sulle-rive-del-lago-di-ginevra-dipinto-a-olio\/\" \/>\n<meta property=\"og:locale\" content=\"it_IT\" \/>\n<meta property=\"og:type\" content=\"article\" \/>\n<meta property=\"og:title\" content=\"Nathana\u00ebl LEMA\u00ceTRE \u2013 Barche sulle rive del Lago di Ginevra\" \/>\n<meta property=\"og:description\" content=\"Bellissimo dipinto a olio di Nathana\u00ebl Lema\u00eetre raffigurante barche sulle rive del Lago di Ginevra; seconda met\u00e0 del XIX secolo; indicato sul retro.\" \/>\n<meta property=\"og:url\" content=\"https:\/\/www.robertzueblin.com\/it\/nathanael-lemaitre\/barche-sulle-rive-del-lago-di-ginevra-dipinto-a-olio\/\" \/>\n<meta property=\"og:site_name\" content=\"ROBERT Z\u00dcBLIN\" \/>\n<meta property=\"article:modified_time\" content=\"2026-04-18T11:26:44+00:00\" \/>\n<meta property=\"og:image\" content=\"https:\/\/www.robertzueblin.com\/wp-content\/uploads\/nathanael-lemaitre-dipinto-olio-barche-rive-lago-ginevra-foto-titolo.jpg\" \/>\n\t<meta property=\"og:image:width\" content=\"1000\" \/>\n\t<meta property=\"og:image:height\" content=\"703\" \/>\n\t<meta property=\"og:image:type\" content=\"image\/jpeg\" \/>\n<meta name=\"twitter:card\" content=\"summary_large_image\" \/>\n<script type=\"application\/ld+json\" class=\"yoast-schema-graph\">{\"@context\":\"https:\\\/\\\/schema.org\",\"@graph\":[{\"@type\":\"WebPage\",\"@id\":\"https:\\\/\\\/www.robertzueblin.com\\\/it\\\/nathanael-lemaitre\\\/barche-sulle-rive-del-lago-di-ginevra-dipinto-a-olio\\\/\",\"url\":\"https:\\\/\\\/www.robertzueblin.com\\\/it\\\/nathanael-lemaitre\\\/barche-sulle-rive-del-lago-di-ginevra-dipinto-a-olio\\\/\",\"name\":\"Nathana\u00ebl LEMA\u00ceTRE \u2013 Barche sulle rive del Lago di Ginevra\",\"isPartOf\":{\"@id\":\"https:\\\/\\\/www.robertzueblin.com\\\/it\\\/#website\"},\"primaryImageOfPage\":{\"@id\":\"https:\\\/\\\/www.robertzueblin.com\\\/it\\\/nathanael-lemaitre\\\/barche-sulle-rive-del-lago-di-ginevra-dipinto-a-olio\\\/#primaryimage\"},\"image\":{\"@id\":\"https:\\\/\\\/www.robertzueblin.com\\\/it\\\/nathanael-lemaitre\\\/barche-sulle-rive-del-lago-di-ginevra-dipinto-a-olio\\\/#primaryimage\"},\"thumbnailUrl\":\"https:\\\/\\\/www.robertzueblin.com\\\/wp-content\\\/uploads\\\/nathanael-lemaitre-dipinto-olio-barche-rive-lago-ginevra-foto-titolo.jpg\",\"datePublished\":\"2026-04-18T11:17:09+00:00\",\"dateModified\":\"2026-04-18T11:26:44+00:00\",\"description\":\"Bellissimo dipinto a olio di Nathana\u00ebl Lema\u00eetre raffigurante barche sulle rive del Lago di Ginevra; seconda met\u00e0 del XIX secolo; indicato sul retro.\",\"breadcrumb\":{\"@id\":\"https:\\\/\\\/www.robertzueblin.com\\\/it\\\/nathanael-lemaitre\\\/barche-sulle-rive-del-lago-di-ginevra-dipinto-a-olio\\\/#breadcrumb\"},\"inLanguage\":\"it-IT\",\"potentialAction\":[{\"@type\":\"ReadAction\",\"target\":[\"https:\\\/\\\/www.robertzueblin.com\\\/it\\\/nathanael-lemaitre\\\/barche-sulle-rive-del-lago-di-ginevra-dipinto-a-olio\\\/\"]}]},{\"@type\":\"ImageObject\",\"inLanguage\":\"it-IT\",\"@id\":\"https:\\\/\\\/www.robertzueblin.com\\\/it\\\/nathanael-lemaitre\\\/barche-sulle-rive-del-lago-di-ginevra-dipinto-a-olio\\\/#primaryimage\",\"url\":\"https:\\\/\\\/www.robertzueblin.com\\\/wp-content\\\/uploads\\\/nathanael-lemaitre-dipinto-olio-barche-rive-lago-ginevra-foto-titolo.jpg\",\"contentUrl\":\"https:\\\/\\\/www.robertzueblin.com\\\/wp-content\\\/uploads\\\/nathanael-lemaitre-dipinto-olio-barche-rive-lago-ginevra-foto-titolo.jpg\",\"width\":1000,\"height\":703},{\"@type\":\"BreadcrumbList\",\"@id\":\"https:\\\/\\\/www.robertzueblin.com\\\/it\\\/nathanael-lemaitre\\\/barche-sulle-rive-del-lago-di-ginevra-dipinto-a-olio\\\/#breadcrumb\",\"itemListElement\":[{\"@type\":\"ListItem\",\"position\":1,\"name\":\"Startseite\",\"item\":\"https:\\\/\\\/www.robertzueblin.com\\\/it\\\/\"},{\"@type\":\"ListItem\",\"position\":2,\"name\":\"Galleria d&#8217;arte online (Negozio online)\",\"item\":\"https:\\\/\\\/www.robertzueblin.com\\\/it\\\/galleria-d-arte-online\\\/\"},{\"@type\":\"ListItem\",\"position\":3,\"name\":\"Nathana\u00ebl LEMA\u00ceTRE (* 1831, \u2020 1897) \u2013 Barche sulle rive del Lago di Ginevra \u2013 Dipinto a olio\"}]},{\"@type\":\"WebSite\",\"@id\":\"https:\\\/\\\/www.robertzueblin.com\\\/it\\\/#website\",\"url\":\"https:\\\/\\\/www.robertzueblin.com\\\/it\\\/\",\"name\":\"ROBERT Z\u00dcBLIN\",\"description\":\"\",\"publisher\":{\"@id\":\"https:\\\/\\\/www.robertzueblin.com\\\/it\\\/#organization\"},\"potentialAction\":[{\"@type\":\"SearchAction\",\"target\":{\"@type\":\"EntryPoint\",\"urlTemplate\":\"https:\\\/\\\/www.robertzueblin.com\\\/it\\\/?s={search_term_string}\"},\"query-input\":{\"@type\":\"PropertyValueSpecification\",\"valueRequired\":true,\"valueName\":\"search_term_string\"}}],\"inLanguage\":\"it-IT\"},{\"@type\":\"Organization\",\"@id\":\"https:\\\/\\\/www.robertzueblin.com\\\/it\\\/#organization\",\"name\":\"ROBERT Z\u00dcBLIN\",\"url\":\"https:\\\/\\\/www.robertzueblin.com\\\/it\\\/\",\"logo\":{\"@type\":\"ImageObject\",\"inLanguage\":\"it-IT\",\"@id\":\"https:\\\/\\\/www.robertzueblin.com\\\/it\\\/#\\\/schema\\\/logo\\\/image\\\/\",\"url\":\"https:\\\/\\\/www.robertzueblin.com\\\/wp-content\\\/uploads\\\/cropped-cropped-logo-von-robert-zueblin.jpg\",\"contentUrl\":\"https:\\\/\\\/www.robertzueblin.com\\\/wp-content\\\/uploads\\\/cropped-cropped-logo-von-robert-zueblin.jpg\",\"width\":440,\"height\":60,\"caption\":\"ROBERT Z\u00dcBLIN\"},\"image\":{\"@id\":\"https:\\\/\\\/www.robertzueblin.com\\\/it\\\/#\\\/schema\\\/logo\\\/image\\\/\"}}]}<\/script>\n<!-- \/ Yoast SEO plugin. -->","yoast_head_json":{"title":"Nathana\u00ebl LEMA\u00ceTRE \u2013 Barche sulle rive del Lago di Ginevra","description":"Bellissimo dipinto a olio di Nathana\u00ebl Lema\u00eetre raffigurante barche sulle rive del Lago di Ginevra; seconda met\u00e0 del XIX secolo; indicato sul retro.","robots":{"index":"index","follow":"follow","max-snippet":"max-snippet:-1","max-image-preview":"max-image-preview:large","max-video-preview":"max-video-preview:-1"},"canonical":"https:\/\/www.robertzueblin.com\/it\/nathanael-lemaitre\/barche-sulle-rive-del-lago-di-ginevra-dipinto-a-olio\/","og_locale":"it_IT","og_type":"article","og_title":"Nathana\u00ebl LEMA\u00ceTRE \u2013 Barche sulle rive del Lago di Ginevra","og_description":"Bellissimo dipinto a olio di Nathana\u00ebl Lema\u00eetre raffigurante barche sulle rive del Lago di Ginevra; seconda met\u00e0 del XIX secolo; indicato sul retro.","og_url":"https:\/\/www.robertzueblin.com\/it\/nathanael-lemaitre\/barche-sulle-rive-del-lago-di-ginevra-dipinto-a-olio\/","og_site_name":"ROBERT Z\u00dcBLIN","article_modified_time":"2026-04-18T11:26:44+00:00","og_image":[{"width":1000,"height":703,"url":"https:\/\/www.robertzueblin.com\/wp-content\/uploads\/nathanael-lemaitre-dipinto-olio-barche-rive-lago-ginevra-foto-titolo.jpg","type":"image\/jpeg"}],"twitter_card":"summary_large_image","schema":{"@context":"https:\/\/schema.org","@graph":[{"@type":"WebPage","@id":"https:\/\/www.robertzueblin.com\/it\/nathanael-lemaitre\/barche-sulle-rive-del-lago-di-ginevra-dipinto-a-olio\/","url":"https:\/\/www.robertzueblin.com\/it\/nathanael-lemaitre\/barche-sulle-rive-del-lago-di-ginevra-dipinto-a-olio\/","name":"Nathana\u00ebl LEMA\u00ceTRE \u2013 Barche sulle rive del Lago di Ginevra","isPartOf":{"@id":"https:\/\/www.robertzueblin.com\/it\/#website"},"primaryImageOfPage":{"@id":"https:\/\/www.robertzueblin.com\/it\/nathanael-lemaitre\/barche-sulle-rive-del-lago-di-ginevra-dipinto-a-olio\/#primaryimage"},"image":{"@id":"https:\/\/www.robertzueblin.com\/it\/nathanael-lemaitre\/barche-sulle-rive-del-lago-di-ginevra-dipinto-a-olio\/#primaryimage"},"thumbnailUrl":"https:\/\/www.robertzueblin.com\/wp-content\/uploads\/nathanael-lemaitre-dipinto-olio-barche-rive-lago-ginevra-foto-titolo.jpg","datePublished":"2026-04-18T11:17:09+00:00","dateModified":"2026-04-18T11:26:44+00:00","description":"Bellissimo dipinto a olio di Nathana\u00ebl Lema\u00eetre raffigurante barche sulle rive del Lago di Ginevra; seconda met\u00e0 del XIX secolo; indicato sul retro.","breadcrumb":{"@id":"https:\/\/www.robertzueblin.com\/it\/nathanael-lemaitre\/barche-sulle-rive-del-lago-di-ginevra-dipinto-a-olio\/#breadcrumb"},"inLanguage":"it-IT","potentialAction":[{"@type":"ReadAction","target":["https:\/\/www.robertzueblin.com\/it\/nathanael-lemaitre\/barche-sulle-rive-del-lago-di-ginevra-dipinto-a-olio\/"]}]},{"@type":"ImageObject","inLanguage":"it-IT","@id":"https:\/\/www.robertzueblin.com\/it\/nathanael-lemaitre\/barche-sulle-rive-del-lago-di-ginevra-dipinto-a-olio\/#primaryimage","url":"https:\/\/www.robertzueblin.com\/wp-content\/uploads\/nathanael-lemaitre-dipinto-olio-barche-rive-lago-ginevra-foto-titolo.jpg","contentUrl":"https:\/\/www.robertzueblin.com\/wp-content\/uploads\/nathanael-lemaitre-dipinto-olio-barche-rive-lago-ginevra-foto-titolo.jpg","width":1000,"height":703},{"@type":"BreadcrumbList","@id":"https:\/\/www.robertzueblin.com\/it\/nathanael-lemaitre\/barche-sulle-rive-del-lago-di-ginevra-dipinto-a-olio\/#breadcrumb","itemListElement":[{"@type":"ListItem","position":1,"name":"Startseite","item":"https:\/\/www.robertzueblin.com\/it\/"},{"@type":"ListItem","position":2,"name":"Galleria d&#8217;arte online (Negozio online)","item":"https:\/\/www.robertzueblin.com\/it\/galleria-d-arte-online\/"},{"@type":"ListItem","position":3,"name":"Nathana\u00ebl LEMA\u00ceTRE (* 1831, \u2020 1897) \u2013 Barche sulle rive del Lago di Ginevra \u2013 Dipinto a olio"}]},{"@type":"WebSite","@id":"https:\/\/www.robertzueblin.com\/it\/#website","url":"https:\/\/www.robertzueblin.com\/it\/","name":"ROBERT Z\u00dcBLIN","description":"","publisher":{"@id":"https:\/\/www.robertzueblin.com\/it\/#organization"},"potentialAction":[{"@type":"SearchAction","target":{"@type":"EntryPoint","urlTemplate":"https:\/\/www.robertzueblin.com\/it\/?s={search_term_string}"},"query-input":{"@type":"PropertyValueSpecification","valueRequired":true,"valueName":"search_term_string"}}],"inLanguage":"it-IT"},{"@type":"Organization","@id":"https:\/\/www.robertzueblin.com\/it\/#organization","name":"ROBERT Z\u00dcBLIN","url":"https:\/\/www.robertzueblin.com\/it\/","logo":{"@type":"ImageObject","inLanguage":"it-IT","@id":"https:\/\/www.robertzueblin.com\/it\/#\/schema\/logo\/image\/","url":"https:\/\/www.robertzueblin.com\/wp-content\/uploads\/cropped-cropped-logo-von-robert-zueblin.jpg","contentUrl":"https:\/\/www.robertzueblin.com\/wp-content\/uploads\/cropped-cropped-logo-von-robert-zueblin.jpg","width":440,"height":60,"caption":"ROBERT Z\u00dcBLIN"},"image":{"@id":"https:\/\/www.robertzueblin.com\/it\/#\/schema\/logo\/image\/"}}]}},"_links":{"self":[{"href":"https:\/\/www.robertzueblin.com\/it\/wp-json\/wp\/v2\/product\/50611","targetHints":{"allow":["GET"]}}],"collection":[{"href":"https:\/\/www.robertzueblin.com\/it\/wp-json\/wp\/v2\/product"}],"about":[{"href":"https:\/\/www.robertzueblin.com\/it\/wp-json\/wp\/v2\/types\/product"}],"wp:featuredmedia":[{"embeddable":true,"href":"https:\/\/www.robertzueblin.com\/it\/wp-json\/wp\/v2\/media\/50613"}],"wp:attachment":[{"href":"https:\/\/www.robertzueblin.com\/it\/wp-json\/wp\/v2\/media?parent=50611"}],"wp:term":[{"taxonomy":"product_brand","embeddable":true,"href":"https:\/\/www.robertzueblin.com\/it\/wp-json\/wp\/v2\/product_brand?post=50611"},{"taxonomy":"product_cat","embeddable":true,"href":"https:\/\/www.robertzueblin.com\/it\/wp-json\/wp\/v2\/product_cat?post=50611"},{"taxonomy":"product_tag","embeddable":true,"href":"https:\/\/www.robertzueblin.com\/it\/wp-json\/wp\/v2\/product_tag?post=50611"}],"curies":[{"name":"wp","href":"https:\/\/api.w.org\/{rel}","templated":true}]}}