{"id":49268,"date":"2026-01-30T11:18:15","date_gmt":"2026-01-30T10:18:15","guid":{"rendered":"https:\/\/www.robertzueblin.com\/?post_type=product&#038;p=49268"},"modified":"2026-02-05T18:49:09","modified_gmt":"2026-02-05T17:49:09","slug":"mila-vazquez-otero-1978-burriera-in-ceramica-fatto-a-mano-con-mucca-ii-studio-ceramica","status":"publish","type":"product","link":"https:\/\/www.robertzueblin.com\/it\/mila-vazquez-otero\/burriera-in-ceramica-fatto-a-mano-con-mucca-studio-ceramica-2\/","title":{"rendered":"Mila V\u00c1ZQUEZ OTERO (* 1978) &#8211; Burriera in ceramica fatto a mano con mucca II &#8211; Studio ceramica"},"content":{"rendered":"<p><span style=\"font-family: AkkoPro-BoldCondensed!important\">Tipo:<\/span> <a href=\"https:\/\/www.robertzueblin.com\/it\/studio-ceramica-ceramica-artistica\/\">studio ceramica<\/a><\/p>\n<p><span style=\"font-family: AkkoPro-BoldCondensed!important\">Disegno:<\/span> <a href=\"https:\/\/www.robertzueblin.com\/it\/mila-vazquez-otero\/\">Mila V\u00e1zquez Otero<\/a> (* 1978)<\/p>\n<p><span style=\"font-family: AkkoPro-BoldCondensed!important\">Esecuzione:<\/span> Mila V\u00e1zquez Otero (* 1978)<\/p>\n<p><span style=\"font-family: AkkoPro-BoldCondensed!important\">Oggetto:<\/span> burriera<\/p>\n<p><span style=\"font-family: AkkoPro-BoldCondensed!important\">Dimensioni:<\/span> Altezza esterna: 12 cm, larghezza esterna: 17,5 cm, profondit\u00e0 esterna: 9 cm; altezza interna: 5,3 cm, larghezza interna: 13 cm, profondit\u00e0 interna: 6,5 cm<\/p>\n<p><span style=\"font-family: AkkoPro-BoldCondensed!important\">Corpo:<\/span> chiaro<\/p>\n<p><span style=\"font-family: AkkoPro-BoldCondensed!important\">Superficie:<\/span> verde chiaro, verde scuro, bianco, marrone tenmoku, effetti blu-bianco<\/p>\n<p><span style=\"font-family: AkkoPro-BoldCondensed!important\">Anno di fabbricazione:<\/span> 2026<\/p>\n<p><span style=\"font-family: AkkoPro-BoldCondensed!important\">Condizioni:<\/span> prodotto nuovo <\/p>\n<p><span style=\"font-family: AkkoPro-BoldCondensed!important\">Firma\/marchio:<\/span> O su M<\/p>\n<p><span style=\"font-family: AkkoPro-BoldCondensed!important\">Dettaglio:<\/span><br \/>\nIl manico del coperchio di questo burriera \u00e8 una mucca con smalto Tenmoku con effetti blu e bianchi. Questa burriera in ceramica \u00e8 realizzata a mano. L&#8217;artista Mila V\u00e1zquez Otero lavora senza stampi e modella ogni pezzo di ceramica singolarmente a mano; ognuna di queste burriere in ceramica fatte a mano \u00e8 quindi un pezzo unico.<\/p>\n","protected":false},"excerpt":{"rendered":"<p>Tipo: studio ceramica Disegno: Mila V\u00e1zquez Otero (* 1978) Esecuzione: Mila V\u00e1zquez Otero (* 1978) Oggetto: burriera Dimensioni: Altezza esterna: 12 cm, larghezza esterna: 17,5 cm, profondit\u00e0 esterna: 9 cm; altezza interna: 5,3 cm, larghezza interna: 13 cm, profondit\u00e0 interna: 6,5 cm Corpo: chiaro Superficie: verde chiaro, verde scuro, bianco, marrone tenmoku, effetti blu-bianco Anno [&hellip;]<\/p>\n","protected":false},"featured_media":49277,"template":"","meta":[],"product_brand":[],"product_cat":[787,367,220],"product_tag":[],"class_list":{"0":"post-49268","1":"product","2":"type-product","3":"status-publish","4":"has-post-thumbnail","6":"product_cat-burriera-ceramica","7":"product_cat-mila-vazquez-otero","8":"product_cat-studio-ceramica","10":"first","11":"instock","12":"sold-individually","13":"shipping-taxable","14":"purchasable","15":"product-type-simple"},"yoast_head":"<!-- This site is optimized with the Yoast SEO plugin v27.4 - https:\/\/yoast.com\/product\/yoast-seo-wordpress\/ -->\n<title>V\u00c1ZQUEZ OTERO - Burriera ceramica fatto a mano con mucca II<\/title>\n<meta name=\"description\" content=\"Burriera in ceramica realizzata a mano con manico a forma di mucca sul coperchio, smaltata con smalto Tenmoku e effetti blu e bianchi.\" \/>\n<meta name=\"robots\" content=\"index, follow, max-snippet:-1, max-image-preview:large, max-video-preview:-1\" \/>\n<link rel=\"canonical\" href=\"https:\/\/www.robertzueblin.com\/it\/mila-vazquez-otero\/burriera-in-ceramica-fatto-a-mano-con-mucca-studio-ceramica-2\/\" \/>\n<meta property=\"og:locale\" content=\"it_IT\" \/>\n<meta property=\"og:type\" content=\"article\" \/>\n<meta property=\"og:title\" content=\"V\u00c1ZQUEZ OTERO - Burriera ceramica fatto a mano con mucca II\" \/>\n<meta property=\"og:description\" content=\"Burriera in ceramica realizzata a mano con manico a forma di mucca sul coperchio, smaltata con smalto Tenmoku e effetti blu e bianchi.\" \/>\n<meta property=\"og:url\" content=\"https:\/\/www.robertzueblin.com\/it\/mila-vazquez-otero\/burriera-in-ceramica-fatto-a-mano-con-mucca-studio-ceramica-2\/\" \/>\n<meta property=\"og:site_name\" content=\"ROBERT Z\u00dcBLIN\" \/>\n<meta property=\"article:modified_time\" content=\"2026-02-05T17:49:09+00:00\" \/>\n<meta property=\"og:image\" content=\"https:\/\/www.robertzueblin.com\/wp-content\/uploads\/mila-vazquez-otero-studio-ceramica-burriera-ceramica-fatto-mano-mucca-2-lato-3.jpg\" \/>\n\t<meta property=\"og:image:width\" content=\"1000\" \/>\n\t<meta property=\"og:image:height\" content=\"1000\" \/>\n\t<meta property=\"og:image:type\" content=\"image\/jpeg\" \/>\n<meta name=\"twitter:card\" content=\"summary_large_image\" \/>\n<script type=\"application\/ld+json\" class=\"yoast-schema-graph\">{\"@context\":\"https:\\\/\\\/schema.org\",\"@graph\":[{\"@type\":\"WebPage\",\"@id\":\"https:\\\/\\\/www.robertzueblin.com\\\/it\\\/mila-vazquez-otero\\\/burriera-in-ceramica-fatto-a-mano-con-mucca-studio-ceramica-2\\\/\",\"url\":\"https:\\\/\\\/www.robertzueblin.com\\\/it\\\/mila-vazquez-otero\\\/burriera-in-ceramica-fatto-a-mano-con-mucca-studio-ceramica-2\\\/\",\"name\":\"V\u00c1ZQUEZ OTERO - Burriera ceramica fatto a mano con mucca II\",\"isPartOf\":{\"@id\":\"https:\\\/\\\/www.robertzueblin.com\\\/it\\\/#website\"},\"primaryImageOfPage\":{\"@id\":\"https:\\\/\\\/www.robertzueblin.com\\\/it\\\/mila-vazquez-otero\\\/burriera-in-ceramica-fatto-a-mano-con-mucca-studio-ceramica-2\\\/#primaryimage\"},\"image\":{\"@id\":\"https:\\\/\\\/www.robertzueblin.com\\\/it\\\/mila-vazquez-otero\\\/burriera-in-ceramica-fatto-a-mano-con-mucca-studio-ceramica-2\\\/#primaryimage\"},\"thumbnailUrl\":\"https:\\\/\\\/www.robertzueblin.com\\\/wp-content\\\/uploads\\\/mila-vazquez-otero-studio-ceramica-burriera-ceramica-fatto-mano-mucca-2-lato-3.jpg\",\"datePublished\":\"2026-01-30T10:18:15+00:00\",\"dateModified\":\"2026-02-05T17:49:09+00:00\",\"description\":\"Burriera in ceramica realizzata a mano con manico a forma di mucca sul coperchio, smaltata con smalto Tenmoku e effetti blu e bianchi.\",\"breadcrumb\":{\"@id\":\"https:\\\/\\\/www.robertzueblin.com\\\/it\\\/mila-vazquez-otero\\\/burriera-in-ceramica-fatto-a-mano-con-mucca-studio-ceramica-2\\\/#breadcrumb\"},\"inLanguage\":\"it-IT\",\"potentialAction\":[{\"@type\":\"ReadAction\",\"target\":[\"https:\\\/\\\/www.robertzueblin.com\\\/it\\\/mila-vazquez-otero\\\/burriera-in-ceramica-fatto-a-mano-con-mucca-studio-ceramica-2\\\/\"]}]},{\"@type\":\"ImageObject\",\"inLanguage\":\"it-IT\",\"@id\":\"https:\\\/\\\/www.robertzueblin.com\\\/it\\\/mila-vazquez-otero\\\/burriera-in-ceramica-fatto-a-mano-con-mucca-studio-ceramica-2\\\/#primaryimage\",\"url\":\"https:\\\/\\\/www.robertzueblin.com\\\/wp-content\\\/uploads\\\/mila-vazquez-otero-studio-ceramica-burriera-ceramica-fatto-mano-mucca-2-lato-3.jpg\",\"contentUrl\":\"https:\\\/\\\/www.robertzueblin.com\\\/wp-content\\\/uploads\\\/mila-vazquez-otero-studio-ceramica-burriera-ceramica-fatto-mano-mucca-2-lato-3.jpg\",\"width\":1000,\"height\":1000},{\"@type\":\"BreadcrumbList\",\"@id\":\"https:\\\/\\\/www.robertzueblin.com\\\/it\\\/mila-vazquez-otero\\\/burriera-in-ceramica-fatto-a-mano-con-mucca-studio-ceramica-2\\\/#breadcrumb\",\"itemListElement\":[{\"@type\":\"ListItem\",\"position\":1,\"name\":\"Startseite\",\"item\":\"https:\\\/\\\/www.robertzueblin.com\\\/it\\\/\"},{\"@type\":\"ListItem\",\"position\":2,\"name\":\"Galleria d&#8217;arte online (Negozio online)\",\"item\":\"https:\\\/\\\/www.robertzueblin.com\\\/it\\\/galleria-d-arte-online\\\/\"},{\"@type\":\"ListItem\",\"position\":3,\"name\":\"Mila V\u00c1ZQUEZ OTERO (* 1978) &#8211; Burriera in ceramica fatto a mano con mucca II &#8211; Studio ceramica\"}]},{\"@type\":\"WebSite\",\"@id\":\"https:\\\/\\\/www.robertzueblin.com\\\/it\\\/#website\",\"url\":\"https:\\\/\\\/www.robertzueblin.com\\\/it\\\/\",\"name\":\"ROBERT Z\u00dcBLIN\",\"description\":\"\",\"publisher\":{\"@id\":\"https:\\\/\\\/www.robertzueblin.com\\\/it\\\/#organization\"},\"potentialAction\":[{\"@type\":\"SearchAction\",\"target\":{\"@type\":\"EntryPoint\",\"urlTemplate\":\"https:\\\/\\\/www.robertzueblin.com\\\/it\\\/?s={search_term_string}\"},\"query-input\":{\"@type\":\"PropertyValueSpecification\",\"valueRequired\":true,\"valueName\":\"search_term_string\"}}],\"inLanguage\":\"it-IT\"},{\"@type\":\"Organization\",\"@id\":\"https:\\\/\\\/www.robertzueblin.com\\\/it\\\/#organization\",\"name\":\"ROBERT Z\u00dcBLIN\",\"url\":\"https:\\\/\\\/www.robertzueblin.com\\\/it\\\/\",\"logo\":{\"@type\":\"ImageObject\",\"inLanguage\":\"it-IT\",\"@id\":\"https:\\\/\\\/www.robertzueblin.com\\\/it\\\/#\\\/schema\\\/logo\\\/image\\\/\",\"url\":\"https:\\\/\\\/www.robertzueblin.com\\\/wp-content\\\/uploads\\\/cropped-cropped-logo-von-robert-zueblin.jpg\",\"contentUrl\":\"https:\\\/\\\/www.robertzueblin.com\\\/wp-content\\\/uploads\\\/cropped-cropped-logo-von-robert-zueblin.jpg\",\"width\":440,\"height\":60,\"caption\":\"ROBERT Z\u00dcBLIN\"},\"image\":{\"@id\":\"https:\\\/\\\/www.robertzueblin.com\\\/it\\\/#\\\/schema\\\/logo\\\/image\\\/\"}}]}<\/script>\n<!-- \/ Yoast SEO plugin. -->","yoast_head_json":{"title":"V\u00c1ZQUEZ OTERO - Burriera ceramica fatto a mano con mucca II","description":"Burriera in ceramica realizzata a mano con manico a forma di mucca sul coperchio, smaltata con smalto Tenmoku e effetti blu e bianchi.","robots":{"index":"index","follow":"follow","max-snippet":"max-snippet:-1","max-image-preview":"max-image-preview:large","max-video-preview":"max-video-preview:-1"},"canonical":"https:\/\/www.robertzueblin.com\/it\/mila-vazquez-otero\/burriera-in-ceramica-fatto-a-mano-con-mucca-studio-ceramica-2\/","og_locale":"it_IT","og_type":"article","og_title":"V\u00c1ZQUEZ OTERO - Burriera ceramica fatto a mano con mucca II","og_description":"Burriera in ceramica realizzata a mano con manico a forma di mucca sul coperchio, smaltata con smalto Tenmoku e effetti blu e bianchi.","og_url":"https:\/\/www.robertzueblin.com\/it\/mila-vazquez-otero\/burriera-in-ceramica-fatto-a-mano-con-mucca-studio-ceramica-2\/","og_site_name":"ROBERT Z\u00dcBLIN","article_modified_time":"2026-02-05T17:49:09+00:00","og_image":[{"width":1000,"height":1000,"url":"https:\/\/www.robertzueblin.com\/wp-content\/uploads\/mila-vazquez-otero-studio-ceramica-burriera-ceramica-fatto-mano-mucca-2-lato-3.jpg","type":"image\/jpeg"}],"twitter_card":"summary_large_image","schema":{"@context":"https:\/\/schema.org","@graph":[{"@type":"WebPage","@id":"https:\/\/www.robertzueblin.com\/it\/mila-vazquez-otero\/burriera-in-ceramica-fatto-a-mano-con-mucca-studio-ceramica-2\/","url":"https:\/\/www.robertzueblin.com\/it\/mila-vazquez-otero\/burriera-in-ceramica-fatto-a-mano-con-mucca-studio-ceramica-2\/","name":"V\u00c1ZQUEZ OTERO - Burriera ceramica fatto a mano con mucca II","isPartOf":{"@id":"https:\/\/www.robertzueblin.com\/it\/#website"},"primaryImageOfPage":{"@id":"https:\/\/www.robertzueblin.com\/it\/mila-vazquez-otero\/burriera-in-ceramica-fatto-a-mano-con-mucca-studio-ceramica-2\/#primaryimage"},"image":{"@id":"https:\/\/www.robertzueblin.com\/it\/mila-vazquez-otero\/burriera-in-ceramica-fatto-a-mano-con-mucca-studio-ceramica-2\/#primaryimage"},"thumbnailUrl":"https:\/\/www.robertzueblin.com\/wp-content\/uploads\/mila-vazquez-otero-studio-ceramica-burriera-ceramica-fatto-mano-mucca-2-lato-3.jpg","datePublished":"2026-01-30T10:18:15+00:00","dateModified":"2026-02-05T17:49:09+00:00","description":"Burriera in ceramica realizzata a mano con manico a forma di mucca sul coperchio, smaltata con smalto Tenmoku e effetti blu e bianchi.","breadcrumb":{"@id":"https:\/\/www.robertzueblin.com\/it\/mila-vazquez-otero\/burriera-in-ceramica-fatto-a-mano-con-mucca-studio-ceramica-2\/#breadcrumb"},"inLanguage":"it-IT","potentialAction":[{"@type":"ReadAction","target":["https:\/\/www.robertzueblin.com\/it\/mila-vazquez-otero\/burriera-in-ceramica-fatto-a-mano-con-mucca-studio-ceramica-2\/"]}]},{"@type":"ImageObject","inLanguage":"it-IT","@id":"https:\/\/www.robertzueblin.com\/it\/mila-vazquez-otero\/burriera-in-ceramica-fatto-a-mano-con-mucca-studio-ceramica-2\/#primaryimage","url":"https:\/\/www.robertzueblin.com\/wp-content\/uploads\/mila-vazquez-otero-studio-ceramica-burriera-ceramica-fatto-mano-mucca-2-lato-3.jpg","contentUrl":"https:\/\/www.robertzueblin.com\/wp-content\/uploads\/mila-vazquez-otero-studio-ceramica-burriera-ceramica-fatto-mano-mucca-2-lato-3.jpg","width":1000,"height":1000},{"@type":"BreadcrumbList","@id":"https:\/\/www.robertzueblin.com\/it\/mila-vazquez-otero\/burriera-in-ceramica-fatto-a-mano-con-mucca-studio-ceramica-2\/#breadcrumb","itemListElement":[{"@type":"ListItem","position":1,"name":"Startseite","item":"https:\/\/www.robertzueblin.com\/it\/"},{"@type":"ListItem","position":2,"name":"Galleria d&#8217;arte online (Negozio online)","item":"https:\/\/www.robertzueblin.com\/it\/galleria-d-arte-online\/"},{"@type":"ListItem","position":3,"name":"Mila V\u00c1ZQUEZ OTERO (* 1978) &#8211; Burriera in ceramica fatto a mano con mucca II &#8211; Studio ceramica"}]},{"@type":"WebSite","@id":"https:\/\/www.robertzueblin.com\/it\/#website","url":"https:\/\/www.robertzueblin.com\/it\/","name":"ROBERT Z\u00dcBLIN","description":"","publisher":{"@id":"https:\/\/www.robertzueblin.com\/it\/#organization"},"potentialAction":[{"@type":"SearchAction","target":{"@type":"EntryPoint","urlTemplate":"https:\/\/www.robertzueblin.com\/it\/?s={search_term_string}"},"query-input":{"@type":"PropertyValueSpecification","valueRequired":true,"valueName":"search_term_string"}}],"inLanguage":"it-IT"},{"@type":"Organization","@id":"https:\/\/www.robertzueblin.com\/it\/#organization","name":"ROBERT Z\u00dcBLIN","url":"https:\/\/www.robertzueblin.com\/it\/","logo":{"@type":"ImageObject","inLanguage":"it-IT","@id":"https:\/\/www.robertzueblin.com\/it\/#\/schema\/logo\/image\/","url":"https:\/\/www.robertzueblin.com\/wp-content\/uploads\/cropped-cropped-logo-von-robert-zueblin.jpg","contentUrl":"https:\/\/www.robertzueblin.com\/wp-content\/uploads\/cropped-cropped-logo-von-robert-zueblin.jpg","width":440,"height":60,"caption":"ROBERT Z\u00dcBLIN"},"image":{"@id":"https:\/\/www.robertzueblin.com\/it\/#\/schema\/logo\/image\/"}}]}},"_links":{"self":[{"href":"https:\/\/www.robertzueblin.com\/it\/wp-json\/wp\/v2\/product\/49268","targetHints":{"allow":["GET"]}}],"collection":[{"href":"https:\/\/www.robertzueblin.com\/it\/wp-json\/wp\/v2\/product"}],"about":[{"href":"https:\/\/www.robertzueblin.com\/it\/wp-json\/wp\/v2\/types\/product"}],"wp:featuredmedia":[{"embeddable":true,"href":"https:\/\/www.robertzueblin.com\/it\/wp-json\/wp\/v2\/media\/49277"}],"wp:attachment":[{"href":"https:\/\/www.robertzueblin.com\/it\/wp-json\/wp\/v2\/media?parent=49268"}],"wp:term":[{"taxonomy":"product_brand","embeddable":true,"href":"https:\/\/www.robertzueblin.com\/it\/wp-json\/wp\/v2\/product_brand?post=49268"},{"taxonomy":"product_cat","embeddable":true,"href":"https:\/\/www.robertzueblin.com\/it\/wp-json\/wp\/v2\/product_cat?post=49268"},{"taxonomy":"product_tag","embeddable":true,"href":"https:\/\/www.robertzueblin.com\/it\/wp-json\/wp\/v2\/product_tag?post=49268"}],"curies":[{"name":"wp","href":"https:\/\/api.w.org\/{rel}","templated":true}]}}