{"id":48620,"date":"2025-12-12T09:28:53","date_gmt":"2025-12-12T08:28:53","guid":{"rendered":"https:\/\/www.robertzueblin.com\/?post_type=product&#038;p=48620"},"modified":"2025-12-12T09:44:59","modified_gmt":"2025-12-12T08:44:59","slug":"mila-vazquez-otero-1978-renee-sintenis-con-il-suo-asinello-busto-saliera-studio-ceramica","status":"publish","type":"product","link":"https:\/\/www.robertzueblin.com\/it\/mila-vazquez-otero\/renee-sintenis-con-il-suo-asinello-busto-saliera-ceramica-da-studio\/","title":{"rendered":"Mila V\u00c1ZQUEZ OTERO (* 1978) \u2013 Ren\u00e9e Sintenis con il suo \u201cAsinello\u201d \u2013 Busto-saliera \u2013 Studio ceramica"},"content":{"rendered":"<p><span style=\"font-family: AkkoPro-BoldCondensed!important\">Tipo:<\/span> <a href=\"https:\/\/www.robertzueblin.com\/it\/studio-ceramica-ceramica-artistica\/\">studio ceramica<\/a><\/p>\n<p><span style=\"font-family: AkkoPro-BoldCondensed!important\">Disegno:<\/span> <a href=\"https:\/\/www.robertzueblin.com\/it\/mila-vazquez-otero\/\">Mila V\u00e1zquez Otero<\/a> (* 1978)<\/p>\n<p><span style=\"font-family: AkkoPro-BoldCondensed!important\">Esecuzione:<\/span> Mila V\u00e1zquez Otero (* 1978)<\/p>\n<p><span style=\"font-family: AkkoPro-BoldCondensed!important\">Oggetto:<\/span> saliera<\/p>\n<p><span style=\"font-family: AkkoPro-BoldCondensed!important\">Dimensioni:<\/span> altezza: 8,7 cm, larghezza: 9,3 cm, profondit\u00e0: 5,7 cm<\/p>\n<p><span style=\"font-family: AkkoPro-BoldCondensed!important\">Corpo:<\/span> chiara con pirite<\/p>\n<p><span style=\"font-family: AkkoPro-BoldCondensed!important\">Superficie:<\/span> verde, nera, grigia, naturale<\/p>\n<p><span style=\"font-family: AkkoPro-BoldCondensed!important\">Anno di fabbricazione:<\/span> 2024<\/p>\n<p><span style=\"font-family: AkkoPro-BoldCondensed!important\">Firma\/marchio:<\/span> O su M<\/p>\n<p><span style=\"font-family: AkkoPro-BoldCondensed!important\">Dettaglio:<\/span><br \/>\nMila V\u00e1zquez Otero lavora senza stampi e modella ogni pezzo singolarmente, rendendo ogni opera un pezzo unico. <\/p>\n<p>Il concetto alla base di questa statuetta si ispira al disegno di Mila V\u00e1zquez Otero \u201cOmaggio a Ren\u00e9e Sintenis: Ren\u00e9e Sintenis con il suo \u201dGiovane asino&#8221;, disponibile anche su questa pagina.  <\/p>\n<p>Purtroppo, uno dei tre fori della saliera si \u00e8 riempito di smalto durante la cottura.<\/p>\n","protected":false},"excerpt":{"rendered":"<p>Tipo: studio ceramica Disegno: Mila V\u00e1zquez Otero (* 1978) Esecuzione: Mila V\u00e1zquez Otero (* 1978) Oggetto: saliera Dimensioni: altezza: 8,7 cm, larghezza: 9,3 cm, profondit\u00e0: 5,7 cm Corpo: chiara con pirite Superficie: verde, nera, grigia, naturale Anno di fabbricazione: 2024 Firma\/marchio: O su M Dettaglio: Mila V\u00e1zquez Otero lavora senza stampi e modella ogni pezzo [&hellip;]<\/p>\n","protected":false},"featured_media":48629,"template":"","meta":[],"product_brand":[],"product_cat":[367],"product_tag":[],"class_list":{"0":"post-48620","1":"product","2":"type-product","3":"status-publish","4":"has-post-thumbnail","6":"product_cat-mila-vazquez-otero","8":"first","9":"instock","10":"sold-individually","11":"shipping-taxable","12":"purchasable","13":"product-type-simple"},"yoast_head":"<!-- This site is optimized with the Yoast SEO plugin v27.6 - https:\/\/yoast.com\/product\/yoast-seo-wordpress\/ -->\n<title>V\u00c1ZQUEZ OTERO \u2013 Ren\u00e9e Sintenis con suo \u201cAsinello\u201d \u2013 Saliera<\/title>\n<meta name=\"description\" content=\"Figura saliera ispirata al disegno di Mila V\u00e1zquez Otero - Omaggio a Ren\u00e9e Sintenis: Ren\u00e9e Sintenis con il suo giovane asino.\" \/>\n<meta name=\"robots\" content=\"index, follow, max-snippet:-1, max-image-preview:large, max-video-preview:-1\" \/>\n<link rel=\"canonical\" href=\"https:\/\/www.robertzueblin.com\/it\/mila-vazquez-otero\/renee-sintenis-con-il-suo-asinello-busto-saliera-ceramica-da-studio\/\" \/>\n<meta property=\"og:locale\" content=\"it_IT\" \/>\n<meta property=\"og:type\" content=\"article\" \/>\n<meta property=\"og:title\" content=\"V\u00c1ZQUEZ OTERO \u2013 Ren\u00e9e Sintenis con suo \u201cAsinello\u201d \u2013 Saliera\" \/>\n<meta property=\"og:description\" content=\"Figura saliera ispirata al disegno di Mila V\u00e1zquez Otero - Omaggio a Ren\u00e9e Sintenis: Ren\u00e9e Sintenis con il suo giovane asino.\" \/>\n<meta property=\"og:url\" content=\"https:\/\/www.robertzueblin.com\/it\/mila-vazquez-otero\/renee-sintenis-con-il-suo-asinello-busto-saliera-ceramica-da-studio\/\" \/>\n<meta property=\"og:site_name\" content=\"ROBERT Z\u00dcBLIN\" \/>\n<meta property=\"article:modified_time\" content=\"2025-12-12T08:44:59+00:00\" \/>\n<meta property=\"og:image\" content=\"https:\/\/www.robertzueblin.com\/wp-content\/uploads\/mila-vazquez-otero-studio-ceramica-busto-saliera-renee-sintenis-asinello-lato-foto-titolo.jpg\" \/>\n\t<meta property=\"og:image:width\" content=\"1000\" \/>\n\t<meta property=\"og:image:height\" content=\"1000\" \/>\n\t<meta property=\"og:image:type\" content=\"image\/jpeg\" \/>\n<meta name=\"twitter:card\" content=\"summary_large_image\" \/>\n<script type=\"application\/ld+json\" class=\"yoast-schema-graph\">{\"@context\":\"https:\\\/\\\/schema.org\",\"@graph\":[{\"@type\":\"WebPage\",\"@id\":\"https:\\\/\\\/www.robertzueblin.com\\\/it\\\/mila-vazquez-otero\\\/renee-sintenis-con-il-suo-asinello-busto-saliera-ceramica-da-studio\\\/\",\"url\":\"https:\\\/\\\/www.robertzueblin.com\\\/it\\\/mila-vazquez-otero\\\/renee-sintenis-con-il-suo-asinello-busto-saliera-ceramica-da-studio\\\/\",\"name\":\"V\u00c1ZQUEZ OTERO \u2013 Ren\u00e9e Sintenis con suo \u201cAsinello\u201d \u2013 Saliera\",\"isPartOf\":{\"@id\":\"https:\\\/\\\/www.robertzueblin.com\\\/it\\\/#website\"},\"primaryImageOfPage\":{\"@id\":\"https:\\\/\\\/www.robertzueblin.com\\\/it\\\/mila-vazquez-otero\\\/renee-sintenis-con-il-suo-asinello-busto-saliera-ceramica-da-studio\\\/#primaryimage\"},\"image\":{\"@id\":\"https:\\\/\\\/www.robertzueblin.com\\\/it\\\/mila-vazquez-otero\\\/renee-sintenis-con-il-suo-asinello-busto-saliera-ceramica-da-studio\\\/#primaryimage\"},\"thumbnailUrl\":\"https:\\\/\\\/www.robertzueblin.com\\\/wp-content\\\/uploads\\\/mila-vazquez-otero-studio-ceramica-busto-saliera-renee-sintenis-asinello-lato-foto-titolo.jpg\",\"datePublished\":\"2025-12-12T08:28:53+00:00\",\"dateModified\":\"2025-12-12T08:44:59+00:00\",\"description\":\"Figura saliera ispirata al disegno di Mila V\u00e1zquez Otero - Omaggio a Ren\u00e9e Sintenis: Ren\u00e9e Sintenis con il suo giovane asino.\",\"breadcrumb\":{\"@id\":\"https:\\\/\\\/www.robertzueblin.com\\\/it\\\/mila-vazquez-otero\\\/renee-sintenis-con-il-suo-asinello-busto-saliera-ceramica-da-studio\\\/#breadcrumb\"},\"inLanguage\":\"it-IT\",\"potentialAction\":[{\"@type\":\"ReadAction\",\"target\":[\"https:\\\/\\\/www.robertzueblin.com\\\/it\\\/mila-vazquez-otero\\\/renee-sintenis-con-il-suo-asinello-busto-saliera-ceramica-da-studio\\\/\"]}]},{\"@type\":\"ImageObject\",\"inLanguage\":\"it-IT\",\"@id\":\"https:\\\/\\\/www.robertzueblin.com\\\/it\\\/mila-vazquez-otero\\\/renee-sintenis-con-il-suo-asinello-busto-saliera-ceramica-da-studio\\\/#primaryimage\",\"url\":\"https:\\\/\\\/www.robertzueblin.com\\\/wp-content\\\/uploads\\\/mila-vazquez-otero-studio-ceramica-busto-saliera-renee-sintenis-asinello-lato-foto-titolo.jpg\",\"contentUrl\":\"https:\\\/\\\/www.robertzueblin.com\\\/wp-content\\\/uploads\\\/mila-vazquez-otero-studio-ceramica-busto-saliera-renee-sintenis-asinello-lato-foto-titolo.jpg\",\"width\":1000,\"height\":1000},{\"@type\":\"BreadcrumbList\",\"@id\":\"https:\\\/\\\/www.robertzueblin.com\\\/it\\\/mila-vazquez-otero\\\/renee-sintenis-con-il-suo-asinello-busto-saliera-ceramica-da-studio\\\/#breadcrumb\",\"itemListElement\":[{\"@type\":\"ListItem\",\"position\":1,\"name\":\"Startseite\",\"item\":\"https:\\\/\\\/www.robertzueblin.com\\\/it\\\/\"},{\"@type\":\"ListItem\",\"position\":2,\"name\":\"Galleria d&#8217;arte online (Negozio online)\",\"item\":\"https:\\\/\\\/www.robertzueblin.com\\\/it\\\/galleria-d-arte-online\\\/\"},{\"@type\":\"ListItem\",\"position\":3,\"name\":\"Mila V\u00c1ZQUEZ OTERO (* 1978) \u2013 Ren\u00e9e Sintenis con il suo \u201cAsinello\u201d \u2013 Busto-saliera \u2013 Studio ceramica\"}]},{\"@type\":\"WebSite\",\"@id\":\"https:\\\/\\\/www.robertzueblin.com\\\/it\\\/#website\",\"url\":\"https:\\\/\\\/www.robertzueblin.com\\\/it\\\/\",\"name\":\"ROBERT Z\u00dcBLIN\",\"description\":\"\",\"publisher\":{\"@id\":\"https:\\\/\\\/www.robertzueblin.com\\\/it\\\/#organization\"},\"potentialAction\":[{\"@type\":\"SearchAction\",\"target\":{\"@type\":\"EntryPoint\",\"urlTemplate\":\"https:\\\/\\\/www.robertzueblin.com\\\/it\\\/?s={search_term_string}\"},\"query-input\":{\"@type\":\"PropertyValueSpecification\",\"valueRequired\":true,\"valueName\":\"search_term_string\"}}],\"inLanguage\":\"it-IT\"},{\"@type\":\"Organization\",\"@id\":\"https:\\\/\\\/www.robertzueblin.com\\\/it\\\/#organization\",\"name\":\"ROBERT Z\u00dcBLIN\",\"url\":\"https:\\\/\\\/www.robertzueblin.com\\\/it\\\/\",\"logo\":{\"@type\":\"ImageObject\",\"inLanguage\":\"it-IT\",\"@id\":\"https:\\\/\\\/www.robertzueblin.com\\\/it\\\/#\\\/schema\\\/logo\\\/image\\\/\",\"url\":\"https:\\\/\\\/www.robertzueblin.com\\\/wp-content\\\/uploads\\\/cropped-cropped-logo-von-robert-zueblin.jpg\",\"contentUrl\":\"https:\\\/\\\/www.robertzueblin.com\\\/wp-content\\\/uploads\\\/cropped-cropped-logo-von-robert-zueblin.jpg\",\"width\":440,\"height\":60,\"caption\":\"ROBERT Z\u00dcBLIN\"},\"image\":{\"@id\":\"https:\\\/\\\/www.robertzueblin.com\\\/it\\\/#\\\/schema\\\/logo\\\/image\\\/\"}}]}<\/script>\n<!-- \/ Yoast SEO plugin. -->","yoast_head_json":{"title":"V\u00c1ZQUEZ OTERO \u2013 Ren\u00e9e Sintenis con suo \u201cAsinello\u201d \u2013 Saliera","description":"Figura saliera ispirata al disegno di Mila V\u00e1zquez Otero - Omaggio a Ren\u00e9e Sintenis: Ren\u00e9e Sintenis con il suo giovane asino.","robots":{"index":"index","follow":"follow","max-snippet":"max-snippet:-1","max-image-preview":"max-image-preview:large","max-video-preview":"max-video-preview:-1"},"canonical":"https:\/\/www.robertzueblin.com\/it\/mila-vazquez-otero\/renee-sintenis-con-il-suo-asinello-busto-saliera-ceramica-da-studio\/","og_locale":"it_IT","og_type":"article","og_title":"V\u00c1ZQUEZ OTERO \u2013 Ren\u00e9e Sintenis con suo \u201cAsinello\u201d \u2013 Saliera","og_description":"Figura saliera ispirata al disegno di Mila V\u00e1zquez Otero - Omaggio a Ren\u00e9e Sintenis: Ren\u00e9e Sintenis con il suo giovane asino.","og_url":"https:\/\/www.robertzueblin.com\/it\/mila-vazquez-otero\/renee-sintenis-con-il-suo-asinello-busto-saliera-ceramica-da-studio\/","og_site_name":"ROBERT Z\u00dcBLIN","article_modified_time":"2025-12-12T08:44:59+00:00","og_image":[{"width":1000,"height":1000,"url":"https:\/\/www.robertzueblin.com\/wp-content\/uploads\/mila-vazquez-otero-studio-ceramica-busto-saliera-renee-sintenis-asinello-lato-foto-titolo.jpg","type":"image\/jpeg"}],"twitter_card":"summary_large_image","schema":{"@context":"https:\/\/schema.org","@graph":[{"@type":"WebPage","@id":"https:\/\/www.robertzueblin.com\/it\/mila-vazquez-otero\/renee-sintenis-con-il-suo-asinello-busto-saliera-ceramica-da-studio\/","url":"https:\/\/www.robertzueblin.com\/it\/mila-vazquez-otero\/renee-sintenis-con-il-suo-asinello-busto-saliera-ceramica-da-studio\/","name":"V\u00c1ZQUEZ OTERO \u2013 Ren\u00e9e Sintenis con suo \u201cAsinello\u201d \u2013 Saliera","isPartOf":{"@id":"https:\/\/www.robertzueblin.com\/it\/#website"},"primaryImageOfPage":{"@id":"https:\/\/www.robertzueblin.com\/it\/mila-vazquez-otero\/renee-sintenis-con-il-suo-asinello-busto-saliera-ceramica-da-studio\/#primaryimage"},"image":{"@id":"https:\/\/www.robertzueblin.com\/it\/mila-vazquez-otero\/renee-sintenis-con-il-suo-asinello-busto-saliera-ceramica-da-studio\/#primaryimage"},"thumbnailUrl":"https:\/\/www.robertzueblin.com\/wp-content\/uploads\/mila-vazquez-otero-studio-ceramica-busto-saliera-renee-sintenis-asinello-lato-foto-titolo.jpg","datePublished":"2025-12-12T08:28:53+00:00","dateModified":"2025-12-12T08:44:59+00:00","description":"Figura saliera ispirata al disegno di Mila V\u00e1zquez Otero - Omaggio a Ren\u00e9e Sintenis: Ren\u00e9e Sintenis con il suo giovane asino.","breadcrumb":{"@id":"https:\/\/www.robertzueblin.com\/it\/mila-vazquez-otero\/renee-sintenis-con-il-suo-asinello-busto-saliera-ceramica-da-studio\/#breadcrumb"},"inLanguage":"it-IT","potentialAction":[{"@type":"ReadAction","target":["https:\/\/www.robertzueblin.com\/it\/mila-vazquez-otero\/renee-sintenis-con-il-suo-asinello-busto-saliera-ceramica-da-studio\/"]}]},{"@type":"ImageObject","inLanguage":"it-IT","@id":"https:\/\/www.robertzueblin.com\/it\/mila-vazquez-otero\/renee-sintenis-con-il-suo-asinello-busto-saliera-ceramica-da-studio\/#primaryimage","url":"https:\/\/www.robertzueblin.com\/wp-content\/uploads\/mila-vazquez-otero-studio-ceramica-busto-saliera-renee-sintenis-asinello-lato-foto-titolo.jpg","contentUrl":"https:\/\/www.robertzueblin.com\/wp-content\/uploads\/mila-vazquez-otero-studio-ceramica-busto-saliera-renee-sintenis-asinello-lato-foto-titolo.jpg","width":1000,"height":1000},{"@type":"BreadcrumbList","@id":"https:\/\/www.robertzueblin.com\/it\/mila-vazquez-otero\/renee-sintenis-con-il-suo-asinello-busto-saliera-ceramica-da-studio\/#breadcrumb","itemListElement":[{"@type":"ListItem","position":1,"name":"Startseite","item":"https:\/\/www.robertzueblin.com\/it\/"},{"@type":"ListItem","position":2,"name":"Galleria d&#8217;arte online (Negozio online)","item":"https:\/\/www.robertzueblin.com\/it\/galleria-d-arte-online\/"},{"@type":"ListItem","position":3,"name":"Mila V\u00c1ZQUEZ OTERO (* 1978) \u2013 Ren\u00e9e Sintenis con il suo \u201cAsinello\u201d \u2013 Busto-saliera \u2013 Studio ceramica"}]},{"@type":"WebSite","@id":"https:\/\/www.robertzueblin.com\/it\/#website","url":"https:\/\/www.robertzueblin.com\/it\/","name":"ROBERT Z\u00dcBLIN","description":"","publisher":{"@id":"https:\/\/www.robertzueblin.com\/it\/#organization"},"potentialAction":[{"@type":"SearchAction","target":{"@type":"EntryPoint","urlTemplate":"https:\/\/www.robertzueblin.com\/it\/?s={search_term_string}"},"query-input":{"@type":"PropertyValueSpecification","valueRequired":true,"valueName":"search_term_string"}}],"inLanguage":"it-IT"},{"@type":"Organization","@id":"https:\/\/www.robertzueblin.com\/it\/#organization","name":"ROBERT Z\u00dcBLIN","url":"https:\/\/www.robertzueblin.com\/it\/","logo":{"@type":"ImageObject","inLanguage":"it-IT","@id":"https:\/\/www.robertzueblin.com\/it\/#\/schema\/logo\/image\/","url":"https:\/\/www.robertzueblin.com\/wp-content\/uploads\/cropped-cropped-logo-von-robert-zueblin.jpg","contentUrl":"https:\/\/www.robertzueblin.com\/wp-content\/uploads\/cropped-cropped-logo-von-robert-zueblin.jpg","width":440,"height":60,"caption":"ROBERT Z\u00dcBLIN"},"image":{"@id":"https:\/\/www.robertzueblin.com\/it\/#\/schema\/logo\/image\/"}}]}},"_links":{"self":[{"href":"https:\/\/www.robertzueblin.com\/it\/wp-json\/wp\/v2\/product\/48620","targetHints":{"allow":["GET"]}}],"collection":[{"href":"https:\/\/www.robertzueblin.com\/it\/wp-json\/wp\/v2\/product"}],"about":[{"href":"https:\/\/www.robertzueblin.com\/it\/wp-json\/wp\/v2\/types\/product"}],"wp:featuredmedia":[{"embeddable":true,"href":"https:\/\/www.robertzueblin.com\/it\/wp-json\/wp\/v2\/media\/48629"}],"wp:attachment":[{"href":"https:\/\/www.robertzueblin.com\/it\/wp-json\/wp\/v2\/media?parent=48620"}],"wp:term":[{"taxonomy":"product_brand","embeddable":true,"href":"https:\/\/www.robertzueblin.com\/it\/wp-json\/wp\/v2\/product_brand?post=48620"},{"taxonomy":"product_cat","embeddable":true,"href":"https:\/\/www.robertzueblin.com\/it\/wp-json\/wp\/v2\/product_cat?post=48620"},{"taxonomy":"product_tag","embeddable":true,"href":"https:\/\/www.robertzueblin.com\/it\/wp-json\/wp\/v2\/product_tag?post=48620"}],"curies":[{"name":"wp","href":"https:\/\/api.w.org\/{rel}","templated":true}]}}