{"id":45526,"date":"2025-06-28T10:21:46","date_gmt":"2025-06-28T08:21:46","guid":{"rendered":"https:\/\/www.robertzueblin.com\/?post_type=product&#038;p=45526"},"modified":"2025-09-16T11:07:12","modified_gmt":"2025-09-16T09:07:12","slug":"mila-vazquez-otero-1978-burriera-in-ceramica-fatto-a-mano-con-mucca-studio-ceramica","status":"publish","type":"product","link":"https:\/\/www.robertzueblin.com\/it\/mila-vazquez-otero\/burriera-in-ceramica-fatto-a-mano-con-mucca-studio-ceramica\/","title":{"rendered":"Mila V\u00c1ZQUEZ OTERO (* 1978) &#8211; Burriera in ceramica fatto a mano con mucca &#8211; Studio ceramica"},"content":{"rendered":"<p><span style=\"font-family: AkkoPro-BoldCondensed!important\">Tipo:<\/span> <a href=\"https:\/\/www.robertzueblin.com\/it\/studio-ceramica-ceramica-artistica\/\">studio ceramica<\/a><\/p>\n<p><span style=\"font-family: AkkoPro-BoldCondensed!important\">Disegno:<\/span> <a href=\"https:\/\/www.robertzueblin.com\/it\/mila-vazquez-otero\/\">Mila V\u00e1zquez Otero<\/a> (* 1978)<\/p>\n<p><span style=\"font-family: AkkoPro-BoldCondensed!important\">Esecuzione:<\/span> Mila V\u00e1zquez Otero (* 1978)<\/p>\n<p><span style=\"font-family: AkkoPro-BoldCondensed!important\">Oggetto:<\/span> burriera<\/p>\n<p><span style=\"font-family: AkkoPro-BoldCondensed!important\">Dimensioni:<\/span> altezza: 11 cm, larghezza: 16 cm, profondit\u00e0: 9 cm; interno: 5,2 cm, larghezza: 11 cm, profondit\u00e0: 6,5 cm<\/p>\n<p><span style=\"font-family: AkkoPro-BoldCondensed!important\">Corpo:<\/span> chiaro<\/p>\n<p><span style=\"font-family: AkkoPro-BoldCondensed!important\">Superficie:<\/span> verde, bianco, marrone tenmoku, un po&#8217; di blu nel muso della mucca<\/p>\n<p><span style=\"font-family: AkkoPro-BoldCondensed!important\">Anno di fabbricazione:<\/span> 2025<\/p>\n<p><span style=\"font-family: AkkoPro-BoldCondensed!important\">Condizioni:<\/span> prodotto nuovo ma con perdita di materiale sul bordo inferiore del coperchio a causa del processo di produzione<\/p>\n<p><span style=\"font-family: AkkoPro-BoldCondensed!important\">Firma\/marchio:<\/span> O su M<\/p>\n<p><span style=\"font-family: AkkoPro-BoldCondensed!important\">Dettaglio:<\/span><br \/>\nIl manico del coperchio di questo portaburro \u00e8 una mucca con smalto Tenmoku. Il motivo del portaburro si rif\u00e0 allo stile Art Nouveau. Questo portaburro in ceramica a forma di mucca \u00e8 fatto a mano. L&#8217;artista Mila V\u00e1zquez Otero lavora senza stampi e modella ogni pezzo di ceramica individualmente a mano, in modo che ogni pezzo sia unico.<\/p>\n","protected":false},"excerpt":{"rendered":"<p><span style=\"color: #e2401c;\">&#x25cf;<\/span><span> non pi\u00f9 disponibile<\/span><\/p>\n","protected":false},"featured_media":45530,"template":"","meta":[],"product_brand":[],"product_cat":[787,367],"product_tag":[],"class_list":{"0":"post-45526","1":"product","2":"type-product","3":"status-publish","4":"has-post-thumbnail","6":"product_cat-burriera-ceramica","7":"product_cat-mila-vazquez-otero","9":"first","10":"outofstock","11":"sold-individually","12":"shipping-taxable","13":"product-type-simple"},"yoast_head":"<!-- This site is optimized with the Yoast SEO plugin v27.4 - https:\/\/yoast.com\/product\/yoast-seo-wordpress\/ -->\n<title>Mila V\u00c1ZQUEZ OTERO - Burriera ceramica fatto mano con mucca<\/title>\n<meta name=\"description\" content=\"Burriera in ceramica fatta a mano con una mucca sul coperchio della burriera come manico in smalto Tenmoku e un motivo Art Nouveau.\" \/>\n<meta name=\"robots\" content=\"index, follow, max-snippet:-1, max-image-preview:large, max-video-preview:-1\" \/>\n<link rel=\"canonical\" href=\"https:\/\/www.robertzueblin.com\/it\/mila-vazquez-otero\/burriera-in-ceramica-fatto-a-mano-con-mucca-studio-ceramica\/\" \/>\n<meta property=\"og:locale\" content=\"it_IT\" \/>\n<meta property=\"og:type\" content=\"article\" \/>\n<meta property=\"og:title\" content=\"Mila V\u00c1ZQUEZ OTERO - Burriera ceramica fatto mano con mucca\" \/>\n<meta property=\"og:description\" content=\"Burriera in ceramica fatta a mano con una mucca sul coperchio della burriera come manico in smalto Tenmoku e un motivo Art Nouveau.\" \/>\n<meta property=\"og:url\" content=\"https:\/\/www.robertzueblin.com\/it\/mila-vazquez-otero\/burriera-in-ceramica-fatto-a-mano-con-mucca-studio-ceramica\/\" \/>\n<meta property=\"og:site_name\" content=\"ROBERT Z\u00dcBLIN\" \/>\n<meta property=\"article:modified_time\" content=\"2025-09-16T09:07:12+00:00\" \/>\n<meta property=\"og:image\" content=\"https:\/\/www.robertzueblin.com\/wp-content\/uploads\/mila-vazquez-otero-studio-ceramica-burriera-ceramica-fatto-mano-mucca-foto-titulo.jpg\" \/>\n\t<meta property=\"og:image:width\" content=\"1000\" \/>\n\t<meta property=\"og:image:height\" content=\"1000\" \/>\n\t<meta property=\"og:image:type\" content=\"image\/jpeg\" \/>\n<meta name=\"twitter:card\" content=\"summary_large_image\" \/>\n<script type=\"application\/ld+json\" class=\"yoast-schema-graph\">{\"@context\":\"https:\\\/\\\/schema.org\",\"@graph\":[{\"@type\":\"WebPage\",\"@id\":\"https:\\\/\\\/www.robertzueblin.com\\\/it\\\/mila-vazquez-otero\\\/burriera-in-ceramica-fatto-a-mano-con-mucca-studio-ceramica\\\/\",\"url\":\"https:\\\/\\\/www.robertzueblin.com\\\/it\\\/mila-vazquez-otero\\\/burriera-in-ceramica-fatto-a-mano-con-mucca-studio-ceramica\\\/\",\"name\":\"Mila V\u00c1ZQUEZ OTERO - Burriera ceramica fatto mano con mucca\",\"isPartOf\":{\"@id\":\"https:\\\/\\\/www.robertzueblin.com\\\/it\\\/#website\"},\"primaryImageOfPage\":{\"@id\":\"https:\\\/\\\/www.robertzueblin.com\\\/it\\\/mila-vazquez-otero\\\/burriera-in-ceramica-fatto-a-mano-con-mucca-studio-ceramica\\\/#primaryimage\"},\"image\":{\"@id\":\"https:\\\/\\\/www.robertzueblin.com\\\/it\\\/mila-vazquez-otero\\\/burriera-in-ceramica-fatto-a-mano-con-mucca-studio-ceramica\\\/#primaryimage\"},\"thumbnailUrl\":\"https:\\\/\\\/www.robertzueblin.com\\\/wp-content\\\/uploads\\\/mila-vazquez-otero-studio-ceramica-burriera-ceramica-fatto-mano-mucca-foto-titulo.jpg\",\"datePublished\":\"2025-06-28T08:21:46+00:00\",\"dateModified\":\"2025-09-16T09:07:12+00:00\",\"description\":\"Burriera in ceramica fatta a mano con una mucca sul coperchio della burriera come manico in smalto Tenmoku e un motivo Art Nouveau.\",\"breadcrumb\":{\"@id\":\"https:\\\/\\\/www.robertzueblin.com\\\/it\\\/mila-vazquez-otero\\\/burriera-in-ceramica-fatto-a-mano-con-mucca-studio-ceramica\\\/#breadcrumb\"},\"inLanguage\":\"it-IT\",\"potentialAction\":[{\"@type\":\"ReadAction\",\"target\":[\"https:\\\/\\\/www.robertzueblin.com\\\/it\\\/mila-vazquez-otero\\\/burriera-in-ceramica-fatto-a-mano-con-mucca-studio-ceramica\\\/\"]}]},{\"@type\":\"ImageObject\",\"inLanguage\":\"it-IT\",\"@id\":\"https:\\\/\\\/www.robertzueblin.com\\\/it\\\/mila-vazquez-otero\\\/burriera-in-ceramica-fatto-a-mano-con-mucca-studio-ceramica\\\/#primaryimage\",\"url\":\"https:\\\/\\\/www.robertzueblin.com\\\/wp-content\\\/uploads\\\/mila-vazquez-otero-studio-ceramica-burriera-ceramica-fatto-mano-mucca-foto-titulo.jpg\",\"contentUrl\":\"https:\\\/\\\/www.robertzueblin.com\\\/wp-content\\\/uploads\\\/mila-vazquez-otero-studio-ceramica-burriera-ceramica-fatto-mano-mucca-foto-titulo.jpg\",\"width\":1000,\"height\":1000},{\"@type\":\"BreadcrumbList\",\"@id\":\"https:\\\/\\\/www.robertzueblin.com\\\/it\\\/mila-vazquez-otero\\\/burriera-in-ceramica-fatto-a-mano-con-mucca-studio-ceramica\\\/#breadcrumb\",\"itemListElement\":[{\"@type\":\"ListItem\",\"position\":1,\"name\":\"Startseite\",\"item\":\"https:\\\/\\\/www.robertzueblin.com\\\/it\\\/\"},{\"@type\":\"ListItem\",\"position\":2,\"name\":\"Galleria d&#8217;arte online (Negozio online)\",\"item\":\"https:\\\/\\\/www.robertzueblin.com\\\/it\\\/galleria-d-arte-online\\\/\"},{\"@type\":\"ListItem\",\"position\":3,\"name\":\"Mila V\u00c1ZQUEZ OTERO (* 1978) &#8211; Burriera in ceramica fatto a mano con mucca &#8211; Studio ceramica\"}]},{\"@type\":\"WebSite\",\"@id\":\"https:\\\/\\\/www.robertzueblin.com\\\/it\\\/#website\",\"url\":\"https:\\\/\\\/www.robertzueblin.com\\\/it\\\/\",\"name\":\"ROBERT Z\u00dcBLIN\",\"description\":\"\",\"publisher\":{\"@id\":\"https:\\\/\\\/www.robertzueblin.com\\\/it\\\/#organization\"},\"potentialAction\":[{\"@type\":\"SearchAction\",\"target\":{\"@type\":\"EntryPoint\",\"urlTemplate\":\"https:\\\/\\\/www.robertzueblin.com\\\/it\\\/?s={search_term_string}\"},\"query-input\":{\"@type\":\"PropertyValueSpecification\",\"valueRequired\":true,\"valueName\":\"search_term_string\"}}],\"inLanguage\":\"it-IT\"},{\"@type\":\"Organization\",\"@id\":\"https:\\\/\\\/www.robertzueblin.com\\\/it\\\/#organization\",\"name\":\"ROBERT Z\u00dcBLIN\",\"url\":\"https:\\\/\\\/www.robertzueblin.com\\\/it\\\/\",\"logo\":{\"@type\":\"ImageObject\",\"inLanguage\":\"it-IT\",\"@id\":\"https:\\\/\\\/www.robertzueblin.com\\\/it\\\/#\\\/schema\\\/logo\\\/image\\\/\",\"url\":\"https:\\\/\\\/www.robertzueblin.com\\\/wp-content\\\/uploads\\\/cropped-cropped-logo-von-robert-zueblin.jpg\",\"contentUrl\":\"https:\\\/\\\/www.robertzueblin.com\\\/wp-content\\\/uploads\\\/cropped-cropped-logo-von-robert-zueblin.jpg\",\"width\":440,\"height\":60,\"caption\":\"ROBERT Z\u00dcBLIN\"},\"image\":{\"@id\":\"https:\\\/\\\/www.robertzueblin.com\\\/it\\\/#\\\/schema\\\/logo\\\/image\\\/\"}}]}<\/script>\n<!-- \/ Yoast SEO plugin. -->","yoast_head_json":{"title":"Mila V\u00c1ZQUEZ OTERO - Burriera ceramica fatto mano con mucca","description":"Burriera in ceramica fatta a mano con una mucca sul coperchio della burriera come manico in smalto Tenmoku e un motivo Art Nouveau.","robots":{"index":"index","follow":"follow","max-snippet":"max-snippet:-1","max-image-preview":"max-image-preview:large","max-video-preview":"max-video-preview:-1"},"canonical":"https:\/\/www.robertzueblin.com\/it\/mila-vazquez-otero\/burriera-in-ceramica-fatto-a-mano-con-mucca-studio-ceramica\/","og_locale":"it_IT","og_type":"article","og_title":"Mila V\u00c1ZQUEZ OTERO - Burriera ceramica fatto mano con mucca","og_description":"Burriera in ceramica fatta a mano con una mucca sul coperchio della burriera come manico in smalto Tenmoku e un motivo Art Nouveau.","og_url":"https:\/\/www.robertzueblin.com\/it\/mila-vazquez-otero\/burriera-in-ceramica-fatto-a-mano-con-mucca-studio-ceramica\/","og_site_name":"ROBERT Z\u00dcBLIN","article_modified_time":"2025-09-16T09:07:12+00:00","og_image":[{"width":1000,"height":1000,"url":"https:\/\/www.robertzueblin.com\/wp-content\/uploads\/mila-vazquez-otero-studio-ceramica-burriera-ceramica-fatto-mano-mucca-foto-titulo.jpg","type":"image\/jpeg"}],"twitter_card":"summary_large_image","schema":{"@context":"https:\/\/schema.org","@graph":[{"@type":"WebPage","@id":"https:\/\/www.robertzueblin.com\/it\/mila-vazquez-otero\/burriera-in-ceramica-fatto-a-mano-con-mucca-studio-ceramica\/","url":"https:\/\/www.robertzueblin.com\/it\/mila-vazquez-otero\/burriera-in-ceramica-fatto-a-mano-con-mucca-studio-ceramica\/","name":"Mila V\u00c1ZQUEZ OTERO - Burriera ceramica fatto mano con mucca","isPartOf":{"@id":"https:\/\/www.robertzueblin.com\/it\/#website"},"primaryImageOfPage":{"@id":"https:\/\/www.robertzueblin.com\/it\/mila-vazquez-otero\/burriera-in-ceramica-fatto-a-mano-con-mucca-studio-ceramica\/#primaryimage"},"image":{"@id":"https:\/\/www.robertzueblin.com\/it\/mila-vazquez-otero\/burriera-in-ceramica-fatto-a-mano-con-mucca-studio-ceramica\/#primaryimage"},"thumbnailUrl":"https:\/\/www.robertzueblin.com\/wp-content\/uploads\/mila-vazquez-otero-studio-ceramica-burriera-ceramica-fatto-mano-mucca-foto-titulo.jpg","datePublished":"2025-06-28T08:21:46+00:00","dateModified":"2025-09-16T09:07:12+00:00","description":"Burriera in ceramica fatta a mano con una mucca sul coperchio della burriera come manico in smalto Tenmoku e un motivo Art Nouveau.","breadcrumb":{"@id":"https:\/\/www.robertzueblin.com\/it\/mila-vazquez-otero\/burriera-in-ceramica-fatto-a-mano-con-mucca-studio-ceramica\/#breadcrumb"},"inLanguage":"it-IT","potentialAction":[{"@type":"ReadAction","target":["https:\/\/www.robertzueblin.com\/it\/mila-vazquez-otero\/burriera-in-ceramica-fatto-a-mano-con-mucca-studio-ceramica\/"]}]},{"@type":"ImageObject","inLanguage":"it-IT","@id":"https:\/\/www.robertzueblin.com\/it\/mila-vazquez-otero\/burriera-in-ceramica-fatto-a-mano-con-mucca-studio-ceramica\/#primaryimage","url":"https:\/\/www.robertzueblin.com\/wp-content\/uploads\/mila-vazquez-otero-studio-ceramica-burriera-ceramica-fatto-mano-mucca-foto-titulo.jpg","contentUrl":"https:\/\/www.robertzueblin.com\/wp-content\/uploads\/mila-vazquez-otero-studio-ceramica-burriera-ceramica-fatto-mano-mucca-foto-titulo.jpg","width":1000,"height":1000},{"@type":"BreadcrumbList","@id":"https:\/\/www.robertzueblin.com\/it\/mila-vazquez-otero\/burriera-in-ceramica-fatto-a-mano-con-mucca-studio-ceramica\/#breadcrumb","itemListElement":[{"@type":"ListItem","position":1,"name":"Startseite","item":"https:\/\/www.robertzueblin.com\/it\/"},{"@type":"ListItem","position":2,"name":"Galleria d&#8217;arte online (Negozio online)","item":"https:\/\/www.robertzueblin.com\/it\/galleria-d-arte-online\/"},{"@type":"ListItem","position":3,"name":"Mila V\u00c1ZQUEZ OTERO (* 1978) &#8211; Burriera in ceramica fatto a mano con mucca &#8211; Studio ceramica"}]},{"@type":"WebSite","@id":"https:\/\/www.robertzueblin.com\/it\/#website","url":"https:\/\/www.robertzueblin.com\/it\/","name":"ROBERT Z\u00dcBLIN","description":"","publisher":{"@id":"https:\/\/www.robertzueblin.com\/it\/#organization"},"potentialAction":[{"@type":"SearchAction","target":{"@type":"EntryPoint","urlTemplate":"https:\/\/www.robertzueblin.com\/it\/?s={search_term_string}"},"query-input":{"@type":"PropertyValueSpecification","valueRequired":true,"valueName":"search_term_string"}}],"inLanguage":"it-IT"},{"@type":"Organization","@id":"https:\/\/www.robertzueblin.com\/it\/#organization","name":"ROBERT Z\u00dcBLIN","url":"https:\/\/www.robertzueblin.com\/it\/","logo":{"@type":"ImageObject","inLanguage":"it-IT","@id":"https:\/\/www.robertzueblin.com\/it\/#\/schema\/logo\/image\/","url":"https:\/\/www.robertzueblin.com\/wp-content\/uploads\/cropped-cropped-logo-von-robert-zueblin.jpg","contentUrl":"https:\/\/www.robertzueblin.com\/wp-content\/uploads\/cropped-cropped-logo-von-robert-zueblin.jpg","width":440,"height":60,"caption":"ROBERT Z\u00dcBLIN"},"image":{"@id":"https:\/\/www.robertzueblin.com\/it\/#\/schema\/logo\/image\/"}}]}},"_links":{"self":[{"href":"https:\/\/www.robertzueblin.com\/it\/wp-json\/wp\/v2\/product\/45526","targetHints":{"allow":["GET"]}}],"collection":[{"href":"https:\/\/www.robertzueblin.com\/it\/wp-json\/wp\/v2\/product"}],"about":[{"href":"https:\/\/www.robertzueblin.com\/it\/wp-json\/wp\/v2\/types\/product"}],"wp:featuredmedia":[{"embeddable":true,"href":"https:\/\/www.robertzueblin.com\/it\/wp-json\/wp\/v2\/media\/45530"}],"wp:attachment":[{"href":"https:\/\/www.robertzueblin.com\/it\/wp-json\/wp\/v2\/media?parent=45526"}],"wp:term":[{"taxonomy":"product_brand","embeddable":true,"href":"https:\/\/www.robertzueblin.com\/it\/wp-json\/wp\/v2\/product_brand?post=45526"},{"taxonomy":"product_cat","embeddable":true,"href":"https:\/\/www.robertzueblin.com\/it\/wp-json\/wp\/v2\/product_cat?post=45526"},{"taxonomy":"product_tag","embeddable":true,"href":"https:\/\/www.robertzueblin.com\/it\/wp-json\/wp\/v2\/product_tag?post=45526"}],"curies":[{"name":"wp","href":"https:\/\/api.w.org\/{rel}","templated":true}]}}