{"id":42532,"date":"2024-12-27T19:12:16","date_gmt":"2024-12-27T18:50:54","guid":{"rendered":"https:\/\/www.robertzueblin.com\/?post_type=product&#038;p=42532"},"modified":"2025-03-27T11:51:22","modified_gmt":"2025-03-27T10:51:22","slug":"albrecht-hohlt-1928-%e2%80%a0-1960-attribuito-vaso-con-smalto-tipo-lavico-con-aree-rosa-studio-ceramica","status":"publish","type":"product","link":"https:\/\/www.robertzueblin.com\/it\/albrecht-hohlt\/attribuito-vaso-con-smalto-tipo-lavico-con-aree-rosa-studio-ceramica\/","title":{"rendered":"Albrecht HOHLT (* 1928, \u2020 1960) [attribuito] &#8211; Vaso con smalto tipo lavico con aree rosa &#8211; Studio Ceramica"},"content":{"rendered":"<p><span style=\"font-family: AkkoPro-BoldCondensed!important\">Tipo:<\/span> <a href=\"https:\/\/www.robertzueblin.com\/it\/studio-ceramica-ceramica-artistica\/\">studio ceramica<\/a><\/p>\n<p><span style=\"font-family: AkkoPro-BoldCondensed!important\">Disegno:<\/span> <a href=\"https:\/\/www.robertzueblin.com\/it\/albrecht-hohlt\/\">Albrecht Hohlt<\/a> [attribuito]<\/p>\n<p><span style=\"font-family: AkkoPro-BoldCondensed!important\">Esecuzione:<\/span> <a href=\"https:\/\/www.robertzueblin.com\/it\/albrecht-hohlt\/\">Albrecht Hohlt<\/a> [attribuito]<\/p>\n<p><span style=\"font-family: AkkoPro-BoldCondensed!important\">Oggetto:<\/span> Vaso<\/p>\n<p><span style=\"font-family: AkkoPro-BoldCondensed!important\">Dimensioni:<\/span> altezza: 8 cm, larghezza: 11,3 cm<\/p>\n<p><span style=\"font-family: AkkoPro-BoldCondensed!important\">Corpo:<\/span> corpo marrone<\/p>\n<p><span style=\"font-family: AkkoPro-BoldCondensed!important\">Superficie:<\/span> bianco, marrone, rosa<\/p>\n<p><span style=\"font-family: AkkoPro-BoldCondensed!important\">Periodo di produzione:<\/span> tra il 1946 e il 1953<\/p>\n<p><span style=\"font-family: AkkoPro-BoldCondensed!important\">Condizione:<\/span> singole bolle d&#8217;aria probabilmente rotte a causa della produzione<\/p>\n<p><span style=\"font-family: AkkoPro-BoldCondensed!important\">Firma\/marchio:<\/span> vecchio gatto (usato tra il 1946 e il 1953)<\/p>\n<p><span style=\"font-family: AkkoPro-BoldCondensed!important\">Dettagli:<\/span><br \/>\nIl vaso non \u00e8 contrassegnato da una croce o da una stella oltre al marchio del gatto della bottega Hohlt, che Albrecht Hohlt usava spesso per contrassegnare i suoi pezzi al fine di identificarli chiaramente come prodotti da lui, in contrasto con i pezzi realizzati dal padre Otto Hohlt o dal fratello G\u00f6rge Hohlt. <\/p>\n<p>Tuttavia, lo smalto di questo vaso, con le sue delicate zone rosa, ha un carattere cos\u00ec sperimentale che si pu\u00f2 presumere che sia stato realizzato da Albrecht Hohlt. Anche la sensazione al tatto dello smalto, che ha una qualit\u00e0 simile alla plastica, ricorda gli smalti che si possono trovare sui pezzi contrassegnati da Albrecht Hohlt come suoi.<\/p>\n","protected":false},"excerpt":{"rendered":"<p><span style=\"color: #e2401c;\">&#x25cf;<\/span><span> venduto<\/span><\/p>\n","protected":false},"featured_media":42534,"template":"","meta":[],"product_brand":[],"product_cat":[437],"product_tag":[],"class_list":{"0":"post-42532","1":"product","2":"type-product","3":"status-publish","4":"has-post-thumbnail","6":"product_cat-albrecht-hohlt","8":"first","9":"outofstock","10":"sold-individually","11":"shipping-taxable","12":"product-type-simple"},"yoast_head":"<!-- This site is optimized with the Yoast SEO plugin v27.4 - https:\/\/yoast.com\/product\/yoast-seo-wordpress\/ -->\n<title>Albrecht HOHLT - Vaso con smalto tipo lavico con aree rosa<\/title>\n<meta name=\"description\" content=\"Vaso attribuito al ceramista Albrecht Hohlt con smalto lavico, in parte con delicate zone rosa; firmato con il vecchio gatto.\" \/>\n<meta name=\"robots\" content=\"index, follow, max-snippet:-1, max-image-preview:large, max-video-preview:-1\" \/>\n<link rel=\"canonical\" href=\"https:\/\/www.robertzueblin.com\/it\/albrecht-hohlt\/attribuito-vaso-con-smalto-tipo-lavico-con-aree-rosa-studio-ceramica\/\" \/>\n<meta property=\"og:locale\" content=\"it_IT\" \/>\n<meta property=\"og:type\" content=\"article\" \/>\n<meta property=\"og:title\" content=\"Albrecht HOHLT - Vaso con smalto tipo lavico con aree rosa\" \/>\n<meta property=\"og:description\" content=\"Vaso attribuito al ceramista Albrecht Hohlt con smalto lavico, in parte con delicate zone rosa; firmato con il vecchio gatto.\" \/>\n<meta property=\"og:url\" content=\"https:\/\/www.robertzueblin.com\/it\/albrecht-hohlt\/attribuito-vaso-con-smalto-tipo-lavico-con-aree-rosa-studio-ceramica\/\" \/>\n<meta property=\"og:site_name\" content=\"ROBERT Z\u00dcBLIN\" \/>\n<meta property=\"article:modified_time\" content=\"2025-03-27T10:51:22+00:00\" \/>\n<meta property=\"og:image\" content=\"https:\/\/www.robertzueblin.com\/wp-content\/uploads\/albrecht-hohlt-studio-ceramica-vaso-smalto-tipo-lavico-aree-rosa-foto-titolo.jpg\" \/>\n\t<meta property=\"og:image:width\" content=\"1000\" \/>\n\t<meta property=\"og:image:height\" content=\"1000\" \/>\n\t<meta property=\"og:image:type\" content=\"image\/jpeg\" \/>\n<meta name=\"twitter:card\" content=\"summary_large_image\" \/>\n<script type=\"application\/ld+json\" class=\"yoast-schema-graph\">{\"@context\":\"https:\\\/\\\/schema.org\",\"@graph\":[{\"@type\":\"WebPage\",\"@id\":\"https:\\\/\\\/www.robertzueblin.com\\\/it\\\/albrecht-hohlt\\\/attribuito-vaso-con-smalto-tipo-lavico-con-aree-rosa-studio-ceramica\\\/\",\"url\":\"https:\\\/\\\/www.robertzueblin.com\\\/it\\\/albrecht-hohlt\\\/attribuito-vaso-con-smalto-tipo-lavico-con-aree-rosa-studio-ceramica\\\/\",\"name\":\"Albrecht HOHLT - Vaso con smalto tipo lavico con aree rosa\",\"isPartOf\":{\"@id\":\"https:\\\/\\\/www.robertzueblin.com\\\/it\\\/#website\"},\"primaryImageOfPage\":{\"@id\":\"https:\\\/\\\/www.robertzueblin.com\\\/it\\\/albrecht-hohlt\\\/attribuito-vaso-con-smalto-tipo-lavico-con-aree-rosa-studio-ceramica\\\/#primaryimage\"},\"image\":{\"@id\":\"https:\\\/\\\/www.robertzueblin.com\\\/it\\\/albrecht-hohlt\\\/attribuito-vaso-con-smalto-tipo-lavico-con-aree-rosa-studio-ceramica\\\/#primaryimage\"},\"thumbnailUrl\":\"https:\\\/\\\/www.robertzueblin.com\\\/wp-content\\\/uploads\\\/albrecht-hohlt-studio-ceramica-vaso-smalto-tipo-lavico-aree-rosa-foto-titolo.jpg\",\"datePublished\":\"2024-12-27T18:50:54+00:00\",\"dateModified\":\"2025-03-27T10:51:22+00:00\",\"description\":\"Vaso attribuito al ceramista Albrecht Hohlt con smalto lavico, in parte con delicate zone rosa; firmato con il vecchio gatto.\",\"breadcrumb\":{\"@id\":\"https:\\\/\\\/www.robertzueblin.com\\\/it\\\/albrecht-hohlt\\\/attribuito-vaso-con-smalto-tipo-lavico-con-aree-rosa-studio-ceramica\\\/#breadcrumb\"},\"inLanguage\":\"it-IT\",\"potentialAction\":[{\"@type\":\"ReadAction\",\"target\":[\"https:\\\/\\\/www.robertzueblin.com\\\/it\\\/albrecht-hohlt\\\/attribuito-vaso-con-smalto-tipo-lavico-con-aree-rosa-studio-ceramica\\\/\"]}]},{\"@type\":\"ImageObject\",\"inLanguage\":\"it-IT\",\"@id\":\"https:\\\/\\\/www.robertzueblin.com\\\/it\\\/albrecht-hohlt\\\/attribuito-vaso-con-smalto-tipo-lavico-con-aree-rosa-studio-ceramica\\\/#primaryimage\",\"url\":\"https:\\\/\\\/www.robertzueblin.com\\\/wp-content\\\/uploads\\\/albrecht-hohlt-studio-ceramica-vaso-smalto-tipo-lavico-aree-rosa-foto-titolo.jpg\",\"contentUrl\":\"https:\\\/\\\/www.robertzueblin.com\\\/wp-content\\\/uploads\\\/albrecht-hohlt-studio-ceramica-vaso-smalto-tipo-lavico-aree-rosa-foto-titolo.jpg\",\"width\":1000,\"height\":1000},{\"@type\":\"BreadcrumbList\",\"@id\":\"https:\\\/\\\/www.robertzueblin.com\\\/it\\\/albrecht-hohlt\\\/attribuito-vaso-con-smalto-tipo-lavico-con-aree-rosa-studio-ceramica\\\/#breadcrumb\",\"itemListElement\":[{\"@type\":\"ListItem\",\"position\":1,\"name\":\"Startseite\",\"item\":\"https:\\\/\\\/www.robertzueblin.com\\\/it\\\/\"},{\"@type\":\"ListItem\",\"position\":2,\"name\":\"Galleria d&#8217;arte online (Negozio online)\",\"item\":\"https:\\\/\\\/www.robertzueblin.com\\\/it\\\/galleria-d-arte-online\\\/\"},{\"@type\":\"ListItem\",\"position\":3,\"name\":\"Albrecht HOHLT (* 1928, \u2020 1960) [attribuito] &#8211; Vaso con smalto tipo lavico con aree rosa &#8211; Studio Ceramica\"}]},{\"@type\":\"WebSite\",\"@id\":\"https:\\\/\\\/www.robertzueblin.com\\\/it\\\/#website\",\"url\":\"https:\\\/\\\/www.robertzueblin.com\\\/it\\\/\",\"name\":\"ROBERT Z\u00dcBLIN\",\"description\":\"\",\"publisher\":{\"@id\":\"https:\\\/\\\/www.robertzueblin.com\\\/it\\\/#organization\"},\"potentialAction\":[{\"@type\":\"SearchAction\",\"target\":{\"@type\":\"EntryPoint\",\"urlTemplate\":\"https:\\\/\\\/www.robertzueblin.com\\\/it\\\/?s={search_term_string}\"},\"query-input\":{\"@type\":\"PropertyValueSpecification\",\"valueRequired\":true,\"valueName\":\"search_term_string\"}}],\"inLanguage\":\"it-IT\"},{\"@type\":\"Organization\",\"@id\":\"https:\\\/\\\/www.robertzueblin.com\\\/it\\\/#organization\",\"name\":\"ROBERT Z\u00dcBLIN\",\"url\":\"https:\\\/\\\/www.robertzueblin.com\\\/it\\\/\",\"logo\":{\"@type\":\"ImageObject\",\"inLanguage\":\"it-IT\",\"@id\":\"https:\\\/\\\/www.robertzueblin.com\\\/it\\\/#\\\/schema\\\/logo\\\/image\\\/\",\"url\":\"https:\\\/\\\/www.robertzueblin.com\\\/wp-content\\\/uploads\\\/cropped-cropped-logo-von-robert-zueblin.jpg\",\"contentUrl\":\"https:\\\/\\\/www.robertzueblin.com\\\/wp-content\\\/uploads\\\/cropped-cropped-logo-von-robert-zueblin.jpg\",\"width\":440,\"height\":60,\"caption\":\"ROBERT Z\u00dcBLIN\"},\"image\":{\"@id\":\"https:\\\/\\\/www.robertzueblin.com\\\/it\\\/#\\\/schema\\\/logo\\\/image\\\/\"}}]}<\/script>\n<!-- \/ Yoast SEO plugin. -->","yoast_head_json":{"title":"Albrecht HOHLT - Vaso con smalto tipo lavico con aree rosa","description":"Vaso attribuito al ceramista Albrecht Hohlt con smalto lavico, in parte con delicate zone rosa; firmato con il vecchio gatto.","robots":{"index":"index","follow":"follow","max-snippet":"max-snippet:-1","max-image-preview":"max-image-preview:large","max-video-preview":"max-video-preview:-1"},"canonical":"https:\/\/www.robertzueblin.com\/it\/albrecht-hohlt\/attribuito-vaso-con-smalto-tipo-lavico-con-aree-rosa-studio-ceramica\/","og_locale":"it_IT","og_type":"article","og_title":"Albrecht HOHLT - Vaso con smalto tipo lavico con aree rosa","og_description":"Vaso attribuito al ceramista Albrecht Hohlt con smalto lavico, in parte con delicate zone rosa; firmato con il vecchio gatto.","og_url":"https:\/\/www.robertzueblin.com\/it\/albrecht-hohlt\/attribuito-vaso-con-smalto-tipo-lavico-con-aree-rosa-studio-ceramica\/","og_site_name":"ROBERT Z\u00dcBLIN","article_modified_time":"2025-03-27T10:51:22+00:00","og_image":[{"width":1000,"height":1000,"url":"https:\/\/www.robertzueblin.com\/wp-content\/uploads\/albrecht-hohlt-studio-ceramica-vaso-smalto-tipo-lavico-aree-rosa-foto-titolo.jpg","type":"image\/jpeg"}],"twitter_card":"summary_large_image","schema":{"@context":"https:\/\/schema.org","@graph":[{"@type":"WebPage","@id":"https:\/\/www.robertzueblin.com\/it\/albrecht-hohlt\/attribuito-vaso-con-smalto-tipo-lavico-con-aree-rosa-studio-ceramica\/","url":"https:\/\/www.robertzueblin.com\/it\/albrecht-hohlt\/attribuito-vaso-con-smalto-tipo-lavico-con-aree-rosa-studio-ceramica\/","name":"Albrecht HOHLT - Vaso con smalto tipo lavico con aree rosa","isPartOf":{"@id":"https:\/\/www.robertzueblin.com\/it\/#website"},"primaryImageOfPage":{"@id":"https:\/\/www.robertzueblin.com\/it\/albrecht-hohlt\/attribuito-vaso-con-smalto-tipo-lavico-con-aree-rosa-studio-ceramica\/#primaryimage"},"image":{"@id":"https:\/\/www.robertzueblin.com\/it\/albrecht-hohlt\/attribuito-vaso-con-smalto-tipo-lavico-con-aree-rosa-studio-ceramica\/#primaryimage"},"thumbnailUrl":"https:\/\/www.robertzueblin.com\/wp-content\/uploads\/albrecht-hohlt-studio-ceramica-vaso-smalto-tipo-lavico-aree-rosa-foto-titolo.jpg","datePublished":"2024-12-27T18:50:54+00:00","dateModified":"2025-03-27T10:51:22+00:00","description":"Vaso attribuito al ceramista Albrecht Hohlt con smalto lavico, in parte con delicate zone rosa; firmato con il vecchio gatto.","breadcrumb":{"@id":"https:\/\/www.robertzueblin.com\/it\/albrecht-hohlt\/attribuito-vaso-con-smalto-tipo-lavico-con-aree-rosa-studio-ceramica\/#breadcrumb"},"inLanguage":"it-IT","potentialAction":[{"@type":"ReadAction","target":["https:\/\/www.robertzueblin.com\/it\/albrecht-hohlt\/attribuito-vaso-con-smalto-tipo-lavico-con-aree-rosa-studio-ceramica\/"]}]},{"@type":"ImageObject","inLanguage":"it-IT","@id":"https:\/\/www.robertzueblin.com\/it\/albrecht-hohlt\/attribuito-vaso-con-smalto-tipo-lavico-con-aree-rosa-studio-ceramica\/#primaryimage","url":"https:\/\/www.robertzueblin.com\/wp-content\/uploads\/albrecht-hohlt-studio-ceramica-vaso-smalto-tipo-lavico-aree-rosa-foto-titolo.jpg","contentUrl":"https:\/\/www.robertzueblin.com\/wp-content\/uploads\/albrecht-hohlt-studio-ceramica-vaso-smalto-tipo-lavico-aree-rosa-foto-titolo.jpg","width":1000,"height":1000},{"@type":"BreadcrumbList","@id":"https:\/\/www.robertzueblin.com\/it\/albrecht-hohlt\/attribuito-vaso-con-smalto-tipo-lavico-con-aree-rosa-studio-ceramica\/#breadcrumb","itemListElement":[{"@type":"ListItem","position":1,"name":"Startseite","item":"https:\/\/www.robertzueblin.com\/it\/"},{"@type":"ListItem","position":2,"name":"Galleria d&#8217;arte online (Negozio online)","item":"https:\/\/www.robertzueblin.com\/it\/galleria-d-arte-online\/"},{"@type":"ListItem","position":3,"name":"Albrecht HOHLT (* 1928, \u2020 1960) [attribuito] &#8211; Vaso con smalto tipo lavico con aree rosa &#8211; Studio Ceramica"}]},{"@type":"WebSite","@id":"https:\/\/www.robertzueblin.com\/it\/#website","url":"https:\/\/www.robertzueblin.com\/it\/","name":"ROBERT Z\u00dcBLIN","description":"","publisher":{"@id":"https:\/\/www.robertzueblin.com\/it\/#organization"},"potentialAction":[{"@type":"SearchAction","target":{"@type":"EntryPoint","urlTemplate":"https:\/\/www.robertzueblin.com\/it\/?s={search_term_string}"},"query-input":{"@type":"PropertyValueSpecification","valueRequired":true,"valueName":"search_term_string"}}],"inLanguage":"it-IT"},{"@type":"Organization","@id":"https:\/\/www.robertzueblin.com\/it\/#organization","name":"ROBERT Z\u00dcBLIN","url":"https:\/\/www.robertzueblin.com\/it\/","logo":{"@type":"ImageObject","inLanguage":"it-IT","@id":"https:\/\/www.robertzueblin.com\/it\/#\/schema\/logo\/image\/","url":"https:\/\/www.robertzueblin.com\/wp-content\/uploads\/cropped-cropped-logo-von-robert-zueblin.jpg","contentUrl":"https:\/\/www.robertzueblin.com\/wp-content\/uploads\/cropped-cropped-logo-von-robert-zueblin.jpg","width":440,"height":60,"caption":"ROBERT Z\u00dcBLIN"},"image":{"@id":"https:\/\/www.robertzueblin.com\/it\/#\/schema\/logo\/image\/"}}]}},"_links":{"self":[{"href":"https:\/\/www.robertzueblin.com\/it\/wp-json\/wp\/v2\/product\/42532","targetHints":{"allow":["GET"]}}],"collection":[{"href":"https:\/\/www.robertzueblin.com\/it\/wp-json\/wp\/v2\/product"}],"about":[{"href":"https:\/\/www.robertzueblin.com\/it\/wp-json\/wp\/v2\/types\/product"}],"wp:featuredmedia":[{"embeddable":true,"href":"https:\/\/www.robertzueblin.com\/it\/wp-json\/wp\/v2\/media\/42534"}],"wp:attachment":[{"href":"https:\/\/www.robertzueblin.com\/it\/wp-json\/wp\/v2\/media?parent=42532"}],"wp:term":[{"taxonomy":"product_brand","embeddable":true,"href":"https:\/\/www.robertzueblin.com\/it\/wp-json\/wp\/v2\/product_brand?post=42532"},{"taxonomy":"product_cat","embeddable":true,"href":"https:\/\/www.robertzueblin.com\/it\/wp-json\/wp\/v2\/product_cat?post=42532"},{"taxonomy":"product_tag","embeddable":true,"href":"https:\/\/www.robertzueblin.com\/it\/wp-json\/wp\/v2\/product_tag?post=42532"}],"curies":[{"name":"wp","href":"https:\/\/api.w.org\/{rel}","templated":true}]}}