{"id":4195,"date":"2021-10-09T09:52:19","date_gmt":"2022-01-10T09:49:24","guid":{"rendered":"https:\/\/www.robertzueblin.com\/?post_type=product&#038;p=4195"},"modified":"2023-01-11T11:46:10","modified_gmt":"2023-01-11T10:46:10","slug":"richard-bampi-1896-%e2%80%a0-1965-cestino-in-stile-wabi-sabi","status":"publish","type":"product","link":"https:\/\/www.robertzueblin.com\/it\/richard-bampi\/cestino-in-stile-wabi-sabi\/","title":{"rendered":"Richard BAMPI (* 1896, \u2020 1965) &#8211; Cestino in stile Wabi-Sabi &#8211; studio ceramica"},"content":{"rendered":"<p><span style=\"font-family: AkkoPro-BoldCondensed!important\">Tipo:<\/span> <a href=\"https:\/\/www.robertzueblin.com\/it\/studio-ceramica-ceramica-artistica\/\">studio ceramica<\/a><\/p>\n<p><span style=\"font-family: AkkoPro-BoldCondensed!important\">Disegno:<\/span> Richard Bampi (* 1896, \u2020 1965)<\/p>\n<p><span style=\"font-family: AkkoPro-BoldCondensed!important\">Esecuzione:<\/span> Manifattura di maiolica Richard Bampi, Kandern<\/p>\n<p><span style=\"font-family: AkkoPro-BoldCondensed!important\">Oggetto:<\/span> cestino<\/p>\n<p><span style=\"font-family: AkkoPro-BoldCondensed!important\">Dimensioni:<\/span> altezza senza manico: 7 cm, altezza con manico: 15,5 cm, larghezza senza manico: 15,5 cm, larghezza con manico: 16,5 cm<\/p>\n<p><span style=\"font-family: AkkoPro-BoldCondensed!important\">Corpo:<\/span> corpo marrone chiaro<\/p>\n<p><span style=\"font-family: AkkoPro-BoldCondensed!important\">Superficie:<\/span> smalto marrone e bianco-marrone, in parte con parti blu; smalto all&#8217;interno della ciotola con smalto crackle<\/p>\n<p><span style=\"font-family: AkkoPro-BoldCondensed!important\">Periodo di produzione:<\/span> 1941 &#8211; 1952 circa<\/p>\n<p><span style=\"font-family: AkkoPro-BoldCondensed!important\">Condizione:<\/span> parti mancanti sulla finitura del manico, cos\u00ec come sulla parte del manico dove passa attraverso i fori della ciotola<\/p>\n<p><span style=\"font-family: AkkoPro-BoldCondensed!important\">Firma\/marchio:<\/span> timbro RB<\/p>\n<p><span style=\"font-family: AkkoPro-BoldCondensed!important\">Dettagli:<\/span><br \/>\nLa parte ceramica del cestino \u00e8 tornita nella manifattura di maiolica Richard Bampi a Kandern. La ciotola \u00e8 timbrata con il timbro RB, che fu usato dal 1941 al 1952 circa [1]. A partire dal 1941, Richard Bampi lavor\u00f2 in parte con il pittore Julius Bissier, che introdusse Richard Bampi al buddismo Zen [2]. La ciotola con manico corrisponde qui all&#8217;estetica del buddismo Zen, il wabi-sabi, secondo cui la bellezza risiede, tra l&#8217;altro, nella semplicit\u00e0 e nella casualit\u00e0 [3]. La forma e i colori della ciotola sono semplici, lo smalto scorre in modo casuale all&#8217;interno e all&#8217;esterno della ciotola. Tuttavia, la ciotola non pu\u00f2 essere ricondotta a un disegno di Bissier.<\/p>\n<p><em>Note a pi\u00e8 di pagina:<\/em><\/p>\n<p>1. Verein f\u00fcr keramische Kunst e.V., Keramion &#8211; Museum f\u00fcr zeitgen\u00f6ssische keramische Kunst (ed.): Kunst im Keramion, 19, Richard Bampi, Frechen 1981, p. 142.<br \/>\n2. Verein f\u00fcr keramische Kunst e.V., Keramion &#8211; Museum f\u00fcr zeitgen\u00f6ssische keramische Kunst (ed.): Kunst im Keramion, 19, Richard Bampi, Frechen 1981, p. 48.<br \/>\n3. del Museum f\u00fcr V\u00f6lkerkunde Leipzig. Introducci\u00f3n y explicaciones de Karla Bilang: Japanische Keramik, Leipzig 1978, p. XI.<\/p>\n","protected":false},"excerpt":{"rendered":"<p><span style=\"color: #e2401c\">&#x25cf;<\/span><span> venduto<\/span><\/p>\n","protected":false},"featured_media":3706,"template":"","meta":[],"product_brand":[],"product_cat":[249],"product_tag":[],"class_list":{"0":"post-4195","1":"product","2":"type-product","3":"status-publish","4":"has-post-thumbnail","6":"product_cat-richard-bampi","8":"first","9":"outofstock","10":"shipping-taxable","11":"product-type-simple"},"yoast_head":"<!-- This site is optimized with the Yoast SEO plugin v27.4 - https:\/\/yoast.com\/product\/yoast-seo-wordpress\/ -->\n<title>Richard BAMPI (* 1896, \u2020 1965) - Cestino in stile Wabi-Sabi<\/title>\n<meta name=\"description\" content=\"Ciotola con manico in studio ceramica in stile wabi-sabi del ceramista Richard Bampi con esecuzione nella manifattura di maioliche Richard Bampi.\" \/>\n<meta name=\"robots\" content=\"index, follow, max-snippet:-1, max-image-preview:large, max-video-preview:-1\" \/>\n<link rel=\"canonical\" href=\"https:\/\/www.robertzueblin.com\/it\/richard-bampi\/cestino-in-stile-wabi-sabi\/\" \/>\n<meta property=\"og:locale\" content=\"it_IT\" \/>\n<meta property=\"og:type\" content=\"article\" \/>\n<meta property=\"og:title\" content=\"Richard BAMPI (* 1896, \u2020 1965) - Cestino in stile Wabi-Sabi\" \/>\n<meta property=\"og:description\" content=\"Ciotola con manico in studio ceramica in stile wabi-sabi del ceramista Richard Bampi con esecuzione nella manifattura di maioliche Richard Bampi.\" \/>\n<meta property=\"og:url\" content=\"https:\/\/www.robertzueblin.com\/it\/richard-bampi\/cestino-in-stile-wabi-sabi\/\" \/>\n<meta property=\"og:site_name\" content=\"ROBERT Z\u00dcBLIN\" \/>\n<meta property=\"article:modified_time\" content=\"2023-01-11T10:46:10+00:00\" \/>\n<meta property=\"og:image\" content=\"https:\/\/www.robertzueblin.com\/wp-content\/uploads\/richard-bampi-cestino-studio-ceramica-stile-wabi-sabi-foto-titolo.jpg\" \/>\n\t<meta property=\"og:image:width\" content=\"1000\" \/>\n\t<meta property=\"og:image:height\" content=\"1000\" \/>\n\t<meta property=\"og:image:type\" content=\"image\/jpeg\" \/>\n<meta name=\"twitter:card\" content=\"summary_large_image\" \/>\n<script type=\"application\/ld+json\" class=\"yoast-schema-graph\">{\"@context\":\"https:\\\/\\\/schema.org\",\"@graph\":[{\"@type\":\"WebPage\",\"@id\":\"https:\\\/\\\/www.robertzueblin.com\\\/it\\\/richard-bampi\\\/cestino-in-stile-wabi-sabi\\\/\",\"url\":\"https:\\\/\\\/www.robertzueblin.com\\\/it\\\/richard-bampi\\\/cestino-in-stile-wabi-sabi\\\/\",\"name\":\"Richard BAMPI (* 1896, \u2020 1965) - Cestino in stile Wabi-Sabi\",\"isPartOf\":{\"@id\":\"https:\\\/\\\/www.robertzueblin.com\\\/it\\\/#website\"},\"primaryImageOfPage\":{\"@id\":\"https:\\\/\\\/www.robertzueblin.com\\\/it\\\/richard-bampi\\\/cestino-in-stile-wabi-sabi\\\/#primaryimage\"},\"image\":{\"@id\":\"https:\\\/\\\/www.robertzueblin.com\\\/it\\\/richard-bampi\\\/cestino-in-stile-wabi-sabi\\\/#primaryimage\"},\"thumbnailUrl\":\"https:\\\/\\\/www.robertzueblin.com\\\/wp-content\\\/uploads\\\/richard-bampi-cestino-studio-ceramica-stile-wabi-sabi-foto-titolo.jpg\",\"datePublished\":\"2022-01-10T09:49:24+00:00\",\"dateModified\":\"2023-01-11T10:46:10+00:00\",\"description\":\"Ciotola con manico in studio ceramica in stile wabi-sabi del ceramista Richard Bampi con esecuzione nella manifattura di maioliche Richard Bampi.\",\"breadcrumb\":{\"@id\":\"https:\\\/\\\/www.robertzueblin.com\\\/it\\\/richard-bampi\\\/cestino-in-stile-wabi-sabi\\\/#breadcrumb\"},\"inLanguage\":\"it-IT\",\"potentialAction\":[{\"@type\":\"ReadAction\",\"target\":[\"https:\\\/\\\/www.robertzueblin.com\\\/it\\\/richard-bampi\\\/cestino-in-stile-wabi-sabi\\\/\"]}]},{\"@type\":\"ImageObject\",\"inLanguage\":\"it-IT\",\"@id\":\"https:\\\/\\\/www.robertzueblin.com\\\/it\\\/richard-bampi\\\/cestino-in-stile-wabi-sabi\\\/#primaryimage\",\"url\":\"https:\\\/\\\/www.robertzueblin.com\\\/wp-content\\\/uploads\\\/richard-bampi-cestino-studio-ceramica-stile-wabi-sabi-foto-titolo.jpg\",\"contentUrl\":\"https:\\\/\\\/www.robertzueblin.com\\\/wp-content\\\/uploads\\\/richard-bampi-cestino-studio-ceramica-stile-wabi-sabi-foto-titolo.jpg\",\"width\":1000,\"height\":1000},{\"@type\":\"BreadcrumbList\",\"@id\":\"https:\\\/\\\/www.robertzueblin.com\\\/it\\\/richard-bampi\\\/cestino-in-stile-wabi-sabi\\\/#breadcrumb\",\"itemListElement\":[{\"@type\":\"ListItem\",\"position\":1,\"name\":\"Startseite\",\"item\":\"https:\\\/\\\/www.robertzueblin.com\\\/it\\\/\"},{\"@type\":\"ListItem\",\"position\":2,\"name\":\"Galleria d&#8217;arte online (Negozio online)\",\"item\":\"https:\\\/\\\/www.robertzueblin.com\\\/it\\\/galleria-d-arte-online\\\/\"},{\"@type\":\"ListItem\",\"position\":3,\"name\":\"Richard BAMPI (* 1896, \u2020 1965) &#8211; Cestino in stile Wabi-Sabi &#8211; studio ceramica\"}]},{\"@type\":\"WebSite\",\"@id\":\"https:\\\/\\\/www.robertzueblin.com\\\/it\\\/#website\",\"url\":\"https:\\\/\\\/www.robertzueblin.com\\\/it\\\/\",\"name\":\"ROBERT Z\u00dcBLIN\",\"description\":\"\",\"publisher\":{\"@id\":\"https:\\\/\\\/www.robertzueblin.com\\\/it\\\/#organization\"},\"potentialAction\":[{\"@type\":\"SearchAction\",\"target\":{\"@type\":\"EntryPoint\",\"urlTemplate\":\"https:\\\/\\\/www.robertzueblin.com\\\/it\\\/?s={search_term_string}\"},\"query-input\":{\"@type\":\"PropertyValueSpecification\",\"valueRequired\":true,\"valueName\":\"search_term_string\"}}],\"inLanguage\":\"it-IT\"},{\"@type\":\"Organization\",\"@id\":\"https:\\\/\\\/www.robertzueblin.com\\\/it\\\/#organization\",\"name\":\"ROBERT Z\u00dcBLIN\",\"url\":\"https:\\\/\\\/www.robertzueblin.com\\\/it\\\/\",\"logo\":{\"@type\":\"ImageObject\",\"inLanguage\":\"it-IT\",\"@id\":\"https:\\\/\\\/www.robertzueblin.com\\\/it\\\/#\\\/schema\\\/logo\\\/image\\\/\",\"url\":\"https:\\\/\\\/www.robertzueblin.com\\\/wp-content\\\/uploads\\\/cropped-cropped-logo-von-robert-zueblin.jpg\",\"contentUrl\":\"https:\\\/\\\/www.robertzueblin.com\\\/wp-content\\\/uploads\\\/cropped-cropped-logo-von-robert-zueblin.jpg\",\"width\":440,\"height\":60,\"caption\":\"ROBERT Z\u00dcBLIN\"},\"image\":{\"@id\":\"https:\\\/\\\/www.robertzueblin.com\\\/it\\\/#\\\/schema\\\/logo\\\/image\\\/\"}}]}<\/script>\n<!-- \/ Yoast SEO plugin. -->","yoast_head_json":{"title":"Richard BAMPI (* 1896, \u2020 1965) - Cestino in stile Wabi-Sabi","description":"Ciotola con manico in studio ceramica in stile wabi-sabi del ceramista Richard Bampi con esecuzione nella manifattura di maioliche Richard Bampi.","robots":{"index":"index","follow":"follow","max-snippet":"max-snippet:-1","max-image-preview":"max-image-preview:large","max-video-preview":"max-video-preview:-1"},"canonical":"https:\/\/www.robertzueblin.com\/it\/richard-bampi\/cestino-in-stile-wabi-sabi\/","og_locale":"it_IT","og_type":"article","og_title":"Richard BAMPI (* 1896, \u2020 1965) - Cestino in stile Wabi-Sabi","og_description":"Ciotola con manico in studio ceramica in stile wabi-sabi del ceramista Richard Bampi con esecuzione nella manifattura di maioliche Richard Bampi.","og_url":"https:\/\/www.robertzueblin.com\/it\/richard-bampi\/cestino-in-stile-wabi-sabi\/","og_site_name":"ROBERT Z\u00dcBLIN","article_modified_time":"2023-01-11T10:46:10+00:00","og_image":[{"width":1000,"height":1000,"url":"https:\/\/www.robertzueblin.com\/wp-content\/uploads\/richard-bampi-cestino-studio-ceramica-stile-wabi-sabi-foto-titolo.jpg","type":"image\/jpeg"}],"twitter_card":"summary_large_image","schema":{"@context":"https:\/\/schema.org","@graph":[{"@type":"WebPage","@id":"https:\/\/www.robertzueblin.com\/it\/richard-bampi\/cestino-in-stile-wabi-sabi\/","url":"https:\/\/www.robertzueblin.com\/it\/richard-bampi\/cestino-in-stile-wabi-sabi\/","name":"Richard BAMPI (* 1896, \u2020 1965) - Cestino in stile Wabi-Sabi","isPartOf":{"@id":"https:\/\/www.robertzueblin.com\/it\/#website"},"primaryImageOfPage":{"@id":"https:\/\/www.robertzueblin.com\/it\/richard-bampi\/cestino-in-stile-wabi-sabi\/#primaryimage"},"image":{"@id":"https:\/\/www.robertzueblin.com\/it\/richard-bampi\/cestino-in-stile-wabi-sabi\/#primaryimage"},"thumbnailUrl":"https:\/\/www.robertzueblin.com\/wp-content\/uploads\/richard-bampi-cestino-studio-ceramica-stile-wabi-sabi-foto-titolo.jpg","datePublished":"2022-01-10T09:49:24+00:00","dateModified":"2023-01-11T10:46:10+00:00","description":"Ciotola con manico in studio ceramica in stile wabi-sabi del ceramista Richard Bampi con esecuzione nella manifattura di maioliche Richard Bampi.","breadcrumb":{"@id":"https:\/\/www.robertzueblin.com\/it\/richard-bampi\/cestino-in-stile-wabi-sabi\/#breadcrumb"},"inLanguage":"it-IT","potentialAction":[{"@type":"ReadAction","target":["https:\/\/www.robertzueblin.com\/it\/richard-bampi\/cestino-in-stile-wabi-sabi\/"]}]},{"@type":"ImageObject","inLanguage":"it-IT","@id":"https:\/\/www.robertzueblin.com\/it\/richard-bampi\/cestino-in-stile-wabi-sabi\/#primaryimage","url":"https:\/\/www.robertzueblin.com\/wp-content\/uploads\/richard-bampi-cestino-studio-ceramica-stile-wabi-sabi-foto-titolo.jpg","contentUrl":"https:\/\/www.robertzueblin.com\/wp-content\/uploads\/richard-bampi-cestino-studio-ceramica-stile-wabi-sabi-foto-titolo.jpg","width":1000,"height":1000},{"@type":"BreadcrumbList","@id":"https:\/\/www.robertzueblin.com\/it\/richard-bampi\/cestino-in-stile-wabi-sabi\/#breadcrumb","itemListElement":[{"@type":"ListItem","position":1,"name":"Startseite","item":"https:\/\/www.robertzueblin.com\/it\/"},{"@type":"ListItem","position":2,"name":"Galleria d&#8217;arte online (Negozio online)","item":"https:\/\/www.robertzueblin.com\/it\/galleria-d-arte-online\/"},{"@type":"ListItem","position":3,"name":"Richard BAMPI (* 1896, \u2020 1965) &#8211; Cestino in stile Wabi-Sabi &#8211; studio ceramica"}]},{"@type":"WebSite","@id":"https:\/\/www.robertzueblin.com\/it\/#website","url":"https:\/\/www.robertzueblin.com\/it\/","name":"ROBERT Z\u00dcBLIN","description":"","publisher":{"@id":"https:\/\/www.robertzueblin.com\/it\/#organization"},"potentialAction":[{"@type":"SearchAction","target":{"@type":"EntryPoint","urlTemplate":"https:\/\/www.robertzueblin.com\/it\/?s={search_term_string}"},"query-input":{"@type":"PropertyValueSpecification","valueRequired":true,"valueName":"search_term_string"}}],"inLanguage":"it-IT"},{"@type":"Organization","@id":"https:\/\/www.robertzueblin.com\/it\/#organization","name":"ROBERT Z\u00dcBLIN","url":"https:\/\/www.robertzueblin.com\/it\/","logo":{"@type":"ImageObject","inLanguage":"it-IT","@id":"https:\/\/www.robertzueblin.com\/it\/#\/schema\/logo\/image\/","url":"https:\/\/www.robertzueblin.com\/wp-content\/uploads\/cropped-cropped-logo-von-robert-zueblin.jpg","contentUrl":"https:\/\/www.robertzueblin.com\/wp-content\/uploads\/cropped-cropped-logo-von-robert-zueblin.jpg","width":440,"height":60,"caption":"ROBERT Z\u00dcBLIN"},"image":{"@id":"https:\/\/www.robertzueblin.com\/it\/#\/schema\/logo\/image\/"}}]}},"_links":{"self":[{"href":"https:\/\/www.robertzueblin.com\/it\/wp-json\/wp\/v2\/product\/4195","targetHints":{"allow":["GET"]}}],"collection":[{"href":"https:\/\/www.robertzueblin.com\/it\/wp-json\/wp\/v2\/product"}],"about":[{"href":"https:\/\/www.robertzueblin.com\/it\/wp-json\/wp\/v2\/types\/product"}],"wp:featuredmedia":[{"embeddable":true,"href":"https:\/\/www.robertzueblin.com\/it\/wp-json\/wp\/v2\/media\/3706"}],"wp:attachment":[{"href":"https:\/\/www.robertzueblin.com\/it\/wp-json\/wp\/v2\/media?parent=4195"}],"wp:term":[{"taxonomy":"product_brand","embeddable":true,"href":"https:\/\/www.robertzueblin.com\/it\/wp-json\/wp\/v2\/product_brand?post=4195"},{"taxonomy":"product_cat","embeddable":true,"href":"https:\/\/www.robertzueblin.com\/it\/wp-json\/wp\/v2\/product_cat?post=4195"},{"taxonomy":"product_tag","embeddable":true,"href":"https:\/\/www.robertzueblin.com\/it\/wp-json\/wp\/v2\/product_tag?post=4195"}],"curies":[{"name":"wp","href":"https:\/\/api.w.org\/{rel}","templated":true}]}}