{"id":4183,"date":"2021-09-27T21:22:49","date_gmt":"2021-09-27T19:22:49","guid":{"rendered":"https:\/\/www.robertzueblin.com\/?post_type=product&#038;p=4183"},"modified":"2025-12-20T17:28:46","modified_gmt":"2025-12-20T16:28:46","slug":"gerhard-doelz-1926-%e2%80%a0-2007-vaso-verde-con-struttura","status":"publish","type":"product","link":"https:\/\/www.robertzueblin.com\/it\/gerhard-doelz\/vaso-verde-con-struttura\/","title":{"rendered":"Gerhard D\u00d6LZ (* 1926, \u2020 2007) \u2013 Vaso verde con struttura &#8211; studio ceramica"},"content":{"rendered":"<p><span style=\"font-family: AkkoPro-BoldCondensed!important\">Tipo:<\/span> <a href=\"https:\/\/www.robertzueblin.com\/it\/studio-ceramica-ceramica-artistica\/\">studio ceramica<\/a><\/p>\n<p><span style=\"font-family: AkkoPro-BoldCondensed!important\">Disegno:<\/span> Gerhard D\u00f6lz (* 1926, \u2020 2007)<\/p>\n<p><span style=\"font-family: AkkoPro-BoldCondensed!important\">Esecuzione:<\/span> Gerhard D\u00f6lz (* 1926, \u2020 2007)<\/p>\n<p><span style=\"font-family: AkkoPro-BoldCondensed!important\">Oggetto:<\/span> vaso<\/p>\n<p><span style=\"font-family: AkkoPro-BoldCondensed!important\">Dimensioni:<\/span> altezza: 18,5 cm, larghezza: 11,5 cm<\/p>\n<p><span style=\"font-family: AkkoPro-BoldCondensed!important\">Corpo:<\/span> corpo scuro<\/p>\n<p><span style=\"font-family: AkkoPro-BoldCondensed!important\">Superficie:<\/span> verde, marrone, bianco, blu<\/p>\n<p><span style=\"font-family: AkkoPro-BoldCondensed!important\">Anno di produzione:<\/span> probabilmente anni &#8217;70<\/p>\n<p><span style=\"font-family: AkkoPro-BoldCondensed!important\">Condizioni:<\/span> integro (sul bordo esterno della bocca c&#8217;\u00e8 un piccolo difetto di smalto, che credo sia dovuto a una bolla scoppiata)<\/p>\n<p><span style=\"font-family: AkkoPro-BoldCondensed!important\">Firma\/marchio:<\/span> GD<\/p>\n<p><span style=\"font-family: AkkoPro-BoldCondensed!important\">Dettagli:<\/span><br \/>\nCome Gerda K\u00f6rting e Karl J\u00fcttner, il ceramista della DDR Gerhard D\u00f6lz appartiene al gruppo di artisti Saalfeld. Questo vaso qui \u00e8 probabilmente una ceramica della DDR, che vista la sua forma in stile brutalista \u00e8 stata probabilmente fatta negli anni &#8217;70.<\/p>\n","protected":false},"excerpt":{"rendered":"<p>Tipo: studio ceramica Disegno: Gerhard D\u00f6lz (* 1926, \u2020 2007) Esecuzione: Gerhard D\u00f6lz (* 1926, \u2020 2007) Oggetto: vaso Dimensioni: altezza: 18,5 cm, larghezza: 11,5 cm Corpo: corpo scuro Superficie: verde, marrone, bianco, blu Anno di produzione: probabilmente anni &#8217;70 Condizioni: integro (sul bordo esterno della bocca c&#8217;\u00e8 un piccolo difetto di smalto, che credo [&hellip;]<\/p>\n","protected":false},"featured_media":3813,"template":"","meta":[],"product_brand":[],"product_cat":[219],"product_tag":[],"class_list":{"0":"post-4183","1":"product","2":"type-product","3":"status-publish","4":"has-post-thumbnail","6":"product_cat-gerhard-doelz","8":"first","9":"instock","10":"sold-individually","11":"shipping-taxable","12":"purchasable","13":"product-type-simple"},"yoast_head":"<!-- This site is optimized with the Yoast SEO plugin v27.4 - https:\/\/yoast.com\/product\/yoast-seo-wordpress\/ -->\n<title>Gerhard D\u00f6lz - vaso verde con struttura - studio ceramica<\/title>\n<meta name=\"description\" content=\"Ceramiche della DDR di uno dei pi\u00f9 famosi ceramisti della DDR, Gerhard D\u00f6lz, ex membro del gruppo di artisti di Saalfeld.\" \/>\n<meta name=\"robots\" content=\"index, follow, max-snippet:-1, max-image-preview:large, max-video-preview:-1\" \/>\n<link rel=\"canonical\" href=\"https:\/\/www.robertzueblin.com\/it\/gerhard-doelz\/vaso-verde-con-struttura\/\" \/>\n<meta property=\"og:locale\" content=\"it_IT\" \/>\n<meta property=\"og:type\" content=\"article\" \/>\n<meta property=\"og:title\" content=\"Gerhard D\u00f6lz - vaso verde con struttura - studio ceramica\" \/>\n<meta property=\"og:description\" content=\"Ceramiche della DDR di uno dei pi\u00f9 famosi ceramisti della DDR, Gerhard D\u00f6lz, ex membro del gruppo di artisti di Saalfeld.\" \/>\n<meta property=\"og:url\" content=\"https:\/\/www.robertzueblin.com\/it\/gerhard-doelz\/vaso-verde-con-struttura\/\" \/>\n<meta property=\"og:site_name\" content=\"ROBERT Z\u00dcBLIN\" \/>\n<meta property=\"article:modified_time\" content=\"2025-12-20T16:28:46+00:00\" \/>\n<meta property=\"og:image\" content=\"https:\/\/www.robertzueblin.com\/wp-content\/uploads\/gerhard-doelz-vaso-stile-brutalista-studio-ceramica-foto-titolo.jpg\" \/>\n\t<meta property=\"og:image:width\" content=\"1080\" \/>\n\t<meta property=\"og:image:height\" content=\"1080\" \/>\n\t<meta property=\"og:image:type\" content=\"image\/jpeg\" \/>\n<meta name=\"twitter:card\" content=\"summary_large_image\" \/>\n<script type=\"application\/ld+json\" class=\"yoast-schema-graph\">{\"@context\":\"https:\\\/\\\/schema.org\",\"@graph\":[{\"@type\":\"WebPage\",\"@id\":\"https:\\\/\\\/www.robertzueblin.com\\\/it\\\/gerhard-doelz\\\/vaso-verde-con-struttura\\\/\",\"url\":\"https:\\\/\\\/www.robertzueblin.com\\\/it\\\/gerhard-doelz\\\/vaso-verde-con-struttura\\\/\",\"name\":\"Gerhard D\u00f6lz - vaso verde con struttura - studio ceramica\",\"isPartOf\":{\"@id\":\"https:\\\/\\\/www.robertzueblin.com\\\/it\\\/#website\"},\"primaryImageOfPage\":{\"@id\":\"https:\\\/\\\/www.robertzueblin.com\\\/it\\\/gerhard-doelz\\\/vaso-verde-con-struttura\\\/#primaryimage\"},\"image\":{\"@id\":\"https:\\\/\\\/www.robertzueblin.com\\\/it\\\/gerhard-doelz\\\/vaso-verde-con-struttura\\\/#primaryimage\"},\"thumbnailUrl\":\"https:\\\/\\\/www.robertzueblin.com\\\/wp-content\\\/uploads\\\/gerhard-doelz-vaso-stile-brutalista-studio-ceramica-foto-titolo.jpg\",\"datePublished\":\"2021-09-27T19:22:49+00:00\",\"dateModified\":\"2025-12-20T16:28:46+00:00\",\"description\":\"Ceramiche della DDR di uno dei pi\u00f9 famosi ceramisti della DDR, Gerhard D\u00f6lz, ex membro del gruppo di artisti di Saalfeld.\",\"breadcrumb\":{\"@id\":\"https:\\\/\\\/www.robertzueblin.com\\\/it\\\/gerhard-doelz\\\/vaso-verde-con-struttura\\\/#breadcrumb\"},\"inLanguage\":\"it-IT\",\"potentialAction\":[{\"@type\":\"ReadAction\",\"target\":[\"https:\\\/\\\/www.robertzueblin.com\\\/it\\\/gerhard-doelz\\\/vaso-verde-con-struttura\\\/\"]}]},{\"@type\":\"ImageObject\",\"inLanguage\":\"it-IT\",\"@id\":\"https:\\\/\\\/www.robertzueblin.com\\\/it\\\/gerhard-doelz\\\/vaso-verde-con-struttura\\\/#primaryimage\",\"url\":\"https:\\\/\\\/www.robertzueblin.com\\\/wp-content\\\/uploads\\\/gerhard-doelz-vaso-stile-brutalista-studio-ceramica-foto-titolo.jpg\",\"contentUrl\":\"https:\\\/\\\/www.robertzueblin.com\\\/wp-content\\\/uploads\\\/gerhard-doelz-vaso-stile-brutalista-studio-ceramica-foto-titolo.jpg\",\"width\":1080,\"height\":1080},{\"@type\":\"BreadcrumbList\",\"@id\":\"https:\\\/\\\/www.robertzueblin.com\\\/it\\\/gerhard-doelz\\\/vaso-verde-con-struttura\\\/#breadcrumb\",\"itemListElement\":[{\"@type\":\"ListItem\",\"position\":1,\"name\":\"Startseite\",\"item\":\"https:\\\/\\\/www.robertzueblin.com\\\/it\\\/\"},{\"@type\":\"ListItem\",\"position\":2,\"name\":\"Galleria d&#8217;arte online (Negozio online)\",\"item\":\"https:\\\/\\\/www.robertzueblin.com\\\/it\\\/galleria-d-arte-online\\\/\"},{\"@type\":\"ListItem\",\"position\":3,\"name\":\"Gerhard D\u00d6LZ (* 1926, \u2020 2007) \u2013 Vaso verde con struttura &#8211; studio ceramica\"}]},{\"@type\":\"WebSite\",\"@id\":\"https:\\\/\\\/www.robertzueblin.com\\\/it\\\/#website\",\"url\":\"https:\\\/\\\/www.robertzueblin.com\\\/it\\\/\",\"name\":\"ROBERT Z\u00dcBLIN\",\"description\":\"\",\"publisher\":{\"@id\":\"https:\\\/\\\/www.robertzueblin.com\\\/it\\\/#organization\"},\"potentialAction\":[{\"@type\":\"SearchAction\",\"target\":{\"@type\":\"EntryPoint\",\"urlTemplate\":\"https:\\\/\\\/www.robertzueblin.com\\\/it\\\/?s={search_term_string}\"},\"query-input\":{\"@type\":\"PropertyValueSpecification\",\"valueRequired\":true,\"valueName\":\"search_term_string\"}}],\"inLanguage\":\"it-IT\"},{\"@type\":\"Organization\",\"@id\":\"https:\\\/\\\/www.robertzueblin.com\\\/it\\\/#organization\",\"name\":\"ROBERT Z\u00dcBLIN\",\"url\":\"https:\\\/\\\/www.robertzueblin.com\\\/it\\\/\",\"logo\":{\"@type\":\"ImageObject\",\"inLanguage\":\"it-IT\",\"@id\":\"https:\\\/\\\/www.robertzueblin.com\\\/it\\\/#\\\/schema\\\/logo\\\/image\\\/\",\"url\":\"https:\\\/\\\/www.robertzueblin.com\\\/wp-content\\\/uploads\\\/cropped-cropped-logo-von-robert-zueblin.jpg\",\"contentUrl\":\"https:\\\/\\\/www.robertzueblin.com\\\/wp-content\\\/uploads\\\/cropped-cropped-logo-von-robert-zueblin.jpg\",\"width\":440,\"height\":60,\"caption\":\"ROBERT Z\u00dcBLIN\"},\"image\":{\"@id\":\"https:\\\/\\\/www.robertzueblin.com\\\/it\\\/#\\\/schema\\\/logo\\\/image\\\/\"}}]}<\/script>\n<!-- \/ Yoast SEO plugin. -->","yoast_head_json":{"title":"Gerhard D\u00f6lz - vaso verde con struttura - studio ceramica","description":"Ceramiche della DDR di uno dei pi\u00f9 famosi ceramisti della DDR, Gerhard D\u00f6lz, ex membro del gruppo di artisti di Saalfeld.","robots":{"index":"index","follow":"follow","max-snippet":"max-snippet:-1","max-image-preview":"max-image-preview:large","max-video-preview":"max-video-preview:-1"},"canonical":"https:\/\/www.robertzueblin.com\/it\/gerhard-doelz\/vaso-verde-con-struttura\/","og_locale":"it_IT","og_type":"article","og_title":"Gerhard D\u00f6lz - vaso verde con struttura - studio ceramica","og_description":"Ceramiche della DDR di uno dei pi\u00f9 famosi ceramisti della DDR, Gerhard D\u00f6lz, ex membro del gruppo di artisti di Saalfeld.","og_url":"https:\/\/www.robertzueblin.com\/it\/gerhard-doelz\/vaso-verde-con-struttura\/","og_site_name":"ROBERT Z\u00dcBLIN","article_modified_time":"2025-12-20T16:28:46+00:00","og_image":[{"width":1080,"height":1080,"url":"https:\/\/www.robertzueblin.com\/wp-content\/uploads\/gerhard-doelz-vaso-stile-brutalista-studio-ceramica-foto-titolo.jpg","type":"image\/jpeg"}],"twitter_card":"summary_large_image","schema":{"@context":"https:\/\/schema.org","@graph":[{"@type":"WebPage","@id":"https:\/\/www.robertzueblin.com\/it\/gerhard-doelz\/vaso-verde-con-struttura\/","url":"https:\/\/www.robertzueblin.com\/it\/gerhard-doelz\/vaso-verde-con-struttura\/","name":"Gerhard D\u00f6lz - vaso verde con struttura - studio ceramica","isPartOf":{"@id":"https:\/\/www.robertzueblin.com\/it\/#website"},"primaryImageOfPage":{"@id":"https:\/\/www.robertzueblin.com\/it\/gerhard-doelz\/vaso-verde-con-struttura\/#primaryimage"},"image":{"@id":"https:\/\/www.robertzueblin.com\/it\/gerhard-doelz\/vaso-verde-con-struttura\/#primaryimage"},"thumbnailUrl":"https:\/\/www.robertzueblin.com\/wp-content\/uploads\/gerhard-doelz-vaso-stile-brutalista-studio-ceramica-foto-titolo.jpg","datePublished":"2021-09-27T19:22:49+00:00","dateModified":"2025-12-20T16:28:46+00:00","description":"Ceramiche della DDR di uno dei pi\u00f9 famosi ceramisti della DDR, Gerhard D\u00f6lz, ex membro del gruppo di artisti di Saalfeld.","breadcrumb":{"@id":"https:\/\/www.robertzueblin.com\/it\/gerhard-doelz\/vaso-verde-con-struttura\/#breadcrumb"},"inLanguage":"it-IT","potentialAction":[{"@type":"ReadAction","target":["https:\/\/www.robertzueblin.com\/it\/gerhard-doelz\/vaso-verde-con-struttura\/"]}]},{"@type":"ImageObject","inLanguage":"it-IT","@id":"https:\/\/www.robertzueblin.com\/it\/gerhard-doelz\/vaso-verde-con-struttura\/#primaryimage","url":"https:\/\/www.robertzueblin.com\/wp-content\/uploads\/gerhard-doelz-vaso-stile-brutalista-studio-ceramica-foto-titolo.jpg","contentUrl":"https:\/\/www.robertzueblin.com\/wp-content\/uploads\/gerhard-doelz-vaso-stile-brutalista-studio-ceramica-foto-titolo.jpg","width":1080,"height":1080},{"@type":"BreadcrumbList","@id":"https:\/\/www.robertzueblin.com\/it\/gerhard-doelz\/vaso-verde-con-struttura\/#breadcrumb","itemListElement":[{"@type":"ListItem","position":1,"name":"Startseite","item":"https:\/\/www.robertzueblin.com\/it\/"},{"@type":"ListItem","position":2,"name":"Galleria d&#8217;arte online (Negozio online)","item":"https:\/\/www.robertzueblin.com\/it\/galleria-d-arte-online\/"},{"@type":"ListItem","position":3,"name":"Gerhard D\u00d6LZ (* 1926, \u2020 2007) \u2013 Vaso verde con struttura &#8211; studio ceramica"}]},{"@type":"WebSite","@id":"https:\/\/www.robertzueblin.com\/it\/#website","url":"https:\/\/www.robertzueblin.com\/it\/","name":"ROBERT Z\u00dcBLIN","description":"","publisher":{"@id":"https:\/\/www.robertzueblin.com\/it\/#organization"},"potentialAction":[{"@type":"SearchAction","target":{"@type":"EntryPoint","urlTemplate":"https:\/\/www.robertzueblin.com\/it\/?s={search_term_string}"},"query-input":{"@type":"PropertyValueSpecification","valueRequired":true,"valueName":"search_term_string"}}],"inLanguage":"it-IT"},{"@type":"Organization","@id":"https:\/\/www.robertzueblin.com\/it\/#organization","name":"ROBERT Z\u00dcBLIN","url":"https:\/\/www.robertzueblin.com\/it\/","logo":{"@type":"ImageObject","inLanguage":"it-IT","@id":"https:\/\/www.robertzueblin.com\/it\/#\/schema\/logo\/image\/","url":"https:\/\/www.robertzueblin.com\/wp-content\/uploads\/cropped-cropped-logo-von-robert-zueblin.jpg","contentUrl":"https:\/\/www.robertzueblin.com\/wp-content\/uploads\/cropped-cropped-logo-von-robert-zueblin.jpg","width":440,"height":60,"caption":"ROBERT Z\u00dcBLIN"},"image":{"@id":"https:\/\/www.robertzueblin.com\/it\/#\/schema\/logo\/image\/"}}]}},"_links":{"self":[{"href":"https:\/\/www.robertzueblin.com\/it\/wp-json\/wp\/v2\/product\/4183","targetHints":{"allow":["GET"]}}],"collection":[{"href":"https:\/\/www.robertzueblin.com\/it\/wp-json\/wp\/v2\/product"}],"about":[{"href":"https:\/\/www.robertzueblin.com\/it\/wp-json\/wp\/v2\/types\/product"}],"wp:featuredmedia":[{"embeddable":true,"href":"https:\/\/www.robertzueblin.com\/it\/wp-json\/wp\/v2\/media\/3813"}],"wp:attachment":[{"href":"https:\/\/www.robertzueblin.com\/it\/wp-json\/wp\/v2\/media?parent=4183"}],"wp:term":[{"taxonomy":"product_brand","embeddable":true,"href":"https:\/\/www.robertzueblin.com\/it\/wp-json\/wp\/v2\/product_brand?post=4183"},{"taxonomy":"product_cat","embeddable":true,"href":"https:\/\/www.robertzueblin.com\/it\/wp-json\/wp\/v2\/product_cat?post=4183"},{"taxonomy":"product_tag","embeddable":true,"href":"https:\/\/www.robertzueblin.com\/it\/wp-json\/wp\/v2\/product_tag?post=4183"}],"curies":[{"name":"wp","href":"https:\/\/api.w.org\/{rel}","templated":true}]}}