{"id":4154,"date":"2021-10-09T11:29:08","date_gmt":"2022-01-10T09:42:10","guid":{"rendered":"https:\/\/www.robertzueblin.com\/?post_type=product&#038;p=4154"},"modified":"2023-03-05T12:45:38","modified_gmt":"2023-03-05T11:45:38","slug":"goerge-hohlt-1930-vaso-di-porcellana-in-colore-celadon","status":"publish","type":"product","link":"https:\/\/www.robertzueblin.com\/it\/goerge-hohlt\/vaso-di-porcellana-in-colore-celadon\/","title":{"rendered":"G\u00f6rge HOHLT (* 1930, \u2020 2022) &#8211; Vaso di porcellana in colore celadon &#8211; studio ceramica"},"content":{"rendered":"<p><span style=\"font-family: AkkoPro-BoldCondensed!important\">Tipo:<\/span> <a href=\"https:\/\/www.robertzueblin.com\/it\/studio-ceramica-ceramica-artistica\/\">studio ceramica<\/a><\/p>\n<p><span style=\"font-family: AkkoPro-BoldCondensed!important\">Disegno:<\/span> G\u00f6rge Hohlt (* 1930, \u2020 2022)<\/p>\n<p><span style=\"font-family: AkkoPro-BoldCondensed!important\">Esecuzione:<\/span> G\u00f6rge Hohlt (* 1930, \u2020 2022)<\/p>\n<p><span style=\"font-family: AkkoPro-BoldCondensed!important\">Oggetto:<\/span> vaso<\/p>\n<p><span style=\"font-family: AkkoPro-BoldCondensed!important\">Dimensioni:<\/span> Altezza: 17 cm, Larghezza: 14 cm<\/p>\n<p><span style=\"font-family: AkkoPro-BoldCondensed!important\">Corpo:<\/span> bianco<\/p>\n<p><span style=\"font-family: AkkoPro-BoldCondensed!important\">Superficie:<\/span> bianco, celadon<\/p>\n<p><span style=\"font-family: AkkoPro-BoldCondensed!important\">Anno di produzione:<\/span> 2004<\/p>\n<p><span style=\"font-family: AkkoPro-BoldCondensed!important\">Condizione:<\/span> intatto<\/p>\n<p><span style=\"font-family: AkkoPro-BoldCondensed!important\">Firma\/marchio:<\/span> nuovo gatto e G in H<\/p>\n<p><span style=\"font-family: AkkoPro-BoldCondensed!important\">Dettagli:<\/span><br \/>\nQuesta ceramica del laboratorio di G\u00f6rge Hohlt \u00e8 fatta di porcellana. Lo smalto ha una tonalit\u00e0 celadon molto sottile. Il vaso a forma di uovo risale al 2004 (vedi firma aggiunta).<\/p>\n","protected":false},"excerpt":{"rendered":"<p><span style=\"color: #e2401c\">&#x25cf;<\/span><span> venduto<\/span><\/p>\n","protected":false},"featured_media":3900,"template":"","meta":[],"product_brand":[],"product_cat":[232],"product_tag":[],"class_list":{"0":"post-4154","1":"product","2":"type-product","3":"status-publish","4":"has-post-thumbnail","6":"product_cat-goerge-hohlt","8":"first","9":"outofstock","10":"shipping-taxable","11":"product-type-simple"},"yoast_head":"<!-- This site is optimized with the Yoast SEO plugin v27.4 - https:\/\/yoast.com\/product\/yoast-seo-wordpress\/ -->\n<title>G\u00f6rge HOHLT - Vaso di porcellana in colore celadon<\/title>\n<meta name=\"description\" content=\"Vaso in porcellana di studio, di colore celadon molto tenue del 2004 a forma di uovo, realizzato dal ceramista G\u00f6rge Hohlt.\" \/>\n<meta name=\"robots\" content=\"index, follow, max-snippet:-1, max-image-preview:large, max-video-preview:-1\" \/>\n<link rel=\"canonical\" href=\"https:\/\/www.robertzueblin.com\/it\/goerge-hohlt\/vaso-di-porcellana-in-colore-celadon\/\" \/>\n<meta property=\"og:locale\" content=\"it_IT\" \/>\n<meta property=\"og:type\" content=\"article\" \/>\n<meta property=\"og:title\" content=\"G\u00f6rge HOHLT - Vaso di porcellana in colore celadon\" \/>\n<meta property=\"og:description\" content=\"Vaso in porcellana di studio, di colore celadon molto tenue del 2004 a forma di uovo, realizzato dal ceramista G\u00f6rge Hohlt.\" \/>\n<meta property=\"og:url\" content=\"https:\/\/www.robertzueblin.com\/it\/goerge-hohlt\/vaso-di-porcellana-in-colore-celadon\/\" \/>\n<meta property=\"og:site_name\" content=\"ROBERT Z\u00dcBLIN\" \/>\n<meta property=\"article:modified_time\" content=\"2023-03-05T11:45:38+00:00\" \/>\n<meta property=\"og:image\" content=\"https:\/\/www.robertzueblin.com\/wp-content\/uploads\/goerge-hohlt-vaso-porcellana-celadon-foto-titolo.jpg\" \/>\n\t<meta property=\"og:image:width\" content=\"1080\" \/>\n\t<meta property=\"og:image:height\" content=\"1080\" \/>\n\t<meta property=\"og:image:type\" content=\"image\/jpeg\" \/>\n<meta name=\"twitter:card\" content=\"summary_large_image\" \/>\n<script type=\"application\/ld+json\" class=\"yoast-schema-graph\">{\"@context\":\"https:\\\/\\\/schema.org\",\"@graph\":[{\"@type\":\"WebPage\",\"@id\":\"https:\\\/\\\/www.robertzueblin.com\\\/it\\\/goerge-hohlt\\\/vaso-di-porcellana-in-colore-celadon\\\/\",\"url\":\"https:\\\/\\\/www.robertzueblin.com\\\/it\\\/goerge-hohlt\\\/vaso-di-porcellana-in-colore-celadon\\\/\",\"name\":\"G\u00f6rge HOHLT - Vaso di porcellana in colore celadon\",\"isPartOf\":{\"@id\":\"https:\\\/\\\/www.robertzueblin.com\\\/it\\\/#website\"},\"primaryImageOfPage\":{\"@id\":\"https:\\\/\\\/www.robertzueblin.com\\\/it\\\/goerge-hohlt\\\/vaso-di-porcellana-in-colore-celadon\\\/#primaryimage\"},\"image\":{\"@id\":\"https:\\\/\\\/www.robertzueblin.com\\\/it\\\/goerge-hohlt\\\/vaso-di-porcellana-in-colore-celadon\\\/#primaryimage\"},\"thumbnailUrl\":\"https:\\\/\\\/www.robertzueblin.com\\\/wp-content\\\/uploads\\\/goerge-hohlt-vaso-porcellana-celadon-foto-titolo.jpg\",\"datePublished\":\"2022-01-10T09:42:10+00:00\",\"dateModified\":\"2023-03-05T11:45:38+00:00\",\"description\":\"Vaso in porcellana di studio, di colore celadon molto tenue del 2004 a forma di uovo, realizzato dal ceramista G\u00f6rge Hohlt.\",\"breadcrumb\":{\"@id\":\"https:\\\/\\\/www.robertzueblin.com\\\/it\\\/goerge-hohlt\\\/vaso-di-porcellana-in-colore-celadon\\\/#breadcrumb\"},\"inLanguage\":\"it-IT\",\"potentialAction\":[{\"@type\":\"ReadAction\",\"target\":[\"https:\\\/\\\/www.robertzueblin.com\\\/it\\\/goerge-hohlt\\\/vaso-di-porcellana-in-colore-celadon\\\/\"]}]},{\"@type\":\"ImageObject\",\"inLanguage\":\"it-IT\",\"@id\":\"https:\\\/\\\/www.robertzueblin.com\\\/it\\\/goerge-hohlt\\\/vaso-di-porcellana-in-colore-celadon\\\/#primaryimage\",\"url\":\"https:\\\/\\\/www.robertzueblin.com\\\/wp-content\\\/uploads\\\/goerge-hohlt-vaso-porcellana-celadon-foto-titolo.jpg\",\"contentUrl\":\"https:\\\/\\\/www.robertzueblin.com\\\/wp-content\\\/uploads\\\/goerge-hohlt-vaso-porcellana-celadon-foto-titolo.jpg\",\"width\":1080,\"height\":1080},{\"@type\":\"BreadcrumbList\",\"@id\":\"https:\\\/\\\/www.robertzueblin.com\\\/it\\\/goerge-hohlt\\\/vaso-di-porcellana-in-colore-celadon\\\/#breadcrumb\",\"itemListElement\":[{\"@type\":\"ListItem\",\"position\":1,\"name\":\"Startseite\",\"item\":\"https:\\\/\\\/www.robertzueblin.com\\\/it\\\/\"},{\"@type\":\"ListItem\",\"position\":2,\"name\":\"Galleria d&#8217;arte online (Negozio online)\",\"item\":\"https:\\\/\\\/www.robertzueblin.com\\\/it\\\/galleria-d-arte-online\\\/\"},{\"@type\":\"ListItem\",\"position\":3,\"name\":\"G\u00f6rge HOHLT (* 1930, \u2020 2022) &#8211; Vaso di porcellana in colore celadon &#8211; studio ceramica\"}]},{\"@type\":\"WebSite\",\"@id\":\"https:\\\/\\\/www.robertzueblin.com\\\/it\\\/#website\",\"url\":\"https:\\\/\\\/www.robertzueblin.com\\\/it\\\/\",\"name\":\"ROBERT Z\u00dcBLIN\",\"description\":\"\",\"publisher\":{\"@id\":\"https:\\\/\\\/www.robertzueblin.com\\\/it\\\/#organization\"},\"potentialAction\":[{\"@type\":\"SearchAction\",\"target\":{\"@type\":\"EntryPoint\",\"urlTemplate\":\"https:\\\/\\\/www.robertzueblin.com\\\/it\\\/?s={search_term_string}\"},\"query-input\":{\"@type\":\"PropertyValueSpecification\",\"valueRequired\":true,\"valueName\":\"search_term_string\"}}],\"inLanguage\":\"it-IT\"},{\"@type\":\"Organization\",\"@id\":\"https:\\\/\\\/www.robertzueblin.com\\\/it\\\/#organization\",\"name\":\"ROBERT Z\u00dcBLIN\",\"url\":\"https:\\\/\\\/www.robertzueblin.com\\\/it\\\/\",\"logo\":{\"@type\":\"ImageObject\",\"inLanguage\":\"it-IT\",\"@id\":\"https:\\\/\\\/www.robertzueblin.com\\\/it\\\/#\\\/schema\\\/logo\\\/image\\\/\",\"url\":\"https:\\\/\\\/www.robertzueblin.com\\\/wp-content\\\/uploads\\\/cropped-cropped-logo-von-robert-zueblin.jpg\",\"contentUrl\":\"https:\\\/\\\/www.robertzueblin.com\\\/wp-content\\\/uploads\\\/cropped-cropped-logo-von-robert-zueblin.jpg\",\"width\":440,\"height\":60,\"caption\":\"ROBERT Z\u00dcBLIN\"},\"image\":{\"@id\":\"https:\\\/\\\/www.robertzueblin.com\\\/it\\\/#\\\/schema\\\/logo\\\/image\\\/\"}}]}<\/script>\n<!-- \/ Yoast SEO plugin. -->","yoast_head_json":{"title":"G\u00f6rge HOHLT - Vaso di porcellana in colore celadon","description":"Vaso in porcellana di studio, di colore celadon molto tenue del 2004 a forma di uovo, realizzato dal ceramista G\u00f6rge Hohlt.","robots":{"index":"index","follow":"follow","max-snippet":"max-snippet:-1","max-image-preview":"max-image-preview:large","max-video-preview":"max-video-preview:-1"},"canonical":"https:\/\/www.robertzueblin.com\/it\/goerge-hohlt\/vaso-di-porcellana-in-colore-celadon\/","og_locale":"it_IT","og_type":"article","og_title":"G\u00f6rge HOHLT - Vaso di porcellana in colore celadon","og_description":"Vaso in porcellana di studio, di colore celadon molto tenue del 2004 a forma di uovo, realizzato dal ceramista G\u00f6rge Hohlt.","og_url":"https:\/\/www.robertzueblin.com\/it\/goerge-hohlt\/vaso-di-porcellana-in-colore-celadon\/","og_site_name":"ROBERT Z\u00dcBLIN","article_modified_time":"2023-03-05T11:45:38+00:00","og_image":[{"width":1080,"height":1080,"url":"https:\/\/www.robertzueblin.com\/wp-content\/uploads\/goerge-hohlt-vaso-porcellana-celadon-foto-titolo.jpg","type":"image\/jpeg"}],"twitter_card":"summary_large_image","schema":{"@context":"https:\/\/schema.org","@graph":[{"@type":"WebPage","@id":"https:\/\/www.robertzueblin.com\/it\/goerge-hohlt\/vaso-di-porcellana-in-colore-celadon\/","url":"https:\/\/www.robertzueblin.com\/it\/goerge-hohlt\/vaso-di-porcellana-in-colore-celadon\/","name":"G\u00f6rge HOHLT - Vaso di porcellana in colore celadon","isPartOf":{"@id":"https:\/\/www.robertzueblin.com\/it\/#website"},"primaryImageOfPage":{"@id":"https:\/\/www.robertzueblin.com\/it\/goerge-hohlt\/vaso-di-porcellana-in-colore-celadon\/#primaryimage"},"image":{"@id":"https:\/\/www.robertzueblin.com\/it\/goerge-hohlt\/vaso-di-porcellana-in-colore-celadon\/#primaryimage"},"thumbnailUrl":"https:\/\/www.robertzueblin.com\/wp-content\/uploads\/goerge-hohlt-vaso-porcellana-celadon-foto-titolo.jpg","datePublished":"2022-01-10T09:42:10+00:00","dateModified":"2023-03-05T11:45:38+00:00","description":"Vaso in porcellana di studio, di colore celadon molto tenue del 2004 a forma di uovo, realizzato dal ceramista G\u00f6rge Hohlt.","breadcrumb":{"@id":"https:\/\/www.robertzueblin.com\/it\/goerge-hohlt\/vaso-di-porcellana-in-colore-celadon\/#breadcrumb"},"inLanguage":"it-IT","potentialAction":[{"@type":"ReadAction","target":["https:\/\/www.robertzueblin.com\/it\/goerge-hohlt\/vaso-di-porcellana-in-colore-celadon\/"]}]},{"@type":"ImageObject","inLanguage":"it-IT","@id":"https:\/\/www.robertzueblin.com\/it\/goerge-hohlt\/vaso-di-porcellana-in-colore-celadon\/#primaryimage","url":"https:\/\/www.robertzueblin.com\/wp-content\/uploads\/goerge-hohlt-vaso-porcellana-celadon-foto-titolo.jpg","contentUrl":"https:\/\/www.robertzueblin.com\/wp-content\/uploads\/goerge-hohlt-vaso-porcellana-celadon-foto-titolo.jpg","width":1080,"height":1080},{"@type":"BreadcrumbList","@id":"https:\/\/www.robertzueblin.com\/it\/goerge-hohlt\/vaso-di-porcellana-in-colore-celadon\/#breadcrumb","itemListElement":[{"@type":"ListItem","position":1,"name":"Startseite","item":"https:\/\/www.robertzueblin.com\/it\/"},{"@type":"ListItem","position":2,"name":"Galleria d&#8217;arte online (Negozio online)","item":"https:\/\/www.robertzueblin.com\/it\/galleria-d-arte-online\/"},{"@type":"ListItem","position":3,"name":"G\u00f6rge HOHLT (* 1930, \u2020 2022) &#8211; Vaso di porcellana in colore celadon &#8211; studio ceramica"}]},{"@type":"WebSite","@id":"https:\/\/www.robertzueblin.com\/it\/#website","url":"https:\/\/www.robertzueblin.com\/it\/","name":"ROBERT Z\u00dcBLIN","description":"","publisher":{"@id":"https:\/\/www.robertzueblin.com\/it\/#organization"},"potentialAction":[{"@type":"SearchAction","target":{"@type":"EntryPoint","urlTemplate":"https:\/\/www.robertzueblin.com\/it\/?s={search_term_string}"},"query-input":{"@type":"PropertyValueSpecification","valueRequired":true,"valueName":"search_term_string"}}],"inLanguage":"it-IT"},{"@type":"Organization","@id":"https:\/\/www.robertzueblin.com\/it\/#organization","name":"ROBERT Z\u00dcBLIN","url":"https:\/\/www.robertzueblin.com\/it\/","logo":{"@type":"ImageObject","inLanguage":"it-IT","@id":"https:\/\/www.robertzueblin.com\/it\/#\/schema\/logo\/image\/","url":"https:\/\/www.robertzueblin.com\/wp-content\/uploads\/cropped-cropped-logo-von-robert-zueblin.jpg","contentUrl":"https:\/\/www.robertzueblin.com\/wp-content\/uploads\/cropped-cropped-logo-von-robert-zueblin.jpg","width":440,"height":60,"caption":"ROBERT Z\u00dcBLIN"},"image":{"@id":"https:\/\/www.robertzueblin.com\/it\/#\/schema\/logo\/image\/"}}]}},"_links":{"self":[{"href":"https:\/\/www.robertzueblin.com\/it\/wp-json\/wp\/v2\/product\/4154","targetHints":{"allow":["GET"]}}],"collection":[{"href":"https:\/\/www.robertzueblin.com\/it\/wp-json\/wp\/v2\/product"}],"about":[{"href":"https:\/\/www.robertzueblin.com\/it\/wp-json\/wp\/v2\/types\/product"}],"wp:featuredmedia":[{"embeddable":true,"href":"https:\/\/www.robertzueblin.com\/it\/wp-json\/wp\/v2\/media\/3900"}],"wp:attachment":[{"href":"https:\/\/www.robertzueblin.com\/it\/wp-json\/wp\/v2\/media?parent=4154"}],"wp:term":[{"taxonomy":"product_brand","embeddable":true,"href":"https:\/\/www.robertzueblin.com\/it\/wp-json\/wp\/v2\/product_brand?post=4154"},{"taxonomy":"product_cat","embeddable":true,"href":"https:\/\/www.robertzueblin.com\/it\/wp-json\/wp\/v2\/product_cat?post=4154"},{"taxonomy":"product_tag","embeddable":true,"href":"https:\/\/www.robertzueblin.com\/it\/wp-json\/wp\/v2\/product_tag?post=4154"}],"curies":[{"name":"wp","href":"https:\/\/api.w.org\/{rel}","templated":true}]}}