{"id":40195,"date":"2024-09-26T19:07:40","date_gmt":"2024-09-26T17:16:38","guid":{"rendered":"https:\/\/www.robertzueblin.com\/?post_type=product&#038;p=40195"},"modified":"2024-09-26T19:16:39","modified_gmt":"2024-09-26T17:16:39","slug":"placca-con-stemma-della-citta-di-neuchatel-neuenburg","status":"publish","type":"product","link":"https:\/\/www.robertzueblin.com\/it\/piastra-con-stemma\/placca-con-stemma-della-citta-di-neuchatel-neuenburg\/","title":{"rendered":"Placca con stemma della citt\u00e0 di Neuch\u00e2tel (Neuenburg)"},"content":{"rendered":"<p><span style=\"font-family: AkkoPro-BoldCondensed!important\">Type:<\/span> <a href=\"https:\/\/www.robertzueblin.com\/it\/tipo\/pittura\/\">pittura<\/a><\/p>\n<p><span style=\"font-family: AkkoPro-BoldCondensed!important\">Bottega:<\/span> sconosciuta<\/p>\n<p><span style=\"font-family: AkkoPro-BoldCondensed!important\">Oggetto:<\/span> <a href=\"https:\/\/www.robertzueblin.com\/it\/piastra-con-stemma\/\">piatto con stemma<\/a><\/p>\n<p><span style=\"font-family: AkkoPro-BoldCondensed!important\">Materiale:<\/span> ceramica<\/p>\n<p><span style=\"font-family: AkkoPro-BoldCondensed!important\">Dimensioni:<\/span> diametro: 33,3 cm, altezza: 3,3 cm<\/p>\n<p><span style=\"font-family: AkkoPro-BoldCondensed!important\">Anno di fabbricazione:<\/span> circa 1900<\/p>\n<p><span style=\"font-family: AkkoPro-BoldCondensed!important\">Condizione:<\/span> parzialmente scheggiato e mancante di parti; parzialmente ritoccato<\/p>\n<p><span style=\"font-family: AkkoPro-BoldCondensed!important\">Firma\/marchio:<\/span> senza<\/p>\n","protected":false},"excerpt":{"rendered":"<p>Type: pittura Bottega: sconosciuta Oggetto: piatto con stemma Materiale: ceramica Dimensioni: diametro: 33,3 cm, altezza: 3,3 cm Anno di fabbricazione: circa 1900 Condizione: parzialmente scheggiato e mancante di parti; parzialmente ritoccato Firma\/marchio: senza<\/p>\n","protected":false},"featured_media":40196,"template":"","meta":[],"product_brand":[],"product_cat":[641],"product_tag":[],"class_list":{"0":"post-40195","1":"product","2":"type-product","3":"status-publish","4":"has-post-thumbnail","6":"product_cat-piastra-con-stemma","8":"first","9":"instock","10":"sold-individually","11":"shipping-taxable","12":"purchasable","13":"product-type-simple"},"yoast_head":"<!-- This site is optimized with the Yoast SEO plugin v27.5 - https:\/\/yoast.com\/product\/yoast-seo-wordpress\/ -->\n<title>Placca con stemma della citt\u00e0 di Neuch\u00e2tel (Neuenburg)<\/title>\n<meta name=\"description\" content=\"Piatto stemmatico svizzero in ceramica del 1900 circa della citt\u00e0 di Neuch\u00e2tello, stemma di Neuch\u00e2tel, noto anche come Neuenburg.\" \/>\n<meta name=\"robots\" content=\"index, follow, max-snippet:-1, max-image-preview:large, max-video-preview:-1\" \/>\n<link rel=\"canonical\" href=\"https:\/\/www.robertzueblin.com\/it\/piastra-con-stemma\/placca-con-stemma-della-citta-di-neuchatel-neuenburg\/\" \/>\n<meta property=\"og:locale\" content=\"it_IT\" \/>\n<meta property=\"og:type\" content=\"article\" \/>\n<meta property=\"og:title\" content=\"Placca con stemma della citt\u00e0 di Neuch\u00e2tel (Neuenburg)\" \/>\n<meta property=\"og:description\" content=\"Piatto stemmatico svizzero in ceramica del 1900 circa della citt\u00e0 di Neuch\u00e2tello, stemma di Neuch\u00e2tel, noto anche come Neuenburg.\" \/>\n<meta property=\"og:url\" content=\"https:\/\/www.robertzueblin.com\/it\/piastra-con-stemma\/placca-con-stemma-della-citta-di-neuchatel-neuenburg\/\" \/>\n<meta property=\"og:site_name\" content=\"ROBERT Z\u00dcBLIN\" \/>\n<meta property=\"article:modified_time\" content=\"2024-09-26T17:16:39+00:00\" \/>\n<meta property=\"og:image\" content=\"https:\/\/www.robertzueblin.com\/wp-content\/uploads\/placca-stemma-citta-neuchatel-neuenburg-ceramica-svizzera-foto-titolo.jpg\" \/>\n\t<meta property=\"og:image:width\" content=\"1000\" \/>\n\t<meta property=\"og:image:height\" content=\"1000\" \/>\n\t<meta property=\"og:image:type\" content=\"image\/jpeg\" \/>\n<meta name=\"twitter:card\" content=\"summary_large_image\" \/>\n<script type=\"application\/ld+json\" class=\"yoast-schema-graph\">{\"@context\":\"https:\\\/\\\/schema.org\",\"@graph\":[{\"@type\":\"WebPage\",\"@id\":\"https:\\\/\\\/www.robertzueblin.com\\\/it\\\/piastra-con-stemma\\\/placca-con-stemma-della-citta-di-neuchatel-neuenburg\\\/\",\"url\":\"https:\\\/\\\/www.robertzueblin.com\\\/it\\\/piastra-con-stemma\\\/placca-con-stemma-della-citta-di-neuchatel-neuenburg\\\/\",\"name\":\"Placca con stemma della citt\u00e0 di Neuch\u00e2tel (Neuenburg)\",\"isPartOf\":{\"@id\":\"https:\\\/\\\/www.robertzueblin.com\\\/it\\\/#website\"},\"primaryImageOfPage\":{\"@id\":\"https:\\\/\\\/www.robertzueblin.com\\\/it\\\/piastra-con-stemma\\\/placca-con-stemma-della-citta-di-neuchatel-neuenburg\\\/#primaryimage\"},\"image\":{\"@id\":\"https:\\\/\\\/www.robertzueblin.com\\\/it\\\/piastra-con-stemma\\\/placca-con-stemma-della-citta-di-neuchatel-neuenburg\\\/#primaryimage\"},\"thumbnailUrl\":\"https:\\\/\\\/www.robertzueblin.com\\\/wp-content\\\/uploads\\\/placca-stemma-citta-neuchatel-neuenburg-ceramica-svizzera-foto-titolo.jpg\",\"datePublished\":\"2024-09-26T17:16:38+00:00\",\"dateModified\":\"2024-09-26T17:16:39+00:00\",\"description\":\"Piatto stemmatico svizzero in ceramica del 1900 circa della citt\u00e0 di Neuch\u00e2tello, stemma di Neuch\u00e2tel, noto anche come Neuenburg.\",\"breadcrumb\":{\"@id\":\"https:\\\/\\\/www.robertzueblin.com\\\/it\\\/piastra-con-stemma\\\/placca-con-stemma-della-citta-di-neuchatel-neuenburg\\\/#breadcrumb\"},\"inLanguage\":\"it-IT\",\"potentialAction\":[{\"@type\":\"ReadAction\",\"target\":[\"https:\\\/\\\/www.robertzueblin.com\\\/it\\\/piastra-con-stemma\\\/placca-con-stemma-della-citta-di-neuchatel-neuenburg\\\/\"]}]},{\"@type\":\"ImageObject\",\"inLanguage\":\"it-IT\",\"@id\":\"https:\\\/\\\/www.robertzueblin.com\\\/it\\\/piastra-con-stemma\\\/placca-con-stemma-della-citta-di-neuchatel-neuenburg\\\/#primaryimage\",\"url\":\"https:\\\/\\\/www.robertzueblin.com\\\/wp-content\\\/uploads\\\/placca-stemma-citta-neuchatel-neuenburg-ceramica-svizzera-foto-titolo.jpg\",\"contentUrl\":\"https:\\\/\\\/www.robertzueblin.com\\\/wp-content\\\/uploads\\\/placca-stemma-citta-neuchatel-neuenburg-ceramica-svizzera-foto-titolo.jpg\",\"width\":1000,\"height\":1000},{\"@type\":\"BreadcrumbList\",\"@id\":\"https:\\\/\\\/www.robertzueblin.com\\\/it\\\/piastra-con-stemma\\\/placca-con-stemma-della-citta-di-neuchatel-neuenburg\\\/#breadcrumb\",\"itemListElement\":[{\"@type\":\"ListItem\",\"position\":1,\"name\":\"Startseite\",\"item\":\"https:\\\/\\\/www.robertzueblin.com\\\/it\\\/\"},{\"@type\":\"ListItem\",\"position\":2,\"name\":\"Galleria d&#8217;arte online (Negozio online)\",\"item\":\"https:\\\/\\\/www.robertzueblin.com\\\/it\\\/galleria-d-arte-online\\\/\"},{\"@type\":\"ListItem\",\"position\":3,\"name\":\"Placca con stemma della citt\u00e0 di Neuch\u00e2tel (Neuenburg)\"}]},{\"@type\":\"WebSite\",\"@id\":\"https:\\\/\\\/www.robertzueblin.com\\\/it\\\/#website\",\"url\":\"https:\\\/\\\/www.robertzueblin.com\\\/it\\\/\",\"name\":\"ROBERT Z\u00dcBLIN\",\"description\":\"\",\"publisher\":{\"@id\":\"https:\\\/\\\/www.robertzueblin.com\\\/it\\\/#organization\"},\"potentialAction\":[{\"@type\":\"SearchAction\",\"target\":{\"@type\":\"EntryPoint\",\"urlTemplate\":\"https:\\\/\\\/www.robertzueblin.com\\\/it\\\/?s={search_term_string}\"},\"query-input\":{\"@type\":\"PropertyValueSpecification\",\"valueRequired\":true,\"valueName\":\"search_term_string\"}}],\"inLanguage\":\"it-IT\"},{\"@type\":\"Organization\",\"@id\":\"https:\\\/\\\/www.robertzueblin.com\\\/it\\\/#organization\",\"name\":\"ROBERT Z\u00dcBLIN\",\"url\":\"https:\\\/\\\/www.robertzueblin.com\\\/it\\\/\",\"logo\":{\"@type\":\"ImageObject\",\"inLanguage\":\"it-IT\",\"@id\":\"https:\\\/\\\/www.robertzueblin.com\\\/it\\\/#\\\/schema\\\/logo\\\/image\\\/\",\"url\":\"https:\\\/\\\/www.robertzueblin.com\\\/wp-content\\\/uploads\\\/cropped-cropped-logo-von-robert-zueblin.jpg\",\"contentUrl\":\"https:\\\/\\\/www.robertzueblin.com\\\/wp-content\\\/uploads\\\/cropped-cropped-logo-von-robert-zueblin.jpg\",\"width\":440,\"height\":60,\"caption\":\"ROBERT Z\u00dcBLIN\"},\"image\":{\"@id\":\"https:\\\/\\\/www.robertzueblin.com\\\/it\\\/#\\\/schema\\\/logo\\\/image\\\/\"}}]}<\/script>\n<!-- \/ Yoast SEO plugin. -->","yoast_head_json":{"title":"Placca con stemma della citt\u00e0 di Neuch\u00e2tel (Neuenburg)","description":"Piatto stemmatico svizzero in ceramica del 1900 circa della citt\u00e0 di Neuch\u00e2tello, stemma di Neuch\u00e2tel, noto anche come Neuenburg.","robots":{"index":"index","follow":"follow","max-snippet":"max-snippet:-1","max-image-preview":"max-image-preview:large","max-video-preview":"max-video-preview:-1"},"canonical":"https:\/\/www.robertzueblin.com\/it\/piastra-con-stemma\/placca-con-stemma-della-citta-di-neuchatel-neuenburg\/","og_locale":"it_IT","og_type":"article","og_title":"Placca con stemma della citt\u00e0 di Neuch\u00e2tel (Neuenburg)","og_description":"Piatto stemmatico svizzero in ceramica del 1900 circa della citt\u00e0 di Neuch\u00e2tello, stemma di Neuch\u00e2tel, noto anche come Neuenburg.","og_url":"https:\/\/www.robertzueblin.com\/it\/piastra-con-stemma\/placca-con-stemma-della-citta-di-neuchatel-neuenburg\/","og_site_name":"ROBERT Z\u00dcBLIN","article_modified_time":"2024-09-26T17:16:39+00:00","og_image":[{"width":1000,"height":1000,"url":"https:\/\/www.robertzueblin.com\/wp-content\/uploads\/placca-stemma-citta-neuchatel-neuenburg-ceramica-svizzera-foto-titolo.jpg","type":"image\/jpeg"}],"twitter_card":"summary_large_image","schema":{"@context":"https:\/\/schema.org","@graph":[{"@type":"WebPage","@id":"https:\/\/www.robertzueblin.com\/it\/piastra-con-stemma\/placca-con-stemma-della-citta-di-neuchatel-neuenburg\/","url":"https:\/\/www.robertzueblin.com\/it\/piastra-con-stemma\/placca-con-stemma-della-citta-di-neuchatel-neuenburg\/","name":"Placca con stemma della citt\u00e0 di Neuch\u00e2tel (Neuenburg)","isPartOf":{"@id":"https:\/\/www.robertzueblin.com\/it\/#website"},"primaryImageOfPage":{"@id":"https:\/\/www.robertzueblin.com\/it\/piastra-con-stemma\/placca-con-stemma-della-citta-di-neuchatel-neuenburg\/#primaryimage"},"image":{"@id":"https:\/\/www.robertzueblin.com\/it\/piastra-con-stemma\/placca-con-stemma-della-citta-di-neuchatel-neuenburg\/#primaryimage"},"thumbnailUrl":"https:\/\/www.robertzueblin.com\/wp-content\/uploads\/placca-stemma-citta-neuchatel-neuenburg-ceramica-svizzera-foto-titolo.jpg","datePublished":"2024-09-26T17:16:38+00:00","dateModified":"2024-09-26T17:16:39+00:00","description":"Piatto stemmatico svizzero in ceramica del 1900 circa della citt\u00e0 di Neuch\u00e2tello, stemma di Neuch\u00e2tel, noto anche come Neuenburg.","breadcrumb":{"@id":"https:\/\/www.robertzueblin.com\/it\/piastra-con-stemma\/placca-con-stemma-della-citta-di-neuchatel-neuenburg\/#breadcrumb"},"inLanguage":"it-IT","potentialAction":[{"@type":"ReadAction","target":["https:\/\/www.robertzueblin.com\/it\/piastra-con-stemma\/placca-con-stemma-della-citta-di-neuchatel-neuenburg\/"]}]},{"@type":"ImageObject","inLanguage":"it-IT","@id":"https:\/\/www.robertzueblin.com\/it\/piastra-con-stemma\/placca-con-stemma-della-citta-di-neuchatel-neuenburg\/#primaryimage","url":"https:\/\/www.robertzueblin.com\/wp-content\/uploads\/placca-stemma-citta-neuchatel-neuenburg-ceramica-svizzera-foto-titolo.jpg","contentUrl":"https:\/\/www.robertzueblin.com\/wp-content\/uploads\/placca-stemma-citta-neuchatel-neuenburg-ceramica-svizzera-foto-titolo.jpg","width":1000,"height":1000},{"@type":"BreadcrumbList","@id":"https:\/\/www.robertzueblin.com\/it\/piastra-con-stemma\/placca-con-stemma-della-citta-di-neuchatel-neuenburg\/#breadcrumb","itemListElement":[{"@type":"ListItem","position":1,"name":"Startseite","item":"https:\/\/www.robertzueblin.com\/it\/"},{"@type":"ListItem","position":2,"name":"Galleria d&#8217;arte online (Negozio online)","item":"https:\/\/www.robertzueblin.com\/it\/galleria-d-arte-online\/"},{"@type":"ListItem","position":3,"name":"Placca con stemma della citt\u00e0 di Neuch\u00e2tel (Neuenburg)"}]},{"@type":"WebSite","@id":"https:\/\/www.robertzueblin.com\/it\/#website","url":"https:\/\/www.robertzueblin.com\/it\/","name":"ROBERT Z\u00dcBLIN","description":"","publisher":{"@id":"https:\/\/www.robertzueblin.com\/it\/#organization"},"potentialAction":[{"@type":"SearchAction","target":{"@type":"EntryPoint","urlTemplate":"https:\/\/www.robertzueblin.com\/it\/?s={search_term_string}"},"query-input":{"@type":"PropertyValueSpecification","valueRequired":true,"valueName":"search_term_string"}}],"inLanguage":"it-IT"},{"@type":"Organization","@id":"https:\/\/www.robertzueblin.com\/it\/#organization","name":"ROBERT Z\u00dcBLIN","url":"https:\/\/www.robertzueblin.com\/it\/","logo":{"@type":"ImageObject","inLanguage":"it-IT","@id":"https:\/\/www.robertzueblin.com\/it\/#\/schema\/logo\/image\/","url":"https:\/\/www.robertzueblin.com\/wp-content\/uploads\/cropped-cropped-logo-von-robert-zueblin.jpg","contentUrl":"https:\/\/www.robertzueblin.com\/wp-content\/uploads\/cropped-cropped-logo-von-robert-zueblin.jpg","width":440,"height":60,"caption":"ROBERT Z\u00dcBLIN"},"image":{"@id":"https:\/\/www.robertzueblin.com\/it\/#\/schema\/logo\/image\/"}}]}},"_links":{"self":[{"href":"https:\/\/www.robertzueblin.com\/it\/wp-json\/wp\/v2\/product\/40195","targetHints":{"allow":["GET"]}}],"collection":[{"href":"https:\/\/www.robertzueblin.com\/it\/wp-json\/wp\/v2\/product"}],"about":[{"href":"https:\/\/www.robertzueblin.com\/it\/wp-json\/wp\/v2\/types\/product"}],"wp:featuredmedia":[{"embeddable":true,"href":"https:\/\/www.robertzueblin.com\/it\/wp-json\/wp\/v2\/media\/40196"}],"wp:attachment":[{"href":"https:\/\/www.robertzueblin.com\/it\/wp-json\/wp\/v2\/media?parent=40195"}],"wp:term":[{"taxonomy":"product_brand","embeddable":true,"href":"https:\/\/www.robertzueblin.com\/it\/wp-json\/wp\/v2\/product_brand?post=40195"},{"taxonomy":"product_cat","embeddable":true,"href":"https:\/\/www.robertzueblin.com\/it\/wp-json\/wp\/v2\/product_cat?post=40195"},{"taxonomy":"product_tag","embeddable":true,"href":"https:\/\/www.robertzueblin.com\/it\/wp-json\/wp\/v2\/product_tag?post=40195"}],"curies":[{"name":"wp","href":"https:\/\/api.w.org\/{rel}","templated":true}]}}