{"id":36893,"date":"2024-04-03T18:51:14","date_gmt":"2024-04-03T16:51:14","guid":{"rendered":"https:\/\/www.robertzueblin.com\/?post_type=product&#038;p=36893"},"modified":"2024-04-03T18:56:46","modified_gmt":"2024-04-03T16:56:46","slug":"barthelemy-menn-1815-%e2%80%a0-1893-paesaggio-fluviale-quadro-ad-olio","status":"publish","type":"product","link":"https:\/\/www.robertzueblin.com\/it\/barthelemy-menn\/paesaggio-fluviale-quadro-ad-olio\/","title":{"rendered":"Barth\u00e9lemy MENN (* 1815, \u2020 1893) &#8211; Paesaggio fluviale &#8211; Quadro ad olio"},"content":{"rendered":"<p><span style=\"font-family: AkkoPro-BoldCondensed!important\">Type:<\/span> <a href=\"https:\/\/www.robertzueblin.com\/it\/tipo\/pittura\/\">pittura<\/a><\/p>\n<p><span style=\"font-family: AkkoPro-BoldCondensed!important\">Pittore:<\/span> <a href=\"https:\/\/www.robertzueblin.com\/it\/barthelemy-menn\/\">Barth\u00e9lemy Menn<\/a> (* 1815, \u2020 1893) <\/p>\n<p><span style=\"font-family: AkkoPro-BoldCondensed!important\">Oggetto:<\/span> <a href=\"https:\/\/www.robertzueblin.com\/it\/quadri-a-olio\/\">pittura a olio<\/a><\/p>\n<p><span style=\"font-family: AkkoPro-BoldCondensed!important\">Materiale:<\/span> olio su tavola, verniciato<\/p>\n<p><span style=\"font-family: AkkoPro-BoldCondensed!important\">Dimensioni:<\/span> altezza: 13,8 cm, larghezza: 31 cm; con cornice: altezza: 26 cm, larghezza: 43,3 cm<\/p>\n<p><span style=\"font-family: AkkoPro-BoldCondensed!important\">Anno di fabbricazione:<\/span> seconda met\u00e0 del XIX secolo<\/p>\n<p><span style=\"font-family: AkkoPro-BoldCondensed!important\">Condizione:<\/span> segni d&#8217;uso dovuti all&#8217;et\u00e0. Buono stato.<\/p>\n<p><span style=\"font-family: AkkoPro-BoldCondensed!important\">Firma:<\/span> senza (ma c&#8217;\u00e8 una targhetta sulla cornice con l&#8217;iscrizione &#8220;1815 Menn Barth\u00e9lemy, Ginevra 1893&#8221;)<\/p>\n","protected":false},"excerpt":{"rendered":"<p>Type: pittura Pittore: Barth\u00e9lemy Menn (* 1815, \u2020 1893) Oggetto: pittura a olio Materiale: olio su tavola, verniciato Dimensioni: altezza: 13,8 cm, larghezza: 31 cm; con cornice: altezza: 26 cm, larghezza: 43,3 cm Anno di fabbricazione: seconda met\u00e0 del XIX secolo Condizione: segni d&#8217;uso dovuti all&#8217;et\u00e0. Buono stato. Firma: senza (ma c&#8217;\u00e8 una targhetta sulla [&hellip;]<\/p>\n","protected":false},"featured_media":36897,"template":"","meta":[],"product_brand":[],"product_cat":[777,548,497],"product_tag":[],"class_list":{"0":"post-36893","1":"product","2":"type-product","3":"status-publish","4":"has-post-thumbnail","6":"product_cat-pittura","7":"product_cat-barthelemy-menn","8":"product_cat-quadri-a-olio","10":"first","11":"instock","12":"sold-individually","13":"shipping-taxable","14":"purchasable","15":"product-type-simple"},"yoast_head":"<!-- This site is optimized with the Yoast SEO plugin v27.5 - https:\/\/yoast.com\/product\/yoast-seo-wordpress\/ -->\n<title>Barth\u00e9lemy MENN - Paesaggio fluviale - Quadro ad olio<\/title>\n<meta name=\"description\" content=\"Quadro a olio con paesaggio fluviale del pittore svizzero Barth\u00e9lemy Menn; pittura plein air, pittura all&#039;aria aperta, pittura plein air, paysage intime.\" \/>\n<meta name=\"robots\" content=\"index, follow, max-snippet:-1, max-image-preview:large, max-video-preview:-1\" \/>\n<link rel=\"canonical\" href=\"https:\/\/www.robertzueblin.com\/it\/barthelemy-menn\/paesaggio-fluviale-quadro-ad-olio\/\" \/>\n<meta property=\"og:locale\" content=\"it_IT\" \/>\n<meta property=\"og:type\" content=\"article\" \/>\n<meta property=\"og:title\" content=\"Barth\u00e9lemy MENN - Paesaggio fluviale - Quadro ad olio\" \/>\n<meta property=\"og:description\" content=\"Quadro a olio con paesaggio fluviale del pittore svizzero Barth\u00e9lemy Menn; pittura plein air, pittura all&#039;aria aperta, pittura plein air, paysage intime.\" \/>\n<meta property=\"og:url\" content=\"https:\/\/www.robertzueblin.com\/it\/barthelemy-menn\/paesaggio-fluviale-quadro-ad-olio\/\" \/>\n<meta property=\"og:site_name\" content=\"ROBERT Z\u00dcBLIN\" \/>\n<meta property=\"article:modified_time\" content=\"2024-04-03T16:56:46+00:00\" \/>\n<meta property=\"og:image\" content=\"https:\/\/www.robertzueblin.com\/wp-content\/uploads\/barthelemy-menn-quadro-olio-paesaggio-fluviale-foto-titolo.jpg\" \/>\n\t<meta property=\"og:image:width\" content=\"1689\" \/>\n\t<meta property=\"og:image:height\" content=\"730\" \/>\n\t<meta property=\"og:image:type\" content=\"image\/jpeg\" \/>\n<meta name=\"twitter:card\" content=\"summary_large_image\" \/>\n<script type=\"application\/ld+json\" class=\"yoast-schema-graph\">{\"@context\":\"https:\\\/\\\/schema.org\",\"@graph\":[{\"@type\":\"WebPage\",\"@id\":\"https:\\\/\\\/www.robertzueblin.com\\\/it\\\/barthelemy-menn\\\/paesaggio-fluviale-quadro-ad-olio\\\/\",\"url\":\"https:\\\/\\\/www.robertzueblin.com\\\/it\\\/barthelemy-menn\\\/paesaggio-fluviale-quadro-ad-olio\\\/\",\"name\":\"Barth\u00e9lemy MENN - Paesaggio fluviale - Quadro ad olio\",\"isPartOf\":{\"@id\":\"https:\\\/\\\/www.robertzueblin.com\\\/it\\\/#website\"},\"primaryImageOfPage\":{\"@id\":\"https:\\\/\\\/www.robertzueblin.com\\\/it\\\/barthelemy-menn\\\/paesaggio-fluviale-quadro-ad-olio\\\/#primaryimage\"},\"image\":{\"@id\":\"https:\\\/\\\/www.robertzueblin.com\\\/it\\\/barthelemy-menn\\\/paesaggio-fluviale-quadro-ad-olio\\\/#primaryimage\"},\"thumbnailUrl\":\"https:\\\/\\\/www.robertzueblin.com\\\/wp-content\\\/uploads\\\/barthelemy-menn-quadro-olio-paesaggio-fluviale-foto-titolo.jpg\",\"datePublished\":\"2024-04-03T16:51:14+00:00\",\"dateModified\":\"2024-04-03T16:56:46+00:00\",\"description\":\"Quadro a olio con paesaggio fluviale del pittore svizzero Barth\u00e9lemy Menn; pittura plein air, pittura all'aria aperta, pittura plein air, paysage intime.\",\"breadcrumb\":{\"@id\":\"https:\\\/\\\/www.robertzueblin.com\\\/it\\\/barthelemy-menn\\\/paesaggio-fluviale-quadro-ad-olio\\\/#breadcrumb\"},\"inLanguage\":\"it-IT\",\"potentialAction\":[{\"@type\":\"ReadAction\",\"target\":[\"https:\\\/\\\/www.robertzueblin.com\\\/it\\\/barthelemy-menn\\\/paesaggio-fluviale-quadro-ad-olio\\\/\"]}]},{\"@type\":\"ImageObject\",\"inLanguage\":\"it-IT\",\"@id\":\"https:\\\/\\\/www.robertzueblin.com\\\/it\\\/barthelemy-menn\\\/paesaggio-fluviale-quadro-ad-olio\\\/#primaryimage\",\"url\":\"https:\\\/\\\/www.robertzueblin.com\\\/wp-content\\\/uploads\\\/barthelemy-menn-quadro-olio-paesaggio-fluviale-foto-titolo.jpg\",\"contentUrl\":\"https:\\\/\\\/www.robertzueblin.com\\\/wp-content\\\/uploads\\\/barthelemy-menn-quadro-olio-paesaggio-fluviale-foto-titolo.jpg\",\"width\":1689,\"height\":730},{\"@type\":\"BreadcrumbList\",\"@id\":\"https:\\\/\\\/www.robertzueblin.com\\\/it\\\/barthelemy-menn\\\/paesaggio-fluviale-quadro-ad-olio\\\/#breadcrumb\",\"itemListElement\":[{\"@type\":\"ListItem\",\"position\":1,\"name\":\"Startseite\",\"item\":\"https:\\\/\\\/www.robertzueblin.com\\\/it\\\/\"},{\"@type\":\"ListItem\",\"position\":2,\"name\":\"Galleria d&#8217;arte online (Negozio online)\",\"item\":\"https:\\\/\\\/www.robertzueblin.com\\\/it\\\/galleria-d-arte-online\\\/\"},{\"@type\":\"ListItem\",\"position\":3,\"name\":\"Barth\u00e9lemy MENN (* 1815, \u2020 1893) &#8211; Paesaggio fluviale &#8211; Quadro ad olio\"}]},{\"@type\":\"WebSite\",\"@id\":\"https:\\\/\\\/www.robertzueblin.com\\\/it\\\/#website\",\"url\":\"https:\\\/\\\/www.robertzueblin.com\\\/it\\\/\",\"name\":\"ROBERT Z\u00dcBLIN\",\"description\":\"\",\"publisher\":{\"@id\":\"https:\\\/\\\/www.robertzueblin.com\\\/it\\\/#organization\"},\"potentialAction\":[{\"@type\":\"SearchAction\",\"target\":{\"@type\":\"EntryPoint\",\"urlTemplate\":\"https:\\\/\\\/www.robertzueblin.com\\\/it\\\/?s={search_term_string}\"},\"query-input\":{\"@type\":\"PropertyValueSpecification\",\"valueRequired\":true,\"valueName\":\"search_term_string\"}}],\"inLanguage\":\"it-IT\"},{\"@type\":\"Organization\",\"@id\":\"https:\\\/\\\/www.robertzueblin.com\\\/it\\\/#organization\",\"name\":\"ROBERT Z\u00dcBLIN\",\"url\":\"https:\\\/\\\/www.robertzueblin.com\\\/it\\\/\",\"logo\":{\"@type\":\"ImageObject\",\"inLanguage\":\"it-IT\",\"@id\":\"https:\\\/\\\/www.robertzueblin.com\\\/it\\\/#\\\/schema\\\/logo\\\/image\\\/\",\"url\":\"https:\\\/\\\/www.robertzueblin.com\\\/wp-content\\\/uploads\\\/cropped-cropped-logo-von-robert-zueblin.jpg\",\"contentUrl\":\"https:\\\/\\\/www.robertzueblin.com\\\/wp-content\\\/uploads\\\/cropped-cropped-logo-von-robert-zueblin.jpg\",\"width\":440,\"height\":60,\"caption\":\"ROBERT Z\u00dcBLIN\"},\"image\":{\"@id\":\"https:\\\/\\\/www.robertzueblin.com\\\/it\\\/#\\\/schema\\\/logo\\\/image\\\/\"}}]}<\/script>\n<!-- \/ Yoast SEO plugin. -->","yoast_head_json":{"title":"Barth\u00e9lemy MENN - Paesaggio fluviale - Quadro ad olio","description":"Quadro a olio con paesaggio fluviale del pittore svizzero Barth\u00e9lemy Menn; pittura plein air, pittura all'aria aperta, pittura plein air, paysage intime.","robots":{"index":"index","follow":"follow","max-snippet":"max-snippet:-1","max-image-preview":"max-image-preview:large","max-video-preview":"max-video-preview:-1"},"canonical":"https:\/\/www.robertzueblin.com\/it\/barthelemy-menn\/paesaggio-fluviale-quadro-ad-olio\/","og_locale":"it_IT","og_type":"article","og_title":"Barth\u00e9lemy MENN - Paesaggio fluviale - Quadro ad olio","og_description":"Quadro a olio con paesaggio fluviale del pittore svizzero Barth\u00e9lemy Menn; pittura plein air, pittura all'aria aperta, pittura plein air, paysage intime.","og_url":"https:\/\/www.robertzueblin.com\/it\/barthelemy-menn\/paesaggio-fluviale-quadro-ad-olio\/","og_site_name":"ROBERT Z\u00dcBLIN","article_modified_time":"2024-04-03T16:56:46+00:00","og_image":[{"width":1689,"height":730,"url":"https:\/\/www.robertzueblin.com\/wp-content\/uploads\/barthelemy-menn-quadro-olio-paesaggio-fluviale-foto-titolo.jpg","type":"image\/jpeg"}],"twitter_card":"summary_large_image","schema":{"@context":"https:\/\/schema.org","@graph":[{"@type":"WebPage","@id":"https:\/\/www.robertzueblin.com\/it\/barthelemy-menn\/paesaggio-fluviale-quadro-ad-olio\/","url":"https:\/\/www.robertzueblin.com\/it\/barthelemy-menn\/paesaggio-fluviale-quadro-ad-olio\/","name":"Barth\u00e9lemy MENN - Paesaggio fluviale - Quadro ad olio","isPartOf":{"@id":"https:\/\/www.robertzueblin.com\/it\/#website"},"primaryImageOfPage":{"@id":"https:\/\/www.robertzueblin.com\/it\/barthelemy-menn\/paesaggio-fluviale-quadro-ad-olio\/#primaryimage"},"image":{"@id":"https:\/\/www.robertzueblin.com\/it\/barthelemy-menn\/paesaggio-fluviale-quadro-ad-olio\/#primaryimage"},"thumbnailUrl":"https:\/\/www.robertzueblin.com\/wp-content\/uploads\/barthelemy-menn-quadro-olio-paesaggio-fluviale-foto-titolo.jpg","datePublished":"2024-04-03T16:51:14+00:00","dateModified":"2024-04-03T16:56:46+00:00","description":"Quadro a olio con paesaggio fluviale del pittore svizzero Barth\u00e9lemy Menn; pittura plein air, pittura all'aria aperta, pittura plein air, paysage intime.","breadcrumb":{"@id":"https:\/\/www.robertzueblin.com\/it\/barthelemy-menn\/paesaggio-fluviale-quadro-ad-olio\/#breadcrumb"},"inLanguage":"it-IT","potentialAction":[{"@type":"ReadAction","target":["https:\/\/www.robertzueblin.com\/it\/barthelemy-menn\/paesaggio-fluviale-quadro-ad-olio\/"]}]},{"@type":"ImageObject","inLanguage":"it-IT","@id":"https:\/\/www.robertzueblin.com\/it\/barthelemy-menn\/paesaggio-fluviale-quadro-ad-olio\/#primaryimage","url":"https:\/\/www.robertzueblin.com\/wp-content\/uploads\/barthelemy-menn-quadro-olio-paesaggio-fluviale-foto-titolo.jpg","contentUrl":"https:\/\/www.robertzueblin.com\/wp-content\/uploads\/barthelemy-menn-quadro-olio-paesaggio-fluviale-foto-titolo.jpg","width":1689,"height":730},{"@type":"BreadcrumbList","@id":"https:\/\/www.robertzueblin.com\/it\/barthelemy-menn\/paesaggio-fluviale-quadro-ad-olio\/#breadcrumb","itemListElement":[{"@type":"ListItem","position":1,"name":"Startseite","item":"https:\/\/www.robertzueblin.com\/it\/"},{"@type":"ListItem","position":2,"name":"Galleria d&#8217;arte online (Negozio online)","item":"https:\/\/www.robertzueblin.com\/it\/galleria-d-arte-online\/"},{"@type":"ListItem","position":3,"name":"Barth\u00e9lemy MENN (* 1815, \u2020 1893) &#8211; Paesaggio fluviale &#8211; Quadro ad olio"}]},{"@type":"WebSite","@id":"https:\/\/www.robertzueblin.com\/it\/#website","url":"https:\/\/www.robertzueblin.com\/it\/","name":"ROBERT Z\u00dcBLIN","description":"","publisher":{"@id":"https:\/\/www.robertzueblin.com\/it\/#organization"},"potentialAction":[{"@type":"SearchAction","target":{"@type":"EntryPoint","urlTemplate":"https:\/\/www.robertzueblin.com\/it\/?s={search_term_string}"},"query-input":{"@type":"PropertyValueSpecification","valueRequired":true,"valueName":"search_term_string"}}],"inLanguage":"it-IT"},{"@type":"Organization","@id":"https:\/\/www.robertzueblin.com\/it\/#organization","name":"ROBERT Z\u00dcBLIN","url":"https:\/\/www.robertzueblin.com\/it\/","logo":{"@type":"ImageObject","inLanguage":"it-IT","@id":"https:\/\/www.robertzueblin.com\/it\/#\/schema\/logo\/image\/","url":"https:\/\/www.robertzueblin.com\/wp-content\/uploads\/cropped-cropped-logo-von-robert-zueblin.jpg","contentUrl":"https:\/\/www.robertzueblin.com\/wp-content\/uploads\/cropped-cropped-logo-von-robert-zueblin.jpg","width":440,"height":60,"caption":"ROBERT Z\u00dcBLIN"},"image":{"@id":"https:\/\/www.robertzueblin.com\/it\/#\/schema\/logo\/image\/"}}]}},"_links":{"self":[{"href":"https:\/\/www.robertzueblin.com\/it\/wp-json\/wp\/v2\/product\/36893","targetHints":{"allow":["GET"]}}],"collection":[{"href":"https:\/\/www.robertzueblin.com\/it\/wp-json\/wp\/v2\/product"}],"about":[{"href":"https:\/\/www.robertzueblin.com\/it\/wp-json\/wp\/v2\/types\/product"}],"wp:featuredmedia":[{"embeddable":true,"href":"https:\/\/www.robertzueblin.com\/it\/wp-json\/wp\/v2\/media\/36897"}],"wp:attachment":[{"href":"https:\/\/www.robertzueblin.com\/it\/wp-json\/wp\/v2\/media?parent=36893"}],"wp:term":[{"taxonomy":"product_brand","embeddable":true,"href":"https:\/\/www.robertzueblin.com\/it\/wp-json\/wp\/v2\/product_brand?post=36893"},{"taxonomy":"product_cat","embeddable":true,"href":"https:\/\/www.robertzueblin.com\/it\/wp-json\/wp\/v2\/product_cat?post=36893"},{"taxonomy":"product_tag","embeddable":true,"href":"https:\/\/www.robertzueblin.com\/it\/wp-json\/wp\/v2\/product_tag?post=36893"}],"curies":[{"name":"wp","href":"https:\/\/api.w.org\/{rel}","templated":true}]}}