{"id":31134,"date":"2023-01-25T19:28:32","date_gmt":"2023-01-28T09:06:22","guid":{"rendered":"https:\/\/www.robertzueblin.com\/?post_type=product&#038;p=31134"},"modified":"2023-05-09T20:31:14","modified_gmt":"2023-05-09T18:31:14","slug":"mila-vazquez-otero-1978-busto-di-friedrich-nietzsche-i","status":"publish","type":"product","link":"https:\/\/www.robertzueblin.com\/it\/mila-vazquez-otero\/busto-di-friedrich-nietzsche-i\/","title":{"rendered":"Mila V\u00c1ZQUEZ OTERO (* 1978) &#8211; Busto di Friedrich Nietzsche I"},"content":{"rendered":"<p><span style=\"font-family: AkkoPro-BoldCondensed!important\">Tipo:<\/span> scultura<\/p>\n<p><span style=\"font-family: AkkoPro-BoldCondensed!important\">Disegno:<\/span> Mila V\u00e1zquez Otero (* 1978)<\/p>\n<p><span style=\"font-family: AkkoPro-BoldCondensed!important\">Esecuzione:<\/span> Mila V\u00e1zquez Otero (* 1978)<\/p>\n<p><span style=\"font-family: AkkoPro-BoldCondensed!important\">Oggetto:<\/span> scultura<\/p>\n<p><span style=\"font-family: AkkoPro-BoldCondensed!important\">Materiale:<\/span> carta di giornale, pasta, filo di ferro e legno di quercia<\/p>\n<p><span style=\"font-family: AkkoPro-BoldCondensed!important\">Dimensioni:<\/span> altezza: 12,5 cm (compresa la base), larghezza: 5,5 cm e profondit\u00e0: 4,5 cm.<\/p>\n<p><span style=\"font-family: AkkoPro-BoldCondensed!important\">Anno di fabbricazione:<\/span> 2023<\/p>\n<p><span style=\"font-family: AkkoPro-BoldCondensed!important\">Firma\/marchio:<\/span> O su M<\/p>\n<p><span style=\"font-family: AkkoPro-BoldCondensed!important\">Dettagli:<\/span><br \/>\nIl busto di Friedrich Nietzsche \u00e8 opera dell&#8217;artista Mila V\u00e1zquez Otero. Friedrich Nietzsche \u00e8 uno dei pi\u00f9 importanti filosofi dell&#8217;et\u00e0 moderna.<\/p>\n<p>Il busto di Friedrich Nietzsche \u00e8 fatto di carta di giornale e pasta. Nella scultura di Nietzsche sono presenti legno e filo di ferro per le giunzioni. La base in legno \u00e8 in rovere. La firma dell&#8217;artista \u00e8 presente anche sulla base.<\/p>\n<p>Il busto di Nietzsche \u00e8 dipinto con vernice acrilica trasparente con protezione UV, la base non \u00e8 dipinta con vernice acrilica ma oliata.<\/p>\n","protected":false},"excerpt":{"rendered":"<p>Tipo: scultura Disegno: Mila V\u00e1zquez Otero (* 1978) Esecuzione: Mila V\u00e1zquez Otero (* 1978) Oggetto: scultura Materiale: carta di giornale, pasta, filo di ferro e legno di quercia Dimensioni: altezza: 12,5 cm (compresa la base), larghezza: 5,5 cm e profondit\u00e0: 4,5 cm. Anno di fabbricazione: 2023 Firma\/marchio: O su M Dettagli: Il busto di Friedrich [&hellip;]<\/p>\n","protected":false},"featured_media":31135,"template":"","meta":[],"product_brand":[],"product_cat":[367],"product_tag":[],"class_list":{"0":"post-31134","1":"product","2":"type-product","3":"status-publish","4":"has-post-thumbnail","6":"product_cat-mila-vazquez-otero","8":"first","9":"instock","10":"sold-individually","11":"shipping-taxable","12":"purchasable","13":"product-type-simple"},"yoast_head":"<!-- This site is optimized with the Yoast SEO plugin v27.5 - https:\/\/yoast.com\/product\/yoast-seo-wordpress\/ -->\n<title>Mila V\u00c1ZQUEZ OTERO (* 1978) - Busto di Friedrich Nietzsche I<\/title>\n<meta name=\"description\" content=\"Busto di Friedrich Nietzsche dell&#039;artista Mila V\u00e1zquez Otero. Il busto di Nietzsche \u00e8 fatto essenzialmente di carta e pasta, la base \u00e8 in legno di quercia.\" \/>\n<meta name=\"robots\" content=\"index, follow, max-snippet:-1, max-image-preview:large, max-video-preview:-1\" \/>\n<link rel=\"canonical\" href=\"https:\/\/www.robertzueblin.com\/it\/mila-vazquez-otero\/busto-di-friedrich-nietzsche-i\/\" \/>\n<meta property=\"og:locale\" content=\"it_IT\" \/>\n<meta property=\"og:type\" content=\"article\" \/>\n<meta property=\"og:title\" content=\"Mila V\u00c1ZQUEZ OTERO (* 1978) - Busto di Friedrich Nietzsche I\" \/>\n<meta property=\"og:description\" content=\"Busto di Friedrich Nietzsche dell&#039;artista Mila V\u00e1zquez Otero. Il busto di Nietzsche \u00e8 fatto essenzialmente di carta e pasta, la base \u00e8 in legno di quercia.\" \/>\n<meta property=\"og:url\" content=\"https:\/\/www.robertzueblin.com\/it\/mila-vazquez-otero\/busto-di-friedrich-nietzsche-i\/\" \/>\n<meta property=\"og:site_name\" content=\"ROBERT Z\u00dcBLIN\" \/>\n<meta property=\"article:modified_time\" content=\"2023-05-09T18:31:14+00:00\" \/>\n<meta property=\"og:image\" content=\"https:\/\/www.robertzueblin.com\/wp-content\/uploads\/mila-vazquez-otero-friedrich-nietzsche-busto-I-dettaglio.jpg\" \/>\n\t<meta property=\"og:image:width\" content=\"1000\" \/>\n\t<meta property=\"og:image:height\" content=\"1000\" \/>\n\t<meta property=\"og:image:type\" content=\"image\/jpeg\" \/>\n<meta name=\"twitter:card\" content=\"summary_large_image\" \/>\n<script type=\"application\/ld+json\" class=\"yoast-schema-graph\">{\"@context\":\"https:\\\/\\\/schema.org\",\"@graph\":[{\"@type\":\"WebPage\",\"@id\":\"https:\\\/\\\/www.robertzueblin.com\\\/it\\\/mila-vazquez-otero\\\/busto-di-friedrich-nietzsche-i\\\/\",\"url\":\"https:\\\/\\\/www.robertzueblin.com\\\/it\\\/mila-vazquez-otero\\\/busto-di-friedrich-nietzsche-i\\\/\",\"name\":\"Mila V\u00c1ZQUEZ OTERO (* 1978) - Busto di Friedrich Nietzsche I\",\"isPartOf\":{\"@id\":\"https:\\\/\\\/www.robertzueblin.com\\\/it\\\/#website\"},\"primaryImageOfPage\":{\"@id\":\"https:\\\/\\\/www.robertzueblin.com\\\/it\\\/mila-vazquez-otero\\\/busto-di-friedrich-nietzsche-i\\\/#primaryimage\"},\"image\":{\"@id\":\"https:\\\/\\\/www.robertzueblin.com\\\/it\\\/mila-vazquez-otero\\\/busto-di-friedrich-nietzsche-i\\\/#primaryimage\"},\"thumbnailUrl\":\"https:\\\/\\\/www.robertzueblin.com\\\/wp-content\\\/uploads\\\/mila-vazquez-otero-friedrich-nietzsche-busto-I-dettaglio.jpg\",\"datePublished\":\"2023-01-28T09:06:22+00:00\",\"dateModified\":\"2023-05-09T18:31:14+00:00\",\"description\":\"Busto di Friedrich Nietzsche dell'artista Mila V\u00e1zquez Otero. Il busto di Nietzsche \u00e8 fatto essenzialmente di carta e pasta, la base \u00e8 in legno di quercia.\",\"breadcrumb\":{\"@id\":\"https:\\\/\\\/www.robertzueblin.com\\\/it\\\/mila-vazquez-otero\\\/busto-di-friedrich-nietzsche-i\\\/#breadcrumb\"},\"inLanguage\":\"it-IT\",\"potentialAction\":[{\"@type\":\"ReadAction\",\"target\":[\"https:\\\/\\\/www.robertzueblin.com\\\/it\\\/mila-vazquez-otero\\\/busto-di-friedrich-nietzsche-i\\\/\"]}]},{\"@type\":\"ImageObject\",\"inLanguage\":\"it-IT\",\"@id\":\"https:\\\/\\\/www.robertzueblin.com\\\/it\\\/mila-vazquez-otero\\\/busto-di-friedrich-nietzsche-i\\\/#primaryimage\",\"url\":\"https:\\\/\\\/www.robertzueblin.com\\\/wp-content\\\/uploads\\\/mila-vazquez-otero-friedrich-nietzsche-busto-I-dettaglio.jpg\",\"contentUrl\":\"https:\\\/\\\/www.robertzueblin.com\\\/wp-content\\\/uploads\\\/mila-vazquez-otero-friedrich-nietzsche-busto-I-dettaglio.jpg\",\"width\":1000,\"height\":1000},{\"@type\":\"BreadcrumbList\",\"@id\":\"https:\\\/\\\/www.robertzueblin.com\\\/it\\\/mila-vazquez-otero\\\/busto-di-friedrich-nietzsche-i\\\/#breadcrumb\",\"itemListElement\":[{\"@type\":\"ListItem\",\"position\":1,\"name\":\"Startseite\",\"item\":\"https:\\\/\\\/www.robertzueblin.com\\\/it\\\/\"},{\"@type\":\"ListItem\",\"position\":2,\"name\":\"Galleria d&#8217;arte online (Negozio online)\",\"item\":\"https:\\\/\\\/www.robertzueblin.com\\\/it\\\/galleria-d-arte-online\\\/\"},{\"@type\":\"ListItem\",\"position\":3,\"name\":\"Mila V\u00c1ZQUEZ OTERO (* 1978) &#8211; Busto di Friedrich Nietzsche I\"}]},{\"@type\":\"WebSite\",\"@id\":\"https:\\\/\\\/www.robertzueblin.com\\\/it\\\/#website\",\"url\":\"https:\\\/\\\/www.robertzueblin.com\\\/it\\\/\",\"name\":\"ROBERT Z\u00dcBLIN\",\"description\":\"\",\"publisher\":{\"@id\":\"https:\\\/\\\/www.robertzueblin.com\\\/it\\\/#organization\"},\"potentialAction\":[{\"@type\":\"SearchAction\",\"target\":{\"@type\":\"EntryPoint\",\"urlTemplate\":\"https:\\\/\\\/www.robertzueblin.com\\\/it\\\/?s={search_term_string}\"},\"query-input\":{\"@type\":\"PropertyValueSpecification\",\"valueRequired\":true,\"valueName\":\"search_term_string\"}}],\"inLanguage\":\"it-IT\"},{\"@type\":\"Organization\",\"@id\":\"https:\\\/\\\/www.robertzueblin.com\\\/it\\\/#organization\",\"name\":\"ROBERT Z\u00dcBLIN\",\"url\":\"https:\\\/\\\/www.robertzueblin.com\\\/it\\\/\",\"logo\":{\"@type\":\"ImageObject\",\"inLanguage\":\"it-IT\",\"@id\":\"https:\\\/\\\/www.robertzueblin.com\\\/it\\\/#\\\/schema\\\/logo\\\/image\\\/\",\"url\":\"https:\\\/\\\/www.robertzueblin.com\\\/wp-content\\\/uploads\\\/cropped-cropped-logo-von-robert-zueblin.jpg\",\"contentUrl\":\"https:\\\/\\\/www.robertzueblin.com\\\/wp-content\\\/uploads\\\/cropped-cropped-logo-von-robert-zueblin.jpg\",\"width\":440,\"height\":60,\"caption\":\"ROBERT Z\u00dcBLIN\"},\"image\":{\"@id\":\"https:\\\/\\\/www.robertzueblin.com\\\/it\\\/#\\\/schema\\\/logo\\\/image\\\/\"}}]}<\/script>\n<!-- \/ Yoast SEO plugin. -->","yoast_head_json":{"title":"Mila V\u00c1ZQUEZ OTERO (* 1978) - Busto di Friedrich Nietzsche I","description":"Busto di Friedrich Nietzsche dell'artista Mila V\u00e1zquez Otero. Il busto di Nietzsche \u00e8 fatto essenzialmente di carta e pasta, la base \u00e8 in legno di quercia.","robots":{"index":"index","follow":"follow","max-snippet":"max-snippet:-1","max-image-preview":"max-image-preview:large","max-video-preview":"max-video-preview:-1"},"canonical":"https:\/\/www.robertzueblin.com\/it\/mila-vazquez-otero\/busto-di-friedrich-nietzsche-i\/","og_locale":"it_IT","og_type":"article","og_title":"Mila V\u00c1ZQUEZ OTERO (* 1978) - Busto di Friedrich Nietzsche I","og_description":"Busto di Friedrich Nietzsche dell'artista Mila V\u00e1zquez Otero. Il busto di Nietzsche \u00e8 fatto essenzialmente di carta e pasta, la base \u00e8 in legno di quercia.","og_url":"https:\/\/www.robertzueblin.com\/it\/mila-vazquez-otero\/busto-di-friedrich-nietzsche-i\/","og_site_name":"ROBERT Z\u00dcBLIN","article_modified_time":"2023-05-09T18:31:14+00:00","og_image":[{"width":1000,"height":1000,"url":"https:\/\/www.robertzueblin.com\/wp-content\/uploads\/mila-vazquez-otero-friedrich-nietzsche-busto-I-dettaglio.jpg","type":"image\/jpeg"}],"twitter_card":"summary_large_image","schema":{"@context":"https:\/\/schema.org","@graph":[{"@type":"WebPage","@id":"https:\/\/www.robertzueblin.com\/it\/mila-vazquez-otero\/busto-di-friedrich-nietzsche-i\/","url":"https:\/\/www.robertzueblin.com\/it\/mila-vazquez-otero\/busto-di-friedrich-nietzsche-i\/","name":"Mila V\u00c1ZQUEZ OTERO (* 1978) - Busto di Friedrich Nietzsche I","isPartOf":{"@id":"https:\/\/www.robertzueblin.com\/it\/#website"},"primaryImageOfPage":{"@id":"https:\/\/www.robertzueblin.com\/it\/mila-vazquez-otero\/busto-di-friedrich-nietzsche-i\/#primaryimage"},"image":{"@id":"https:\/\/www.robertzueblin.com\/it\/mila-vazquez-otero\/busto-di-friedrich-nietzsche-i\/#primaryimage"},"thumbnailUrl":"https:\/\/www.robertzueblin.com\/wp-content\/uploads\/mila-vazquez-otero-friedrich-nietzsche-busto-I-dettaglio.jpg","datePublished":"2023-01-28T09:06:22+00:00","dateModified":"2023-05-09T18:31:14+00:00","description":"Busto di Friedrich Nietzsche dell'artista Mila V\u00e1zquez Otero. Il busto di Nietzsche \u00e8 fatto essenzialmente di carta e pasta, la base \u00e8 in legno di quercia.","breadcrumb":{"@id":"https:\/\/www.robertzueblin.com\/it\/mila-vazquez-otero\/busto-di-friedrich-nietzsche-i\/#breadcrumb"},"inLanguage":"it-IT","potentialAction":[{"@type":"ReadAction","target":["https:\/\/www.robertzueblin.com\/it\/mila-vazquez-otero\/busto-di-friedrich-nietzsche-i\/"]}]},{"@type":"ImageObject","inLanguage":"it-IT","@id":"https:\/\/www.robertzueblin.com\/it\/mila-vazquez-otero\/busto-di-friedrich-nietzsche-i\/#primaryimage","url":"https:\/\/www.robertzueblin.com\/wp-content\/uploads\/mila-vazquez-otero-friedrich-nietzsche-busto-I-dettaglio.jpg","contentUrl":"https:\/\/www.robertzueblin.com\/wp-content\/uploads\/mila-vazquez-otero-friedrich-nietzsche-busto-I-dettaglio.jpg","width":1000,"height":1000},{"@type":"BreadcrumbList","@id":"https:\/\/www.robertzueblin.com\/it\/mila-vazquez-otero\/busto-di-friedrich-nietzsche-i\/#breadcrumb","itemListElement":[{"@type":"ListItem","position":1,"name":"Startseite","item":"https:\/\/www.robertzueblin.com\/it\/"},{"@type":"ListItem","position":2,"name":"Galleria d&#8217;arte online (Negozio online)","item":"https:\/\/www.robertzueblin.com\/it\/galleria-d-arte-online\/"},{"@type":"ListItem","position":3,"name":"Mila V\u00c1ZQUEZ OTERO (* 1978) &#8211; Busto di Friedrich Nietzsche I"}]},{"@type":"WebSite","@id":"https:\/\/www.robertzueblin.com\/it\/#website","url":"https:\/\/www.robertzueblin.com\/it\/","name":"ROBERT Z\u00dcBLIN","description":"","publisher":{"@id":"https:\/\/www.robertzueblin.com\/it\/#organization"},"potentialAction":[{"@type":"SearchAction","target":{"@type":"EntryPoint","urlTemplate":"https:\/\/www.robertzueblin.com\/it\/?s={search_term_string}"},"query-input":{"@type":"PropertyValueSpecification","valueRequired":true,"valueName":"search_term_string"}}],"inLanguage":"it-IT"},{"@type":"Organization","@id":"https:\/\/www.robertzueblin.com\/it\/#organization","name":"ROBERT Z\u00dcBLIN","url":"https:\/\/www.robertzueblin.com\/it\/","logo":{"@type":"ImageObject","inLanguage":"it-IT","@id":"https:\/\/www.robertzueblin.com\/it\/#\/schema\/logo\/image\/","url":"https:\/\/www.robertzueblin.com\/wp-content\/uploads\/cropped-cropped-logo-von-robert-zueblin.jpg","contentUrl":"https:\/\/www.robertzueblin.com\/wp-content\/uploads\/cropped-cropped-logo-von-robert-zueblin.jpg","width":440,"height":60,"caption":"ROBERT Z\u00dcBLIN"},"image":{"@id":"https:\/\/www.robertzueblin.com\/it\/#\/schema\/logo\/image\/"}}]}},"_links":{"self":[{"href":"https:\/\/www.robertzueblin.com\/it\/wp-json\/wp\/v2\/product\/31134","targetHints":{"allow":["GET"]}}],"collection":[{"href":"https:\/\/www.robertzueblin.com\/it\/wp-json\/wp\/v2\/product"}],"about":[{"href":"https:\/\/www.robertzueblin.com\/it\/wp-json\/wp\/v2\/types\/product"}],"wp:featuredmedia":[{"embeddable":true,"href":"https:\/\/www.robertzueblin.com\/it\/wp-json\/wp\/v2\/media\/31135"}],"wp:attachment":[{"href":"https:\/\/www.robertzueblin.com\/it\/wp-json\/wp\/v2\/media?parent=31134"}],"wp:term":[{"taxonomy":"product_brand","embeddable":true,"href":"https:\/\/www.robertzueblin.com\/it\/wp-json\/wp\/v2\/product_brand?post=31134"},{"taxonomy":"product_cat","embeddable":true,"href":"https:\/\/www.robertzueblin.com\/it\/wp-json\/wp\/v2\/product_cat?post=31134"},{"taxonomy":"product_tag","embeddable":true,"href":"https:\/\/www.robertzueblin.com\/it\/wp-json\/wp\/v2\/product_tag?post=31134"}],"curies":[{"name":"wp","href":"https:\/\/api.w.org\/{rel}","templated":true}]}}