{"id":30583,"date":"2022-12-08T19:25:05","date_gmt":"2022-12-08T18:45:23","guid":{"rendered":"https:\/\/www.robertzueblin.com\/?post_type=product&#038;p=30583"},"modified":"2023-02-19T13:49:34","modified_gmt":"2023-02-19T12:49:34","slug":"mario-mascarin-1901-%e2%80%a0-1966-ciotola-bianca-con-gocce-studio-ceramica","status":"publish","type":"product","link":"https:\/\/www.robertzueblin.com\/it\/mario-mascarin\/ciotola-bianca-con-gocce-studio-ceramica\/","title":{"rendered":"Mario MASCARIN (* 1901, \u2020 1966) &#8211; Ciotola bianca con gocce &#8211; Studio ceramica"},"content":{"rendered":"<p><span style=\"font-family: AkkoPro-BoldCondensed!important\">Tipo:<\/span> <a href=\"https:\/\/www.robertzueblin.com\/it\/studio-ceramica-ceramica-artistica\/\">studio ceramica<\/a><\/p>\n<p><span style=\"font-family: AkkoPro-BoldCondensed!important\">Disegno:<\/span> Mario Mascarin (* 1901, \u2020 1966)<\/p>\n<p><span style=\"font-family: AkkoPro-BoldCondensed!important\">Esecuzione:<\/span> Bottega di Mario Mascarin (* 1901, \u2020 1966)<\/p>\n<p><span style=\"font-family: AkkoPro-BoldCondensed!important\">Oggetto:<\/span> ciotola<\/p>\n<p><span style=\"font-family: AkkoPro-BoldCondensed!important\">Dimensioni:<\/span> altezza: 5,7 cm, larghezza: 15 cm<\/p>\n<p><span style=\"font-family: AkkoPro-BoldCondensed!important\">Corpo:<\/span> chiaro<\/p>\n<p><span style=\"font-family: AkkoPro-BoldCondensed!important\">Superficie:<\/span> bianco<\/p>\n<p><span style=\"font-family: AkkoPro-BoldCondensed!important\">Periodo di produzione:<\/span> 1946-1966<\/p>\n<p><span style=\"font-family: AkkoPro-BoldCondensed!important\">Condizione:<\/span> integro<\/p>\n<p><span style=\"font-family: AkkoPro-BoldCondensed!important\">Firma\/marchio:<\/span> MM<\/p>\n<p><span style=\"font-family: AkkoPro-BoldCondensed!important\">Dettagli:<\/span><br \/>\nQuesta ciotola in ceramica del ceramista svizzero Mario Mascarin \u00e8 un chiaro caso di understatement svizzero. La ciotola sembra cos\u00ec semplice in bianco, ma \u00e8 molto speciale sia per la sua forma che per la formazione di gocce dello smalto. <\/p>\n","protected":false},"excerpt":{"rendered":"<p>Tipo: studio ceramica Disegno: Mario Mascarin (* 1901, \u2020 1966) Esecuzione: Bottega di Mario Mascarin (* 1901, \u2020 1966) Oggetto: ciotola Dimensioni: altezza: 5,7 cm, larghezza: 15 cm Corpo: chiaro Superficie: bianco Periodo di produzione: 1946-1966 Condizione: integro Firma\/marchio: MM Dettagli: Questa ciotola in ceramica del ceramista svizzero Mario Mascarin \u00e8 un chiaro caso di [&hellip;]<\/p>\n","protected":false},"featured_media":30585,"template":"","meta":[],"product_brand":[],"product_cat":[411],"product_tag":[],"class_list":{"0":"post-30583","1":"product","2":"type-product","3":"status-publish","4":"has-post-thumbnail","6":"product_cat-mario-mascarin","8":"first","9":"instock","10":"sold-individually","11":"shipping-taxable","12":"purchasable","13":"product-type-simple"},"yoast_head":"<!-- This site is optimized with the Yoast SEO plugin v27.4 - https:\/\/yoast.com\/product\/yoast-seo-wordpress\/ -->\n<title>Mario MASCARIN (* 1901, \u2020 1966) - Ciotola bianca con gocce<\/title>\n<meta name=\"robots\" content=\"index, follow, max-snippet:-1, max-image-preview:large, max-video-preview:-1\" \/>\n<link rel=\"canonical\" href=\"https:\/\/www.robertzueblin.com\/it\/mario-mascarin\/ciotola-bianca-con-gocce-studio-ceramica\/\" \/>\n<meta property=\"og:locale\" content=\"it_IT\" \/>\n<meta property=\"og:type\" content=\"article\" \/>\n<meta property=\"og:title\" content=\"Mario MASCARIN (* 1901, \u2020 1966) - Ciotola bianca con gocce\" \/>\n<meta property=\"og:description\" content=\"Tipo: studio ceramica Disegno: Mario Mascarin (* 1901, \u2020 1966) Esecuzione: Bottega di Mario Mascarin (* 1901, \u2020 1966) Oggetto: ciotola Dimensioni: altezza: 5,7 cm, larghezza: 15 cm Corpo: chiaro Superficie: bianco Periodo di produzione: 1946-1966 Condizione: integro Firma\/marchio: MM Dettagli: Questa ciotola in ceramica del ceramista svizzero Mario Mascarin \u00e8 un chiaro caso di [&hellip;]\" \/>\n<meta property=\"og:url\" content=\"https:\/\/www.robertzueblin.com\/it\/mario-mascarin\/ciotola-bianca-con-gocce-studio-ceramica\/\" \/>\n<meta property=\"og:site_name\" content=\"ROBERT Z\u00dcBLIN\" \/>\n<meta property=\"article:modified_time\" content=\"2023-02-19T12:49:34+00:00\" \/>\n<meta property=\"og:image\" content=\"https:\/\/www.robertzueblin.com\/wp-content\/uploads\/mario-mascarin-studio-ceramica-ciotola-bianca-gocce-foto-titolo.jpg\" \/>\n\t<meta property=\"og:image:width\" content=\"1000\" \/>\n\t<meta property=\"og:image:height\" content=\"1000\" \/>\n\t<meta property=\"og:image:type\" content=\"image\/jpeg\" \/>\n<meta name=\"twitter:card\" content=\"summary_large_image\" \/>\n<script type=\"application\/ld+json\" class=\"yoast-schema-graph\">{\"@context\":\"https:\\\/\\\/schema.org\",\"@graph\":[{\"@type\":\"WebPage\",\"@id\":\"https:\\\/\\\/www.robertzueblin.com\\\/it\\\/mario-mascarin\\\/ciotola-bianca-con-gocce-studio-ceramica\\\/\",\"url\":\"https:\\\/\\\/www.robertzueblin.com\\\/it\\\/mario-mascarin\\\/ciotola-bianca-con-gocce-studio-ceramica\\\/\",\"name\":\"Mario MASCARIN (* 1901, \u2020 1966) - Ciotola bianca con gocce\",\"isPartOf\":{\"@id\":\"https:\\\/\\\/www.robertzueblin.com\\\/it\\\/#website\"},\"primaryImageOfPage\":{\"@id\":\"https:\\\/\\\/www.robertzueblin.com\\\/it\\\/mario-mascarin\\\/ciotola-bianca-con-gocce-studio-ceramica\\\/#primaryimage\"},\"image\":{\"@id\":\"https:\\\/\\\/www.robertzueblin.com\\\/it\\\/mario-mascarin\\\/ciotola-bianca-con-gocce-studio-ceramica\\\/#primaryimage\"},\"thumbnailUrl\":\"https:\\\/\\\/www.robertzueblin.com\\\/wp-content\\\/uploads\\\/mario-mascarin-studio-ceramica-ciotola-bianca-gocce-foto-titolo.jpg\",\"datePublished\":\"2022-12-08T18:45:23+00:00\",\"dateModified\":\"2023-02-19T12:49:34+00:00\",\"breadcrumb\":{\"@id\":\"https:\\\/\\\/www.robertzueblin.com\\\/it\\\/mario-mascarin\\\/ciotola-bianca-con-gocce-studio-ceramica\\\/#breadcrumb\"},\"inLanguage\":\"it-IT\",\"potentialAction\":[{\"@type\":\"ReadAction\",\"target\":[\"https:\\\/\\\/www.robertzueblin.com\\\/it\\\/mario-mascarin\\\/ciotola-bianca-con-gocce-studio-ceramica\\\/\"]}]},{\"@type\":\"ImageObject\",\"inLanguage\":\"it-IT\",\"@id\":\"https:\\\/\\\/www.robertzueblin.com\\\/it\\\/mario-mascarin\\\/ciotola-bianca-con-gocce-studio-ceramica\\\/#primaryimage\",\"url\":\"https:\\\/\\\/www.robertzueblin.com\\\/wp-content\\\/uploads\\\/mario-mascarin-studio-ceramica-ciotola-bianca-gocce-foto-titolo.jpg\",\"contentUrl\":\"https:\\\/\\\/www.robertzueblin.com\\\/wp-content\\\/uploads\\\/mario-mascarin-studio-ceramica-ciotola-bianca-gocce-foto-titolo.jpg\",\"width\":1000,\"height\":1000},{\"@type\":\"BreadcrumbList\",\"@id\":\"https:\\\/\\\/www.robertzueblin.com\\\/it\\\/mario-mascarin\\\/ciotola-bianca-con-gocce-studio-ceramica\\\/#breadcrumb\",\"itemListElement\":[{\"@type\":\"ListItem\",\"position\":1,\"name\":\"Startseite\",\"item\":\"https:\\\/\\\/www.robertzueblin.com\\\/it\\\/\"},{\"@type\":\"ListItem\",\"position\":2,\"name\":\"Galleria d&#8217;arte online (Negozio online)\",\"item\":\"https:\\\/\\\/www.robertzueblin.com\\\/it\\\/galleria-d-arte-online\\\/\"},{\"@type\":\"ListItem\",\"position\":3,\"name\":\"Mario MASCARIN (* 1901, \u2020 1966) &#8211; Ciotola bianca con gocce &#8211; Studio ceramica\"}]},{\"@type\":\"WebSite\",\"@id\":\"https:\\\/\\\/www.robertzueblin.com\\\/it\\\/#website\",\"url\":\"https:\\\/\\\/www.robertzueblin.com\\\/it\\\/\",\"name\":\"ROBERT Z\u00dcBLIN\",\"description\":\"\",\"publisher\":{\"@id\":\"https:\\\/\\\/www.robertzueblin.com\\\/it\\\/#organization\"},\"potentialAction\":[{\"@type\":\"SearchAction\",\"target\":{\"@type\":\"EntryPoint\",\"urlTemplate\":\"https:\\\/\\\/www.robertzueblin.com\\\/it\\\/?s={search_term_string}\"},\"query-input\":{\"@type\":\"PropertyValueSpecification\",\"valueRequired\":true,\"valueName\":\"search_term_string\"}}],\"inLanguage\":\"it-IT\"},{\"@type\":\"Organization\",\"@id\":\"https:\\\/\\\/www.robertzueblin.com\\\/it\\\/#organization\",\"name\":\"ROBERT Z\u00dcBLIN\",\"url\":\"https:\\\/\\\/www.robertzueblin.com\\\/it\\\/\",\"logo\":{\"@type\":\"ImageObject\",\"inLanguage\":\"it-IT\",\"@id\":\"https:\\\/\\\/www.robertzueblin.com\\\/it\\\/#\\\/schema\\\/logo\\\/image\\\/\",\"url\":\"https:\\\/\\\/www.robertzueblin.com\\\/wp-content\\\/uploads\\\/cropped-cropped-logo-von-robert-zueblin.jpg\",\"contentUrl\":\"https:\\\/\\\/www.robertzueblin.com\\\/wp-content\\\/uploads\\\/cropped-cropped-logo-von-robert-zueblin.jpg\",\"width\":440,\"height\":60,\"caption\":\"ROBERT Z\u00dcBLIN\"},\"image\":{\"@id\":\"https:\\\/\\\/www.robertzueblin.com\\\/it\\\/#\\\/schema\\\/logo\\\/image\\\/\"}}]}<\/script>\n<!-- \/ Yoast SEO plugin. -->","yoast_head_json":{"title":"Mario MASCARIN (* 1901, \u2020 1966) - Ciotola bianca con gocce","robots":{"index":"index","follow":"follow","max-snippet":"max-snippet:-1","max-image-preview":"max-image-preview:large","max-video-preview":"max-video-preview:-1"},"canonical":"https:\/\/www.robertzueblin.com\/it\/mario-mascarin\/ciotola-bianca-con-gocce-studio-ceramica\/","og_locale":"it_IT","og_type":"article","og_title":"Mario MASCARIN (* 1901, \u2020 1966) - Ciotola bianca con gocce","og_description":"Tipo: studio ceramica Disegno: Mario Mascarin (* 1901, \u2020 1966) Esecuzione: Bottega di Mario Mascarin (* 1901, \u2020 1966) Oggetto: ciotola Dimensioni: altezza: 5,7 cm, larghezza: 15 cm Corpo: chiaro Superficie: bianco Periodo di produzione: 1946-1966 Condizione: integro Firma\/marchio: MM Dettagli: Questa ciotola in ceramica del ceramista svizzero Mario Mascarin \u00e8 un chiaro caso di [&hellip;]","og_url":"https:\/\/www.robertzueblin.com\/it\/mario-mascarin\/ciotola-bianca-con-gocce-studio-ceramica\/","og_site_name":"ROBERT Z\u00dcBLIN","article_modified_time":"2023-02-19T12:49:34+00:00","og_image":[{"width":1000,"height":1000,"url":"https:\/\/www.robertzueblin.com\/wp-content\/uploads\/mario-mascarin-studio-ceramica-ciotola-bianca-gocce-foto-titolo.jpg","type":"image\/jpeg"}],"twitter_card":"summary_large_image","schema":{"@context":"https:\/\/schema.org","@graph":[{"@type":"WebPage","@id":"https:\/\/www.robertzueblin.com\/it\/mario-mascarin\/ciotola-bianca-con-gocce-studio-ceramica\/","url":"https:\/\/www.robertzueblin.com\/it\/mario-mascarin\/ciotola-bianca-con-gocce-studio-ceramica\/","name":"Mario MASCARIN (* 1901, \u2020 1966) - Ciotola bianca con gocce","isPartOf":{"@id":"https:\/\/www.robertzueblin.com\/it\/#website"},"primaryImageOfPage":{"@id":"https:\/\/www.robertzueblin.com\/it\/mario-mascarin\/ciotola-bianca-con-gocce-studio-ceramica\/#primaryimage"},"image":{"@id":"https:\/\/www.robertzueblin.com\/it\/mario-mascarin\/ciotola-bianca-con-gocce-studio-ceramica\/#primaryimage"},"thumbnailUrl":"https:\/\/www.robertzueblin.com\/wp-content\/uploads\/mario-mascarin-studio-ceramica-ciotola-bianca-gocce-foto-titolo.jpg","datePublished":"2022-12-08T18:45:23+00:00","dateModified":"2023-02-19T12:49:34+00:00","breadcrumb":{"@id":"https:\/\/www.robertzueblin.com\/it\/mario-mascarin\/ciotola-bianca-con-gocce-studio-ceramica\/#breadcrumb"},"inLanguage":"it-IT","potentialAction":[{"@type":"ReadAction","target":["https:\/\/www.robertzueblin.com\/it\/mario-mascarin\/ciotola-bianca-con-gocce-studio-ceramica\/"]}]},{"@type":"ImageObject","inLanguage":"it-IT","@id":"https:\/\/www.robertzueblin.com\/it\/mario-mascarin\/ciotola-bianca-con-gocce-studio-ceramica\/#primaryimage","url":"https:\/\/www.robertzueblin.com\/wp-content\/uploads\/mario-mascarin-studio-ceramica-ciotola-bianca-gocce-foto-titolo.jpg","contentUrl":"https:\/\/www.robertzueblin.com\/wp-content\/uploads\/mario-mascarin-studio-ceramica-ciotola-bianca-gocce-foto-titolo.jpg","width":1000,"height":1000},{"@type":"BreadcrumbList","@id":"https:\/\/www.robertzueblin.com\/it\/mario-mascarin\/ciotola-bianca-con-gocce-studio-ceramica\/#breadcrumb","itemListElement":[{"@type":"ListItem","position":1,"name":"Startseite","item":"https:\/\/www.robertzueblin.com\/it\/"},{"@type":"ListItem","position":2,"name":"Galleria d&#8217;arte online (Negozio online)","item":"https:\/\/www.robertzueblin.com\/it\/galleria-d-arte-online\/"},{"@type":"ListItem","position":3,"name":"Mario MASCARIN (* 1901, \u2020 1966) &#8211; Ciotola bianca con gocce &#8211; Studio ceramica"}]},{"@type":"WebSite","@id":"https:\/\/www.robertzueblin.com\/it\/#website","url":"https:\/\/www.robertzueblin.com\/it\/","name":"ROBERT Z\u00dcBLIN","description":"","publisher":{"@id":"https:\/\/www.robertzueblin.com\/it\/#organization"},"potentialAction":[{"@type":"SearchAction","target":{"@type":"EntryPoint","urlTemplate":"https:\/\/www.robertzueblin.com\/it\/?s={search_term_string}"},"query-input":{"@type":"PropertyValueSpecification","valueRequired":true,"valueName":"search_term_string"}}],"inLanguage":"it-IT"},{"@type":"Organization","@id":"https:\/\/www.robertzueblin.com\/it\/#organization","name":"ROBERT Z\u00dcBLIN","url":"https:\/\/www.robertzueblin.com\/it\/","logo":{"@type":"ImageObject","inLanguage":"it-IT","@id":"https:\/\/www.robertzueblin.com\/it\/#\/schema\/logo\/image\/","url":"https:\/\/www.robertzueblin.com\/wp-content\/uploads\/cropped-cropped-logo-von-robert-zueblin.jpg","contentUrl":"https:\/\/www.robertzueblin.com\/wp-content\/uploads\/cropped-cropped-logo-von-robert-zueblin.jpg","width":440,"height":60,"caption":"ROBERT Z\u00dcBLIN"},"image":{"@id":"https:\/\/www.robertzueblin.com\/it\/#\/schema\/logo\/image\/"}}]}},"_links":{"self":[{"href":"https:\/\/www.robertzueblin.com\/it\/wp-json\/wp\/v2\/product\/30583","targetHints":{"allow":["GET"]}}],"collection":[{"href":"https:\/\/www.robertzueblin.com\/it\/wp-json\/wp\/v2\/product"}],"about":[{"href":"https:\/\/www.robertzueblin.com\/it\/wp-json\/wp\/v2\/types\/product"}],"wp:featuredmedia":[{"embeddable":true,"href":"https:\/\/www.robertzueblin.com\/it\/wp-json\/wp\/v2\/media\/30585"}],"wp:attachment":[{"href":"https:\/\/www.robertzueblin.com\/it\/wp-json\/wp\/v2\/media?parent=30583"}],"wp:term":[{"taxonomy":"product_brand","embeddable":true,"href":"https:\/\/www.robertzueblin.com\/it\/wp-json\/wp\/v2\/product_brand?post=30583"},{"taxonomy":"product_cat","embeddable":true,"href":"https:\/\/www.robertzueblin.com\/it\/wp-json\/wp\/v2\/product_cat?post=30583"},{"taxonomy":"product_tag","embeddable":true,"href":"https:\/\/www.robertzueblin.com\/it\/wp-json\/wp\/v2\/product_tag?post=30583"}],"curies":[{"name":"wp","href":"https:\/\/api.w.org\/{rel}","templated":true}]}}