{"id":29662,"date":"2022-10-26T18:53:28","date_gmt":"2022-10-26T17:59:59","guid":{"rendered":"https:\/\/www.robertzueblin.com\/?post_type=product&#038;p=29662"},"modified":"2024-10-23T20:11:24","modified_gmt":"2024-10-23T18:11:24","slug":"het-kruikje-marguerite-friedlaender-wildenhain-lattiera-studio-ceramica","status":"publish","type":"product","link":"https:\/\/www.robertzueblin.com\/it\/het-kruikje\/marguerite-friedlaender-wildenhain-lattiera\/","title":{"rendered":"HET KRUIKJE (Marguerite FRIEDLAENDER-WILDENHAIN) [attribuito] &#8211; Lattiera con il restauro di Gintsugi- studio ceramica"},"content":{"rendered":"<p><span style=\"font-family: AkkoPro-BoldCondensed!important\">Tipo:<\/span> <a href=\"https:\/\/www.robertzueblin.com\/it\/studio-ceramica-ceramica-artistica\/\">studio ceramica<\/a><\/p>\n<p><span style=\"font-family: AkkoPro-BoldCondensed!important\">Disegno:<\/span> probabilmente Marguerite Friedlaender-Wildenhain [attribuito], forse Franz Wildenhain [attribuito]<\/p>\n<p><span style=\"font-family: AkkoPro-BoldCondensed!important\">Esecuzione:<\/span> Laboratorio Het Kruikje [attribuito]<\/p>\n<p><span style=\"font-family: AkkoPro-BoldCondensed!important\">Oggetto:<\/span> lattiera<\/p>\n<p><span style=\"font-family: AkkoPro-BoldCondensed!important\">Dimensioni:<\/span> altezza: 9,3 cm, larghezza: 12,5 cm<\/p>\n<p><span style=\"font-family: AkkoPro-BoldCondensed!important\">Corpo:<\/span> marrone rossiccio<\/p>\n<p><span style=\"font-family: AkkoPro-BoldCondensed!important\">Superficie:<\/span> bianco e azzurro<\/p>\n<p><span style=\"font-family: AkkoPro-BoldCondensed!important\">Anno di produzione:<\/span> anni 1930\/1940<\/p>\n<p><span style=\"font-family: AkkoPro-BoldCondensed!important\">Condizioni:<\/span> una grossa e diversi piccole scheggiature sul beccuccio, riparato con il metodo di riparazione Gintsugi con lacca d&#8217;argento.<\/p>\n<p><span style=\"font-family: AkkoPro-BoldCondensed!important\">Firma\/marchio:<\/span> senza<\/p>\n<p><span style=\"font-family: AkkoPro-BoldCondensed!important\">Dettagli:<\/span><br \/>\nLa lattiera non \u00e8 firmata, cio\u00e8 non presenta n\u00e9 una firma n\u00e9 un marchio, ma secondo il precedente proprietario proviene da un contesto pi\u00f9 ampio di pezzi di servizio, che comprendeva anche ceramiche marcate Het Kruikje. Il proprietario precedente dal proprietario precedente della lattiera era un collezionista olandese che aveva acquistato la ceramica da un anziano signore. I genitori di questo anziano signore avevano avuto un&#8217;attivit\u00e0 di artigianato artistico in Olanda nel periodo prebellico e avevano portato le ceramiche Het Kruikje.<\/p>\n<p>Anche il bordo estremamente sottile della lattiera indica una ceramica del laboratorio Het Kruikje, poich\u00e9 questi bordi sottili sono tipici dei pezzi della <a href=\"https:\/\/www.robertzueblin.com\/it\/epoche-artistiche\/bauhaus\/\">ceramica Bauhaus<\/a> di Dornburg, dove Marguerite Friedlaender-Wildenhain e Franz Rudolf Wildenhain impararono come studenti del Bauhaus. Anche Otto Lindig, anch&#8217;egli studente della Bauhaus, utilizzava questi <a href=\"https:\/\/www.robertzueblin.com\/it\/otto-lindig\/vaso-con-smalto-di-lava\/\">sottili cerchi nelle sue ceramiche<\/a>.<\/p>\n<p>La forma e lo smalto della lattiera sono stati probabilmente disegnati da Marguerite Friedlaender-Wildenhain. Tuttavia, \u00e8 anche possibile che sia stato progettato dal marito Franz Rudolf Wildenhain (Frans Wildenhain). Oltre a Marguerite Friedlaender-Wildenhain e Franz Rudolf Wildenhain, nella bottega di Het Kruikje lavoravano anche dipendenti e apprendisti, per cui \u00e8 difficile dire chi abbia tornito e smaltato la lattiera.<\/p>\n<p>Poich\u00e9 il negozio di arti e mestieri ha iniziato a includere le ceramiche di Het Kruikje nel suo assortimento intorno al 1938\/1939, la datazione agli anni 1930\/1940 viene presa in considerazione.<\/p>\n<p>In <a href=\"https:\/\/youtu.be\/pSuGNz5Uiko?t=490\">questo video<\/a> si possono vedere lattiera con beccucci larghi simili, ma del dopoguerra, provenienti dal laboratorio di Marguerite Wildenhain &#8220;Pond Farm Pottery&#8221; in California (USA).<\/p>\n","protected":false},"excerpt":{"rendered":"<p><span style=\"color: #e2401c;\">&#x25cf;<\/span><span> venduto<\/span><\/p>\n","protected":false},"featured_media":35456,"template":"","meta":[],"product_brand":[],"product_cat":[252,405,656,416],"product_tag":[],"class_list":{"0":"post-29662","1":"product","2":"type-product","3":"status-publish","4":"has-post-thumbnail","6":"product_cat-bauhaus","7":"product_cat-het-kruikje","8":"product_cat-kintsugi-shop","9":"product_cat-marguerite-friedlaender-wildenhain","11":"first","12":"outofstock","13":"sold-individually","14":"shipping-taxable","15":"product-type-simple"},"yoast_head":"<!-- This site is optimized with the Yoast SEO plugin v27.5 - https:\/\/yoast.com\/product\/yoast-seo-wordpress\/ -->\n<title>HET KRUIKJE - Marguerite FRIEDLAENDER -lattiera<\/title>\n<meta name=\"description\" content=\"Lattiera da studio ceramica di un set da caff\u00e8 realizzato nel laboratorio Het Kruikje da Marguerite Friedlaender-Wildenhain o Franz Wildenhain.\" \/>\n<meta name=\"robots\" content=\"index, follow, max-snippet:-1, max-image-preview:large, max-video-preview:-1\" \/>\n<link rel=\"canonical\" href=\"https:\/\/www.robertzueblin.com\/it\/het-kruikje\/marguerite-friedlaender-wildenhain-lattiera\/\" \/>\n<meta property=\"og:locale\" content=\"it_IT\" \/>\n<meta property=\"og:type\" content=\"article\" \/>\n<meta property=\"og:title\" content=\"HET KRUIKJE - Marguerite FRIEDLAENDER -lattiera\" \/>\n<meta property=\"og:description\" content=\"Lattiera da studio ceramica di un set da caff\u00e8 realizzato nel laboratorio Het Kruikje da Marguerite Friedlaender-Wildenhain o Franz Wildenhain.\" \/>\n<meta property=\"og:url\" content=\"https:\/\/www.robertzueblin.com\/it\/het-kruikje\/marguerite-friedlaender-wildenhain-lattiera\/\" \/>\n<meta property=\"og:site_name\" content=\"ROBERT Z\u00dcBLIN\" \/>\n<meta property=\"article:modified_time\" content=\"2024-10-23T18:11:24+00:00\" \/>\n<meta property=\"og:image\" content=\"https:\/\/www.robertzueblin.com\/wp-content\/uploads\/het-kruikje-marguerite-friedlaender-franz-wildenhain-studio-ceramica-lattiera-gintsugi-foto-titolo.jpg\" \/>\n\t<meta property=\"og:image:width\" content=\"1000\" \/>\n\t<meta property=\"og:image:height\" content=\"1000\" \/>\n\t<meta property=\"og:image:type\" content=\"image\/jpeg\" \/>\n<meta name=\"twitter:card\" content=\"summary_large_image\" \/>\n<script type=\"application\/ld+json\" class=\"yoast-schema-graph\">{\"@context\":\"https:\\\/\\\/schema.org\",\"@graph\":[{\"@type\":\"WebPage\",\"@id\":\"https:\\\/\\\/www.robertzueblin.com\\\/it\\\/het-kruikje\\\/marguerite-friedlaender-wildenhain-lattiera\\\/\",\"url\":\"https:\\\/\\\/www.robertzueblin.com\\\/it\\\/het-kruikje\\\/marguerite-friedlaender-wildenhain-lattiera\\\/\",\"name\":\"HET KRUIKJE - Marguerite FRIEDLAENDER -lattiera\",\"isPartOf\":{\"@id\":\"https:\\\/\\\/www.robertzueblin.com\\\/it\\\/#website\"},\"primaryImageOfPage\":{\"@id\":\"https:\\\/\\\/www.robertzueblin.com\\\/it\\\/het-kruikje\\\/marguerite-friedlaender-wildenhain-lattiera\\\/#primaryimage\"},\"image\":{\"@id\":\"https:\\\/\\\/www.robertzueblin.com\\\/it\\\/het-kruikje\\\/marguerite-friedlaender-wildenhain-lattiera\\\/#primaryimage\"},\"thumbnailUrl\":\"https:\\\/\\\/www.robertzueblin.com\\\/wp-content\\\/uploads\\\/het-kruikje-marguerite-friedlaender-franz-wildenhain-studio-ceramica-lattiera-gintsugi-foto-titolo.jpg\",\"datePublished\":\"2022-10-26T17:59:59+00:00\",\"dateModified\":\"2024-10-23T18:11:24+00:00\",\"description\":\"Lattiera da studio ceramica di un set da caff\u00e8 realizzato nel laboratorio Het Kruikje da Marguerite Friedlaender-Wildenhain o Franz Wildenhain.\",\"breadcrumb\":{\"@id\":\"https:\\\/\\\/www.robertzueblin.com\\\/it\\\/het-kruikje\\\/marguerite-friedlaender-wildenhain-lattiera\\\/#breadcrumb\"},\"inLanguage\":\"it-IT\",\"potentialAction\":[{\"@type\":\"ReadAction\",\"target\":[\"https:\\\/\\\/www.robertzueblin.com\\\/it\\\/het-kruikje\\\/marguerite-friedlaender-wildenhain-lattiera\\\/\"]}]},{\"@type\":\"ImageObject\",\"inLanguage\":\"it-IT\",\"@id\":\"https:\\\/\\\/www.robertzueblin.com\\\/it\\\/het-kruikje\\\/marguerite-friedlaender-wildenhain-lattiera\\\/#primaryimage\",\"url\":\"https:\\\/\\\/www.robertzueblin.com\\\/wp-content\\\/uploads\\\/het-kruikje-marguerite-friedlaender-franz-wildenhain-studio-ceramica-lattiera-gintsugi-foto-titolo.jpg\",\"contentUrl\":\"https:\\\/\\\/www.robertzueblin.com\\\/wp-content\\\/uploads\\\/het-kruikje-marguerite-friedlaender-franz-wildenhain-studio-ceramica-lattiera-gintsugi-foto-titolo.jpg\",\"width\":1000,\"height\":1000},{\"@type\":\"BreadcrumbList\",\"@id\":\"https:\\\/\\\/www.robertzueblin.com\\\/it\\\/het-kruikje\\\/marguerite-friedlaender-wildenhain-lattiera\\\/#breadcrumb\",\"itemListElement\":[{\"@type\":\"ListItem\",\"position\":1,\"name\":\"Startseite\",\"item\":\"https:\\\/\\\/www.robertzueblin.com\\\/it\\\/\"},{\"@type\":\"ListItem\",\"position\":2,\"name\":\"Galleria d&#8217;arte online (Negozio online)\",\"item\":\"https:\\\/\\\/www.robertzueblin.com\\\/it\\\/galleria-d-arte-online\\\/\"},{\"@type\":\"ListItem\",\"position\":3,\"name\":\"HET KRUIKJE (Marguerite FRIEDLAENDER-WILDENHAIN) [attribuito] &#8211; Lattiera con il restauro di Gintsugi- studio ceramica\"}]},{\"@type\":\"WebSite\",\"@id\":\"https:\\\/\\\/www.robertzueblin.com\\\/it\\\/#website\",\"url\":\"https:\\\/\\\/www.robertzueblin.com\\\/it\\\/\",\"name\":\"ROBERT Z\u00dcBLIN\",\"description\":\"\",\"publisher\":{\"@id\":\"https:\\\/\\\/www.robertzueblin.com\\\/it\\\/#organization\"},\"potentialAction\":[{\"@type\":\"SearchAction\",\"target\":{\"@type\":\"EntryPoint\",\"urlTemplate\":\"https:\\\/\\\/www.robertzueblin.com\\\/it\\\/?s={search_term_string}\"},\"query-input\":{\"@type\":\"PropertyValueSpecification\",\"valueRequired\":true,\"valueName\":\"search_term_string\"}}],\"inLanguage\":\"it-IT\"},{\"@type\":\"Organization\",\"@id\":\"https:\\\/\\\/www.robertzueblin.com\\\/it\\\/#organization\",\"name\":\"ROBERT Z\u00dcBLIN\",\"url\":\"https:\\\/\\\/www.robertzueblin.com\\\/it\\\/\",\"logo\":{\"@type\":\"ImageObject\",\"inLanguage\":\"it-IT\",\"@id\":\"https:\\\/\\\/www.robertzueblin.com\\\/it\\\/#\\\/schema\\\/logo\\\/image\\\/\",\"url\":\"https:\\\/\\\/www.robertzueblin.com\\\/wp-content\\\/uploads\\\/cropped-cropped-logo-von-robert-zueblin.jpg\",\"contentUrl\":\"https:\\\/\\\/www.robertzueblin.com\\\/wp-content\\\/uploads\\\/cropped-cropped-logo-von-robert-zueblin.jpg\",\"width\":440,\"height\":60,\"caption\":\"ROBERT Z\u00dcBLIN\"},\"image\":{\"@id\":\"https:\\\/\\\/www.robertzueblin.com\\\/it\\\/#\\\/schema\\\/logo\\\/image\\\/\"}}]}<\/script>\n<!-- \/ Yoast SEO plugin. -->","yoast_head_json":{"title":"HET KRUIKJE - Marguerite FRIEDLAENDER -lattiera","description":"Lattiera da studio ceramica di un set da caff\u00e8 realizzato nel laboratorio Het Kruikje da Marguerite Friedlaender-Wildenhain o Franz Wildenhain.","robots":{"index":"index","follow":"follow","max-snippet":"max-snippet:-1","max-image-preview":"max-image-preview:large","max-video-preview":"max-video-preview:-1"},"canonical":"https:\/\/www.robertzueblin.com\/it\/het-kruikje\/marguerite-friedlaender-wildenhain-lattiera\/","og_locale":"it_IT","og_type":"article","og_title":"HET KRUIKJE - Marguerite FRIEDLAENDER -lattiera","og_description":"Lattiera da studio ceramica di un set da caff\u00e8 realizzato nel laboratorio Het Kruikje da Marguerite Friedlaender-Wildenhain o Franz Wildenhain.","og_url":"https:\/\/www.robertzueblin.com\/it\/het-kruikje\/marguerite-friedlaender-wildenhain-lattiera\/","og_site_name":"ROBERT Z\u00dcBLIN","article_modified_time":"2024-10-23T18:11:24+00:00","og_image":[{"width":1000,"height":1000,"url":"https:\/\/www.robertzueblin.com\/wp-content\/uploads\/het-kruikje-marguerite-friedlaender-franz-wildenhain-studio-ceramica-lattiera-gintsugi-foto-titolo.jpg","type":"image\/jpeg"}],"twitter_card":"summary_large_image","schema":{"@context":"https:\/\/schema.org","@graph":[{"@type":"WebPage","@id":"https:\/\/www.robertzueblin.com\/it\/het-kruikje\/marguerite-friedlaender-wildenhain-lattiera\/","url":"https:\/\/www.robertzueblin.com\/it\/het-kruikje\/marguerite-friedlaender-wildenhain-lattiera\/","name":"HET KRUIKJE - Marguerite FRIEDLAENDER -lattiera","isPartOf":{"@id":"https:\/\/www.robertzueblin.com\/it\/#website"},"primaryImageOfPage":{"@id":"https:\/\/www.robertzueblin.com\/it\/het-kruikje\/marguerite-friedlaender-wildenhain-lattiera\/#primaryimage"},"image":{"@id":"https:\/\/www.robertzueblin.com\/it\/het-kruikje\/marguerite-friedlaender-wildenhain-lattiera\/#primaryimage"},"thumbnailUrl":"https:\/\/www.robertzueblin.com\/wp-content\/uploads\/het-kruikje-marguerite-friedlaender-franz-wildenhain-studio-ceramica-lattiera-gintsugi-foto-titolo.jpg","datePublished":"2022-10-26T17:59:59+00:00","dateModified":"2024-10-23T18:11:24+00:00","description":"Lattiera da studio ceramica di un set da caff\u00e8 realizzato nel laboratorio Het Kruikje da Marguerite Friedlaender-Wildenhain o Franz Wildenhain.","breadcrumb":{"@id":"https:\/\/www.robertzueblin.com\/it\/het-kruikje\/marguerite-friedlaender-wildenhain-lattiera\/#breadcrumb"},"inLanguage":"it-IT","potentialAction":[{"@type":"ReadAction","target":["https:\/\/www.robertzueblin.com\/it\/het-kruikje\/marguerite-friedlaender-wildenhain-lattiera\/"]}]},{"@type":"ImageObject","inLanguage":"it-IT","@id":"https:\/\/www.robertzueblin.com\/it\/het-kruikje\/marguerite-friedlaender-wildenhain-lattiera\/#primaryimage","url":"https:\/\/www.robertzueblin.com\/wp-content\/uploads\/het-kruikje-marguerite-friedlaender-franz-wildenhain-studio-ceramica-lattiera-gintsugi-foto-titolo.jpg","contentUrl":"https:\/\/www.robertzueblin.com\/wp-content\/uploads\/het-kruikje-marguerite-friedlaender-franz-wildenhain-studio-ceramica-lattiera-gintsugi-foto-titolo.jpg","width":1000,"height":1000},{"@type":"BreadcrumbList","@id":"https:\/\/www.robertzueblin.com\/it\/het-kruikje\/marguerite-friedlaender-wildenhain-lattiera\/#breadcrumb","itemListElement":[{"@type":"ListItem","position":1,"name":"Startseite","item":"https:\/\/www.robertzueblin.com\/it\/"},{"@type":"ListItem","position":2,"name":"Galleria d&#8217;arte online (Negozio online)","item":"https:\/\/www.robertzueblin.com\/it\/galleria-d-arte-online\/"},{"@type":"ListItem","position":3,"name":"HET KRUIKJE (Marguerite FRIEDLAENDER-WILDENHAIN) [attribuito] &#8211; Lattiera con il restauro di Gintsugi- studio ceramica"}]},{"@type":"WebSite","@id":"https:\/\/www.robertzueblin.com\/it\/#website","url":"https:\/\/www.robertzueblin.com\/it\/","name":"ROBERT Z\u00dcBLIN","description":"","publisher":{"@id":"https:\/\/www.robertzueblin.com\/it\/#organization"},"potentialAction":[{"@type":"SearchAction","target":{"@type":"EntryPoint","urlTemplate":"https:\/\/www.robertzueblin.com\/it\/?s={search_term_string}"},"query-input":{"@type":"PropertyValueSpecification","valueRequired":true,"valueName":"search_term_string"}}],"inLanguage":"it-IT"},{"@type":"Organization","@id":"https:\/\/www.robertzueblin.com\/it\/#organization","name":"ROBERT Z\u00dcBLIN","url":"https:\/\/www.robertzueblin.com\/it\/","logo":{"@type":"ImageObject","inLanguage":"it-IT","@id":"https:\/\/www.robertzueblin.com\/it\/#\/schema\/logo\/image\/","url":"https:\/\/www.robertzueblin.com\/wp-content\/uploads\/cropped-cropped-logo-von-robert-zueblin.jpg","contentUrl":"https:\/\/www.robertzueblin.com\/wp-content\/uploads\/cropped-cropped-logo-von-robert-zueblin.jpg","width":440,"height":60,"caption":"ROBERT Z\u00dcBLIN"},"image":{"@id":"https:\/\/www.robertzueblin.com\/it\/#\/schema\/logo\/image\/"}}]}},"_links":{"self":[{"href":"https:\/\/www.robertzueblin.com\/it\/wp-json\/wp\/v2\/product\/29662","targetHints":{"allow":["GET"]}}],"collection":[{"href":"https:\/\/www.robertzueblin.com\/it\/wp-json\/wp\/v2\/product"}],"about":[{"href":"https:\/\/www.robertzueblin.com\/it\/wp-json\/wp\/v2\/types\/product"}],"wp:featuredmedia":[{"embeddable":true,"href":"https:\/\/www.robertzueblin.com\/it\/wp-json\/wp\/v2\/media\/35456"}],"wp:attachment":[{"href":"https:\/\/www.robertzueblin.com\/it\/wp-json\/wp\/v2\/media?parent=29662"}],"wp:term":[{"taxonomy":"product_brand","embeddable":true,"href":"https:\/\/www.robertzueblin.com\/it\/wp-json\/wp\/v2\/product_brand?post=29662"},{"taxonomy":"product_cat","embeddable":true,"href":"https:\/\/www.robertzueblin.com\/it\/wp-json\/wp\/v2\/product_cat?post=29662"},{"taxonomy":"product_tag","embeddable":true,"href":"https:\/\/www.robertzueblin.com\/it\/wp-json\/wp\/v2\/product_tag?post=29662"}],"curies":[{"name":"wp","href":"https:\/\/api.w.org\/{rel}","templated":true}]}}