{"id":4650,"date":"2022-01-15T15:47:12","date_gmt":"2022-01-15T14:47:12","guid":{"rendered":"https:\/\/www.robertzueblin.com\/?page_id=4650"},"modified":"2025-01-01T18:12:36","modified_gmt":"2025-01-01T17:12:36","slug":"contatto-al-servizio-clienti","status":"publish","type":"page","link":"https:\/\/www.robertzueblin.com\/it\/contatto-al-servizio-clienti\/","title":{"rendered":"Contatto al servizio clienti"},"content":{"rendered":"<p>Bienvenido al \u00e1rea de atenci\u00f3n al cliente de ROBERT Z\u00dcBLIN. Se desiderate contattarci, potete semplicemente utilizzare il seguente <strong>modulo di contatto<\/strong>:<\/p>\n\n<div class=\"wpcf7 no-js\" id=\"wpcf7-f42670-o1\" lang=\"it-IT\" dir=\"ltr\" data-wpcf7-id=\"42670\">\n<div class=\"screen-reader-response\"><p role=\"status\" aria-live=\"polite\" aria-atomic=\"true\"><\/p> <ul><\/ul><\/div>\n<form action=\"\/it\/wp-json\/wp\/v2\/pages\/4650#wpcf7-f42670-o1\" method=\"post\" class=\"wpcf7-form init\" aria-label=\"Modulo di contatto\" novalidate=\"novalidate\" data-status=\"init\">\n<fieldset class=\"hidden-fields-container\"><input type=\"hidden\" name=\"_wpcf7\" value=\"42670\" \/><input type=\"hidden\" name=\"_wpcf7_version\" value=\"6.1.5\" \/><input type=\"hidden\" name=\"_wpcf7_locale\" value=\"it_IT\" \/><input type=\"hidden\" name=\"_wpcf7_unit_tag\" value=\"wpcf7-f42670-o1\" \/><input type=\"hidden\" name=\"_wpcf7_container_post\" value=\"0\" \/><input type=\"hidden\" name=\"_wpcf7_posted_data_hash\" value=\"\" \/>\n<\/fieldset>\n<p>I campi contrassegnati con * devono essere compilati. In caso contrario non \u00e8 possibile inviare il modulo. (Si prega di consultare la mia <a href=\"https:\/\/www.robertzueblin.com\/it\/politica-sulla-privacy\/\">politica sulla privacy<\/a>.)\n<\/p>\n<p><label> Il suo nome*<br \/>\n<span class=\"wpcf7-form-control-wrap\" data-name=\"your-name\"><input size=\"40\" maxlength=\"400\" class=\"wpcf7-form-control wpcf7-text wpcf7-validates-as-required\" autocomplete=\"name\" aria-required=\"true\" aria-invalid=\"false\" value=\"\" type=\"text\" name=\"your-name\" \/><\/span> <\/label>\n<\/p>\n<p><label> Il suo indirizzo e-mail*<br \/>\n<span class=\"wpcf7-form-control-wrap\" data-name=\"your-email\"><input size=\"40\" maxlength=\"400\" class=\"wpcf7-form-control wpcf7-email wpcf7-validates-as-required wpcf7-text wpcf7-validates-as-email\" autocomplete=\"email\" aria-required=\"true\" aria-invalid=\"false\" value=\"\" type=\"email\" name=\"your-email\" \/><\/span> <\/label>\n<\/p>\n<p><label> Il suo messaggio (facoltativo)<br \/>\n<span class=\"wpcf7-form-control-wrap\" data-name=\"your-message\"><textarea cols=\"40\" rows=\"10\" maxlength=\"2000\" class=\"wpcf7-form-control wpcf7-textarea\" aria-invalid=\"false\" name=\"your-message\"><\/textarea><\/span> <\/label>\n<\/p>\n<p><input class=\"wpcf7-form-control wpcf7-submit has-spinner\" type=\"submit\" value=\"Invia\" \/>\n<\/p><div class=\"wpcf7-response-output\" aria-hidden=\"true\"><\/div>\n<\/form>\n<\/div>\n\n<div>&nbsp;<\/div>\n<p>Siete inoltre invitati a contattarci via <strong>e-mail<\/strong>: <\/p>\n<p><strong>mitteilung@robertzueblin.com<\/strong><\/p>\n<p>(si prega di notare il nostro <a href=\"https:\/\/www.robertzueblin.com\/it\/politica-sulla-privacy\/\">politica sulla privacy<\/a>)<\/p>\n<p>Oppure chiamateci al seguente <strong>numero di telefono<\/strong>: <strong>0041 (0) 77 50 60 744<\/strong> (numero di cellulare svizzero)  <\/p>\n<p>Potete anche chiederci di <strong>richiamarvi<\/strong> in CH, UE, Regno Unito, USA e Canada chiamandoci brevemente o inviandoci il vostro numero di telefono al seguente indirizzo e-mail e descrivendo brevemente la vostra richiesta: <\/p>\n<p><strong>mitteilung@robertzueblin.com<\/strong><\/p>\n<p>(si prega di notare il nostro <a href=\"https:\/\/www.robertzueblin.com\/it\/politica-sulla-privacy\/\">politica sulla privacy<\/a>)<\/p>\n","protected":false},"excerpt":{"rendered":"<p>Bienvenido al \u00e1rea de atenci\u00f3n al cliente de ROBERT Z\u00dcBLIN. Se desiderate contattarci, potete semplicemente utilizzare il seguente modulo di contatto: &nbsp; Siete inoltre invitati a contattarci via e-mail: mitteilung@robertzueblin.com (si prega di notare il nostro politica sulla privacy) Oppure chiamateci al seguente numero di telefono: 0041 (0) 77 50 60 744 (numero di cellulare [&hellip;]<\/p>\n","protected":false},"author":1,"featured_media":0,"parent":0,"menu_order":0,"comment_status":"closed","ping_status":"closed","template":"","meta":{"footnotes":""},"class_list":["post-4650","page","type-page","status-publish","hentry"],"yoast_head":"<!-- This site is optimized with the Yoast SEO plugin v27.4 - https:\/\/yoast.com\/product\/yoast-seo-wordpress\/ -->\n<title>Contatto al servizio clienti<\/title>\n<meta name=\"robots\" content=\"index, follow, max-snippet:-1, max-image-preview:large, max-video-preview:-1\" \/>\n<link rel=\"canonical\" href=\"https:\/\/www.robertzueblin.com\/it\/contatto-al-servizio-clienti\/\" \/>\n<meta property=\"og:locale\" content=\"it_IT\" \/>\n<meta property=\"og:type\" content=\"article\" \/>\n<meta property=\"og:title\" content=\"Contatto al servizio clienti\" \/>\n<meta property=\"og:description\" content=\"Bienvenido al \u00e1rea de atenci\u00f3n al cliente de ROBERT Z\u00dcBLIN. Se desiderate contattarci, potete semplicemente utilizzare il seguente modulo di contatto: &nbsp; Siete inoltre invitati a contattarci via e-mail: mitteilung@robertzueblin.com (si prega di notare il nostro politica sulla privacy) Oppure chiamateci al seguente numero di telefono: 0041 (0) 77 50 60 744 (numero di cellulare [&hellip;]\" \/>\n<meta property=\"og:url\" content=\"https:\/\/www.robertzueblin.com\/it\/contatto-al-servizio-clienti\/\" \/>\n<meta property=\"og:site_name\" content=\"ROBERT Z\u00dcBLIN\" \/>\n<meta property=\"article:modified_time\" content=\"2025-01-01T17:12:36+00:00\" \/>\n<meta name=\"twitter:card\" content=\"summary_large_image\" \/>\n<script type=\"application\/ld+json\" class=\"yoast-schema-graph\">{\"@context\":\"https:\\\/\\\/schema.org\",\"@graph\":[{\"@type\":\"WebPage\",\"@id\":\"https:\\\/\\\/www.robertzueblin.com\\\/it\\\/contatto-al-servizio-clienti\\\/\",\"url\":\"https:\\\/\\\/www.robertzueblin.com\\\/it\\\/contatto-al-servizio-clienti\\\/\",\"name\":\"Contatto al servizio clienti\",\"isPartOf\":{\"@id\":\"https:\\\/\\\/www.robertzueblin.com\\\/it\\\/#website\"},\"datePublished\":\"2022-01-15T14:47:12+00:00\",\"dateModified\":\"2025-01-01T17:12:36+00:00\",\"breadcrumb\":{\"@id\":\"https:\\\/\\\/www.robertzueblin.com\\\/it\\\/contatto-al-servizio-clienti\\\/#breadcrumb\"},\"inLanguage\":\"it-IT\",\"potentialAction\":[{\"@type\":\"ReadAction\",\"target\":[\"https:\\\/\\\/www.robertzueblin.com\\\/it\\\/contatto-al-servizio-clienti\\\/\"]}]},{\"@type\":\"BreadcrumbList\",\"@id\":\"https:\\\/\\\/www.robertzueblin.com\\\/it\\\/contatto-al-servizio-clienti\\\/#breadcrumb\",\"itemListElement\":[{\"@type\":\"ListItem\",\"position\":1,\"name\":\"Startseite\",\"item\":\"https:\\\/\\\/www.robertzueblin.com\\\/it\\\/\"},{\"@type\":\"ListItem\",\"position\":2,\"name\":\"Contatto al servizio clienti\"}]},{\"@type\":\"WebSite\",\"@id\":\"https:\\\/\\\/www.robertzueblin.com\\\/it\\\/#website\",\"url\":\"https:\\\/\\\/www.robertzueblin.com\\\/it\\\/\",\"name\":\"ROBERT Z\u00dcBLIN\",\"description\":\"\",\"publisher\":{\"@id\":\"https:\\\/\\\/www.robertzueblin.com\\\/it\\\/#organization\"},\"potentialAction\":[{\"@type\":\"SearchAction\",\"target\":{\"@type\":\"EntryPoint\",\"urlTemplate\":\"https:\\\/\\\/www.robertzueblin.com\\\/it\\\/?s={search_term_string}\"},\"query-input\":{\"@type\":\"PropertyValueSpecification\",\"valueRequired\":true,\"valueName\":\"search_term_string\"}}],\"inLanguage\":\"it-IT\"},{\"@type\":\"Organization\",\"@id\":\"https:\\\/\\\/www.robertzueblin.com\\\/it\\\/#organization\",\"name\":\"ROBERT Z\u00dcBLIN\",\"url\":\"https:\\\/\\\/www.robertzueblin.com\\\/it\\\/\",\"logo\":{\"@type\":\"ImageObject\",\"inLanguage\":\"it-IT\",\"@id\":\"https:\\\/\\\/www.robertzueblin.com\\\/it\\\/#\\\/schema\\\/logo\\\/image\\\/\",\"url\":\"https:\\\/\\\/www.robertzueblin.com\\\/wp-content\\\/uploads\\\/cropped-cropped-logo-von-robert-zueblin.jpg\",\"contentUrl\":\"https:\\\/\\\/www.robertzueblin.com\\\/wp-content\\\/uploads\\\/cropped-cropped-logo-von-robert-zueblin.jpg\",\"width\":440,\"height\":60,\"caption\":\"ROBERT Z\u00dcBLIN\"},\"image\":{\"@id\":\"https:\\\/\\\/www.robertzueblin.com\\\/it\\\/#\\\/schema\\\/logo\\\/image\\\/\"}}]}<\/script>\n<!-- \/ Yoast SEO plugin. -->","yoast_head_json":{"title":"Contatto al servizio clienti","robots":{"index":"index","follow":"follow","max-snippet":"max-snippet:-1","max-image-preview":"max-image-preview:large","max-video-preview":"max-video-preview:-1"},"canonical":"https:\/\/www.robertzueblin.com\/it\/contatto-al-servizio-clienti\/","og_locale":"it_IT","og_type":"article","og_title":"Contatto al servizio clienti","og_description":"Bienvenido al \u00e1rea de atenci\u00f3n al cliente de ROBERT Z\u00dcBLIN. Se desiderate contattarci, potete semplicemente utilizzare il seguente modulo di contatto: &nbsp; Siete inoltre invitati a contattarci via e-mail: mitteilung@robertzueblin.com (si prega di notare il nostro politica sulla privacy) Oppure chiamateci al seguente numero di telefono: 0041 (0) 77 50 60 744 (numero di cellulare [&hellip;]","og_url":"https:\/\/www.robertzueblin.com\/it\/contatto-al-servizio-clienti\/","og_site_name":"ROBERT Z\u00dcBLIN","article_modified_time":"2025-01-01T17:12:36+00:00","twitter_card":"summary_large_image","schema":{"@context":"https:\/\/schema.org","@graph":[{"@type":"WebPage","@id":"https:\/\/www.robertzueblin.com\/it\/contatto-al-servizio-clienti\/","url":"https:\/\/www.robertzueblin.com\/it\/contatto-al-servizio-clienti\/","name":"Contatto al servizio clienti","isPartOf":{"@id":"https:\/\/www.robertzueblin.com\/it\/#website"},"datePublished":"2022-01-15T14:47:12+00:00","dateModified":"2025-01-01T17:12:36+00:00","breadcrumb":{"@id":"https:\/\/www.robertzueblin.com\/it\/contatto-al-servizio-clienti\/#breadcrumb"},"inLanguage":"it-IT","potentialAction":[{"@type":"ReadAction","target":["https:\/\/www.robertzueblin.com\/it\/contatto-al-servizio-clienti\/"]}]},{"@type":"BreadcrumbList","@id":"https:\/\/www.robertzueblin.com\/it\/contatto-al-servizio-clienti\/#breadcrumb","itemListElement":[{"@type":"ListItem","position":1,"name":"Startseite","item":"https:\/\/www.robertzueblin.com\/it\/"},{"@type":"ListItem","position":2,"name":"Contatto al servizio clienti"}]},{"@type":"WebSite","@id":"https:\/\/www.robertzueblin.com\/it\/#website","url":"https:\/\/www.robertzueblin.com\/it\/","name":"ROBERT Z\u00dcBLIN","description":"","publisher":{"@id":"https:\/\/www.robertzueblin.com\/it\/#organization"},"potentialAction":[{"@type":"SearchAction","target":{"@type":"EntryPoint","urlTemplate":"https:\/\/www.robertzueblin.com\/it\/?s={search_term_string}"},"query-input":{"@type":"PropertyValueSpecification","valueRequired":true,"valueName":"search_term_string"}}],"inLanguage":"it-IT"},{"@type":"Organization","@id":"https:\/\/www.robertzueblin.com\/it\/#organization","name":"ROBERT Z\u00dcBLIN","url":"https:\/\/www.robertzueblin.com\/it\/","logo":{"@type":"ImageObject","inLanguage":"it-IT","@id":"https:\/\/www.robertzueblin.com\/it\/#\/schema\/logo\/image\/","url":"https:\/\/www.robertzueblin.com\/wp-content\/uploads\/cropped-cropped-logo-von-robert-zueblin.jpg","contentUrl":"https:\/\/www.robertzueblin.com\/wp-content\/uploads\/cropped-cropped-logo-von-robert-zueblin.jpg","width":440,"height":60,"caption":"ROBERT Z\u00dcBLIN"},"image":{"@id":"https:\/\/www.robertzueblin.com\/it\/#\/schema\/logo\/image\/"}}]}},"_links":{"self":[{"href":"https:\/\/www.robertzueblin.com\/it\/wp-json\/wp\/v2\/pages\/4650","targetHints":{"allow":["GET"]}}],"collection":[{"href":"https:\/\/www.robertzueblin.com\/it\/wp-json\/wp\/v2\/pages"}],"about":[{"href":"https:\/\/www.robertzueblin.com\/it\/wp-json\/wp\/v2\/types\/page"}],"author":[{"embeddable":true,"href":"https:\/\/www.robertzueblin.com\/it\/wp-json\/wp\/v2\/users\/1"}],"replies":[{"embeddable":true,"href":"https:\/\/www.robertzueblin.com\/it\/wp-json\/wp\/v2\/comments?post=4650"}],"version-history":[{"count":8,"href":"https:\/\/www.robertzueblin.com\/it\/wp-json\/wp\/v2\/pages\/4650\/revisions"}],"predecessor-version":[{"id":42671,"href":"https:\/\/www.robertzueblin.com\/it\/wp-json\/wp\/v2\/pages\/4650\/revisions\/42671"}],"wp:attachment":[{"href":"https:\/\/www.robertzueblin.com\/it\/wp-json\/wp\/v2\/media?parent=4650"}],"curies":[{"name":"wp","href":"https:\/\/api.w.org\/{rel}","templated":true}]}}