{"id":4424,"date":"2022-01-09T00:03:50","date_gmt":"2022-01-08T23:03:50","guid":{"rendered":"https:\/\/www.robertzueblin.com\/?page_id=4424"},"modified":"2023-04-29T13:52:08","modified_gmt":"2023-04-29T11:52:08","slug":"politica-di-cancellazione-e-modulo-di-cancellazione","status":"publish","type":"page","link":"https:\/\/www.robertzueblin.com\/it\/politica-di-cancellazione-e-modulo-di-cancellazione\/","title":{"rendered":"Politica di cancellazione e modulo di cancellazione"},"content":{"rendered":"<p>I consumatori hanno un diritto di revoca secondo le seguenti disposizioni, per cui un consumatore \u00e8 qualsiasi persona fisica che conclude un negozio giuridico per fini che non possono essere attribuiti in modo predominante n\u00e9 alla sua attivit\u00e0 commerciale n\u00e9 alla sua attivit\u00e0 professionale indipendente:<\/p>\n<h2>A. Politica di cancellazione<\/h2>\n<p>Diritto di recesso<\/p>\n<p>Lei ha il diritto di annullare il presente contratto entro quattordici giorni senza fornire alcuna motivazione.<\/p>\n<p>Il periodo di revoca \u00e8 di quattordici giorni a partire dal giorno in cui lei o un terzo da lei nominato, che non sia il trasportatore, ha o ha preso possesso dell&#8217;ultima merce.<\/p>\n<p>Per esercitare il suo diritto di recesso, deve informarmi (Robert Z\u00fcblin, Freudenbergstrasse 95, 8044 Zurigo, Svizzera, e-mail: widerrufserklaerung@robertzueblin.com) della sua decisione di recedere dal presente contratto mediante una dichiarazione chiara (ad esempio una lettera o un&#8217;e-mail inviata per posta). A questo scopo pu\u00f2 utilizzare il modello di modulo di ritiro allegato, che tuttavia non \u00e8 obbligatorio.<\/p>\n<p>Per rispettare il periodo di recesso, \u00e8 sufficiente che lei invii la notifica dell&#8217;esercizio del diritto di recesso prima della scadenza del periodo di recesso.\u00a0<\/p>\n<p>Conseguenze della cancellazione<\/p>\n<p>Se lei recede da questo contratto, devo rimborsarle tutti i pagamenti che ho ricevuto da lei, compresi i costi di consegna (ad eccezione dei costi aggiuntivi derivanti dal fatto che lei ha scelto un tipo di consegna diverso dalla consegna standard pi\u00f9 economica da me offerta), senza ritardo e al pi\u00f9 tardi entro quattordici giorni dal giorno in cui ho ricevuto la notifica del suo recesso da questo contratto. Per questo rimborso, user\u00f2 lo stesso mezzo di pagamento che hai usato per la transazione originale, a meno che non sia stato espressamente concordato diversamente con te; in nessun caso ti sar\u00e0 addebitato questo rimborso. Posso rifiutare il rimborso fino a quando non avr\u00f2 ricevuto la merce indietro o fino a quando lei non avr\u00e0 fornito la prova di aver restituito la merce, qualunque sia la prima.<\/p>\n<p>Lei deve restituire o consegnarmi la merce senza indugio e in ogni caso non oltre quattordici giorni dal giorno in cui mi ha notificato l&#8217;annullamento del presente contratto. Il termine \u00e8 rispettato se si invia la merce prima della scadenza del periodo di quattordici giorni.<\/p>\n<p>I costi diretti della restituzione della merce sono a vostro carico.<\/p>\n<p>Lei deve pagare per qualsiasi perdita di valore della merce solo se questa perdita di valore \u00e8 dovuta alla manipolazione della merce in un modo che non \u00e8 necessario per controllare lo stato, le propriet\u00e0 e il funzionamento della merce.\u00a0<\/p>\n<h2>B. Modulo di cancellazione<\/h2>\n<p>Se desidera annullare il contratto, compili e restituisca questo modulo.<\/p>\n<p>A<br \/>\nRobert Z\u00fcblin<br \/>\nFreudenbergstrasse 95<br \/>\n8044 Zurigo<br \/>\nSvizzera<br \/>\n\u00a0<br \/>\nE-mail: widerrufserklaerung@robertzueblin.com<\/p>\n<p>Io\/noi (*) revochiamo il contratto concluso da me\/noi (*) per l&#8217;acquisto dei seguenti beni (*)\/la fornitura del seguente servizio (*)<br \/>\n_______________________________________________________<br \/>\n_______________________________________________________<br \/>\nOrdinato il (*) ____________ \/ ricevuto il (*) __________________<br \/>\n________________________________________________________<br \/>\nNome del consumatore (o dei consumatori)<br \/>\n________________________________________________________<br \/>\nIndirizzo del consumatore(i)<br \/>\n________________________________________________________<br \/>\nFirma del\/i consumatore\/i (solo in caso di comunicazione cartacea)<br \/>\n_________________________<br \/>\nData<\/p>\n<p>(*) Cancellare dove inapplicabile<\/p>\n","protected":false},"excerpt":{"rendered":"<p>I consumatori hanno un diritto di revoca secondo le seguenti disposizioni, per cui un consumatore \u00e8 qualsiasi persona fisica che conclude un negozio giuridico per fini che non possono essere attribuiti in modo predominante n\u00e9 alla sua attivit\u00e0 commerciale n\u00e9 alla sua attivit\u00e0 professionale indipendente: A. Politica di cancellazione Diritto di recesso Lei ha il [&hellip;]<\/p>\n","protected":false},"author":1,"featured_media":0,"parent":0,"menu_order":0,"comment_status":"closed","ping_status":"closed","template":"","meta":{"footnotes":""},"class_list":["post-4424","page","type-page","status-publish","hentry"],"yoast_head":"<!-- This site is optimized with the Yoast SEO plugin v27.6 - https:\/\/yoast.com\/product\/yoast-seo-wordpress\/ -->\n<title>Politica di cancellazione e modulo di cancellazione - ROBERT Z\u00dcBLIN<\/title>\n<meta name=\"robots\" content=\"index, follow, max-snippet:-1, max-image-preview:large, max-video-preview:-1\" \/>\n<link rel=\"canonical\" href=\"https:\/\/www.robertzueblin.com\/it\/politica-di-cancellazione-e-modulo-di-cancellazione\/\" \/>\n<meta property=\"og:locale\" content=\"it_IT\" \/>\n<meta property=\"og:type\" content=\"article\" \/>\n<meta property=\"og:title\" content=\"Politica di cancellazione e modulo di cancellazione - ROBERT Z\u00dcBLIN\" \/>\n<meta property=\"og:description\" content=\"I consumatori hanno un diritto di revoca secondo le seguenti disposizioni, per cui un consumatore \u00e8 qualsiasi persona fisica che conclude un negozio giuridico per fini che non possono essere attribuiti in modo predominante n\u00e9 alla sua attivit\u00e0 commerciale n\u00e9 alla sua attivit\u00e0 professionale indipendente: A. Politica di cancellazione Diritto di recesso Lei ha il [&hellip;]\" \/>\n<meta property=\"og:url\" content=\"https:\/\/www.robertzueblin.com\/it\/politica-di-cancellazione-e-modulo-di-cancellazione\/\" \/>\n<meta property=\"og:site_name\" content=\"ROBERT Z\u00dcBLIN\" \/>\n<meta property=\"article:modified_time\" content=\"2023-04-29T11:52:08+00:00\" \/>\n<meta name=\"twitter:card\" content=\"summary_large_image\" \/>\n<script type=\"application\/ld+json\" class=\"yoast-schema-graph\">{\"@context\":\"https:\\\/\\\/schema.org\",\"@graph\":[{\"@type\":\"WebPage\",\"@id\":\"https:\\\/\\\/www.robertzueblin.com\\\/it\\\/politica-di-cancellazione-e-modulo-di-cancellazione\\\/\",\"url\":\"https:\\\/\\\/www.robertzueblin.com\\\/it\\\/politica-di-cancellazione-e-modulo-di-cancellazione\\\/\",\"name\":\"Politica di cancellazione e modulo di cancellazione - ROBERT Z\u00dcBLIN\",\"isPartOf\":{\"@id\":\"https:\\\/\\\/www.robertzueblin.com\\\/it\\\/#website\"},\"datePublished\":\"2022-01-08T23:03:50+00:00\",\"dateModified\":\"2023-04-29T11:52:08+00:00\",\"breadcrumb\":{\"@id\":\"https:\\\/\\\/www.robertzueblin.com\\\/it\\\/politica-di-cancellazione-e-modulo-di-cancellazione\\\/#breadcrumb\"},\"inLanguage\":\"it-IT\",\"potentialAction\":[{\"@type\":\"ReadAction\",\"target\":[\"https:\\\/\\\/www.robertzueblin.com\\\/it\\\/politica-di-cancellazione-e-modulo-di-cancellazione\\\/\"]}]},{\"@type\":\"BreadcrumbList\",\"@id\":\"https:\\\/\\\/www.robertzueblin.com\\\/it\\\/politica-di-cancellazione-e-modulo-di-cancellazione\\\/#breadcrumb\",\"itemListElement\":[{\"@type\":\"ListItem\",\"position\":1,\"name\":\"Startseite\",\"item\":\"https:\\\/\\\/www.robertzueblin.com\\\/it\\\/\"},{\"@type\":\"ListItem\",\"position\":2,\"name\":\"Politica di cancellazione e modulo di cancellazione\"}]},{\"@type\":\"WebSite\",\"@id\":\"https:\\\/\\\/www.robertzueblin.com\\\/it\\\/#website\",\"url\":\"https:\\\/\\\/www.robertzueblin.com\\\/it\\\/\",\"name\":\"ROBERT Z\u00dcBLIN\",\"description\":\"\",\"publisher\":{\"@id\":\"https:\\\/\\\/www.robertzueblin.com\\\/it\\\/#organization\"},\"potentialAction\":[{\"@type\":\"SearchAction\",\"target\":{\"@type\":\"EntryPoint\",\"urlTemplate\":\"https:\\\/\\\/www.robertzueblin.com\\\/it\\\/?s={search_term_string}\"},\"query-input\":{\"@type\":\"PropertyValueSpecification\",\"valueRequired\":true,\"valueName\":\"search_term_string\"}}],\"inLanguage\":\"it-IT\"},{\"@type\":\"Organization\",\"@id\":\"https:\\\/\\\/www.robertzueblin.com\\\/it\\\/#organization\",\"name\":\"ROBERT Z\u00dcBLIN\",\"url\":\"https:\\\/\\\/www.robertzueblin.com\\\/it\\\/\",\"logo\":{\"@type\":\"ImageObject\",\"inLanguage\":\"it-IT\",\"@id\":\"https:\\\/\\\/www.robertzueblin.com\\\/it\\\/#\\\/schema\\\/logo\\\/image\\\/\",\"url\":\"https:\\\/\\\/www.robertzueblin.com\\\/wp-content\\\/uploads\\\/cropped-cropped-logo-von-robert-zueblin.jpg\",\"contentUrl\":\"https:\\\/\\\/www.robertzueblin.com\\\/wp-content\\\/uploads\\\/cropped-cropped-logo-von-robert-zueblin.jpg\",\"width\":440,\"height\":60,\"caption\":\"ROBERT Z\u00dcBLIN\"},\"image\":{\"@id\":\"https:\\\/\\\/www.robertzueblin.com\\\/it\\\/#\\\/schema\\\/logo\\\/image\\\/\"}}]}<\/script>\n<!-- \/ Yoast SEO plugin. -->","yoast_head_json":{"title":"Politica di cancellazione e modulo di cancellazione - ROBERT Z\u00dcBLIN","robots":{"index":"index","follow":"follow","max-snippet":"max-snippet:-1","max-image-preview":"max-image-preview:large","max-video-preview":"max-video-preview:-1"},"canonical":"https:\/\/www.robertzueblin.com\/it\/politica-di-cancellazione-e-modulo-di-cancellazione\/","og_locale":"it_IT","og_type":"article","og_title":"Politica di cancellazione e modulo di cancellazione - ROBERT Z\u00dcBLIN","og_description":"I consumatori hanno un diritto di revoca secondo le seguenti disposizioni, per cui un consumatore \u00e8 qualsiasi persona fisica che conclude un negozio giuridico per fini che non possono essere attribuiti in modo predominante n\u00e9 alla sua attivit\u00e0 commerciale n\u00e9 alla sua attivit\u00e0 professionale indipendente: A. Politica di cancellazione Diritto di recesso Lei ha il [&hellip;]","og_url":"https:\/\/www.robertzueblin.com\/it\/politica-di-cancellazione-e-modulo-di-cancellazione\/","og_site_name":"ROBERT Z\u00dcBLIN","article_modified_time":"2023-04-29T11:52:08+00:00","twitter_card":"summary_large_image","schema":{"@context":"https:\/\/schema.org","@graph":[{"@type":"WebPage","@id":"https:\/\/www.robertzueblin.com\/it\/politica-di-cancellazione-e-modulo-di-cancellazione\/","url":"https:\/\/www.robertzueblin.com\/it\/politica-di-cancellazione-e-modulo-di-cancellazione\/","name":"Politica di cancellazione e modulo di cancellazione - ROBERT Z\u00dcBLIN","isPartOf":{"@id":"https:\/\/www.robertzueblin.com\/it\/#website"},"datePublished":"2022-01-08T23:03:50+00:00","dateModified":"2023-04-29T11:52:08+00:00","breadcrumb":{"@id":"https:\/\/www.robertzueblin.com\/it\/politica-di-cancellazione-e-modulo-di-cancellazione\/#breadcrumb"},"inLanguage":"it-IT","potentialAction":[{"@type":"ReadAction","target":["https:\/\/www.robertzueblin.com\/it\/politica-di-cancellazione-e-modulo-di-cancellazione\/"]}]},{"@type":"BreadcrumbList","@id":"https:\/\/www.robertzueblin.com\/it\/politica-di-cancellazione-e-modulo-di-cancellazione\/#breadcrumb","itemListElement":[{"@type":"ListItem","position":1,"name":"Startseite","item":"https:\/\/www.robertzueblin.com\/it\/"},{"@type":"ListItem","position":2,"name":"Politica di cancellazione e modulo di cancellazione"}]},{"@type":"WebSite","@id":"https:\/\/www.robertzueblin.com\/it\/#website","url":"https:\/\/www.robertzueblin.com\/it\/","name":"ROBERT Z\u00dcBLIN","description":"","publisher":{"@id":"https:\/\/www.robertzueblin.com\/it\/#organization"},"potentialAction":[{"@type":"SearchAction","target":{"@type":"EntryPoint","urlTemplate":"https:\/\/www.robertzueblin.com\/it\/?s={search_term_string}"},"query-input":{"@type":"PropertyValueSpecification","valueRequired":true,"valueName":"search_term_string"}}],"inLanguage":"it-IT"},{"@type":"Organization","@id":"https:\/\/www.robertzueblin.com\/it\/#organization","name":"ROBERT Z\u00dcBLIN","url":"https:\/\/www.robertzueblin.com\/it\/","logo":{"@type":"ImageObject","inLanguage":"it-IT","@id":"https:\/\/www.robertzueblin.com\/it\/#\/schema\/logo\/image\/","url":"https:\/\/www.robertzueblin.com\/wp-content\/uploads\/cropped-cropped-logo-von-robert-zueblin.jpg","contentUrl":"https:\/\/www.robertzueblin.com\/wp-content\/uploads\/cropped-cropped-logo-von-robert-zueblin.jpg","width":440,"height":60,"caption":"ROBERT Z\u00dcBLIN"},"image":{"@id":"https:\/\/www.robertzueblin.com\/it\/#\/schema\/logo\/image\/"}}]}},"_links":{"self":[{"href":"https:\/\/www.robertzueblin.com\/it\/wp-json\/wp\/v2\/pages\/4424","targetHints":{"allow":["GET"]}}],"collection":[{"href":"https:\/\/www.robertzueblin.com\/it\/wp-json\/wp\/v2\/pages"}],"about":[{"href":"https:\/\/www.robertzueblin.com\/it\/wp-json\/wp\/v2\/types\/page"}],"author":[{"embeddable":true,"href":"https:\/\/www.robertzueblin.com\/it\/wp-json\/wp\/v2\/users\/1"}],"replies":[{"embeddable":true,"href":"https:\/\/www.robertzueblin.com\/it\/wp-json\/wp\/v2\/comments?post=4424"}],"version-history":[{"count":3,"href":"https:\/\/www.robertzueblin.com\/it\/wp-json\/wp\/v2\/pages\/4424\/revisions"}],"predecessor-version":[{"id":32463,"href":"https:\/\/www.robertzueblin.com\/it\/wp-json\/wp\/v2\/pages\/4424\/revisions\/32463"}],"wp:attachment":[{"href":"https:\/\/www.robertzueblin.com\/it\/wp-json\/wp\/v2\/media?parent=4424"}],"curies":[{"name":"wp","href":"https:\/\/api.w.org\/{rel}","templated":true}]}}