{"id":4409,"date":"2022-01-08T19:06:04","date_gmt":"2022-01-08T18:06:04","guid":{"rendered":"https:\/\/www.robertzueblin.com\/?page_id=4409"},"modified":"2025-07-21T19:33:48","modified_gmt":"2025-07-21T17:33:48","slug":"note-legali","status":"publish","type":"page","link":"https:\/\/www.robertzueblin.com\/it\/note-legali\/","title":{"rendered":"Note legali"},"content":{"rendered":"<p>Qui troverete i miei dati di stampa, ma il seguente indirizzo non \u00e8 un negozio aperto al pubblico:<\/p>\n<p>Robert Z\u00fcblin<br \/>\nFreudenbergstrasse 95<br \/>\n8044 Zurigo<br \/>\nSvizzera<\/p>\n<p>Telefono: 0041 (0) 77 50 60 744<\/p>\n<p>E-mail: mitteilung@robertzueblin.com<\/span><\/p>\n<p><a href=\"https:\/\/www.uid.admin.ch\/Detail.aspx?uid_id=CHE-478.105.609&#038;lang=it\">Numero d\u2019identificazione delle imprese svizzere (IDI): CHE-478.105.609<\/a><\/p>\n<p>&nbsp;<\/p>\n<p>Non sono n\u00e9 obbligato n\u00e9 disposto a partecipare a una procedura di risoluzione delle controversie davanti a una commissione di arbitrato dei consumatori.<\/p>\n<p>Come partner di Amazon ed eurobuch, guadagno soldi dagli acquisti qualificati.<\/p>\n<p>&nbsp;<\/p>\n<div style=\"display: block; background-color: #fbfbfb; color: #292929; border: 1px solid gray; padding: 15px; font-family: Helvetica,Arial,sans-serif; font-size: 14px; font-style: normal;\">\n<p><img decoding=\"async\" style=\"float: left; margin-right: 10px; width: 90px;\" src=\"https:\/\/www.it-recht-kanzlei.de\/gfx\/Logos\/logo-fairness-160.png\" \/><\/p>\n<p style=\"padding-top: 10px;\">Membro dell&#8217;iniziativa \u00abFairness in Trade\u00bb.<br \/>\nInformazioni sull&#8217;iniziativa: <a style=\"color: #ef7b00;\" href=\"http:\/\/www.fairness-im-handel.de\" target=\"_blank\" rel=\"noopener\">fairness-im-handel.de<\/a><\/p>\n<div style=\"clear: both;\"><\/div>\n<\/div>\n<p>&nbsp;<\/p>\n","protected":false},"excerpt":{"rendered":"<p>Qui troverete i miei dati di stampa, ma il seguente indirizzo non \u00e8 un negozio aperto al pubblico: Robert Z\u00fcblin Freudenbergstrasse 95 8044 Zurigo Svizzera Telefono: 0041 (0) 77 50 60 744 E-mail: mitteilung@robertzueblin.com Numero d\u2019identificazione delle imprese svizzere (IDI): CHE-478.105.609 &nbsp; Non sono n\u00e9 obbligato n\u00e9 disposto a partecipare a una procedura di risoluzione [&hellip;]<\/p>\n","protected":false},"author":1,"featured_media":0,"parent":0,"menu_order":0,"comment_status":"closed","ping_status":"closed","template":"","meta":{"footnotes":""},"class_list":["post-4409","page","type-page","status-publish","hentry"],"yoast_head":"<!-- This site is optimized with the Yoast SEO plugin v27.4 - https:\/\/yoast.com\/product\/yoast-seo-wordpress\/ -->\n<title>Note legali - ROBERT Z\u00dcBLIN<\/title>\n<meta name=\"robots\" content=\"index, follow, max-snippet:-1, max-image-preview:large, max-video-preview:-1\" \/>\n<link rel=\"canonical\" href=\"https:\/\/www.robertzueblin.com\/it\/note-legali\/\" \/>\n<meta property=\"og:locale\" content=\"it_IT\" \/>\n<meta property=\"og:type\" content=\"article\" \/>\n<meta property=\"og:title\" content=\"Note legali - ROBERT Z\u00dcBLIN\" \/>\n<meta property=\"og:description\" content=\"Qui troverete i miei dati di stampa, ma il seguente indirizzo non \u00e8 un negozio aperto al pubblico: Robert Z\u00fcblin Freudenbergstrasse 95 8044 Zurigo Svizzera Telefono: 0041 (0) 77 50 60 744 E-mail: mitteilung@robertzueblin.com Numero d\u2019identificazione delle imprese svizzere (IDI): CHE-478.105.609 &nbsp; Non sono n\u00e9 obbligato n\u00e9 disposto a partecipare a una procedura di risoluzione [&hellip;]\" \/>\n<meta property=\"og:url\" content=\"https:\/\/www.robertzueblin.com\/it\/note-legali\/\" \/>\n<meta property=\"og:site_name\" content=\"ROBERT Z\u00dcBLIN\" \/>\n<meta property=\"article:modified_time\" content=\"2025-07-21T17:33:48+00:00\" \/>\n<meta property=\"og:image\" content=\"https:\/\/www.it-recht-kanzlei.de\/gfx\/Logos\/logo-fairness-160.png\" \/>\n<meta name=\"twitter:card\" content=\"summary_large_image\" \/>\n<script type=\"application\/ld+json\" class=\"yoast-schema-graph\">{\"@context\":\"https:\\\/\\\/schema.org\",\"@graph\":[{\"@type\":\"WebPage\",\"@id\":\"https:\\\/\\\/www.robertzueblin.com\\\/it\\\/note-legali\\\/\",\"url\":\"https:\\\/\\\/www.robertzueblin.com\\\/it\\\/note-legali\\\/\",\"name\":\"Note legali - ROBERT Z\u00dcBLIN\",\"isPartOf\":{\"@id\":\"https:\\\/\\\/www.robertzueblin.com\\\/it\\\/#website\"},\"primaryImageOfPage\":{\"@id\":\"https:\\\/\\\/www.robertzueblin.com\\\/it\\\/note-legali\\\/#primaryimage\"},\"image\":{\"@id\":\"https:\\\/\\\/www.robertzueblin.com\\\/it\\\/note-legali\\\/#primaryimage\"},\"thumbnailUrl\":\"https:\\\/\\\/www.it-recht-kanzlei.de\\\/gfx\\\/Logos\\\/logo-fairness-160.png\",\"datePublished\":\"2022-01-08T18:06:04+00:00\",\"dateModified\":\"2025-07-21T17:33:48+00:00\",\"breadcrumb\":{\"@id\":\"https:\\\/\\\/www.robertzueblin.com\\\/it\\\/note-legali\\\/#breadcrumb\"},\"inLanguage\":\"it-IT\",\"potentialAction\":[{\"@type\":\"ReadAction\",\"target\":[\"https:\\\/\\\/www.robertzueblin.com\\\/it\\\/note-legali\\\/\"]}]},{\"@type\":\"ImageObject\",\"inLanguage\":\"it-IT\",\"@id\":\"https:\\\/\\\/www.robertzueblin.com\\\/it\\\/note-legali\\\/#primaryimage\",\"url\":\"https:\\\/\\\/www.it-recht-kanzlei.de\\\/gfx\\\/Logos\\\/logo-fairness-160.png\",\"contentUrl\":\"https:\\\/\\\/www.it-recht-kanzlei.de\\\/gfx\\\/Logos\\\/logo-fairness-160.png\"},{\"@type\":\"BreadcrumbList\",\"@id\":\"https:\\\/\\\/www.robertzueblin.com\\\/it\\\/note-legali\\\/#breadcrumb\",\"itemListElement\":[{\"@type\":\"ListItem\",\"position\":1,\"name\":\"Startseite\",\"item\":\"https:\\\/\\\/www.robertzueblin.com\\\/it\\\/\"},{\"@type\":\"ListItem\",\"position\":2,\"name\":\"Note legali\"}]},{\"@type\":\"WebSite\",\"@id\":\"https:\\\/\\\/www.robertzueblin.com\\\/it\\\/#website\",\"url\":\"https:\\\/\\\/www.robertzueblin.com\\\/it\\\/\",\"name\":\"ROBERT Z\u00dcBLIN\",\"description\":\"\",\"publisher\":{\"@id\":\"https:\\\/\\\/www.robertzueblin.com\\\/it\\\/#organization\"},\"potentialAction\":[{\"@type\":\"SearchAction\",\"target\":{\"@type\":\"EntryPoint\",\"urlTemplate\":\"https:\\\/\\\/www.robertzueblin.com\\\/it\\\/?s={search_term_string}\"},\"query-input\":{\"@type\":\"PropertyValueSpecification\",\"valueRequired\":true,\"valueName\":\"search_term_string\"}}],\"inLanguage\":\"it-IT\"},{\"@type\":\"Organization\",\"@id\":\"https:\\\/\\\/www.robertzueblin.com\\\/it\\\/#organization\",\"name\":\"ROBERT Z\u00dcBLIN\",\"url\":\"https:\\\/\\\/www.robertzueblin.com\\\/it\\\/\",\"logo\":{\"@type\":\"ImageObject\",\"inLanguage\":\"it-IT\",\"@id\":\"https:\\\/\\\/www.robertzueblin.com\\\/it\\\/#\\\/schema\\\/logo\\\/image\\\/\",\"url\":\"https:\\\/\\\/www.robertzueblin.com\\\/wp-content\\\/uploads\\\/cropped-cropped-logo-von-robert-zueblin.jpg\",\"contentUrl\":\"https:\\\/\\\/www.robertzueblin.com\\\/wp-content\\\/uploads\\\/cropped-cropped-logo-von-robert-zueblin.jpg\",\"width\":440,\"height\":60,\"caption\":\"ROBERT Z\u00dcBLIN\"},\"image\":{\"@id\":\"https:\\\/\\\/www.robertzueblin.com\\\/it\\\/#\\\/schema\\\/logo\\\/image\\\/\"}}]}<\/script>\n<!-- \/ Yoast SEO plugin. -->","yoast_head_json":{"title":"Note legali - ROBERT Z\u00dcBLIN","robots":{"index":"index","follow":"follow","max-snippet":"max-snippet:-1","max-image-preview":"max-image-preview:large","max-video-preview":"max-video-preview:-1"},"canonical":"https:\/\/www.robertzueblin.com\/it\/note-legali\/","og_locale":"it_IT","og_type":"article","og_title":"Note legali - ROBERT Z\u00dcBLIN","og_description":"Qui troverete i miei dati di stampa, ma il seguente indirizzo non \u00e8 un negozio aperto al pubblico: Robert Z\u00fcblin Freudenbergstrasse 95 8044 Zurigo Svizzera Telefono: 0041 (0) 77 50 60 744 E-mail: mitteilung@robertzueblin.com Numero d\u2019identificazione delle imprese svizzere (IDI): CHE-478.105.609 &nbsp; Non sono n\u00e9 obbligato n\u00e9 disposto a partecipare a una procedura di risoluzione [&hellip;]","og_url":"https:\/\/www.robertzueblin.com\/it\/note-legali\/","og_site_name":"ROBERT Z\u00dcBLIN","article_modified_time":"2025-07-21T17:33:48+00:00","og_image":[{"url":"https:\/\/www.it-recht-kanzlei.de\/gfx\/Logos\/logo-fairness-160.png","type":"","width":"","height":""}],"twitter_card":"summary_large_image","schema":{"@context":"https:\/\/schema.org","@graph":[{"@type":"WebPage","@id":"https:\/\/www.robertzueblin.com\/it\/note-legali\/","url":"https:\/\/www.robertzueblin.com\/it\/note-legali\/","name":"Note legali - ROBERT Z\u00dcBLIN","isPartOf":{"@id":"https:\/\/www.robertzueblin.com\/it\/#website"},"primaryImageOfPage":{"@id":"https:\/\/www.robertzueblin.com\/it\/note-legali\/#primaryimage"},"image":{"@id":"https:\/\/www.robertzueblin.com\/it\/note-legali\/#primaryimage"},"thumbnailUrl":"https:\/\/www.it-recht-kanzlei.de\/gfx\/Logos\/logo-fairness-160.png","datePublished":"2022-01-08T18:06:04+00:00","dateModified":"2025-07-21T17:33:48+00:00","breadcrumb":{"@id":"https:\/\/www.robertzueblin.com\/it\/note-legali\/#breadcrumb"},"inLanguage":"it-IT","potentialAction":[{"@type":"ReadAction","target":["https:\/\/www.robertzueblin.com\/it\/note-legali\/"]}]},{"@type":"ImageObject","inLanguage":"it-IT","@id":"https:\/\/www.robertzueblin.com\/it\/note-legali\/#primaryimage","url":"https:\/\/www.it-recht-kanzlei.de\/gfx\/Logos\/logo-fairness-160.png","contentUrl":"https:\/\/www.it-recht-kanzlei.de\/gfx\/Logos\/logo-fairness-160.png"},{"@type":"BreadcrumbList","@id":"https:\/\/www.robertzueblin.com\/it\/note-legali\/#breadcrumb","itemListElement":[{"@type":"ListItem","position":1,"name":"Startseite","item":"https:\/\/www.robertzueblin.com\/it\/"},{"@type":"ListItem","position":2,"name":"Note legali"}]},{"@type":"WebSite","@id":"https:\/\/www.robertzueblin.com\/it\/#website","url":"https:\/\/www.robertzueblin.com\/it\/","name":"ROBERT Z\u00dcBLIN","description":"","publisher":{"@id":"https:\/\/www.robertzueblin.com\/it\/#organization"},"potentialAction":[{"@type":"SearchAction","target":{"@type":"EntryPoint","urlTemplate":"https:\/\/www.robertzueblin.com\/it\/?s={search_term_string}"},"query-input":{"@type":"PropertyValueSpecification","valueRequired":true,"valueName":"search_term_string"}}],"inLanguage":"it-IT"},{"@type":"Organization","@id":"https:\/\/www.robertzueblin.com\/it\/#organization","name":"ROBERT Z\u00dcBLIN","url":"https:\/\/www.robertzueblin.com\/it\/","logo":{"@type":"ImageObject","inLanguage":"it-IT","@id":"https:\/\/www.robertzueblin.com\/it\/#\/schema\/logo\/image\/","url":"https:\/\/www.robertzueblin.com\/wp-content\/uploads\/cropped-cropped-logo-von-robert-zueblin.jpg","contentUrl":"https:\/\/www.robertzueblin.com\/wp-content\/uploads\/cropped-cropped-logo-von-robert-zueblin.jpg","width":440,"height":60,"caption":"ROBERT Z\u00dcBLIN"},"image":{"@id":"https:\/\/www.robertzueblin.com\/it\/#\/schema\/logo\/image\/"}}]}},"_links":{"self":[{"href":"https:\/\/www.robertzueblin.com\/it\/wp-json\/wp\/v2\/pages\/4409","targetHints":{"allow":["GET"]}}],"collection":[{"href":"https:\/\/www.robertzueblin.com\/it\/wp-json\/wp\/v2\/pages"}],"about":[{"href":"https:\/\/www.robertzueblin.com\/it\/wp-json\/wp\/v2\/types\/page"}],"author":[{"embeddable":true,"href":"https:\/\/www.robertzueblin.com\/it\/wp-json\/wp\/v2\/users\/1"}],"replies":[{"embeddable":true,"href":"https:\/\/www.robertzueblin.com\/it\/wp-json\/wp\/v2\/comments?post=4409"}],"version-history":[{"count":15,"href":"https:\/\/www.robertzueblin.com\/it\/wp-json\/wp\/v2\/pages\/4409\/revisions"}],"predecessor-version":[{"id":45870,"href":"https:\/\/www.robertzueblin.com\/it\/wp-json\/wp\/v2\/pages\/4409\/revisions\/45870"}],"wp:attachment":[{"href":"https:\/\/www.robertzueblin.com\/it\/wp-json\/wp\/v2\/media?parent=4409"}],"curies":[{"name":"wp","href":"https:\/\/api.w.org\/{rel}","templated":true}]}}