{"id":33818,"date":"2023-08-27T14:18:29","date_gmt":"2023-08-27T12:18:29","guid":{"rendered":"https:\/\/www.robertzueblin.com\/?page_id=33818"},"modified":"2023-08-27T14:24:32","modified_gmt":"2023-08-27T12:24:32","slug":"psicologia-kintsugi-e-trova-libro-kintsugi","status":"publish","type":"page","link":"https:\/\/www.robertzueblin.com\/it\/kintsugi\/psicologia-kintsugi-trova-libro-kintsugi\/","title":{"rendered":"Psicologia Kintsugi e trova libro Kintsugi"},"content":{"rendered":"<p><strong>Il metodo kintsugi \u00e8 nato per riparare la ceramica e la porcellana, ma i suoi principi filosofici sono ora utilizzati anche per curare le ferite mentali nell&#8217;ambito di una psicologia kintsugi. Esiste pi\u00f9 di un libro kintsugi che si rif\u00e0 a questa psicologia Kintsugi e qui presentiamo alcuni di questi libri kintsugi.<\/strong><\/p>\n<figure style=\"width:300px;height:auto\"><img decoding=\"async\" alt=\"Riparazione di un vaso di ceramica con il metodo kintsugi, la cui filosofia \u00e8 ora utilizzata anche nella psicologia kintsugi ed \u00e8 trattata in uno o due libri kintsugi.\" src=\"https:\/\/www.robertzueblin.com\/wp-content\/uploads\/heiner-hans-koerting-ceramica-studio-vaso-blu-kintsugi-riparazione-1-300x300.jpg\" \/><figcaption><strong>Guarigione con il metodo Kintsugi su un <a href=\"https:\/\/www.robertzueblin.com\/it\/heiner-hans-koerting\/vaso-in-ceramica-blu-ceramica-da-studio\/\">vaso di ceramica di Heiner K\u00f6rting<\/a><\/strong><\/figcaption><\/figure>\n<div>\u00a0<\/div>\n<div>\u00a0<\/div>\n<h2>Psicologia Kintsugi<\/h2>\n<p>La psicologia kintsugi, trattata in molti libri di aiuto alla vita, prende spunto dalla filosofia kintsugi originale, ad esempio dal principio di vedere qualcosa di bello anche nell&#8217;imperfezione (allontanandosi dal perfezionismo). Inoltre, la psicologia kintsugi sottolinea che la guarigione delle ferite richiede tempo, il che deriva anche dalla <a href=\"https:\/\/www.robertzueblin.com\/it\/kintsugi\/\">tecnica kintsugi di riparazione<\/a> della ceramica e della porcellana, poich\u00e9 tali riparazioni richiedono settimane, mesi o addirittura anni, a seconda della complessit\u00e0 del danno e della procedura di riparazione scelta.<\/p>\n<h2>Libri Kintsugi come aiuto alla vita<\/h2>\n<p>Esiste oggi un vasto mercato di libri che utilizzano la psicologia kintsugi per scrivere libri di aiuto alla vita, in alcuni casi la psicologia kintsugi \u00e8 anche oggetto di romanzi. Di seguito elenchiamo uno o due libri kintsugi che possono essere annoverati nella categoria <strong>&#8220;psicologia kintsugi&#8221;<\/strong>, a partire dal romanzo che molti conoscono come &#8220;libro kintsugi&#8221;:<\/p>\n<div><span style=\"float: left;color: #a4a4a4\"><small><i>&#8211; Annuncio &#8211;<\/i><\/small><\/span><\/div>\n<p>\u00a0<br \/>\n<a href=\"https:\/\/amzn.to\/3OJeDGz\" rel=\"sponsored\"><img decoding=\"async\" src=\"https:\/\/m.media-amazon.com\/images\/P\/3596704928.01._SCLZZZZZZZ_SX500_.jpg\" alt=\"Kintsugi Buch, Roman von Miku Sophie K\u00fchmel.\" style=\"width: 300px;height: auto\" \/><\/p>\n<div style=\"margin-top: -1em\"><strong>Kintsugi &#8211; Roman von Miku Sophie K\u00fchmel<\/strong><\/div>\n<p><\/a><\/p>\n<p><a href=\"https:\/\/amzn.to\/3OJeDGz\" rel=\"sponsored\" style=\"text-decoration: none;background: #D8D8D8;padding-left: 0.4em;padding-right: 0.4em;padding-top: -0.1em;padding-bottom: -0.2em;float:left\">Vedi su Amazon.de<\/a> <span>\u00a0<\/span><\/p>\n<div>\u00a0<\/div>\n<div><span style=\"float: left;color: #a4a4a4\"><small><i>&#8211; Annuncio &#8211;<\/i><\/small><\/span><\/div>\n<p>\u00a0<br \/>\n<a href=\"https:\/\/amzn.to\/3OmCbk5\" rel=\"sponsored\"><img decoding=\"async\" src=\"https:\/\/m.media-amazon.com\/images\/P\/B07L8L12TJ.01._SCLZZZZZZZ_SX500_.jpg\" alt=\"Kintsugi L'arte di trasformare i momenti difficili in oro, libro di Andrea L\u00f6hndorf.\" style=\"width: 300px;height: auto\" \/><\/p>\n<div style=\"margin-top: -1em\"><strong>Kintsugi: Die Kunst, schwierige Zeiten in Gold zu verwandeln<\/strong><\/div>\n<p><\/a><\/p>\n<p><a href=\"https:\/\/amzn.to\/3OmCbk5\" rel=\"sponsored\" style=\"text-decoration: none;background: #D8D8D8;padding-left: 0.4em;padding-right: 0.4em;padding-top: -0.1em;padding-bottom: -0.2em;float:left\">Vedi su Amazon.de<\/a> <span>\u00a0<\/span><\/p>\n<div>\u00a0<\/div>\n<div><span style=\"float: left;color: #a4a4a4\"><small><i>&#8211; Annuncio &#8211;<\/i><\/small><\/span><\/div>\n<p>\u00a0<br \/>\n<a href=\"https:\/\/amzn.to\/44WRUxg\" rel=\"sponsored\"><img decoding=\"async\" src=\"https:\/\/m.media-amazon.com\/images\/P\/3424631809.01._SCLZZZZZZZ_SX500_.jpg\" alt=\"Kintsugi: come le interruzioni della vita ci rendono forti - La via giapponese alla resilienza, Libro Kintsugi di C\u00e9line Santini (autore) e Ursula Held (traduttore).\" style=\"width: 300px;height: auto\" \/><\/p>\n<div style=\"margin-top: -1em\"><strong>Kintsugi: Wie uns Bruchstellen im Leben stark machen &#8211; Der japanische Weg zur Resilienz<\/strong><\/div>\n<p><\/a><\/p>\n<p><a href=\"https:\/\/amzn.to\/44WRUxg\" rel=\"sponsored\" style=\"text-decoration: none;background: #D8D8D8;padding-left: 0.4em;padding-right: 0.4em;padding-top: -0.1em;padding-bottom: -0.2em;float:left\">Vedi su Amazon.de<\/a> <span>\u00a0<\/span><\/p>\n<div>\u00a0<\/div>\n<div><span style=\"float: left;color: #a4a4a4\"><small><i>&#8211; Annuncio &#8211;<\/i><\/small><\/span><\/div>\n<p>\u00a0<br \/>\n<a href=\"https:\/\/amzn.to\/3OnimJu\" rel=\"sponsored\"><img decoding=\"async\" src=\"https:\/\/m.media-amazon.com\/images\/P\/B0B6Y2YH45.01._SCLZZZZZZZ_SX500_.jpg\" alt=\"Filosofia giapponese: (5 libri in 1) Ikigai, Kaizen, Wabi-Sabi, Kintsugi, Shinrin-Yoku. Migliorate la vostra vita con gli antichi insegnamenti del Paese del Sol Levante, Kintsugi Book by Dai Nippon Teikoku.\" style=\"width: 300px;height: auto\" \/><\/p>\n<div style=\"margin-top: -1em\"><strong>Japanische Philosophie: : (5 B\u00fccher in 1) Ikigai, Kaizen, Wabi-Sabi, Kintsugi, Shinrin-Yoku<\/strong><\/div>\n<p><\/a><\/p>\n<p><a href=\"https:\/\/amzn.to\/3OnimJu\" rel=\"sponsored\" style=\"text-decoration: none;background: #D8D8D8;padding-left: 0.4em;padding-right: 0.4em;padding-top: -0.1em;padding-bottom: -0.2em;float:left\">Vedi su Amazon.de<\/a> <span>\u00a0<\/span><\/p>\n<div>\u00a0<\/div>\n<div><span style=\"float: left;color: #a4a4a4\"><small><i>&#8211; Annuncio &#8211;<\/i><\/small><\/span><\/div>\n<p>\u00a0<br \/>\n<a href=\"https:\/\/amzn.to\/47nupiu\" rel=\"sponsored\"><img decoding=\"async\" src=\"https:\/\/m.media-amazon.com\/images\/P\/B07L9FTD7C.01._SCLZZZZZZZ_SX500_.jpg\" alt=\"KINTSUGI - Frammenti di felicit\u00e0: l'arte di guarire le nostre ferite (Life Help), di Pascal Akira Frank.\" style=\"width: 300px;height: auto\" \/><\/p>\n<div style=\"margin-top: -1em\"><strong>KINTSUGI &#8211; Scherben bringen Gl\u00fcck: Die Kunst, unsere Wunden zu heilen (Lebenshilfe)<\/strong><\/div>\n<p><\/a><\/p>\n<p><a href=\"https:\/\/amzn.to\/47nupiu\" rel=\"sponsored\" style=\"text-decoration: none;background: #D8D8D8;padding-left: 0.4em;padding-right: 0.4em;padding-top: -0.1em;padding-bottom: -0.2em;float:left\">Vedi su Amazon.de<\/a> <span>\u00a0<\/span><\/p>\n<div>\u00a0<\/div>\n<div><span style=\"float: left;color: #a4a4a4\"><small><i>&#8211; Annuncio &#8211;<\/i><\/small><\/span><\/div>\n<p>\u00a0<br \/>\n<a href=\"https:\/\/amzn.to\/47od2hC\" rel=\"sponsored\"><img decoding=\"async\" src=\"https:\/\/m.media-amazon.com\/images\/P\/3466347319.01._SCLZZZZZZZ_SX500_.jpg\" alt=\"Kintsugi: L'arte di guarire le ferite emotive, di Tom\u00e1s Navarro (autore) e Maria Hoffmann-Dartevelle (traduttrice).\" style=\"width: 300px;height: auto\" \/><\/p>\n<div style=\"margin-top: -1em\"><strong>Kintsugi: Die Kunst, emotionale Verletzungen zu heilen<\/strong><\/div>\n<p><\/a><\/p>\n<p><a href=\"https:\/\/amzn.to\/47od2hC\" rel=\"sponsored\" style=\"text-decoration: none;background: #D8D8D8;padding-left: 0.4em;padding-right: 0.4em;padding-top: -0.1em;padding-bottom: -0.2em;float:left\">Vedi su Amazon.de<\/a> <span>\u00a0<\/span><\/p>\n<div>\u00a0<\/div>\n<div><span style=\"float: left;color: #a4a4a4\"><small><i>&#8211; Annuncio &#8211;<\/i><\/small><\/span><\/div>\n<p>\u00a0<br \/>\n<a href=\"https:\/\/amzn.to\/3s4qYNw\" rel=\"sponsored\"><img decoding=\"async\" src=\"https:\/\/m.media-amazon.com\/images\/P\/3969304822.01._SCLZZZZZZZ_SX500_.jpg\" alt=\"Kintsugi per principianti - Il libro della pratica: come trasformare le battute d'arresto e le ferite in oro e forgiare la vera forza di carattere e la resilienza - inclusa la meditazione Kintsugi, di Emi Tanaka.\" style=\"width: 300px;height: auto\" \/><\/p>\n<div style=\"margin-top: -1em\"><strong>Kintsugi f\u00fcr Einsteiger &#8211; Das Praxisbuch: Wie Sie R\u00fcckschl\u00e4ge und Verletzungen in Gold verwandeln und zu wahrer Charakterst\u00e4rke und Resilienz schmieden &#8211; inkl. Kintsugi Meditation<\/strong><\/div>\n<p><\/a><\/p>\n<p><a href=\"https:\/\/amzn.to\/3s4qYNw\" rel=\"sponsored\" style=\"text-decoration: none;background: #D8D8D8;padding-left: 0.4em;padding-right: 0.4em;padding-top: -0.1em;padding-bottom: -0.2em;float:left\">Vedi su Amazon.de<\/a> <span>\u00a0<\/span><\/p>\n<div>\u00a0<\/div>\n<p>Se volete saperne di pi\u00f9 sul Kintsugi in generale, leggete il nostro articolo di approfondimento sul Kintsugi:  <a href=\"https:\/\/www.robertzueblin.com\/it\/kintsugi\/\">Kintsugi &#8211; Filosofia, significato e storia<\/a>.<\/p>\n","protected":false},"excerpt":{"rendered":"<p>Il metodo kintsugi \u00e8 nato per riparare la ceramica e la porcellana, ma i suoi principi filosofici sono ora utilizzati anche per curare le ferite mentali nell&#8217;ambito di una psicologia kintsugi. Esiste pi\u00f9 di un libro kintsugi che si rif\u00e0 a questa psicologia Kintsugi e qui presentiamo alcuni di questi libri kintsugi. Guarigione con il [&hellip;]<\/p>\n","protected":false},"author":2,"featured_media":0,"parent":33711,"menu_order":0,"comment_status":"closed","ping_status":"closed","template":"","meta":{"footnotes":""},"class_list":["post-33818","page","type-page","status-publish","hentry"],"yoast_head":"<!-- This site is optimized with the Yoast SEO plugin v27.5 - https:\/\/yoast.com\/product\/yoast-seo-wordpress\/ -->\n<title>Psicologia Kintsugi e trova libro Kintsugi<\/title>\n<meta name=\"description\" content=\"Qui spieghiamo la psicologia del Kintsugi e vi mostriamo dove trovare il libro Kintsugi che state cercando.\" \/>\n<meta name=\"robots\" content=\"index, follow, max-snippet:-1, max-image-preview:large, max-video-preview:-1\" \/>\n<link rel=\"canonical\" href=\"https:\/\/www.robertzueblin.com\/it\/kintsugi\/psicologia-kintsugi-trova-libro-kintsugi\/\" \/>\n<meta property=\"og:locale\" content=\"it_IT\" \/>\n<meta property=\"og:type\" content=\"article\" \/>\n<meta property=\"og:title\" content=\"Psicologia Kintsugi e trova libro Kintsugi\" \/>\n<meta property=\"og:description\" content=\"Qui spieghiamo la psicologia del Kintsugi e vi mostriamo dove trovare il libro Kintsugi che state cercando.\" \/>\n<meta property=\"og:url\" content=\"https:\/\/www.robertzueblin.com\/it\/kintsugi\/psicologia-kintsugi-trova-libro-kintsugi\/\" \/>\n<meta property=\"og:site_name\" content=\"ROBERT Z\u00dcBLIN\" \/>\n<meta property=\"article:modified_time\" content=\"2023-08-27T12:24:32+00:00\" \/>\n<meta property=\"og:image\" content=\"https:\/\/www.robertzueblin.com\/wp-content\/uploads\/heiner-hans-koerting-ceramica-studio-vaso-blu-kintsugi-riparazione-1-300x300.jpg\" \/>\n<meta name=\"twitter:card\" content=\"summary_large_image\" \/>\n<script type=\"application\/ld+json\" class=\"yoast-schema-graph\">{\"@context\":\"https:\\\/\\\/schema.org\",\"@graph\":[{\"@type\":\"WebPage\",\"@id\":\"https:\\\/\\\/www.robertzueblin.com\\\/it\\\/kintsugi\\\/psicologia-kintsugi-trova-libro-kintsugi\\\/\",\"url\":\"https:\\\/\\\/www.robertzueblin.com\\\/it\\\/kintsugi\\\/psicologia-kintsugi-trova-libro-kintsugi\\\/\",\"name\":\"Psicologia Kintsugi e trova libro Kintsugi\",\"isPartOf\":{\"@id\":\"https:\\\/\\\/www.robertzueblin.com\\\/it\\\/#website\"},\"primaryImageOfPage\":{\"@id\":\"https:\\\/\\\/www.robertzueblin.com\\\/it\\\/kintsugi\\\/psicologia-kintsugi-trova-libro-kintsugi\\\/#primaryimage\"},\"image\":{\"@id\":\"https:\\\/\\\/www.robertzueblin.com\\\/it\\\/kintsugi\\\/psicologia-kintsugi-trova-libro-kintsugi\\\/#primaryimage\"},\"thumbnailUrl\":\"https:\\\/\\\/www.robertzueblin.com\\\/wp-content\\\/uploads\\\/heiner-hans-koerting-ceramica-studio-vaso-blu-kintsugi-riparazione-1-300x300.jpg\",\"datePublished\":\"2023-08-27T12:18:29+00:00\",\"dateModified\":\"2023-08-27T12:24:32+00:00\",\"description\":\"Qui spieghiamo la psicologia del Kintsugi e vi mostriamo dove trovare il libro Kintsugi che state cercando.\",\"breadcrumb\":{\"@id\":\"https:\\\/\\\/www.robertzueblin.com\\\/it\\\/kintsugi\\\/psicologia-kintsugi-trova-libro-kintsugi\\\/#breadcrumb\"},\"inLanguage\":\"it-IT\",\"potentialAction\":[{\"@type\":\"ReadAction\",\"target\":[\"https:\\\/\\\/www.robertzueblin.com\\\/it\\\/kintsugi\\\/psicologia-kintsugi-trova-libro-kintsugi\\\/\"]}]},{\"@type\":\"ImageObject\",\"inLanguage\":\"it-IT\",\"@id\":\"https:\\\/\\\/www.robertzueblin.com\\\/it\\\/kintsugi\\\/psicologia-kintsugi-trova-libro-kintsugi\\\/#primaryimage\",\"url\":\"https:\\\/\\\/www.robertzueblin.com\\\/wp-content\\\/uploads\\\/heiner-hans-koerting-ceramica-studio-vaso-blu-kintsugi-riparazione-1-300x300.jpg\",\"contentUrl\":\"https:\\\/\\\/www.robertzueblin.com\\\/wp-content\\\/uploads\\\/heiner-hans-koerting-ceramica-studio-vaso-blu-kintsugi-riparazione-1-300x300.jpg\"},{\"@type\":\"BreadcrumbList\",\"@id\":\"https:\\\/\\\/www.robertzueblin.com\\\/it\\\/kintsugi\\\/psicologia-kintsugi-trova-libro-kintsugi\\\/#breadcrumb\",\"itemListElement\":[{\"@type\":\"ListItem\",\"position\":1,\"name\":\"Startseite\",\"item\":\"https:\\\/\\\/www.robertzueblin.com\\\/it\\\/\"},{\"@type\":\"ListItem\",\"position\":2,\"name\":\"Kintsugi &#8211; filosofia, significato e storia\",\"item\":\"https:\\\/\\\/www.robertzueblin.com\\\/it\\\/kintsugi\\\/\"},{\"@type\":\"ListItem\",\"position\":3,\"name\":\"Psicologia Kintsugi e trova libro Kintsugi\"}]},{\"@type\":\"WebSite\",\"@id\":\"https:\\\/\\\/www.robertzueblin.com\\\/it\\\/#website\",\"url\":\"https:\\\/\\\/www.robertzueblin.com\\\/it\\\/\",\"name\":\"ROBERT Z\u00dcBLIN\",\"description\":\"\",\"publisher\":{\"@id\":\"https:\\\/\\\/www.robertzueblin.com\\\/it\\\/#organization\"},\"potentialAction\":[{\"@type\":\"SearchAction\",\"target\":{\"@type\":\"EntryPoint\",\"urlTemplate\":\"https:\\\/\\\/www.robertzueblin.com\\\/it\\\/?s={search_term_string}\"},\"query-input\":{\"@type\":\"PropertyValueSpecification\",\"valueRequired\":true,\"valueName\":\"search_term_string\"}}],\"inLanguage\":\"it-IT\"},{\"@type\":\"Organization\",\"@id\":\"https:\\\/\\\/www.robertzueblin.com\\\/it\\\/#organization\",\"name\":\"ROBERT Z\u00dcBLIN\",\"url\":\"https:\\\/\\\/www.robertzueblin.com\\\/it\\\/\",\"logo\":{\"@type\":\"ImageObject\",\"inLanguage\":\"it-IT\",\"@id\":\"https:\\\/\\\/www.robertzueblin.com\\\/it\\\/#\\\/schema\\\/logo\\\/image\\\/\",\"url\":\"https:\\\/\\\/www.robertzueblin.com\\\/wp-content\\\/uploads\\\/cropped-cropped-logo-von-robert-zueblin.jpg\",\"contentUrl\":\"https:\\\/\\\/www.robertzueblin.com\\\/wp-content\\\/uploads\\\/cropped-cropped-logo-von-robert-zueblin.jpg\",\"width\":440,\"height\":60,\"caption\":\"ROBERT Z\u00dcBLIN\"},\"image\":{\"@id\":\"https:\\\/\\\/www.robertzueblin.com\\\/it\\\/#\\\/schema\\\/logo\\\/image\\\/\"}}]}<\/script>\n<!-- \/ Yoast SEO plugin. -->","yoast_head_json":{"title":"Psicologia Kintsugi e trova libro Kintsugi","description":"Qui spieghiamo la psicologia del Kintsugi e vi mostriamo dove trovare il libro Kintsugi che state cercando.","robots":{"index":"index","follow":"follow","max-snippet":"max-snippet:-1","max-image-preview":"max-image-preview:large","max-video-preview":"max-video-preview:-1"},"canonical":"https:\/\/www.robertzueblin.com\/it\/kintsugi\/psicologia-kintsugi-trova-libro-kintsugi\/","og_locale":"it_IT","og_type":"article","og_title":"Psicologia Kintsugi e trova libro Kintsugi","og_description":"Qui spieghiamo la psicologia del Kintsugi e vi mostriamo dove trovare il libro Kintsugi che state cercando.","og_url":"https:\/\/www.robertzueblin.com\/it\/kintsugi\/psicologia-kintsugi-trova-libro-kintsugi\/","og_site_name":"ROBERT Z\u00dcBLIN","article_modified_time":"2023-08-27T12:24:32+00:00","og_image":[{"url":"https:\/\/www.robertzueblin.com\/wp-content\/uploads\/heiner-hans-koerting-ceramica-studio-vaso-blu-kintsugi-riparazione-1-300x300.jpg","type":"","width":"","height":""}],"twitter_card":"summary_large_image","schema":{"@context":"https:\/\/schema.org","@graph":[{"@type":"WebPage","@id":"https:\/\/www.robertzueblin.com\/it\/kintsugi\/psicologia-kintsugi-trova-libro-kintsugi\/","url":"https:\/\/www.robertzueblin.com\/it\/kintsugi\/psicologia-kintsugi-trova-libro-kintsugi\/","name":"Psicologia Kintsugi e trova libro Kintsugi","isPartOf":{"@id":"https:\/\/www.robertzueblin.com\/it\/#website"},"primaryImageOfPage":{"@id":"https:\/\/www.robertzueblin.com\/it\/kintsugi\/psicologia-kintsugi-trova-libro-kintsugi\/#primaryimage"},"image":{"@id":"https:\/\/www.robertzueblin.com\/it\/kintsugi\/psicologia-kintsugi-trova-libro-kintsugi\/#primaryimage"},"thumbnailUrl":"https:\/\/www.robertzueblin.com\/wp-content\/uploads\/heiner-hans-koerting-ceramica-studio-vaso-blu-kintsugi-riparazione-1-300x300.jpg","datePublished":"2023-08-27T12:18:29+00:00","dateModified":"2023-08-27T12:24:32+00:00","description":"Qui spieghiamo la psicologia del Kintsugi e vi mostriamo dove trovare il libro Kintsugi che state cercando.","breadcrumb":{"@id":"https:\/\/www.robertzueblin.com\/it\/kintsugi\/psicologia-kintsugi-trova-libro-kintsugi\/#breadcrumb"},"inLanguage":"it-IT","potentialAction":[{"@type":"ReadAction","target":["https:\/\/www.robertzueblin.com\/it\/kintsugi\/psicologia-kintsugi-trova-libro-kintsugi\/"]}]},{"@type":"ImageObject","inLanguage":"it-IT","@id":"https:\/\/www.robertzueblin.com\/it\/kintsugi\/psicologia-kintsugi-trova-libro-kintsugi\/#primaryimage","url":"https:\/\/www.robertzueblin.com\/wp-content\/uploads\/heiner-hans-koerting-ceramica-studio-vaso-blu-kintsugi-riparazione-1-300x300.jpg","contentUrl":"https:\/\/www.robertzueblin.com\/wp-content\/uploads\/heiner-hans-koerting-ceramica-studio-vaso-blu-kintsugi-riparazione-1-300x300.jpg"},{"@type":"BreadcrumbList","@id":"https:\/\/www.robertzueblin.com\/it\/kintsugi\/psicologia-kintsugi-trova-libro-kintsugi\/#breadcrumb","itemListElement":[{"@type":"ListItem","position":1,"name":"Startseite","item":"https:\/\/www.robertzueblin.com\/it\/"},{"@type":"ListItem","position":2,"name":"Kintsugi &#8211; filosofia, significato e storia","item":"https:\/\/www.robertzueblin.com\/it\/kintsugi\/"},{"@type":"ListItem","position":3,"name":"Psicologia Kintsugi e trova libro Kintsugi"}]},{"@type":"WebSite","@id":"https:\/\/www.robertzueblin.com\/it\/#website","url":"https:\/\/www.robertzueblin.com\/it\/","name":"ROBERT Z\u00dcBLIN","description":"","publisher":{"@id":"https:\/\/www.robertzueblin.com\/it\/#organization"},"potentialAction":[{"@type":"SearchAction","target":{"@type":"EntryPoint","urlTemplate":"https:\/\/www.robertzueblin.com\/it\/?s={search_term_string}"},"query-input":{"@type":"PropertyValueSpecification","valueRequired":true,"valueName":"search_term_string"}}],"inLanguage":"it-IT"},{"@type":"Organization","@id":"https:\/\/www.robertzueblin.com\/it\/#organization","name":"ROBERT Z\u00dcBLIN","url":"https:\/\/www.robertzueblin.com\/it\/","logo":{"@type":"ImageObject","inLanguage":"it-IT","@id":"https:\/\/www.robertzueblin.com\/it\/#\/schema\/logo\/image\/","url":"https:\/\/www.robertzueblin.com\/wp-content\/uploads\/cropped-cropped-logo-von-robert-zueblin.jpg","contentUrl":"https:\/\/www.robertzueblin.com\/wp-content\/uploads\/cropped-cropped-logo-von-robert-zueblin.jpg","width":440,"height":60,"caption":"ROBERT Z\u00dcBLIN"},"image":{"@id":"https:\/\/www.robertzueblin.com\/it\/#\/schema\/logo\/image\/"}}]}},"_links":{"self":[{"href":"https:\/\/www.robertzueblin.com\/it\/wp-json\/wp\/v2\/pages\/33818","targetHints":{"allow":["GET"]}}],"collection":[{"href":"https:\/\/www.robertzueblin.com\/it\/wp-json\/wp\/v2\/pages"}],"about":[{"href":"https:\/\/www.robertzueblin.com\/it\/wp-json\/wp\/v2\/types\/page"}],"author":[{"embeddable":true,"href":"https:\/\/www.robertzueblin.com\/it\/wp-json\/wp\/v2\/users\/2"}],"replies":[{"embeddable":true,"href":"https:\/\/www.robertzueblin.com\/it\/wp-json\/wp\/v2\/comments?post=33818"}],"version-history":[{"count":8,"href":"https:\/\/www.robertzueblin.com\/it\/wp-json\/wp\/v2\/pages\/33818\/revisions"}],"predecessor-version":[{"id":34114,"href":"https:\/\/www.robertzueblin.com\/it\/wp-json\/wp\/v2\/pages\/33818\/revisions\/34114"}],"up":[{"embeddable":true,"href":"https:\/\/www.robertzueblin.com\/it\/wp-json\/wp\/v2\/pages\/33711"}],"wp:attachment":[{"href":"https:\/\/www.robertzueblin.com\/it\/wp-json\/wp\/v2\/media?parent=33818"}],"curies":[{"name":"wp","href":"https:\/\/api.w.org\/{rel}","templated":true}]}}