{"id":31445,"date":"2023-02-05T18:05:21","date_gmt":"2023-02-05T17:05:21","guid":{"rendered":"https:\/\/www.robertzueblin.com\/?page_id=31445"},"modified":"2023-12-28T19:01:44","modified_gmt":"2023-12-28T18:01:44","slug":"ampliata-la-mostra-di-otto-douglas-hill-al-keramik-museum-di-berlino","status":"publish","type":"page","link":"https:\/\/www.robertzueblin.com\/it\/notizie-sulla-ceramica\/ampliata-la-mostra-di-otto-douglas-hill-al-keramik-museum-di-berlino\/","title":{"rendered":"Ampliata la mostra di Otto Douglas-Hill al Keramik-Museum di Berlino"},"content":{"rendered":"<figure class=\"newsst\"><img decoding=\"async\" src=\"https:\/\/www.robertzueblin.com\/wp-content\/uploads\/otto-douglas-hill-mostra.jpg\" alt=\"In occasione del 125\u00b0 anniversario della nascita di Otto Douglas-Hill, il Keramik-Museum di Berlino (Keramik-Museum Berlin) allestisce una mostra intitolata Otto Douglas-Hill 1897-1972.\" width=\"100%\" height=\"auto\" \/><\/figure><figcaption><strong><a href=\"https:\/\/www.robertzueblin.com\/it\/otto-douglas-hill\/fioriera-in-ceramica\/\">Fioriera in ceramica di Otto Douglas-Hill<\/a> (esempio simile nella mostra del Museo della Ceramica di Berlino)<\/strong><\/figcaption><table style=\"margin-bottom: 1.5em; margin-top: 2em;\">\n<tbody>\n<tr>\n<td style=\"border-width: 0.15em; line-height: 0; border-color: #bfbfbf!important;\"><span style=\"float:right; font-size: 0.9em; color:#aaaaaa!important;\">Robert Z\u00fcblin | 05.02.2023 | 18:05<\/span><\/td>\n<\/tbody>\n<\/table>\n<div class=\"newsssst\"><strong>La mostra &#8220;Otto Douglas-Hill 1897-1972&#8221; al Keramik-Museum di Berlino \u00e8 stata prorogata fino al 29 maggio 2023.<\/strong><\/div>\n<h2 class=\"newssst\">In occasione del 125\u00b0 compleanno<\/h2>\n<p>La mostra &#8220;Otto Douglas-Hill 1897-1972&#8221; al Keramik-Museum di Berlino era inizialmente prevista solo dal 12 settembre 2022 al 23 gennaio 2023. Ora il Keramik-Museum di Berlino ha annunciato che la mostra \u00e8 stata prorogata fino al 29 maggio 2023.<\/p>\n<p>L&#8217;occasione della mostra \u00e8 il 125\u00b0 compleanno del ceramista <a href=\"https:\/\/www.robertzueblin.com\/it\/otto-douglas-hill\/\">Otto Douglas-Hill<\/a>. Il Keramik-Museum di Berlino vuole rendere omaggio a uno dei pi\u00f9 importanti ceramisti berlinesi della prima met\u00e0 del XX secolo. \u00c8 infatti uno dei pi\u00f9 importanti ceramisti tedeschi e del mondo del suo tempo.<\/p>\n<h2 class=\"newssst\">Linguaggio formale speciale e smalti spettacolari<\/h2>\n<p>Otto Douglas-Hill si distingue da un lato per il suo linguaggio formale. D&#8217;altra parte, si distingue anche per i suoi smalti dai colori intensi dal blu chiaro al turchese e al giallo brillante.<\/p>\n<p>La mostra al Keramik-Museum di Berlino presenta una quarantina di reperti. Oltre ai vasi torniti, sono presenti anche ceramiche costruite da Otto Douglas-Hill.<\/p>\n<p>Il Keramik-Museum Berlin si trova in Schustehrusstra\u00dfe 13, 10585 Berlino-Charlottenburg, Germania.<\/p>\n<p>Gli orari di apertura del Keramik-Museum di Berlino sono: Ven, sab, dom, lun dalle 13.00 alle 17.00.<\/p>\n<div>&nbsp;<\/div>\n<p><a href=\"https:\/\/www.robertzueblin.com\/it\/otto-douglas-hill\/\" style=\"font-size: 0.8em; text-decoration: none; background: #D8D8D8; padding-left: 0.1em; padding-right: 0.1em; padding-top: -0.1em; padding-bottom: -0.2em; float:right;\">Otto Douglas-Hill<\/a><\/p>\n<div>&nbsp;<\/div>\n","protected":false},"excerpt":{"rendered":"<p>Fioriera in ceramica di Otto Douglas-Hill (esempio simile nella mostra del Museo della Ceramica di Berlino) Robert Z\u00fcblin | 05.02.2023 | 18:05 La mostra &#8220;Otto Douglas-Hill 1897-1972&#8221; al Keramik-Museum di Berlino \u00e8 stata prorogata fino al 29 maggio 2023. In occasione del 125\u00b0 compleanno La mostra &#8220;Otto Douglas-Hill 1897-1972&#8221; al Keramik-Museum di Berlino era inizialmente [&hellip;]<\/p>\n","protected":false},"author":1,"featured_media":0,"parent":4157,"menu_order":0,"comment_status":"closed","ping_status":"closed","template":"","meta":{"footnotes":""},"class_list":["post-31445","page","type-page","status-publish","hentry"],"yoast_head":"<!-- This site is optimized with the Yoast SEO plugin v27.4 - https:\/\/yoast.com\/product\/yoast-seo-wordpress\/ -->\n<title>Ampliata la mostra di Otto Douglas-Hill Keramik-Museum di Berlino<\/title>\n<meta name=\"description\" content=\"Mostra di Otto Douglas-Hill (ceramista) Keramik-Musem di Berlino con circa quaranta ceramiche di Douglas-Hill ma anche altri oggetti esposti.\" \/>\n<meta name=\"robots\" content=\"index, follow, max-snippet:-1, max-image-preview:large, max-video-preview:-1\" \/>\n<link rel=\"canonical\" href=\"https:\/\/www.robertzueblin.com\/it\/notizie-sulla-ceramica\/ampliata-la-mostra-di-otto-douglas-hill-al-keramik-museum-di-berlino\/\" \/>\n<meta property=\"og:locale\" content=\"it_IT\" \/>\n<meta property=\"og:type\" content=\"article\" \/>\n<meta property=\"og:title\" content=\"Ampliata la mostra di Otto Douglas-Hill Keramik-Museum di Berlino\" \/>\n<meta property=\"og:description\" content=\"Mostra di Otto Douglas-Hill (ceramista) Keramik-Musem di Berlino con circa quaranta ceramiche di Douglas-Hill ma anche altri oggetti esposti.\" \/>\n<meta property=\"og:url\" content=\"https:\/\/www.robertzueblin.com\/it\/notizie-sulla-ceramica\/ampliata-la-mostra-di-otto-douglas-hill-al-keramik-museum-di-berlino\/\" \/>\n<meta property=\"og:site_name\" content=\"ROBERT Z\u00dcBLIN\" \/>\n<meta property=\"article:modified_time\" content=\"2023-12-28T18:01:44+00:00\" \/>\n<meta property=\"og:image\" content=\"https:\/\/www.robertzueblin.com\/wp-content\/uploads\/otto-douglas-hill-mostra.jpg\" \/>\n<meta name=\"twitter:card\" content=\"summary_large_image\" \/>\n<script type=\"application\/ld+json\" class=\"yoast-schema-graph\">{\"@context\":\"https:\\\/\\\/schema.org\",\"@graph\":[{\"@type\":\"WebPage\",\"@id\":\"https:\\\/\\\/www.robertzueblin.com\\\/it\\\/notizie-sulla-ceramica\\\/ampliata-la-mostra-di-otto-douglas-hill-al-keramik-museum-di-berlino\\\/\",\"url\":\"https:\\\/\\\/www.robertzueblin.com\\\/it\\\/notizie-sulla-ceramica\\\/ampliata-la-mostra-di-otto-douglas-hill-al-keramik-museum-di-berlino\\\/\",\"name\":\"Ampliata la mostra di Otto Douglas-Hill Keramik-Museum di Berlino\",\"isPartOf\":{\"@id\":\"https:\\\/\\\/www.robertzueblin.com\\\/it\\\/#website\"},\"primaryImageOfPage\":{\"@id\":\"https:\\\/\\\/www.robertzueblin.com\\\/it\\\/notizie-sulla-ceramica\\\/ampliata-la-mostra-di-otto-douglas-hill-al-keramik-museum-di-berlino\\\/#primaryimage\"},\"image\":{\"@id\":\"https:\\\/\\\/www.robertzueblin.com\\\/it\\\/notizie-sulla-ceramica\\\/ampliata-la-mostra-di-otto-douglas-hill-al-keramik-museum-di-berlino\\\/#primaryimage\"},\"thumbnailUrl\":\"https:\\\/\\\/www.robertzueblin.com\\\/wp-content\\\/uploads\\\/otto-douglas-hill-mostra.jpg\",\"datePublished\":\"2023-02-05T17:05:21+00:00\",\"dateModified\":\"2023-12-28T18:01:44+00:00\",\"description\":\"Mostra di Otto Douglas-Hill (ceramista) Keramik-Musem di Berlino con circa quaranta ceramiche di Douglas-Hill ma anche altri oggetti esposti.\",\"breadcrumb\":{\"@id\":\"https:\\\/\\\/www.robertzueblin.com\\\/it\\\/notizie-sulla-ceramica\\\/ampliata-la-mostra-di-otto-douglas-hill-al-keramik-museum-di-berlino\\\/#breadcrumb\"},\"inLanguage\":\"it-IT\",\"potentialAction\":[{\"@type\":\"ReadAction\",\"target\":[\"https:\\\/\\\/www.robertzueblin.com\\\/it\\\/notizie-sulla-ceramica\\\/ampliata-la-mostra-di-otto-douglas-hill-al-keramik-museum-di-berlino\\\/\"]}]},{\"@type\":\"ImageObject\",\"inLanguage\":\"it-IT\",\"@id\":\"https:\\\/\\\/www.robertzueblin.com\\\/it\\\/notizie-sulla-ceramica\\\/ampliata-la-mostra-di-otto-douglas-hill-al-keramik-museum-di-berlino\\\/#primaryimage\",\"url\":\"https:\\\/\\\/www.robertzueblin.com\\\/wp-content\\\/uploads\\\/otto-douglas-hill-mostra.jpg\",\"contentUrl\":\"https:\\\/\\\/www.robertzueblin.com\\\/wp-content\\\/uploads\\\/otto-douglas-hill-mostra.jpg\"},{\"@type\":\"BreadcrumbList\",\"@id\":\"https:\\\/\\\/www.robertzueblin.com\\\/it\\\/notizie-sulla-ceramica\\\/ampliata-la-mostra-di-otto-douglas-hill-al-keramik-museum-di-berlino\\\/#breadcrumb\",\"itemListElement\":[{\"@type\":\"ListItem\",\"position\":1,\"name\":\"Startseite\",\"item\":\"https:\\\/\\\/www.robertzueblin.com\\\/it\\\/\"},{\"@type\":\"ListItem\",\"position\":2,\"name\":\"Notizie su arte e ceramica\",\"item\":\"https:\\\/\\\/www.robertzueblin.com\\\/it\\\/notizie-sulla-ceramica\\\/\"},{\"@type\":\"ListItem\",\"position\":3,\"name\":\"Ampliata la mostra di Otto Douglas-Hill al Keramik-Museum di Berlino\"}]},{\"@type\":\"WebSite\",\"@id\":\"https:\\\/\\\/www.robertzueblin.com\\\/it\\\/#website\",\"url\":\"https:\\\/\\\/www.robertzueblin.com\\\/it\\\/\",\"name\":\"ROBERT Z\u00dcBLIN\",\"description\":\"\",\"publisher\":{\"@id\":\"https:\\\/\\\/www.robertzueblin.com\\\/it\\\/#organization\"},\"potentialAction\":[{\"@type\":\"SearchAction\",\"target\":{\"@type\":\"EntryPoint\",\"urlTemplate\":\"https:\\\/\\\/www.robertzueblin.com\\\/it\\\/?s={search_term_string}\"},\"query-input\":{\"@type\":\"PropertyValueSpecification\",\"valueRequired\":true,\"valueName\":\"search_term_string\"}}],\"inLanguage\":\"it-IT\"},{\"@type\":\"Organization\",\"@id\":\"https:\\\/\\\/www.robertzueblin.com\\\/it\\\/#organization\",\"name\":\"ROBERT Z\u00dcBLIN\",\"url\":\"https:\\\/\\\/www.robertzueblin.com\\\/it\\\/\",\"logo\":{\"@type\":\"ImageObject\",\"inLanguage\":\"it-IT\",\"@id\":\"https:\\\/\\\/www.robertzueblin.com\\\/it\\\/#\\\/schema\\\/logo\\\/image\\\/\",\"url\":\"https:\\\/\\\/www.robertzueblin.com\\\/wp-content\\\/uploads\\\/cropped-cropped-logo-von-robert-zueblin.jpg\",\"contentUrl\":\"https:\\\/\\\/www.robertzueblin.com\\\/wp-content\\\/uploads\\\/cropped-cropped-logo-von-robert-zueblin.jpg\",\"width\":440,\"height\":60,\"caption\":\"ROBERT Z\u00dcBLIN\"},\"image\":{\"@id\":\"https:\\\/\\\/www.robertzueblin.com\\\/it\\\/#\\\/schema\\\/logo\\\/image\\\/\"}}]}<\/script>\n<!-- \/ Yoast SEO plugin. -->","yoast_head_json":{"title":"Ampliata la mostra di Otto Douglas-Hill Keramik-Museum di Berlino","description":"Mostra di Otto Douglas-Hill (ceramista) Keramik-Musem di Berlino con circa quaranta ceramiche di Douglas-Hill ma anche altri oggetti esposti.","robots":{"index":"index","follow":"follow","max-snippet":"max-snippet:-1","max-image-preview":"max-image-preview:large","max-video-preview":"max-video-preview:-1"},"canonical":"https:\/\/www.robertzueblin.com\/it\/notizie-sulla-ceramica\/ampliata-la-mostra-di-otto-douglas-hill-al-keramik-museum-di-berlino\/","og_locale":"it_IT","og_type":"article","og_title":"Ampliata la mostra di Otto Douglas-Hill Keramik-Museum di Berlino","og_description":"Mostra di Otto Douglas-Hill (ceramista) Keramik-Musem di Berlino con circa quaranta ceramiche di Douglas-Hill ma anche altri oggetti esposti.","og_url":"https:\/\/www.robertzueblin.com\/it\/notizie-sulla-ceramica\/ampliata-la-mostra-di-otto-douglas-hill-al-keramik-museum-di-berlino\/","og_site_name":"ROBERT Z\u00dcBLIN","article_modified_time":"2023-12-28T18:01:44+00:00","og_image":[{"url":"https:\/\/www.robertzueblin.com\/wp-content\/uploads\/otto-douglas-hill-mostra.jpg","type":"","width":"","height":""}],"twitter_card":"summary_large_image","schema":{"@context":"https:\/\/schema.org","@graph":[{"@type":"WebPage","@id":"https:\/\/www.robertzueblin.com\/it\/notizie-sulla-ceramica\/ampliata-la-mostra-di-otto-douglas-hill-al-keramik-museum-di-berlino\/","url":"https:\/\/www.robertzueblin.com\/it\/notizie-sulla-ceramica\/ampliata-la-mostra-di-otto-douglas-hill-al-keramik-museum-di-berlino\/","name":"Ampliata la mostra di Otto Douglas-Hill Keramik-Museum di Berlino","isPartOf":{"@id":"https:\/\/www.robertzueblin.com\/it\/#website"},"primaryImageOfPage":{"@id":"https:\/\/www.robertzueblin.com\/it\/notizie-sulla-ceramica\/ampliata-la-mostra-di-otto-douglas-hill-al-keramik-museum-di-berlino\/#primaryimage"},"image":{"@id":"https:\/\/www.robertzueblin.com\/it\/notizie-sulla-ceramica\/ampliata-la-mostra-di-otto-douglas-hill-al-keramik-museum-di-berlino\/#primaryimage"},"thumbnailUrl":"https:\/\/www.robertzueblin.com\/wp-content\/uploads\/otto-douglas-hill-mostra.jpg","datePublished":"2023-02-05T17:05:21+00:00","dateModified":"2023-12-28T18:01:44+00:00","description":"Mostra di Otto Douglas-Hill (ceramista) Keramik-Musem di Berlino con circa quaranta ceramiche di Douglas-Hill ma anche altri oggetti esposti.","breadcrumb":{"@id":"https:\/\/www.robertzueblin.com\/it\/notizie-sulla-ceramica\/ampliata-la-mostra-di-otto-douglas-hill-al-keramik-museum-di-berlino\/#breadcrumb"},"inLanguage":"it-IT","potentialAction":[{"@type":"ReadAction","target":["https:\/\/www.robertzueblin.com\/it\/notizie-sulla-ceramica\/ampliata-la-mostra-di-otto-douglas-hill-al-keramik-museum-di-berlino\/"]}]},{"@type":"ImageObject","inLanguage":"it-IT","@id":"https:\/\/www.robertzueblin.com\/it\/notizie-sulla-ceramica\/ampliata-la-mostra-di-otto-douglas-hill-al-keramik-museum-di-berlino\/#primaryimage","url":"https:\/\/www.robertzueblin.com\/wp-content\/uploads\/otto-douglas-hill-mostra.jpg","contentUrl":"https:\/\/www.robertzueblin.com\/wp-content\/uploads\/otto-douglas-hill-mostra.jpg"},{"@type":"BreadcrumbList","@id":"https:\/\/www.robertzueblin.com\/it\/notizie-sulla-ceramica\/ampliata-la-mostra-di-otto-douglas-hill-al-keramik-museum-di-berlino\/#breadcrumb","itemListElement":[{"@type":"ListItem","position":1,"name":"Startseite","item":"https:\/\/www.robertzueblin.com\/it\/"},{"@type":"ListItem","position":2,"name":"Notizie su arte e ceramica","item":"https:\/\/www.robertzueblin.com\/it\/notizie-sulla-ceramica\/"},{"@type":"ListItem","position":3,"name":"Ampliata la mostra di Otto Douglas-Hill al Keramik-Museum di Berlino"}]},{"@type":"WebSite","@id":"https:\/\/www.robertzueblin.com\/it\/#website","url":"https:\/\/www.robertzueblin.com\/it\/","name":"ROBERT Z\u00dcBLIN","description":"","publisher":{"@id":"https:\/\/www.robertzueblin.com\/it\/#organization"},"potentialAction":[{"@type":"SearchAction","target":{"@type":"EntryPoint","urlTemplate":"https:\/\/www.robertzueblin.com\/it\/?s={search_term_string}"},"query-input":{"@type":"PropertyValueSpecification","valueRequired":true,"valueName":"search_term_string"}}],"inLanguage":"it-IT"},{"@type":"Organization","@id":"https:\/\/www.robertzueblin.com\/it\/#organization","name":"ROBERT Z\u00dcBLIN","url":"https:\/\/www.robertzueblin.com\/it\/","logo":{"@type":"ImageObject","inLanguage":"it-IT","@id":"https:\/\/www.robertzueblin.com\/it\/#\/schema\/logo\/image\/","url":"https:\/\/www.robertzueblin.com\/wp-content\/uploads\/cropped-cropped-logo-von-robert-zueblin.jpg","contentUrl":"https:\/\/www.robertzueblin.com\/wp-content\/uploads\/cropped-cropped-logo-von-robert-zueblin.jpg","width":440,"height":60,"caption":"ROBERT Z\u00dcBLIN"},"image":{"@id":"https:\/\/www.robertzueblin.com\/it\/#\/schema\/logo\/image\/"}}]}},"_links":{"self":[{"href":"https:\/\/www.robertzueblin.com\/it\/wp-json\/wp\/v2\/pages\/31445","targetHints":{"allow":["GET"]}}],"collection":[{"href":"https:\/\/www.robertzueblin.com\/it\/wp-json\/wp\/v2\/pages"}],"about":[{"href":"https:\/\/www.robertzueblin.com\/it\/wp-json\/wp\/v2\/types\/page"}],"author":[{"embeddable":true,"href":"https:\/\/www.robertzueblin.com\/it\/wp-json\/wp\/v2\/users\/1"}],"replies":[{"embeddable":true,"href":"https:\/\/www.robertzueblin.com\/it\/wp-json\/wp\/v2\/comments?post=31445"}],"version-history":[{"count":5,"href":"https:\/\/www.robertzueblin.com\/it\/wp-json\/wp\/v2\/pages\/31445\/revisions"}],"predecessor-version":[{"id":36049,"href":"https:\/\/www.robertzueblin.com\/it\/wp-json\/wp\/v2\/pages\/31445\/revisions\/36049"}],"up":[{"embeddable":true,"href":"https:\/\/www.robertzueblin.com\/it\/wp-json\/wp\/v2\/pages\/4157"}],"wp:attachment":[{"href":"https:\/\/www.robertzueblin.com\/it\/wp-json\/wp\/v2\/media?parent=31445"}],"curies":[{"name":"wp","href":"https:\/\/api.w.org\/{rel}","templated":true}]}}