{"id":29193,"date":"2022-10-07T20:08:04","date_gmt":"2022-10-07T18:08:04","guid":{"rendered":"https:\/\/www.robertzueblin.com\/?page_id=29193"},"modified":"2023-12-28T19:00:37","modified_gmt":"2023-12-28T18:00:37","slug":"mostra-daniel-zuloaga-1852-1921-museo-de-bellas-artes-de-alava","status":"publish","type":"page","link":"https:\/\/www.robertzueblin.com\/it\/notizie-sulla-ceramica\/mostra-daniel-zuloaga-1852-1921-museo-de-bellas-artes-de-alava\/","title":{"rendered":"Mostra Daniel Zuloaga (1852-1921) &#8211; Museo de Bellas Artes de \u00c1lava"},"content":{"rendered":"<figure class=\"newsst\"><img decoding=\"async\" src=\"https:\/\/www.robertzueblin.com\/wp-content\/uploads\/daniel-zuloaga-mostra.jpg\" alt=\"La mostra Daniel Zuloaga (1852-1921) al Museo de Bellas Artes de \u00c1lava presenta opere di Daniel Zuloaga (ceramista), come piastrelle, vasi di ceramica, una scatola e un busto.\" width=\"100%\" height=\"auto\" \/><\/figure><figcaption><strong><a href=\"https:\/\/www.robertzueblin.com\/it\/daniel-zuloaga\/mortaio-di-ceramica\/\">Mortaio in ceramica di Daniel Zuloaga (non nella mostra di \u00c1lava)<\/a><\/strong><\/figcaption><table style=\"margin-bottom: 1.5em; margin-top: 2em;\">\n<tbody>\n<tr>\n<td style=\"border-width: 0.15em; line-height: 0; border-color: #bfbfbf!important;\"><span style=\"float:right; font-size: 0.9em; color:#aaaaaa!important;\">Robert Z\u00fcblin | 07.10.2022 | 20:08<\/span><\/td>\n<\/tbody>\n<\/table>\n<div class=\"newsssst\"><strong>Nella mostra &#8220;Daniel Zuloaga (1852-1921)&#8221;, il Museo de Bellas Artes de \u00c1lava espone opere in ceramica di uno dei primi ceramisti artistici spagnoli.<\/strong><\/div>\n<h2 class=\"newssst\">In occasione del 100\u00b0 anniversario della morte del ceramista Daniel Zuloaga<\/h2>\n<p>La mostra &#8220;Daniel Zuloaga (1852-1921)&#8221; si terr\u00e0 dal 18 maggio 2022 al 20 novembre 2022 presso il Museo de Bellas Artes de \u00c1lava (Museo di Belle Arti di \u00c1lava), situato nella capitale basca Vitoria-Gasteiz in Spagna. L&#8217;occasione per la mostra Zuloaga \u00e8 il centenario della morte di <a href=\"https:\/\/www.robertzueblin.com\/it\/daniel-zuloaga\">Daniel Zuloaga<\/a>, avvenuta nel 2021.  <\/p>\n<p>Nel 1867, all&#8217;et\u00e0 di 15 anni, Daniel Zuloaga inizi\u00f2 il suo apprendistato di cinque anni presso la Manufacture royale de porcelaine de S\u00e8vres in Francia, una delle pi\u00f9 importanti manifatture di porcellana d&#8217;Europa. Zuloaga, tuttavia, voleva creare un contrappunto ai tentativi di copiare la produzione di porcellana di S\u00e8vres e di altri luoghi in Europa.  <\/p>\n<p>Il prospetto di una mostra di Daniel Zuloaga a Madrid, nel 1912 circa, recita:  <\/p>\n<p><em>&#8220;Ci\u00f2 che Zuloaga evita \u00e8 la vile imitazione. L&#8217;allievo di S\u00e8vres era, con tutto il rispetto, dell&#8217;opinione che si dovesse fare il contrario. Una cosa sono le stoviglie per mangiare fatte di materiali antiestetici e un&#8217;altra cosa \u00e8 un oggetto decorativo che non ha altro scopo se non quello di piacere all&#8217;occhio, ed \u00e8 per questo che Zuloaga \u00e8 molto pi\u00f9 interessato alla terracotta che alla porcellana, che, come \u00e8 stato detto, \u00e8 screditata da quelle grandi industrie che inondano tutte le vetrine di Madrid con ridicole porcellane di bisquit come parodie di S\u00e8vres, Sax, Berlino, Vienna, Chelsen, ecc, che non pu\u00f2 entrare nella stanza di chi ha studiato le arti&#8221;.<\/em> <\/p>\n<h2 class=\"newssst\">Otto ceramiche di Zuloaga in mostra<\/h2>\n<p>In totale saranno esposte otto ceramiche di Daniel Zuloaga, tra cui un busto di una ballerina di flamenco, precedentemente chiamato &#8220;La gitana&#8221;, ma che, grazie a un prestito nell&#8217;ambito della mostra &#8220;<a href=\"https:\/\/fundacionzuloaga.com\/exposicion-zuloaga-gitano-flamenco\/\">Zuloaga, entre lo gitano y el flamenco<\/a>&#8221; (<a href=\"https:\/\/www.youtube.com\/watch?v=DFM2_7_fZX8&#038;t=13s\">video che accompagna la mostra<\/a>) a Granada, ha ricevuto un nome: Agustina.  <\/p>\n<p>Oltre al busto di Agustina, nella mostra in corso al Museo de Bellas Artes de \u00c1lava sono presenti altre opere di Daniel Zuloaga: una scatola per quadri, piastrelle per quadri e vasi per quadri, oltre a un vaso con stemma.  <\/p>\n<p>La <a href=\"https:\/\/arteederrenmuseoa.eus\/es\/web\/arteederrenmuseoa\/-\/daniel-zuloaga\">pagina del museo sulla mostra di Daniel Zuloaga<\/a> in corso al Museo de Bellas Artes de \u00c1lava contiene sia un <a href=\"https:\/\/www.youtube.com\/watch?v=o3KCkmfScYg\">video<\/a> sulla mostra che un link a una brochure dettagliata con molte informazioni sulla vita di Daniel Zuloaga e sulle opere esposte.<\/p>\n<div>&nbsp;<\/div>\n<p><a href=\"https:\/\/www.robertzueblin.com\/it\/daniel-zuloaga\" style=\"font-size: 0.8em; text-decoration: none; background: #D8D8D8; padding-left: 0.1em; padding-right: 0.1em; padding-top: -0.1em; padding-bottom: -0.2em; float:right;\">Daniel Zuloaga<\/a><\/p>\n<div>&nbsp;<\/div>\n","protected":false},"excerpt":{"rendered":"<p>Mortaio in ceramica di Daniel Zuloaga (non nella mostra di \u00c1lava) Robert Z\u00fcblin | 07.10.2022 | 20:08 Nella mostra &#8220;Daniel Zuloaga (1852-1921)&#8221;, il Museo de Bellas Artes de \u00c1lava espone opere in ceramica di uno dei primi ceramisti artistici spagnoli. In occasione del 100\u00b0 anniversario della morte del ceramista Daniel Zuloaga La mostra &#8220;Daniel Zuloaga [&hellip;]<\/p>\n","protected":false},"author":1,"featured_media":0,"parent":4157,"menu_order":0,"comment_status":"closed","ping_status":"closed","template":"","meta":{"footnotes":""},"class_list":["post-29193","page","type-page","status-publish","hentry"],"yoast_head":"<!-- This site is optimized with the Yoast SEO plugin v27.4 - https:\/\/yoast.com\/product\/yoast-seo-wordpress\/ -->\n<title>Mostra Daniel Zuloaga (1852-1921) - Museo Bellas Artes \u00c1lava<\/title>\n<meta name=\"description\" content=\"Mostra Daniel Zuloaga 1852-1921: Museo de Bellas Artes de \u00c1lava espone opere di Daniel Zuloaga, ceramista, piastrelle, vasi, ceramica, busti.\" \/>\n<meta name=\"robots\" content=\"index, follow, max-snippet:-1, max-image-preview:large, max-video-preview:-1\" \/>\n<link rel=\"canonical\" href=\"https:\/\/www.robertzueblin.com\/it\/notizie-sulla-ceramica\/mostra-daniel-zuloaga-1852-1921-museo-de-bellas-artes-de-alava\/\" \/>\n<meta property=\"og:locale\" content=\"it_IT\" \/>\n<meta property=\"og:type\" content=\"article\" \/>\n<meta property=\"og:title\" content=\"Mostra Daniel Zuloaga (1852-1921) - Museo Bellas Artes \u00c1lava\" \/>\n<meta property=\"og:description\" content=\"Mostra Daniel Zuloaga 1852-1921: Museo de Bellas Artes de \u00c1lava espone opere di Daniel Zuloaga, ceramista, piastrelle, vasi, ceramica, busti.\" \/>\n<meta property=\"og:url\" content=\"https:\/\/www.robertzueblin.com\/it\/notizie-sulla-ceramica\/mostra-daniel-zuloaga-1852-1921-museo-de-bellas-artes-de-alava\/\" \/>\n<meta property=\"og:site_name\" content=\"ROBERT Z\u00dcBLIN\" \/>\n<meta property=\"article:modified_time\" content=\"2023-12-28T18:00:37+00:00\" \/>\n<meta property=\"og:image\" content=\"https:\/\/www.robertzueblin.com\/wp-content\/uploads\/daniel-zuloaga-mostra.jpg\" \/>\n<meta name=\"twitter:card\" content=\"summary_large_image\" \/>\n<script type=\"application\/ld+json\" class=\"yoast-schema-graph\">{\"@context\":\"https:\\\/\\\/schema.org\",\"@graph\":[{\"@type\":\"WebPage\",\"@id\":\"https:\\\/\\\/www.robertzueblin.com\\\/it\\\/notizie-sulla-ceramica\\\/mostra-daniel-zuloaga-1852-1921-museo-de-bellas-artes-de-alava\\\/\",\"url\":\"https:\\\/\\\/www.robertzueblin.com\\\/it\\\/notizie-sulla-ceramica\\\/mostra-daniel-zuloaga-1852-1921-museo-de-bellas-artes-de-alava\\\/\",\"name\":\"Mostra Daniel Zuloaga (1852-1921) - Museo Bellas Artes \u00c1lava\",\"isPartOf\":{\"@id\":\"https:\\\/\\\/www.robertzueblin.com\\\/it\\\/#website\"},\"primaryImageOfPage\":{\"@id\":\"https:\\\/\\\/www.robertzueblin.com\\\/it\\\/notizie-sulla-ceramica\\\/mostra-daniel-zuloaga-1852-1921-museo-de-bellas-artes-de-alava\\\/#primaryimage\"},\"image\":{\"@id\":\"https:\\\/\\\/www.robertzueblin.com\\\/it\\\/notizie-sulla-ceramica\\\/mostra-daniel-zuloaga-1852-1921-museo-de-bellas-artes-de-alava\\\/#primaryimage\"},\"thumbnailUrl\":\"https:\\\/\\\/www.robertzueblin.com\\\/wp-content\\\/uploads\\\/daniel-zuloaga-mostra.jpg\",\"datePublished\":\"2022-10-07T18:08:04+00:00\",\"dateModified\":\"2023-12-28T18:00:37+00:00\",\"description\":\"Mostra Daniel Zuloaga 1852-1921: Museo de Bellas Artes de \u00c1lava espone opere di Daniel Zuloaga, ceramista, piastrelle, vasi, ceramica, busti.\",\"breadcrumb\":{\"@id\":\"https:\\\/\\\/www.robertzueblin.com\\\/it\\\/notizie-sulla-ceramica\\\/mostra-daniel-zuloaga-1852-1921-museo-de-bellas-artes-de-alava\\\/#breadcrumb\"},\"inLanguage\":\"it-IT\",\"potentialAction\":[{\"@type\":\"ReadAction\",\"target\":[\"https:\\\/\\\/www.robertzueblin.com\\\/it\\\/notizie-sulla-ceramica\\\/mostra-daniel-zuloaga-1852-1921-museo-de-bellas-artes-de-alava\\\/\"]}]},{\"@type\":\"ImageObject\",\"inLanguage\":\"it-IT\",\"@id\":\"https:\\\/\\\/www.robertzueblin.com\\\/it\\\/notizie-sulla-ceramica\\\/mostra-daniel-zuloaga-1852-1921-museo-de-bellas-artes-de-alava\\\/#primaryimage\",\"url\":\"https:\\\/\\\/www.robertzueblin.com\\\/wp-content\\\/uploads\\\/daniel-zuloaga-mostra.jpg\",\"contentUrl\":\"https:\\\/\\\/www.robertzueblin.com\\\/wp-content\\\/uploads\\\/daniel-zuloaga-mostra.jpg\"},{\"@type\":\"BreadcrumbList\",\"@id\":\"https:\\\/\\\/www.robertzueblin.com\\\/it\\\/notizie-sulla-ceramica\\\/mostra-daniel-zuloaga-1852-1921-museo-de-bellas-artes-de-alava\\\/#breadcrumb\",\"itemListElement\":[{\"@type\":\"ListItem\",\"position\":1,\"name\":\"Startseite\",\"item\":\"https:\\\/\\\/www.robertzueblin.com\\\/it\\\/\"},{\"@type\":\"ListItem\",\"position\":2,\"name\":\"Notizie su arte e ceramica\",\"item\":\"https:\\\/\\\/www.robertzueblin.com\\\/it\\\/notizie-sulla-ceramica\\\/\"},{\"@type\":\"ListItem\",\"position\":3,\"name\":\"Mostra Daniel Zuloaga (1852-1921) &#8211; Museo de Bellas Artes de \u00c1lava\"}]},{\"@type\":\"WebSite\",\"@id\":\"https:\\\/\\\/www.robertzueblin.com\\\/it\\\/#website\",\"url\":\"https:\\\/\\\/www.robertzueblin.com\\\/it\\\/\",\"name\":\"ROBERT Z\u00dcBLIN\",\"description\":\"\",\"publisher\":{\"@id\":\"https:\\\/\\\/www.robertzueblin.com\\\/it\\\/#organization\"},\"potentialAction\":[{\"@type\":\"SearchAction\",\"target\":{\"@type\":\"EntryPoint\",\"urlTemplate\":\"https:\\\/\\\/www.robertzueblin.com\\\/it\\\/?s={search_term_string}\"},\"query-input\":{\"@type\":\"PropertyValueSpecification\",\"valueRequired\":true,\"valueName\":\"search_term_string\"}}],\"inLanguage\":\"it-IT\"},{\"@type\":\"Organization\",\"@id\":\"https:\\\/\\\/www.robertzueblin.com\\\/it\\\/#organization\",\"name\":\"ROBERT Z\u00dcBLIN\",\"url\":\"https:\\\/\\\/www.robertzueblin.com\\\/it\\\/\",\"logo\":{\"@type\":\"ImageObject\",\"inLanguage\":\"it-IT\",\"@id\":\"https:\\\/\\\/www.robertzueblin.com\\\/it\\\/#\\\/schema\\\/logo\\\/image\\\/\",\"url\":\"https:\\\/\\\/www.robertzueblin.com\\\/wp-content\\\/uploads\\\/cropped-cropped-logo-von-robert-zueblin.jpg\",\"contentUrl\":\"https:\\\/\\\/www.robertzueblin.com\\\/wp-content\\\/uploads\\\/cropped-cropped-logo-von-robert-zueblin.jpg\",\"width\":440,\"height\":60,\"caption\":\"ROBERT Z\u00dcBLIN\"},\"image\":{\"@id\":\"https:\\\/\\\/www.robertzueblin.com\\\/it\\\/#\\\/schema\\\/logo\\\/image\\\/\"}}]}<\/script>\n<!-- \/ Yoast SEO plugin. -->","yoast_head_json":{"title":"Mostra Daniel Zuloaga (1852-1921) - Museo Bellas Artes \u00c1lava","description":"Mostra Daniel Zuloaga 1852-1921: Museo de Bellas Artes de \u00c1lava espone opere di Daniel Zuloaga, ceramista, piastrelle, vasi, ceramica, busti.","robots":{"index":"index","follow":"follow","max-snippet":"max-snippet:-1","max-image-preview":"max-image-preview:large","max-video-preview":"max-video-preview:-1"},"canonical":"https:\/\/www.robertzueblin.com\/it\/notizie-sulla-ceramica\/mostra-daniel-zuloaga-1852-1921-museo-de-bellas-artes-de-alava\/","og_locale":"it_IT","og_type":"article","og_title":"Mostra Daniel Zuloaga (1852-1921) - Museo Bellas Artes \u00c1lava","og_description":"Mostra Daniel Zuloaga 1852-1921: Museo de Bellas Artes de \u00c1lava espone opere di Daniel Zuloaga, ceramista, piastrelle, vasi, ceramica, busti.","og_url":"https:\/\/www.robertzueblin.com\/it\/notizie-sulla-ceramica\/mostra-daniel-zuloaga-1852-1921-museo-de-bellas-artes-de-alava\/","og_site_name":"ROBERT Z\u00dcBLIN","article_modified_time":"2023-12-28T18:00:37+00:00","og_image":[{"url":"https:\/\/www.robertzueblin.com\/wp-content\/uploads\/daniel-zuloaga-mostra.jpg","type":"","width":"","height":""}],"twitter_card":"summary_large_image","schema":{"@context":"https:\/\/schema.org","@graph":[{"@type":"WebPage","@id":"https:\/\/www.robertzueblin.com\/it\/notizie-sulla-ceramica\/mostra-daniel-zuloaga-1852-1921-museo-de-bellas-artes-de-alava\/","url":"https:\/\/www.robertzueblin.com\/it\/notizie-sulla-ceramica\/mostra-daniel-zuloaga-1852-1921-museo-de-bellas-artes-de-alava\/","name":"Mostra Daniel Zuloaga (1852-1921) - Museo Bellas Artes \u00c1lava","isPartOf":{"@id":"https:\/\/www.robertzueblin.com\/it\/#website"},"primaryImageOfPage":{"@id":"https:\/\/www.robertzueblin.com\/it\/notizie-sulla-ceramica\/mostra-daniel-zuloaga-1852-1921-museo-de-bellas-artes-de-alava\/#primaryimage"},"image":{"@id":"https:\/\/www.robertzueblin.com\/it\/notizie-sulla-ceramica\/mostra-daniel-zuloaga-1852-1921-museo-de-bellas-artes-de-alava\/#primaryimage"},"thumbnailUrl":"https:\/\/www.robertzueblin.com\/wp-content\/uploads\/daniel-zuloaga-mostra.jpg","datePublished":"2022-10-07T18:08:04+00:00","dateModified":"2023-12-28T18:00:37+00:00","description":"Mostra Daniel Zuloaga 1852-1921: Museo de Bellas Artes de \u00c1lava espone opere di Daniel Zuloaga, ceramista, piastrelle, vasi, ceramica, busti.","breadcrumb":{"@id":"https:\/\/www.robertzueblin.com\/it\/notizie-sulla-ceramica\/mostra-daniel-zuloaga-1852-1921-museo-de-bellas-artes-de-alava\/#breadcrumb"},"inLanguage":"it-IT","potentialAction":[{"@type":"ReadAction","target":["https:\/\/www.robertzueblin.com\/it\/notizie-sulla-ceramica\/mostra-daniel-zuloaga-1852-1921-museo-de-bellas-artes-de-alava\/"]}]},{"@type":"ImageObject","inLanguage":"it-IT","@id":"https:\/\/www.robertzueblin.com\/it\/notizie-sulla-ceramica\/mostra-daniel-zuloaga-1852-1921-museo-de-bellas-artes-de-alava\/#primaryimage","url":"https:\/\/www.robertzueblin.com\/wp-content\/uploads\/daniel-zuloaga-mostra.jpg","contentUrl":"https:\/\/www.robertzueblin.com\/wp-content\/uploads\/daniel-zuloaga-mostra.jpg"},{"@type":"BreadcrumbList","@id":"https:\/\/www.robertzueblin.com\/it\/notizie-sulla-ceramica\/mostra-daniel-zuloaga-1852-1921-museo-de-bellas-artes-de-alava\/#breadcrumb","itemListElement":[{"@type":"ListItem","position":1,"name":"Startseite","item":"https:\/\/www.robertzueblin.com\/it\/"},{"@type":"ListItem","position":2,"name":"Notizie su arte e ceramica","item":"https:\/\/www.robertzueblin.com\/it\/notizie-sulla-ceramica\/"},{"@type":"ListItem","position":3,"name":"Mostra Daniel Zuloaga (1852-1921) &#8211; Museo de Bellas Artes de \u00c1lava"}]},{"@type":"WebSite","@id":"https:\/\/www.robertzueblin.com\/it\/#website","url":"https:\/\/www.robertzueblin.com\/it\/","name":"ROBERT Z\u00dcBLIN","description":"","publisher":{"@id":"https:\/\/www.robertzueblin.com\/it\/#organization"},"potentialAction":[{"@type":"SearchAction","target":{"@type":"EntryPoint","urlTemplate":"https:\/\/www.robertzueblin.com\/it\/?s={search_term_string}"},"query-input":{"@type":"PropertyValueSpecification","valueRequired":true,"valueName":"search_term_string"}}],"inLanguage":"it-IT"},{"@type":"Organization","@id":"https:\/\/www.robertzueblin.com\/it\/#organization","name":"ROBERT Z\u00dcBLIN","url":"https:\/\/www.robertzueblin.com\/it\/","logo":{"@type":"ImageObject","inLanguage":"it-IT","@id":"https:\/\/www.robertzueblin.com\/it\/#\/schema\/logo\/image\/","url":"https:\/\/www.robertzueblin.com\/wp-content\/uploads\/cropped-cropped-logo-von-robert-zueblin.jpg","contentUrl":"https:\/\/www.robertzueblin.com\/wp-content\/uploads\/cropped-cropped-logo-von-robert-zueblin.jpg","width":440,"height":60,"caption":"ROBERT Z\u00dcBLIN"},"image":{"@id":"https:\/\/www.robertzueblin.com\/it\/#\/schema\/logo\/image\/"}}]}},"_links":{"self":[{"href":"https:\/\/www.robertzueblin.com\/it\/wp-json\/wp\/v2\/pages\/29193","targetHints":{"allow":["GET"]}}],"collection":[{"href":"https:\/\/www.robertzueblin.com\/it\/wp-json\/wp\/v2\/pages"}],"about":[{"href":"https:\/\/www.robertzueblin.com\/it\/wp-json\/wp\/v2\/types\/page"}],"author":[{"embeddable":true,"href":"https:\/\/www.robertzueblin.com\/it\/wp-json\/wp\/v2\/users\/1"}],"replies":[{"embeddable":true,"href":"https:\/\/www.robertzueblin.com\/it\/wp-json\/wp\/v2\/comments?post=29193"}],"version-history":[{"count":13,"href":"https:\/\/www.robertzueblin.com\/it\/wp-json\/wp\/v2\/pages\/29193\/revisions"}],"predecessor-version":[{"id":36047,"href":"https:\/\/www.robertzueblin.com\/it\/wp-json\/wp\/v2\/pages\/29193\/revisions\/36047"}],"up":[{"embeddable":true,"href":"https:\/\/www.robertzueblin.com\/it\/wp-json\/wp\/v2\/pages\/4157"}],"wp:attachment":[{"href":"https:\/\/www.robertzueblin.com\/it\/wp-json\/wp\/v2\/media?parent=29193"}],"curies":[{"name":"wp","href":"https:\/\/api.w.org\/{rel}","templated":true}]}}