{"id":28977,"date":"2022-09-11T22:21:41","date_gmt":"2022-09-11T20:21:41","guid":{"rendered":"https:\/\/www.robertzueblin.com\/?page_id=28977"},"modified":"2025-04-23T18:16:29","modified_gmt":"2025-04-23T16:16:29","slug":"chi-siamo","status":"publish","type":"page","link":"https:\/\/www.robertzueblin.com\/it\/chi-siamo\/","title":{"rendered":"Chi siamo"},"content":{"rendered":"<p><strong>Dietro il sito ROBERT Z\u00dcBLIN c&#8217;\u00e8, chi l&#8217;avrebbe mai detto: Robert Z\u00fcblin, che gestisce una <a href=\"https:\/\/www.robertzueblin.com\/it\/galleria-d-arte-online\/\">galleria d&#8217;arte online<\/a> su questo sito.<\/strong><\/p>\n<div style=\"float: left; margin-right: 1em;\"><img decoding=\"async\" src=\"https:\/\/www.robertzueblin.com\/wp-content\/uploads\/galleria-d-arte-robert-zueblin-225x300.jpg\" alt=\"Galleria D&#039;Arte - ROBERT Z\u00dcBLIN\" width=\"225\" height=\"300\" class=\"alignnone size-medium wp-image-44643\" srcset=\"https:\/\/www.robertzueblin.com\/wp-content\/uploads\/galleria-d-arte-robert-zueblin-225x300.jpg 225w, https:\/\/www.robertzueblin.com\/wp-content\/uploads\/galleria-d-arte-robert-zueblin-416x555.jpg 416w, https:\/\/www.robertzueblin.com\/wp-content\/uploads\/galleria-d-arte-robert-zueblin.jpg 480w\" sizes=\"(max-width: 225px) 100vw, 225px\" \/><\/div>\n<p><strong>Quindi sono io, Robert Z\u00fcblin, che metto in rete tante ceramiche da studio, quadri d&#8217;arte, fotografie d&#8217;arte e sculture; molti pezzi sono ancora disponibili per l&#8217;acquisto, altri sono gi\u00e0 stati acquistati e sono etichettati di conseguenza. I pezzi si trovano tutti a Zurigo e vengono quindi spediti dalla Svizzera. Offro anche <a href=\"https:\/\/www.robertzueblin.com\/it\/kintsugi\/riparare-ceramica-con-oro\/\">riparazioni Kintsugi di ceramiche e porcellane<\/a>, ovvero la riparazione di ceramiche secondo la tecnica giapponese Kintsugi.<\/strong><\/p>\n<div>&nbsp;<\/div>\n<div style=\"text-align:center;font-size:1.8em;font-family:AkkoPro-BoldCondensed!important;\"><strong>Testimonianze dei clienti<\/strong><\/div>\n<p> <div id=\"metaslider-id-36224\" style=\"max-width: 500px; margin: 0 auto;\" class=\"ml-slider-3-108-0 ml-slider-pro-2-56-0 metaslider metaslider-flex metaslider-36224 ml-slider has-dots-nav ms-theme-default\" role=\"region\" aria-label=\"Kundenstimmen IT\" data-height=\"250\" data-width=\"500\">\n    <div id=\"metaslider_container_36224\">\n        <div id=\"metaslider_36224\">\n            <ul class='slides'>\n                <li class=\"slide-36225 ms-layer \" style=\"display: block; width: 100%;\" data-slide-type=\"html_overlay\" data-date=\"2023-12-31 15:13:01\" data-filename=\"testimonianze-dei-clienti-slider-desk.jpg\"><img decoding=\"async\" width=\"500\" height=\"250\" src=\"https:\/\/www.robertzueblin.com\/wp-content\/uploads\/testimonianze-dei-clienti-slider-desk.jpg\" class=\"msDefaultImage\" alt=\"\" title=\"\" srcset=\"https:\/\/www.robertzueblin.com\/wp-content\/uploads\/testimonianze-dei-clienti-slider-desk.jpg 500w, https:\/\/www.robertzueblin.com\/wp-content\/uploads\/testimonianze-dei-clienti-slider-desk-300x150.jpg 300w, https:\/\/www.robertzueblin.com\/wp-content\/uploads\/testimonianze-dei-clienti-slider-desk-416x208.jpg 416w\" sizes=\"(max-width: 500px) 100vw, 500px\" \/><div class='msHtmlOverlay' style='display: none; position: absolute; top: 0; left: 0; width: 100%; height: 100%; ' ><div class=\"layer\" style=\"width: 493px; height: 291px; top: 5px; left: 5px; position: absolute;\" data-width=\"491\" data-height=\"291\"><div class=\"animation_in animated disabled\" data-animation=\"disabled\" data-animation-delay=\"0\" style=\"width: 100%; height: 100%;\"><div class=\"animation_out animated disabled\" data-animation=\"disabled\" data-animation-delay=\"0\" style=\"height: 100%; width: 100%;\"><div class=\"ms_content_wrap\" style=\"height: 100%; background: rgba(114, 112, 112, 0.24);\"><div class=\"content\" id=\"layer_content_710676443\" style=\"color: white; padding: 12px; position: relative;\" data-padding=\"12\"><div style=\"margin-left:auto;margin-right:auto;width:100%;height:auto;text-align:center;font-size:1em;font-family:AkkoPro-BoldCondensed!important;color:#363636;\"><strong>Ulrich Wachholtz dalla Germania dice:<\/strong><\/div><div style=\"margin-left:auto;margin-right:auto;width:100%;height:auto;text-align:center;font-size:1em;font-family:AkkoPro-Condensed!important;color:#363636;\"><em>\"Il negozio online di Z\u00fcblin ha una gamma selezionata di rare ceramiche da studio. Un assortimento unico in rete. Buone fotografie con descrizioni esaurienti. E l'elaborazione dell'ordine funziona in modo rapido e senza problemi. 5 stelle\"<\/em><\/div><\/div><\/div><\/div><\/div><\/div><\/div><\/li>\n                <li class=\"slide-36945 ms-layer \" style=\"display: none; width: 100%;\" data-slide-type=\"html_overlay\" data-date=\"2024-02-18 14:58:08\" data-filename=\"kundenstimmen-slider-desk.jpg\"><img decoding=\"async\" width=\"500\" height=\"250\" src=\"https:\/\/www.robertzueblin.com\/wp-content\/uploads\/kundenstimmen-slider-desk.jpg\" class=\"msDefaultImage\" alt=\"\" title=\"\" srcset=\"https:\/\/www.robertzueblin.com\/wp-content\/uploads\/kundenstimmen-slider-desk.jpg 500w, https:\/\/www.robertzueblin.com\/wp-content\/uploads\/kundenstimmen-slider-desk-300x150.jpg 300w, https:\/\/www.robertzueblin.com\/wp-content\/uploads\/kundenstimmen-slider-desk-416x208.jpg 416w\" sizes=\"(max-width: 500px) 100vw, 500px\" \/><div class='msHtmlOverlay' style='display: none; position: absolute; top: 0; left: 0; width: 100%; height: 100%; ' ><div class=\"layer\" style=\"width: 493px; height: 291px; top: 5px; left: 5px; position: absolute;\" data-width=\"491\" data-height=\"291\"><div class=\"animation_in animated disabled\" data-animation=\"disabled\" data-animation-delay=\"0\" style=\"width: 100%; height: 100%;\"><div class=\"animation_out animated disabled\" data-animation=\"disabled\" data-animation-delay=\"0\" style=\"height: 100%; width: 100%;\"><div class=\"ms_content_wrap\" style=\"height: 100%; background: rgba(114, 112, 112, 0.24);\"><div class=\"content\" id=\"layer_content_710676443\" style=\"color: white; padding: 12px; position: relative;\" data-padding=\"12\"><div style=\"margin-left:auto;margin-right:auto;width:100%;height:auto;text-align:center;font-size:1em;font-family:AkkoPro-BoldCondensed!important;color:#363636;\"><strong>Victor Novotny dagli Stati Uniti dice:<\/strong><\/div><div style=\"margin-left:auto;margin-right:auto;width:100%;height:auto;text-align:center;font-size:1em;font-family:AkkoPro-Condensed!important;color:#363636;\"><em>\"Sono stato molto felice di scoprire il negozio di Robert Z\u00fcblin un paio di anni fa e da allora ho acquistato due esemplari difficili da trovare e interessanti di Otto Hohlt e di suo figlio Albrecht.\"<\/em><\/div><\/div><\/div><\/div><\/div><\/div><\/div><\/li>\n                <li class=\"slide-36226 ms-layer \" style=\"display: none; width: 100%;\" data-slide-type=\"html_overlay\" data-date=\"2023-12-31 15:13:01\" data-filename=\"testimonianze-dei-clienti-slider-desk.jpg\"><img decoding=\"async\" width=\"500\" height=\"250\" src=\"https:\/\/www.robertzueblin.com\/wp-content\/uploads\/testimonianze-dei-clienti-slider-desk.jpg\" class=\"msDefaultImage\" alt=\"\" title=\"\" srcset=\"https:\/\/www.robertzueblin.com\/wp-content\/uploads\/testimonianze-dei-clienti-slider-desk.jpg 500w, https:\/\/www.robertzueblin.com\/wp-content\/uploads\/testimonianze-dei-clienti-slider-desk-300x150.jpg 300w, https:\/\/www.robertzueblin.com\/wp-content\/uploads\/testimonianze-dei-clienti-slider-desk-416x208.jpg 416w\" sizes=\"(max-width: 500px) 100vw, 500px\" \/><div class='msHtmlOverlay' style='display: none; position: absolute; top: 0; left: 0; width: 100%; height: 100%; ' ><div class=\"layer\" style=\"width: 493px; height: 281px; top: 5px; left: 5px; position: absolute;\" data-width=\"491\" data-height=\"281\"><div class=\"animation_in animated disabled\" data-animation=\"disabled\" data-animation-delay=\"0\" style=\"width: 100%; height: 100%;\"><div class=\"animation_out animated disabled\" data-animation=\"disabled\" data-animation-delay=\"0\" style=\"height: 100%; width: 100%;\"><div class=\"ms_content_wrap\" style=\"height: 100%; background: rgba(114, 112, 112, 0.24);\"><div class=\"content\" id=\"layer_content_135423627\" style=\"color: white; padding: 12px; position: relative;\" data-padding=\"12\"><div style=\"margin-left:auto;margin-right:auto;width:100%;height:auto;text-align:center;font-size:1em;font-family:AkkoPro-BoldCondensed!important;color:#363636;\"><strong>Jos Devriendt da Belgio, Gent, dice:<\/strong><\/div><div style=\"margin-left:auto;margin-right:auto;width:100%;height:auto;text-align:center;font-size:1em;font-family:AkkoPro-Condensed!important;color:#363636;\"><em>\"Il servizio di trasporto e sulla dichiarazione doganale \u00e8 stato molto corretto e la selezione di ceramiche rara da trovare.\"<\/em><\/div><\/div><\/div><\/div><\/div><\/div><\/div><\/li>\n            <\/ul>\n        <\/div>\n        \n    <\/div>\n<\/div><\/p>\n<div>&nbsp;<\/div>\n<div>&nbsp;<\/div>\n<h2>Come sono arrivato alla ceramica<\/h2>\n<p>Da quasi 10 anni lavoro con la <a href=\"https:\/\/www.robertzueblin.com\/it\/tipo\/studio-ceramica-ceramica-artistica\/\">studio ceramica<\/a> e i capolavori in ceramica. Tutto \u00e8 iniziato in un mercatino delle pulci a Berlino (Germania), dove vendevo, tra l&#8217;altro, vasi, ciotole e stoviglie, soprattutto degli anni &#8217;20, &#8217;30, &#8217;40, &#8217;50, &#8217;60 e &#8217;70, anche se in realt\u00e0 si trattava solo di pezzi di design, cio\u00e8 di prodotti di fabbrica della produzione di massa.<\/p>\n<p>Dopo essermi recata alcune volte al mercato delle pulci di Stra\u00dfe des 17. Juni a Berlino (il primo mercato delle pulci berlinese, tra l&#8217;altro) per offrire i miei pezzi di design, a un certo punto si \u00e8 avvicinato un signore anziano e mi ha detto che erano tutte belle ceramiche, ma che le vere ceramiche avevano un aspetto diverso. Si riferiva alle studio cheramiche e ai capolavori di ceramisti come Richard Bampi, Jan Bontjes van Beek, Gusso Reuss o il laboratorio Hohlt. Il signore pi\u00f9 anziano si rivel\u00f2 essere l&#8217;esperto di studio cheramiche tedesca tra le due guerre e divenne il mio mentore per gli anni successivi, dal quale imparai un&#8217;enorme quantit\u00e0 di cose sulla ceramica da studio; che si trattasse di come cercare un buon pezzo, di come capire se un pezzo \u00e8 tornito o costruito, di come verificare se un pezzo \u00e8 incrinato o, per esempio, di come identificare le firme della ceramica. A posteriori, non riesco a immaginare una formazione migliore di quella ricevuta in quel mercatino delle pulci, dove incontravo settimanalmente il mio mentore. Naturalmente, al mercato delle pulci del 17 giugno ho incontrato anche molti altri esperti e collezionisti che hanno condiviso con me le loro conoscenze.<\/p>\n<p>Per offrire le ceramiche da studio oltre i confini della Germania (e ora della Svizzera), ho deciso di aprire un negozio online, sul cui sito vi trovate in questo momento. Nel frattempo si sono aggiunti anche <a href=\"https:\/\/www.robertzueblin.com\/it\/tipo\/pittura\/\">quadri d&#8217;arte<\/a>, fotografie d&#8217;arte e sculture. Spero che la navigazione sia piacevole e sarei felice per voi se decideste di acquistare un pezzo:<\/p>\n<p><a href=\"https:\/\/www.robertzueblin.com\/it\/galleria-d-arte-online\/#negozio_online\" style=\"font-family: AkkoPro-BoldCondensed!important;text-decoration: none; color: #ffffff!important; background: #000000; padding-left: 0.8em; padding-right: 0.8em; padding-top: 0.4em; padding-bottom: 0.4em; float:left;\">Alle opere d&#8217;arte nel negozio online della galleria d&#8217;arte<\/a><\/p>\n","protected":false},"excerpt":{"rendered":"<p>Dietro il sito ROBERT Z\u00dcBLIN c&#8217;\u00e8, chi l&#8217;avrebbe mai detto: Robert Z\u00fcblin, che gestisce una galleria d&#8217;arte online su questo sito. Quindi sono io, Robert Z\u00fcblin, che metto in rete tante ceramiche da studio, quadri d&#8217;arte, fotografie d&#8217;arte e sculture; molti pezzi sono ancora disponibili per l&#8217;acquisto, altri sono gi\u00e0 stati acquistati e sono etichettati [&hellip;]<\/p>\n","protected":false},"author":1,"featured_media":0,"parent":0,"menu_order":0,"comment_status":"closed","ping_status":"closed","template":"","meta":{"footnotes":""},"class_list":["post-28977","page","type-page","status-publish","hentry"],"yoast_head":"<!-- This site is optimized with the Yoast SEO plugin v27.4 - https:\/\/yoast.com\/product\/yoast-seo-wordpress\/ -->\n<title>Chi siamo - galleria d&#039;arte online ROBERT Z\u00dcBLIN<\/title>\n<meta name=\"robots\" content=\"index, follow, max-snippet:-1, max-image-preview:large, max-video-preview:-1\" \/>\n<link rel=\"canonical\" href=\"https:\/\/www.robertzueblin.com\/it\/chi-siamo\/\" \/>\n<meta property=\"og:locale\" content=\"it_IT\" \/>\n<meta property=\"og:type\" content=\"article\" \/>\n<meta property=\"og:title\" content=\"Chi siamo - galleria d&#039;arte online ROBERT Z\u00dcBLIN\" \/>\n<meta property=\"og:description\" content=\"Dietro il sito ROBERT Z\u00dcBLIN c&#8217;\u00e8, chi l&#8217;avrebbe mai detto: Robert Z\u00fcblin, che gestisce una galleria d&#8217;arte online su questo sito. Quindi sono io, Robert Z\u00fcblin, che metto in rete tante ceramiche da studio, quadri d&#8217;arte, fotografie d&#8217;arte e sculture; molti pezzi sono ancora disponibili per l&#8217;acquisto, altri sono gi\u00e0 stati acquistati e sono etichettati [&hellip;]\" \/>\n<meta property=\"og:url\" content=\"https:\/\/www.robertzueblin.com\/it\/chi-siamo\/\" \/>\n<meta property=\"og:site_name\" content=\"ROBERT Z\u00dcBLIN\" \/>\n<meta property=\"article:modified_time\" content=\"2025-04-23T16:16:29+00:00\" \/>\n<meta property=\"og:image\" content=\"https:\/\/www.robertzueblin.com\/wp-content\/uploads\/galleria-d-arte-robert-zueblin.jpg\" \/>\n\t<meta property=\"og:image:width\" content=\"480\" \/>\n\t<meta property=\"og:image:height\" content=\"640\" \/>\n\t<meta property=\"og:image:type\" content=\"image\/jpeg\" \/>\n<meta name=\"twitter:card\" content=\"summary_large_image\" \/>\n<script type=\"application\/ld+json\" class=\"yoast-schema-graph\">{\"@context\":\"https:\\\/\\\/schema.org\",\"@graph\":[{\"@type\":\"WebPage\",\"@id\":\"https:\\\/\\\/www.robertzueblin.com\\\/it\\\/chi-siamo\\\/\",\"url\":\"https:\\\/\\\/www.robertzueblin.com\\\/it\\\/chi-siamo\\\/\",\"name\":\"Chi siamo - galleria d'arte online ROBERT Z\u00dcBLIN\",\"isPartOf\":{\"@id\":\"https:\\\/\\\/www.robertzueblin.com\\\/it\\\/#website\"},\"primaryImageOfPage\":{\"@id\":\"https:\\\/\\\/www.robertzueblin.com\\\/it\\\/chi-siamo\\\/#primaryimage\"},\"image\":{\"@id\":\"https:\\\/\\\/www.robertzueblin.com\\\/it\\\/chi-siamo\\\/#primaryimage\"},\"thumbnailUrl\":\"https:\\\/\\\/www.robertzueblin.com\\\/wp-content\\\/uploads\\\/galleria-d-arte-robert-zueblin-225x300.jpg\",\"datePublished\":\"2022-09-11T20:21:41+00:00\",\"dateModified\":\"2025-04-23T16:16:29+00:00\",\"breadcrumb\":{\"@id\":\"https:\\\/\\\/www.robertzueblin.com\\\/it\\\/chi-siamo\\\/#breadcrumb\"},\"inLanguage\":\"it-IT\",\"potentialAction\":[{\"@type\":\"ReadAction\",\"target\":[\"https:\\\/\\\/www.robertzueblin.com\\\/it\\\/chi-siamo\\\/\"]}]},{\"@type\":\"ImageObject\",\"inLanguage\":\"it-IT\",\"@id\":\"https:\\\/\\\/www.robertzueblin.com\\\/it\\\/chi-siamo\\\/#primaryimage\",\"url\":\"https:\\\/\\\/www.robertzueblin.com\\\/wp-content\\\/uploads\\\/galleria-d-arte-robert-zueblin-225x300.jpg\",\"contentUrl\":\"https:\\\/\\\/www.robertzueblin.com\\\/wp-content\\\/uploads\\\/galleria-d-arte-robert-zueblin-225x300.jpg\"},{\"@type\":\"BreadcrumbList\",\"@id\":\"https:\\\/\\\/www.robertzueblin.com\\\/it\\\/chi-siamo\\\/#breadcrumb\",\"itemListElement\":[{\"@type\":\"ListItem\",\"position\":1,\"name\":\"Startseite\",\"item\":\"https:\\\/\\\/www.robertzueblin.com\\\/it\\\/\"},{\"@type\":\"ListItem\",\"position\":2,\"name\":\"Chi siamo\"}]},{\"@type\":\"WebSite\",\"@id\":\"https:\\\/\\\/www.robertzueblin.com\\\/it\\\/#website\",\"url\":\"https:\\\/\\\/www.robertzueblin.com\\\/it\\\/\",\"name\":\"ROBERT Z\u00dcBLIN\",\"description\":\"\",\"publisher\":{\"@id\":\"https:\\\/\\\/www.robertzueblin.com\\\/it\\\/#organization\"},\"potentialAction\":[{\"@type\":\"SearchAction\",\"target\":{\"@type\":\"EntryPoint\",\"urlTemplate\":\"https:\\\/\\\/www.robertzueblin.com\\\/it\\\/?s={search_term_string}\"},\"query-input\":{\"@type\":\"PropertyValueSpecification\",\"valueRequired\":true,\"valueName\":\"search_term_string\"}}],\"inLanguage\":\"it-IT\"},{\"@type\":\"Organization\",\"@id\":\"https:\\\/\\\/www.robertzueblin.com\\\/it\\\/#organization\",\"name\":\"ROBERT Z\u00dcBLIN\",\"url\":\"https:\\\/\\\/www.robertzueblin.com\\\/it\\\/\",\"logo\":{\"@type\":\"ImageObject\",\"inLanguage\":\"it-IT\",\"@id\":\"https:\\\/\\\/www.robertzueblin.com\\\/it\\\/#\\\/schema\\\/logo\\\/image\\\/\",\"url\":\"https:\\\/\\\/www.robertzueblin.com\\\/wp-content\\\/uploads\\\/cropped-cropped-logo-von-robert-zueblin.jpg\",\"contentUrl\":\"https:\\\/\\\/www.robertzueblin.com\\\/wp-content\\\/uploads\\\/cropped-cropped-logo-von-robert-zueblin.jpg\",\"width\":440,\"height\":60,\"caption\":\"ROBERT Z\u00dcBLIN\"},\"image\":{\"@id\":\"https:\\\/\\\/www.robertzueblin.com\\\/it\\\/#\\\/schema\\\/logo\\\/image\\\/\"}}]}<\/script>\n<!-- \/ Yoast SEO plugin. -->","yoast_head_json":{"title":"Chi siamo - galleria d'arte online ROBERT Z\u00dcBLIN","robots":{"index":"index","follow":"follow","max-snippet":"max-snippet:-1","max-image-preview":"max-image-preview:large","max-video-preview":"max-video-preview:-1"},"canonical":"https:\/\/www.robertzueblin.com\/it\/chi-siamo\/","og_locale":"it_IT","og_type":"article","og_title":"Chi siamo - galleria d'arte online ROBERT Z\u00dcBLIN","og_description":"Dietro il sito ROBERT Z\u00dcBLIN c&#8217;\u00e8, chi l&#8217;avrebbe mai detto: Robert Z\u00fcblin, che gestisce una galleria d&#8217;arte online su questo sito. Quindi sono io, Robert Z\u00fcblin, che metto in rete tante ceramiche da studio, quadri d&#8217;arte, fotografie d&#8217;arte e sculture; molti pezzi sono ancora disponibili per l&#8217;acquisto, altri sono gi\u00e0 stati acquistati e sono etichettati [&hellip;]","og_url":"https:\/\/www.robertzueblin.com\/it\/chi-siamo\/","og_site_name":"ROBERT Z\u00dcBLIN","article_modified_time":"2025-04-23T16:16:29+00:00","og_image":[{"width":480,"height":640,"url":"https:\/\/www.robertzueblin.com\/wp-content\/uploads\/galleria-d-arte-robert-zueblin.jpg","type":"image\/jpeg"}],"twitter_card":"summary_large_image","schema":{"@context":"https:\/\/schema.org","@graph":[{"@type":"WebPage","@id":"https:\/\/www.robertzueblin.com\/it\/chi-siamo\/","url":"https:\/\/www.robertzueblin.com\/it\/chi-siamo\/","name":"Chi siamo - galleria d'arte online ROBERT Z\u00dcBLIN","isPartOf":{"@id":"https:\/\/www.robertzueblin.com\/it\/#website"},"primaryImageOfPage":{"@id":"https:\/\/www.robertzueblin.com\/it\/chi-siamo\/#primaryimage"},"image":{"@id":"https:\/\/www.robertzueblin.com\/it\/chi-siamo\/#primaryimage"},"thumbnailUrl":"https:\/\/www.robertzueblin.com\/wp-content\/uploads\/galleria-d-arte-robert-zueblin-225x300.jpg","datePublished":"2022-09-11T20:21:41+00:00","dateModified":"2025-04-23T16:16:29+00:00","breadcrumb":{"@id":"https:\/\/www.robertzueblin.com\/it\/chi-siamo\/#breadcrumb"},"inLanguage":"it-IT","potentialAction":[{"@type":"ReadAction","target":["https:\/\/www.robertzueblin.com\/it\/chi-siamo\/"]}]},{"@type":"ImageObject","inLanguage":"it-IT","@id":"https:\/\/www.robertzueblin.com\/it\/chi-siamo\/#primaryimage","url":"https:\/\/www.robertzueblin.com\/wp-content\/uploads\/galleria-d-arte-robert-zueblin-225x300.jpg","contentUrl":"https:\/\/www.robertzueblin.com\/wp-content\/uploads\/galleria-d-arte-robert-zueblin-225x300.jpg"},{"@type":"BreadcrumbList","@id":"https:\/\/www.robertzueblin.com\/it\/chi-siamo\/#breadcrumb","itemListElement":[{"@type":"ListItem","position":1,"name":"Startseite","item":"https:\/\/www.robertzueblin.com\/it\/"},{"@type":"ListItem","position":2,"name":"Chi siamo"}]},{"@type":"WebSite","@id":"https:\/\/www.robertzueblin.com\/it\/#website","url":"https:\/\/www.robertzueblin.com\/it\/","name":"ROBERT Z\u00dcBLIN","description":"","publisher":{"@id":"https:\/\/www.robertzueblin.com\/it\/#organization"},"potentialAction":[{"@type":"SearchAction","target":{"@type":"EntryPoint","urlTemplate":"https:\/\/www.robertzueblin.com\/it\/?s={search_term_string}"},"query-input":{"@type":"PropertyValueSpecification","valueRequired":true,"valueName":"search_term_string"}}],"inLanguage":"it-IT"},{"@type":"Organization","@id":"https:\/\/www.robertzueblin.com\/it\/#organization","name":"ROBERT Z\u00dcBLIN","url":"https:\/\/www.robertzueblin.com\/it\/","logo":{"@type":"ImageObject","inLanguage":"it-IT","@id":"https:\/\/www.robertzueblin.com\/it\/#\/schema\/logo\/image\/","url":"https:\/\/www.robertzueblin.com\/wp-content\/uploads\/cropped-cropped-logo-von-robert-zueblin.jpg","contentUrl":"https:\/\/www.robertzueblin.com\/wp-content\/uploads\/cropped-cropped-logo-von-robert-zueblin.jpg","width":440,"height":60,"caption":"ROBERT Z\u00dcBLIN"},"image":{"@id":"https:\/\/www.robertzueblin.com\/it\/#\/schema\/logo\/image\/"}}]}},"_links":{"self":[{"href":"https:\/\/www.robertzueblin.com\/it\/wp-json\/wp\/v2\/pages\/28977","targetHints":{"allow":["GET"]}}],"collection":[{"href":"https:\/\/www.robertzueblin.com\/it\/wp-json\/wp\/v2\/pages"}],"about":[{"href":"https:\/\/www.robertzueblin.com\/it\/wp-json\/wp\/v2\/types\/page"}],"author":[{"embeddable":true,"href":"https:\/\/www.robertzueblin.com\/it\/wp-json\/wp\/v2\/users\/1"}],"replies":[{"embeddable":true,"href":"https:\/\/www.robertzueblin.com\/it\/wp-json\/wp\/v2\/comments?post=28977"}],"version-history":[{"count":13,"href":"https:\/\/www.robertzueblin.com\/it\/wp-json\/wp\/v2\/pages\/28977\/revisions"}],"predecessor-version":[{"id":44644,"href":"https:\/\/www.robertzueblin.com\/it\/wp-json\/wp\/v2\/pages\/28977\/revisions\/44644"}],"wp:attachment":[{"href":"https:\/\/www.robertzueblin.com\/it\/wp-json\/wp\/v2\/media?parent=28977"}],"curies":[{"name":"wp","href":"https:\/\/api.w.org\/{rel}","templated":true}]}}