{"id":51435,"date":"2026-05-16T16:50:46","date_gmt":"2026-05-16T14:50:46","guid":{"rendered":"https:\/\/www.robertzueblin.com\/?post_type=product&#038;p=51435"},"modified":"2026-05-16T16:56:10","modified_gmt":"2026-05-16T14:56:10","slug":"mila-vazquez-otero-1978-beurrier-representant-une-femme-allongee-dapres-une-sculpture-deduard-klablena-ceramique-datelier","status":"publish","type":"product","link":"https:\/\/www.robertzueblin.com\/fr\/mila-vazquez-otero\/beurrier-avec-femme-allongee-dapres-une-sculpture-deduard-klablena-ceramique-datelier\/","title":{"rendered":"Mila V\u00c1ZQUEZ OTERO (* 1978) \u2013 Beurrier repr\u00e9sentant une femme allong\u00e9e, d&rsquo;apr\u00e8s une sculpture d&rsquo;Eduard Klablena \u2013 C\u00e9ramique d&rsquo;atelier"},"content":{"rendered":"<p><span style=\"font-family: AkkoPro-BoldCondensed!important\">Type :<\/span> <a href=\"https:\/\/www.robertzueblin.com\/fr\/poterie-d-atelier-ceramique-de-studio\">poterie d&rsquo;atelier<\/a><\/p>\n<p><span style=\"font-family: AkkoPro-BoldCondensed!important\">\u00c9bauche :<\/span> <a href=\"https:\/\/www.robertzueblin.com\/fr\/mila-vazquez-otero\/\">Mila V\u00e1zquez Otero<\/a> (* 1978)<\/p>\n<p><span style=\"font-family: AkkoPro-BoldCondensed!important\">R\u00e9alisation :<\/span> Mila V\u00e1zquez Otero (* 1978)<\/p>\n<p><span style=\"font-family: AkkoPro-BoldCondensed!important\">Objet :<\/span> Beurrier<\/p>\n<p><span style=\"font-family: AkkoPro-BoldCondensed!important\">Dimensions :<\/span> assiette : hauteur : 2 cm, largeur : 18,6 cm, profondeur : 11 cm; partie sup\u00e9rieure : hauteur : 12,5 cm, largeur : 15 cm, profondeur : 8,5 cm<\/p>\n<p><span style=\"font-family: AkkoPro-BoldCondensed!important\">Tesson :<\/span> clair<\/p>\n<p><span style=\"font-family: AkkoPro-BoldCondensed!important\">Surface :<\/span> multicolore<\/p>\n<p><span style=\"font-family: AkkoPro-BoldCondensed!important\">Ann\u00e9e de fabrication :<\/span> 2026<\/p>\n<p><span style=\"font-family: AkkoPro-BoldCondensed!important\">\u00c9tat :<\/span> nouveau produit<\/p>\n<p><span style=\"font-family: AkkoPro-BoldCondensed!important\">Signature\/marque :<\/span> O sur M<\/p>\n<p><span style=\"font-family: AkkoPro-BoldCondensed!important\">D\u00e9tail :<\/span><br \/>\nCe beurrier en c\u00e9ramique est fabriqu\u00e9 \u00e0 la main par l&rsquo;artiste Mila V\u00e1zquez Otero et s&rsquo;inspire d&rsquo;une <a href=\"https:\/\/imkinsky.com\/en\/auction-results\/101\/263\/3\/57034\">sculpture du c\u00e9ramiste Eduard Klablena<\/a>, repr\u00e9sentant de la Wiener Werkst\u00e4tte. L&rsquo;artiste Mila V\u00e1zquez Otero travaille sans moules et mod\u00e8le chaque pi\u00e8ce de c\u00e9ramique \u00e0 la main, une par une, de sorte que chaque \u0153uvre est une pi\u00e8ce unique.<\/p>\n","protected":false},"excerpt":{"rendered":"<p>Type : poterie d&rsquo;atelier \u00c9bauche : Mila V\u00e1zquez Otero (* 1978) R\u00e9alisation : Mila V\u00e1zquez Otero (* 1978) Objet : Beurrier Dimensions : assiette : hauteur : 2 cm, largeur : 18,6 cm, profondeur : 11 cm; partie sup\u00e9rieure : hauteur : 12,5 cm, largeur : 15 cm, profondeur : 8,5 cm Tesson : clair [&hellip;]<\/p>\n","protected":false},"featured_media":51444,"template":"","meta":[],"product_brand":[],"product_cat":[786,366],"product_tag":[],"class_list":{"0":"post-51435","1":"product","2":"type-product","3":"status-publish","4":"has-post-thumbnail","6":"product_cat-beurrier-ceramique","7":"product_cat-mila-vazquez-otero","9":"first","10":"instock","11":"sold-individually","12":"shipping-taxable","13":"purchasable","14":"product-type-simple"},"yoast_head":"<!-- This site is optimized with the Yoast SEO plugin v27.6 - https:\/\/yoast.com\/product\/yoast-seo-wordpress\/ -->\n<title>V\u00c1ZQUEZ OTERO \u2013 Femme, d&#039;apr\u00e8s sculpture d&#039;Eduard Klablena<\/title>\n<meta name=\"description\" content=\"Beurri\u00e8re en c\u00e9ramique faite \u00e0 la main repr\u00e9sentant une femme allong\u00e9e, inspir\u00e9e d&#039;une sculpture d&#039;Eduard Klablena, repr\u00e9sentant de la Wiener Werkst\u00e4tte.\" \/>\n<meta name=\"robots\" content=\"index, follow, max-snippet:-1, max-image-preview:large, max-video-preview:-1\" \/>\n<link rel=\"canonical\" href=\"https:\/\/www.robertzueblin.com\/fr\/mila-vazquez-otero\/beurrier-avec-femme-allongee-dapres-une-sculpture-deduard-klablena-ceramique-datelier\/\" \/>\n<meta property=\"og:locale\" content=\"fr_FR\" \/>\n<meta property=\"og:type\" content=\"article\" \/>\n<meta property=\"og:title\" content=\"V\u00c1ZQUEZ OTERO \u2013 Femme, d&#039;apr\u00e8s sculpture d&#039;Eduard Klablena\" \/>\n<meta property=\"og:description\" content=\"Beurri\u00e8re en c\u00e9ramique faite \u00e0 la main repr\u00e9sentant une femme allong\u00e9e, inspir\u00e9e d&#039;une sculpture d&#039;Eduard Klablena, repr\u00e9sentant de la Wiener Werkst\u00e4tte.\" \/>\n<meta property=\"og:url\" content=\"https:\/\/www.robertzueblin.com\/fr\/mila-vazquez-otero\/beurrier-avec-femme-allongee-dapres-une-sculpture-deduard-klablena-ceramique-datelier\/\" \/>\n<meta property=\"og:site_name\" content=\"ROBERT Z\u00dcBLIN\" \/>\n<meta property=\"article:modified_time\" content=\"2026-05-16T14:56:10+00:00\" \/>\n<meta property=\"og:image\" content=\"https:\/\/www.robertzueblin.com\/wp-content\/uploads\/mila-vazquez-otero-ceramique-atelier-beurrier-femme-allongee-apre-sculpture-eduard-klablena-photo-couverture.jpg\" \/>\n\t<meta property=\"og:image:width\" content=\"1000\" \/>\n\t<meta property=\"og:image:height\" content=\"1000\" \/>\n\t<meta property=\"og:image:type\" content=\"image\/jpeg\" \/>\n<meta name=\"twitter:card\" content=\"summary_large_image\" \/>\n<script type=\"application\/ld+json\" class=\"yoast-schema-graph\">{\"@context\":\"https:\\\/\\\/schema.org\",\"@graph\":[{\"@type\":\"WebPage\",\"@id\":\"https:\\\/\\\/www.robertzueblin.com\\\/fr\\\/mila-vazquez-otero\\\/beurrier-avec-femme-allongee-dapres-une-sculpture-deduard-klablena-ceramique-datelier\\\/\",\"url\":\"https:\\\/\\\/www.robertzueblin.com\\\/fr\\\/mila-vazquez-otero\\\/beurrier-avec-femme-allongee-dapres-une-sculpture-deduard-klablena-ceramique-datelier\\\/\",\"name\":\"V\u00c1ZQUEZ OTERO \u2013 Femme, d'apr\u00e8s sculpture d'Eduard Klablena\",\"isPartOf\":{\"@id\":\"https:\\\/\\\/www.robertzueblin.com\\\/fr\\\/#website\"},\"primaryImageOfPage\":{\"@id\":\"https:\\\/\\\/www.robertzueblin.com\\\/fr\\\/mila-vazquez-otero\\\/beurrier-avec-femme-allongee-dapres-une-sculpture-deduard-klablena-ceramique-datelier\\\/#primaryimage\"},\"image\":{\"@id\":\"https:\\\/\\\/www.robertzueblin.com\\\/fr\\\/mila-vazquez-otero\\\/beurrier-avec-femme-allongee-dapres-une-sculpture-deduard-klablena-ceramique-datelier\\\/#primaryimage\"},\"thumbnailUrl\":\"https:\\\/\\\/www.robertzueblin.com\\\/wp-content\\\/uploads\\\/mila-vazquez-otero-ceramique-atelier-beurrier-femme-allongee-apre-sculpture-eduard-klablena-photo-couverture.jpg\",\"datePublished\":\"2026-05-16T14:50:46+00:00\",\"dateModified\":\"2026-05-16T14:56:10+00:00\",\"description\":\"Beurri\u00e8re en c\u00e9ramique faite \u00e0 la main repr\u00e9sentant une femme allong\u00e9e, inspir\u00e9e d'une sculpture d'Eduard Klablena, repr\u00e9sentant de la Wiener Werkst\u00e4tte.\",\"breadcrumb\":{\"@id\":\"https:\\\/\\\/www.robertzueblin.com\\\/fr\\\/mila-vazquez-otero\\\/beurrier-avec-femme-allongee-dapres-une-sculpture-deduard-klablena-ceramique-datelier\\\/#breadcrumb\"},\"inLanguage\":\"fr-FR\",\"potentialAction\":[{\"@type\":\"ReadAction\",\"target\":[\"https:\\\/\\\/www.robertzueblin.com\\\/fr\\\/mila-vazquez-otero\\\/beurrier-avec-femme-allongee-dapres-une-sculpture-deduard-klablena-ceramique-datelier\\\/\"]}]},{\"@type\":\"ImageObject\",\"inLanguage\":\"fr-FR\",\"@id\":\"https:\\\/\\\/www.robertzueblin.com\\\/fr\\\/mila-vazquez-otero\\\/beurrier-avec-femme-allongee-dapres-une-sculpture-deduard-klablena-ceramique-datelier\\\/#primaryimage\",\"url\":\"https:\\\/\\\/www.robertzueblin.com\\\/wp-content\\\/uploads\\\/mila-vazquez-otero-ceramique-atelier-beurrier-femme-allongee-apre-sculpture-eduard-klablena-photo-couverture.jpg\",\"contentUrl\":\"https:\\\/\\\/www.robertzueblin.com\\\/wp-content\\\/uploads\\\/mila-vazquez-otero-ceramique-atelier-beurrier-femme-allongee-apre-sculpture-eduard-klablena-photo-couverture.jpg\",\"width\":1000,\"height\":1000},{\"@type\":\"BreadcrumbList\",\"@id\":\"https:\\\/\\\/www.robertzueblin.com\\\/fr\\\/mila-vazquez-otero\\\/beurrier-avec-femme-allongee-dapres-une-sculpture-deduard-klablena-ceramique-datelier\\\/#breadcrumb\",\"itemListElement\":[{\"@type\":\"ListItem\",\"position\":1,\"name\":\"Startseite\",\"item\":\"https:\\\/\\\/www.robertzueblin.com\\\/fr\\\/\"},{\"@type\":\"ListItem\",\"position\":2,\"name\":\"Galerie d&#8217;art en ligne (boutique en ligne)\",\"item\":\"https:\\\/\\\/www.robertzueblin.com\\\/fr\\\/galerie-d-art-en-ligne\\\/\"},{\"@type\":\"ListItem\",\"position\":3,\"name\":\"Mila V\u00c1ZQUEZ OTERO (* 1978) \u2013 Beurrier repr\u00e9sentant une femme allong\u00e9e, d&#8217;apr\u00e8s une sculpture d&#8217;Eduard Klablena \u2013 C\u00e9ramique d&#8217;atelier\"}]},{\"@type\":\"WebSite\",\"@id\":\"https:\\\/\\\/www.robertzueblin.com\\\/fr\\\/#website\",\"url\":\"https:\\\/\\\/www.robertzueblin.com\\\/fr\\\/\",\"name\":\"ROBERT Z\u00dcBLIN\",\"description\":\"\",\"publisher\":{\"@id\":\"https:\\\/\\\/www.robertzueblin.com\\\/fr\\\/#organization\"},\"potentialAction\":[{\"@type\":\"SearchAction\",\"target\":{\"@type\":\"EntryPoint\",\"urlTemplate\":\"https:\\\/\\\/www.robertzueblin.com\\\/fr\\\/?s={search_term_string}\"},\"query-input\":{\"@type\":\"PropertyValueSpecification\",\"valueRequired\":true,\"valueName\":\"search_term_string\"}}],\"inLanguage\":\"fr-FR\"},{\"@type\":\"Organization\",\"@id\":\"https:\\\/\\\/www.robertzueblin.com\\\/fr\\\/#organization\",\"name\":\"ROBERT Z\u00dcBLIN\",\"url\":\"https:\\\/\\\/www.robertzueblin.com\\\/fr\\\/\",\"logo\":{\"@type\":\"ImageObject\",\"inLanguage\":\"fr-FR\",\"@id\":\"https:\\\/\\\/www.robertzueblin.com\\\/fr\\\/#\\\/schema\\\/logo\\\/image\\\/\",\"url\":\"https:\\\/\\\/www.robertzueblin.com\\\/wp-content\\\/uploads\\\/cropped-cropped-logo-von-robert-zueblin.jpg\",\"contentUrl\":\"https:\\\/\\\/www.robertzueblin.com\\\/wp-content\\\/uploads\\\/cropped-cropped-logo-von-robert-zueblin.jpg\",\"width\":440,\"height\":60,\"caption\":\"ROBERT Z\u00dcBLIN\"},\"image\":{\"@id\":\"https:\\\/\\\/www.robertzueblin.com\\\/fr\\\/#\\\/schema\\\/logo\\\/image\\\/\"}}]}<\/script>\n<!-- \/ Yoast SEO plugin. -->","yoast_head_json":{"title":"V\u00c1ZQUEZ OTERO \u2013 Femme, d'apr\u00e8s sculpture d'Eduard Klablena","description":"Beurri\u00e8re en c\u00e9ramique faite \u00e0 la main repr\u00e9sentant une femme allong\u00e9e, inspir\u00e9e d'une sculpture d'Eduard Klablena, repr\u00e9sentant de la Wiener Werkst\u00e4tte.","robots":{"index":"index","follow":"follow","max-snippet":"max-snippet:-1","max-image-preview":"max-image-preview:large","max-video-preview":"max-video-preview:-1"},"canonical":"https:\/\/www.robertzueblin.com\/fr\/mila-vazquez-otero\/beurrier-avec-femme-allongee-dapres-une-sculpture-deduard-klablena-ceramique-datelier\/","og_locale":"fr_FR","og_type":"article","og_title":"V\u00c1ZQUEZ OTERO \u2013 Femme, d'apr\u00e8s sculpture d'Eduard Klablena","og_description":"Beurri\u00e8re en c\u00e9ramique faite \u00e0 la main repr\u00e9sentant une femme allong\u00e9e, inspir\u00e9e d'une sculpture d'Eduard Klablena, repr\u00e9sentant de la Wiener Werkst\u00e4tte.","og_url":"https:\/\/www.robertzueblin.com\/fr\/mila-vazquez-otero\/beurrier-avec-femme-allongee-dapres-une-sculpture-deduard-klablena-ceramique-datelier\/","og_site_name":"ROBERT Z\u00dcBLIN","article_modified_time":"2026-05-16T14:56:10+00:00","og_image":[{"width":1000,"height":1000,"url":"https:\/\/www.robertzueblin.com\/wp-content\/uploads\/mila-vazquez-otero-ceramique-atelier-beurrier-femme-allongee-apre-sculpture-eduard-klablena-photo-couverture.jpg","type":"image\/jpeg"}],"twitter_card":"summary_large_image","schema":{"@context":"https:\/\/schema.org","@graph":[{"@type":"WebPage","@id":"https:\/\/www.robertzueblin.com\/fr\/mila-vazquez-otero\/beurrier-avec-femme-allongee-dapres-une-sculpture-deduard-klablena-ceramique-datelier\/","url":"https:\/\/www.robertzueblin.com\/fr\/mila-vazquez-otero\/beurrier-avec-femme-allongee-dapres-une-sculpture-deduard-klablena-ceramique-datelier\/","name":"V\u00c1ZQUEZ OTERO \u2013 Femme, d'apr\u00e8s sculpture d'Eduard Klablena","isPartOf":{"@id":"https:\/\/www.robertzueblin.com\/fr\/#website"},"primaryImageOfPage":{"@id":"https:\/\/www.robertzueblin.com\/fr\/mila-vazquez-otero\/beurrier-avec-femme-allongee-dapres-une-sculpture-deduard-klablena-ceramique-datelier\/#primaryimage"},"image":{"@id":"https:\/\/www.robertzueblin.com\/fr\/mila-vazquez-otero\/beurrier-avec-femme-allongee-dapres-une-sculpture-deduard-klablena-ceramique-datelier\/#primaryimage"},"thumbnailUrl":"https:\/\/www.robertzueblin.com\/wp-content\/uploads\/mila-vazquez-otero-ceramique-atelier-beurrier-femme-allongee-apre-sculpture-eduard-klablena-photo-couverture.jpg","datePublished":"2026-05-16T14:50:46+00:00","dateModified":"2026-05-16T14:56:10+00:00","description":"Beurri\u00e8re en c\u00e9ramique faite \u00e0 la main repr\u00e9sentant une femme allong\u00e9e, inspir\u00e9e d'une sculpture d'Eduard Klablena, repr\u00e9sentant de la Wiener Werkst\u00e4tte.","breadcrumb":{"@id":"https:\/\/www.robertzueblin.com\/fr\/mila-vazquez-otero\/beurrier-avec-femme-allongee-dapres-une-sculpture-deduard-klablena-ceramique-datelier\/#breadcrumb"},"inLanguage":"fr-FR","potentialAction":[{"@type":"ReadAction","target":["https:\/\/www.robertzueblin.com\/fr\/mila-vazquez-otero\/beurrier-avec-femme-allongee-dapres-une-sculpture-deduard-klablena-ceramique-datelier\/"]}]},{"@type":"ImageObject","inLanguage":"fr-FR","@id":"https:\/\/www.robertzueblin.com\/fr\/mila-vazquez-otero\/beurrier-avec-femme-allongee-dapres-une-sculpture-deduard-klablena-ceramique-datelier\/#primaryimage","url":"https:\/\/www.robertzueblin.com\/wp-content\/uploads\/mila-vazquez-otero-ceramique-atelier-beurrier-femme-allongee-apre-sculpture-eduard-klablena-photo-couverture.jpg","contentUrl":"https:\/\/www.robertzueblin.com\/wp-content\/uploads\/mila-vazquez-otero-ceramique-atelier-beurrier-femme-allongee-apre-sculpture-eduard-klablena-photo-couverture.jpg","width":1000,"height":1000},{"@type":"BreadcrumbList","@id":"https:\/\/www.robertzueblin.com\/fr\/mila-vazquez-otero\/beurrier-avec-femme-allongee-dapres-une-sculpture-deduard-klablena-ceramique-datelier\/#breadcrumb","itemListElement":[{"@type":"ListItem","position":1,"name":"Startseite","item":"https:\/\/www.robertzueblin.com\/fr\/"},{"@type":"ListItem","position":2,"name":"Galerie d&#8217;art en ligne (boutique en ligne)","item":"https:\/\/www.robertzueblin.com\/fr\/galerie-d-art-en-ligne\/"},{"@type":"ListItem","position":3,"name":"Mila V\u00c1ZQUEZ OTERO (* 1978) \u2013 Beurrier repr\u00e9sentant une femme allong\u00e9e, d&#8217;apr\u00e8s une sculpture d&#8217;Eduard Klablena \u2013 C\u00e9ramique d&#8217;atelier"}]},{"@type":"WebSite","@id":"https:\/\/www.robertzueblin.com\/fr\/#website","url":"https:\/\/www.robertzueblin.com\/fr\/","name":"ROBERT Z\u00dcBLIN","description":"","publisher":{"@id":"https:\/\/www.robertzueblin.com\/fr\/#organization"},"potentialAction":[{"@type":"SearchAction","target":{"@type":"EntryPoint","urlTemplate":"https:\/\/www.robertzueblin.com\/fr\/?s={search_term_string}"},"query-input":{"@type":"PropertyValueSpecification","valueRequired":true,"valueName":"search_term_string"}}],"inLanguage":"fr-FR"},{"@type":"Organization","@id":"https:\/\/www.robertzueblin.com\/fr\/#organization","name":"ROBERT Z\u00dcBLIN","url":"https:\/\/www.robertzueblin.com\/fr\/","logo":{"@type":"ImageObject","inLanguage":"fr-FR","@id":"https:\/\/www.robertzueblin.com\/fr\/#\/schema\/logo\/image\/","url":"https:\/\/www.robertzueblin.com\/wp-content\/uploads\/cropped-cropped-logo-von-robert-zueblin.jpg","contentUrl":"https:\/\/www.robertzueblin.com\/wp-content\/uploads\/cropped-cropped-logo-von-robert-zueblin.jpg","width":440,"height":60,"caption":"ROBERT Z\u00dcBLIN"},"image":{"@id":"https:\/\/www.robertzueblin.com\/fr\/#\/schema\/logo\/image\/"}}]}},"_links":{"self":[{"href":"https:\/\/www.robertzueblin.com\/fr\/wp-json\/wp\/v2\/product\/51435","targetHints":{"allow":["GET"]}}],"collection":[{"href":"https:\/\/www.robertzueblin.com\/fr\/wp-json\/wp\/v2\/product"}],"about":[{"href":"https:\/\/www.robertzueblin.com\/fr\/wp-json\/wp\/v2\/types\/product"}],"wp:featuredmedia":[{"embeddable":true,"href":"https:\/\/www.robertzueblin.com\/fr\/wp-json\/wp\/v2\/media\/51444"}],"wp:attachment":[{"href":"https:\/\/www.robertzueblin.com\/fr\/wp-json\/wp\/v2\/media?parent=51435"}],"wp:term":[{"taxonomy":"product_brand","embeddable":true,"href":"https:\/\/www.robertzueblin.com\/fr\/wp-json\/wp\/v2\/product_brand?post=51435"},{"taxonomy":"product_cat","embeddable":true,"href":"https:\/\/www.robertzueblin.com\/fr\/wp-json\/wp\/v2\/product_cat?post=51435"},{"taxonomy":"product_tag","embeddable":true,"href":"https:\/\/www.robertzueblin.com\/fr\/wp-json\/wp\/v2\/product_tag?post=51435"}],"curies":[{"name":"wp","href":"https:\/\/api.w.org\/{rel}","templated":true}]}}