{"id":50934,"date":"2026-05-01T14:44:17","date_gmt":"2026-05-01T12:44:17","guid":{"rendered":"https:\/\/www.robertzueblin.com\/?post_type=product&#038;p=50934"},"modified":"2026-05-01T14:51:11","modified_gmt":"2026-05-01T12:51:11","slug":"eduard-buehler-1853-%e2%80%a0-1909-jungfrau-peinture-a-lhuile","status":"publish","type":"product","link":"https:\/\/www.robertzueblin.com\/fr\/eduard-buehler\/jungfrau-peinture-a-lhuile\/","title":{"rendered":"Eduard B\u00dcHLER (* 1853, \u2020 1909) \u2013 Jungfrau \u2013 Peinture \u00e0 l&rsquo;huile"},"content":{"rendered":"<p><span style=\"font-family: AkkoPro-BoldCondensed!important\">Type :<\/span> <a href=\"\/?post_format=peinture\">peinture<\/a><\/p>\n<p><span style=\"font-family: AkkoPro-BoldCondensed!important\">Peintre :<\/span> <a href=\"https:\/\/www.robertzueblin.com\/fr\/eduard-buehler\/\">Eduard B\u00dcHLER<\/a> (* 1853, \u2020 1909)<\/p>\n<p><span style=\"font-family: AkkoPro-BoldCondensed!important\">Objet :<\/span> <a href=\"https:\/\/www.robertzueblin.com\/fr\/peintures-a-l-huile\/\">peinture \u00e0 l&rsquo;huile<\/a><\/p>\n<p><span style=\"font-family: AkkoPro-BoldCondensed!important\">Mat\u00e9riau :<\/span> huile sur carton<\/p>\n<p><span style=\"font-family: AkkoPro-BoldCondensed!important\">Dimensions :<\/span> hauteur : 13,5 cm, largeur : 18,5 cm ; avec cadre : hauteur : 18 cm, largeur : 23,5 cm<\/p>\n<p><span style=\"font-family: AkkoPro-BoldCondensed!important\">Ann\u00e9e de fabrication :<\/span> 2e moiti\u00e9 du XIXe si\u00e8cle<\/p>\n<p><span style=\"font-family: AkkoPro-BoldCondensed!important\">\u00c9tat :<\/span> tableau : bon ; cadre : traces d&rsquo;usure<\/p>\n<p><span style=\"font-family: AkkoPro-BoldCondensed!important\">Signature :<\/span> E B\u00fchler<\/p>\n","protected":false},"excerpt":{"rendered":"<p>Type : peinture Peintre : Eduard B\u00dcHLER (* 1853, \u2020 1909) Objet : peinture \u00e0 l&rsquo;huile Mat\u00e9riau : huile sur carton Dimensions : hauteur : 13,5 cm, largeur : 18,5 cm ; avec cadre : hauteur : 18 cm, largeur : 23,5 cm Ann\u00e9e de fabrication : 2e moiti\u00e9 du XIXe si\u00e8cle \u00c9tat : tableau [&hellip;]<\/p>\n","protected":false},"featured_media":50938,"template":"","meta":[],"product_brand":[],"product_cat":[776,976,496],"product_tag":[],"class_list":{"0":"post-50934","1":"product","2":"type-product","3":"status-publish","4":"has-post-thumbnail","6":"product_cat-peinture","7":"product_cat-eduard-buehler","8":"product_cat-peintures-a-l-huile","10":"first","11":"instock","12":"sold-individually","13":"shipping-taxable","14":"purchasable","15":"product-type-simple"},"yoast_head":"<!-- This site is optimized with the Yoast SEO plugin v27.5 - https:\/\/yoast.com\/product\/yoast-seo-wordpress\/ -->\n<title>Eduard B\u00dcHLER (* 1853, \u2020 1909) \u2013 Jungfrau \u2013 Peinture \u00e0 l&#039;huile<\/title>\n<meta name=\"description\" content=\"Tr\u00e8s jolie petite peinture \u00e0 l&#039;huile d&#039;Eduard B\u00fchler (1853-1909) repr\u00e9sentant la Jungfrau et le Silberhorn, deux sommets suisses.\" \/>\n<meta name=\"robots\" content=\"index, follow, max-snippet:-1, max-image-preview:large, max-video-preview:-1\" \/>\n<link rel=\"canonical\" href=\"https:\/\/www.robertzueblin.com\/fr\/eduard-buehler\/jungfrau-peinture-a-lhuile\/\" \/>\n<meta property=\"og:locale\" content=\"fr_FR\" \/>\n<meta property=\"og:type\" content=\"article\" \/>\n<meta property=\"og:title\" content=\"Eduard B\u00dcHLER (* 1853, \u2020 1909) \u2013 Jungfrau \u2013 Peinture \u00e0 l&#039;huile\" \/>\n<meta property=\"og:description\" content=\"Tr\u00e8s jolie petite peinture \u00e0 l&#039;huile d&#039;Eduard B\u00fchler (1853-1909) repr\u00e9sentant la Jungfrau et le Silberhorn, deux sommets suisses.\" \/>\n<meta property=\"og:url\" content=\"https:\/\/www.robertzueblin.com\/fr\/eduard-buehler\/jungfrau-peinture-a-lhuile\/\" \/>\n<meta property=\"og:site_name\" content=\"ROBERT Z\u00dcBLIN\" \/>\n<meta property=\"article:modified_time\" content=\"2026-05-01T12:51:11+00:00\" \/>\n<meta property=\"og:image\" content=\"https:\/\/www.robertzueblin.com\/wp-content\/uploads\/eduard-buehler-peinture-huile-jungfrau-photo-couverture.jpg\" \/>\n\t<meta property=\"og:image:width\" content=\"1000\" \/>\n\t<meta property=\"og:image:height\" content=\"661\" \/>\n\t<meta property=\"og:image:type\" content=\"image\/jpeg\" \/>\n<meta name=\"twitter:card\" content=\"summary_large_image\" \/>\n<script type=\"application\/ld+json\" class=\"yoast-schema-graph\">{\"@context\":\"https:\\\/\\\/schema.org\",\"@graph\":[{\"@type\":\"WebPage\",\"@id\":\"https:\\\/\\\/www.robertzueblin.com\\\/fr\\\/eduard-buehler\\\/jungfrau-peinture-a-lhuile\\\/\",\"url\":\"https:\\\/\\\/www.robertzueblin.com\\\/fr\\\/eduard-buehler\\\/jungfrau-peinture-a-lhuile\\\/\",\"name\":\"Eduard B\u00dcHLER (* 1853, \u2020 1909) \u2013 Jungfrau \u2013 Peinture \u00e0 l'huile\",\"isPartOf\":{\"@id\":\"https:\\\/\\\/www.robertzueblin.com\\\/fr\\\/#website\"},\"primaryImageOfPage\":{\"@id\":\"https:\\\/\\\/www.robertzueblin.com\\\/fr\\\/eduard-buehler\\\/jungfrau-peinture-a-lhuile\\\/#primaryimage\"},\"image\":{\"@id\":\"https:\\\/\\\/www.robertzueblin.com\\\/fr\\\/eduard-buehler\\\/jungfrau-peinture-a-lhuile\\\/#primaryimage\"},\"thumbnailUrl\":\"https:\\\/\\\/www.robertzueblin.com\\\/wp-content\\\/uploads\\\/eduard-buehler-peinture-huile-jungfrau-photo-couverture.jpg\",\"datePublished\":\"2026-05-01T12:44:17+00:00\",\"dateModified\":\"2026-05-01T12:51:11+00:00\",\"description\":\"Tr\u00e8s jolie petite peinture \u00e0 l'huile d'Eduard B\u00fchler (1853-1909) repr\u00e9sentant la Jungfrau et le Silberhorn, deux sommets suisses.\",\"breadcrumb\":{\"@id\":\"https:\\\/\\\/www.robertzueblin.com\\\/fr\\\/eduard-buehler\\\/jungfrau-peinture-a-lhuile\\\/#breadcrumb\"},\"inLanguage\":\"fr-FR\",\"potentialAction\":[{\"@type\":\"ReadAction\",\"target\":[\"https:\\\/\\\/www.robertzueblin.com\\\/fr\\\/eduard-buehler\\\/jungfrau-peinture-a-lhuile\\\/\"]}]},{\"@type\":\"ImageObject\",\"inLanguage\":\"fr-FR\",\"@id\":\"https:\\\/\\\/www.robertzueblin.com\\\/fr\\\/eduard-buehler\\\/jungfrau-peinture-a-lhuile\\\/#primaryimage\",\"url\":\"https:\\\/\\\/www.robertzueblin.com\\\/wp-content\\\/uploads\\\/eduard-buehler-peinture-huile-jungfrau-photo-couverture.jpg\",\"contentUrl\":\"https:\\\/\\\/www.robertzueblin.com\\\/wp-content\\\/uploads\\\/eduard-buehler-peinture-huile-jungfrau-photo-couverture.jpg\",\"width\":1000,\"height\":661},{\"@type\":\"BreadcrumbList\",\"@id\":\"https:\\\/\\\/www.robertzueblin.com\\\/fr\\\/eduard-buehler\\\/jungfrau-peinture-a-lhuile\\\/#breadcrumb\",\"itemListElement\":[{\"@type\":\"ListItem\",\"position\":1,\"name\":\"Startseite\",\"item\":\"https:\\\/\\\/www.robertzueblin.com\\\/fr\\\/\"},{\"@type\":\"ListItem\",\"position\":2,\"name\":\"Galerie d&#8217;art en ligne (boutique en ligne)\",\"item\":\"https:\\\/\\\/www.robertzueblin.com\\\/fr\\\/galerie-d-art-en-ligne\\\/\"},{\"@type\":\"ListItem\",\"position\":3,\"name\":\"Eduard B\u00dcHLER (* 1853, \u2020 1909) \u2013 Jungfrau \u2013 Peinture \u00e0 l&#8217;huile\"}]},{\"@type\":\"WebSite\",\"@id\":\"https:\\\/\\\/www.robertzueblin.com\\\/fr\\\/#website\",\"url\":\"https:\\\/\\\/www.robertzueblin.com\\\/fr\\\/\",\"name\":\"ROBERT Z\u00dcBLIN\",\"description\":\"\",\"publisher\":{\"@id\":\"https:\\\/\\\/www.robertzueblin.com\\\/fr\\\/#organization\"},\"potentialAction\":[{\"@type\":\"SearchAction\",\"target\":{\"@type\":\"EntryPoint\",\"urlTemplate\":\"https:\\\/\\\/www.robertzueblin.com\\\/fr\\\/?s={search_term_string}\"},\"query-input\":{\"@type\":\"PropertyValueSpecification\",\"valueRequired\":true,\"valueName\":\"search_term_string\"}}],\"inLanguage\":\"fr-FR\"},{\"@type\":\"Organization\",\"@id\":\"https:\\\/\\\/www.robertzueblin.com\\\/fr\\\/#organization\",\"name\":\"ROBERT Z\u00dcBLIN\",\"url\":\"https:\\\/\\\/www.robertzueblin.com\\\/fr\\\/\",\"logo\":{\"@type\":\"ImageObject\",\"inLanguage\":\"fr-FR\",\"@id\":\"https:\\\/\\\/www.robertzueblin.com\\\/fr\\\/#\\\/schema\\\/logo\\\/image\\\/\",\"url\":\"https:\\\/\\\/www.robertzueblin.com\\\/wp-content\\\/uploads\\\/cropped-cropped-logo-von-robert-zueblin.jpg\",\"contentUrl\":\"https:\\\/\\\/www.robertzueblin.com\\\/wp-content\\\/uploads\\\/cropped-cropped-logo-von-robert-zueblin.jpg\",\"width\":440,\"height\":60,\"caption\":\"ROBERT Z\u00dcBLIN\"},\"image\":{\"@id\":\"https:\\\/\\\/www.robertzueblin.com\\\/fr\\\/#\\\/schema\\\/logo\\\/image\\\/\"}}]}<\/script>\n<!-- \/ Yoast SEO plugin. -->","yoast_head_json":{"title":"Eduard B\u00dcHLER (* 1853, \u2020 1909) \u2013 Jungfrau \u2013 Peinture \u00e0 l'huile","description":"Tr\u00e8s jolie petite peinture \u00e0 l'huile d'Eduard B\u00fchler (1853-1909) repr\u00e9sentant la Jungfrau et le Silberhorn, deux sommets suisses.","robots":{"index":"index","follow":"follow","max-snippet":"max-snippet:-1","max-image-preview":"max-image-preview:large","max-video-preview":"max-video-preview:-1"},"canonical":"https:\/\/www.robertzueblin.com\/fr\/eduard-buehler\/jungfrau-peinture-a-lhuile\/","og_locale":"fr_FR","og_type":"article","og_title":"Eduard B\u00dcHLER (* 1853, \u2020 1909) \u2013 Jungfrau \u2013 Peinture \u00e0 l'huile","og_description":"Tr\u00e8s jolie petite peinture \u00e0 l'huile d'Eduard B\u00fchler (1853-1909) repr\u00e9sentant la Jungfrau et le Silberhorn, deux sommets suisses.","og_url":"https:\/\/www.robertzueblin.com\/fr\/eduard-buehler\/jungfrau-peinture-a-lhuile\/","og_site_name":"ROBERT Z\u00dcBLIN","article_modified_time":"2026-05-01T12:51:11+00:00","og_image":[{"width":1000,"height":661,"url":"https:\/\/www.robertzueblin.com\/wp-content\/uploads\/eduard-buehler-peinture-huile-jungfrau-photo-couverture.jpg","type":"image\/jpeg"}],"twitter_card":"summary_large_image","schema":{"@context":"https:\/\/schema.org","@graph":[{"@type":"WebPage","@id":"https:\/\/www.robertzueblin.com\/fr\/eduard-buehler\/jungfrau-peinture-a-lhuile\/","url":"https:\/\/www.robertzueblin.com\/fr\/eduard-buehler\/jungfrau-peinture-a-lhuile\/","name":"Eduard B\u00dcHLER (* 1853, \u2020 1909) \u2013 Jungfrau \u2013 Peinture \u00e0 l'huile","isPartOf":{"@id":"https:\/\/www.robertzueblin.com\/fr\/#website"},"primaryImageOfPage":{"@id":"https:\/\/www.robertzueblin.com\/fr\/eduard-buehler\/jungfrau-peinture-a-lhuile\/#primaryimage"},"image":{"@id":"https:\/\/www.robertzueblin.com\/fr\/eduard-buehler\/jungfrau-peinture-a-lhuile\/#primaryimage"},"thumbnailUrl":"https:\/\/www.robertzueblin.com\/wp-content\/uploads\/eduard-buehler-peinture-huile-jungfrau-photo-couverture.jpg","datePublished":"2026-05-01T12:44:17+00:00","dateModified":"2026-05-01T12:51:11+00:00","description":"Tr\u00e8s jolie petite peinture \u00e0 l'huile d'Eduard B\u00fchler (1853-1909) repr\u00e9sentant la Jungfrau et le Silberhorn, deux sommets suisses.","breadcrumb":{"@id":"https:\/\/www.robertzueblin.com\/fr\/eduard-buehler\/jungfrau-peinture-a-lhuile\/#breadcrumb"},"inLanguage":"fr-FR","potentialAction":[{"@type":"ReadAction","target":["https:\/\/www.robertzueblin.com\/fr\/eduard-buehler\/jungfrau-peinture-a-lhuile\/"]}]},{"@type":"ImageObject","inLanguage":"fr-FR","@id":"https:\/\/www.robertzueblin.com\/fr\/eduard-buehler\/jungfrau-peinture-a-lhuile\/#primaryimage","url":"https:\/\/www.robertzueblin.com\/wp-content\/uploads\/eduard-buehler-peinture-huile-jungfrau-photo-couverture.jpg","contentUrl":"https:\/\/www.robertzueblin.com\/wp-content\/uploads\/eduard-buehler-peinture-huile-jungfrau-photo-couverture.jpg","width":1000,"height":661},{"@type":"BreadcrumbList","@id":"https:\/\/www.robertzueblin.com\/fr\/eduard-buehler\/jungfrau-peinture-a-lhuile\/#breadcrumb","itemListElement":[{"@type":"ListItem","position":1,"name":"Startseite","item":"https:\/\/www.robertzueblin.com\/fr\/"},{"@type":"ListItem","position":2,"name":"Galerie d&#8217;art en ligne (boutique en ligne)","item":"https:\/\/www.robertzueblin.com\/fr\/galerie-d-art-en-ligne\/"},{"@type":"ListItem","position":3,"name":"Eduard B\u00dcHLER (* 1853, \u2020 1909) \u2013 Jungfrau \u2013 Peinture \u00e0 l&#8217;huile"}]},{"@type":"WebSite","@id":"https:\/\/www.robertzueblin.com\/fr\/#website","url":"https:\/\/www.robertzueblin.com\/fr\/","name":"ROBERT Z\u00dcBLIN","description":"","publisher":{"@id":"https:\/\/www.robertzueblin.com\/fr\/#organization"},"potentialAction":[{"@type":"SearchAction","target":{"@type":"EntryPoint","urlTemplate":"https:\/\/www.robertzueblin.com\/fr\/?s={search_term_string}"},"query-input":{"@type":"PropertyValueSpecification","valueRequired":true,"valueName":"search_term_string"}}],"inLanguage":"fr-FR"},{"@type":"Organization","@id":"https:\/\/www.robertzueblin.com\/fr\/#organization","name":"ROBERT Z\u00dcBLIN","url":"https:\/\/www.robertzueblin.com\/fr\/","logo":{"@type":"ImageObject","inLanguage":"fr-FR","@id":"https:\/\/www.robertzueblin.com\/fr\/#\/schema\/logo\/image\/","url":"https:\/\/www.robertzueblin.com\/wp-content\/uploads\/cropped-cropped-logo-von-robert-zueblin.jpg","contentUrl":"https:\/\/www.robertzueblin.com\/wp-content\/uploads\/cropped-cropped-logo-von-robert-zueblin.jpg","width":440,"height":60,"caption":"ROBERT Z\u00dcBLIN"},"image":{"@id":"https:\/\/www.robertzueblin.com\/fr\/#\/schema\/logo\/image\/"}}]}},"_links":{"self":[{"href":"https:\/\/www.robertzueblin.com\/fr\/wp-json\/wp\/v2\/product\/50934","targetHints":{"allow":["GET"]}}],"collection":[{"href":"https:\/\/www.robertzueblin.com\/fr\/wp-json\/wp\/v2\/product"}],"about":[{"href":"https:\/\/www.robertzueblin.com\/fr\/wp-json\/wp\/v2\/types\/product"}],"wp:featuredmedia":[{"embeddable":true,"href":"https:\/\/www.robertzueblin.com\/fr\/wp-json\/wp\/v2\/media\/50938"}],"wp:attachment":[{"href":"https:\/\/www.robertzueblin.com\/fr\/wp-json\/wp\/v2\/media?parent=50934"}],"wp:term":[{"taxonomy":"product_brand","embeddable":true,"href":"https:\/\/www.robertzueblin.com\/fr\/wp-json\/wp\/v2\/product_brand?post=50934"},{"taxonomy":"product_cat","embeddable":true,"href":"https:\/\/www.robertzueblin.com\/fr\/wp-json\/wp\/v2\/product_cat?post=50934"},{"taxonomy":"product_tag","embeddable":true,"href":"https:\/\/www.robertzueblin.com\/fr\/wp-json\/wp\/v2\/product_tag?post=50934"}],"curies":[{"name":"wp","href":"https:\/\/api.w.org\/{rel}","templated":true}]}}