{"id":50825,"date":"2026-04-25T13:00:08","date_gmt":"2026-04-25T11:00:08","guid":{"rendered":"https:\/\/www.robertzueblin.com\/?post_type=product&#038;p=50825"},"modified":"2026-04-25T13:20:59","modified_gmt":"2026-04-25T11:20:59","slug":"otto-reiniger-1863-%e2%80%a0-1909-venise-huile-sur-toile","status":"publish","type":"product","link":"https:\/\/www.robertzueblin.com\/fr\/otto-reiniger\/venise-huile-sur-toile\/","title":{"rendered":"Otto REINIGER (* 1863, \u2020 1909) \u2013 Venise \u2013 Huile sur toile"},"content":{"rendered":"<p><span style=\"font-family: AkkoPro-BoldCondensed!important\">Type :<\/span> <a href=\"\/?post_format=peinture\">peinture<\/a><\/p>\n<p><span style=\"font-family: AkkoPro-BoldCondensed!important\">Peintre :<\/span> <a href=\"https:\/\/www.robertzueblin.com\/fr\/otto-reiniger\/\">Otto REINIGER<\/a> (* 1863, \u2020 1909)<\/p>\n<p><span style=\"font-family: AkkoPro-BoldCondensed!important\">Objet :<\/span> <a href=\"https:\/\/www.robertzueblin.com\/fr\/peintures-a-l-huile\/\">peinture \u00e0 l&rsquo;huile<\/a><\/p>\n<p><span style=\"font-family: AkkoPro-BoldCondensed!important\">Mat\u00e9riau :<\/span> huile sur panneau<\/p>\n<p><span style=\"font-family: AkkoPro-BoldCondensed!important\">Dimensions :<\/span> hauteur : 36 cm, largeur : 50,5 cm ; avec cadre : hauteur : 49 cm, largeur : 62,5 cm<\/p>\n<p><span style=\"font-family: AkkoPro-BoldCondensed!important\">Ann\u00e9e de fabrication :<\/span> 1897<\/p>\n<p><span style=\"font-family: AkkoPro-BoldCondensed!important\">\u00c9tat :<\/span> tableau : bon ; cadre : traces d&rsquo;usure<\/p>\n<p><span style=\"font-family: AkkoPro-BoldCondensed!important\">Signature :<\/span> non sign\u00e9. Au dos se trouve une \u00e9tiquette coll\u00e9e contenant des informations de la Galerie de la ville de Stuttgart concernant l&rsquo;exposition de 1964 consacr\u00e9e \u00e0 Hermann Pleuer et Otto Reiniger.<\/p>\n<p><span style=\"font-family: AkkoPro-BoldCondensed!important\">D\u00e9tails :<\/span><br \/>\nUne superbe peinture \u00e0 l&rsquo;huile d&rsquo;Otto Reiniger, le ma\u00eetre de l&rsquo;eau qui coule, repr\u00e9sentant une vue de Venise, et plus pr\u00e9cis\u00e9ment la basilique Santa Maria della Salute vue depuis le bassin de Saint-Marc.<\/p>\n","protected":false},"excerpt":{"rendered":"<p>Type : peinture Peintre : Otto REINIGER (* 1863, \u2020 1909) Objet : peinture \u00e0 l&rsquo;huile Mat\u00e9riau : huile sur panneau Dimensions : hauteur : 36 cm, largeur : 50,5 cm ; avec cadre : hauteur : 49 cm, largeur : 62,5 cm Ann\u00e9e de fabrication : 1897 \u00c9tat : tableau : bon ; cadre [&hellip;]<\/p>\n","protected":false},"featured_media":50830,"template":"","meta":[],"product_brand":[],"product_cat":[776,868,496],"product_tag":[],"class_list":{"0":"post-50825","1":"product","2":"type-product","3":"status-publish","4":"has-post-thumbnail","6":"product_cat-peinture","7":"product_cat-otto-reiniger","8":"product_cat-peintures-a-l-huile","10":"first","11":"instock","12":"sold-individually","13":"shipping-taxable","14":"purchasable","15":"product-type-simple"},"yoast_head":"<!-- This site is optimized with the Yoast SEO plugin v27.4 - https:\/\/yoast.com\/product\/yoast-seo-wordpress\/ -->\n<title>Otto REINIGER (* 1863, \u2020 1909) \u2013 Venise \u2013 Huile sur toile<\/title>\n<meta name=\"description\" content=\"Peinture \u00e0 l&#039;huile d&#039;Otto Reiniger repr\u00e9sentant une vue de Venise, de la basilique Santa Maria della Salute vue depuis le bassin de Saint-Mar\" \/>\n<meta name=\"robots\" content=\"index, follow, max-snippet:-1, max-image-preview:large, max-video-preview:-1\" \/>\n<link rel=\"canonical\" href=\"https:\/\/www.robertzueblin.com\/fr\/otto-reiniger\/venise-huile-sur-toile\/\" \/>\n<meta property=\"og:locale\" content=\"fr_FR\" \/>\n<meta property=\"og:type\" content=\"article\" \/>\n<meta property=\"og:title\" content=\"Otto REINIGER (* 1863, \u2020 1909) \u2013 Venise \u2013 Huile sur toile\" \/>\n<meta property=\"og:description\" content=\"Peinture \u00e0 l&#039;huile d&#039;Otto Reiniger repr\u00e9sentant une vue de Venise, de la basilique Santa Maria della Salute vue depuis le bassin de Saint-Mar\" \/>\n<meta property=\"og:url\" content=\"https:\/\/www.robertzueblin.com\/fr\/otto-reiniger\/venise-huile-sur-toile\/\" \/>\n<meta property=\"og:site_name\" content=\"ROBERT Z\u00dcBLIN\" \/>\n<meta property=\"article:modified_time\" content=\"2026-04-25T11:20:59+00:00\" \/>\n<meta property=\"og:image\" content=\"https:\/\/www.robertzueblin.com\/wp-content\/uploads\/otto-reiniger-huile-sur-toile-venise-photo-couverture.jpg\" \/>\n\t<meta property=\"og:image:width\" content=\"1000\" \/>\n\t<meta property=\"og:image:height\" content=\"710\" \/>\n\t<meta property=\"og:image:type\" content=\"image\/jpeg\" \/>\n<meta name=\"twitter:card\" content=\"summary_large_image\" \/>\n<script type=\"application\/ld+json\" class=\"yoast-schema-graph\">{\"@context\":\"https:\\\/\\\/schema.org\",\"@graph\":[{\"@type\":\"WebPage\",\"@id\":\"https:\\\/\\\/www.robertzueblin.com\\\/fr\\\/otto-reiniger\\\/venise-huile-sur-toile\\\/\",\"url\":\"https:\\\/\\\/www.robertzueblin.com\\\/fr\\\/otto-reiniger\\\/venise-huile-sur-toile\\\/\",\"name\":\"Otto REINIGER (* 1863, \u2020 1909) \u2013 Venise \u2013 Huile sur toile\",\"isPartOf\":{\"@id\":\"https:\\\/\\\/www.robertzueblin.com\\\/fr\\\/#website\"},\"primaryImageOfPage\":{\"@id\":\"https:\\\/\\\/www.robertzueblin.com\\\/fr\\\/otto-reiniger\\\/venise-huile-sur-toile\\\/#primaryimage\"},\"image\":{\"@id\":\"https:\\\/\\\/www.robertzueblin.com\\\/fr\\\/otto-reiniger\\\/venise-huile-sur-toile\\\/#primaryimage\"},\"thumbnailUrl\":\"https:\\\/\\\/www.robertzueblin.com\\\/wp-content\\\/uploads\\\/otto-reiniger-huile-sur-toile-venise-photo-couverture.jpg\",\"datePublished\":\"2026-04-25T11:00:08+00:00\",\"dateModified\":\"2026-04-25T11:20:59+00:00\",\"description\":\"Peinture \u00e0 l'huile d'Otto Reiniger repr\u00e9sentant une vue de Venise, de la basilique Santa Maria della Salute vue depuis le bassin de Saint-Mar\",\"breadcrumb\":{\"@id\":\"https:\\\/\\\/www.robertzueblin.com\\\/fr\\\/otto-reiniger\\\/venise-huile-sur-toile\\\/#breadcrumb\"},\"inLanguage\":\"fr-FR\",\"potentialAction\":[{\"@type\":\"ReadAction\",\"target\":[\"https:\\\/\\\/www.robertzueblin.com\\\/fr\\\/otto-reiniger\\\/venise-huile-sur-toile\\\/\"]}]},{\"@type\":\"ImageObject\",\"inLanguage\":\"fr-FR\",\"@id\":\"https:\\\/\\\/www.robertzueblin.com\\\/fr\\\/otto-reiniger\\\/venise-huile-sur-toile\\\/#primaryimage\",\"url\":\"https:\\\/\\\/www.robertzueblin.com\\\/wp-content\\\/uploads\\\/otto-reiniger-huile-sur-toile-venise-photo-couverture.jpg\",\"contentUrl\":\"https:\\\/\\\/www.robertzueblin.com\\\/wp-content\\\/uploads\\\/otto-reiniger-huile-sur-toile-venise-photo-couverture.jpg\",\"width\":1000,\"height\":710},{\"@type\":\"BreadcrumbList\",\"@id\":\"https:\\\/\\\/www.robertzueblin.com\\\/fr\\\/otto-reiniger\\\/venise-huile-sur-toile\\\/#breadcrumb\",\"itemListElement\":[{\"@type\":\"ListItem\",\"position\":1,\"name\":\"Startseite\",\"item\":\"https:\\\/\\\/www.robertzueblin.com\\\/fr\\\/\"},{\"@type\":\"ListItem\",\"position\":2,\"name\":\"Galerie d&#8217;art en ligne (boutique en ligne)\",\"item\":\"https:\\\/\\\/www.robertzueblin.com\\\/fr\\\/galerie-d-art-en-ligne\\\/\"},{\"@type\":\"ListItem\",\"position\":3,\"name\":\"Otto REINIGER (* 1863, \u2020 1909) \u2013 Venise \u2013 Huile sur toile\"}]},{\"@type\":\"WebSite\",\"@id\":\"https:\\\/\\\/www.robertzueblin.com\\\/fr\\\/#website\",\"url\":\"https:\\\/\\\/www.robertzueblin.com\\\/fr\\\/\",\"name\":\"ROBERT Z\u00dcBLIN\",\"description\":\"\",\"publisher\":{\"@id\":\"https:\\\/\\\/www.robertzueblin.com\\\/fr\\\/#organization\"},\"potentialAction\":[{\"@type\":\"SearchAction\",\"target\":{\"@type\":\"EntryPoint\",\"urlTemplate\":\"https:\\\/\\\/www.robertzueblin.com\\\/fr\\\/?s={search_term_string}\"},\"query-input\":{\"@type\":\"PropertyValueSpecification\",\"valueRequired\":true,\"valueName\":\"search_term_string\"}}],\"inLanguage\":\"fr-FR\"},{\"@type\":\"Organization\",\"@id\":\"https:\\\/\\\/www.robertzueblin.com\\\/fr\\\/#organization\",\"name\":\"ROBERT Z\u00dcBLIN\",\"url\":\"https:\\\/\\\/www.robertzueblin.com\\\/fr\\\/\",\"logo\":{\"@type\":\"ImageObject\",\"inLanguage\":\"fr-FR\",\"@id\":\"https:\\\/\\\/www.robertzueblin.com\\\/fr\\\/#\\\/schema\\\/logo\\\/image\\\/\",\"url\":\"https:\\\/\\\/www.robertzueblin.com\\\/wp-content\\\/uploads\\\/cropped-cropped-logo-von-robert-zueblin.jpg\",\"contentUrl\":\"https:\\\/\\\/www.robertzueblin.com\\\/wp-content\\\/uploads\\\/cropped-cropped-logo-von-robert-zueblin.jpg\",\"width\":440,\"height\":60,\"caption\":\"ROBERT Z\u00dcBLIN\"},\"image\":{\"@id\":\"https:\\\/\\\/www.robertzueblin.com\\\/fr\\\/#\\\/schema\\\/logo\\\/image\\\/\"}}]}<\/script>\n<!-- \/ Yoast SEO plugin. -->","yoast_head_json":{"title":"Otto REINIGER (* 1863, \u2020 1909) \u2013 Venise \u2013 Huile sur toile","description":"Peinture \u00e0 l'huile d'Otto Reiniger repr\u00e9sentant une vue de Venise, de la basilique Santa Maria della Salute vue depuis le bassin de Saint-Mar","robots":{"index":"index","follow":"follow","max-snippet":"max-snippet:-1","max-image-preview":"max-image-preview:large","max-video-preview":"max-video-preview:-1"},"canonical":"https:\/\/www.robertzueblin.com\/fr\/otto-reiniger\/venise-huile-sur-toile\/","og_locale":"fr_FR","og_type":"article","og_title":"Otto REINIGER (* 1863, \u2020 1909) \u2013 Venise \u2013 Huile sur toile","og_description":"Peinture \u00e0 l'huile d'Otto Reiniger repr\u00e9sentant une vue de Venise, de la basilique Santa Maria della Salute vue depuis le bassin de Saint-Mar","og_url":"https:\/\/www.robertzueblin.com\/fr\/otto-reiniger\/venise-huile-sur-toile\/","og_site_name":"ROBERT Z\u00dcBLIN","article_modified_time":"2026-04-25T11:20:59+00:00","og_image":[{"width":1000,"height":710,"url":"https:\/\/www.robertzueblin.com\/wp-content\/uploads\/otto-reiniger-huile-sur-toile-venise-photo-couverture.jpg","type":"image\/jpeg"}],"twitter_card":"summary_large_image","schema":{"@context":"https:\/\/schema.org","@graph":[{"@type":"WebPage","@id":"https:\/\/www.robertzueblin.com\/fr\/otto-reiniger\/venise-huile-sur-toile\/","url":"https:\/\/www.robertzueblin.com\/fr\/otto-reiniger\/venise-huile-sur-toile\/","name":"Otto REINIGER (* 1863, \u2020 1909) \u2013 Venise \u2013 Huile sur toile","isPartOf":{"@id":"https:\/\/www.robertzueblin.com\/fr\/#website"},"primaryImageOfPage":{"@id":"https:\/\/www.robertzueblin.com\/fr\/otto-reiniger\/venise-huile-sur-toile\/#primaryimage"},"image":{"@id":"https:\/\/www.robertzueblin.com\/fr\/otto-reiniger\/venise-huile-sur-toile\/#primaryimage"},"thumbnailUrl":"https:\/\/www.robertzueblin.com\/wp-content\/uploads\/otto-reiniger-huile-sur-toile-venise-photo-couverture.jpg","datePublished":"2026-04-25T11:00:08+00:00","dateModified":"2026-04-25T11:20:59+00:00","description":"Peinture \u00e0 l'huile d'Otto Reiniger repr\u00e9sentant une vue de Venise, de la basilique Santa Maria della Salute vue depuis le bassin de Saint-Mar","breadcrumb":{"@id":"https:\/\/www.robertzueblin.com\/fr\/otto-reiniger\/venise-huile-sur-toile\/#breadcrumb"},"inLanguage":"fr-FR","potentialAction":[{"@type":"ReadAction","target":["https:\/\/www.robertzueblin.com\/fr\/otto-reiniger\/venise-huile-sur-toile\/"]}]},{"@type":"ImageObject","inLanguage":"fr-FR","@id":"https:\/\/www.robertzueblin.com\/fr\/otto-reiniger\/venise-huile-sur-toile\/#primaryimage","url":"https:\/\/www.robertzueblin.com\/wp-content\/uploads\/otto-reiniger-huile-sur-toile-venise-photo-couverture.jpg","contentUrl":"https:\/\/www.robertzueblin.com\/wp-content\/uploads\/otto-reiniger-huile-sur-toile-venise-photo-couverture.jpg","width":1000,"height":710},{"@type":"BreadcrumbList","@id":"https:\/\/www.robertzueblin.com\/fr\/otto-reiniger\/venise-huile-sur-toile\/#breadcrumb","itemListElement":[{"@type":"ListItem","position":1,"name":"Startseite","item":"https:\/\/www.robertzueblin.com\/fr\/"},{"@type":"ListItem","position":2,"name":"Galerie d&#8217;art en ligne (boutique en ligne)","item":"https:\/\/www.robertzueblin.com\/fr\/galerie-d-art-en-ligne\/"},{"@type":"ListItem","position":3,"name":"Otto REINIGER (* 1863, \u2020 1909) \u2013 Venise \u2013 Huile sur toile"}]},{"@type":"WebSite","@id":"https:\/\/www.robertzueblin.com\/fr\/#website","url":"https:\/\/www.robertzueblin.com\/fr\/","name":"ROBERT Z\u00dcBLIN","description":"","publisher":{"@id":"https:\/\/www.robertzueblin.com\/fr\/#organization"},"potentialAction":[{"@type":"SearchAction","target":{"@type":"EntryPoint","urlTemplate":"https:\/\/www.robertzueblin.com\/fr\/?s={search_term_string}"},"query-input":{"@type":"PropertyValueSpecification","valueRequired":true,"valueName":"search_term_string"}}],"inLanguage":"fr-FR"},{"@type":"Organization","@id":"https:\/\/www.robertzueblin.com\/fr\/#organization","name":"ROBERT Z\u00dcBLIN","url":"https:\/\/www.robertzueblin.com\/fr\/","logo":{"@type":"ImageObject","inLanguage":"fr-FR","@id":"https:\/\/www.robertzueblin.com\/fr\/#\/schema\/logo\/image\/","url":"https:\/\/www.robertzueblin.com\/wp-content\/uploads\/cropped-cropped-logo-von-robert-zueblin.jpg","contentUrl":"https:\/\/www.robertzueblin.com\/wp-content\/uploads\/cropped-cropped-logo-von-robert-zueblin.jpg","width":440,"height":60,"caption":"ROBERT Z\u00dcBLIN"},"image":{"@id":"https:\/\/www.robertzueblin.com\/fr\/#\/schema\/logo\/image\/"}}]}},"_links":{"self":[{"href":"https:\/\/www.robertzueblin.com\/fr\/wp-json\/wp\/v2\/product\/50825","targetHints":{"allow":["GET"]}}],"collection":[{"href":"https:\/\/www.robertzueblin.com\/fr\/wp-json\/wp\/v2\/product"}],"about":[{"href":"https:\/\/www.robertzueblin.com\/fr\/wp-json\/wp\/v2\/types\/product"}],"wp:featuredmedia":[{"embeddable":true,"href":"https:\/\/www.robertzueblin.com\/fr\/wp-json\/wp\/v2\/media\/50830"}],"wp:attachment":[{"href":"https:\/\/www.robertzueblin.com\/fr\/wp-json\/wp\/v2\/media?parent=50825"}],"wp:term":[{"taxonomy":"product_brand","embeddable":true,"href":"https:\/\/www.robertzueblin.com\/fr\/wp-json\/wp\/v2\/product_brand?post=50825"},{"taxonomy":"product_cat","embeddable":true,"href":"https:\/\/www.robertzueblin.com\/fr\/wp-json\/wp\/v2\/product_cat?post=50825"},{"taxonomy":"product_tag","embeddable":true,"href":"https:\/\/www.robertzueblin.com\/fr\/wp-json\/wp\/v2\/product_tag?post=50825"}],"curies":[{"name":"wp","href":"https:\/\/api.w.org\/{rel}","templated":true}]}}