{"id":50766,"date":"2026-04-24T09:29:47","date_gmt":"2026-04-24T07:29:47","guid":{"rendered":"https:\/\/www.robertzueblin.com\/?post_type=product&#038;p=50766"},"modified":"2026-04-24T13:26:02","modified_gmt":"2026-04-24T11:26:02","slug":"gian-maria-rastellini-1869-%e2%80%a0-1927-paysage-au-crepuscule-peinture-a-lhuile","status":"publish","type":"product","link":"https:\/\/www.robertzueblin.com\/fr\/gian-maria-rastellini\/paysage-au-crepuscule-peinture-a-lhuile\/","title":{"rendered":"Gian Maria RASTELLINI (* 1869, \u2020 1927) \u2013 Paysage au cr\u00e9puscule \u2013 Peinture \u00e0 l&rsquo;huile"},"content":{"rendered":"<p><span style=\"font-family: AkkoPro-BoldCondensed!important\">Type :<\/span> <a href=\"\/?post_format=peinture\">peinture<\/a><\/p>\n<p><span style=\"font-family: AkkoPro-BoldCondensed!important\">Peintre :<\/span> <a href=\"https:\/\/www.robertzueblin.com\/fr\/gian-maria-rastellini\/\">Gian Maria RASTELLINI<\/a> (* 1869, \u2020 1927) <\/p>\n<p><span style=\"font-family: AkkoPro-BoldCondensed!important\">Objet :<\/span> <a href=\"https:\/\/www.robertzueblin.com\/fr\/peintures-a-l-huile\/\">peinture \u00e0 l&rsquo;huile<\/a><\/p>\n<p><span style=\"font-family: AkkoPro-BoldCondensed!important\">Mat\u00e9riau :<\/span> huile sur carton<\/p>\n<p><span style=\"font-family: AkkoPro-BoldCondensed!important\">Dimensions :<\/span> hauteur : 23 cm, largeur : 29,5 cm ; avec cadre : hauteur : 35 cm, largeur : 47 cm<\/p>\n<p><span style=\"font-family: AkkoPro-BoldCondensed!important\">Ann\u00e9e de fabrication :<\/span> entre 1890 et 1905<\/p>\n<p><span style=\"font-family: AkkoPro-BoldCondensed!important\">\u00c9tat :<\/span> \u00c9tat du tableau : bon ; \u00e9tat du cadre : traces d&rsquo;usure<\/p>\n<p><span style=\"font-family: AkkoPro-BoldCondensed!important\">Signature :<\/span> Rastellini<\/p>\n","protected":false},"excerpt":{"rendered":"<p>Type : peinture Peintre : Gian Maria RASTELLINI (* 1869, \u2020 1927) Objet : peinture \u00e0 l&rsquo;huile Mat\u00e9riau : huile sur carton Dimensions : hauteur : 23 cm, largeur : 29,5 cm ; avec cadre : hauteur : 35 cm, largeur : 47 cm Ann\u00e9e de fabrication : entre 1890 et 1905 \u00c9tat : \u00c9tat [&hellip;]<\/p>\n","protected":false},"featured_media":50770,"template":"","meta":[],"product_brand":[],"product_cat":[776,961,496],"product_tag":[],"class_list":{"0":"post-50766","1":"product","2":"type-product","3":"status-publish","4":"has-post-thumbnail","6":"product_cat-peinture","7":"product_cat-gian-maria-rastellini","8":"product_cat-peintures-a-l-huile","10":"first","11":"instock","12":"sold-individually","13":"shipping-taxable","14":"purchasable","15":"product-type-simple"},"yoast_head":"<!-- This site is optimized with the Yoast SEO plugin v27.4 - https:\/\/yoast.com\/product\/yoast-seo-wordpress\/ -->\n<title>Gian Maria RASTELLINI \u2013 Paysage au cr\u00e9puscule<\/title>\n<meta name=\"description\" content=\"Peinture \u00e0 l&#039;huile du peintre italien Gian Maria Rastellini (1869-1927) repr\u00e9sentant un paysage au cr\u00e9puscule \u2013 n\u00e9o-impressionnisme.\" \/>\n<meta name=\"robots\" content=\"index, follow, max-snippet:-1, max-image-preview:large, max-video-preview:-1\" \/>\n<link rel=\"canonical\" href=\"https:\/\/www.robertzueblin.com\/fr\/gian-maria-rastellini\/paysage-au-crepuscule-peinture-a-lhuile\/\" \/>\n<meta property=\"og:locale\" content=\"fr_FR\" \/>\n<meta property=\"og:type\" content=\"article\" \/>\n<meta property=\"og:title\" content=\"Gian Maria RASTELLINI \u2013 Paysage au cr\u00e9puscule\" \/>\n<meta property=\"og:description\" content=\"Peinture \u00e0 l&#039;huile du peintre italien Gian Maria Rastellini (1869-1927) repr\u00e9sentant un paysage au cr\u00e9puscule \u2013 n\u00e9o-impressionnisme.\" \/>\n<meta property=\"og:url\" content=\"https:\/\/www.robertzueblin.com\/fr\/gian-maria-rastellini\/paysage-au-crepuscule-peinture-a-lhuile\/\" \/>\n<meta property=\"og:site_name\" content=\"ROBERT Z\u00dcBLIN\" \/>\n<meta property=\"article:modified_time\" content=\"2026-04-24T11:26:02+00:00\" \/>\n<meta property=\"og:image\" content=\"https:\/\/www.robertzueblin.com\/wp-content\/uploads\/gian-maria-rastellini-peinture-huile-paysage-crepuscule-photo-couverture.jpg\" \/>\n\t<meta property=\"og:image:width\" content=\"1000\" \/>\n\t<meta property=\"og:image:height\" content=\"763\" \/>\n\t<meta property=\"og:image:type\" content=\"image\/jpeg\" \/>\n<meta name=\"twitter:card\" content=\"summary_large_image\" \/>\n<script type=\"application\/ld+json\" class=\"yoast-schema-graph\">{\"@context\":\"https:\\\/\\\/schema.org\",\"@graph\":[{\"@type\":\"WebPage\",\"@id\":\"https:\\\/\\\/www.robertzueblin.com\\\/fr\\\/gian-maria-rastellini\\\/paysage-au-crepuscule-peinture-a-lhuile\\\/\",\"url\":\"https:\\\/\\\/www.robertzueblin.com\\\/fr\\\/gian-maria-rastellini\\\/paysage-au-crepuscule-peinture-a-lhuile\\\/\",\"name\":\"Gian Maria RASTELLINI \u2013 Paysage au cr\u00e9puscule\",\"isPartOf\":{\"@id\":\"https:\\\/\\\/www.robertzueblin.com\\\/fr\\\/#website\"},\"primaryImageOfPage\":{\"@id\":\"https:\\\/\\\/www.robertzueblin.com\\\/fr\\\/gian-maria-rastellini\\\/paysage-au-crepuscule-peinture-a-lhuile\\\/#primaryimage\"},\"image\":{\"@id\":\"https:\\\/\\\/www.robertzueblin.com\\\/fr\\\/gian-maria-rastellini\\\/paysage-au-crepuscule-peinture-a-lhuile\\\/#primaryimage\"},\"thumbnailUrl\":\"https:\\\/\\\/www.robertzueblin.com\\\/wp-content\\\/uploads\\\/gian-maria-rastellini-peinture-huile-paysage-crepuscule-photo-couverture.jpg\",\"datePublished\":\"2026-04-24T07:29:47+00:00\",\"dateModified\":\"2026-04-24T11:26:02+00:00\",\"description\":\"Peinture \u00e0 l'huile du peintre italien Gian Maria Rastellini (1869-1927) repr\u00e9sentant un paysage au cr\u00e9puscule \u2013 n\u00e9o-impressionnisme.\",\"breadcrumb\":{\"@id\":\"https:\\\/\\\/www.robertzueblin.com\\\/fr\\\/gian-maria-rastellini\\\/paysage-au-crepuscule-peinture-a-lhuile\\\/#breadcrumb\"},\"inLanguage\":\"fr-FR\",\"potentialAction\":[{\"@type\":\"ReadAction\",\"target\":[\"https:\\\/\\\/www.robertzueblin.com\\\/fr\\\/gian-maria-rastellini\\\/paysage-au-crepuscule-peinture-a-lhuile\\\/\"]}]},{\"@type\":\"ImageObject\",\"inLanguage\":\"fr-FR\",\"@id\":\"https:\\\/\\\/www.robertzueblin.com\\\/fr\\\/gian-maria-rastellini\\\/paysage-au-crepuscule-peinture-a-lhuile\\\/#primaryimage\",\"url\":\"https:\\\/\\\/www.robertzueblin.com\\\/wp-content\\\/uploads\\\/gian-maria-rastellini-peinture-huile-paysage-crepuscule-photo-couverture.jpg\",\"contentUrl\":\"https:\\\/\\\/www.robertzueblin.com\\\/wp-content\\\/uploads\\\/gian-maria-rastellini-peinture-huile-paysage-crepuscule-photo-couverture.jpg\",\"width\":1000,\"height\":763},{\"@type\":\"BreadcrumbList\",\"@id\":\"https:\\\/\\\/www.robertzueblin.com\\\/fr\\\/gian-maria-rastellini\\\/paysage-au-crepuscule-peinture-a-lhuile\\\/#breadcrumb\",\"itemListElement\":[{\"@type\":\"ListItem\",\"position\":1,\"name\":\"Startseite\",\"item\":\"https:\\\/\\\/www.robertzueblin.com\\\/fr\\\/\"},{\"@type\":\"ListItem\",\"position\":2,\"name\":\"Galerie d&#8217;art en ligne (boutique en ligne)\",\"item\":\"https:\\\/\\\/www.robertzueblin.com\\\/fr\\\/galerie-d-art-en-ligne\\\/\"},{\"@type\":\"ListItem\",\"position\":3,\"name\":\"Gian Maria RASTELLINI (* 1869, \u2020 1927) \u2013 Paysage au cr\u00e9puscule \u2013 Peinture \u00e0 l&#8217;huile\"}]},{\"@type\":\"WebSite\",\"@id\":\"https:\\\/\\\/www.robertzueblin.com\\\/fr\\\/#website\",\"url\":\"https:\\\/\\\/www.robertzueblin.com\\\/fr\\\/\",\"name\":\"ROBERT Z\u00dcBLIN\",\"description\":\"\",\"publisher\":{\"@id\":\"https:\\\/\\\/www.robertzueblin.com\\\/fr\\\/#organization\"},\"potentialAction\":[{\"@type\":\"SearchAction\",\"target\":{\"@type\":\"EntryPoint\",\"urlTemplate\":\"https:\\\/\\\/www.robertzueblin.com\\\/fr\\\/?s={search_term_string}\"},\"query-input\":{\"@type\":\"PropertyValueSpecification\",\"valueRequired\":true,\"valueName\":\"search_term_string\"}}],\"inLanguage\":\"fr-FR\"},{\"@type\":\"Organization\",\"@id\":\"https:\\\/\\\/www.robertzueblin.com\\\/fr\\\/#organization\",\"name\":\"ROBERT Z\u00dcBLIN\",\"url\":\"https:\\\/\\\/www.robertzueblin.com\\\/fr\\\/\",\"logo\":{\"@type\":\"ImageObject\",\"inLanguage\":\"fr-FR\",\"@id\":\"https:\\\/\\\/www.robertzueblin.com\\\/fr\\\/#\\\/schema\\\/logo\\\/image\\\/\",\"url\":\"https:\\\/\\\/www.robertzueblin.com\\\/wp-content\\\/uploads\\\/cropped-cropped-logo-von-robert-zueblin.jpg\",\"contentUrl\":\"https:\\\/\\\/www.robertzueblin.com\\\/wp-content\\\/uploads\\\/cropped-cropped-logo-von-robert-zueblin.jpg\",\"width\":440,\"height\":60,\"caption\":\"ROBERT Z\u00dcBLIN\"},\"image\":{\"@id\":\"https:\\\/\\\/www.robertzueblin.com\\\/fr\\\/#\\\/schema\\\/logo\\\/image\\\/\"}}]}<\/script>\n<!-- \/ Yoast SEO plugin. -->","yoast_head_json":{"title":"Gian Maria RASTELLINI \u2013 Paysage au cr\u00e9puscule","description":"Peinture \u00e0 l'huile du peintre italien Gian Maria Rastellini (1869-1927) repr\u00e9sentant un paysage au cr\u00e9puscule \u2013 n\u00e9o-impressionnisme.","robots":{"index":"index","follow":"follow","max-snippet":"max-snippet:-1","max-image-preview":"max-image-preview:large","max-video-preview":"max-video-preview:-1"},"canonical":"https:\/\/www.robertzueblin.com\/fr\/gian-maria-rastellini\/paysage-au-crepuscule-peinture-a-lhuile\/","og_locale":"fr_FR","og_type":"article","og_title":"Gian Maria RASTELLINI \u2013 Paysage au cr\u00e9puscule","og_description":"Peinture \u00e0 l'huile du peintre italien Gian Maria Rastellini (1869-1927) repr\u00e9sentant un paysage au cr\u00e9puscule \u2013 n\u00e9o-impressionnisme.","og_url":"https:\/\/www.robertzueblin.com\/fr\/gian-maria-rastellini\/paysage-au-crepuscule-peinture-a-lhuile\/","og_site_name":"ROBERT Z\u00dcBLIN","article_modified_time":"2026-04-24T11:26:02+00:00","og_image":[{"width":1000,"height":763,"url":"https:\/\/www.robertzueblin.com\/wp-content\/uploads\/gian-maria-rastellini-peinture-huile-paysage-crepuscule-photo-couverture.jpg","type":"image\/jpeg"}],"twitter_card":"summary_large_image","schema":{"@context":"https:\/\/schema.org","@graph":[{"@type":"WebPage","@id":"https:\/\/www.robertzueblin.com\/fr\/gian-maria-rastellini\/paysage-au-crepuscule-peinture-a-lhuile\/","url":"https:\/\/www.robertzueblin.com\/fr\/gian-maria-rastellini\/paysage-au-crepuscule-peinture-a-lhuile\/","name":"Gian Maria RASTELLINI \u2013 Paysage au cr\u00e9puscule","isPartOf":{"@id":"https:\/\/www.robertzueblin.com\/fr\/#website"},"primaryImageOfPage":{"@id":"https:\/\/www.robertzueblin.com\/fr\/gian-maria-rastellini\/paysage-au-crepuscule-peinture-a-lhuile\/#primaryimage"},"image":{"@id":"https:\/\/www.robertzueblin.com\/fr\/gian-maria-rastellini\/paysage-au-crepuscule-peinture-a-lhuile\/#primaryimage"},"thumbnailUrl":"https:\/\/www.robertzueblin.com\/wp-content\/uploads\/gian-maria-rastellini-peinture-huile-paysage-crepuscule-photo-couverture.jpg","datePublished":"2026-04-24T07:29:47+00:00","dateModified":"2026-04-24T11:26:02+00:00","description":"Peinture \u00e0 l'huile du peintre italien Gian Maria Rastellini (1869-1927) repr\u00e9sentant un paysage au cr\u00e9puscule \u2013 n\u00e9o-impressionnisme.","breadcrumb":{"@id":"https:\/\/www.robertzueblin.com\/fr\/gian-maria-rastellini\/paysage-au-crepuscule-peinture-a-lhuile\/#breadcrumb"},"inLanguage":"fr-FR","potentialAction":[{"@type":"ReadAction","target":["https:\/\/www.robertzueblin.com\/fr\/gian-maria-rastellini\/paysage-au-crepuscule-peinture-a-lhuile\/"]}]},{"@type":"ImageObject","inLanguage":"fr-FR","@id":"https:\/\/www.robertzueblin.com\/fr\/gian-maria-rastellini\/paysage-au-crepuscule-peinture-a-lhuile\/#primaryimage","url":"https:\/\/www.robertzueblin.com\/wp-content\/uploads\/gian-maria-rastellini-peinture-huile-paysage-crepuscule-photo-couverture.jpg","contentUrl":"https:\/\/www.robertzueblin.com\/wp-content\/uploads\/gian-maria-rastellini-peinture-huile-paysage-crepuscule-photo-couverture.jpg","width":1000,"height":763},{"@type":"BreadcrumbList","@id":"https:\/\/www.robertzueblin.com\/fr\/gian-maria-rastellini\/paysage-au-crepuscule-peinture-a-lhuile\/#breadcrumb","itemListElement":[{"@type":"ListItem","position":1,"name":"Startseite","item":"https:\/\/www.robertzueblin.com\/fr\/"},{"@type":"ListItem","position":2,"name":"Galerie d&#8217;art en ligne (boutique en ligne)","item":"https:\/\/www.robertzueblin.com\/fr\/galerie-d-art-en-ligne\/"},{"@type":"ListItem","position":3,"name":"Gian Maria RASTELLINI (* 1869, \u2020 1927) \u2013 Paysage au cr\u00e9puscule \u2013 Peinture \u00e0 l&#8217;huile"}]},{"@type":"WebSite","@id":"https:\/\/www.robertzueblin.com\/fr\/#website","url":"https:\/\/www.robertzueblin.com\/fr\/","name":"ROBERT Z\u00dcBLIN","description":"","publisher":{"@id":"https:\/\/www.robertzueblin.com\/fr\/#organization"},"potentialAction":[{"@type":"SearchAction","target":{"@type":"EntryPoint","urlTemplate":"https:\/\/www.robertzueblin.com\/fr\/?s={search_term_string}"},"query-input":{"@type":"PropertyValueSpecification","valueRequired":true,"valueName":"search_term_string"}}],"inLanguage":"fr-FR"},{"@type":"Organization","@id":"https:\/\/www.robertzueblin.com\/fr\/#organization","name":"ROBERT Z\u00dcBLIN","url":"https:\/\/www.robertzueblin.com\/fr\/","logo":{"@type":"ImageObject","inLanguage":"fr-FR","@id":"https:\/\/www.robertzueblin.com\/fr\/#\/schema\/logo\/image\/","url":"https:\/\/www.robertzueblin.com\/wp-content\/uploads\/cropped-cropped-logo-von-robert-zueblin.jpg","contentUrl":"https:\/\/www.robertzueblin.com\/wp-content\/uploads\/cropped-cropped-logo-von-robert-zueblin.jpg","width":440,"height":60,"caption":"ROBERT Z\u00dcBLIN"},"image":{"@id":"https:\/\/www.robertzueblin.com\/fr\/#\/schema\/logo\/image\/"}}]}},"_links":{"self":[{"href":"https:\/\/www.robertzueblin.com\/fr\/wp-json\/wp\/v2\/product\/50766","targetHints":{"allow":["GET"]}}],"collection":[{"href":"https:\/\/www.robertzueblin.com\/fr\/wp-json\/wp\/v2\/product"}],"about":[{"href":"https:\/\/www.robertzueblin.com\/fr\/wp-json\/wp\/v2\/types\/product"}],"wp:featuredmedia":[{"embeddable":true,"href":"https:\/\/www.robertzueblin.com\/fr\/wp-json\/wp\/v2\/media\/50770"}],"wp:attachment":[{"href":"https:\/\/www.robertzueblin.com\/fr\/wp-json\/wp\/v2\/media?parent=50766"}],"wp:term":[{"taxonomy":"product_brand","embeddable":true,"href":"https:\/\/www.robertzueblin.com\/fr\/wp-json\/wp\/v2\/product_brand?post=50766"},{"taxonomy":"product_cat","embeddable":true,"href":"https:\/\/www.robertzueblin.com\/fr\/wp-json\/wp\/v2\/product_cat?post=50766"},{"taxonomy":"product_tag","embeddable":true,"href":"https:\/\/www.robertzueblin.com\/fr\/wp-json\/wp\/v2\/product_tag?post=50766"}],"curies":[{"name":"wp","href":"https:\/\/api.w.org\/{rel}","templated":true}]}}