{"id":49487,"date":"2026-02-17T21:26:46","date_gmt":"2026-02-17T20:26:46","guid":{"rendered":"https:\/\/www.robertzueblin.com\/?post_type=product&#038;p=49487"},"modified":"2026-02-17T21:38:06","modified_gmt":"2026-02-17T20:38:06","slug":"livre-otto-lindig-sigill-blaetter-fuer-buch-und-kunst-sceau-feuilles-pour-le-livre-et-lart-avec-gravure-sur-bois-raucher-otto-lindig-fumeur-de-g","status":"publish","type":"product","link":"https:\/\/www.robertzueblin.com\/fr\/livres\/otto-lindig-sigill-blaetter-fuer-buch-und-kunst-avec-gravure-sur-bois-raucher-otto-lindig-fumeur-de-gerhard-marcks\/","title":{"rendered":"Livre : Otto Lindig \u00ab Sigill. Bl\u00e4tter f\u00fcr Buch und Kunst. \u00bb (Sceau feuilles pour le livre et l&rsquo;art.) \u2013 avec gravure sur bois \u00ab Raucher (Otto Lindig) \u00bb (Fumeur) de Gerhard Marcks"},"content":{"rendered":"<p><span style=\"font-family: AkkoPro-BoldCondensed!important\">Titre :<\/span> Otto Lindig \u00ab Sigill. Bl\u00e4tter f\u00fcr Buch und Kunst. \u00bb (Sceau feuilles pour le livre et l&rsquo;art.)<\/p>\n<p><span style=\"font-family: AkkoPro-BoldCondensed!important\">\u00c9diteur :<\/span> Otto Rohse Presse<\/p>\n<p><span style=\"font-family: AkkoPro-BoldCondensed!important\">Lieu, ann\u00e9e :<\/span> Hambourg 1977<\/p>\n<p><span style=\"font-family: AkkoPro-BoldCondensed!important\">Langue :<\/span> allemand<\/p>\n<p><span style=\"font-family: AkkoPro-BoldCondensed!important\">Nombre de pages :<\/span> 31 pages avec de nombreuses illustrations, plus une gravure sur bois coll\u00e9e sur la tranche droite du livre, occupant une \u00e9troite bande.<\/p>\n<p><span style=\"font-family: AkkoPro-BoldCondensed!important\">Dimensions:<\/span> hauteur : 30 cm, largeur : 19,5 cm, profondeur : 0,8 cm<\/p>\n<p><span style=\"font-family: AkkoPro-BoldCondensed!important\">\u00c9tat :<\/span> Gravure sur bois l\u00e9g\u00e8rement pli\u00e9e \u00e0 trois endroits sur le bord et coins l\u00e9g\u00e8rement ab\u00eem\u00e9s ; couverture avec d\u00e9chirures et plis, annotation au crayon sur la page de titre ; jaunissement partiel de la couverture et \u00e0 l&rsquo;int\u00e9rieur du livre ; bon \u00e9tat g\u00e9n\u00e9ral.<\/p>\n","protected":false},"excerpt":{"rendered":"<p>Titre : Otto Lindig \u00ab Sigill. Bl\u00e4tter f\u00fcr Buch und Kunst. \u00bb (Sceau feuilles pour le livre et l&rsquo;art.) \u00c9diteur : Otto Rohse Presse Lieu, ann\u00e9e : Hambourg 1977 Langue : allemand Nombre de pages : 31 pages avec de nombreuses illustrations, plus une gravure sur bois coll\u00e9e sur la tranche droite du livre, occupant [&hellip;]<\/p>\n","protected":false},"featured_media":49510,"template":"","meta":[],"product_brand":[],"product_cat":[319,926,781,312],"product_tag":[],"class_list":{"0":"post-49487","1":"product","2":"type-product","3":"status-publish","4":"has-post-thumbnail","6":"product_cat-bauhaus","7":"product_cat-gerhard-marcks","8":"product_cat-livres","9":"product_cat-otto-lindig","11":"first","12":"instock","13":"sold-individually","14":"shipping-taxable","15":"purchasable","16":"product-type-simple"},"yoast_head":"<!-- This site is optimized with the Yoast SEO plugin v27.5 - https:\/\/yoast.com\/product\/yoast-seo-wordpress\/ -->\n<title>Livre : Otto Lindig \u2013 avec gravure sur bois de Gerhard Marcks<\/title>\n<meta name=\"description\" content=\"Otto Lindig : Bl\u00e4tter f\u00fcr Buch und Kunst avec gravure sur bois de Gerhard Marcks : Raucher (Otto Lindig), Otto Rohse Presse, Hambourg 1977.\" \/>\n<meta name=\"robots\" content=\"index, follow, max-snippet:-1, max-image-preview:large, max-video-preview:-1\" \/>\n<link rel=\"canonical\" href=\"https:\/\/www.robertzueblin.com\/fr\/livres\/otto-lindig-sigill-blaetter-fuer-buch-und-kunst-avec-gravure-sur-bois-raucher-otto-lindig-fumeur-de-gerhard-marcks\/\" \/>\n<meta property=\"og:locale\" content=\"fr_FR\" \/>\n<meta property=\"og:type\" content=\"article\" \/>\n<meta property=\"og:title\" content=\"Livre : Otto Lindig \u2013 avec gravure sur bois de Gerhard Marcks\" \/>\n<meta property=\"og:description\" content=\"Otto Lindig : Bl\u00e4tter f\u00fcr Buch und Kunst avec gravure sur bois de Gerhard Marcks : Raucher (Otto Lindig), Otto Rohse Presse, Hambourg 1977.\" \/>\n<meta property=\"og:url\" content=\"https:\/\/www.robertzueblin.com\/fr\/livres\/otto-lindig-sigill-blaetter-fuer-buch-und-kunst-avec-gravure-sur-bois-raucher-otto-lindig-fumeur-de-gerhard-marcks\/\" \/>\n<meta property=\"og:site_name\" content=\"ROBERT Z\u00dcBLIN\" \/>\n<meta property=\"article:modified_time\" content=\"2026-02-17T20:38:06+00:00\" \/>\n<meta property=\"og:image\" content=\"https:\/\/www.robertzueblin.com\/wp-content\/uploads\/livre-otto-lindig-feuilles-livre-art-gravure-bois-gerhard-marcks-couverture-avant.jpg\" \/>\n\t<meta property=\"og:image:width\" content=\"1000\" \/>\n\t<meta property=\"og:image:height\" content=\"1541\" \/>\n\t<meta property=\"og:image:type\" content=\"image\/jpeg\" \/>\n<meta name=\"twitter:card\" content=\"summary_large_image\" \/>\n<script type=\"application\/ld+json\" class=\"yoast-schema-graph\">{\"@context\":\"https:\\\/\\\/schema.org\",\"@graph\":[{\"@type\":\"WebPage\",\"@id\":\"https:\\\/\\\/www.robertzueblin.com\\\/fr\\\/livres\\\/otto-lindig-sigill-blaetter-fuer-buch-und-kunst-avec-gravure-sur-bois-raucher-otto-lindig-fumeur-de-gerhard-marcks\\\/\",\"url\":\"https:\\\/\\\/www.robertzueblin.com\\\/fr\\\/livres\\\/otto-lindig-sigill-blaetter-fuer-buch-und-kunst-avec-gravure-sur-bois-raucher-otto-lindig-fumeur-de-gerhard-marcks\\\/\",\"name\":\"Livre : Otto Lindig \u2013 avec gravure sur bois de Gerhard Marcks\",\"isPartOf\":{\"@id\":\"https:\\\/\\\/www.robertzueblin.com\\\/fr\\\/#website\"},\"primaryImageOfPage\":{\"@id\":\"https:\\\/\\\/www.robertzueblin.com\\\/fr\\\/livres\\\/otto-lindig-sigill-blaetter-fuer-buch-und-kunst-avec-gravure-sur-bois-raucher-otto-lindig-fumeur-de-gerhard-marcks\\\/#primaryimage\"},\"image\":{\"@id\":\"https:\\\/\\\/www.robertzueblin.com\\\/fr\\\/livres\\\/otto-lindig-sigill-blaetter-fuer-buch-und-kunst-avec-gravure-sur-bois-raucher-otto-lindig-fumeur-de-gerhard-marcks\\\/#primaryimage\"},\"thumbnailUrl\":\"https:\\\/\\\/www.robertzueblin.com\\\/wp-content\\\/uploads\\\/livre-otto-lindig-feuilles-livre-art-gravure-bois-gerhard-marcks-couverture-avant.jpg\",\"datePublished\":\"2026-02-17T20:26:46+00:00\",\"dateModified\":\"2026-02-17T20:38:06+00:00\",\"description\":\"Otto Lindig : Bl\u00e4tter f\u00fcr Buch und Kunst avec gravure sur bois de Gerhard Marcks : Raucher (Otto Lindig), Otto Rohse Presse, Hambourg 1977.\",\"breadcrumb\":{\"@id\":\"https:\\\/\\\/www.robertzueblin.com\\\/fr\\\/livres\\\/otto-lindig-sigill-blaetter-fuer-buch-und-kunst-avec-gravure-sur-bois-raucher-otto-lindig-fumeur-de-gerhard-marcks\\\/#breadcrumb\"},\"inLanguage\":\"fr-FR\",\"potentialAction\":[{\"@type\":\"ReadAction\",\"target\":[\"https:\\\/\\\/www.robertzueblin.com\\\/fr\\\/livres\\\/otto-lindig-sigill-blaetter-fuer-buch-und-kunst-avec-gravure-sur-bois-raucher-otto-lindig-fumeur-de-gerhard-marcks\\\/\"]}]},{\"@type\":\"ImageObject\",\"inLanguage\":\"fr-FR\",\"@id\":\"https:\\\/\\\/www.robertzueblin.com\\\/fr\\\/livres\\\/otto-lindig-sigill-blaetter-fuer-buch-und-kunst-avec-gravure-sur-bois-raucher-otto-lindig-fumeur-de-gerhard-marcks\\\/#primaryimage\",\"url\":\"https:\\\/\\\/www.robertzueblin.com\\\/wp-content\\\/uploads\\\/livre-otto-lindig-feuilles-livre-art-gravure-bois-gerhard-marcks-couverture-avant.jpg\",\"contentUrl\":\"https:\\\/\\\/www.robertzueblin.com\\\/wp-content\\\/uploads\\\/livre-otto-lindig-feuilles-livre-art-gravure-bois-gerhard-marcks-couverture-avant.jpg\",\"width\":1000,\"height\":1541},{\"@type\":\"BreadcrumbList\",\"@id\":\"https:\\\/\\\/www.robertzueblin.com\\\/fr\\\/livres\\\/otto-lindig-sigill-blaetter-fuer-buch-und-kunst-avec-gravure-sur-bois-raucher-otto-lindig-fumeur-de-gerhard-marcks\\\/#breadcrumb\",\"itemListElement\":[{\"@type\":\"ListItem\",\"position\":1,\"name\":\"Startseite\",\"item\":\"https:\\\/\\\/www.robertzueblin.com\\\/fr\\\/\"},{\"@type\":\"ListItem\",\"position\":2,\"name\":\"Galerie d&#8217;art en ligne (boutique en ligne)\",\"item\":\"https:\\\/\\\/www.robertzueblin.com\\\/fr\\\/galerie-d-art-en-ligne\\\/\"},{\"@type\":\"ListItem\",\"position\":3,\"name\":\"Livre : Otto Lindig \u00ab Sigill. Bl\u00e4tter f\u00fcr Buch und Kunst. \u00bb (Sceau feuilles pour le livre et l&#8217;art.) \u2013 avec gravure sur bois \u00ab Raucher (Otto Lindig) \u00bb (Fumeur) de Gerhard Marcks\"}]},{\"@type\":\"WebSite\",\"@id\":\"https:\\\/\\\/www.robertzueblin.com\\\/fr\\\/#website\",\"url\":\"https:\\\/\\\/www.robertzueblin.com\\\/fr\\\/\",\"name\":\"ROBERT Z\u00dcBLIN\",\"description\":\"\",\"publisher\":{\"@id\":\"https:\\\/\\\/www.robertzueblin.com\\\/fr\\\/#organization\"},\"potentialAction\":[{\"@type\":\"SearchAction\",\"target\":{\"@type\":\"EntryPoint\",\"urlTemplate\":\"https:\\\/\\\/www.robertzueblin.com\\\/fr\\\/?s={search_term_string}\"},\"query-input\":{\"@type\":\"PropertyValueSpecification\",\"valueRequired\":true,\"valueName\":\"search_term_string\"}}],\"inLanguage\":\"fr-FR\"},{\"@type\":\"Organization\",\"@id\":\"https:\\\/\\\/www.robertzueblin.com\\\/fr\\\/#organization\",\"name\":\"ROBERT Z\u00dcBLIN\",\"url\":\"https:\\\/\\\/www.robertzueblin.com\\\/fr\\\/\",\"logo\":{\"@type\":\"ImageObject\",\"inLanguage\":\"fr-FR\",\"@id\":\"https:\\\/\\\/www.robertzueblin.com\\\/fr\\\/#\\\/schema\\\/logo\\\/image\\\/\",\"url\":\"https:\\\/\\\/www.robertzueblin.com\\\/wp-content\\\/uploads\\\/cropped-cropped-logo-von-robert-zueblin.jpg\",\"contentUrl\":\"https:\\\/\\\/www.robertzueblin.com\\\/wp-content\\\/uploads\\\/cropped-cropped-logo-von-robert-zueblin.jpg\",\"width\":440,\"height\":60,\"caption\":\"ROBERT Z\u00dcBLIN\"},\"image\":{\"@id\":\"https:\\\/\\\/www.robertzueblin.com\\\/fr\\\/#\\\/schema\\\/logo\\\/image\\\/\"}}]}<\/script>\n<!-- \/ Yoast SEO plugin. -->","yoast_head_json":{"title":"Livre : Otto Lindig \u2013 avec gravure sur bois de Gerhard Marcks","description":"Otto Lindig : Bl\u00e4tter f\u00fcr Buch und Kunst avec gravure sur bois de Gerhard Marcks : Raucher (Otto Lindig), Otto Rohse Presse, Hambourg 1977.","robots":{"index":"index","follow":"follow","max-snippet":"max-snippet:-1","max-image-preview":"max-image-preview:large","max-video-preview":"max-video-preview:-1"},"canonical":"https:\/\/www.robertzueblin.com\/fr\/livres\/otto-lindig-sigill-blaetter-fuer-buch-und-kunst-avec-gravure-sur-bois-raucher-otto-lindig-fumeur-de-gerhard-marcks\/","og_locale":"fr_FR","og_type":"article","og_title":"Livre : Otto Lindig \u2013 avec gravure sur bois de Gerhard Marcks","og_description":"Otto Lindig : Bl\u00e4tter f\u00fcr Buch und Kunst avec gravure sur bois de Gerhard Marcks : Raucher (Otto Lindig), Otto Rohse Presse, Hambourg 1977.","og_url":"https:\/\/www.robertzueblin.com\/fr\/livres\/otto-lindig-sigill-blaetter-fuer-buch-und-kunst-avec-gravure-sur-bois-raucher-otto-lindig-fumeur-de-gerhard-marcks\/","og_site_name":"ROBERT Z\u00dcBLIN","article_modified_time":"2026-02-17T20:38:06+00:00","og_image":[{"width":1000,"height":1541,"url":"https:\/\/www.robertzueblin.com\/wp-content\/uploads\/livre-otto-lindig-feuilles-livre-art-gravure-bois-gerhard-marcks-couverture-avant.jpg","type":"image\/jpeg"}],"twitter_card":"summary_large_image","schema":{"@context":"https:\/\/schema.org","@graph":[{"@type":"WebPage","@id":"https:\/\/www.robertzueblin.com\/fr\/livres\/otto-lindig-sigill-blaetter-fuer-buch-und-kunst-avec-gravure-sur-bois-raucher-otto-lindig-fumeur-de-gerhard-marcks\/","url":"https:\/\/www.robertzueblin.com\/fr\/livres\/otto-lindig-sigill-blaetter-fuer-buch-und-kunst-avec-gravure-sur-bois-raucher-otto-lindig-fumeur-de-gerhard-marcks\/","name":"Livre : Otto Lindig \u2013 avec gravure sur bois de Gerhard Marcks","isPartOf":{"@id":"https:\/\/www.robertzueblin.com\/fr\/#website"},"primaryImageOfPage":{"@id":"https:\/\/www.robertzueblin.com\/fr\/livres\/otto-lindig-sigill-blaetter-fuer-buch-und-kunst-avec-gravure-sur-bois-raucher-otto-lindig-fumeur-de-gerhard-marcks\/#primaryimage"},"image":{"@id":"https:\/\/www.robertzueblin.com\/fr\/livres\/otto-lindig-sigill-blaetter-fuer-buch-und-kunst-avec-gravure-sur-bois-raucher-otto-lindig-fumeur-de-gerhard-marcks\/#primaryimage"},"thumbnailUrl":"https:\/\/www.robertzueblin.com\/wp-content\/uploads\/livre-otto-lindig-feuilles-livre-art-gravure-bois-gerhard-marcks-couverture-avant.jpg","datePublished":"2026-02-17T20:26:46+00:00","dateModified":"2026-02-17T20:38:06+00:00","description":"Otto Lindig : Bl\u00e4tter f\u00fcr Buch und Kunst avec gravure sur bois de Gerhard Marcks : Raucher (Otto Lindig), Otto Rohse Presse, Hambourg 1977.","breadcrumb":{"@id":"https:\/\/www.robertzueblin.com\/fr\/livres\/otto-lindig-sigill-blaetter-fuer-buch-und-kunst-avec-gravure-sur-bois-raucher-otto-lindig-fumeur-de-gerhard-marcks\/#breadcrumb"},"inLanguage":"fr-FR","potentialAction":[{"@type":"ReadAction","target":["https:\/\/www.robertzueblin.com\/fr\/livres\/otto-lindig-sigill-blaetter-fuer-buch-und-kunst-avec-gravure-sur-bois-raucher-otto-lindig-fumeur-de-gerhard-marcks\/"]}]},{"@type":"ImageObject","inLanguage":"fr-FR","@id":"https:\/\/www.robertzueblin.com\/fr\/livres\/otto-lindig-sigill-blaetter-fuer-buch-und-kunst-avec-gravure-sur-bois-raucher-otto-lindig-fumeur-de-gerhard-marcks\/#primaryimage","url":"https:\/\/www.robertzueblin.com\/wp-content\/uploads\/livre-otto-lindig-feuilles-livre-art-gravure-bois-gerhard-marcks-couverture-avant.jpg","contentUrl":"https:\/\/www.robertzueblin.com\/wp-content\/uploads\/livre-otto-lindig-feuilles-livre-art-gravure-bois-gerhard-marcks-couverture-avant.jpg","width":1000,"height":1541},{"@type":"BreadcrumbList","@id":"https:\/\/www.robertzueblin.com\/fr\/livres\/otto-lindig-sigill-blaetter-fuer-buch-und-kunst-avec-gravure-sur-bois-raucher-otto-lindig-fumeur-de-gerhard-marcks\/#breadcrumb","itemListElement":[{"@type":"ListItem","position":1,"name":"Startseite","item":"https:\/\/www.robertzueblin.com\/fr\/"},{"@type":"ListItem","position":2,"name":"Galerie d&#8217;art en ligne (boutique en ligne)","item":"https:\/\/www.robertzueblin.com\/fr\/galerie-d-art-en-ligne\/"},{"@type":"ListItem","position":3,"name":"Livre : Otto Lindig \u00ab Sigill. Bl\u00e4tter f\u00fcr Buch und Kunst. \u00bb (Sceau feuilles pour le livre et l&#8217;art.) \u2013 avec gravure sur bois \u00ab Raucher (Otto Lindig) \u00bb (Fumeur) de Gerhard Marcks"}]},{"@type":"WebSite","@id":"https:\/\/www.robertzueblin.com\/fr\/#website","url":"https:\/\/www.robertzueblin.com\/fr\/","name":"ROBERT Z\u00dcBLIN","description":"","publisher":{"@id":"https:\/\/www.robertzueblin.com\/fr\/#organization"},"potentialAction":[{"@type":"SearchAction","target":{"@type":"EntryPoint","urlTemplate":"https:\/\/www.robertzueblin.com\/fr\/?s={search_term_string}"},"query-input":{"@type":"PropertyValueSpecification","valueRequired":true,"valueName":"search_term_string"}}],"inLanguage":"fr-FR"},{"@type":"Organization","@id":"https:\/\/www.robertzueblin.com\/fr\/#organization","name":"ROBERT Z\u00dcBLIN","url":"https:\/\/www.robertzueblin.com\/fr\/","logo":{"@type":"ImageObject","inLanguage":"fr-FR","@id":"https:\/\/www.robertzueblin.com\/fr\/#\/schema\/logo\/image\/","url":"https:\/\/www.robertzueblin.com\/wp-content\/uploads\/cropped-cropped-logo-von-robert-zueblin.jpg","contentUrl":"https:\/\/www.robertzueblin.com\/wp-content\/uploads\/cropped-cropped-logo-von-robert-zueblin.jpg","width":440,"height":60,"caption":"ROBERT Z\u00dcBLIN"},"image":{"@id":"https:\/\/www.robertzueblin.com\/fr\/#\/schema\/logo\/image\/"}}]}},"_links":{"self":[{"href":"https:\/\/www.robertzueblin.com\/fr\/wp-json\/wp\/v2\/product\/49487","targetHints":{"allow":["GET"]}}],"collection":[{"href":"https:\/\/www.robertzueblin.com\/fr\/wp-json\/wp\/v2\/product"}],"about":[{"href":"https:\/\/www.robertzueblin.com\/fr\/wp-json\/wp\/v2\/types\/product"}],"wp:featuredmedia":[{"embeddable":true,"href":"https:\/\/www.robertzueblin.com\/fr\/wp-json\/wp\/v2\/media\/49510"}],"wp:attachment":[{"href":"https:\/\/www.robertzueblin.com\/fr\/wp-json\/wp\/v2\/media?parent=49487"}],"wp:term":[{"taxonomy":"product_brand","embeddable":true,"href":"https:\/\/www.robertzueblin.com\/fr\/wp-json\/wp\/v2\/product_brand?post=49487"},{"taxonomy":"product_cat","embeddable":true,"href":"https:\/\/www.robertzueblin.com\/fr\/wp-json\/wp\/v2\/product_cat?post=49487"},{"taxonomy":"product_tag","embeddable":true,"href":"https:\/\/www.robertzueblin.com\/fr\/wp-json\/wp\/v2\/product_tag?post=49487"}],"curies":[{"name":"wp","href":"https:\/\/api.w.org\/{rel}","templated":true}]}}