{"id":48723,"date":"2025-12-23T14:50:57","date_gmt":"2025-12-23T13:50:57","guid":{"rendered":"https:\/\/www.robertzueblin.com\/?post_type=product&#038;p=48723"},"modified":"2026-01-13T16:29:26","modified_gmt":"2026-01-13T15:29:26","slug":"karl-mostboeck-1921-%e2%80%a0-2013-aquarelle-dans-le-style-de-lart-informel-datant-de-1967","status":"publish","type":"product","link":"https:\/\/www.robertzueblin.com\/fr\/karl-mostboeck\/aquarelle-dans-le-style-de-lart-informel-datant-de-1967\/","title":{"rendered":"Karl MOSTB\u00d6CK (* 1921, \u2020 2013) \u2013 Aquarelle dans le style de l&rsquo;art informel datant de 1967"},"content":{"rendered":"<p><span style=\"font-family: AkkoPro-BoldCondensed!important\">Type :<\/span> <a href=\"\/?post_format=peinture\">tableaux d\u2019art<\/a><\/p>\n<p><span style=\"font-family: AkkoPro-BoldCondensed!important\">Peintre :<\/span> <a href=\"https:\/\/www.robertzueblin.com\/fr\/karl-mostboeck\/\">Karl MOSTB\u00d6CK<\/a> (* 1921, \u2020 2013)<\/p>\n<p><span style=\"font-family: AkkoPro-BoldCondensed!important\">Objet :<\/span> aquarelle<\/p>\n<p><span style=\"font-family: AkkoPro-BoldCondensed!important\">Mat\u00e9riau :<\/span> aquarelle sur papier<\/p>\n<p><span style=\"font-family: AkkoPro-BoldCondensed!important\">Dimensions :<\/span>  hauteur : 27,8 cm, largeur : 35 cm ; cadre : hauteur : 46 cm, largeur : 52,5 cm<\/p>\n<p><span style=\"font-family: AkkoPro-BoldCondensed!important\">P\u00e9riode de production :<\/span> 1967<\/p>\n<p><span style=\"font-family: AkkoPro-BoldCondensed!important\">\u00c9tat :<\/span> bon \u00e9tat ; traces d&rsquo;usure sur le cadre.<\/p>\n<p><span style=\"font-family: AkkoPro-BoldCondensed!important\">Signature :<\/span> K. Mostb\u00f6ck<\/p>\n<p><span style=\"font-family: AkkoPro-BoldCondensed!important\">D\u00e9tail :<\/span><br \/>\nCette aquarelle du peintre autrichien Karl Mostb\u00f6ck date de 1967 et est peinte dans le style informel caract\u00e9ristique de Mostb\u00f6ck. Elle est id\u00e9ale pour les personnes int\u00e9ress\u00e9es par l&rsquo;achat d&rsquo;aquarelles de Karl Mostb\u00f6ck. <\/p>\n","protected":false},"excerpt":{"rendered":"<p>Type : tableaux d\u2019art Peintre : Karl MOSTB\u00d6CK (* 1921, \u2020 2013) Objet : aquarelle Mat\u00e9riau : aquarelle sur papier Dimensions : hauteur : 27,8 cm, largeur : 35 cm ; cadre : hauteur : 46 cm, largeur : 52,5 cm P\u00e9riode de production : 1967 \u00c9tat : bon \u00e9tat ; traces d&rsquo;usure sur le [&hellip;]<\/p>\n","protected":false},"featured_media":48727,"template":"","meta":[],"product_brand":[],"product_cat":[776,916],"product_tag":[],"class_list":{"0":"post-48723","1":"product","2":"type-product","3":"status-publish","4":"has-post-thumbnail","6":"product_cat-peinture","7":"product_cat-karl-mostboeck","9":"first","10":"instock","11":"sold-individually","12":"shipping-taxable","13":"purchasable","14":"product-type-simple"},"yoast_head":"<!-- This site is optimized with the Yoast SEO plugin v27.4 - https:\/\/yoast.com\/product\/yoast-seo-wordpress\/ -->\n<title>Karl MOSTB\u00d6CK \u2013 Aquarelle dans le style de l&#039;art informel de 1967<\/title>\n<meta name=\"description\" content=\"Aquarelle du peintre autrichien Karl Mostb\u00f6ck dans le style de l&#039;art informel, datant de 1967, rappelant les \u0153uvres du peintre Julius Bissier.\" \/>\n<meta name=\"robots\" content=\"index, follow, max-snippet:-1, max-image-preview:large, max-video-preview:-1\" \/>\n<link rel=\"canonical\" href=\"https:\/\/www.robertzueblin.com\/fr\/karl-mostboeck\/aquarelle-dans-le-style-de-lart-informel-datant-de-1967\/\" \/>\n<meta property=\"og:locale\" content=\"fr_FR\" \/>\n<meta property=\"og:type\" content=\"article\" \/>\n<meta property=\"og:title\" content=\"Karl MOSTB\u00d6CK \u2013 Aquarelle dans le style de l&#039;art informel de 1967\" \/>\n<meta property=\"og:description\" content=\"Aquarelle du peintre autrichien Karl Mostb\u00f6ck dans le style de l&#039;art informel, datant de 1967, rappelant les \u0153uvres du peintre Julius Bissier.\" \/>\n<meta property=\"og:url\" content=\"https:\/\/www.robertzueblin.com\/fr\/karl-mostboeck\/aquarelle-dans-le-style-de-lart-informel-datant-de-1967\/\" \/>\n<meta property=\"og:site_name\" content=\"ROBERT Z\u00dcBLIN\" \/>\n<meta property=\"article:modified_time\" content=\"2026-01-13T15:29:26+00:00\" \/>\n<meta property=\"og:image\" content=\"https:\/\/www.robertzueblin.com\/wp-content\/uploads\/karl-mostboeck-aquarelle-style-art-informel-1967-photo-couverture.jpg\" \/>\n\t<meta property=\"og:image:width\" content=\"978\" \/>\n\t<meta property=\"og:image:height\" content=\"788\" \/>\n\t<meta property=\"og:image:type\" content=\"image\/jpeg\" \/>\n<meta name=\"twitter:card\" content=\"summary_large_image\" \/>\n<script type=\"application\/ld+json\" class=\"yoast-schema-graph\">{\"@context\":\"https:\\\/\\\/schema.org\",\"@graph\":[{\"@type\":\"WebPage\",\"@id\":\"https:\\\/\\\/www.robertzueblin.com\\\/fr\\\/karl-mostboeck\\\/aquarelle-dans-le-style-de-lart-informel-datant-de-1967\\\/\",\"url\":\"https:\\\/\\\/www.robertzueblin.com\\\/fr\\\/karl-mostboeck\\\/aquarelle-dans-le-style-de-lart-informel-datant-de-1967\\\/\",\"name\":\"Karl MOSTB\u00d6CK \u2013 Aquarelle dans le style de l'art informel de 1967\",\"isPartOf\":{\"@id\":\"https:\\\/\\\/www.robertzueblin.com\\\/fr\\\/#website\"},\"primaryImageOfPage\":{\"@id\":\"https:\\\/\\\/www.robertzueblin.com\\\/fr\\\/karl-mostboeck\\\/aquarelle-dans-le-style-de-lart-informel-datant-de-1967\\\/#primaryimage\"},\"image\":{\"@id\":\"https:\\\/\\\/www.robertzueblin.com\\\/fr\\\/karl-mostboeck\\\/aquarelle-dans-le-style-de-lart-informel-datant-de-1967\\\/#primaryimage\"},\"thumbnailUrl\":\"https:\\\/\\\/www.robertzueblin.com\\\/wp-content\\\/uploads\\\/karl-mostboeck-aquarelle-style-art-informel-1967-photo-couverture.jpg\",\"datePublished\":\"2025-12-23T13:50:57+00:00\",\"dateModified\":\"2026-01-13T15:29:26+00:00\",\"description\":\"Aquarelle du peintre autrichien Karl Mostb\u00f6ck dans le style de l'art informel, datant de 1967, rappelant les \u0153uvres du peintre Julius Bissier.\",\"breadcrumb\":{\"@id\":\"https:\\\/\\\/www.robertzueblin.com\\\/fr\\\/karl-mostboeck\\\/aquarelle-dans-le-style-de-lart-informel-datant-de-1967\\\/#breadcrumb\"},\"inLanguage\":\"fr-FR\",\"potentialAction\":[{\"@type\":\"ReadAction\",\"target\":[\"https:\\\/\\\/www.robertzueblin.com\\\/fr\\\/karl-mostboeck\\\/aquarelle-dans-le-style-de-lart-informel-datant-de-1967\\\/\"]}]},{\"@type\":\"ImageObject\",\"inLanguage\":\"fr-FR\",\"@id\":\"https:\\\/\\\/www.robertzueblin.com\\\/fr\\\/karl-mostboeck\\\/aquarelle-dans-le-style-de-lart-informel-datant-de-1967\\\/#primaryimage\",\"url\":\"https:\\\/\\\/www.robertzueblin.com\\\/wp-content\\\/uploads\\\/karl-mostboeck-aquarelle-style-art-informel-1967-photo-couverture.jpg\",\"contentUrl\":\"https:\\\/\\\/www.robertzueblin.com\\\/wp-content\\\/uploads\\\/karl-mostboeck-aquarelle-style-art-informel-1967-photo-couverture.jpg\",\"width\":978,\"height\":788},{\"@type\":\"BreadcrumbList\",\"@id\":\"https:\\\/\\\/www.robertzueblin.com\\\/fr\\\/karl-mostboeck\\\/aquarelle-dans-le-style-de-lart-informel-datant-de-1967\\\/#breadcrumb\",\"itemListElement\":[{\"@type\":\"ListItem\",\"position\":1,\"name\":\"Startseite\",\"item\":\"https:\\\/\\\/www.robertzueblin.com\\\/fr\\\/\"},{\"@type\":\"ListItem\",\"position\":2,\"name\":\"Galerie d&#8217;art en ligne (boutique en ligne)\",\"item\":\"https:\\\/\\\/www.robertzueblin.com\\\/fr\\\/galerie-d-art-en-ligne\\\/\"},{\"@type\":\"ListItem\",\"position\":3,\"name\":\"Karl MOSTB\u00d6CK (* 1921, \u2020 2013) \u2013 Aquarelle dans le style de l&#8217;art informel datant de 1967\"}]},{\"@type\":\"WebSite\",\"@id\":\"https:\\\/\\\/www.robertzueblin.com\\\/fr\\\/#website\",\"url\":\"https:\\\/\\\/www.robertzueblin.com\\\/fr\\\/\",\"name\":\"ROBERT Z\u00dcBLIN\",\"description\":\"\",\"publisher\":{\"@id\":\"https:\\\/\\\/www.robertzueblin.com\\\/fr\\\/#organization\"},\"potentialAction\":[{\"@type\":\"SearchAction\",\"target\":{\"@type\":\"EntryPoint\",\"urlTemplate\":\"https:\\\/\\\/www.robertzueblin.com\\\/fr\\\/?s={search_term_string}\"},\"query-input\":{\"@type\":\"PropertyValueSpecification\",\"valueRequired\":true,\"valueName\":\"search_term_string\"}}],\"inLanguage\":\"fr-FR\"},{\"@type\":\"Organization\",\"@id\":\"https:\\\/\\\/www.robertzueblin.com\\\/fr\\\/#organization\",\"name\":\"ROBERT Z\u00dcBLIN\",\"url\":\"https:\\\/\\\/www.robertzueblin.com\\\/fr\\\/\",\"logo\":{\"@type\":\"ImageObject\",\"inLanguage\":\"fr-FR\",\"@id\":\"https:\\\/\\\/www.robertzueblin.com\\\/fr\\\/#\\\/schema\\\/logo\\\/image\\\/\",\"url\":\"https:\\\/\\\/www.robertzueblin.com\\\/wp-content\\\/uploads\\\/cropped-cropped-logo-von-robert-zueblin.jpg\",\"contentUrl\":\"https:\\\/\\\/www.robertzueblin.com\\\/wp-content\\\/uploads\\\/cropped-cropped-logo-von-robert-zueblin.jpg\",\"width\":440,\"height\":60,\"caption\":\"ROBERT Z\u00dcBLIN\"},\"image\":{\"@id\":\"https:\\\/\\\/www.robertzueblin.com\\\/fr\\\/#\\\/schema\\\/logo\\\/image\\\/\"}}]}<\/script>\n<!-- \/ Yoast SEO plugin. -->","yoast_head_json":{"title":"Karl MOSTB\u00d6CK \u2013 Aquarelle dans le style de l'art informel de 1967","description":"Aquarelle du peintre autrichien Karl Mostb\u00f6ck dans le style de l'art informel, datant de 1967, rappelant les \u0153uvres du peintre Julius Bissier.","robots":{"index":"index","follow":"follow","max-snippet":"max-snippet:-1","max-image-preview":"max-image-preview:large","max-video-preview":"max-video-preview:-1"},"canonical":"https:\/\/www.robertzueblin.com\/fr\/karl-mostboeck\/aquarelle-dans-le-style-de-lart-informel-datant-de-1967\/","og_locale":"fr_FR","og_type":"article","og_title":"Karl MOSTB\u00d6CK \u2013 Aquarelle dans le style de l'art informel de 1967","og_description":"Aquarelle du peintre autrichien Karl Mostb\u00f6ck dans le style de l'art informel, datant de 1967, rappelant les \u0153uvres du peintre Julius Bissier.","og_url":"https:\/\/www.robertzueblin.com\/fr\/karl-mostboeck\/aquarelle-dans-le-style-de-lart-informel-datant-de-1967\/","og_site_name":"ROBERT Z\u00dcBLIN","article_modified_time":"2026-01-13T15:29:26+00:00","og_image":[{"width":978,"height":788,"url":"https:\/\/www.robertzueblin.com\/wp-content\/uploads\/karl-mostboeck-aquarelle-style-art-informel-1967-photo-couverture.jpg","type":"image\/jpeg"}],"twitter_card":"summary_large_image","schema":{"@context":"https:\/\/schema.org","@graph":[{"@type":"WebPage","@id":"https:\/\/www.robertzueblin.com\/fr\/karl-mostboeck\/aquarelle-dans-le-style-de-lart-informel-datant-de-1967\/","url":"https:\/\/www.robertzueblin.com\/fr\/karl-mostboeck\/aquarelle-dans-le-style-de-lart-informel-datant-de-1967\/","name":"Karl MOSTB\u00d6CK \u2013 Aquarelle dans le style de l'art informel de 1967","isPartOf":{"@id":"https:\/\/www.robertzueblin.com\/fr\/#website"},"primaryImageOfPage":{"@id":"https:\/\/www.robertzueblin.com\/fr\/karl-mostboeck\/aquarelle-dans-le-style-de-lart-informel-datant-de-1967\/#primaryimage"},"image":{"@id":"https:\/\/www.robertzueblin.com\/fr\/karl-mostboeck\/aquarelle-dans-le-style-de-lart-informel-datant-de-1967\/#primaryimage"},"thumbnailUrl":"https:\/\/www.robertzueblin.com\/wp-content\/uploads\/karl-mostboeck-aquarelle-style-art-informel-1967-photo-couverture.jpg","datePublished":"2025-12-23T13:50:57+00:00","dateModified":"2026-01-13T15:29:26+00:00","description":"Aquarelle du peintre autrichien Karl Mostb\u00f6ck dans le style de l'art informel, datant de 1967, rappelant les \u0153uvres du peintre Julius Bissier.","breadcrumb":{"@id":"https:\/\/www.robertzueblin.com\/fr\/karl-mostboeck\/aquarelle-dans-le-style-de-lart-informel-datant-de-1967\/#breadcrumb"},"inLanguage":"fr-FR","potentialAction":[{"@type":"ReadAction","target":["https:\/\/www.robertzueblin.com\/fr\/karl-mostboeck\/aquarelle-dans-le-style-de-lart-informel-datant-de-1967\/"]}]},{"@type":"ImageObject","inLanguage":"fr-FR","@id":"https:\/\/www.robertzueblin.com\/fr\/karl-mostboeck\/aquarelle-dans-le-style-de-lart-informel-datant-de-1967\/#primaryimage","url":"https:\/\/www.robertzueblin.com\/wp-content\/uploads\/karl-mostboeck-aquarelle-style-art-informel-1967-photo-couverture.jpg","contentUrl":"https:\/\/www.robertzueblin.com\/wp-content\/uploads\/karl-mostboeck-aquarelle-style-art-informel-1967-photo-couverture.jpg","width":978,"height":788},{"@type":"BreadcrumbList","@id":"https:\/\/www.robertzueblin.com\/fr\/karl-mostboeck\/aquarelle-dans-le-style-de-lart-informel-datant-de-1967\/#breadcrumb","itemListElement":[{"@type":"ListItem","position":1,"name":"Startseite","item":"https:\/\/www.robertzueblin.com\/fr\/"},{"@type":"ListItem","position":2,"name":"Galerie d&#8217;art en ligne (boutique en ligne)","item":"https:\/\/www.robertzueblin.com\/fr\/galerie-d-art-en-ligne\/"},{"@type":"ListItem","position":3,"name":"Karl MOSTB\u00d6CK (* 1921, \u2020 2013) \u2013 Aquarelle dans le style de l&#8217;art informel datant de 1967"}]},{"@type":"WebSite","@id":"https:\/\/www.robertzueblin.com\/fr\/#website","url":"https:\/\/www.robertzueblin.com\/fr\/","name":"ROBERT Z\u00dcBLIN","description":"","publisher":{"@id":"https:\/\/www.robertzueblin.com\/fr\/#organization"},"potentialAction":[{"@type":"SearchAction","target":{"@type":"EntryPoint","urlTemplate":"https:\/\/www.robertzueblin.com\/fr\/?s={search_term_string}"},"query-input":{"@type":"PropertyValueSpecification","valueRequired":true,"valueName":"search_term_string"}}],"inLanguage":"fr-FR"},{"@type":"Organization","@id":"https:\/\/www.robertzueblin.com\/fr\/#organization","name":"ROBERT Z\u00dcBLIN","url":"https:\/\/www.robertzueblin.com\/fr\/","logo":{"@type":"ImageObject","inLanguage":"fr-FR","@id":"https:\/\/www.robertzueblin.com\/fr\/#\/schema\/logo\/image\/","url":"https:\/\/www.robertzueblin.com\/wp-content\/uploads\/cropped-cropped-logo-von-robert-zueblin.jpg","contentUrl":"https:\/\/www.robertzueblin.com\/wp-content\/uploads\/cropped-cropped-logo-von-robert-zueblin.jpg","width":440,"height":60,"caption":"ROBERT Z\u00dcBLIN"},"image":{"@id":"https:\/\/www.robertzueblin.com\/fr\/#\/schema\/logo\/image\/"}}]}},"_links":{"self":[{"href":"https:\/\/www.robertzueblin.com\/fr\/wp-json\/wp\/v2\/product\/48723","targetHints":{"allow":["GET"]}}],"collection":[{"href":"https:\/\/www.robertzueblin.com\/fr\/wp-json\/wp\/v2\/product"}],"about":[{"href":"https:\/\/www.robertzueblin.com\/fr\/wp-json\/wp\/v2\/types\/product"}],"wp:featuredmedia":[{"embeddable":true,"href":"https:\/\/www.robertzueblin.com\/fr\/wp-json\/wp\/v2\/media\/48727"}],"wp:attachment":[{"href":"https:\/\/www.robertzueblin.com\/fr\/wp-json\/wp\/v2\/media?parent=48723"}],"wp:term":[{"taxonomy":"product_brand","embeddable":true,"href":"https:\/\/www.robertzueblin.com\/fr\/wp-json\/wp\/v2\/product_brand?post=48723"},{"taxonomy":"product_cat","embeddable":true,"href":"https:\/\/www.robertzueblin.com\/fr\/wp-json\/wp\/v2\/product_cat?post=48723"},{"taxonomy":"product_tag","embeddable":true,"href":"https:\/\/www.robertzueblin.com\/fr\/wp-json\/wp\/v2\/product_tag?post=48723"}],"curies":[{"name":"wp","href":"https:\/\/api.w.org\/{rel}","templated":true}]}}