{"id":47941,"date":"2025-11-08T13:11:20","date_gmt":"2025-11-08T12:11:20","guid":{"rendered":"https:\/\/www.robertzueblin.com\/?post_type=product&#038;p=47941"},"modified":"2026-03-31T18:54:05","modified_gmt":"2026-03-31T16:54:05","slug":"madone-noire-einsiedeln-sous-forme-de-madone-a-gratter","status":"publish","type":"product","link":"https:\/\/www.robertzueblin.com\/fr\/madone-a-gratter\/madone-noire-einsiedeln\/","title":{"rendered":"Madone noire (Einsiedeln) sous forme de madone \u00e0 gratter"},"content":{"rendered":"<p><span style=\"font-family: AkkoPro-BoldCondensed!important\">Type :<\/span> figurine \u00e0 gratter<\/p>\n<p><span style=\"font-family: AkkoPro-BoldCondensed!important\">Atelier :<\/span> inconnu<\/p>\n<p><span style=\"font-family: AkkoPro-BoldCondensed!important\">Objet :<\/span> figurine<\/p>\n<p><span style=\"font-family: AkkoPro-BoldCondensed!important\">Mat\u00e9riau :<\/span> Probablement argile (non cuite) et couleurs<\/p>\n<p><span style=\"font-family: AkkoPro-BoldCondensed!important\">Dimensions :<\/span> hauteur : 7,2 cm, largeur : 2 cm, profondeur : 1 cm<\/p>\n<p><span style=\"font-family: AkkoPro-BoldCondensed!important\">P\u00e9riode de fabrication :<\/span> XIXe ou XXe si\u00e8cle<\/p>\n<p><span style=\"font-family: AkkoPro-BoldCondensed!important\">\u00c9tat :<\/span> perte partielle de peinture et d&rsquo;argile<\/p>\n<p><span style=\"font-family: AkkoPro-BoldCondensed!important\">Signature\/marque :<\/span> sans<\/p>\n<p><span style=\"font-family: AkkoPro-BoldCondensed!important\">D\u00e9tails :<\/span><br \/>\nCette madone \u00e0 gratter repr\u00e9sente probablement la Vierge noire d&rsquo;Einsiedeln (Suisse). La figurine \u00e0 gratter est vendue uniquement \u00e0 des fins d\u00e9coratives et non pour \u00eatre utilis\u00e9e comme figurine \u00e0 gratter.<\/p>\n","protected":false},"excerpt":{"rendered":"<p><span style=\"color: #e2401c;\">&#x25cf;<\/span><span> vendu<\/span><\/p>\n","protected":false},"featured_media":47943,"template":"","meta":[],"product_brand":[],"product_cat":[885],"product_tag":[],"class_list":{"0":"post-47941","1":"product","2":"type-product","3":"status-publish","4":"has-post-thumbnail","6":"product_cat-madone-a-gratter","8":"first","9":"outofstock","10":"sold-individually","11":"shipping-taxable","12":"product-type-simple"},"yoast_head":"<!-- This site is optimized with the Yoast SEO plugin v27.4 - https:\/\/yoast.com\/product\/yoast-seo-wordpress\/ -->\n<title>Madone \u00e0 gratter : Vierge noire (Einsiedeln) - figurine \u00e0 gratter<\/title>\n<meta name=\"description\" content=\"Madone \u00e0 gratter repr\u00e9sentant probablement la Vierge noire d&#039;Einsiedeln (Suisse) sous forme de figurine \u00e0 gratter datant du XIXe ou XXe si\u00e8cle.\" \/>\n<meta name=\"robots\" content=\"index, follow, max-snippet:-1, max-image-preview:large, max-video-preview:-1\" \/>\n<link rel=\"canonical\" href=\"https:\/\/www.robertzueblin.com\/fr\/madone-a-gratter\/madone-noire-einsiedeln\/\" \/>\n<meta property=\"og:locale\" content=\"fr_FR\" \/>\n<meta property=\"og:type\" content=\"article\" \/>\n<meta property=\"og:title\" content=\"Madone \u00e0 gratter : Vierge noire (Einsiedeln) - figurine \u00e0 gratter\" \/>\n<meta property=\"og:description\" content=\"Madone \u00e0 gratter repr\u00e9sentant probablement la Vierge noire d&#039;Einsiedeln (Suisse) sous forme de figurine \u00e0 gratter datant du XIXe ou XXe si\u00e8cle.\" \/>\n<meta property=\"og:url\" content=\"https:\/\/www.robertzueblin.com\/fr\/madone-a-gratter\/madone-noire-einsiedeln\/\" \/>\n<meta property=\"og:site_name\" content=\"ROBERT Z\u00dcBLIN\" \/>\n<meta property=\"article:modified_time\" content=\"2026-03-31T16:54:05+00:00\" \/>\n<meta property=\"og:image\" content=\"https:\/\/www.robertzueblin.com\/wp-content\/uploads\/madone-gratter-einsiedeln-madone-noire-photo-couverture.jpg\" \/>\n\t<meta property=\"og:image:width\" content=\"1000\" \/>\n\t<meta property=\"og:image:height\" content=\"1000\" \/>\n\t<meta property=\"og:image:type\" content=\"image\/jpeg\" \/>\n<meta name=\"twitter:card\" content=\"summary_large_image\" \/>\n<script type=\"application\/ld+json\" class=\"yoast-schema-graph\">{\"@context\":\"https:\\\/\\\/schema.org\",\"@graph\":[{\"@type\":\"WebPage\",\"@id\":\"https:\\\/\\\/www.robertzueblin.com\\\/fr\\\/madone-a-gratter\\\/madone-noire-einsiedeln\\\/\",\"url\":\"https:\\\/\\\/www.robertzueblin.com\\\/fr\\\/madone-a-gratter\\\/madone-noire-einsiedeln\\\/\",\"name\":\"Madone \u00e0 gratter : Vierge noire (Einsiedeln) - figurine \u00e0 gratter\",\"isPartOf\":{\"@id\":\"https:\\\/\\\/www.robertzueblin.com\\\/fr\\\/#website\"},\"primaryImageOfPage\":{\"@id\":\"https:\\\/\\\/www.robertzueblin.com\\\/fr\\\/madone-a-gratter\\\/madone-noire-einsiedeln\\\/#primaryimage\"},\"image\":{\"@id\":\"https:\\\/\\\/www.robertzueblin.com\\\/fr\\\/madone-a-gratter\\\/madone-noire-einsiedeln\\\/#primaryimage\"},\"thumbnailUrl\":\"https:\\\/\\\/www.robertzueblin.com\\\/wp-content\\\/uploads\\\/madone-gratter-einsiedeln-madone-noire-photo-couverture.jpg\",\"datePublished\":\"2025-11-08T12:11:20+00:00\",\"dateModified\":\"2026-03-31T16:54:05+00:00\",\"description\":\"Madone \u00e0 gratter repr\u00e9sentant probablement la Vierge noire d'Einsiedeln (Suisse) sous forme de figurine \u00e0 gratter datant du XIXe ou XXe si\u00e8cle.\",\"breadcrumb\":{\"@id\":\"https:\\\/\\\/www.robertzueblin.com\\\/fr\\\/madone-a-gratter\\\/madone-noire-einsiedeln\\\/#breadcrumb\"},\"inLanguage\":\"fr-FR\",\"potentialAction\":[{\"@type\":\"ReadAction\",\"target\":[\"https:\\\/\\\/www.robertzueblin.com\\\/fr\\\/madone-a-gratter\\\/madone-noire-einsiedeln\\\/\"]}]},{\"@type\":\"ImageObject\",\"inLanguage\":\"fr-FR\",\"@id\":\"https:\\\/\\\/www.robertzueblin.com\\\/fr\\\/madone-a-gratter\\\/madone-noire-einsiedeln\\\/#primaryimage\",\"url\":\"https:\\\/\\\/www.robertzueblin.com\\\/wp-content\\\/uploads\\\/madone-gratter-einsiedeln-madone-noire-photo-couverture.jpg\",\"contentUrl\":\"https:\\\/\\\/www.robertzueblin.com\\\/wp-content\\\/uploads\\\/madone-gratter-einsiedeln-madone-noire-photo-couverture.jpg\",\"width\":1000,\"height\":1000},{\"@type\":\"BreadcrumbList\",\"@id\":\"https:\\\/\\\/www.robertzueblin.com\\\/fr\\\/madone-a-gratter\\\/madone-noire-einsiedeln\\\/#breadcrumb\",\"itemListElement\":[{\"@type\":\"ListItem\",\"position\":1,\"name\":\"Startseite\",\"item\":\"https:\\\/\\\/www.robertzueblin.com\\\/fr\\\/\"},{\"@type\":\"ListItem\",\"position\":2,\"name\":\"Galerie d&#8217;art en ligne (boutique en ligne)\",\"item\":\"https:\\\/\\\/www.robertzueblin.com\\\/fr\\\/galerie-d-art-en-ligne\\\/\"},{\"@type\":\"ListItem\",\"position\":3,\"name\":\"Madone noire (Einsiedeln) sous forme de madone \u00e0 gratter\"}]},{\"@type\":\"WebSite\",\"@id\":\"https:\\\/\\\/www.robertzueblin.com\\\/fr\\\/#website\",\"url\":\"https:\\\/\\\/www.robertzueblin.com\\\/fr\\\/\",\"name\":\"ROBERT Z\u00dcBLIN\",\"description\":\"\",\"publisher\":{\"@id\":\"https:\\\/\\\/www.robertzueblin.com\\\/fr\\\/#organization\"},\"potentialAction\":[{\"@type\":\"SearchAction\",\"target\":{\"@type\":\"EntryPoint\",\"urlTemplate\":\"https:\\\/\\\/www.robertzueblin.com\\\/fr\\\/?s={search_term_string}\"},\"query-input\":{\"@type\":\"PropertyValueSpecification\",\"valueRequired\":true,\"valueName\":\"search_term_string\"}}],\"inLanguage\":\"fr-FR\"},{\"@type\":\"Organization\",\"@id\":\"https:\\\/\\\/www.robertzueblin.com\\\/fr\\\/#organization\",\"name\":\"ROBERT Z\u00dcBLIN\",\"url\":\"https:\\\/\\\/www.robertzueblin.com\\\/fr\\\/\",\"logo\":{\"@type\":\"ImageObject\",\"inLanguage\":\"fr-FR\",\"@id\":\"https:\\\/\\\/www.robertzueblin.com\\\/fr\\\/#\\\/schema\\\/logo\\\/image\\\/\",\"url\":\"https:\\\/\\\/www.robertzueblin.com\\\/wp-content\\\/uploads\\\/cropped-cropped-logo-von-robert-zueblin.jpg\",\"contentUrl\":\"https:\\\/\\\/www.robertzueblin.com\\\/wp-content\\\/uploads\\\/cropped-cropped-logo-von-robert-zueblin.jpg\",\"width\":440,\"height\":60,\"caption\":\"ROBERT Z\u00dcBLIN\"},\"image\":{\"@id\":\"https:\\\/\\\/www.robertzueblin.com\\\/fr\\\/#\\\/schema\\\/logo\\\/image\\\/\"}}]}<\/script>\n<!-- \/ Yoast SEO plugin. -->","yoast_head_json":{"title":"Madone \u00e0 gratter : Vierge noire (Einsiedeln) - figurine \u00e0 gratter","description":"Madone \u00e0 gratter repr\u00e9sentant probablement la Vierge noire d'Einsiedeln (Suisse) sous forme de figurine \u00e0 gratter datant du XIXe ou XXe si\u00e8cle.","robots":{"index":"index","follow":"follow","max-snippet":"max-snippet:-1","max-image-preview":"max-image-preview:large","max-video-preview":"max-video-preview:-1"},"canonical":"https:\/\/www.robertzueblin.com\/fr\/madone-a-gratter\/madone-noire-einsiedeln\/","og_locale":"fr_FR","og_type":"article","og_title":"Madone \u00e0 gratter : Vierge noire (Einsiedeln) - figurine \u00e0 gratter","og_description":"Madone \u00e0 gratter repr\u00e9sentant probablement la Vierge noire d'Einsiedeln (Suisse) sous forme de figurine \u00e0 gratter datant du XIXe ou XXe si\u00e8cle.","og_url":"https:\/\/www.robertzueblin.com\/fr\/madone-a-gratter\/madone-noire-einsiedeln\/","og_site_name":"ROBERT Z\u00dcBLIN","article_modified_time":"2026-03-31T16:54:05+00:00","og_image":[{"width":1000,"height":1000,"url":"https:\/\/www.robertzueblin.com\/wp-content\/uploads\/madone-gratter-einsiedeln-madone-noire-photo-couverture.jpg","type":"image\/jpeg"}],"twitter_card":"summary_large_image","schema":{"@context":"https:\/\/schema.org","@graph":[{"@type":"WebPage","@id":"https:\/\/www.robertzueblin.com\/fr\/madone-a-gratter\/madone-noire-einsiedeln\/","url":"https:\/\/www.robertzueblin.com\/fr\/madone-a-gratter\/madone-noire-einsiedeln\/","name":"Madone \u00e0 gratter : Vierge noire (Einsiedeln) - figurine \u00e0 gratter","isPartOf":{"@id":"https:\/\/www.robertzueblin.com\/fr\/#website"},"primaryImageOfPage":{"@id":"https:\/\/www.robertzueblin.com\/fr\/madone-a-gratter\/madone-noire-einsiedeln\/#primaryimage"},"image":{"@id":"https:\/\/www.robertzueblin.com\/fr\/madone-a-gratter\/madone-noire-einsiedeln\/#primaryimage"},"thumbnailUrl":"https:\/\/www.robertzueblin.com\/wp-content\/uploads\/madone-gratter-einsiedeln-madone-noire-photo-couverture.jpg","datePublished":"2025-11-08T12:11:20+00:00","dateModified":"2026-03-31T16:54:05+00:00","description":"Madone \u00e0 gratter repr\u00e9sentant probablement la Vierge noire d'Einsiedeln (Suisse) sous forme de figurine \u00e0 gratter datant du XIXe ou XXe si\u00e8cle.","breadcrumb":{"@id":"https:\/\/www.robertzueblin.com\/fr\/madone-a-gratter\/madone-noire-einsiedeln\/#breadcrumb"},"inLanguage":"fr-FR","potentialAction":[{"@type":"ReadAction","target":["https:\/\/www.robertzueblin.com\/fr\/madone-a-gratter\/madone-noire-einsiedeln\/"]}]},{"@type":"ImageObject","inLanguage":"fr-FR","@id":"https:\/\/www.robertzueblin.com\/fr\/madone-a-gratter\/madone-noire-einsiedeln\/#primaryimage","url":"https:\/\/www.robertzueblin.com\/wp-content\/uploads\/madone-gratter-einsiedeln-madone-noire-photo-couverture.jpg","contentUrl":"https:\/\/www.robertzueblin.com\/wp-content\/uploads\/madone-gratter-einsiedeln-madone-noire-photo-couverture.jpg","width":1000,"height":1000},{"@type":"BreadcrumbList","@id":"https:\/\/www.robertzueblin.com\/fr\/madone-a-gratter\/madone-noire-einsiedeln\/#breadcrumb","itemListElement":[{"@type":"ListItem","position":1,"name":"Startseite","item":"https:\/\/www.robertzueblin.com\/fr\/"},{"@type":"ListItem","position":2,"name":"Galerie d&#8217;art en ligne (boutique en ligne)","item":"https:\/\/www.robertzueblin.com\/fr\/galerie-d-art-en-ligne\/"},{"@type":"ListItem","position":3,"name":"Madone noire (Einsiedeln) sous forme de madone \u00e0 gratter"}]},{"@type":"WebSite","@id":"https:\/\/www.robertzueblin.com\/fr\/#website","url":"https:\/\/www.robertzueblin.com\/fr\/","name":"ROBERT Z\u00dcBLIN","description":"","publisher":{"@id":"https:\/\/www.robertzueblin.com\/fr\/#organization"},"potentialAction":[{"@type":"SearchAction","target":{"@type":"EntryPoint","urlTemplate":"https:\/\/www.robertzueblin.com\/fr\/?s={search_term_string}"},"query-input":{"@type":"PropertyValueSpecification","valueRequired":true,"valueName":"search_term_string"}}],"inLanguage":"fr-FR"},{"@type":"Organization","@id":"https:\/\/www.robertzueblin.com\/fr\/#organization","name":"ROBERT Z\u00dcBLIN","url":"https:\/\/www.robertzueblin.com\/fr\/","logo":{"@type":"ImageObject","inLanguage":"fr-FR","@id":"https:\/\/www.robertzueblin.com\/fr\/#\/schema\/logo\/image\/","url":"https:\/\/www.robertzueblin.com\/wp-content\/uploads\/cropped-cropped-logo-von-robert-zueblin.jpg","contentUrl":"https:\/\/www.robertzueblin.com\/wp-content\/uploads\/cropped-cropped-logo-von-robert-zueblin.jpg","width":440,"height":60,"caption":"ROBERT Z\u00dcBLIN"},"image":{"@id":"https:\/\/www.robertzueblin.com\/fr\/#\/schema\/logo\/image\/"}}]}},"_links":{"self":[{"href":"https:\/\/www.robertzueblin.com\/fr\/wp-json\/wp\/v2\/product\/47941","targetHints":{"allow":["GET"]}}],"collection":[{"href":"https:\/\/www.robertzueblin.com\/fr\/wp-json\/wp\/v2\/product"}],"about":[{"href":"https:\/\/www.robertzueblin.com\/fr\/wp-json\/wp\/v2\/types\/product"}],"wp:featuredmedia":[{"embeddable":true,"href":"https:\/\/www.robertzueblin.com\/fr\/wp-json\/wp\/v2\/media\/47943"}],"wp:attachment":[{"href":"https:\/\/www.robertzueblin.com\/fr\/wp-json\/wp\/v2\/media?parent=47941"}],"wp:term":[{"taxonomy":"product_brand","embeddable":true,"href":"https:\/\/www.robertzueblin.com\/fr\/wp-json\/wp\/v2\/product_brand?post=47941"},{"taxonomy":"product_cat","embeddable":true,"href":"https:\/\/www.robertzueblin.com\/fr\/wp-json\/wp\/v2\/product_cat?post=47941"},{"taxonomy":"product_tag","embeddable":true,"href":"https:\/\/www.robertzueblin.com\/fr\/wp-json\/wp\/v2\/product_tag?post=47941"}],"curies":[{"name":"wp","href":"https:\/\/api.w.org\/{rel}","templated":true}]}}