{"id":47498,"date":"2025-10-18T12:37:24","date_gmt":"2025-10-18T10:37:24","guid":{"rendered":"https:\/\/www.robertzueblin.com\/?post_type=product&#038;p=47498"},"modified":"2025-10-18T12:42:36","modified_gmt":"2025-10-18T10:42:36","slug":"hans-bachmann-1852-%e2%80%a0-1917-paysage-montagneux-avec-buisson-et-pierre-huile-sur-toile","status":"publish","type":"product","link":"https:\/\/www.robertzueblin.com\/fr\/hans-bachmann\/paysage-montagneux-avec-buisson-et-pierre-huile-sur-toile\/","title":{"rendered":"Hans BACHMANN (* 1852, \u2020 1917) \u2013 Paysage montagneux avec buisson et pierre \u2013 Huile sur toile"},"content":{"rendered":"<p><span style=\"font-family: AkkoPro-BoldCondensed!important\">Type :<\/span> <a href=\"\/?post_format=peinture\">peinture<\/a><\/p>\n<p><span style=\"font-family: AkkoPro-BoldCondensed!important\">Peintre :<\/span> <a href=\"https:\/\/www.robertzueblin.com\/fr\/hans-bachmann\/\">Hans BACHMANN<\/a> (* 1852, \u2020 1917)<\/p>\n<p><span style=\"font-family: AkkoPro-BoldCondensed!important\">Objet :<\/span> <a href=\"https:\/\/www.robertzueblin.com\/fr\/peintures-a-l-huile\/\">peinture \u00e0 l&rsquo;huile<\/a><\/p>\n<p><span style=\"font-family: AkkoPro-BoldCondensed!important\">Mat\u00e9riau :<\/span> huile sur toile sur carton<\/p>\n<p><span style=\"font-family: AkkoPro-BoldCondensed!important\">Dimensions :<\/span> hauteur : 15,5 cm, largeur : 24 cm ; avec cadre : hauteur : 19,2 cm, largeur : 27,7 cm<\/p>\n<p><span style=\"font-family: AkkoPro-BoldCondensed!important\">Ann\u00e9e de fabrication :<\/span> 2e moiti\u00e9 du XIXe si\u00e8cle \/ d\u00e9but du XXe si\u00e8cle<\/p>\n<p><span style=\"font-family: AkkoPro-BoldCondensed!important\">\u00c9tat :<\/span> bon<\/p>\n<p><span style=\"font-family: AkkoPro-BoldCondensed!important\">Signature :<\/span> non sign\u00e9, mais avec la mention suivante au dos : Prof. H. Bachmann, artiste peintre, Lucerne<\/p>\n<p><span style=\"font-family: AkkoPro-BoldCondensed!important\">D\u00e9tails :<\/span><br \/>\nUne \u0153uvre similaire de Hans Bachmann figure dans le catalogue <a href=\"https:\/\/www.artnet.de\/k%C3%BCnstler\/hans-bachmann\/gebirgslandschaft-mit-b%C3%A4umen-und-steinen-m9ziyLFYwqeoLVCGBvjjcg2\">d&rsquo;artnet sous le titre \u00ab Paysage montagneux avec arbres et pierres \u00bb<\/a>.<\/p>\n","protected":false},"excerpt":{"rendered":"<p>Type : peinture Peintre : Hans BACHMANN (* 1852, \u2020 1917) Objet : peinture \u00e0 l&rsquo;huile Mat\u00e9riau : huile sur toile sur carton Dimensions : hauteur : 15,5 cm, largeur : 24 cm ; avec cadre : hauteur : 19,2 cm, largeur : 27,7 cm Ann\u00e9e de fabrication : 2e moiti\u00e9 du XIXe si\u00e8cle \/ [&hellip;]<\/p>\n","protected":false},"featured_media":47504,"template":"","meta":[],"product_brand":[],"product_cat":[776,858,496],"product_tag":[],"class_list":{"0":"post-47498","1":"product","2":"type-product","3":"status-publish","4":"has-post-thumbnail","6":"product_cat-peinture","7":"product_cat-hans-bachmann","8":"product_cat-peintures-a-l-huile","10":"first","11":"instock","12":"sold-individually","13":"shipping-taxable","14":"purchasable","15":"product-type-simple"},"yoast_head":"<!-- This site is optimized with the Yoast SEO plugin v27.4 - https:\/\/yoast.com\/product\/yoast-seo-wordpress\/ -->\n<title>Hans BACHMANN \u2013 Paysage montagneux avec buisson et pierre<\/title>\n<meta name=\"description\" content=\"Petite peinture \u00e0 l&#039;huile du professeur Hans Bachmann, artiste peintre de Lucerne : Paysage montagneux avec buisson et pierre - huile sur toile sur carton.\" \/>\n<meta name=\"robots\" content=\"index, follow, max-snippet:-1, max-image-preview:large, max-video-preview:-1\" \/>\n<link rel=\"canonical\" href=\"https:\/\/www.robertzueblin.com\/fr\/hans-bachmann\/paysage-montagneux-avec-buisson-et-pierre-huile-sur-toile\/\" \/>\n<meta property=\"og:locale\" content=\"fr_FR\" \/>\n<meta property=\"og:type\" content=\"article\" \/>\n<meta property=\"og:title\" content=\"Hans BACHMANN \u2013 Paysage montagneux avec buisson et pierre\" \/>\n<meta property=\"og:description\" content=\"Petite peinture \u00e0 l&#039;huile du professeur Hans Bachmann, artiste peintre de Lucerne : Paysage montagneux avec buisson et pierre - huile sur toile sur carton.\" \/>\n<meta property=\"og:url\" content=\"https:\/\/www.robertzueblin.com\/fr\/hans-bachmann\/paysage-montagneux-avec-buisson-et-pierre-huile-sur-toile\/\" \/>\n<meta property=\"og:site_name\" content=\"ROBERT Z\u00dcBLIN\" \/>\n<meta property=\"article:modified_time\" content=\"2025-10-18T10:42:36+00:00\" \/>\n<meta property=\"og:image\" content=\"https:\/\/www.robertzueblin.com\/wp-content\/uploads\/hans-bachmann-huile-toile-paysage-montagneux-buisson-pierre-photo-couverture.jpg\" \/>\n\t<meta property=\"og:image:width\" content=\"1191\" \/>\n\t<meta property=\"og:image:height\" content=\"765\" \/>\n\t<meta property=\"og:image:type\" content=\"image\/jpeg\" \/>\n<meta name=\"twitter:card\" content=\"summary_large_image\" \/>\n<script type=\"application\/ld+json\" class=\"yoast-schema-graph\">{\"@context\":\"https:\\\/\\\/schema.org\",\"@graph\":[{\"@type\":\"WebPage\",\"@id\":\"https:\\\/\\\/www.robertzueblin.com\\\/fr\\\/hans-bachmann\\\/paysage-montagneux-avec-buisson-et-pierre-huile-sur-toile\\\/\",\"url\":\"https:\\\/\\\/www.robertzueblin.com\\\/fr\\\/hans-bachmann\\\/paysage-montagneux-avec-buisson-et-pierre-huile-sur-toile\\\/\",\"name\":\"Hans BACHMANN \u2013 Paysage montagneux avec buisson et pierre\",\"isPartOf\":{\"@id\":\"https:\\\/\\\/www.robertzueblin.com\\\/fr\\\/#website\"},\"primaryImageOfPage\":{\"@id\":\"https:\\\/\\\/www.robertzueblin.com\\\/fr\\\/hans-bachmann\\\/paysage-montagneux-avec-buisson-et-pierre-huile-sur-toile\\\/#primaryimage\"},\"image\":{\"@id\":\"https:\\\/\\\/www.robertzueblin.com\\\/fr\\\/hans-bachmann\\\/paysage-montagneux-avec-buisson-et-pierre-huile-sur-toile\\\/#primaryimage\"},\"thumbnailUrl\":\"https:\\\/\\\/www.robertzueblin.com\\\/wp-content\\\/uploads\\\/hans-bachmann-huile-toile-paysage-montagneux-buisson-pierre-photo-couverture.jpg\",\"datePublished\":\"2025-10-18T10:37:24+00:00\",\"dateModified\":\"2025-10-18T10:42:36+00:00\",\"description\":\"Petite peinture \u00e0 l'huile du professeur Hans Bachmann, artiste peintre de Lucerne : Paysage montagneux avec buisson et pierre - huile sur toile sur carton.\",\"breadcrumb\":{\"@id\":\"https:\\\/\\\/www.robertzueblin.com\\\/fr\\\/hans-bachmann\\\/paysage-montagneux-avec-buisson-et-pierre-huile-sur-toile\\\/#breadcrumb\"},\"inLanguage\":\"fr-FR\",\"potentialAction\":[{\"@type\":\"ReadAction\",\"target\":[\"https:\\\/\\\/www.robertzueblin.com\\\/fr\\\/hans-bachmann\\\/paysage-montagneux-avec-buisson-et-pierre-huile-sur-toile\\\/\"]}]},{\"@type\":\"ImageObject\",\"inLanguage\":\"fr-FR\",\"@id\":\"https:\\\/\\\/www.robertzueblin.com\\\/fr\\\/hans-bachmann\\\/paysage-montagneux-avec-buisson-et-pierre-huile-sur-toile\\\/#primaryimage\",\"url\":\"https:\\\/\\\/www.robertzueblin.com\\\/wp-content\\\/uploads\\\/hans-bachmann-huile-toile-paysage-montagneux-buisson-pierre-photo-couverture.jpg\",\"contentUrl\":\"https:\\\/\\\/www.robertzueblin.com\\\/wp-content\\\/uploads\\\/hans-bachmann-huile-toile-paysage-montagneux-buisson-pierre-photo-couverture.jpg\",\"width\":1191,\"height\":765},{\"@type\":\"BreadcrumbList\",\"@id\":\"https:\\\/\\\/www.robertzueblin.com\\\/fr\\\/hans-bachmann\\\/paysage-montagneux-avec-buisson-et-pierre-huile-sur-toile\\\/#breadcrumb\",\"itemListElement\":[{\"@type\":\"ListItem\",\"position\":1,\"name\":\"Startseite\",\"item\":\"https:\\\/\\\/www.robertzueblin.com\\\/fr\\\/\"},{\"@type\":\"ListItem\",\"position\":2,\"name\":\"Galerie d&#8217;art en ligne (boutique en ligne)\",\"item\":\"https:\\\/\\\/www.robertzueblin.com\\\/fr\\\/galerie-d-art-en-ligne\\\/\"},{\"@type\":\"ListItem\",\"position\":3,\"name\":\"Hans BACHMANN (* 1852, \u2020 1917) \u2013 Paysage montagneux avec buisson et pierre \u2013 Huile sur toile\"}]},{\"@type\":\"WebSite\",\"@id\":\"https:\\\/\\\/www.robertzueblin.com\\\/fr\\\/#website\",\"url\":\"https:\\\/\\\/www.robertzueblin.com\\\/fr\\\/\",\"name\":\"ROBERT Z\u00dcBLIN\",\"description\":\"\",\"publisher\":{\"@id\":\"https:\\\/\\\/www.robertzueblin.com\\\/fr\\\/#organization\"},\"potentialAction\":[{\"@type\":\"SearchAction\",\"target\":{\"@type\":\"EntryPoint\",\"urlTemplate\":\"https:\\\/\\\/www.robertzueblin.com\\\/fr\\\/?s={search_term_string}\"},\"query-input\":{\"@type\":\"PropertyValueSpecification\",\"valueRequired\":true,\"valueName\":\"search_term_string\"}}],\"inLanguage\":\"fr-FR\"},{\"@type\":\"Organization\",\"@id\":\"https:\\\/\\\/www.robertzueblin.com\\\/fr\\\/#organization\",\"name\":\"ROBERT Z\u00dcBLIN\",\"url\":\"https:\\\/\\\/www.robertzueblin.com\\\/fr\\\/\",\"logo\":{\"@type\":\"ImageObject\",\"inLanguage\":\"fr-FR\",\"@id\":\"https:\\\/\\\/www.robertzueblin.com\\\/fr\\\/#\\\/schema\\\/logo\\\/image\\\/\",\"url\":\"https:\\\/\\\/www.robertzueblin.com\\\/wp-content\\\/uploads\\\/cropped-cropped-logo-von-robert-zueblin.jpg\",\"contentUrl\":\"https:\\\/\\\/www.robertzueblin.com\\\/wp-content\\\/uploads\\\/cropped-cropped-logo-von-robert-zueblin.jpg\",\"width\":440,\"height\":60,\"caption\":\"ROBERT Z\u00dcBLIN\"},\"image\":{\"@id\":\"https:\\\/\\\/www.robertzueblin.com\\\/fr\\\/#\\\/schema\\\/logo\\\/image\\\/\"}}]}<\/script>\n<!-- \/ Yoast SEO plugin. -->","yoast_head_json":{"title":"Hans BACHMANN \u2013 Paysage montagneux avec buisson et pierre","description":"Petite peinture \u00e0 l'huile du professeur Hans Bachmann, artiste peintre de Lucerne : Paysage montagneux avec buisson et pierre - huile sur toile sur carton.","robots":{"index":"index","follow":"follow","max-snippet":"max-snippet:-1","max-image-preview":"max-image-preview:large","max-video-preview":"max-video-preview:-1"},"canonical":"https:\/\/www.robertzueblin.com\/fr\/hans-bachmann\/paysage-montagneux-avec-buisson-et-pierre-huile-sur-toile\/","og_locale":"fr_FR","og_type":"article","og_title":"Hans BACHMANN \u2013 Paysage montagneux avec buisson et pierre","og_description":"Petite peinture \u00e0 l'huile du professeur Hans Bachmann, artiste peintre de Lucerne : Paysage montagneux avec buisson et pierre - huile sur toile sur carton.","og_url":"https:\/\/www.robertzueblin.com\/fr\/hans-bachmann\/paysage-montagneux-avec-buisson-et-pierre-huile-sur-toile\/","og_site_name":"ROBERT Z\u00dcBLIN","article_modified_time":"2025-10-18T10:42:36+00:00","og_image":[{"width":1191,"height":765,"url":"https:\/\/www.robertzueblin.com\/wp-content\/uploads\/hans-bachmann-huile-toile-paysage-montagneux-buisson-pierre-photo-couverture.jpg","type":"image\/jpeg"}],"twitter_card":"summary_large_image","schema":{"@context":"https:\/\/schema.org","@graph":[{"@type":"WebPage","@id":"https:\/\/www.robertzueblin.com\/fr\/hans-bachmann\/paysage-montagneux-avec-buisson-et-pierre-huile-sur-toile\/","url":"https:\/\/www.robertzueblin.com\/fr\/hans-bachmann\/paysage-montagneux-avec-buisson-et-pierre-huile-sur-toile\/","name":"Hans BACHMANN \u2013 Paysage montagneux avec buisson et pierre","isPartOf":{"@id":"https:\/\/www.robertzueblin.com\/fr\/#website"},"primaryImageOfPage":{"@id":"https:\/\/www.robertzueblin.com\/fr\/hans-bachmann\/paysage-montagneux-avec-buisson-et-pierre-huile-sur-toile\/#primaryimage"},"image":{"@id":"https:\/\/www.robertzueblin.com\/fr\/hans-bachmann\/paysage-montagneux-avec-buisson-et-pierre-huile-sur-toile\/#primaryimage"},"thumbnailUrl":"https:\/\/www.robertzueblin.com\/wp-content\/uploads\/hans-bachmann-huile-toile-paysage-montagneux-buisson-pierre-photo-couverture.jpg","datePublished":"2025-10-18T10:37:24+00:00","dateModified":"2025-10-18T10:42:36+00:00","description":"Petite peinture \u00e0 l'huile du professeur Hans Bachmann, artiste peintre de Lucerne : Paysage montagneux avec buisson et pierre - huile sur toile sur carton.","breadcrumb":{"@id":"https:\/\/www.robertzueblin.com\/fr\/hans-bachmann\/paysage-montagneux-avec-buisson-et-pierre-huile-sur-toile\/#breadcrumb"},"inLanguage":"fr-FR","potentialAction":[{"@type":"ReadAction","target":["https:\/\/www.robertzueblin.com\/fr\/hans-bachmann\/paysage-montagneux-avec-buisson-et-pierre-huile-sur-toile\/"]}]},{"@type":"ImageObject","inLanguage":"fr-FR","@id":"https:\/\/www.robertzueblin.com\/fr\/hans-bachmann\/paysage-montagneux-avec-buisson-et-pierre-huile-sur-toile\/#primaryimage","url":"https:\/\/www.robertzueblin.com\/wp-content\/uploads\/hans-bachmann-huile-toile-paysage-montagneux-buisson-pierre-photo-couverture.jpg","contentUrl":"https:\/\/www.robertzueblin.com\/wp-content\/uploads\/hans-bachmann-huile-toile-paysage-montagneux-buisson-pierre-photo-couverture.jpg","width":1191,"height":765},{"@type":"BreadcrumbList","@id":"https:\/\/www.robertzueblin.com\/fr\/hans-bachmann\/paysage-montagneux-avec-buisson-et-pierre-huile-sur-toile\/#breadcrumb","itemListElement":[{"@type":"ListItem","position":1,"name":"Startseite","item":"https:\/\/www.robertzueblin.com\/fr\/"},{"@type":"ListItem","position":2,"name":"Galerie d&#8217;art en ligne (boutique en ligne)","item":"https:\/\/www.robertzueblin.com\/fr\/galerie-d-art-en-ligne\/"},{"@type":"ListItem","position":3,"name":"Hans BACHMANN (* 1852, \u2020 1917) \u2013 Paysage montagneux avec buisson et pierre \u2013 Huile sur toile"}]},{"@type":"WebSite","@id":"https:\/\/www.robertzueblin.com\/fr\/#website","url":"https:\/\/www.robertzueblin.com\/fr\/","name":"ROBERT Z\u00dcBLIN","description":"","publisher":{"@id":"https:\/\/www.robertzueblin.com\/fr\/#organization"},"potentialAction":[{"@type":"SearchAction","target":{"@type":"EntryPoint","urlTemplate":"https:\/\/www.robertzueblin.com\/fr\/?s={search_term_string}"},"query-input":{"@type":"PropertyValueSpecification","valueRequired":true,"valueName":"search_term_string"}}],"inLanguage":"fr-FR"},{"@type":"Organization","@id":"https:\/\/www.robertzueblin.com\/fr\/#organization","name":"ROBERT Z\u00dcBLIN","url":"https:\/\/www.robertzueblin.com\/fr\/","logo":{"@type":"ImageObject","inLanguage":"fr-FR","@id":"https:\/\/www.robertzueblin.com\/fr\/#\/schema\/logo\/image\/","url":"https:\/\/www.robertzueblin.com\/wp-content\/uploads\/cropped-cropped-logo-von-robert-zueblin.jpg","contentUrl":"https:\/\/www.robertzueblin.com\/wp-content\/uploads\/cropped-cropped-logo-von-robert-zueblin.jpg","width":440,"height":60,"caption":"ROBERT Z\u00dcBLIN"},"image":{"@id":"https:\/\/www.robertzueblin.com\/fr\/#\/schema\/logo\/image\/"}}]}},"_links":{"self":[{"href":"https:\/\/www.robertzueblin.com\/fr\/wp-json\/wp\/v2\/product\/47498","targetHints":{"allow":["GET"]}}],"collection":[{"href":"https:\/\/www.robertzueblin.com\/fr\/wp-json\/wp\/v2\/product"}],"about":[{"href":"https:\/\/www.robertzueblin.com\/fr\/wp-json\/wp\/v2\/types\/product"}],"wp:featuredmedia":[{"embeddable":true,"href":"https:\/\/www.robertzueblin.com\/fr\/wp-json\/wp\/v2\/media\/47504"}],"wp:attachment":[{"href":"https:\/\/www.robertzueblin.com\/fr\/wp-json\/wp\/v2\/media?parent=47498"}],"wp:term":[{"taxonomy":"product_brand","embeddable":true,"href":"https:\/\/www.robertzueblin.com\/fr\/wp-json\/wp\/v2\/product_brand?post=47498"},{"taxonomy":"product_cat","embeddable":true,"href":"https:\/\/www.robertzueblin.com\/fr\/wp-json\/wp\/v2\/product_cat?post=47498"},{"taxonomy":"product_tag","embeddable":true,"href":"https:\/\/www.robertzueblin.com\/fr\/wp-json\/wp\/v2\/product_tag?post=47498"}],"curies":[{"name":"wp","href":"https:\/\/api.w.org\/{rel}","templated":true}]}}