{"id":47342,"date":"2025-10-10T18:56:37","date_gmt":"2025-10-10T16:56:37","guid":{"rendered":"https:\/\/www.robertzueblin.com\/?post_type=product&#038;p=47342"},"modified":"2025-10-10T19:04:47","modified_gmt":"2025-10-10T17:04:47","slug":"ceramique-de-type-heimberg-assiette-avec-motif-doiseau","status":"publish","type":"product","link":"https:\/\/www.robertzueblin.com\/fr\/ceramique-de-type-heimberg\/assiette-avec-motif-doiseau\/","title":{"rendered":"C\u00e9ramique de type Heimberg &#8211; Assiette avec motif d&rsquo;oiseau"},"content":{"rendered":"<p><span style=\"font-family: AkkoPro-BoldCondensed!important\">Type :<\/span> ceramique<\/p>\n<p><span style=\"font-family: AkkoPro-BoldCondensed!important\">Atelier :<\/span> <a href=\"https:\/\/www.robertzueblin.com\/fr\/ceramique-de-type-heimberg\/\">Heimberg-Steffisburg <\/a>(r\u00e9gion)<\/p>\n<p><span style=\"font-family: AkkoPro-BoldCondensed!important\">Objet :<\/span> assiette<\/p>\n<p><span style=\"font-family: AkkoPro-BoldCondensed!important\">Mat\u00e9riau :<\/span> c\u00e9ramique avec engobe et gla\u00e7ure<\/p>\n<p><span style=\"font-family: AkkoPro-BoldCondensed!important\">Dimensions :<\/span> hauteur : 4 cm, largeur : 29,5 cm<\/p>\n<p><span style=\"font-family: AkkoPro-BoldCondensed!important\">P\u00e9riode de fabrication :<\/span> 1840 \u00e0 1860<\/p>\n<p><span style=\"font-family: AkkoPro-BoldCondensed!important\">\u00c9tat :<\/span> \u00e9clats, perte de couleur et de gla\u00e7ure, rayures; \u00e9tat g\u00e9n\u00e9ral satisfaisant<\/p>\n<p><span style=\"font-family: AkkoPro-BoldCondensed!important\">Signature:<\/span> sans<\/p>\n","protected":false},"excerpt":{"rendered":"<p>Type : ceramique Atelier : Heimberg-Steffisburg (r\u00e9gion) Objet : assiette Mat\u00e9riau : c\u00e9ramique avec engobe et gla\u00e7ure Dimensions : hauteur : 4 cm, largeur : 29,5 cm P\u00e9riode de fabrication : 1840 \u00e0 1860 \u00c9tat : \u00e9clats, perte de couleur et de gla\u00e7ure, rayures; \u00e9tat g\u00e9n\u00e9ral satisfaisant Signature: sans<\/p>\n","protected":false},"featured_media":47352,"template":"","meta":[],"product_brand":[],"product_cat":[875],"product_tag":[],"class_list":{"0":"post-47342","1":"product","2":"type-product","3":"status-publish","4":"has-post-thumbnail","6":"product_cat-ceramique-de-type-heimberg","8":"first","9":"instock","10":"sold-individually","11":"shipping-taxable","12":"purchasable","13":"product-type-simple"},"yoast_head":"<!-- This site is optimized with the Yoast SEO plugin v27.4 - https:\/\/yoast.com\/product\/yoast-seo-wordpress\/ -->\n<title>C\u00e9ramique de type Heimberg - Assiette avec motif d&#039;oiseau<\/title>\n<meta name=\"description\" content=\"C\u00e9ramique de type Heimberger : assiette avec motif d&#039;oiseau et bord d\u00e9cor\u00e9, datant de 1840 \u00e0 1860 ; \u00e9tat g\u00e9n\u00e9ral satisfaisant.\" \/>\n<meta name=\"robots\" content=\"index, follow, max-snippet:-1, max-image-preview:large, max-video-preview:-1\" \/>\n<link rel=\"canonical\" href=\"https:\/\/www.robertzueblin.com\/fr\/ceramique-de-type-heimberg\/assiette-avec-motif-doiseau\/\" \/>\n<meta property=\"og:locale\" content=\"fr_FR\" \/>\n<meta property=\"og:type\" content=\"article\" \/>\n<meta property=\"og:title\" content=\"C\u00e9ramique de type Heimberg - Assiette avec motif d&#039;oiseau\" \/>\n<meta property=\"og:description\" content=\"C\u00e9ramique de type Heimberger : assiette avec motif d&#039;oiseau et bord d\u00e9cor\u00e9, datant de 1840 \u00e0 1860 ; \u00e9tat g\u00e9n\u00e9ral satisfaisant.\" \/>\n<meta property=\"og:url\" content=\"https:\/\/www.robertzueblin.com\/fr\/ceramique-de-type-heimberg\/assiette-avec-motif-doiseau\/\" \/>\n<meta property=\"og:site_name\" content=\"ROBERT Z\u00dcBLIN\" \/>\n<meta property=\"article:modified_time\" content=\"2025-10-10T17:04:47+00:00\" \/>\n<meta property=\"og:image\" content=\"https:\/\/www.robertzueblin.com\/wp-content\/uploads\/ceramique-type-heimberg-asssiette-motiv-oiseau-photo-couverture.jpg\" \/>\n\t<meta property=\"og:image:width\" content=\"1000\" \/>\n\t<meta property=\"og:image:height\" content=\"1000\" \/>\n\t<meta property=\"og:image:type\" content=\"image\/jpeg\" \/>\n<meta name=\"twitter:card\" content=\"summary_large_image\" \/>\n<script type=\"application\/ld+json\" class=\"yoast-schema-graph\">{\"@context\":\"https:\\\/\\\/schema.org\",\"@graph\":[{\"@type\":\"WebPage\",\"@id\":\"https:\\\/\\\/www.robertzueblin.com\\\/fr\\\/ceramique-de-type-heimberg\\\/assiette-avec-motif-doiseau\\\/\",\"url\":\"https:\\\/\\\/www.robertzueblin.com\\\/fr\\\/ceramique-de-type-heimberg\\\/assiette-avec-motif-doiseau\\\/\",\"name\":\"C\u00e9ramique de type Heimberg - Assiette avec motif d'oiseau\",\"isPartOf\":{\"@id\":\"https:\\\/\\\/www.robertzueblin.com\\\/fr\\\/#website\"},\"primaryImageOfPage\":{\"@id\":\"https:\\\/\\\/www.robertzueblin.com\\\/fr\\\/ceramique-de-type-heimberg\\\/assiette-avec-motif-doiseau\\\/#primaryimage\"},\"image\":{\"@id\":\"https:\\\/\\\/www.robertzueblin.com\\\/fr\\\/ceramique-de-type-heimberg\\\/assiette-avec-motif-doiseau\\\/#primaryimage\"},\"thumbnailUrl\":\"https:\\\/\\\/www.robertzueblin.com\\\/wp-content\\\/uploads\\\/ceramique-type-heimberg-asssiette-motiv-oiseau-photo-couverture.jpg\",\"datePublished\":\"2025-10-10T16:56:37+00:00\",\"dateModified\":\"2025-10-10T17:04:47+00:00\",\"description\":\"C\u00e9ramique de type Heimberger : assiette avec motif d'oiseau et bord d\u00e9cor\u00e9, datant de 1840 \u00e0 1860 ; \u00e9tat g\u00e9n\u00e9ral satisfaisant.\",\"breadcrumb\":{\"@id\":\"https:\\\/\\\/www.robertzueblin.com\\\/fr\\\/ceramique-de-type-heimberg\\\/assiette-avec-motif-doiseau\\\/#breadcrumb\"},\"inLanguage\":\"fr-FR\",\"potentialAction\":[{\"@type\":\"ReadAction\",\"target\":[\"https:\\\/\\\/www.robertzueblin.com\\\/fr\\\/ceramique-de-type-heimberg\\\/assiette-avec-motif-doiseau\\\/\"]}]},{\"@type\":\"ImageObject\",\"inLanguage\":\"fr-FR\",\"@id\":\"https:\\\/\\\/www.robertzueblin.com\\\/fr\\\/ceramique-de-type-heimberg\\\/assiette-avec-motif-doiseau\\\/#primaryimage\",\"url\":\"https:\\\/\\\/www.robertzueblin.com\\\/wp-content\\\/uploads\\\/ceramique-type-heimberg-asssiette-motiv-oiseau-photo-couverture.jpg\",\"contentUrl\":\"https:\\\/\\\/www.robertzueblin.com\\\/wp-content\\\/uploads\\\/ceramique-type-heimberg-asssiette-motiv-oiseau-photo-couverture.jpg\",\"width\":1000,\"height\":1000},{\"@type\":\"BreadcrumbList\",\"@id\":\"https:\\\/\\\/www.robertzueblin.com\\\/fr\\\/ceramique-de-type-heimberg\\\/assiette-avec-motif-doiseau\\\/#breadcrumb\",\"itemListElement\":[{\"@type\":\"ListItem\",\"position\":1,\"name\":\"Startseite\",\"item\":\"https:\\\/\\\/www.robertzueblin.com\\\/fr\\\/\"},{\"@type\":\"ListItem\",\"position\":2,\"name\":\"Galerie d&#8217;art en ligne (boutique en ligne)\",\"item\":\"https:\\\/\\\/www.robertzueblin.com\\\/fr\\\/galerie-d-art-en-ligne\\\/\"},{\"@type\":\"ListItem\",\"position\":3,\"name\":\"C\u00e9ramique de type Heimberg &#8211; Assiette avec motif d&#8217;oiseau\"}]},{\"@type\":\"WebSite\",\"@id\":\"https:\\\/\\\/www.robertzueblin.com\\\/fr\\\/#website\",\"url\":\"https:\\\/\\\/www.robertzueblin.com\\\/fr\\\/\",\"name\":\"ROBERT Z\u00dcBLIN\",\"description\":\"\",\"publisher\":{\"@id\":\"https:\\\/\\\/www.robertzueblin.com\\\/fr\\\/#organization\"},\"potentialAction\":[{\"@type\":\"SearchAction\",\"target\":{\"@type\":\"EntryPoint\",\"urlTemplate\":\"https:\\\/\\\/www.robertzueblin.com\\\/fr\\\/?s={search_term_string}\"},\"query-input\":{\"@type\":\"PropertyValueSpecification\",\"valueRequired\":true,\"valueName\":\"search_term_string\"}}],\"inLanguage\":\"fr-FR\"},{\"@type\":\"Organization\",\"@id\":\"https:\\\/\\\/www.robertzueblin.com\\\/fr\\\/#organization\",\"name\":\"ROBERT Z\u00dcBLIN\",\"url\":\"https:\\\/\\\/www.robertzueblin.com\\\/fr\\\/\",\"logo\":{\"@type\":\"ImageObject\",\"inLanguage\":\"fr-FR\",\"@id\":\"https:\\\/\\\/www.robertzueblin.com\\\/fr\\\/#\\\/schema\\\/logo\\\/image\\\/\",\"url\":\"https:\\\/\\\/www.robertzueblin.com\\\/wp-content\\\/uploads\\\/cropped-cropped-logo-von-robert-zueblin.jpg\",\"contentUrl\":\"https:\\\/\\\/www.robertzueblin.com\\\/wp-content\\\/uploads\\\/cropped-cropped-logo-von-robert-zueblin.jpg\",\"width\":440,\"height\":60,\"caption\":\"ROBERT Z\u00dcBLIN\"},\"image\":{\"@id\":\"https:\\\/\\\/www.robertzueblin.com\\\/fr\\\/#\\\/schema\\\/logo\\\/image\\\/\"}}]}<\/script>\n<!-- \/ Yoast SEO plugin. -->","yoast_head_json":{"title":"C\u00e9ramique de type Heimberg - Assiette avec motif d'oiseau","description":"C\u00e9ramique de type Heimberger : assiette avec motif d'oiseau et bord d\u00e9cor\u00e9, datant de 1840 \u00e0 1860 ; \u00e9tat g\u00e9n\u00e9ral satisfaisant.","robots":{"index":"index","follow":"follow","max-snippet":"max-snippet:-1","max-image-preview":"max-image-preview:large","max-video-preview":"max-video-preview:-1"},"canonical":"https:\/\/www.robertzueblin.com\/fr\/ceramique-de-type-heimberg\/assiette-avec-motif-doiseau\/","og_locale":"fr_FR","og_type":"article","og_title":"C\u00e9ramique de type Heimberg - Assiette avec motif d'oiseau","og_description":"C\u00e9ramique de type Heimberger : assiette avec motif d'oiseau et bord d\u00e9cor\u00e9, datant de 1840 \u00e0 1860 ; \u00e9tat g\u00e9n\u00e9ral satisfaisant.","og_url":"https:\/\/www.robertzueblin.com\/fr\/ceramique-de-type-heimberg\/assiette-avec-motif-doiseau\/","og_site_name":"ROBERT Z\u00dcBLIN","article_modified_time":"2025-10-10T17:04:47+00:00","og_image":[{"width":1000,"height":1000,"url":"https:\/\/www.robertzueblin.com\/wp-content\/uploads\/ceramique-type-heimberg-asssiette-motiv-oiseau-photo-couverture.jpg","type":"image\/jpeg"}],"twitter_card":"summary_large_image","schema":{"@context":"https:\/\/schema.org","@graph":[{"@type":"WebPage","@id":"https:\/\/www.robertzueblin.com\/fr\/ceramique-de-type-heimberg\/assiette-avec-motif-doiseau\/","url":"https:\/\/www.robertzueblin.com\/fr\/ceramique-de-type-heimberg\/assiette-avec-motif-doiseau\/","name":"C\u00e9ramique de type Heimberg - Assiette avec motif d'oiseau","isPartOf":{"@id":"https:\/\/www.robertzueblin.com\/fr\/#website"},"primaryImageOfPage":{"@id":"https:\/\/www.robertzueblin.com\/fr\/ceramique-de-type-heimberg\/assiette-avec-motif-doiseau\/#primaryimage"},"image":{"@id":"https:\/\/www.robertzueblin.com\/fr\/ceramique-de-type-heimberg\/assiette-avec-motif-doiseau\/#primaryimage"},"thumbnailUrl":"https:\/\/www.robertzueblin.com\/wp-content\/uploads\/ceramique-type-heimberg-asssiette-motiv-oiseau-photo-couverture.jpg","datePublished":"2025-10-10T16:56:37+00:00","dateModified":"2025-10-10T17:04:47+00:00","description":"C\u00e9ramique de type Heimberger : assiette avec motif d'oiseau et bord d\u00e9cor\u00e9, datant de 1840 \u00e0 1860 ; \u00e9tat g\u00e9n\u00e9ral satisfaisant.","breadcrumb":{"@id":"https:\/\/www.robertzueblin.com\/fr\/ceramique-de-type-heimberg\/assiette-avec-motif-doiseau\/#breadcrumb"},"inLanguage":"fr-FR","potentialAction":[{"@type":"ReadAction","target":["https:\/\/www.robertzueblin.com\/fr\/ceramique-de-type-heimberg\/assiette-avec-motif-doiseau\/"]}]},{"@type":"ImageObject","inLanguage":"fr-FR","@id":"https:\/\/www.robertzueblin.com\/fr\/ceramique-de-type-heimberg\/assiette-avec-motif-doiseau\/#primaryimage","url":"https:\/\/www.robertzueblin.com\/wp-content\/uploads\/ceramique-type-heimberg-asssiette-motiv-oiseau-photo-couverture.jpg","contentUrl":"https:\/\/www.robertzueblin.com\/wp-content\/uploads\/ceramique-type-heimberg-asssiette-motiv-oiseau-photo-couverture.jpg","width":1000,"height":1000},{"@type":"BreadcrumbList","@id":"https:\/\/www.robertzueblin.com\/fr\/ceramique-de-type-heimberg\/assiette-avec-motif-doiseau\/#breadcrumb","itemListElement":[{"@type":"ListItem","position":1,"name":"Startseite","item":"https:\/\/www.robertzueblin.com\/fr\/"},{"@type":"ListItem","position":2,"name":"Galerie d&#8217;art en ligne (boutique en ligne)","item":"https:\/\/www.robertzueblin.com\/fr\/galerie-d-art-en-ligne\/"},{"@type":"ListItem","position":3,"name":"C\u00e9ramique de type Heimberg &#8211; Assiette avec motif d&#8217;oiseau"}]},{"@type":"WebSite","@id":"https:\/\/www.robertzueblin.com\/fr\/#website","url":"https:\/\/www.robertzueblin.com\/fr\/","name":"ROBERT Z\u00dcBLIN","description":"","publisher":{"@id":"https:\/\/www.robertzueblin.com\/fr\/#organization"},"potentialAction":[{"@type":"SearchAction","target":{"@type":"EntryPoint","urlTemplate":"https:\/\/www.robertzueblin.com\/fr\/?s={search_term_string}"},"query-input":{"@type":"PropertyValueSpecification","valueRequired":true,"valueName":"search_term_string"}}],"inLanguage":"fr-FR"},{"@type":"Organization","@id":"https:\/\/www.robertzueblin.com\/fr\/#organization","name":"ROBERT Z\u00dcBLIN","url":"https:\/\/www.robertzueblin.com\/fr\/","logo":{"@type":"ImageObject","inLanguage":"fr-FR","@id":"https:\/\/www.robertzueblin.com\/fr\/#\/schema\/logo\/image\/","url":"https:\/\/www.robertzueblin.com\/wp-content\/uploads\/cropped-cropped-logo-von-robert-zueblin.jpg","contentUrl":"https:\/\/www.robertzueblin.com\/wp-content\/uploads\/cropped-cropped-logo-von-robert-zueblin.jpg","width":440,"height":60,"caption":"ROBERT Z\u00dcBLIN"},"image":{"@id":"https:\/\/www.robertzueblin.com\/fr\/#\/schema\/logo\/image\/"}}]}},"_links":{"self":[{"href":"https:\/\/www.robertzueblin.com\/fr\/wp-json\/wp\/v2\/product\/47342","targetHints":{"allow":["GET"]}}],"collection":[{"href":"https:\/\/www.robertzueblin.com\/fr\/wp-json\/wp\/v2\/product"}],"about":[{"href":"https:\/\/www.robertzueblin.com\/fr\/wp-json\/wp\/v2\/types\/product"}],"wp:featuredmedia":[{"embeddable":true,"href":"https:\/\/www.robertzueblin.com\/fr\/wp-json\/wp\/v2\/media\/47352"}],"wp:attachment":[{"href":"https:\/\/www.robertzueblin.com\/fr\/wp-json\/wp\/v2\/media?parent=47342"}],"wp:term":[{"taxonomy":"product_brand","embeddable":true,"href":"https:\/\/www.robertzueblin.com\/fr\/wp-json\/wp\/v2\/product_brand?post=47342"},{"taxonomy":"product_cat","embeddable":true,"href":"https:\/\/www.robertzueblin.com\/fr\/wp-json\/wp\/v2\/product_cat?post=47342"},{"taxonomy":"product_tag","embeddable":true,"href":"https:\/\/www.robertzueblin.com\/fr\/wp-json\/wp\/v2\/product_tag?post=47342"}],"curies":[{"name":"wp","href":"https:\/\/api.w.org\/{rel}","templated":true}]}}