{"id":46979,"date":"2025-09-23T12:41:12","date_gmt":"2025-09-23T10:41:12","guid":{"rendered":"https:\/\/www.robertzueblin.com\/?post_type=product&#038;p=46979"},"modified":"2025-09-23T12:47:39","modified_gmt":"2025-09-23T10:47:39","slug":"louis-goerg-lauresch-1895-%e2%80%a0-1950-la-chenaillette-huile-sur-toile","status":"publish","type":"product","link":"https:\/\/www.robertzueblin.com\/fr\/louis-goerg-lauresch\/la-chenaillette-huile-sur-toile\/","title":{"rendered":"Louis GOERG-LAURESCH (* 1895, \u2020 1950) \u2013 La Chenaillette \u2013 Huile sur toile"},"content":{"rendered":"<p><span style=\"font-family: AkkoPro-BoldCondensed!important\">Type :<\/span> <a href=\"\/?post_format=peinture\">peinture<\/a><\/p>\n<p><span style=\"font-family: AkkoPro-BoldCondensed!important\">Peintre :<\/span> <a href=\"https:\/\/www.robertzueblin.com\/fr\/louis-goerg-lauresch\/\">Louis GOERG-LAURESCH <\/a>(* 1895, \u2020 1950)<\/p>\n<p><span style=\"font-family: AkkoPro-BoldCondensed!important\">Objet :<\/span> <a href=\"https:\/\/www.robertzueblin.com\/fr\/peintures-a-l-huile\/\">peinture \u00e0 l&rsquo;huile<\/a><\/p>\n<p><span style=\"font-family: AkkoPro-BoldCondensed!important\">Mat\u00e9riau :<\/span> huile sur toile<\/p>\n<p><span style=\"font-family: AkkoPro-BoldCondensed!important\">Dimensions :<\/span> hauteur : 65 cm, largeur : 81 cm<\/p>\n<p><span style=\"font-family: AkkoPro-BoldCondensed!important\">Ann\u00e9e de fabrication :<\/span> 1\u00e8re moiti\u00e9 du XXe si\u00e8cle<\/p>\n<p><span style=\"font-family: AkkoPro-BoldCondensed!important\">\u00c9tat :<\/span> partiellement craquel\u00e9 ; perte de couleur minime ; partiellement l\u00e9g\u00e8rement bomb\u00e9, traces d&rsquo;humidit\u00e9 au dos, apparues lors de l&rsquo;humidification visant \u00e0 minimiser le bombement.<\/p>\n<p><span style=\"font-family: AkkoPro-BoldCondensed!important\">Signature :<\/span> non sign\u00e9, mais \u00e9tiquette au dos avec inscription : \u00ab Goerg-Lauresch &#8211; La Chenaillette \u00bb<\/p>\n","protected":false},"excerpt":{"rendered":"<p>Type : peinture Peintre : Louis GOERG-LAURESCH (* 1895, \u2020 1950) Objet : peinture \u00e0 l&rsquo;huile Mat\u00e9riau : huile sur toile Dimensions : hauteur : 65 cm, largeur : 81 cm Ann\u00e9e de fabrication : 1\u00e8re moiti\u00e9 du XXe si\u00e8cle \u00c9tat : partiellement craquel\u00e9 ; perte de couleur minime ; partiellement l\u00e9g\u00e8rement bomb\u00e9, traces d&rsquo;humidit\u00e9 [&hellip;]<\/p>\n","protected":false},"featured_media":47028,"template":"","meta":[],"product_brand":[],"product_cat":[776,863,496],"product_tag":[],"class_list":{"0":"post-46979","1":"product","2":"type-product","3":"status-publish","4":"has-post-thumbnail","6":"product_cat-peinture","7":"product_cat-louis-goerg-lauresch","8":"product_cat-peintures-a-l-huile","10":"first","11":"instock","12":"sold-individually","13":"shipping-taxable","14":"purchasable","15":"product-type-simple"},"yoast_head":"<!-- This site is optimized with the Yoast SEO plugin v27.4 - https:\/\/yoast.com\/product\/yoast-seo-wordpress\/ -->\n<title>Louis GOERG-LAURESCH \u2013 La Chenaillette \u2013 Huile sur toile<\/title>\n<meta name=\"description\" content=\"Peinture \u00e0 l&#039;huile du peintre suisse Louis Goerg-Lauresch repr\u00e9sentant une vue de l&#039;alpage La Chenaillette en France pr\u00e8s de Gen\u00e8ve.\" \/>\n<meta name=\"robots\" content=\"index, follow, max-snippet:-1, max-image-preview:large, max-video-preview:-1\" \/>\n<link rel=\"canonical\" href=\"https:\/\/www.robertzueblin.com\/fr\/louis-goerg-lauresch\/la-chenaillette-huile-sur-toile\/\" \/>\n<meta property=\"og:locale\" content=\"fr_FR\" \/>\n<meta property=\"og:type\" content=\"article\" \/>\n<meta property=\"og:title\" content=\"Louis GOERG-LAURESCH \u2013 La Chenaillette \u2013 Huile sur toile\" \/>\n<meta property=\"og:description\" content=\"Peinture \u00e0 l&#039;huile du peintre suisse Louis Goerg-Lauresch repr\u00e9sentant une vue de l&#039;alpage La Chenaillette en France pr\u00e8s de Gen\u00e8ve.\" \/>\n<meta property=\"og:url\" content=\"https:\/\/www.robertzueblin.com\/fr\/louis-goerg-lauresch\/la-chenaillette-huile-sur-toile\/\" \/>\n<meta property=\"og:site_name\" content=\"ROBERT Z\u00dcBLIN\" \/>\n<meta property=\"article:modified_time\" content=\"2025-09-23T10:47:39+00:00\" \/>\n<meta property=\"og:image\" content=\"https:\/\/www.robertzueblin.com\/wp-content\/uploads\/louis-goerg-lauresch-huile-sur-toile-la-chenaillette-photo-couverture.jpg\" \/>\n\t<meta property=\"og:image:width\" content=\"1200\" \/>\n\t<meta property=\"og:image:height\" content=\"955\" \/>\n\t<meta property=\"og:image:type\" content=\"image\/jpeg\" \/>\n<meta name=\"twitter:card\" content=\"summary_large_image\" \/>\n<script type=\"application\/ld+json\" class=\"yoast-schema-graph\">{\"@context\":\"https:\\\/\\\/schema.org\",\"@graph\":[{\"@type\":\"WebPage\",\"@id\":\"https:\\\/\\\/www.robertzueblin.com\\\/fr\\\/louis-goerg-lauresch\\\/la-chenaillette-huile-sur-toile\\\/\",\"url\":\"https:\\\/\\\/www.robertzueblin.com\\\/fr\\\/louis-goerg-lauresch\\\/la-chenaillette-huile-sur-toile\\\/\",\"name\":\"Louis GOERG-LAURESCH \u2013 La Chenaillette \u2013 Huile sur toile\",\"isPartOf\":{\"@id\":\"https:\\\/\\\/www.robertzueblin.com\\\/fr\\\/#website\"},\"primaryImageOfPage\":{\"@id\":\"https:\\\/\\\/www.robertzueblin.com\\\/fr\\\/louis-goerg-lauresch\\\/la-chenaillette-huile-sur-toile\\\/#primaryimage\"},\"image\":{\"@id\":\"https:\\\/\\\/www.robertzueblin.com\\\/fr\\\/louis-goerg-lauresch\\\/la-chenaillette-huile-sur-toile\\\/#primaryimage\"},\"thumbnailUrl\":\"https:\\\/\\\/www.robertzueblin.com\\\/wp-content\\\/uploads\\\/louis-goerg-lauresch-huile-sur-toile-la-chenaillette-photo-couverture.jpg\",\"datePublished\":\"2025-09-23T10:41:12+00:00\",\"dateModified\":\"2025-09-23T10:47:39+00:00\",\"description\":\"Peinture \u00e0 l'huile du peintre suisse Louis Goerg-Lauresch repr\u00e9sentant une vue de l'alpage La Chenaillette en France pr\u00e8s de Gen\u00e8ve.\",\"breadcrumb\":{\"@id\":\"https:\\\/\\\/www.robertzueblin.com\\\/fr\\\/louis-goerg-lauresch\\\/la-chenaillette-huile-sur-toile\\\/#breadcrumb\"},\"inLanguage\":\"fr-FR\",\"potentialAction\":[{\"@type\":\"ReadAction\",\"target\":[\"https:\\\/\\\/www.robertzueblin.com\\\/fr\\\/louis-goerg-lauresch\\\/la-chenaillette-huile-sur-toile\\\/\"]}]},{\"@type\":\"ImageObject\",\"inLanguage\":\"fr-FR\",\"@id\":\"https:\\\/\\\/www.robertzueblin.com\\\/fr\\\/louis-goerg-lauresch\\\/la-chenaillette-huile-sur-toile\\\/#primaryimage\",\"url\":\"https:\\\/\\\/www.robertzueblin.com\\\/wp-content\\\/uploads\\\/louis-goerg-lauresch-huile-sur-toile-la-chenaillette-photo-couverture.jpg\",\"contentUrl\":\"https:\\\/\\\/www.robertzueblin.com\\\/wp-content\\\/uploads\\\/louis-goerg-lauresch-huile-sur-toile-la-chenaillette-photo-couverture.jpg\",\"width\":1200,\"height\":955},{\"@type\":\"BreadcrumbList\",\"@id\":\"https:\\\/\\\/www.robertzueblin.com\\\/fr\\\/louis-goerg-lauresch\\\/la-chenaillette-huile-sur-toile\\\/#breadcrumb\",\"itemListElement\":[{\"@type\":\"ListItem\",\"position\":1,\"name\":\"Startseite\",\"item\":\"https:\\\/\\\/www.robertzueblin.com\\\/fr\\\/\"},{\"@type\":\"ListItem\",\"position\":2,\"name\":\"Galerie d&#8217;art en ligne (boutique en ligne)\",\"item\":\"https:\\\/\\\/www.robertzueblin.com\\\/fr\\\/galerie-d-art-en-ligne\\\/\"},{\"@type\":\"ListItem\",\"position\":3,\"name\":\"Louis GOERG-LAURESCH (* 1895, \u2020 1950) \u2013 La Chenaillette \u2013 Huile sur toile\"}]},{\"@type\":\"WebSite\",\"@id\":\"https:\\\/\\\/www.robertzueblin.com\\\/fr\\\/#website\",\"url\":\"https:\\\/\\\/www.robertzueblin.com\\\/fr\\\/\",\"name\":\"ROBERT Z\u00dcBLIN\",\"description\":\"\",\"publisher\":{\"@id\":\"https:\\\/\\\/www.robertzueblin.com\\\/fr\\\/#organization\"},\"potentialAction\":[{\"@type\":\"SearchAction\",\"target\":{\"@type\":\"EntryPoint\",\"urlTemplate\":\"https:\\\/\\\/www.robertzueblin.com\\\/fr\\\/?s={search_term_string}\"},\"query-input\":{\"@type\":\"PropertyValueSpecification\",\"valueRequired\":true,\"valueName\":\"search_term_string\"}}],\"inLanguage\":\"fr-FR\"},{\"@type\":\"Organization\",\"@id\":\"https:\\\/\\\/www.robertzueblin.com\\\/fr\\\/#organization\",\"name\":\"ROBERT Z\u00dcBLIN\",\"url\":\"https:\\\/\\\/www.robertzueblin.com\\\/fr\\\/\",\"logo\":{\"@type\":\"ImageObject\",\"inLanguage\":\"fr-FR\",\"@id\":\"https:\\\/\\\/www.robertzueblin.com\\\/fr\\\/#\\\/schema\\\/logo\\\/image\\\/\",\"url\":\"https:\\\/\\\/www.robertzueblin.com\\\/wp-content\\\/uploads\\\/cropped-cropped-logo-von-robert-zueblin.jpg\",\"contentUrl\":\"https:\\\/\\\/www.robertzueblin.com\\\/wp-content\\\/uploads\\\/cropped-cropped-logo-von-robert-zueblin.jpg\",\"width\":440,\"height\":60,\"caption\":\"ROBERT Z\u00dcBLIN\"},\"image\":{\"@id\":\"https:\\\/\\\/www.robertzueblin.com\\\/fr\\\/#\\\/schema\\\/logo\\\/image\\\/\"}}]}<\/script>\n<!-- \/ Yoast SEO plugin. -->","yoast_head_json":{"title":"Louis GOERG-LAURESCH \u2013 La Chenaillette \u2013 Huile sur toile","description":"Peinture \u00e0 l'huile du peintre suisse Louis Goerg-Lauresch repr\u00e9sentant une vue de l'alpage La Chenaillette en France pr\u00e8s de Gen\u00e8ve.","robots":{"index":"index","follow":"follow","max-snippet":"max-snippet:-1","max-image-preview":"max-image-preview:large","max-video-preview":"max-video-preview:-1"},"canonical":"https:\/\/www.robertzueblin.com\/fr\/louis-goerg-lauresch\/la-chenaillette-huile-sur-toile\/","og_locale":"fr_FR","og_type":"article","og_title":"Louis GOERG-LAURESCH \u2013 La Chenaillette \u2013 Huile sur toile","og_description":"Peinture \u00e0 l'huile du peintre suisse Louis Goerg-Lauresch repr\u00e9sentant une vue de l'alpage La Chenaillette en France pr\u00e8s de Gen\u00e8ve.","og_url":"https:\/\/www.robertzueblin.com\/fr\/louis-goerg-lauresch\/la-chenaillette-huile-sur-toile\/","og_site_name":"ROBERT Z\u00dcBLIN","article_modified_time":"2025-09-23T10:47:39+00:00","og_image":[{"width":1200,"height":955,"url":"https:\/\/www.robertzueblin.com\/wp-content\/uploads\/louis-goerg-lauresch-huile-sur-toile-la-chenaillette-photo-couverture.jpg","type":"image\/jpeg"}],"twitter_card":"summary_large_image","schema":{"@context":"https:\/\/schema.org","@graph":[{"@type":"WebPage","@id":"https:\/\/www.robertzueblin.com\/fr\/louis-goerg-lauresch\/la-chenaillette-huile-sur-toile\/","url":"https:\/\/www.robertzueblin.com\/fr\/louis-goerg-lauresch\/la-chenaillette-huile-sur-toile\/","name":"Louis GOERG-LAURESCH \u2013 La Chenaillette \u2013 Huile sur toile","isPartOf":{"@id":"https:\/\/www.robertzueblin.com\/fr\/#website"},"primaryImageOfPage":{"@id":"https:\/\/www.robertzueblin.com\/fr\/louis-goerg-lauresch\/la-chenaillette-huile-sur-toile\/#primaryimage"},"image":{"@id":"https:\/\/www.robertzueblin.com\/fr\/louis-goerg-lauresch\/la-chenaillette-huile-sur-toile\/#primaryimage"},"thumbnailUrl":"https:\/\/www.robertzueblin.com\/wp-content\/uploads\/louis-goerg-lauresch-huile-sur-toile-la-chenaillette-photo-couverture.jpg","datePublished":"2025-09-23T10:41:12+00:00","dateModified":"2025-09-23T10:47:39+00:00","description":"Peinture \u00e0 l'huile du peintre suisse Louis Goerg-Lauresch repr\u00e9sentant une vue de l'alpage La Chenaillette en France pr\u00e8s de Gen\u00e8ve.","breadcrumb":{"@id":"https:\/\/www.robertzueblin.com\/fr\/louis-goerg-lauresch\/la-chenaillette-huile-sur-toile\/#breadcrumb"},"inLanguage":"fr-FR","potentialAction":[{"@type":"ReadAction","target":["https:\/\/www.robertzueblin.com\/fr\/louis-goerg-lauresch\/la-chenaillette-huile-sur-toile\/"]}]},{"@type":"ImageObject","inLanguage":"fr-FR","@id":"https:\/\/www.robertzueblin.com\/fr\/louis-goerg-lauresch\/la-chenaillette-huile-sur-toile\/#primaryimage","url":"https:\/\/www.robertzueblin.com\/wp-content\/uploads\/louis-goerg-lauresch-huile-sur-toile-la-chenaillette-photo-couverture.jpg","contentUrl":"https:\/\/www.robertzueblin.com\/wp-content\/uploads\/louis-goerg-lauresch-huile-sur-toile-la-chenaillette-photo-couverture.jpg","width":1200,"height":955},{"@type":"BreadcrumbList","@id":"https:\/\/www.robertzueblin.com\/fr\/louis-goerg-lauresch\/la-chenaillette-huile-sur-toile\/#breadcrumb","itemListElement":[{"@type":"ListItem","position":1,"name":"Startseite","item":"https:\/\/www.robertzueblin.com\/fr\/"},{"@type":"ListItem","position":2,"name":"Galerie d&#8217;art en ligne (boutique en ligne)","item":"https:\/\/www.robertzueblin.com\/fr\/galerie-d-art-en-ligne\/"},{"@type":"ListItem","position":3,"name":"Louis GOERG-LAURESCH (* 1895, \u2020 1950) \u2013 La Chenaillette \u2013 Huile sur toile"}]},{"@type":"WebSite","@id":"https:\/\/www.robertzueblin.com\/fr\/#website","url":"https:\/\/www.robertzueblin.com\/fr\/","name":"ROBERT Z\u00dcBLIN","description":"","publisher":{"@id":"https:\/\/www.robertzueblin.com\/fr\/#organization"},"potentialAction":[{"@type":"SearchAction","target":{"@type":"EntryPoint","urlTemplate":"https:\/\/www.robertzueblin.com\/fr\/?s={search_term_string}"},"query-input":{"@type":"PropertyValueSpecification","valueRequired":true,"valueName":"search_term_string"}}],"inLanguage":"fr-FR"},{"@type":"Organization","@id":"https:\/\/www.robertzueblin.com\/fr\/#organization","name":"ROBERT Z\u00dcBLIN","url":"https:\/\/www.robertzueblin.com\/fr\/","logo":{"@type":"ImageObject","inLanguage":"fr-FR","@id":"https:\/\/www.robertzueblin.com\/fr\/#\/schema\/logo\/image\/","url":"https:\/\/www.robertzueblin.com\/wp-content\/uploads\/cropped-cropped-logo-von-robert-zueblin.jpg","contentUrl":"https:\/\/www.robertzueblin.com\/wp-content\/uploads\/cropped-cropped-logo-von-robert-zueblin.jpg","width":440,"height":60,"caption":"ROBERT Z\u00dcBLIN"},"image":{"@id":"https:\/\/www.robertzueblin.com\/fr\/#\/schema\/logo\/image\/"}}]}},"_links":{"self":[{"href":"https:\/\/www.robertzueblin.com\/fr\/wp-json\/wp\/v2\/product\/46979","targetHints":{"allow":["GET"]}}],"collection":[{"href":"https:\/\/www.robertzueblin.com\/fr\/wp-json\/wp\/v2\/product"}],"about":[{"href":"https:\/\/www.robertzueblin.com\/fr\/wp-json\/wp\/v2\/types\/product"}],"wp:featuredmedia":[{"embeddable":true,"href":"https:\/\/www.robertzueblin.com\/fr\/wp-json\/wp\/v2\/media\/47028"}],"wp:attachment":[{"href":"https:\/\/www.robertzueblin.com\/fr\/wp-json\/wp\/v2\/media?parent=46979"}],"wp:term":[{"taxonomy":"product_brand","embeddable":true,"href":"https:\/\/www.robertzueblin.com\/fr\/wp-json\/wp\/v2\/product_brand?post=46979"},{"taxonomy":"product_cat","embeddable":true,"href":"https:\/\/www.robertzueblin.com\/fr\/wp-json\/wp\/v2\/product_cat?post=46979"},{"taxonomy":"product_tag","embeddable":true,"href":"https:\/\/www.robertzueblin.com\/fr\/wp-json\/wp\/v2\/product_tag?post=46979"}],"curies":[{"name":"wp","href":"https:\/\/api.w.org\/{rel}","templated":true}]}}