{"id":46424,"date":"2025-08-30T17:12:04","date_gmt":"2025-08-30T15:12:04","guid":{"rendered":"https:\/\/www.robertzueblin.com\/?post_type=product&#038;p=46424"},"modified":"2025-09-03T11:41:40","modified_gmt":"2025-09-03T09:41:40","slug":"majolique-de-thoune-chouette-servant-de-theiere-avec-une-fleur-bleue-sur-la-crete","status":"publish","type":"product","link":"https:\/\/www.robertzueblin.com\/fr\/majolique-de-thoune-ceramique-suisse-thun\/chouette-servant-de-theiere-avec-une-fleur-bleue-sur-la-crete\/","title":{"rendered":"Majolique de Thoune \u2013 Chouette servant de th\u00e9i\u00e8re \/ cafeti\u00e8re avec une fleur bleue sur la cr\u00eate"},"content":{"rendered":"<p><span style=\"font-family: AkkoPro-BoldCondensed!important\">Type :<\/span> <a href=\"\/?post_format=poterie-d-atelier-ceramique-de-studio\">poterie d&rsquo;atelier<\/a><\/p>\n<p><span style=\"font-family: AkkoPro-BoldCondensed!important\">Atelier :<\/span> inconnu<\/p>\n<p><span style=\"font-family: AkkoPro-BoldCondensed!important\">Objet :<\/span> th\u00e9i\u00e8re \/ cafeti\u00e8re<\/p>\n<p><span style=\"font-family: AkkoPro-BoldCondensed!important\">Mat\u00e9riau :<\/span> c\u00e9ramique avec engobe et gla\u00e7ure<\/p>\n<p><span style=\"font-family: AkkoPro-BoldCondensed!important\">Dimensions :<\/span> hauteur : 24 cm ; largeur : 16,8 cm ; profondeur : 9 cm<\/p>\n<p><span style=\"font-family: AkkoPro-BoldCondensed!important\">Ann\u00e9e de fabrication :<\/span> probablement fin du XIXe si\u00e8cle<\/p>\n<p><span style=\"font-family: AkkoPro-BoldCondensed!important\">\u00c9tat :<\/span> plusieurs \u00e9clats peu visibles<\/p>\n<p><span style=\"font-family: AkkoPro-BoldCondensed!important\">Signature\/marque :<\/span> indication de provenance \u00ab\u00a0Thoune\u00a0\u00bb<\/p>\n","protected":false},"excerpt":{"rendered":"<p>Type : poterie d&rsquo;atelier Atelier : inconnu Objet : th\u00e9i\u00e8re \/ cafeti\u00e8re Mat\u00e9riau : c\u00e9ramique avec engobe et gla\u00e7ure Dimensions : hauteur : 24 cm ; largeur : 16,8 cm ; profondeur : 9 cm Ann\u00e9e de fabrication : probablement fin du XIXe si\u00e8cle \u00c9tat : plusieurs \u00e9clats peu visibles Signature\/marque : indication de provenance [&hellip;]<\/p>\n","protected":false},"featured_media":46432,"template":"","meta":[],"product_brand":[],"product_cat":[593],"product_tag":[],"class_list":{"0":"post-46424","1":"product","2":"type-product","3":"status-publish","4":"has-post-thumbnail","6":"product_cat-majolique-de-thoune-ceramique-suisse-thun","8":"first","9":"instock","10":"sold-individually","11":"shipping-taxable","12":"purchasable","13":"product-type-simple"},"yoast_head":"<!-- This site is optimized with the Yoast SEO plugin v27.4 - https:\/\/yoast.com\/product\/yoast-seo-wordpress\/ -->\n<title>Majolique de Thoune \u2013 Chouette servant de th\u00e9i\u00e8re \/ cafeti\u00e8re<\/title>\n<meta name=\"description\" content=\"Majolique de Thoune : chouette servant de th\u00e9i\u00e8re \/ cafeti\u00e8re, avec une fleur bleue sur la plume de sa t\u00eate et la mention \u00ab Thoune \u00bb sous son pied.\" \/>\n<meta name=\"robots\" content=\"index, follow, max-snippet:-1, max-image-preview:large, max-video-preview:-1\" \/>\n<link rel=\"canonical\" href=\"https:\/\/www.robertzueblin.com\/fr\/majolique-de-thoune-ceramique-suisse-thun\/chouette-servant-de-theiere-avec-une-fleur-bleue-sur-la-crete\/\" \/>\n<meta property=\"og:locale\" content=\"fr_FR\" \/>\n<meta property=\"og:type\" content=\"article\" \/>\n<meta property=\"og:title\" content=\"Majolique de Thoune \u2013 Chouette servant de th\u00e9i\u00e8re \/ cafeti\u00e8re\" \/>\n<meta property=\"og:description\" content=\"Majolique de Thoune : chouette servant de th\u00e9i\u00e8re \/ cafeti\u00e8re, avec une fleur bleue sur la plume de sa t\u00eate et la mention \u00ab Thoune \u00bb sous son pied.\" \/>\n<meta property=\"og:url\" content=\"https:\/\/www.robertzueblin.com\/fr\/majolique-de-thoune-ceramique-suisse-thun\/chouette-servant-de-theiere-avec-une-fleur-bleue-sur-la-crete\/\" \/>\n<meta property=\"og:site_name\" content=\"ROBERT Z\u00dcBLIN\" \/>\n<meta property=\"article:modified_time\" content=\"2025-09-03T09:41:40+00:00\" \/>\n<meta property=\"og:image\" content=\"https:\/\/www.robertzueblin.com\/wp-content\/uploads\/majolique-thoune-chouette-servant-theiere-fleur-bleue-crete-photo-couverture.jpg\" \/>\n\t<meta property=\"og:image:width\" content=\"1000\" \/>\n\t<meta property=\"og:image:height\" content=\"1000\" \/>\n\t<meta property=\"og:image:type\" content=\"image\/jpeg\" \/>\n<meta name=\"twitter:card\" content=\"summary_large_image\" \/>\n<script type=\"application\/ld+json\" class=\"yoast-schema-graph\">{\"@context\":\"https:\\\/\\\/schema.org\",\"@graph\":[{\"@type\":\"WebPage\",\"@id\":\"https:\\\/\\\/www.robertzueblin.com\\\/fr\\\/majolique-de-thoune-ceramique-suisse-thun\\\/chouette-servant-de-theiere-avec-une-fleur-bleue-sur-la-crete\\\/\",\"url\":\"https:\\\/\\\/www.robertzueblin.com\\\/fr\\\/majolique-de-thoune-ceramique-suisse-thun\\\/chouette-servant-de-theiere-avec-une-fleur-bleue-sur-la-crete\\\/\",\"name\":\"Majolique de Thoune \u2013 Chouette servant de th\u00e9i\u00e8re \\\/ cafeti\u00e8re\",\"isPartOf\":{\"@id\":\"https:\\\/\\\/www.robertzueblin.com\\\/fr\\\/#website\"},\"primaryImageOfPage\":{\"@id\":\"https:\\\/\\\/www.robertzueblin.com\\\/fr\\\/majolique-de-thoune-ceramique-suisse-thun\\\/chouette-servant-de-theiere-avec-une-fleur-bleue-sur-la-crete\\\/#primaryimage\"},\"image\":{\"@id\":\"https:\\\/\\\/www.robertzueblin.com\\\/fr\\\/majolique-de-thoune-ceramique-suisse-thun\\\/chouette-servant-de-theiere-avec-une-fleur-bleue-sur-la-crete\\\/#primaryimage\"},\"thumbnailUrl\":\"https:\\\/\\\/www.robertzueblin.com\\\/wp-content\\\/uploads\\\/majolique-thoune-chouette-servant-theiere-fleur-bleue-crete-photo-couverture.jpg\",\"datePublished\":\"2025-08-30T15:12:04+00:00\",\"dateModified\":\"2025-09-03T09:41:40+00:00\",\"description\":\"Majolique de Thoune : chouette servant de th\u00e9i\u00e8re \\\/ cafeti\u00e8re, avec une fleur bleue sur la plume de sa t\u00eate et la mention \u00ab Thoune \u00bb sous son pied.\",\"breadcrumb\":{\"@id\":\"https:\\\/\\\/www.robertzueblin.com\\\/fr\\\/majolique-de-thoune-ceramique-suisse-thun\\\/chouette-servant-de-theiere-avec-une-fleur-bleue-sur-la-crete\\\/#breadcrumb\"},\"inLanguage\":\"fr-FR\",\"potentialAction\":[{\"@type\":\"ReadAction\",\"target\":[\"https:\\\/\\\/www.robertzueblin.com\\\/fr\\\/majolique-de-thoune-ceramique-suisse-thun\\\/chouette-servant-de-theiere-avec-une-fleur-bleue-sur-la-crete\\\/\"]}]},{\"@type\":\"ImageObject\",\"inLanguage\":\"fr-FR\",\"@id\":\"https:\\\/\\\/www.robertzueblin.com\\\/fr\\\/majolique-de-thoune-ceramique-suisse-thun\\\/chouette-servant-de-theiere-avec-une-fleur-bleue-sur-la-crete\\\/#primaryimage\",\"url\":\"https:\\\/\\\/www.robertzueblin.com\\\/wp-content\\\/uploads\\\/majolique-thoune-chouette-servant-theiere-fleur-bleue-crete-photo-couverture.jpg\",\"contentUrl\":\"https:\\\/\\\/www.robertzueblin.com\\\/wp-content\\\/uploads\\\/majolique-thoune-chouette-servant-theiere-fleur-bleue-crete-photo-couverture.jpg\",\"width\":1000,\"height\":1000},{\"@type\":\"BreadcrumbList\",\"@id\":\"https:\\\/\\\/www.robertzueblin.com\\\/fr\\\/majolique-de-thoune-ceramique-suisse-thun\\\/chouette-servant-de-theiere-avec-une-fleur-bleue-sur-la-crete\\\/#breadcrumb\",\"itemListElement\":[{\"@type\":\"ListItem\",\"position\":1,\"name\":\"Startseite\",\"item\":\"https:\\\/\\\/www.robertzueblin.com\\\/fr\\\/\"},{\"@type\":\"ListItem\",\"position\":2,\"name\":\"Galerie d&#8217;art en ligne (boutique en ligne)\",\"item\":\"https:\\\/\\\/www.robertzueblin.com\\\/fr\\\/galerie-d-art-en-ligne\\\/\"},{\"@type\":\"ListItem\",\"position\":3,\"name\":\"Majolique de Thoune \u2013 Chouette servant de th\u00e9i\u00e8re \\\/ cafeti\u00e8re avec une fleur bleue sur la cr\u00eate\"}]},{\"@type\":\"WebSite\",\"@id\":\"https:\\\/\\\/www.robertzueblin.com\\\/fr\\\/#website\",\"url\":\"https:\\\/\\\/www.robertzueblin.com\\\/fr\\\/\",\"name\":\"ROBERT Z\u00dcBLIN\",\"description\":\"\",\"publisher\":{\"@id\":\"https:\\\/\\\/www.robertzueblin.com\\\/fr\\\/#organization\"},\"potentialAction\":[{\"@type\":\"SearchAction\",\"target\":{\"@type\":\"EntryPoint\",\"urlTemplate\":\"https:\\\/\\\/www.robertzueblin.com\\\/fr\\\/?s={search_term_string}\"},\"query-input\":{\"@type\":\"PropertyValueSpecification\",\"valueRequired\":true,\"valueName\":\"search_term_string\"}}],\"inLanguage\":\"fr-FR\"},{\"@type\":\"Organization\",\"@id\":\"https:\\\/\\\/www.robertzueblin.com\\\/fr\\\/#organization\",\"name\":\"ROBERT Z\u00dcBLIN\",\"url\":\"https:\\\/\\\/www.robertzueblin.com\\\/fr\\\/\",\"logo\":{\"@type\":\"ImageObject\",\"inLanguage\":\"fr-FR\",\"@id\":\"https:\\\/\\\/www.robertzueblin.com\\\/fr\\\/#\\\/schema\\\/logo\\\/image\\\/\",\"url\":\"https:\\\/\\\/www.robertzueblin.com\\\/wp-content\\\/uploads\\\/cropped-cropped-logo-von-robert-zueblin.jpg\",\"contentUrl\":\"https:\\\/\\\/www.robertzueblin.com\\\/wp-content\\\/uploads\\\/cropped-cropped-logo-von-robert-zueblin.jpg\",\"width\":440,\"height\":60,\"caption\":\"ROBERT Z\u00dcBLIN\"},\"image\":{\"@id\":\"https:\\\/\\\/www.robertzueblin.com\\\/fr\\\/#\\\/schema\\\/logo\\\/image\\\/\"}}]}<\/script>\n<!-- \/ Yoast SEO plugin. -->","yoast_head_json":{"title":"Majolique de Thoune \u2013 Chouette servant de th\u00e9i\u00e8re \/ cafeti\u00e8re","description":"Majolique de Thoune : chouette servant de th\u00e9i\u00e8re \/ cafeti\u00e8re, avec une fleur bleue sur la plume de sa t\u00eate et la mention \u00ab Thoune \u00bb sous son pied.","robots":{"index":"index","follow":"follow","max-snippet":"max-snippet:-1","max-image-preview":"max-image-preview:large","max-video-preview":"max-video-preview:-1"},"canonical":"https:\/\/www.robertzueblin.com\/fr\/majolique-de-thoune-ceramique-suisse-thun\/chouette-servant-de-theiere-avec-une-fleur-bleue-sur-la-crete\/","og_locale":"fr_FR","og_type":"article","og_title":"Majolique de Thoune \u2013 Chouette servant de th\u00e9i\u00e8re \/ cafeti\u00e8re","og_description":"Majolique de Thoune : chouette servant de th\u00e9i\u00e8re \/ cafeti\u00e8re, avec une fleur bleue sur la plume de sa t\u00eate et la mention \u00ab Thoune \u00bb sous son pied.","og_url":"https:\/\/www.robertzueblin.com\/fr\/majolique-de-thoune-ceramique-suisse-thun\/chouette-servant-de-theiere-avec-une-fleur-bleue-sur-la-crete\/","og_site_name":"ROBERT Z\u00dcBLIN","article_modified_time":"2025-09-03T09:41:40+00:00","og_image":[{"width":1000,"height":1000,"url":"https:\/\/www.robertzueblin.com\/wp-content\/uploads\/majolique-thoune-chouette-servant-theiere-fleur-bleue-crete-photo-couverture.jpg","type":"image\/jpeg"}],"twitter_card":"summary_large_image","schema":{"@context":"https:\/\/schema.org","@graph":[{"@type":"WebPage","@id":"https:\/\/www.robertzueblin.com\/fr\/majolique-de-thoune-ceramique-suisse-thun\/chouette-servant-de-theiere-avec-une-fleur-bleue-sur-la-crete\/","url":"https:\/\/www.robertzueblin.com\/fr\/majolique-de-thoune-ceramique-suisse-thun\/chouette-servant-de-theiere-avec-une-fleur-bleue-sur-la-crete\/","name":"Majolique de Thoune \u2013 Chouette servant de th\u00e9i\u00e8re \/ cafeti\u00e8re","isPartOf":{"@id":"https:\/\/www.robertzueblin.com\/fr\/#website"},"primaryImageOfPage":{"@id":"https:\/\/www.robertzueblin.com\/fr\/majolique-de-thoune-ceramique-suisse-thun\/chouette-servant-de-theiere-avec-une-fleur-bleue-sur-la-crete\/#primaryimage"},"image":{"@id":"https:\/\/www.robertzueblin.com\/fr\/majolique-de-thoune-ceramique-suisse-thun\/chouette-servant-de-theiere-avec-une-fleur-bleue-sur-la-crete\/#primaryimage"},"thumbnailUrl":"https:\/\/www.robertzueblin.com\/wp-content\/uploads\/majolique-thoune-chouette-servant-theiere-fleur-bleue-crete-photo-couverture.jpg","datePublished":"2025-08-30T15:12:04+00:00","dateModified":"2025-09-03T09:41:40+00:00","description":"Majolique de Thoune : chouette servant de th\u00e9i\u00e8re \/ cafeti\u00e8re, avec une fleur bleue sur la plume de sa t\u00eate et la mention \u00ab Thoune \u00bb sous son pied.","breadcrumb":{"@id":"https:\/\/www.robertzueblin.com\/fr\/majolique-de-thoune-ceramique-suisse-thun\/chouette-servant-de-theiere-avec-une-fleur-bleue-sur-la-crete\/#breadcrumb"},"inLanguage":"fr-FR","potentialAction":[{"@type":"ReadAction","target":["https:\/\/www.robertzueblin.com\/fr\/majolique-de-thoune-ceramique-suisse-thun\/chouette-servant-de-theiere-avec-une-fleur-bleue-sur-la-crete\/"]}]},{"@type":"ImageObject","inLanguage":"fr-FR","@id":"https:\/\/www.robertzueblin.com\/fr\/majolique-de-thoune-ceramique-suisse-thun\/chouette-servant-de-theiere-avec-une-fleur-bleue-sur-la-crete\/#primaryimage","url":"https:\/\/www.robertzueblin.com\/wp-content\/uploads\/majolique-thoune-chouette-servant-theiere-fleur-bleue-crete-photo-couverture.jpg","contentUrl":"https:\/\/www.robertzueblin.com\/wp-content\/uploads\/majolique-thoune-chouette-servant-theiere-fleur-bleue-crete-photo-couverture.jpg","width":1000,"height":1000},{"@type":"BreadcrumbList","@id":"https:\/\/www.robertzueblin.com\/fr\/majolique-de-thoune-ceramique-suisse-thun\/chouette-servant-de-theiere-avec-une-fleur-bleue-sur-la-crete\/#breadcrumb","itemListElement":[{"@type":"ListItem","position":1,"name":"Startseite","item":"https:\/\/www.robertzueblin.com\/fr\/"},{"@type":"ListItem","position":2,"name":"Galerie d&#8217;art en ligne (boutique en ligne)","item":"https:\/\/www.robertzueblin.com\/fr\/galerie-d-art-en-ligne\/"},{"@type":"ListItem","position":3,"name":"Majolique de Thoune \u2013 Chouette servant de th\u00e9i\u00e8re \/ cafeti\u00e8re avec une fleur bleue sur la cr\u00eate"}]},{"@type":"WebSite","@id":"https:\/\/www.robertzueblin.com\/fr\/#website","url":"https:\/\/www.robertzueblin.com\/fr\/","name":"ROBERT Z\u00dcBLIN","description":"","publisher":{"@id":"https:\/\/www.robertzueblin.com\/fr\/#organization"},"potentialAction":[{"@type":"SearchAction","target":{"@type":"EntryPoint","urlTemplate":"https:\/\/www.robertzueblin.com\/fr\/?s={search_term_string}"},"query-input":{"@type":"PropertyValueSpecification","valueRequired":true,"valueName":"search_term_string"}}],"inLanguage":"fr-FR"},{"@type":"Organization","@id":"https:\/\/www.robertzueblin.com\/fr\/#organization","name":"ROBERT Z\u00dcBLIN","url":"https:\/\/www.robertzueblin.com\/fr\/","logo":{"@type":"ImageObject","inLanguage":"fr-FR","@id":"https:\/\/www.robertzueblin.com\/fr\/#\/schema\/logo\/image\/","url":"https:\/\/www.robertzueblin.com\/wp-content\/uploads\/cropped-cropped-logo-von-robert-zueblin.jpg","contentUrl":"https:\/\/www.robertzueblin.com\/wp-content\/uploads\/cropped-cropped-logo-von-robert-zueblin.jpg","width":440,"height":60,"caption":"ROBERT Z\u00dcBLIN"},"image":{"@id":"https:\/\/www.robertzueblin.com\/fr\/#\/schema\/logo\/image\/"}}]}},"_links":{"self":[{"href":"https:\/\/www.robertzueblin.com\/fr\/wp-json\/wp\/v2\/product\/46424","targetHints":{"allow":["GET"]}}],"collection":[{"href":"https:\/\/www.robertzueblin.com\/fr\/wp-json\/wp\/v2\/product"}],"about":[{"href":"https:\/\/www.robertzueblin.com\/fr\/wp-json\/wp\/v2\/types\/product"}],"wp:featuredmedia":[{"embeddable":true,"href":"https:\/\/www.robertzueblin.com\/fr\/wp-json\/wp\/v2\/media\/46432"}],"wp:attachment":[{"href":"https:\/\/www.robertzueblin.com\/fr\/wp-json\/wp\/v2\/media?parent=46424"}],"wp:term":[{"taxonomy":"product_brand","embeddable":true,"href":"https:\/\/www.robertzueblin.com\/fr\/wp-json\/wp\/v2\/product_brand?post=46424"},{"taxonomy":"product_cat","embeddable":true,"href":"https:\/\/www.robertzueblin.com\/fr\/wp-json\/wp\/v2\/product_cat?post=46424"},{"taxonomy":"product_tag","embeddable":true,"href":"https:\/\/www.robertzueblin.com\/fr\/wp-json\/wp\/v2\/product_tag?post=46424"}],"curies":[{"name":"wp","href":"https:\/\/api.w.org\/{rel}","templated":true}]}}