{"id":46235,"date":"2025-08-23T18:12:34","date_gmt":"2025-08-23T16:12:34","guid":{"rendered":"https:\/\/www.robertzueblin.com\/?post_type=product&#038;p=46235"},"modified":"2025-08-23T20:45:27","modified_gmt":"2025-08-23T18:45:27","slug":"henriette-meyrat-1874-%e2%80%a0-1954-cimes-darbres-pres-de-chambrelien-huile-sur-toile","status":"publish","type":"product","link":"https:\/\/www.robertzueblin.com\/fr\/henriette-meyrat\/cimes-darbres-pres-de-chambrelien-huile-sur-toile\/","title":{"rendered":"Henriette MEYRAT (* 1874, \u2020 1954) \u2013 Vue sur le lac de Neuch\u00e2tel au-dessus de la cime des arbres depuis la gare de Chambrelien \u2013 Huile sur toile"},"content":{"rendered":"<p><span style=\"font-family: AkkoPro-BoldCondensed!important\">Type :<\/span> <a href=\"\/?post_format=peinture\">peinture<\/a><\/p>\n<p><span style=\"font-family: AkkoPro-BoldCondensed!important\">Peintre :<\/span> <a href=\"https:\/\/www.robertzueblin.com\/fr\/henriette-meyrat\/\">Henriette MEYRAT<\/a> (* 1874, \u2020 1954)<\/p>\n<p><span style=\"font-family: AkkoPro-BoldCondensed!important\">Objet :<\/span> <a href=\"https:\/\/www.robertzueblin.com\/fr\/peintures-a-l-huile\/\">peinture \u00e0 l&rsquo;huile<\/a><\/p>\n<p><span style=\"font-family: AkkoPro-BoldCondensed!important\">Mat\u00e9riau :<\/span> huile sur toile<\/p>\n<p><span style=\"font-family: AkkoPro-BoldCondensed!important\">Dimensions :<\/span> hauteur : 24 cm, largeur : 41 cm ; avec cadre : hauteur : 33,4 cm, largeur : 50,2 cm<\/p>\n<p><span style=\"font-family: AkkoPro-BoldCondensed!important\">Ann\u00e9e de fabrication :<\/span> inconnue<\/p>\n<p><span style=\"font-family: AkkoPro-BoldCondensed!important\">\u00c9tat :<\/span> Peinture: petites zones avec perte de couleur ; cadre : partiellement ab\u00eem\u00e9 et us\u00e9.<\/p>\n<p><span style=\"font-family: AkkoPro-BoldCondensed!important\">Signature :<\/span> H. Meyrat ; probablement \u00e9crite ult\u00e9rieurement par une autre personne.<\/p>\n<p><span style=\"font-family: AkkoPro-BoldCondensed!important\">Details :<\/span><br \/>\nUne belle peinture \u00e0 l&rsquo;huile d&rsquo;Henriette Meyrat repr\u00e9sentant une <a href=\"https:\/\/de.wikiloc.com\/routen-wandern\/chambrelien-champ-du-moulin-35658308\/photo-23047678\">vue sur le lac de Neuch\u00e2tel au-dessus de la cime des arbres depuis la gare de Chambrelien<\/a> (canton de Neuch\u00e2tel, Suisse). H. Meyrat a longtemps \u00e9t\u00e9 m\u00e9connue en tant que peintre, comme beaucoup d&rsquo;artistes f\u00e9minines de l&rsquo;\u00e9poque qui vivaient dans l&rsquo;ombre de leurs coll\u00e8gues masculins. Aujourd&rsquo;hui, les \u0153uvres d&rsquo;Henriette Meyrat sont expos\u00e9es au mus\u00e9e de Saint-Imier.<\/p>\n","protected":false},"excerpt":{"rendered":"<p>Type : peinture Peintre : Henriette MEYRAT (* 1874, \u2020 1954) Objet : peinture \u00e0 l&rsquo;huile Mat\u00e9riau : huile sur toile Dimensions : hauteur : 24 cm, largeur : 41 cm ; avec cadre : hauteur : 33,4 cm, largeur : 50,2 cm Ann\u00e9e de fabrication : inconnue \u00c9tat : Peinture: petites zones avec perte [&hellip;]<\/p>\n","protected":false},"featured_media":46244,"template":"","meta":[],"product_brand":[],"product_cat":[776,843,496],"product_tag":[],"class_list":{"0":"post-46235","1":"product","2":"type-product","3":"status-publish","4":"has-post-thumbnail","6":"product_cat-peinture","7":"product_cat-henriette-meyrat","8":"product_cat-peintures-a-l-huile","10":"first","11":"instock","12":"sold-individually","13":"shipping-taxable","14":"purchasable","15":"product-type-simple"},"yoast_head":"<!-- This site is optimized with the Yoast SEO plugin v27.4 - https:\/\/yoast.com\/product\/yoast-seo-wordpress\/ -->\n<title>Henriette MEYRAT \u2013 Cimes d&#039;arbres pr\u00e8s de Chambrelien<\/title>\n<meta name=\"description\" content=\"Peinture \u00e0 l&#039;huile de la peintre Henriette Meyrat repr\u00e9sentant une vue sur la cime des arbres depuis la gare de Chambrelien (canton Neuch\u00e2tel, Suisse).\" \/>\n<meta name=\"robots\" content=\"index, follow, max-snippet:-1, max-image-preview:large, max-video-preview:-1\" \/>\n<link rel=\"canonical\" href=\"https:\/\/www.robertzueblin.com\/fr\/henriette-meyrat\/cimes-darbres-pres-de-chambrelien-huile-sur-toile\/\" \/>\n<meta property=\"og:locale\" content=\"fr_FR\" \/>\n<meta property=\"og:type\" content=\"article\" \/>\n<meta property=\"og:title\" content=\"Henriette MEYRAT \u2013 Cimes d&#039;arbres pr\u00e8s de Chambrelien\" \/>\n<meta property=\"og:description\" content=\"Peinture \u00e0 l&#039;huile de la peintre Henriette Meyrat repr\u00e9sentant une vue sur la cime des arbres depuis la gare de Chambrelien (canton Neuch\u00e2tel, Suisse).\" \/>\n<meta property=\"og:url\" content=\"https:\/\/www.robertzueblin.com\/fr\/henriette-meyrat\/cimes-darbres-pres-de-chambrelien-huile-sur-toile\/\" \/>\n<meta property=\"og:site_name\" content=\"ROBERT Z\u00dcBLIN\" \/>\n<meta property=\"article:modified_time\" content=\"2025-08-23T18:45:27+00:00\" \/>\n<meta property=\"og:image\" content=\"https:\/\/www.robertzueblin.com\/wp-content\/uploads\/henriette-meyrat-huile-toile-cimes-arbres-pres-chambrelien-photo-couverture.jpg\" \/>\n\t<meta property=\"og:image:width\" content=\"1300\" \/>\n\t<meta property=\"og:image:height\" content=\"744\" \/>\n\t<meta property=\"og:image:type\" content=\"image\/jpeg\" \/>\n<meta name=\"twitter:card\" content=\"summary_large_image\" \/>\n<script type=\"application\/ld+json\" class=\"yoast-schema-graph\">{\"@context\":\"https:\\\/\\\/schema.org\",\"@graph\":[{\"@type\":\"WebPage\",\"@id\":\"https:\\\/\\\/www.robertzueblin.com\\\/fr\\\/henriette-meyrat\\\/cimes-darbres-pres-de-chambrelien-huile-sur-toile\\\/\",\"url\":\"https:\\\/\\\/www.robertzueblin.com\\\/fr\\\/henriette-meyrat\\\/cimes-darbres-pres-de-chambrelien-huile-sur-toile\\\/\",\"name\":\"Henriette MEYRAT \u2013 Cimes d'arbres pr\u00e8s de Chambrelien\",\"isPartOf\":{\"@id\":\"https:\\\/\\\/www.robertzueblin.com\\\/fr\\\/#website\"},\"primaryImageOfPage\":{\"@id\":\"https:\\\/\\\/www.robertzueblin.com\\\/fr\\\/henriette-meyrat\\\/cimes-darbres-pres-de-chambrelien-huile-sur-toile\\\/#primaryimage\"},\"image\":{\"@id\":\"https:\\\/\\\/www.robertzueblin.com\\\/fr\\\/henriette-meyrat\\\/cimes-darbres-pres-de-chambrelien-huile-sur-toile\\\/#primaryimage\"},\"thumbnailUrl\":\"https:\\\/\\\/www.robertzueblin.com\\\/wp-content\\\/uploads\\\/henriette-meyrat-huile-toile-cimes-arbres-pres-chambrelien-photo-couverture.jpg\",\"datePublished\":\"2025-08-23T16:12:34+00:00\",\"dateModified\":\"2025-08-23T18:45:27+00:00\",\"description\":\"Peinture \u00e0 l'huile de la peintre Henriette Meyrat repr\u00e9sentant une vue sur la cime des arbres depuis la gare de Chambrelien (canton Neuch\u00e2tel, Suisse).\",\"breadcrumb\":{\"@id\":\"https:\\\/\\\/www.robertzueblin.com\\\/fr\\\/henriette-meyrat\\\/cimes-darbres-pres-de-chambrelien-huile-sur-toile\\\/#breadcrumb\"},\"inLanguage\":\"fr-FR\",\"potentialAction\":[{\"@type\":\"ReadAction\",\"target\":[\"https:\\\/\\\/www.robertzueblin.com\\\/fr\\\/henriette-meyrat\\\/cimes-darbres-pres-de-chambrelien-huile-sur-toile\\\/\"]}]},{\"@type\":\"ImageObject\",\"inLanguage\":\"fr-FR\",\"@id\":\"https:\\\/\\\/www.robertzueblin.com\\\/fr\\\/henriette-meyrat\\\/cimes-darbres-pres-de-chambrelien-huile-sur-toile\\\/#primaryimage\",\"url\":\"https:\\\/\\\/www.robertzueblin.com\\\/wp-content\\\/uploads\\\/henriette-meyrat-huile-toile-cimes-arbres-pres-chambrelien-photo-couverture.jpg\",\"contentUrl\":\"https:\\\/\\\/www.robertzueblin.com\\\/wp-content\\\/uploads\\\/henriette-meyrat-huile-toile-cimes-arbres-pres-chambrelien-photo-couverture.jpg\",\"width\":1300,\"height\":744},{\"@type\":\"BreadcrumbList\",\"@id\":\"https:\\\/\\\/www.robertzueblin.com\\\/fr\\\/henriette-meyrat\\\/cimes-darbres-pres-de-chambrelien-huile-sur-toile\\\/#breadcrumb\",\"itemListElement\":[{\"@type\":\"ListItem\",\"position\":1,\"name\":\"Startseite\",\"item\":\"https:\\\/\\\/www.robertzueblin.com\\\/fr\\\/\"},{\"@type\":\"ListItem\",\"position\":2,\"name\":\"Galerie d&#8217;art en ligne (boutique en ligne)\",\"item\":\"https:\\\/\\\/www.robertzueblin.com\\\/fr\\\/galerie-d-art-en-ligne\\\/\"},{\"@type\":\"ListItem\",\"position\":3,\"name\":\"Henriette MEYRAT (* 1874, \u2020 1954) \u2013 Vue sur le lac de Neuch\u00e2tel au-dessus de la cime des arbres depuis la gare de Chambrelien \u2013 Huile sur toile\"}]},{\"@type\":\"WebSite\",\"@id\":\"https:\\\/\\\/www.robertzueblin.com\\\/fr\\\/#website\",\"url\":\"https:\\\/\\\/www.robertzueblin.com\\\/fr\\\/\",\"name\":\"ROBERT Z\u00dcBLIN\",\"description\":\"\",\"publisher\":{\"@id\":\"https:\\\/\\\/www.robertzueblin.com\\\/fr\\\/#organization\"},\"potentialAction\":[{\"@type\":\"SearchAction\",\"target\":{\"@type\":\"EntryPoint\",\"urlTemplate\":\"https:\\\/\\\/www.robertzueblin.com\\\/fr\\\/?s={search_term_string}\"},\"query-input\":{\"@type\":\"PropertyValueSpecification\",\"valueRequired\":true,\"valueName\":\"search_term_string\"}}],\"inLanguage\":\"fr-FR\"},{\"@type\":\"Organization\",\"@id\":\"https:\\\/\\\/www.robertzueblin.com\\\/fr\\\/#organization\",\"name\":\"ROBERT Z\u00dcBLIN\",\"url\":\"https:\\\/\\\/www.robertzueblin.com\\\/fr\\\/\",\"logo\":{\"@type\":\"ImageObject\",\"inLanguage\":\"fr-FR\",\"@id\":\"https:\\\/\\\/www.robertzueblin.com\\\/fr\\\/#\\\/schema\\\/logo\\\/image\\\/\",\"url\":\"https:\\\/\\\/www.robertzueblin.com\\\/wp-content\\\/uploads\\\/cropped-cropped-logo-von-robert-zueblin.jpg\",\"contentUrl\":\"https:\\\/\\\/www.robertzueblin.com\\\/wp-content\\\/uploads\\\/cropped-cropped-logo-von-robert-zueblin.jpg\",\"width\":440,\"height\":60,\"caption\":\"ROBERT Z\u00dcBLIN\"},\"image\":{\"@id\":\"https:\\\/\\\/www.robertzueblin.com\\\/fr\\\/#\\\/schema\\\/logo\\\/image\\\/\"}}]}<\/script>\n<!-- \/ Yoast SEO plugin. -->","yoast_head_json":{"title":"Henriette MEYRAT \u2013 Cimes d'arbres pr\u00e8s de Chambrelien","description":"Peinture \u00e0 l'huile de la peintre Henriette Meyrat repr\u00e9sentant une vue sur la cime des arbres depuis la gare de Chambrelien (canton Neuch\u00e2tel, Suisse).","robots":{"index":"index","follow":"follow","max-snippet":"max-snippet:-1","max-image-preview":"max-image-preview:large","max-video-preview":"max-video-preview:-1"},"canonical":"https:\/\/www.robertzueblin.com\/fr\/henriette-meyrat\/cimes-darbres-pres-de-chambrelien-huile-sur-toile\/","og_locale":"fr_FR","og_type":"article","og_title":"Henriette MEYRAT \u2013 Cimes d'arbres pr\u00e8s de Chambrelien","og_description":"Peinture \u00e0 l'huile de la peintre Henriette Meyrat repr\u00e9sentant une vue sur la cime des arbres depuis la gare de Chambrelien (canton Neuch\u00e2tel, Suisse).","og_url":"https:\/\/www.robertzueblin.com\/fr\/henriette-meyrat\/cimes-darbres-pres-de-chambrelien-huile-sur-toile\/","og_site_name":"ROBERT Z\u00dcBLIN","article_modified_time":"2025-08-23T18:45:27+00:00","og_image":[{"width":1300,"height":744,"url":"https:\/\/www.robertzueblin.com\/wp-content\/uploads\/henriette-meyrat-huile-toile-cimes-arbres-pres-chambrelien-photo-couverture.jpg","type":"image\/jpeg"}],"twitter_card":"summary_large_image","schema":{"@context":"https:\/\/schema.org","@graph":[{"@type":"WebPage","@id":"https:\/\/www.robertzueblin.com\/fr\/henriette-meyrat\/cimes-darbres-pres-de-chambrelien-huile-sur-toile\/","url":"https:\/\/www.robertzueblin.com\/fr\/henriette-meyrat\/cimes-darbres-pres-de-chambrelien-huile-sur-toile\/","name":"Henriette MEYRAT \u2013 Cimes d'arbres pr\u00e8s de Chambrelien","isPartOf":{"@id":"https:\/\/www.robertzueblin.com\/fr\/#website"},"primaryImageOfPage":{"@id":"https:\/\/www.robertzueblin.com\/fr\/henriette-meyrat\/cimes-darbres-pres-de-chambrelien-huile-sur-toile\/#primaryimage"},"image":{"@id":"https:\/\/www.robertzueblin.com\/fr\/henriette-meyrat\/cimes-darbres-pres-de-chambrelien-huile-sur-toile\/#primaryimage"},"thumbnailUrl":"https:\/\/www.robertzueblin.com\/wp-content\/uploads\/henriette-meyrat-huile-toile-cimes-arbres-pres-chambrelien-photo-couverture.jpg","datePublished":"2025-08-23T16:12:34+00:00","dateModified":"2025-08-23T18:45:27+00:00","description":"Peinture \u00e0 l'huile de la peintre Henriette Meyrat repr\u00e9sentant une vue sur la cime des arbres depuis la gare de Chambrelien (canton Neuch\u00e2tel, Suisse).","breadcrumb":{"@id":"https:\/\/www.robertzueblin.com\/fr\/henriette-meyrat\/cimes-darbres-pres-de-chambrelien-huile-sur-toile\/#breadcrumb"},"inLanguage":"fr-FR","potentialAction":[{"@type":"ReadAction","target":["https:\/\/www.robertzueblin.com\/fr\/henriette-meyrat\/cimes-darbres-pres-de-chambrelien-huile-sur-toile\/"]}]},{"@type":"ImageObject","inLanguage":"fr-FR","@id":"https:\/\/www.robertzueblin.com\/fr\/henriette-meyrat\/cimes-darbres-pres-de-chambrelien-huile-sur-toile\/#primaryimage","url":"https:\/\/www.robertzueblin.com\/wp-content\/uploads\/henriette-meyrat-huile-toile-cimes-arbres-pres-chambrelien-photo-couverture.jpg","contentUrl":"https:\/\/www.robertzueblin.com\/wp-content\/uploads\/henriette-meyrat-huile-toile-cimes-arbres-pres-chambrelien-photo-couverture.jpg","width":1300,"height":744},{"@type":"BreadcrumbList","@id":"https:\/\/www.robertzueblin.com\/fr\/henriette-meyrat\/cimes-darbres-pres-de-chambrelien-huile-sur-toile\/#breadcrumb","itemListElement":[{"@type":"ListItem","position":1,"name":"Startseite","item":"https:\/\/www.robertzueblin.com\/fr\/"},{"@type":"ListItem","position":2,"name":"Galerie d&#8217;art en ligne (boutique en ligne)","item":"https:\/\/www.robertzueblin.com\/fr\/galerie-d-art-en-ligne\/"},{"@type":"ListItem","position":3,"name":"Henriette MEYRAT (* 1874, \u2020 1954) \u2013 Vue sur le lac de Neuch\u00e2tel au-dessus de la cime des arbres depuis la gare de Chambrelien \u2013 Huile sur toile"}]},{"@type":"WebSite","@id":"https:\/\/www.robertzueblin.com\/fr\/#website","url":"https:\/\/www.robertzueblin.com\/fr\/","name":"ROBERT Z\u00dcBLIN","description":"","publisher":{"@id":"https:\/\/www.robertzueblin.com\/fr\/#organization"},"potentialAction":[{"@type":"SearchAction","target":{"@type":"EntryPoint","urlTemplate":"https:\/\/www.robertzueblin.com\/fr\/?s={search_term_string}"},"query-input":{"@type":"PropertyValueSpecification","valueRequired":true,"valueName":"search_term_string"}}],"inLanguage":"fr-FR"},{"@type":"Organization","@id":"https:\/\/www.robertzueblin.com\/fr\/#organization","name":"ROBERT Z\u00dcBLIN","url":"https:\/\/www.robertzueblin.com\/fr\/","logo":{"@type":"ImageObject","inLanguage":"fr-FR","@id":"https:\/\/www.robertzueblin.com\/fr\/#\/schema\/logo\/image\/","url":"https:\/\/www.robertzueblin.com\/wp-content\/uploads\/cropped-cropped-logo-von-robert-zueblin.jpg","contentUrl":"https:\/\/www.robertzueblin.com\/wp-content\/uploads\/cropped-cropped-logo-von-robert-zueblin.jpg","width":440,"height":60,"caption":"ROBERT Z\u00dcBLIN"},"image":{"@id":"https:\/\/www.robertzueblin.com\/fr\/#\/schema\/logo\/image\/"}}]}},"_links":{"self":[{"href":"https:\/\/www.robertzueblin.com\/fr\/wp-json\/wp\/v2\/product\/46235","targetHints":{"allow":["GET"]}}],"collection":[{"href":"https:\/\/www.robertzueblin.com\/fr\/wp-json\/wp\/v2\/product"}],"about":[{"href":"https:\/\/www.robertzueblin.com\/fr\/wp-json\/wp\/v2\/types\/product"}],"wp:featuredmedia":[{"embeddable":true,"href":"https:\/\/www.robertzueblin.com\/fr\/wp-json\/wp\/v2\/media\/46244"}],"wp:attachment":[{"href":"https:\/\/www.robertzueblin.com\/fr\/wp-json\/wp\/v2\/media?parent=46235"}],"wp:term":[{"taxonomy":"product_brand","embeddable":true,"href":"https:\/\/www.robertzueblin.com\/fr\/wp-json\/wp\/v2\/product_brand?post=46235"},{"taxonomy":"product_cat","embeddable":true,"href":"https:\/\/www.robertzueblin.com\/fr\/wp-json\/wp\/v2\/product_cat?post=46235"},{"taxonomy":"product_tag","embeddable":true,"href":"https:\/\/www.robertzueblin.com\/fr\/wp-json\/wp\/v2\/product_tag?post=46235"}],"curies":[{"name":"wp","href":"https:\/\/api.w.org\/{rel}","templated":true}]}}