{"id":45924,"date":"2025-08-12T11:34:16","date_gmt":"2025-08-12T09:34:16","guid":{"rendered":"https:\/\/www.robertzueblin.com\/?post_type=product&#038;p=45924"},"modified":"2025-08-12T11:40:07","modified_gmt":"2025-08-12T09:40:07","slug":"art-naif-paysage-hivernal-avec-traineau-tire-par-des-chevaux-peinture-sur-porte-darmoire","status":"publish","type":"product","link":"https:\/\/www.robertzueblin.com\/fr\/style-epoques\/art-naif\/paysage-hivernal-avec-traineau-tire-par-des-chevaux-peinture-sur-porte-darmoire\/","title":{"rendered":"Art na\u00eff \u2013 Paysage hivernal avec tra\u00eeneau tir\u00e9 par des chevaux \u2013 Peinture sur porte d&rsquo;armoire"},"content":{"rendered":"<p><span style=\"font-family: AkkoPro-BoldCondensed!important\">Type :<\/span> <a href=\"\/?post_format=peinture\">peinture<\/a><\/p>\n<p><span style=\"font-family: AkkoPro-BoldCondensed!important\">Peintre :<\/span> inconnu<\/p>\n<p><span style=\"font-family: AkkoPro-BoldCondensed!important\">Objet :<\/span> <a href=\"https:\/\/www.robertzueblin.com\/fr\/peintures-a-l-huile\/\">peinture \u00e0 l&rsquo;huile<\/a><\/p>\n<p><span style=\"font-family: AkkoPro-BoldCondensed!important\">Mat\u00e9riau :<\/span> huile sur bois<\/p>\n<p><span style=\"font-family: AkkoPro-BoldCondensed!important\">Dimensions :<\/span> hauteur : 51,6 cm, largeur : 38 cm ; avec cadre : hauteur : 61,8 cm, largeur : 38 cm<\/p>\n<p><span style=\"font-family: AkkoPro-BoldCondensed!important\">P\u00e9riode de production :<\/span> inconnue<\/p>\n<p><span style=\"font-family: AkkoPro-BoldCondensed!important\">\u00c9tat :<\/span> Plusieurs \u00e9clats de peinture, porte d&rsquo;armoire partiellement ray\u00e9e et ab\u00eem\u00e9e<\/p>\n<p><span style=\"font-family: AkkoPro-BoldCondensed!important\">Signature:<\/span> sans<\/p>\n","protected":false},"excerpt":{"rendered":"<p>Type : peinture Peintre : inconnu Objet : peinture \u00e0 l&rsquo;huile Mat\u00e9riau : huile sur bois Dimensions : hauteur : 51,6 cm, largeur : 38 cm ; avec cadre : hauteur : 61,8 cm, largeur : 38 cm P\u00e9riode de production : inconnue \u00c9tat : Plusieurs \u00e9clats de peinture, porte d&rsquo;armoire partiellement ray\u00e9e et ab\u00eem\u00e9e [&hellip;]<\/p>\n","protected":false},"featured_media":45932,"template":"","meta":[],"product_brand":[],"product_cat":[776,833],"product_tag":[],"class_list":{"0":"post-45924","1":"product","2":"type-product","3":"status-publish","4":"has-post-thumbnail","6":"product_cat-peinture","7":"product_cat-art-naif","9":"first","10":"instock","11":"sold-individually","12":"shipping-taxable","13":"purchasable","14":"product-type-simple"},"yoast_head":"<!-- This site is optimized with the Yoast SEO plugin v27.4 - https:\/\/yoast.com\/product\/yoast-seo-wordpress\/ -->\n<title>Art na\u00eff \u2013 Paysage hivernal avec tra\u00eeneau tir\u00e9 par des chevaux<\/title>\n<meta name=\"description\" content=\"Peinture \u00e0 l&#039;huile sur porte d&#039;armoire dans le style de l&#039;art na\u00eff repr\u00e9sentant un tra\u00eeneau tir\u00e9 par des chevaux dans un paysage hivernal.\" \/>\n<meta name=\"robots\" content=\"index, follow, max-snippet:-1, max-image-preview:large, max-video-preview:-1\" \/>\n<link rel=\"canonical\" href=\"https:\/\/www.robertzueblin.com\/fr\/style-epoques\/art-naif\/paysage-hivernal-avec-traineau-tire-par-des-chevaux-peinture-sur-porte-darmoire\/\" \/>\n<meta property=\"og:locale\" content=\"fr_FR\" \/>\n<meta property=\"og:type\" content=\"article\" \/>\n<meta property=\"og:title\" content=\"Art na\u00eff \u2013 Paysage hivernal avec tra\u00eeneau tir\u00e9 par des chevaux\" \/>\n<meta property=\"og:description\" content=\"Peinture \u00e0 l&#039;huile sur porte d&#039;armoire dans le style de l&#039;art na\u00eff repr\u00e9sentant un tra\u00eeneau tir\u00e9 par des chevaux dans un paysage hivernal.\" \/>\n<meta property=\"og:url\" content=\"https:\/\/www.robertzueblin.com\/fr\/style-epoques\/art-naif\/paysage-hivernal-avec-traineau-tire-par-des-chevaux-peinture-sur-porte-darmoire\/\" \/>\n<meta property=\"og:site_name\" content=\"ROBERT Z\u00dcBLIN\" \/>\n<meta property=\"article:modified_time\" content=\"2025-08-12T09:40:07+00:00\" \/>\n<meta property=\"og:image\" content=\"https:\/\/www.robertzueblin.com\/wp-content\/uploads\/art-naif-peinture-sur-porte-armonie-paysage-hivernal-traineau-chevaux-eclat-photo-couverture.jpg\" \/>\n\t<meta property=\"og:image:width\" content=\"1000\" \/>\n\t<meta property=\"og:image:height\" content=\"1361\" \/>\n\t<meta property=\"og:image:type\" content=\"image\/jpeg\" \/>\n<meta name=\"twitter:card\" content=\"summary_large_image\" \/>\n<script type=\"application\/ld+json\" class=\"yoast-schema-graph\">{\"@context\":\"https:\\\/\\\/schema.org\",\"@graph\":[{\"@type\":\"WebPage\",\"@id\":\"https:\\\/\\\/www.robertzueblin.com\\\/fr\\\/style-epoques\\\/art-naif\\\/paysage-hivernal-avec-traineau-tire-par-des-chevaux-peinture-sur-porte-darmoire\\\/\",\"url\":\"https:\\\/\\\/www.robertzueblin.com\\\/fr\\\/style-epoques\\\/art-naif\\\/paysage-hivernal-avec-traineau-tire-par-des-chevaux-peinture-sur-porte-darmoire\\\/\",\"name\":\"Art na\u00eff \u2013 Paysage hivernal avec tra\u00eeneau tir\u00e9 par des chevaux\",\"isPartOf\":{\"@id\":\"https:\\\/\\\/www.robertzueblin.com\\\/fr\\\/#website\"},\"primaryImageOfPage\":{\"@id\":\"https:\\\/\\\/www.robertzueblin.com\\\/fr\\\/style-epoques\\\/art-naif\\\/paysage-hivernal-avec-traineau-tire-par-des-chevaux-peinture-sur-porte-darmoire\\\/#primaryimage\"},\"image\":{\"@id\":\"https:\\\/\\\/www.robertzueblin.com\\\/fr\\\/style-epoques\\\/art-naif\\\/paysage-hivernal-avec-traineau-tire-par-des-chevaux-peinture-sur-porte-darmoire\\\/#primaryimage\"},\"thumbnailUrl\":\"https:\\\/\\\/www.robertzueblin.com\\\/wp-content\\\/uploads\\\/art-naif-peinture-sur-porte-armonie-paysage-hivernal-traineau-chevaux-eclat-photo-couverture.jpg\",\"datePublished\":\"2025-08-12T09:34:16+00:00\",\"dateModified\":\"2025-08-12T09:40:07+00:00\",\"description\":\"Peinture \u00e0 l'huile sur porte d'armoire dans le style de l'art na\u00eff repr\u00e9sentant un tra\u00eeneau tir\u00e9 par des chevaux dans un paysage hivernal.\",\"breadcrumb\":{\"@id\":\"https:\\\/\\\/www.robertzueblin.com\\\/fr\\\/style-epoques\\\/art-naif\\\/paysage-hivernal-avec-traineau-tire-par-des-chevaux-peinture-sur-porte-darmoire\\\/#breadcrumb\"},\"inLanguage\":\"fr-FR\",\"potentialAction\":[{\"@type\":\"ReadAction\",\"target\":[\"https:\\\/\\\/www.robertzueblin.com\\\/fr\\\/style-epoques\\\/art-naif\\\/paysage-hivernal-avec-traineau-tire-par-des-chevaux-peinture-sur-porte-darmoire\\\/\"]}]},{\"@type\":\"ImageObject\",\"inLanguage\":\"fr-FR\",\"@id\":\"https:\\\/\\\/www.robertzueblin.com\\\/fr\\\/style-epoques\\\/art-naif\\\/paysage-hivernal-avec-traineau-tire-par-des-chevaux-peinture-sur-porte-darmoire\\\/#primaryimage\",\"url\":\"https:\\\/\\\/www.robertzueblin.com\\\/wp-content\\\/uploads\\\/art-naif-peinture-sur-porte-armonie-paysage-hivernal-traineau-chevaux-eclat-photo-couverture.jpg\",\"contentUrl\":\"https:\\\/\\\/www.robertzueblin.com\\\/wp-content\\\/uploads\\\/art-naif-peinture-sur-porte-armonie-paysage-hivernal-traineau-chevaux-eclat-photo-couverture.jpg\",\"width\":1000,\"height\":1361},{\"@type\":\"BreadcrumbList\",\"@id\":\"https:\\\/\\\/www.robertzueblin.com\\\/fr\\\/style-epoques\\\/art-naif\\\/paysage-hivernal-avec-traineau-tire-par-des-chevaux-peinture-sur-porte-darmoire\\\/#breadcrumb\",\"itemListElement\":[{\"@type\":\"ListItem\",\"position\":1,\"name\":\"Startseite\",\"item\":\"https:\\\/\\\/www.robertzueblin.com\\\/fr\\\/\"},{\"@type\":\"ListItem\",\"position\":2,\"name\":\"Galerie d&#8217;art en ligne (boutique en ligne)\",\"item\":\"https:\\\/\\\/www.robertzueblin.com\\\/fr\\\/galerie-d-art-en-ligne\\\/\"},{\"@type\":\"ListItem\",\"position\":3,\"name\":\"Art na\u00eff \u2013 Paysage hivernal avec tra\u00eeneau tir\u00e9 par des chevaux \u2013 Peinture sur porte d&#8217;armoire\"}]},{\"@type\":\"WebSite\",\"@id\":\"https:\\\/\\\/www.robertzueblin.com\\\/fr\\\/#website\",\"url\":\"https:\\\/\\\/www.robertzueblin.com\\\/fr\\\/\",\"name\":\"ROBERT Z\u00dcBLIN\",\"description\":\"\",\"publisher\":{\"@id\":\"https:\\\/\\\/www.robertzueblin.com\\\/fr\\\/#organization\"},\"potentialAction\":[{\"@type\":\"SearchAction\",\"target\":{\"@type\":\"EntryPoint\",\"urlTemplate\":\"https:\\\/\\\/www.robertzueblin.com\\\/fr\\\/?s={search_term_string}\"},\"query-input\":{\"@type\":\"PropertyValueSpecification\",\"valueRequired\":true,\"valueName\":\"search_term_string\"}}],\"inLanguage\":\"fr-FR\"},{\"@type\":\"Organization\",\"@id\":\"https:\\\/\\\/www.robertzueblin.com\\\/fr\\\/#organization\",\"name\":\"ROBERT Z\u00dcBLIN\",\"url\":\"https:\\\/\\\/www.robertzueblin.com\\\/fr\\\/\",\"logo\":{\"@type\":\"ImageObject\",\"inLanguage\":\"fr-FR\",\"@id\":\"https:\\\/\\\/www.robertzueblin.com\\\/fr\\\/#\\\/schema\\\/logo\\\/image\\\/\",\"url\":\"https:\\\/\\\/www.robertzueblin.com\\\/wp-content\\\/uploads\\\/cropped-cropped-logo-von-robert-zueblin.jpg\",\"contentUrl\":\"https:\\\/\\\/www.robertzueblin.com\\\/wp-content\\\/uploads\\\/cropped-cropped-logo-von-robert-zueblin.jpg\",\"width\":440,\"height\":60,\"caption\":\"ROBERT Z\u00dcBLIN\"},\"image\":{\"@id\":\"https:\\\/\\\/www.robertzueblin.com\\\/fr\\\/#\\\/schema\\\/logo\\\/image\\\/\"}}]}<\/script>\n<!-- \/ Yoast SEO plugin. -->","yoast_head_json":{"title":"Art na\u00eff \u2013 Paysage hivernal avec tra\u00eeneau tir\u00e9 par des chevaux","description":"Peinture \u00e0 l'huile sur porte d'armoire dans le style de l'art na\u00eff repr\u00e9sentant un tra\u00eeneau tir\u00e9 par des chevaux dans un paysage hivernal.","robots":{"index":"index","follow":"follow","max-snippet":"max-snippet:-1","max-image-preview":"max-image-preview:large","max-video-preview":"max-video-preview:-1"},"canonical":"https:\/\/www.robertzueblin.com\/fr\/style-epoques\/art-naif\/paysage-hivernal-avec-traineau-tire-par-des-chevaux-peinture-sur-porte-darmoire\/","og_locale":"fr_FR","og_type":"article","og_title":"Art na\u00eff \u2013 Paysage hivernal avec tra\u00eeneau tir\u00e9 par des chevaux","og_description":"Peinture \u00e0 l'huile sur porte d'armoire dans le style de l'art na\u00eff repr\u00e9sentant un tra\u00eeneau tir\u00e9 par des chevaux dans un paysage hivernal.","og_url":"https:\/\/www.robertzueblin.com\/fr\/style-epoques\/art-naif\/paysage-hivernal-avec-traineau-tire-par-des-chevaux-peinture-sur-porte-darmoire\/","og_site_name":"ROBERT Z\u00dcBLIN","article_modified_time":"2025-08-12T09:40:07+00:00","og_image":[{"width":1000,"height":1361,"url":"https:\/\/www.robertzueblin.com\/wp-content\/uploads\/art-naif-peinture-sur-porte-armonie-paysage-hivernal-traineau-chevaux-eclat-photo-couverture.jpg","type":"image\/jpeg"}],"twitter_card":"summary_large_image","schema":{"@context":"https:\/\/schema.org","@graph":[{"@type":"WebPage","@id":"https:\/\/www.robertzueblin.com\/fr\/style-epoques\/art-naif\/paysage-hivernal-avec-traineau-tire-par-des-chevaux-peinture-sur-porte-darmoire\/","url":"https:\/\/www.robertzueblin.com\/fr\/style-epoques\/art-naif\/paysage-hivernal-avec-traineau-tire-par-des-chevaux-peinture-sur-porte-darmoire\/","name":"Art na\u00eff \u2013 Paysage hivernal avec tra\u00eeneau tir\u00e9 par des chevaux","isPartOf":{"@id":"https:\/\/www.robertzueblin.com\/fr\/#website"},"primaryImageOfPage":{"@id":"https:\/\/www.robertzueblin.com\/fr\/style-epoques\/art-naif\/paysage-hivernal-avec-traineau-tire-par-des-chevaux-peinture-sur-porte-darmoire\/#primaryimage"},"image":{"@id":"https:\/\/www.robertzueblin.com\/fr\/style-epoques\/art-naif\/paysage-hivernal-avec-traineau-tire-par-des-chevaux-peinture-sur-porte-darmoire\/#primaryimage"},"thumbnailUrl":"https:\/\/www.robertzueblin.com\/wp-content\/uploads\/art-naif-peinture-sur-porte-armonie-paysage-hivernal-traineau-chevaux-eclat-photo-couverture.jpg","datePublished":"2025-08-12T09:34:16+00:00","dateModified":"2025-08-12T09:40:07+00:00","description":"Peinture \u00e0 l'huile sur porte d'armoire dans le style de l'art na\u00eff repr\u00e9sentant un tra\u00eeneau tir\u00e9 par des chevaux dans un paysage hivernal.","breadcrumb":{"@id":"https:\/\/www.robertzueblin.com\/fr\/style-epoques\/art-naif\/paysage-hivernal-avec-traineau-tire-par-des-chevaux-peinture-sur-porte-darmoire\/#breadcrumb"},"inLanguage":"fr-FR","potentialAction":[{"@type":"ReadAction","target":["https:\/\/www.robertzueblin.com\/fr\/style-epoques\/art-naif\/paysage-hivernal-avec-traineau-tire-par-des-chevaux-peinture-sur-porte-darmoire\/"]}]},{"@type":"ImageObject","inLanguage":"fr-FR","@id":"https:\/\/www.robertzueblin.com\/fr\/style-epoques\/art-naif\/paysage-hivernal-avec-traineau-tire-par-des-chevaux-peinture-sur-porte-darmoire\/#primaryimage","url":"https:\/\/www.robertzueblin.com\/wp-content\/uploads\/art-naif-peinture-sur-porte-armonie-paysage-hivernal-traineau-chevaux-eclat-photo-couverture.jpg","contentUrl":"https:\/\/www.robertzueblin.com\/wp-content\/uploads\/art-naif-peinture-sur-porte-armonie-paysage-hivernal-traineau-chevaux-eclat-photo-couverture.jpg","width":1000,"height":1361},{"@type":"BreadcrumbList","@id":"https:\/\/www.robertzueblin.com\/fr\/style-epoques\/art-naif\/paysage-hivernal-avec-traineau-tire-par-des-chevaux-peinture-sur-porte-darmoire\/#breadcrumb","itemListElement":[{"@type":"ListItem","position":1,"name":"Startseite","item":"https:\/\/www.robertzueblin.com\/fr\/"},{"@type":"ListItem","position":2,"name":"Galerie d&#8217;art en ligne (boutique en ligne)","item":"https:\/\/www.robertzueblin.com\/fr\/galerie-d-art-en-ligne\/"},{"@type":"ListItem","position":3,"name":"Art na\u00eff \u2013 Paysage hivernal avec tra\u00eeneau tir\u00e9 par des chevaux \u2013 Peinture sur porte d&#8217;armoire"}]},{"@type":"WebSite","@id":"https:\/\/www.robertzueblin.com\/fr\/#website","url":"https:\/\/www.robertzueblin.com\/fr\/","name":"ROBERT Z\u00dcBLIN","description":"","publisher":{"@id":"https:\/\/www.robertzueblin.com\/fr\/#organization"},"potentialAction":[{"@type":"SearchAction","target":{"@type":"EntryPoint","urlTemplate":"https:\/\/www.robertzueblin.com\/fr\/?s={search_term_string}"},"query-input":{"@type":"PropertyValueSpecification","valueRequired":true,"valueName":"search_term_string"}}],"inLanguage":"fr-FR"},{"@type":"Organization","@id":"https:\/\/www.robertzueblin.com\/fr\/#organization","name":"ROBERT Z\u00dcBLIN","url":"https:\/\/www.robertzueblin.com\/fr\/","logo":{"@type":"ImageObject","inLanguage":"fr-FR","@id":"https:\/\/www.robertzueblin.com\/fr\/#\/schema\/logo\/image\/","url":"https:\/\/www.robertzueblin.com\/wp-content\/uploads\/cropped-cropped-logo-von-robert-zueblin.jpg","contentUrl":"https:\/\/www.robertzueblin.com\/wp-content\/uploads\/cropped-cropped-logo-von-robert-zueblin.jpg","width":440,"height":60,"caption":"ROBERT Z\u00dcBLIN"},"image":{"@id":"https:\/\/www.robertzueblin.com\/fr\/#\/schema\/logo\/image\/"}}]}},"_links":{"self":[{"href":"https:\/\/www.robertzueblin.com\/fr\/wp-json\/wp\/v2\/product\/45924","targetHints":{"allow":["GET"]}}],"collection":[{"href":"https:\/\/www.robertzueblin.com\/fr\/wp-json\/wp\/v2\/product"}],"about":[{"href":"https:\/\/www.robertzueblin.com\/fr\/wp-json\/wp\/v2\/types\/product"}],"wp:featuredmedia":[{"embeddable":true,"href":"https:\/\/www.robertzueblin.com\/fr\/wp-json\/wp\/v2\/media\/45932"}],"wp:attachment":[{"href":"https:\/\/www.robertzueblin.com\/fr\/wp-json\/wp\/v2\/media?parent=45924"}],"wp:term":[{"taxonomy":"product_brand","embeddable":true,"href":"https:\/\/www.robertzueblin.com\/fr\/wp-json\/wp\/v2\/product_brand?post=45924"},{"taxonomy":"product_cat","embeddable":true,"href":"https:\/\/www.robertzueblin.com\/fr\/wp-json\/wp\/v2\/product_cat?post=45924"},{"taxonomy":"product_tag","embeddable":true,"href":"https:\/\/www.robertzueblin.com\/fr\/wp-json\/wp\/v2\/product_tag?post=45924"}],"curies":[{"name":"wp","href":"https:\/\/api.w.org\/{rel}","templated":true}]}}