{"id":45459,"date":"2025-06-28T12:01:36","date_gmt":"2025-06-28T10:04:46","guid":{"rendered":"https:\/\/www.robertzueblin.com\/?post_type=product&#038;p=45459"},"modified":"2026-03-09T18:57:28","modified_gmt":"2026-03-09T17:57:28","slug":"gaudenz-signorell-1950-lampes-dambiance-lithographie","status":"publish","type":"product","link":"https:\/\/www.robertzueblin.com\/fr\/gaudenz-signorell\/lampes-ambiance-lithographie\/","title":{"rendered":"Gaudenz SIGNORELL (* 1950) &#8211; Lampes d&rsquo;ambiance &#8211; Lithographie"},"content":{"rendered":"<p><span style=\"font-family: AkkoPro-BoldCondensed!important\">Type :<\/span> <a href=\"\/?post_format=peinture\">peinture<\/a><\/p>\n<p><span style=\"font-family: AkkoPro-BoldCondensed!important\">Artiste :<\/span> <a href=\"https:\/\/www.robertzueblin.com\/fr\/gaudenz-signorell\/\">Gaudenz Signorell<\/a> (* 1950)<\/p>\n<p><span style=\"font-family: AkkoPro-BoldCondensed!important\">Objekt:<\/span> lithographie<\/p>\n<p><span style=\"font-family: AkkoPro-BoldCondensed!important\">Mat\u00e9riau :<\/span> lithographie en 3 couleurs sur papier<\/p>\n<p><span style=\"font-family: AkkoPro-BoldCondensed!important\">Dimensions :<\/span> hauteur : 30 x 21 cm<\/p>\n<p><span style=\"font-family: AkkoPro-BoldCondensed!important\">P\u00e9riode de fabrication :<\/span> 2018<\/p>\n<p><span style=\"font-family: AkkoPro-BoldCondensed!important\">\u00c9tat :<\/span> tr\u00e8s bon<\/p>\n<p><span style=\"font-family: AkkoPro-BoldCondensed!important\">Signature\/marque :<\/span> GS, et cachet des archives de Gaudenz Signorell<\/p>\n","protected":false},"excerpt":{"rendered":"<p>Type : peinture Artiste : Gaudenz Signorell (* 1950) Objekt: lithographie Mat\u00e9riau : lithographie en 3 couleurs sur papier Dimensions : hauteur : 30 x 21 cm P\u00e9riode de fabrication : 2018 \u00c9tat : tr\u00e8s bon Signature\/marque : GS, et cachet des archives de Gaudenz Signorell<\/p>\n","protected":false},"featured_media":45573,"template":"","meta":[],"product_brand":[],"product_cat":[776,806],"product_tag":[],"class_list":{"0":"post-45459","1":"product","2":"type-product","3":"status-publish","4":"has-post-thumbnail","6":"product_cat-peinture","7":"product_cat-gaudenz-signorell","9":"first","10":"instock","11":"sold-individually","12":"shipping-taxable","13":"purchasable","14":"product-type-simple"},"yoast_head":"<!-- This site is optimized with the Yoast SEO plugin v27.3 - https:\/\/yoast.com\/product\/yoast-seo-wordpress\/ -->\n<title>Gaudenz SIGNORELL - Lampes d&#039;ambiance - Lithographie<\/title>\n<meta name=\"description\" content=\"Belle lithographie sur papier de Gaudenz Signorell (* 1950) : Raumlichter de l&#039;ann\u00e9e 2018, hauteur : 30 x 21 cm, couleurs : noir et blanc.\" \/>\n<meta name=\"robots\" content=\"index, follow, max-snippet:-1, max-image-preview:large, max-video-preview:-1\" \/>\n<link rel=\"canonical\" href=\"https:\/\/www.robertzueblin.com\/fr\/gaudenz-signorell\/lampes-ambiance-lithographie\/\" \/>\n<meta property=\"og:locale\" content=\"fr_FR\" \/>\n<meta property=\"og:type\" content=\"article\" \/>\n<meta property=\"og:title\" content=\"Gaudenz SIGNORELL - Lampes d&#039;ambiance - Lithographie\" \/>\n<meta property=\"og:description\" content=\"Belle lithographie sur papier de Gaudenz Signorell (* 1950) : Raumlichter de l&#039;ann\u00e9e 2018, hauteur : 30 x 21 cm, couleurs : noir et blanc.\" \/>\n<meta property=\"og:url\" content=\"https:\/\/www.robertzueblin.com\/fr\/gaudenz-signorell\/lampes-ambiance-lithographie\/\" \/>\n<meta property=\"og:site_name\" content=\"ROBERT Z\u00dcBLIN\" \/>\n<meta property=\"article:modified_time\" content=\"2026-03-09T17:57:28+00:00\" \/>\n<meta property=\"og:image\" content=\"https:\/\/www.robertzueblin.com\/wp-content\/uploads\/gaudenz-signorell-lithographie-lampes-ambiance-photo-couverture.jpg\" \/>\n\t<meta property=\"og:image:width\" content=\"1000\" \/>\n\t<meta property=\"og:image:height\" content=\"1416\" \/>\n\t<meta property=\"og:image:type\" content=\"image\/jpeg\" \/>\n<meta name=\"twitter:card\" content=\"summary_large_image\" \/>\n<script type=\"application\/ld+json\" class=\"yoast-schema-graph\">{\"@context\":\"https:\\\/\\\/schema.org\",\"@graph\":[{\"@type\":\"WebPage\",\"@id\":\"https:\\\/\\\/www.robertzueblin.com\\\/fr\\\/gaudenz-signorell\\\/lampes-ambiance-lithographie\\\/\",\"url\":\"https:\\\/\\\/www.robertzueblin.com\\\/fr\\\/gaudenz-signorell\\\/lampes-ambiance-lithographie\\\/\",\"name\":\"Gaudenz SIGNORELL - Lampes d'ambiance - Lithographie\",\"isPartOf\":{\"@id\":\"https:\\\/\\\/www.robertzueblin.com\\\/fr\\\/#website\"},\"primaryImageOfPage\":{\"@id\":\"https:\\\/\\\/www.robertzueblin.com\\\/fr\\\/gaudenz-signorell\\\/lampes-ambiance-lithographie\\\/#primaryimage\"},\"image\":{\"@id\":\"https:\\\/\\\/www.robertzueblin.com\\\/fr\\\/gaudenz-signorell\\\/lampes-ambiance-lithographie\\\/#primaryimage\"},\"thumbnailUrl\":\"https:\\\/\\\/www.robertzueblin.com\\\/wp-content\\\/uploads\\\/gaudenz-signorell-lithographie-lampes-ambiance-photo-couverture.jpg\",\"datePublished\":\"2025-06-28T10:04:46+00:00\",\"dateModified\":\"2026-03-09T17:57:28+00:00\",\"description\":\"Belle lithographie sur papier de Gaudenz Signorell (* 1950) : Raumlichter de l'ann\u00e9e 2018, hauteur : 30 x 21 cm, couleurs : noir et blanc.\",\"breadcrumb\":{\"@id\":\"https:\\\/\\\/www.robertzueblin.com\\\/fr\\\/gaudenz-signorell\\\/lampes-ambiance-lithographie\\\/#breadcrumb\"},\"inLanguage\":\"fr-FR\",\"potentialAction\":[{\"@type\":\"ReadAction\",\"target\":[\"https:\\\/\\\/www.robertzueblin.com\\\/fr\\\/gaudenz-signorell\\\/lampes-ambiance-lithographie\\\/\"]}]},{\"@type\":\"ImageObject\",\"inLanguage\":\"fr-FR\",\"@id\":\"https:\\\/\\\/www.robertzueblin.com\\\/fr\\\/gaudenz-signorell\\\/lampes-ambiance-lithographie\\\/#primaryimage\",\"url\":\"https:\\\/\\\/www.robertzueblin.com\\\/wp-content\\\/uploads\\\/gaudenz-signorell-lithographie-lampes-ambiance-photo-couverture.jpg\",\"contentUrl\":\"https:\\\/\\\/www.robertzueblin.com\\\/wp-content\\\/uploads\\\/gaudenz-signorell-lithographie-lampes-ambiance-photo-couverture.jpg\",\"width\":1000,\"height\":1416},{\"@type\":\"BreadcrumbList\",\"@id\":\"https:\\\/\\\/www.robertzueblin.com\\\/fr\\\/gaudenz-signorell\\\/lampes-ambiance-lithographie\\\/#breadcrumb\",\"itemListElement\":[{\"@type\":\"ListItem\",\"position\":1,\"name\":\"Startseite\",\"item\":\"https:\\\/\\\/www.robertzueblin.com\\\/fr\\\/\"},{\"@type\":\"ListItem\",\"position\":2,\"name\":\"Galerie d&#8217;art en ligne (boutique en ligne)\",\"item\":\"https:\\\/\\\/www.robertzueblin.com\\\/fr\\\/galerie-d-art-en-ligne\\\/\"},{\"@type\":\"ListItem\",\"position\":3,\"name\":\"Gaudenz SIGNORELL (* 1950) &#8211; Lampes d&#8217;ambiance &#8211; Lithographie\"}]},{\"@type\":\"WebSite\",\"@id\":\"https:\\\/\\\/www.robertzueblin.com\\\/fr\\\/#website\",\"url\":\"https:\\\/\\\/www.robertzueblin.com\\\/fr\\\/\",\"name\":\"ROBERT Z\u00dcBLIN\",\"description\":\"\",\"publisher\":{\"@id\":\"https:\\\/\\\/www.robertzueblin.com\\\/fr\\\/#organization\"},\"potentialAction\":[{\"@type\":\"SearchAction\",\"target\":{\"@type\":\"EntryPoint\",\"urlTemplate\":\"https:\\\/\\\/www.robertzueblin.com\\\/fr\\\/?s={search_term_string}\"},\"query-input\":{\"@type\":\"PropertyValueSpecification\",\"valueRequired\":true,\"valueName\":\"search_term_string\"}}],\"inLanguage\":\"fr-FR\"},{\"@type\":\"Organization\",\"@id\":\"https:\\\/\\\/www.robertzueblin.com\\\/fr\\\/#organization\",\"name\":\"ROBERT Z\u00dcBLIN\",\"url\":\"https:\\\/\\\/www.robertzueblin.com\\\/fr\\\/\",\"logo\":{\"@type\":\"ImageObject\",\"inLanguage\":\"fr-FR\",\"@id\":\"https:\\\/\\\/www.robertzueblin.com\\\/fr\\\/#\\\/schema\\\/logo\\\/image\\\/\",\"url\":\"https:\\\/\\\/www.robertzueblin.com\\\/wp-content\\\/uploads\\\/cropped-cropped-logo-von-robert-zueblin.jpg\",\"contentUrl\":\"https:\\\/\\\/www.robertzueblin.com\\\/wp-content\\\/uploads\\\/cropped-cropped-logo-von-robert-zueblin.jpg\",\"width\":440,\"height\":60,\"caption\":\"ROBERT Z\u00dcBLIN\"},\"image\":{\"@id\":\"https:\\\/\\\/www.robertzueblin.com\\\/fr\\\/#\\\/schema\\\/logo\\\/image\\\/\"}}]}<\/script>\n<!-- \/ Yoast SEO plugin. -->","yoast_head_json":{"title":"Gaudenz SIGNORELL - Lampes d'ambiance - Lithographie","description":"Belle lithographie sur papier de Gaudenz Signorell (* 1950) : Raumlichter de l'ann\u00e9e 2018, hauteur : 30 x 21 cm, couleurs : noir et blanc.","robots":{"index":"index","follow":"follow","max-snippet":"max-snippet:-1","max-image-preview":"max-image-preview:large","max-video-preview":"max-video-preview:-1"},"canonical":"https:\/\/www.robertzueblin.com\/fr\/gaudenz-signorell\/lampes-ambiance-lithographie\/","og_locale":"fr_FR","og_type":"article","og_title":"Gaudenz SIGNORELL - Lampes d'ambiance - Lithographie","og_description":"Belle lithographie sur papier de Gaudenz Signorell (* 1950) : Raumlichter de l'ann\u00e9e 2018, hauteur : 30 x 21 cm, couleurs : noir et blanc.","og_url":"https:\/\/www.robertzueblin.com\/fr\/gaudenz-signorell\/lampes-ambiance-lithographie\/","og_site_name":"ROBERT Z\u00dcBLIN","article_modified_time":"2026-03-09T17:57:28+00:00","og_image":[{"width":1000,"height":1416,"url":"https:\/\/www.robertzueblin.com\/wp-content\/uploads\/gaudenz-signorell-lithographie-lampes-ambiance-photo-couverture.jpg","type":"image\/jpeg"}],"twitter_card":"summary_large_image","schema":{"@context":"https:\/\/schema.org","@graph":[{"@type":"WebPage","@id":"https:\/\/www.robertzueblin.com\/fr\/gaudenz-signorell\/lampes-ambiance-lithographie\/","url":"https:\/\/www.robertzueblin.com\/fr\/gaudenz-signorell\/lampes-ambiance-lithographie\/","name":"Gaudenz SIGNORELL - Lampes d'ambiance - Lithographie","isPartOf":{"@id":"https:\/\/www.robertzueblin.com\/fr\/#website"},"primaryImageOfPage":{"@id":"https:\/\/www.robertzueblin.com\/fr\/gaudenz-signorell\/lampes-ambiance-lithographie\/#primaryimage"},"image":{"@id":"https:\/\/www.robertzueblin.com\/fr\/gaudenz-signorell\/lampes-ambiance-lithographie\/#primaryimage"},"thumbnailUrl":"https:\/\/www.robertzueblin.com\/wp-content\/uploads\/gaudenz-signorell-lithographie-lampes-ambiance-photo-couverture.jpg","datePublished":"2025-06-28T10:04:46+00:00","dateModified":"2026-03-09T17:57:28+00:00","description":"Belle lithographie sur papier de Gaudenz Signorell (* 1950) : Raumlichter de l'ann\u00e9e 2018, hauteur : 30 x 21 cm, couleurs : noir et blanc.","breadcrumb":{"@id":"https:\/\/www.robertzueblin.com\/fr\/gaudenz-signorell\/lampes-ambiance-lithographie\/#breadcrumb"},"inLanguage":"fr-FR","potentialAction":[{"@type":"ReadAction","target":["https:\/\/www.robertzueblin.com\/fr\/gaudenz-signorell\/lampes-ambiance-lithographie\/"]}]},{"@type":"ImageObject","inLanguage":"fr-FR","@id":"https:\/\/www.robertzueblin.com\/fr\/gaudenz-signorell\/lampes-ambiance-lithographie\/#primaryimage","url":"https:\/\/www.robertzueblin.com\/wp-content\/uploads\/gaudenz-signorell-lithographie-lampes-ambiance-photo-couverture.jpg","contentUrl":"https:\/\/www.robertzueblin.com\/wp-content\/uploads\/gaudenz-signorell-lithographie-lampes-ambiance-photo-couverture.jpg","width":1000,"height":1416},{"@type":"BreadcrumbList","@id":"https:\/\/www.robertzueblin.com\/fr\/gaudenz-signorell\/lampes-ambiance-lithographie\/#breadcrumb","itemListElement":[{"@type":"ListItem","position":1,"name":"Startseite","item":"https:\/\/www.robertzueblin.com\/fr\/"},{"@type":"ListItem","position":2,"name":"Galerie d&#8217;art en ligne (boutique en ligne)","item":"https:\/\/www.robertzueblin.com\/fr\/galerie-d-art-en-ligne\/"},{"@type":"ListItem","position":3,"name":"Gaudenz SIGNORELL (* 1950) &#8211; Lampes d&#8217;ambiance &#8211; Lithographie"}]},{"@type":"WebSite","@id":"https:\/\/www.robertzueblin.com\/fr\/#website","url":"https:\/\/www.robertzueblin.com\/fr\/","name":"ROBERT Z\u00dcBLIN","description":"","publisher":{"@id":"https:\/\/www.robertzueblin.com\/fr\/#organization"},"potentialAction":[{"@type":"SearchAction","target":{"@type":"EntryPoint","urlTemplate":"https:\/\/www.robertzueblin.com\/fr\/?s={search_term_string}"},"query-input":{"@type":"PropertyValueSpecification","valueRequired":true,"valueName":"search_term_string"}}],"inLanguage":"fr-FR"},{"@type":"Organization","@id":"https:\/\/www.robertzueblin.com\/fr\/#organization","name":"ROBERT Z\u00dcBLIN","url":"https:\/\/www.robertzueblin.com\/fr\/","logo":{"@type":"ImageObject","inLanguage":"fr-FR","@id":"https:\/\/www.robertzueblin.com\/fr\/#\/schema\/logo\/image\/","url":"https:\/\/www.robertzueblin.com\/wp-content\/uploads\/cropped-cropped-logo-von-robert-zueblin.jpg","contentUrl":"https:\/\/www.robertzueblin.com\/wp-content\/uploads\/cropped-cropped-logo-von-robert-zueblin.jpg","width":440,"height":60,"caption":"ROBERT Z\u00dcBLIN"},"image":{"@id":"https:\/\/www.robertzueblin.com\/fr\/#\/schema\/logo\/image\/"}}]}},"_links":{"self":[{"href":"https:\/\/www.robertzueblin.com\/fr\/wp-json\/wp\/v2\/product\/45459","targetHints":{"allow":["GET"]}}],"collection":[{"href":"https:\/\/www.robertzueblin.com\/fr\/wp-json\/wp\/v2\/product"}],"about":[{"href":"https:\/\/www.robertzueblin.com\/fr\/wp-json\/wp\/v2\/types\/product"}],"wp:featuredmedia":[{"embeddable":true,"href":"https:\/\/www.robertzueblin.com\/fr\/wp-json\/wp\/v2\/media\/45573"}],"wp:attachment":[{"href":"https:\/\/www.robertzueblin.com\/fr\/wp-json\/wp\/v2\/media?parent=45459"}],"wp:term":[{"taxonomy":"product_brand","embeddable":true,"href":"https:\/\/www.robertzueblin.com\/fr\/wp-json\/wp\/v2\/product_brand?post=45459"},{"taxonomy":"product_cat","embeddable":true,"href":"https:\/\/www.robertzueblin.com\/fr\/wp-json\/wp\/v2\/product_cat?post=45459"},{"taxonomy":"product_tag","embeddable":true,"href":"https:\/\/www.robertzueblin.com\/fr\/wp-json\/wp\/v2\/product_tag?post=45459"}],"curies":[{"name":"wp","href":"https:\/\/api.w.org\/{rel}","templated":true}]}}