{"id":45121,"date":"2025-06-14T01:05:45","date_gmt":"2025-06-13T23:10:25","guid":{"rendered":"https:\/\/www.robertzueblin.com\/?post_type=product&#038;p=45121"},"modified":"2025-06-14T01:10:26","modified_gmt":"2025-06-13T23:10:26","slug":"johann-wanzenried-1847-%e2%80%a0-1895-assiette-a-dessert-avec-edelweiss-majolique-de-thoune-thoune","status":"publish","type":"product","link":"https:\/\/www.robertzueblin.com\/fr\/johann-wanzenried\/assiette-a-dessert-avec-edelweiss-majolique-de-thoune-thoune\/","title":{"rendered":"Johann WANZENRIED (* 1847, \u2020 1895) &#8211; Assiette \u00e0 dessert avec edelweiss &#8211; Majolique de Thoune (Thoune)"},"content":{"rendered":"<p><span style=\"font-family: AkkoPro-BoldCondensed!important\">Type :<\/span> <a href=\"https:\/\/www.robertzueblin.com\/fr\/poterie-d-atelier-ceramique-de-studio\">poterie d&rsquo;atelier<\/a><\/p>\n<p><span style=\"font-family: AkkoPro-BoldCondensed!important\">Atelier :<\/span> <a href=\"https:\/\/www.robertzueblin.com\/fr\/atelier-johann-wanzenried\/\">Johann Wanzenried<\/a><\/p>\n<p><span style=\"font-family: AkkoPro-BoldCondensed!important\">Peintre :<\/span> inconnu<\/p>\n<p><span style=\"font-family: AkkoPro-BoldCondensed!important\">Objet :<\/span> assiette \u00e0 dessert<\/p>\n<p><span style=\"font-family: AkkoPro-BoldCondensed!important\">Mat\u00e9riau :<\/span> engobe et \u00e9mail sur terre cuite<\/p>\n<p><span style=\"font-family: AkkoPro-BoldCondensed!important\">Dimensions :<\/span> diam\u00e8tre : 16,5 cm, Hauteur : 1,5 cm<\/p>\n<p><span style=\"font-family: AkkoPro-BoldCondensed!important\">Ann\u00e9e de fabrication :<\/span> vers 1900<\/p>\n<p><span style=\"font-family: AkkoPro-BoldCondensed!important\">\u00c9tat :<\/span> chip minime sur le bord, quelques chips minimes \u00e0 la base et au pied, usure partielle du pied<\/p>\n<p><span style=\"font-family: AkkoPro-BoldCondensed!important\">Signature\/marque :<\/span> Indication d&rsquo;origine : \u00ab Thoune \u00bb et d\u00e9signation de l&rsquo;atelier : \u00ab JW \u00bb plus 2 \u00e9toiles et un croissant de lune<\/p>\n","protected":false},"excerpt":{"rendered":"<p>Type : poterie d&rsquo;atelier Atelier : Johann Wanzenried Peintre : inconnu Objet : assiette \u00e0 dessert Mat\u00e9riau : engobe et \u00e9mail sur terre cuite Dimensions : diam\u00e8tre : 16,5 cm, Hauteur : 1,5 cm Ann\u00e9e de fabrication : vers 1900 \u00c9tat : chip minime sur le bord, quelques chips minimes \u00e0 la base et au [&hellip;]<\/p>\n","protected":false},"featured_media":45127,"template":"","meta":[],"product_brand":[],"product_cat":[634,593],"product_tag":[],"class_list":{"0":"post-45121","1":"product","2":"type-product","3":"status-publish","4":"has-post-thumbnail","6":"product_cat-johann-wanzenried","7":"product_cat-majolique-de-thoune-ceramique-suisse-thun","9":"first","10":"instock","11":"sold-individually","12":"shipping-taxable","13":"purchasable","14":"product-type-simple"},"yoast_head":"<!-- This site is optimized with the Yoast SEO plugin v27.4 - https:\/\/yoast.com\/product\/yoast-seo-wordpress\/ -->\n<title>WANZENRIED - Assiette \u00e0 dessert edelweiss - Majolique Thoune<\/title>\n<meta name=\"description\" content=\"Assiette \u00e0 dessert en c\u00e9ramique de Thoune en majolique \u00e0 motif d&#039;edelweiss de l&#039;atelier Johann Wanzenried (* 1847, \u2020 1895) avec marque et thoune.\" \/>\n<meta name=\"robots\" content=\"index, follow, max-snippet:-1, max-image-preview:large, max-video-preview:-1\" \/>\n<link rel=\"canonical\" href=\"https:\/\/www.robertzueblin.com\/fr\/johann-wanzenried\/assiette-a-dessert-avec-edelweiss-majolique-de-thoune-thoune\/\" \/>\n<meta property=\"og:locale\" content=\"fr_FR\" \/>\n<meta property=\"og:type\" content=\"article\" \/>\n<meta property=\"og:title\" content=\"WANZENRIED - Assiette \u00e0 dessert edelweiss - Majolique Thoune\" \/>\n<meta property=\"og:description\" content=\"Assiette \u00e0 dessert en c\u00e9ramique de Thoune en majolique \u00e0 motif d&#039;edelweiss de l&#039;atelier Johann Wanzenried (* 1847, \u2020 1895) avec marque et thoune.\" \/>\n<meta property=\"og:url\" content=\"https:\/\/www.robertzueblin.com\/fr\/johann-wanzenried\/assiette-a-dessert-avec-edelweiss-majolique-de-thoune-thoune\/\" \/>\n<meta property=\"og:site_name\" content=\"ROBERT Z\u00dcBLIN\" \/>\n<meta property=\"article:modified_time\" content=\"2025-06-13T23:10:26+00:00\" \/>\n<meta property=\"og:image\" content=\"https:\/\/www.robertzueblin.com\/wp-content\/uploads\/johann-wanzenried-majolique-thoune-assiette-dessert-edelweiss-photo-couverture.jpg\" \/>\n\t<meta property=\"og:image:width\" content=\"1000\" \/>\n\t<meta property=\"og:image:height\" content=\"1000\" \/>\n\t<meta property=\"og:image:type\" content=\"image\/jpeg\" \/>\n<meta name=\"twitter:card\" content=\"summary_large_image\" \/>\n<script type=\"application\/ld+json\" class=\"yoast-schema-graph\">{\"@context\":\"https:\\\/\\\/schema.org\",\"@graph\":[{\"@type\":\"WebPage\",\"@id\":\"https:\\\/\\\/www.robertzueblin.com\\\/fr\\\/johann-wanzenried\\\/assiette-a-dessert-avec-edelweiss-majolique-de-thoune-thoune\\\/\",\"url\":\"https:\\\/\\\/www.robertzueblin.com\\\/fr\\\/johann-wanzenried\\\/assiette-a-dessert-avec-edelweiss-majolique-de-thoune-thoune\\\/\",\"name\":\"WANZENRIED - Assiette \u00e0 dessert edelweiss - Majolique Thoune\",\"isPartOf\":{\"@id\":\"https:\\\/\\\/www.robertzueblin.com\\\/fr\\\/#website\"},\"primaryImageOfPage\":{\"@id\":\"https:\\\/\\\/www.robertzueblin.com\\\/fr\\\/johann-wanzenried\\\/assiette-a-dessert-avec-edelweiss-majolique-de-thoune-thoune\\\/#primaryimage\"},\"image\":{\"@id\":\"https:\\\/\\\/www.robertzueblin.com\\\/fr\\\/johann-wanzenried\\\/assiette-a-dessert-avec-edelweiss-majolique-de-thoune-thoune\\\/#primaryimage\"},\"thumbnailUrl\":\"https:\\\/\\\/www.robertzueblin.com\\\/wp-content\\\/uploads\\\/johann-wanzenried-majolique-thoune-assiette-dessert-edelweiss-photo-couverture.jpg\",\"datePublished\":\"2025-06-13T23:10:25+00:00\",\"dateModified\":\"2025-06-13T23:10:26+00:00\",\"description\":\"Assiette \u00e0 dessert en c\u00e9ramique de Thoune en majolique \u00e0 motif d'edelweiss de l'atelier Johann Wanzenried (* 1847, \u2020 1895) avec marque et thoune.\",\"breadcrumb\":{\"@id\":\"https:\\\/\\\/www.robertzueblin.com\\\/fr\\\/johann-wanzenried\\\/assiette-a-dessert-avec-edelweiss-majolique-de-thoune-thoune\\\/#breadcrumb\"},\"inLanguage\":\"fr-FR\",\"potentialAction\":[{\"@type\":\"ReadAction\",\"target\":[\"https:\\\/\\\/www.robertzueblin.com\\\/fr\\\/johann-wanzenried\\\/assiette-a-dessert-avec-edelweiss-majolique-de-thoune-thoune\\\/\"]}]},{\"@type\":\"ImageObject\",\"inLanguage\":\"fr-FR\",\"@id\":\"https:\\\/\\\/www.robertzueblin.com\\\/fr\\\/johann-wanzenried\\\/assiette-a-dessert-avec-edelweiss-majolique-de-thoune-thoune\\\/#primaryimage\",\"url\":\"https:\\\/\\\/www.robertzueblin.com\\\/wp-content\\\/uploads\\\/johann-wanzenried-majolique-thoune-assiette-dessert-edelweiss-photo-couverture.jpg\",\"contentUrl\":\"https:\\\/\\\/www.robertzueblin.com\\\/wp-content\\\/uploads\\\/johann-wanzenried-majolique-thoune-assiette-dessert-edelweiss-photo-couverture.jpg\",\"width\":1000,\"height\":1000},{\"@type\":\"BreadcrumbList\",\"@id\":\"https:\\\/\\\/www.robertzueblin.com\\\/fr\\\/johann-wanzenried\\\/assiette-a-dessert-avec-edelweiss-majolique-de-thoune-thoune\\\/#breadcrumb\",\"itemListElement\":[{\"@type\":\"ListItem\",\"position\":1,\"name\":\"Startseite\",\"item\":\"https:\\\/\\\/www.robertzueblin.com\\\/fr\\\/\"},{\"@type\":\"ListItem\",\"position\":2,\"name\":\"Galerie d&#8217;art en ligne (boutique en ligne)\",\"item\":\"https:\\\/\\\/www.robertzueblin.com\\\/fr\\\/galerie-d-art-en-ligne\\\/\"},{\"@type\":\"ListItem\",\"position\":3,\"name\":\"Johann WANZENRIED (* 1847, \u2020 1895) &#8211; Assiette \u00e0 dessert avec edelweiss &#8211; Majolique de Thoune (Thoune)\"}]},{\"@type\":\"WebSite\",\"@id\":\"https:\\\/\\\/www.robertzueblin.com\\\/fr\\\/#website\",\"url\":\"https:\\\/\\\/www.robertzueblin.com\\\/fr\\\/\",\"name\":\"ROBERT Z\u00dcBLIN\",\"description\":\"\",\"publisher\":{\"@id\":\"https:\\\/\\\/www.robertzueblin.com\\\/fr\\\/#organization\"},\"potentialAction\":[{\"@type\":\"SearchAction\",\"target\":{\"@type\":\"EntryPoint\",\"urlTemplate\":\"https:\\\/\\\/www.robertzueblin.com\\\/fr\\\/?s={search_term_string}\"},\"query-input\":{\"@type\":\"PropertyValueSpecification\",\"valueRequired\":true,\"valueName\":\"search_term_string\"}}],\"inLanguage\":\"fr-FR\"},{\"@type\":\"Organization\",\"@id\":\"https:\\\/\\\/www.robertzueblin.com\\\/fr\\\/#organization\",\"name\":\"ROBERT Z\u00dcBLIN\",\"url\":\"https:\\\/\\\/www.robertzueblin.com\\\/fr\\\/\",\"logo\":{\"@type\":\"ImageObject\",\"inLanguage\":\"fr-FR\",\"@id\":\"https:\\\/\\\/www.robertzueblin.com\\\/fr\\\/#\\\/schema\\\/logo\\\/image\\\/\",\"url\":\"https:\\\/\\\/www.robertzueblin.com\\\/wp-content\\\/uploads\\\/cropped-cropped-logo-von-robert-zueblin.jpg\",\"contentUrl\":\"https:\\\/\\\/www.robertzueblin.com\\\/wp-content\\\/uploads\\\/cropped-cropped-logo-von-robert-zueblin.jpg\",\"width\":440,\"height\":60,\"caption\":\"ROBERT Z\u00dcBLIN\"},\"image\":{\"@id\":\"https:\\\/\\\/www.robertzueblin.com\\\/fr\\\/#\\\/schema\\\/logo\\\/image\\\/\"}}]}<\/script>\n<!-- \/ Yoast SEO plugin. -->","yoast_head_json":{"title":"WANZENRIED - Assiette \u00e0 dessert edelweiss - Majolique Thoune","description":"Assiette \u00e0 dessert en c\u00e9ramique de Thoune en majolique \u00e0 motif d'edelweiss de l'atelier Johann Wanzenried (* 1847, \u2020 1895) avec marque et thoune.","robots":{"index":"index","follow":"follow","max-snippet":"max-snippet:-1","max-image-preview":"max-image-preview:large","max-video-preview":"max-video-preview:-1"},"canonical":"https:\/\/www.robertzueblin.com\/fr\/johann-wanzenried\/assiette-a-dessert-avec-edelweiss-majolique-de-thoune-thoune\/","og_locale":"fr_FR","og_type":"article","og_title":"WANZENRIED - Assiette \u00e0 dessert edelweiss - Majolique Thoune","og_description":"Assiette \u00e0 dessert en c\u00e9ramique de Thoune en majolique \u00e0 motif d'edelweiss de l'atelier Johann Wanzenried (* 1847, \u2020 1895) avec marque et thoune.","og_url":"https:\/\/www.robertzueblin.com\/fr\/johann-wanzenried\/assiette-a-dessert-avec-edelweiss-majolique-de-thoune-thoune\/","og_site_name":"ROBERT Z\u00dcBLIN","article_modified_time":"2025-06-13T23:10:26+00:00","og_image":[{"width":1000,"height":1000,"url":"https:\/\/www.robertzueblin.com\/wp-content\/uploads\/johann-wanzenried-majolique-thoune-assiette-dessert-edelweiss-photo-couverture.jpg","type":"image\/jpeg"}],"twitter_card":"summary_large_image","schema":{"@context":"https:\/\/schema.org","@graph":[{"@type":"WebPage","@id":"https:\/\/www.robertzueblin.com\/fr\/johann-wanzenried\/assiette-a-dessert-avec-edelweiss-majolique-de-thoune-thoune\/","url":"https:\/\/www.robertzueblin.com\/fr\/johann-wanzenried\/assiette-a-dessert-avec-edelweiss-majolique-de-thoune-thoune\/","name":"WANZENRIED - Assiette \u00e0 dessert edelweiss - Majolique Thoune","isPartOf":{"@id":"https:\/\/www.robertzueblin.com\/fr\/#website"},"primaryImageOfPage":{"@id":"https:\/\/www.robertzueblin.com\/fr\/johann-wanzenried\/assiette-a-dessert-avec-edelweiss-majolique-de-thoune-thoune\/#primaryimage"},"image":{"@id":"https:\/\/www.robertzueblin.com\/fr\/johann-wanzenried\/assiette-a-dessert-avec-edelweiss-majolique-de-thoune-thoune\/#primaryimage"},"thumbnailUrl":"https:\/\/www.robertzueblin.com\/wp-content\/uploads\/johann-wanzenried-majolique-thoune-assiette-dessert-edelweiss-photo-couverture.jpg","datePublished":"2025-06-13T23:10:25+00:00","dateModified":"2025-06-13T23:10:26+00:00","description":"Assiette \u00e0 dessert en c\u00e9ramique de Thoune en majolique \u00e0 motif d'edelweiss de l'atelier Johann Wanzenried (* 1847, \u2020 1895) avec marque et thoune.","breadcrumb":{"@id":"https:\/\/www.robertzueblin.com\/fr\/johann-wanzenried\/assiette-a-dessert-avec-edelweiss-majolique-de-thoune-thoune\/#breadcrumb"},"inLanguage":"fr-FR","potentialAction":[{"@type":"ReadAction","target":["https:\/\/www.robertzueblin.com\/fr\/johann-wanzenried\/assiette-a-dessert-avec-edelweiss-majolique-de-thoune-thoune\/"]}]},{"@type":"ImageObject","inLanguage":"fr-FR","@id":"https:\/\/www.robertzueblin.com\/fr\/johann-wanzenried\/assiette-a-dessert-avec-edelweiss-majolique-de-thoune-thoune\/#primaryimage","url":"https:\/\/www.robertzueblin.com\/wp-content\/uploads\/johann-wanzenried-majolique-thoune-assiette-dessert-edelweiss-photo-couverture.jpg","contentUrl":"https:\/\/www.robertzueblin.com\/wp-content\/uploads\/johann-wanzenried-majolique-thoune-assiette-dessert-edelweiss-photo-couverture.jpg","width":1000,"height":1000},{"@type":"BreadcrumbList","@id":"https:\/\/www.robertzueblin.com\/fr\/johann-wanzenried\/assiette-a-dessert-avec-edelweiss-majolique-de-thoune-thoune\/#breadcrumb","itemListElement":[{"@type":"ListItem","position":1,"name":"Startseite","item":"https:\/\/www.robertzueblin.com\/fr\/"},{"@type":"ListItem","position":2,"name":"Galerie d&#8217;art en ligne (boutique en ligne)","item":"https:\/\/www.robertzueblin.com\/fr\/galerie-d-art-en-ligne\/"},{"@type":"ListItem","position":3,"name":"Johann WANZENRIED (* 1847, \u2020 1895) &#8211; Assiette \u00e0 dessert avec edelweiss &#8211; Majolique de Thoune (Thoune)"}]},{"@type":"WebSite","@id":"https:\/\/www.robertzueblin.com\/fr\/#website","url":"https:\/\/www.robertzueblin.com\/fr\/","name":"ROBERT Z\u00dcBLIN","description":"","publisher":{"@id":"https:\/\/www.robertzueblin.com\/fr\/#organization"},"potentialAction":[{"@type":"SearchAction","target":{"@type":"EntryPoint","urlTemplate":"https:\/\/www.robertzueblin.com\/fr\/?s={search_term_string}"},"query-input":{"@type":"PropertyValueSpecification","valueRequired":true,"valueName":"search_term_string"}}],"inLanguage":"fr-FR"},{"@type":"Organization","@id":"https:\/\/www.robertzueblin.com\/fr\/#organization","name":"ROBERT Z\u00dcBLIN","url":"https:\/\/www.robertzueblin.com\/fr\/","logo":{"@type":"ImageObject","inLanguage":"fr-FR","@id":"https:\/\/www.robertzueblin.com\/fr\/#\/schema\/logo\/image\/","url":"https:\/\/www.robertzueblin.com\/wp-content\/uploads\/cropped-cropped-logo-von-robert-zueblin.jpg","contentUrl":"https:\/\/www.robertzueblin.com\/wp-content\/uploads\/cropped-cropped-logo-von-robert-zueblin.jpg","width":440,"height":60,"caption":"ROBERT Z\u00dcBLIN"},"image":{"@id":"https:\/\/www.robertzueblin.com\/fr\/#\/schema\/logo\/image\/"}}]}},"_links":{"self":[{"href":"https:\/\/www.robertzueblin.com\/fr\/wp-json\/wp\/v2\/product\/45121","targetHints":{"allow":["GET"]}}],"collection":[{"href":"https:\/\/www.robertzueblin.com\/fr\/wp-json\/wp\/v2\/product"}],"about":[{"href":"https:\/\/www.robertzueblin.com\/fr\/wp-json\/wp\/v2\/types\/product"}],"wp:featuredmedia":[{"embeddable":true,"href":"https:\/\/www.robertzueblin.com\/fr\/wp-json\/wp\/v2\/media\/45127"}],"wp:attachment":[{"href":"https:\/\/www.robertzueblin.com\/fr\/wp-json\/wp\/v2\/media?parent=45121"}],"wp:term":[{"taxonomy":"product_brand","embeddable":true,"href":"https:\/\/www.robertzueblin.com\/fr\/wp-json\/wp\/v2\/product_brand?post=45121"},{"taxonomy":"product_cat","embeddable":true,"href":"https:\/\/www.robertzueblin.com\/fr\/wp-json\/wp\/v2\/product_cat?post=45121"},{"taxonomy":"product_tag","embeddable":true,"href":"https:\/\/www.robertzueblin.com\/fr\/wp-json\/wp\/v2\/product_tag?post=45121"}],"curies":[{"name":"wp","href":"https:\/\/api.w.org\/{rel}","templated":true}]}}