{"id":44610,"date":"2025-05-03T16:42:12","date_gmt":"2025-05-03T15:10:05","guid":{"rendered":"https:\/\/www.robertzueblin.com\/?post_type=product&#038;p=44610"},"modified":"2025-06-09T18:52:41","modified_gmt":"2025-06-09T16:52:41","slug":"felix-vallotton-1865-%e2%80%a0-1925-bakounine-gravure-sur-bois","status":"publish","type":"product","link":"https:\/\/www.robertzueblin.com\/fr\/felix-vallotton\/bakounine-gravure-sur-bois\/","title":{"rendered":"F\u00e9lix VALLOTTON (* 1865, \u2020 1925) &#8211; Bakounine &#8211; Gravure sur bois"},"content":{"rendered":"<p><span style=\"font-family: AkkoPro-BoldCondensed!important\">Type :<\/span> <a href=\"https:\/\/www.robertzueblin.com\/fr\/type\/peinture\/\">tableaux d\u2019art\/ peinture<\/a><\/p>\n<p><span style=\"font-family: AkkoPro-BoldCondensed!important\">Peintre :<\/span> <a href=\"https:\/\/www.robertzueblin.com\/fr\/felix-vallotton\/\">F\u00e9lix Vallotton<\/a> (* 1865, \u2020 1925)<\/p>\n<p><span style=\"font-family: AkkoPro-BoldCondensed!important\">Objet :<\/span> gravure sur bois<\/p>\n<p><span style=\"font-family: AkkoPro-BoldCondensed!important\">Mat\u00e9riau :<\/span> bois grav\u00e9 sur papier<\/p>\n<p><span style=\"font-family: AkkoPro-BoldCondensed!important\">Dimensions :<\/span> hauteur : 14,3 cm, largeur : 9,6 cm<\/p>\n<p><span style=\"font-family: AkkoPro-BoldCondensed!important\">P\u00e9riode de production :<\/span> probablement 1922<\/p>\n<p><span style=\"font-family: AkkoPro-BoldCondensed!important\">\u00c9tat :<\/span> partiellement pli\u00e9 et quelques d\u00e9chirures, papier bruni, partiellement \u00e9crit au verso<\/p>\n<p><span style=\"font-family: AkkoPro-BoldCondensed!important\">Signature:<\/span> FV, monogramme<\/p>\n<p><span style=\"font-family: AkkoPro-BoldCondensed!important\">D\u00e9tails :<\/span><br \/>\nIl s&rsquo;agit ici d&rsquo;une gravure sur bois du peintre suisse F\u00e9lix Vallotton avec un portrait de <a href=\"https:\/\/hls-dhs-dss.ch\/de\/articles\/028358\/2009-03-26\/\">Mikha\u00efl Aleksandrovitch Bakounine<\/a> dans le style Art nouveau. La gravure sur bois a \u00e9t\u00e9 imprim\u00e9e sur une carte publicitaire du magazine \u00ab Die Aktion \u00bb, qui fait la promotion du livre \u00ab Marx und Bakunin \u00bb de l&rsquo;auteur Fritz Brupbacher, paru en 1922 aux \u00e9ditions \u00ab Die Aktion \u00bb. La carte publicitaire date donc probablement de 1922. La carte publicitaire n&rsquo;est pas pass\u00e9e par la poste.<\/p>\n<p>La planche originale de la gravure sur bois de Bakounine par F\u00e9lix Vallotton date de 1895 et a \u00e9t\u00e9 publi\u00e9e cette ann\u00e9e-l\u00e0 dans la revue litt\u00e9raire et artistique \u00ab <a href=\"https:\/\/gallica.bnf.fr\/ark:\/12148\/bpt6k15529g\/f199.item.zoom\">La Revue blanche<\/a> \u00bb.<\/p>\n","protected":false},"excerpt":{"rendered":"<p>Type : tableaux d\u2019art\/ peinture Peintre : F\u00e9lix Vallotton (* 1865, \u2020 1925) Objet : gravure sur bois Mat\u00e9riau : bois grav\u00e9 sur papier Dimensions : hauteur : 14,3 cm, largeur : 9,6 cm P\u00e9riode de production : probablement 1922 \u00c9tat : partiellement pli\u00e9 et quelques d\u00e9chirures, papier bruni, partiellement \u00e9crit au verso Signature: FV, [&hellip;]<\/p>\n","protected":false},"featured_media":44613,"template":"","meta":[],"product_brand":[],"product_cat":[776,770],"product_tag":[],"class_list":{"0":"post-44610","1":"product","2":"type-product","3":"status-publish","4":"has-post-thumbnail","6":"product_cat-peinture","7":"product_cat-felix-vallotton","9":"first","10":"instock","11":"sold-individually","12":"shipping-taxable","13":"purchasable","14":"product-type-simple"},"yoast_head":"<!-- This site is optimized with the Yoast SEO plugin v27.5 - https:\/\/yoast.com\/product\/yoast-seo-wordpress\/ -->\n<title>F\u00e9lix VALLOTTON (* 1865, \u2020 1925) - Bakounine - Gravure sur bois<\/title>\n<meta name=\"description\" content=\"Gravure sur bois avec portrait de Bakounine par F\u00e9lix Vallotton ; de la revue Die Aktion de l&#039;ann\u00e9e 1922 ; carte publicitaire pour livre Marx et Bakounine.\" \/>\n<meta name=\"robots\" content=\"index, follow, max-snippet:-1, max-image-preview:large, max-video-preview:-1\" \/>\n<link rel=\"canonical\" href=\"https:\/\/www.robertzueblin.com\/fr\/felix-vallotton\/bakounine-gravure-sur-bois\/\" \/>\n<meta property=\"og:locale\" content=\"fr_FR\" \/>\n<meta property=\"og:type\" content=\"article\" \/>\n<meta property=\"og:title\" content=\"F\u00e9lix VALLOTTON (* 1865, \u2020 1925) - Bakounine - Gravure sur bois\" \/>\n<meta property=\"og:description\" content=\"Gravure sur bois avec portrait de Bakounine par F\u00e9lix Vallotton ; de la revue Die Aktion de l&#039;ann\u00e9e 1922 ; carte publicitaire pour livre Marx et Bakounine.\" \/>\n<meta property=\"og:url\" content=\"https:\/\/www.robertzueblin.com\/fr\/felix-vallotton\/bakounine-gravure-sur-bois\/\" \/>\n<meta property=\"og:site_name\" content=\"ROBERT Z\u00dcBLIN\" \/>\n<meta property=\"article:modified_time\" content=\"2025-06-09T16:52:41+00:00\" \/>\n<meta property=\"og:image\" content=\"https:\/\/www.robertzueblin.com\/wp-content\/uploads\/felix-vallotton-gravure-bois-bakounine-revue-die-aktion-photo-couverture.jpg\" \/>\n\t<meta property=\"og:image:width\" content=\"1000\" \/>\n\t<meta property=\"og:image:height\" content=\"1484\" \/>\n\t<meta property=\"og:image:type\" content=\"image\/jpeg\" \/>\n<meta name=\"twitter:card\" content=\"summary_large_image\" \/>\n<script type=\"application\/ld+json\" class=\"yoast-schema-graph\">{\"@context\":\"https:\\\/\\\/schema.org\",\"@graph\":[{\"@type\":\"WebPage\",\"@id\":\"https:\\\/\\\/www.robertzueblin.com\\\/fr\\\/felix-vallotton\\\/bakounine-gravure-sur-bois\\\/\",\"url\":\"https:\\\/\\\/www.robertzueblin.com\\\/fr\\\/felix-vallotton\\\/bakounine-gravure-sur-bois\\\/\",\"name\":\"F\u00e9lix VALLOTTON (* 1865, \u2020 1925) - Bakounine - Gravure sur bois\",\"isPartOf\":{\"@id\":\"https:\\\/\\\/www.robertzueblin.com\\\/fr\\\/#website\"},\"primaryImageOfPage\":{\"@id\":\"https:\\\/\\\/www.robertzueblin.com\\\/fr\\\/felix-vallotton\\\/bakounine-gravure-sur-bois\\\/#primaryimage\"},\"image\":{\"@id\":\"https:\\\/\\\/www.robertzueblin.com\\\/fr\\\/felix-vallotton\\\/bakounine-gravure-sur-bois\\\/#primaryimage\"},\"thumbnailUrl\":\"https:\\\/\\\/www.robertzueblin.com\\\/wp-content\\\/uploads\\\/felix-vallotton-gravure-bois-bakounine-revue-die-aktion-photo-couverture.jpg\",\"datePublished\":\"2025-05-03T15:10:05+00:00\",\"dateModified\":\"2025-06-09T16:52:41+00:00\",\"description\":\"Gravure sur bois avec portrait de Bakounine par F\u00e9lix Vallotton ; de la revue Die Aktion de l'ann\u00e9e 1922 ; carte publicitaire pour livre Marx et Bakounine.\",\"breadcrumb\":{\"@id\":\"https:\\\/\\\/www.robertzueblin.com\\\/fr\\\/felix-vallotton\\\/bakounine-gravure-sur-bois\\\/#breadcrumb\"},\"inLanguage\":\"fr-FR\",\"potentialAction\":[{\"@type\":\"ReadAction\",\"target\":[\"https:\\\/\\\/www.robertzueblin.com\\\/fr\\\/felix-vallotton\\\/bakounine-gravure-sur-bois\\\/\"]}]},{\"@type\":\"ImageObject\",\"inLanguage\":\"fr-FR\",\"@id\":\"https:\\\/\\\/www.robertzueblin.com\\\/fr\\\/felix-vallotton\\\/bakounine-gravure-sur-bois\\\/#primaryimage\",\"url\":\"https:\\\/\\\/www.robertzueblin.com\\\/wp-content\\\/uploads\\\/felix-vallotton-gravure-bois-bakounine-revue-die-aktion-photo-couverture.jpg\",\"contentUrl\":\"https:\\\/\\\/www.robertzueblin.com\\\/wp-content\\\/uploads\\\/felix-vallotton-gravure-bois-bakounine-revue-die-aktion-photo-couverture.jpg\",\"width\":1000,\"height\":1484},{\"@type\":\"BreadcrumbList\",\"@id\":\"https:\\\/\\\/www.robertzueblin.com\\\/fr\\\/felix-vallotton\\\/bakounine-gravure-sur-bois\\\/#breadcrumb\",\"itemListElement\":[{\"@type\":\"ListItem\",\"position\":1,\"name\":\"Startseite\",\"item\":\"https:\\\/\\\/www.robertzueblin.com\\\/fr\\\/\"},{\"@type\":\"ListItem\",\"position\":2,\"name\":\"Galerie d&#8217;art en ligne (boutique en ligne)\",\"item\":\"https:\\\/\\\/www.robertzueblin.com\\\/fr\\\/galerie-d-art-en-ligne\\\/\"},{\"@type\":\"ListItem\",\"position\":3,\"name\":\"F\u00e9lix VALLOTTON (* 1865, \u2020 1925) &#8211; Bakounine &#8211; Gravure sur bois\"}]},{\"@type\":\"WebSite\",\"@id\":\"https:\\\/\\\/www.robertzueblin.com\\\/fr\\\/#website\",\"url\":\"https:\\\/\\\/www.robertzueblin.com\\\/fr\\\/\",\"name\":\"ROBERT Z\u00dcBLIN\",\"description\":\"\",\"publisher\":{\"@id\":\"https:\\\/\\\/www.robertzueblin.com\\\/fr\\\/#organization\"},\"potentialAction\":[{\"@type\":\"SearchAction\",\"target\":{\"@type\":\"EntryPoint\",\"urlTemplate\":\"https:\\\/\\\/www.robertzueblin.com\\\/fr\\\/?s={search_term_string}\"},\"query-input\":{\"@type\":\"PropertyValueSpecification\",\"valueRequired\":true,\"valueName\":\"search_term_string\"}}],\"inLanguage\":\"fr-FR\"},{\"@type\":\"Organization\",\"@id\":\"https:\\\/\\\/www.robertzueblin.com\\\/fr\\\/#organization\",\"name\":\"ROBERT Z\u00dcBLIN\",\"url\":\"https:\\\/\\\/www.robertzueblin.com\\\/fr\\\/\",\"logo\":{\"@type\":\"ImageObject\",\"inLanguage\":\"fr-FR\",\"@id\":\"https:\\\/\\\/www.robertzueblin.com\\\/fr\\\/#\\\/schema\\\/logo\\\/image\\\/\",\"url\":\"https:\\\/\\\/www.robertzueblin.com\\\/wp-content\\\/uploads\\\/cropped-cropped-logo-von-robert-zueblin.jpg\",\"contentUrl\":\"https:\\\/\\\/www.robertzueblin.com\\\/wp-content\\\/uploads\\\/cropped-cropped-logo-von-robert-zueblin.jpg\",\"width\":440,\"height\":60,\"caption\":\"ROBERT Z\u00dcBLIN\"},\"image\":{\"@id\":\"https:\\\/\\\/www.robertzueblin.com\\\/fr\\\/#\\\/schema\\\/logo\\\/image\\\/\"}}]}<\/script>\n<!-- \/ Yoast SEO plugin. -->","yoast_head_json":{"title":"F\u00e9lix VALLOTTON (* 1865, \u2020 1925) - Bakounine - Gravure sur bois","description":"Gravure sur bois avec portrait de Bakounine par F\u00e9lix Vallotton ; de la revue Die Aktion de l'ann\u00e9e 1922 ; carte publicitaire pour livre Marx et Bakounine.","robots":{"index":"index","follow":"follow","max-snippet":"max-snippet:-1","max-image-preview":"max-image-preview:large","max-video-preview":"max-video-preview:-1"},"canonical":"https:\/\/www.robertzueblin.com\/fr\/felix-vallotton\/bakounine-gravure-sur-bois\/","og_locale":"fr_FR","og_type":"article","og_title":"F\u00e9lix VALLOTTON (* 1865, \u2020 1925) - Bakounine - Gravure sur bois","og_description":"Gravure sur bois avec portrait de Bakounine par F\u00e9lix Vallotton ; de la revue Die Aktion de l'ann\u00e9e 1922 ; carte publicitaire pour livre Marx et Bakounine.","og_url":"https:\/\/www.robertzueblin.com\/fr\/felix-vallotton\/bakounine-gravure-sur-bois\/","og_site_name":"ROBERT Z\u00dcBLIN","article_modified_time":"2025-06-09T16:52:41+00:00","og_image":[{"width":1000,"height":1484,"url":"https:\/\/www.robertzueblin.com\/wp-content\/uploads\/felix-vallotton-gravure-bois-bakounine-revue-die-aktion-photo-couverture.jpg","type":"image\/jpeg"}],"twitter_card":"summary_large_image","schema":{"@context":"https:\/\/schema.org","@graph":[{"@type":"WebPage","@id":"https:\/\/www.robertzueblin.com\/fr\/felix-vallotton\/bakounine-gravure-sur-bois\/","url":"https:\/\/www.robertzueblin.com\/fr\/felix-vallotton\/bakounine-gravure-sur-bois\/","name":"F\u00e9lix VALLOTTON (* 1865, \u2020 1925) - Bakounine - Gravure sur bois","isPartOf":{"@id":"https:\/\/www.robertzueblin.com\/fr\/#website"},"primaryImageOfPage":{"@id":"https:\/\/www.robertzueblin.com\/fr\/felix-vallotton\/bakounine-gravure-sur-bois\/#primaryimage"},"image":{"@id":"https:\/\/www.robertzueblin.com\/fr\/felix-vallotton\/bakounine-gravure-sur-bois\/#primaryimage"},"thumbnailUrl":"https:\/\/www.robertzueblin.com\/wp-content\/uploads\/felix-vallotton-gravure-bois-bakounine-revue-die-aktion-photo-couverture.jpg","datePublished":"2025-05-03T15:10:05+00:00","dateModified":"2025-06-09T16:52:41+00:00","description":"Gravure sur bois avec portrait de Bakounine par F\u00e9lix Vallotton ; de la revue Die Aktion de l'ann\u00e9e 1922 ; carte publicitaire pour livre Marx et Bakounine.","breadcrumb":{"@id":"https:\/\/www.robertzueblin.com\/fr\/felix-vallotton\/bakounine-gravure-sur-bois\/#breadcrumb"},"inLanguage":"fr-FR","potentialAction":[{"@type":"ReadAction","target":["https:\/\/www.robertzueblin.com\/fr\/felix-vallotton\/bakounine-gravure-sur-bois\/"]}]},{"@type":"ImageObject","inLanguage":"fr-FR","@id":"https:\/\/www.robertzueblin.com\/fr\/felix-vallotton\/bakounine-gravure-sur-bois\/#primaryimage","url":"https:\/\/www.robertzueblin.com\/wp-content\/uploads\/felix-vallotton-gravure-bois-bakounine-revue-die-aktion-photo-couverture.jpg","contentUrl":"https:\/\/www.robertzueblin.com\/wp-content\/uploads\/felix-vallotton-gravure-bois-bakounine-revue-die-aktion-photo-couverture.jpg","width":1000,"height":1484},{"@type":"BreadcrumbList","@id":"https:\/\/www.robertzueblin.com\/fr\/felix-vallotton\/bakounine-gravure-sur-bois\/#breadcrumb","itemListElement":[{"@type":"ListItem","position":1,"name":"Startseite","item":"https:\/\/www.robertzueblin.com\/fr\/"},{"@type":"ListItem","position":2,"name":"Galerie d&#8217;art en ligne (boutique en ligne)","item":"https:\/\/www.robertzueblin.com\/fr\/galerie-d-art-en-ligne\/"},{"@type":"ListItem","position":3,"name":"F\u00e9lix VALLOTTON (* 1865, \u2020 1925) &#8211; Bakounine &#8211; Gravure sur bois"}]},{"@type":"WebSite","@id":"https:\/\/www.robertzueblin.com\/fr\/#website","url":"https:\/\/www.robertzueblin.com\/fr\/","name":"ROBERT Z\u00dcBLIN","description":"","publisher":{"@id":"https:\/\/www.robertzueblin.com\/fr\/#organization"},"potentialAction":[{"@type":"SearchAction","target":{"@type":"EntryPoint","urlTemplate":"https:\/\/www.robertzueblin.com\/fr\/?s={search_term_string}"},"query-input":{"@type":"PropertyValueSpecification","valueRequired":true,"valueName":"search_term_string"}}],"inLanguage":"fr-FR"},{"@type":"Organization","@id":"https:\/\/www.robertzueblin.com\/fr\/#organization","name":"ROBERT Z\u00dcBLIN","url":"https:\/\/www.robertzueblin.com\/fr\/","logo":{"@type":"ImageObject","inLanguage":"fr-FR","@id":"https:\/\/www.robertzueblin.com\/fr\/#\/schema\/logo\/image\/","url":"https:\/\/www.robertzueblin.com\/wp-content\/uploads\/cropped-cropped-logo-von-robert-zueblin.jpg","contentUrl":"https:\/\/www.robertzueblin.com\/wp-content\/uploads\/cropped-cropped-logo-von-robert-zueblin.jpg","width":440,"height":60,"caption":"ROBERT Z\u00dcBLIN"},"image":{"@id":"https:\/\/www.robertzueblin.com\/fr\/#\/schema\/logo\/image\/"}}]}},"_links":{"self":[{"href":"https:\/\/www.robertzueblin.com\/fr\/wp-json\/wp\/v2\/product\/44610","targetHints":{"allow":["GET"]}}],"collection":[{"href":"https:\/\/www.robertzueblin.com\/fr\/wp-json\/wp\/v2\/product"}],"about":[{"href":"https:\/\/www.robertzueblin.com\/fr\/wp-json\/wp\/v2\/types\/product"}],"wp:featuredmedia":[{"embeddable":true,"href":"https:\/\/www.robertzueblin.com\/fr\/wp-json\/wp\/v2\/media\/44613"}],"wp:attachment":[{"href":"https:\/\/www.robertzueblin.com\/fr\/wp-json\/wp\/v2\/media?parent=44610"}],"wp:term":[{"taxonomy":"product_brand","embeddable":true,"href":"https:\/\/www.robertzueblin.com\/fr\/wp-json\/wp\/v2\/product_brand?post=44610"},{"taxonomy":"product_cat","embeddable":true,"href":"https:\/\/www.robertzueblin.com\/fr\/wp-json\/wp\/v2\/product_cat?post=44610"},{"taxonomy":"product_tag","embeddable":true,"href":"https:\/\/www.robertzueblin.com\/fr\/wp-json\/wp\/v2\/product_tag?post=44610"}],"curies":[{"name":"wp","href":"https:\/\/api.w.org\/{rel}","templated":true}]}}