{"id":44234,"date":"2025-04-03T16:41:53","date_gmt":"2025-04-03T14:41:53","guid":{"rendered":"https:\/\/www.robertzueblin.com\/?post_type=product&#038;p=44234"},"modified":"2025-07-12T16:48:43","modified_gmt":"2025-07-12T14:48:43","slug":"hans-treiber-1869-%e2%80%a0-1968-peinture-a-lhuile-avec-un-ruisseau-peinture-art-nouveau","status":"publish","type":"product","link":"https:\/\/www.robertzueblin.com\/fr\/hans-treiber\/peinture-a-lhuile-avec-un-ruisseau-peinture-art-nouveau\/","title":{"rendered":"Hans TREIBER (* 1869, \u2020 1968) &#8211; Peinture \u00e0 l&rsquo;huile avec un ruisseau &#8211; Peinture Art Nouveau"},"content":{"rendered":"<p><span style=\"font-family: AkkoPro-BoldCondensed!important\">Type :<\/span> <a href=\"\/?post_format=peinture\">peinture<\/a><\/p>\n<p><span style=\"font-family: AkkoPro-BoldCondensed!important\">Peintre :<\/span> <a href=\"https:\/\/www.robertzueblin.com\/fr\/hans-treiber\/\">Hans TREIBER<\/a> (* 1869 &#8211; \u2020 1968)<\/p>\n<p><span style=\"font-family: AkkoPro-BoldCondensed!important\">Objet :<\/span> <a href=\"https:\/\/www.robertzueblin.com\/fr\/peintures-a-l-huile\/\">peinture \u00e0 l&rsquo;huile<\/a><\/p>\n<p><span style=\"font-family: AkkoPro-BoldCondensed!important\">Mat\u00e9riau :<\/span> huile sur carton<\/p>\n<p><span style=\"font-family: AkkoPro-BoldCondensed!important\">Dimensions :<\/span> hauteur : 55 cm, largeur : 41,5 cm ; avec cadre : Hauteur : 68,5 cm, Largeur : 55 cm<\/p>\n<p><span style=\"font-family: AkkoPro-BoldCondensed!important\">P\u00e9riode de production :<\/span> vers 1900<\/p>\n<p><span style=\"font-family: AkkoPro-BoldCondensed!important\">\u00c9tat :<\/span> plusieurs traces de diluant sur le tableau, probablement dues \u00e0 la fabrication ; nombreuses traces d&rsquo;\u00e2ge et parfois des manques sur le cadre; carton d\u00e9form\u00e9<\/p>\n<p><span style=\"font-family: AkkoPro-BoldCondensed!important\">Signature:<\/span> Hans Treiber, M\u00fcnchen (Munich)<\/p>\n","protected":false},"excerpt":{"rendered":"<p>Type : peinture Peintre : Hans TREIBER (* 1869 &#8211; \u2020 1968) Objet : peinture \u00e0 l&rsquo;huile Mat\u00e9riau : huile sur carton Dimensions : hauteur : 55 cm, largeur : 41,5 cm ; avec cadre : Hauteur : 68,5 cm, Largeur : 55 cm P\u00e9riode de production : vers 1900 \u00c9tat : plusieurs traces de [&hellip;]<\/p>\n","protected":false},"featured_media":44240,"template":"","meta":[],"product_brand":[],"product_cat":[776,817,759,496],"product_tag":[],"class_list":{"0":"post-44234","1":"product","2":"type-product","3":"status-publish","4":"has-post-thumbnail","6":"product_cat-peinture","7":"product_cat-art-nouveau-jugendstil","8":"product_cat-hans-treiber","9":"product_cat-peintures-a-l-huile","11":"first","12":"instock","13":"sold-individually","14":"shipping-taxable","15":"purchasable","16":"product-type-simple"},"yoast_head":"<!-- This site is optimized with the Yoast SEO plugin v27.5 - https:\/\/yoast.com\/product\/yoast-seo-wordpress\/ -->\n<title>Hans TREIBER - Peinture \u00e0 l&#039;huile avec un ruisseau<\/title>\n<meta name=\"description\" content=\"Une peinture \u00e0 l&#039;huile du peintre Hans Treiber avec un paysage de ruisseau comme motif - peinture Art Nouveau de Munich, Allemagne.\" \/>\n<meta name=\"robots\" content=\"index, follow, max-snippet:-1, max-image-preview:large, max-video-preview:-1\" \/>\n<link rel=\"canonical\" href=\"https:\/\/www.robertzueblin.com\/fr\/hans-treiber\/peinture-a-lhuile-avec-un-ruisseau-peinture-art-nouveau\/\" \/>\n<meta property=\"og:locale\" content=\"fr_FR\" \/>\n<meta property=\"og:type\" content=\"article\" \/>\n<meta property=\"og:title\" content=\"Hans TREIBER - Peinture \u00e0 l&#039;huile avec un ruisseau\" \/>\n<meta property=\"og:description\" content=\"Une peinture \u00e0 l&#039;huile du peintre Hans Treiber avec un paysage de ruisseau comme motif - peinture Art Nouveau de Munich, Allemagne.\" \/>\n<meta property=\"og:url\" content=\"https:\/\/www.robertzueblin.com\/fr\/hans-treiber\/peinture-a-lhuile-avec-un-ruisseau-peinture-art-nouveau\/\" \/>\n<meta property=\"og:site_name\" content=\"ROBERT Z\u00dcBLIN\" \/>\n<meta property=\"article:modified_time\" content=\"2025-07-12T14:48:43+00:00\" \/>\n<meta property=\"og:image\" content=\"https:\/\/www.robertzueblin.com\/wp-content\/uploads\/hans-treiber-peinture-art-nouveau-huile-carton-ruisseau-photo-couverture.jpg\" \/>\n\t<meta property=\"og:image:width\" content=\"1000\" \/>\n\t<meta property=\"og:image:height\" content=\"1322\" \/>\n\t<meta property=\"og:image:type\" content=\"image\/jpeg\" \/>\n<meta name=\"twitter:card\" content=\"summary_large_image\" \/>\n<script type=\"application\/ld+json\" class=\"yoast-schema-graph\">{\"@context\":\"https:\\\/\\\/schema.org\",\"@graph\":[{\"@type\":\"WebPage\",\"@id\":\"https:\\\/\\\/www.robertzueblin.com\\\/fr\\\/hans-treiber\\\/peinture-a-lhuile-avec-un-ruisseau-peinture-art-nouveau\\\/\",\"url\":\"https:\\\/\\\/www.robertzueblin.com\\\/fr\\\/hans-treiber\\\/peinture-a-lhuile-avec-un-ruisseau-peinture-art-nouveau\\\/\",\"name\":\"Hans TREIBER - Peinture \u00e0 l'huile avec un ruisseau\",\"isPartOf\":{\"@id\":\"https:\\\/\\\/www.robertzueblin.com\\\/fr\\\/#website\"},\"primaryImageOfPage\":{\"@id\":\"https:\\\/\\\/www.robertzueblin.com\\\/fr\\\/hans-treiber\\\/peinture-a-lhuile-avec-un-ruisseau-peinture-art-nouveau\\\/#primaryimage\"},\"image\":{\"@id\":\"https:\\\/\\\/www.robertzueblin.com\\\/fr\\\/hans-treiber\\\/peinture-a-lhuile-avec-un-ruisseau-peinture-art-nouveau\\\/#primaryimage\"},\"thumbnailUrl\":\"https:\\\/\\\/www.robertzueblin.com\\\/wp-content\\\/uploads\\\/hans-treiber-peinture-art-nouveau-huile-carton-ruisseau-photo-couverture.jpg\",\"datePublished\":\"2025-04-03T14:41:53+00:00\",\"dateModified\":\"2025-07-12T14:48:43+00:00\",\"description\":\"Une peinture \u00e0 l'huile du peintre Hans Treiber avec un paysage de ruisseau comme motif - peinture Art Nouveau de Munich, Allemagne.\",\"breadcrumb\":{\"@id\":\"https:\\\/\\\/www.robertzueblin.com\\\/fr\\\/hans-treiber\\\/peinture-a-lhuile-avec-un-ruisseau-peinture-art-nouveau\\\/#breadcrumb\"},\"inLanguage\":\"fr-FR\",\"potentialAction\":[{\"@type\":\"ReadAction\",\"target\":[\"https:\\\/\\\/www.robertzueblin.com\\\/fr\\\/hans-treiber\\\/peinture-a-lhuile-avec-un-ruisseau-peinture-art-nouveau\\\/\"]}]},{\"@type\":\"ImageObject\",\"inLanguage\":\"fr-FR\",\"@id\":\"https:\\\/\\\/www.robertzueblin.com\\\/fr\\\/hans-treiber\\\/peinture-a-lhuile-avec-un-ruisseau-peinture-art-nouveau\\\/#primaryimage\",\"url\":\"https:\\\/\\\/www.robertzueblin.com\\\/wp-content\\\/uploads\\\/hans-treiber-peinture-art-nouveau-huile-carton-ruisseau-photo-couverture.jpg\",\"contentUrl\":\"https:\\\/\\\/www.robertzueblin.com\\\/wp-content\\\/uploads\\\/hans-treiber-peinture-art-nouveau-huile-carton-ruisseau-photo-couverture.jpg\",\"width\":1000,\"height\":1322},{\"@type\":\"BreadcrumbList\",\"@id\":\"https:\\\/\\\/www.robertzueblin.com\\\/fr\\\/hans-treiber\\\/peinture-a-lhuile-avec-un-ruisseau-peinture-art-nouveau\\\/#breadcrumb\",\"itemListElement\":[{\"@type\":\"ListItem\",\"position\":1,\"name\":\"Startseite\",\"item\":\"https:\\\/\\\/www.robertzueblin.com\\\/fr\\\/\"},{\"@type\":\"ListItem\",\"position\":2,\"name\":\"Galerie d&#8217;art en ligne (boutique en ligne)\",\"item\":\"https:\\\/\\\/www.robertzueblin.com\\\/fr\\\/galerie-d-art-en-ligne\\\/\"},{\"@type\":\"ListItem\",\"position\":3,\"name\":\"Hans TREIBER (* 1869, \u2020 1968) &#8211; Peinture \u00e0 l&#8217;huile avec un ruisseau &#8211; Peinture Art Nouveau\"}]},{\"@type\":\"WebSite\",\"@id\":\"https:\\\/\\\/www.robertzueblin.com\\\/fr\\\/#website\",\"url\":\"https:\\\/\\\/www.robertzueblin.com\\\/fr\\\/\",\"name\":\"ROBERT Z\u00dcBLIN\",\"description\":\"\",\"publisher\":{\"@id\":\"https:\\\/\\\/www.robertzueblin.com\\\/fr\\\/#organization\"},\"potentialAction\":[{\"@type\":\"SearchAction\",\"target\":{\"@type\":\"EntryPoint\",\"urlTemplate\":\"https:\\\/\\\/www.robertzueblin.com\\\/fr\\\/?s={search_term_string}\"},\"query-input\":{\"@type\":\"PropertyValueSpecification\",\"valueRequired\":true,\"valueName\":\"search_term_string\"}}],\"inLanguage\":\"fr-FR\"},{\"@type\":\"Organization\",\"@id\":\"https:\\\/\\\/www.robertzueblin.com\\\/fr\\\/#organization\",\"name\":\"ROBERT Z\u00dcBLIN\",\"url\":\"https:\\\/\\\/www.robertzueblin.com\\\/fr\\\/\",\"logo\":{\"@type\":\"ImageObject\",\"inLanguage\":\"fr-FR\",\"@id\":\"https:\\\/\\\/www.robertzueblin.com\\\/fr\\\/#\\\/schema\\\/logo\\\/image\\\/\",\"url\":\"https:\\\/\\\/www.robertzueblin.com\\\/wp-content\\\/uploads\\\/cropped-cropped-logo-von-robert-zueblin.jpg\",\"contentUrl\":\"https:\\\/\\\/www.robertzueblin.com\\\/wp-content\\\/uploads\\\/cropped-cropped-logo-von-robert-zueblin.jpg\",\"width\":440,\"height\":60,\"caption\":\"ROBERT Z\u00dcBLIN\"},\"image\":{\"@id\":\"https:\\\/\\\/www.robertzueblin.com\\\/fr\\\/#\\\/schema\\\/logo\\\/image\\\/\"}}]}<\/script>\n<!-- \/ Yoast SEO plugin. -->","yoast_head_json":{"title":"Hans TREIBER - Peinture \u00e0 l'huile avec un ruisseau","description":"Une peinture \u00e0 l'huile du peintre Hans Treiber avec un paysage de ruisseau comme motif - peinture Art Nouveau de Munich, Allemagne.","robots":{"index":"index","follow":"follow","max-snippet":"max-snippet:-1","max-image-preview":"max-image-preview:large","max-video-preview":"max-video-preview:-1"},"canonical":"https:\/\/www.robertzueblin.com\/fr\/hans-treiber\/peinture-a-lhuile-avec-un-ruisseau-peinture-art-nouveau\/","og_locale":"fr_FR","og_type":"article","og_title":"Hans TREIBER - Peinture \u00e0 l'huile avec un ruisseau","og_description":"Une peinture \u00e0 l'huile du peintre Hans Treiber avec un paysage de ruisseau comme motif - peinture Art Nouveau de Munich, Allemagne.","og_url":"https:\/\/www.robertzueblin.com\/fr\/hans-treiber\/peinture-a-lhuile-avec-un-ruisseau-peinture-art-nouveau\/","og_site_name":"ROBERT Z\u00dcBLIN","article_modified_time":"2025-07-12T14:48:43+00:00","og_image":[{"width":1000,"height":1322,"url":"https:\/\/www.robertzueblin.com\/wp-content\/uploads\/hans-treiber-peinture-art-nouveau-huile-carton-ruisseau-photo-couverture.jpg","type":"image\/jpeg"}],"twitter_card":"summary_large_image","schema":{"@context":"https:\/\/schema.org","@graph":[{"@type":"WebPage","@id":"https:\/\/www.robertzueblin.com\/fr\/hans-treiber\/peinture-a-lhuile-avec-un-ruisseau-peinture-art-nouveau\/","url":"https:\/\/www.robertzueblin.com\/fr\/hans-treiber\/peinture-a-lhuile-avec-un-ruisseau-peinture-art-nouveau\/","name":"Hans TREIBER - Peinture \u00e0 l'huile avec un ruisseau","isPartOf":{"@id":"https:\/\/www.robertzueblin.com\/fr\/#website"},"primaryImageOfPage":{"@id":"https:\/\/www.robertzueblin.com\/fr\/hans-treiber\/peinture-a-lhuile-avec-un-ruisseau-peinture-art-nouveau\/#primaryimage"},"image":{"@id":"https:\/\/www.robertzueblin.com\/fr\/hans-treiber\/peinture-a-lhuile-avec-un-ruisseau-peinture-art-nouveau\/#primaryimage"},"thumbnailUrl":"https:\/\/www.robertzueblin.com\/wp-content\/uploads\/hans-treiber-peinture-art-nouveau-huile-carton-ruisseau-photo-couverture.jpg","datePublished":"2025-04-03T14:41:53+00:00","dateModified":"2025-07-12T14:48:43+00:00","description":"Une peinture \u00e0 l'huile du peintre Hans Treiber avec un paysage de ruisseau comme motif - peinture Art Nouveau de Munich, Allemagne.","breadcrumb":{"@id":"https:\/\/www.robertzueblin.com\/fr\/hans-treiber\/peinture-a-lhuile-avec-un-ruisseau-peinture-art-nouveau\/#breadcrumb"},"inLanguage":"fr-FR","potentialAction":[{"@type":"ReadAction","target":["https:\/\/www.robertzueblin.com\/fr\/hans-treiber\/peinture-a-lhuile-avec-un-ruisseau-peinture-art-nouveau\/"]}]},{"@type":"ImageObject","inLanguage":"fr-FR","@id":"https:\/\/www.robertzueblin.com\/fr\/hans-treiber\/peinture-a-lhuile-avec-un-ruisseau-peinture-art-nouveau\/#primaryimage","url":"https:\/\/www.robertzueblin.com\/wp-content\/uploads\/hans-treiber-peinture-art-nouveau-huile-carton-ruisseau-photo-couverture.jpg","contentUrl":"https:\/\/www.robertzueblin.com\/wp-content\/uploads\/hans-treiber-peinture-art-nouveau-huile-carton-ruisseau-photo-couverture.jpg","width":1000,"height":1322},{"@type":"BreadcrumbList","@id":"https:\/\/www.robertzueblin.com\/fr\/hans-treiber\/peinture-a-lhuile-avec-un-ruisseau-peinture-art-nouveau\/#breadcrumb","itemListElement":[{"@type":"ListItem","position":1,"name":"Startseite","item":"https:\/\/www.robertzueblin.com\/fr\/"},{"@type":"ListItem","position":2,"name":"Galerie d&#8217;art en ligne (boutique en ligne)","item":"https:\/\/www.robertzueblin.com\/fr\/galerie-d-art-en-ligne\/"},{"@type":"ListItem","position":3,"name":"Hans TREIBER (* 1869, \u2020 1968) &#8211; Peinture \u00e0 l&#8217;huile avec un ruisseau &#8211; Peinture Art Nouveau"}]},{"@type":"WebSite","@id":"https:\/\/www.robertzueblin.com\/fr\/#website","url":"https:\/\/www.robertzueblin.com\/fr\/","name":"ROBERT Z\u00dcBLIN","description":"","publisher":{"@id":"https:\/\/www.robertzueblin.com\/fr\/#organization"},"potentialAction":[{"@type":"SearchAction","target":{"@type":"EntryPoint","urlTemplate":"https:\/\/www.robertzueblin.com\/fr\/?s={search_term_string}"},"query-input":{"@type":"PropertyValueSpecification","valueRequired":true,"valueName":"search_term_string"}}],"inLanguage":"fr-FR"},{"@type":"Organization","@id":"https:\/\/www.robertzueblin.com\/fr\/#organization","name":"ROBERT Z\u00dcBLIN","url":"https:\/\/www.robertzueblin.com\/fr\/","logo":{"@type":"ImageObject","inLanguage":"fr-FR","@id":"https:\/\/www.robertzueblin.com\/fr\/#\/schema\/logo\/image\/","url":"https:\/\/www.robertzueblin.com\/wp-content\/uploads\/cropped-cropped-logo-von-robert-zueblin.jpg","contentUrl":"https:\/\/www.robertzueblin.com\/wp-content\/uploads\/cropped-cropped-logo-von-robert-zueblin.jpg","width":440,"height":60,"caption":"ROBERT Z\u00dcBLIN"},"image":{"@id":"https:\/\/www.robertzueblin.com\/fr\/#\/schema\/logo\/image\/"}}]}},"_links":{"self":[{"href":"https:\/\/www.robertzueblin.com\/fr\/wp-json\/wp\/v2\/product\/44234","targetHints":{"allow":["GET"]}}],"collection":[{"href":"https:\/\/www.robertzueblin.com\/fr\/wp-json\/wp\/v2\/product"}],"about":[{"href":"https:\/\/www.robertzueblin.com\/fr\/wp-json\/wp\/v2\/types\/product"}],"wp:featuredmedia":[{"embeddable":true,"href":"https:\/\/www.robertzueblin.com\/fr\/wp-json\/wp\/v2\/media\/44240"}],"wp:attachment":[{"href":"https:\/\/www.robertzueblin.com\/fr\/wp-json\/wp\/v2\/media?parent=44234"}],"wp:term":[{"taxonomy":"product_brand","embeddable":true,"href":"https:\/\/www.robertzueblin.com\/fr\/wp-json\/wp\/v2\/product_brand?post=44234"},{"taxonomy":"product_cat","embeddable":true,"href":"https:\/\/www.robertzueblin.com\/fr\/wp-json\/wp\/v2\/product_cat?post=44234"},{"taxonomy":"product_tag","embeddable":true,"href":"https:\/\/www.robertzueblin.com\/fr\/wp-json\/wp\/v2\/product_tag?post=44234"}],"curies":[{"name":"wp","href":"https:\/\/api.w.org\/{rel}","templated":true}]}}