{"id":44118,"date":"2025-03-27T16:57:34","date_gmt":"2025-03-27T15:57:34","guid":{"rendered":"https:\/\/www.robertzueblin.com\/?post_type=product&#038;p=44118"},"modified":"2025-08-28T18:07:36","modified_gmt":"2025-08-28T16:07:36","slug":"francois-adolphe-grison-1845-%e2%80%a0-1914-theiere-peinture-a-lhuile","status":"publish","type":"product","link":"https:\/\/www.robertzueblin.com\/fr\/francois-adolphe-grison\/theiere-peinture-a-lhuile\/","title":{"rendered":"Fran\u00e7ois-Adolphe GRISON (* 1845 &#8211; \u2020 1914) &#8211; Th\u00e9i\u00e8re &#8211; Peinture \u00e0 l&rsquo;huile"},"content":{"rendered":"<p><span style=\"font-family: AkkoPro-BoldCondensed!important\">Type :<\/span> <a href=\"\/?post_format=peinture\">peinture<\/a><\/p>\n<p><span style=\"font-family: AkkoPro-BoldCondensed!important\">Peintre :<\/span> <a href=\"https:\/\/www.robertzueblin.com\/fr\/francois-adolphe-grison\/\">Fran\u00e7ois-Adolphe Grison<\/a> (* 1845 &#8211; \u2020 1914)<\/p>\n<p><span style=\"font-family: AkkoPro-BoldCondensed!important\">Objet :<\/span> <a href=\"https:\/\/www.robertzueblin.com\/fr\/peintures-a-l-huile\/\">peinture \u00e0 l&rsquo;huile<\/a><\/p>\n<p><span style=\"font-family: AkkoPro-BoldCondensed!important\">Mat\u00e9riau :<\/span> huile sur toile<\/p>\n<p><span style=\"font-family: AkkoPro-BoldCondensed!important\">Dimensions :<\/span> hauteur : 38,3 cm, largeur : 46,3 cm ; avec cadre : Hauteur : 47,9 cm, Largeur : 55,8 cm<\/p>\n<p><span style=\"font-family: AkkoPro-BoldCondensed!important\">P\u00e9riode de production :<\/span> fin 19e si\u00e8cle\/d\u00e9but 20e si\u00e8cle<\/p>\n<p><span style=\"font-family: AkkoPro-BoldCondensed!important\">\u00c9tat :<\/span> Le tableau a deux bosses, abrasion partielle de la peinture et une petite d\u00e9chirure ; le cadre a plusieurs \u00e9cailles<\/p>\n<p><span style=\"font-family: AkkoPro-BoldCondensed!important\">Signature:<\/span> Grison<\/p>\n<p><span style=\"font-family: AkkoPro-BoldCondensed!important\">D\u00e9tails:<\/span><br \/>\nFran\u00e7ois-Adolphe Grison \u00e9tait un peintre fran\u00e7ais sp\u00e9cialis\u00e9 dans les sc\u00e8nes de m\u0153urs, install\u00e9 \u00e0 Gen\u00e8ve. Il \u00e9tait fascin\u00e9 par les sc\u00e8nes quotidiennes qui transportent vers des moments presque al\u00e9atoires de la vie et reproduisent des \u00e9motions universelles. Il a \u00e9galement d\u00e9velopp\u00e9 le portrait et les natures mortes, dont vous pouvez acqu\u00e9rir un exemple ici.<\/p>\n","protected":false},"excerpt":{"rendered":"<p>Type : peinture Peintre : Fran\u00e7ois-Adolphe Grison (* 1845 &#8211; \u2020 1914) Objet : peinture \u00e0 l&rsquo;huile Mat\u00e9riau : huile sur toile Dimensions : hauteur : 38,3 cm, largeur : 46,3 cm ; avec cadre : Hauteur : 47,9 cm, Largeur : 55,8 cm P\u00e9riode de production : fin 19e si\u00e8cle\/d\u00e9but 20e si\u00e8cle \u00c9tat : [&hellip;]<\/p>\n","protected":false},"featured_media":44126,"template":"","meta":[],"product_brand":[],"product_cat":[776,754,496],"product_tag":[],"class_list":{"0":"post-44118","1":"product","2":"type-product","3":"status-publish","4":"has-post-thumbnail","6":"product_cat-peinture","7":"product_cat-francois-adolphe-grison","8":"product_cat-peintures-a-l-huile","10":"first","11":"instock","12":"sold-individually","13":"shipping-taxable","14":"purchasable","15":"product-type-simple"},"yoast_head":"<!-- This site is optimized with the Yoast SEO plugin v27.5 - https:\/\/yoast.com\/product\/yoast-seo-wordpress\/ -->\n<title>Fran\u00e7ois-Adolphe GRISON - Th\u00e9i\u00e8re - Peinture \u00e0 l&#039;huile<\/title>\n<meta name=\"description\" content=\"Peinture \u00e0 l&#039;huile de nature morte avec une th\u00e9i\u00e8re par le peintre fran\u00e7ais Fran\u00e7ois-Adolphe Grison, qui \u00e9migr\u00e9 \u00e0 Gen\u00e8ve et devenu un artiste ind\u00e9pendant.\" \/>\n<meta name=\"robots\" content=\"index, follow, max-snippet:-1, max-image-preview:large, max-video-preview:-1\" \/>\n<link rel=\"canonical\" href=\"https:\/\/www.robertzueblin.com\/fr\/francois-adolphe-grison\/theiere-peinture-a-lhuile\/\" \/>\n<meta property=\"og:locale\" content=\"fr_FR\" \/>\n<meta property=\"og:type\" content=\"article\" \/>\n<meta property=\"og:title\" content=\"Fran\u00e7ois-Adolphe GRISON - Th\u00e9i\u00e8re - Peinture \u00e0 l&#039;huile\" \/>\n<meta property=\"og:description\" content=\"Peinture \u00e0 l&#039;huile de nature morte avec une th\u00e9i\u00e8re par le peintre fran\u00e7ais Fran\u00e7ois-Adolphe Grison, qui \u00e9migr\u00e9 \u00e0 Gen\u00e8ve et devenu un artiste ind\u00e9pendant.\" \/>\n<meta property=\"og:url\" content=\"https:\/\/www.robertzueblin.com\/fr\/francois-adolphe-grison\/theiere-peinture-a-lhuile\/\" \/>\n<meta property=\"og:site_name\" content=\"ROBERT Z\u00dcBLIN\" \/>\n<meta property=\"article:modified_time\" content=\"2025-08-28T16:07:36+00:00\" \/>\n<meta property=\"og:image\" content=\"https:\/\/www.robertzueblin.com\/wp-content\/uploads\/francois-adolphe-grison-peinture-huile-theiere-photo-couverture.jpg\" \/>\n\t<meta property=\"og:image:width\" content=\"1000\" \/>\n\t<meta property=\"og:image:height\" content=\"851\" \/>\n\t<meta property=\"og:image:type\" content=\"image\/jpeg\" \/>\n<meta name=\"twitter:card\" content=\"summary_large_image\" \/>\n<script type=\"application\/ld+json\" class=\"yoast-schema-graph\">{\"@context\":\"https:\\\/\\\/schema.org\",\"@graph\":[{\"@type\":\"WebPage\",\"@id\":\"https:\\\/\\\/www.robertzueblin.com\\\/fr\\\/francois-adolphe-grison\\\/theiere-peinture-a-lhuile\\\/\",\"url\":\"https:\\\/\\\/www.robertzueblin.com\\\/fr\\\/francois-adolphe-grison\\\/theiere-peinture-a-lhuile\\\/\",\"name\":\"Fran\u00e7ois-Adolphe GRISON - Th\u00e9i\u00e8re - Peinture \u00e0 l'huile\",\"isPartOf\":{\"@id\":\"https:\\\/\\\/www.robertzueblin.com\\\/fr\\\/#website\"},\"primaryImageOfPage\":{\"@id\":\"https:\\\/\\\/www.robertzueblin.com\\\/fr\\\/francois-adolphe-grison\\\/theiere-peinture-a-lhuile\\\/#primaryimage\"},\"image\":{\"@id\":\"https:\\\/\\\/www.robertzueblin.com\\\/fr\\\/francois-adolphe-grison\\\/theiere-peinture-a-lhuile\\\/#primaryimage\"},\"thumbnailUrl\":\"https:\\\/\\\/www.robertzueblin.com\\\/wp-content\\\/uploads\\\/francois-adolphe-grison-peinture-huile-theiere-photo-couverture.jpg\",\"datePublished\":\"2025-03-27T15:57:34+00:00\",\"dateModified\":\"2025-08-28T16:07:36+00:00\",\"description\":\"Peinture \u00e0 l'huile de nature morte avec une th\u00e9i\u00e8re par le peintre fran\u00e7ais Fran\u00e7ois-Adolphe Grison, qui \u00e9migr\u00e9 \u00e0 Gen\u00e8ve et devenu un artiste ind\u00e9pendant.\",\"breadcrumb\":{\"@id\":\"https:\\\/\\\/www.robertzueblin.com\\\/fr\\\/francois-adolphe-grison\\\/theiere-peinture-a-lhuile\\\/#breadcrumb\"},\"inLanguage\":\"fr-FR\",\"potentialAction\":[{\"@type\":\"ReadAction\",\"target\":[\"https:\\\/\\\/www.robertzueblin.com\\\/fr\\\/francois-adolphe-grison\\\/theiere-peinture-a-lhuile\\\/\"]}]},{\"@type\":\"ImageObject\",\"inLanguage\":\"fr-FR\",\"@id\":\"https:\\\/\\\/www.robertzueblin.com\\\/fr\\\/francois-adolphe-grison\\\/theiere-peinture-a-lhuile\\\/#primaryimage\",\"url\":\"https:\\\/\\\/www.robertzueblin.com\\\/wp-content\\\/uploads\\\/francois-adolphe-grison-peinture-huile-theiere-photo-couverture.jpg\",\"contentUrl\":\"https:\\\/\\\/www.robertzueblin.com\\\/wp-content\\\/uploads\\\/francois-adolphe-grison-peinture-huile-theiere-photo-couverture.jpg\",\"width\":1000,\"height\":851},{\"@type\":\"BreadcrumbList\",\"@id\":\"https:\\\/\\\/www.robertzueblin.com\\\/fr\\\/francois-adolphe-grison\\\/theiere-peinture-a-lhuile\\\/#breadcrumb\",\"itemListElement\":[{\"@type\":\"ListItem\",\"position\":1,\"name\":\"Startseite\",\"item\":\"https:\\\/\\\/www.robertzueblin.com\\\/fr\\\/\"},{\"@type\":\"ListItem\",\"position\":2,\"name\":\"Galerie d&#8217;art en ligne (boutique en ligne)\",\"item\":\"https:\\\/\\\/www.robertzueblin.com\\\/fr\\\/galerie-d-art-en-ligne\\\/\"},{\"@type\":\"ListItem\",\"position\":3,\"name\":\"Fran\u00e7ois-Adolphe GRISON (* 1845 &#8211; \u2020 1914) &#8211; Th\u00e9i\u00e8re &#8211; Peinture \u00e0 l&#8217;huile\"}]},{\"@type\":\"WebSite\",\"@id\":\"https:\\\/\\\/www.robertzueblin.com\\\/fr\\\/#website\",\"url\":\"https:\\\/\\\/www.robertzueblin.com\\\/fr\\\/\",\"name\":\"ROBERT Z\u00dcBLIN\",\"description\":\"\",\"publisher\":{\"@id\":\"https:\\\/\\\/www.robertzueblin.com\\\/fr\\\/#organization\"},\"potentialAction\":[{\"@type\":\"SearchAction\",\"target\":{\"@type\":\"EntryPoint\",\"urlTemplate\":\"https:\\\/\\\/www.robertzueblin.com\\\/fr\\\/?s={search_term_string}\"},\"query-input\":{\"@type\":\"PropertyValueSpecification\",\"valueRequired\":true,\"valueName\":\"search_term_string\"}}],\"inLanguage\":\"fr-FR\"},{\"@type\":\"Organization\",\"@id\":\"https:\\\/\\\/www.robertzueblin.com\\\/fr\\\/#organization\",\"name\":\"ROBERT Z\u00dcBLIN\",\"url\":\"https:\\\/\\\/www.robertzueblin.com\\\/fr\\\/\",\"logo\":{\"@type\":\"ImageObject\",\"inLanguage\":\"fr-FR\",\"@id\":\"https:\\\/\\\/www.robertzueblin.com\\\/fr\\\/#\\\/schema\\\/logo\\\/image\\\/\",\"url\":\"https:\\\/\\\/www.robertzueblin.com\\\/wp-content\\\/uploads\\\/cropped-cropped-logo-von-robert-zueblin.jpg\",\"contentUrl\":\"https:\\\/\\\/www.robertzueblin.com\\\/wp-content\\\/uploads\\\/cropped-cropped-logo-von-robert-zueblin.jpg\",\"width\":440,\"height\":60,\"caption\":\"ROBERT Z\u00dcBLIN\"},\"image\":{\"@id\":\"https:\\\/\\\/www.robertzueblin.com\\\/fr\\\/#\\\/schema\\\/logo\\\/image\\\/\"}}]}<\/script>\n<!-- \/ Yoast SEO plugin. -->","yoast_head_json":{"title":"Fran\u00e7ois-Adolphe GRISON - Th\u00e9i\u00e8re - Peinture \u00e0 l'huile","description":"Peinture \u00e0 l'huile de nature morte avec une th\u00e9i\u00e8re par le peintre fran\u00e7ais Fran\u00e7ois-Adolphe Grison, qui \u00e9migr\u00e9 \u00e0 Gen\u00e8ve et devenu un artiste ind\u00e9pendant.","robots":{"index":"index","follow":"follow","max-snippet":"max-snippet:-1","max-image-preview":"max-image-preview:large","max-video-preview":"max-video-preview:-1"},"canonical":"https:\/\/www.robertzueblin.com\/fr\/francois-adolphe-grison\/theiere-peinture-a-lhuile\/","og_locale":"fr_FR","og_type":"article","og_title":"Fran\u00e7ois-Adolphe GRISON - Th\u00e9i\u00e8re - Peinture \u00e0 l'huile","og_description":"Peinture \u00e0 l'huile de nature morte avec une th\u00e9i\u00e8re par le peintre fran\u00e7ais Fran\u00e7ois-Adolphe Grison, qui \u00e9migr\u00e9 \u00e0 Gen\u00e8ve et devenu un artiste ind\u00e9pendant.","og_url":"https:\/\/www.robertzueblin.com\/fr\/francois-adolphe-grison\/theiere-peinture-a-lhuile\/","og_site_name":"ROBERT Z\u00dcBLIN","article_modified_time":"2025-08-28T16:07:36+00:00","og_image":[{"width":1000,"height":851,"url":"https:\/\/www.robertzueblin.com\/wp-content\/uploads\/francois-adolphe-grison-peinture-huile-theiere-photo-couverture.jpg","type":"image\/jpeg"}],"twitter_card":"summary_large_image","schema":{"@context":"https:\/\/schema.org","@graph":[{"@type":"WebPage","@id":"https:\/\/www.robertzueblin.com\/fr\/francois-adolphe-grison\/theiere-peinture-a-lhuile\/","url":"https:\/\/www.robertzueblin.com\/fr\/francois-adolphe-grison\/theiere-peinture-a-lhuile\/","name":"Fran\u00e7ois-Adolphe GRISON - Th\u00e9i\u00e8re - Peinture \u00e0 l'huile","isPartOf":{"@id":"https:\/\/www.robertzueblin.com\/fr\/#website"},"primaryImageOfPage":{"@id":"https:\/\/www.robertzueblin.com\/fr\/francois-adolphe-grison\/theiere-peinture-a-lhuile\/#primaryimage"},"image":{"@id":"https:\/\/www.robertzueblin.com\/fr\/francois-adolphe-grison\/theiere-peinture-a-lhuile\/#primaryimage"},"thumbnailUrl":"https:\/\/www.robertzueblin.com\/wp-content\/uploads\/francois-adolphe-grison-peinture-huile-theiere-photo-couverture.jpg","datePublished":"2025-03-27T15:57:34+00:00","dateModified":"2025-08-28T16:07:36+00:00","description":"Peinture \u00e0 l'huile de nature morte avec une th\u00e9i\u00e8re par le peintre fran\u00e7ais Fran\u00e7ois-Adolphe Grison, qui \u00e9migr\u00e9 \u00e0 Gen\u00e8ve et devenu un artiste ind\u00e9pendant.","breadcrumb":{"@id":"https:\/\/www.robertzueblin.com\/fr\/francois-adolphe-grison\/theiere-peinture-a-lhuile\/#breadcrumb"},"inLanguage":"fr-FR","potentialAction":[{"@type":"ReadAction","target":["https:\/\/www.robertzueblin.com\/fr\/francois-adolphe-grison\/theiere-peinture-a-lhuile\/"]}]},{"@type":"ImageObject","inLanguage":"fr-FR","@id":"https:\/\/www.robertzueblin.com\/fr\/francois-adolphe-grison\/theiere-peinture-a-lhuile\/#primaryimage","url":"https:\/\/www.robertzueblin.com\/wp-content\/uploads\/francois-adolphe-grison-peinture-huile-theiere-photo-couverture.jpg","contentUrl":"https:\/\/www.robertzueblin.com\/wp-content\/uploads\/francois-adolphe-grison-peinture-huile-theiere-photo-couverture.jpg","width":1000,"height":851},{"@type":"BreadcrumbList","@id":"https:\/\/www.robertzueblin.com\/fr\/francois-adolphe-grison\/theiere-peinture-a-lhuile\/#breadcrumb","itemListElement":[{"@type":"ListItem","position":1,"name":"Startseite","item":"https:\/\/www.robertzueblin.com\/fr\/"},{"@type":"ListItem","position":2,"name":"Galerie d&#8217;art en ligne (boutique en ligne)","item":"https:\/\/www.robertzueblin.com\/fr\/galerie-d-art-en-ligne\/"},{"@type":"ListItem","position":3,"name":"Fran\u00e7ois-Adolphe GRISON (* 1845 &#8211; \u2020 1914) &#8211; Th\u00e9i\u00e8re &#8211; Peinture \u00e0 l&#8217;huile"}]},{"@type":"WebSite","@id":"https:\/\/www.robertzueblin.com\/fr\/#website","url":"https:\/\/www.robertzueblin.com\/fr\/","name":"ROBERT Z\u00dcBLIN","description":"","publisher":{"@id":"https:\/\/www.robertzueblin.com\/fr\/#organization"},"potentialAction":[{"@type":"SearchAction","target":{"@type":"EntryPoint","urlTemplate":"https:\/\/www.robertzueblin.com\/fr\/?s={search_term_string}"},"query-input":{"@type":"PropertyValueSpecification","valueRequired":true,"valueName":"search_term_string"}}],"inLanguage":"fr-FR"},{"@type":"Organization","@id":"https:\/\/www.robertzueblin.com\/fr\/#organization","name":"ROBERT Z\u00dcBLIN","url":"https:\/\/www.robertzueblin.com\/fr\/","logo":{"@type":"ImageObject","inLanguage":"fr-FR","@id":"https:\/\/www.robertzueblin.com\/fr\/#\/schema\/logo\/image\/","url":"https:\/\/www.robertzueblin.com\/wp-content\/uploads\/cropped-cropped-logo-von-robert-zueblin.jpg","contentUrl":"https:\/\/www.robertzueblin.com\/wp-content\/uploads\/cropped-cropped-logo-von-robert-zueblin.jpg","width":440,"height":60,"caption":"ROBERT Z\u00dcBLIN"},"image":{"@id":"https:\/\/www.robertzueblin.com\/fr\/#\/schema\/logo\/image\/"}}]}},"_links":{"self":[{"href":"https:\/\/www.robertzueblin.com\/fr\/wp-json\/wp\/v2\/product\/44118","targetHints":{"allow":["GET"]}}],"collection":[{"href":"https:\/\/www.robertzueblin.com\/fr\/wp-json\/wp\/v2\/product"}],"about":[{"href":"https:\/\/www.robertzueblin.com\/fr\/wp-json\/wp\/v2\/types\/product"}],"wp:featuredmedia":[{"embeddable":true,"href":"https:\/\/www.robertzueblin.com\/fr\/wp-json\/wp\/v2\/media\/44126"}],"wp:attachment":[{"href":"https:\/\/www.robertzueblin.com\/fr\/wp-json\/wp\/v2\/media?parent=44118"}],"wp:term":[{"taxonomy":"product_brand","embeddable":true,"href":"https:\/\/www.robertzueblin.com\/fr\/wp-json\/wp\/v2\/product_brand?post=44118"},{"taxonomy":"product_cat","embeddable":true,"href":"https:\/\/www.robertzueblin.com\/fr\/wp-json\/wp\/v2\/product_cat?post=44118"},{"taxonomy":"product_tag","embeddable":true,"href":"https:\/\/www.robertzueblin.com\/fr\/wp-json\/wp\/v2\/product_tag?post=44118"}],"curies":[{"name":"wp","href":"https:\/\/api.w.org\/{rel}","templated":true}]}}