{"id":43116,"date":"2025-02-02T20:24:42","date_gmt":"2025-02-02T19:37:16","guid":{"rendered":"https:\/\/www.robertzueblin.com\/?post_type=product&#038;p=43116"},"modified":"2025-06-09T18:55:27","modified_gmt":"2025-06-09T16:55:27","slug":"louis-curtat-1869-%e2%80%a0-1944-route-du-col-des-montets-et-aiguille-verte-aquarelle","status":"publish","type":"product","link":"https:\/\/www.robertzueblin.com\/fr\/louis-curtat\/route-du-col-des-montets-et-aiguille-verte-aquarelle\/","title":{"rendered":"Louis CURTAT (* 1869, \u2020 1944) &#8211; Route du Col des Montets et Aiguille Verte &#8211; Aquarelle"},"content":{"rendered":"<p><span style=\"font-family: AkkoPro-BoldCondensed!important\">Type :<\/span> <a href=\"https:\/\/www.robertzueblin.com\/fr\/type\/peinture\/\">peinture<\/a><\/p>\n<p><span style=\"font-family: AkkoPro-BoldCondensed!important\">Peintre :<\/span> <a href=\"https:\/\/www.robertzueblin.com\/fr\/louis-curtat\/\">Louis CURTAT<\/a> (* 1869, \u2020 1944)<\/p>\n<p><span style=\"font-family: AkkoPro-BoldCondensed!important\">Objet :<\/span> Aquarelle<\/p>\n<p><span style=\"font-family: AkkoPro-BoldCondensed!important\">Mat\u00e9riau :<\/span> aquarelle sur papier<\/p>\n<p><span style=\"font-family: AkkoPro-BoldCondensed!important\">Dimensions :<\/span>  hauteur : 9 cm, largeur : 14 cm<\/p>\n<p><span style=\"font-family: AkkoPro-BoldCondensed!important\">P\u00e9riode de production :<\/span> fin du 19e si\u00e8cle\/premi\u00e8re moiti\u00e9 du 20e si\u00e8cle<\/p>\n<p><span style=\"font-family: AkkoPro-BoldCondensed!important\">\u00c9tat :<\/span> bon<\/p>\n<p><span style=\"font-family: AkkoPro-BoldCondensed!important\">Signature:<\/span> LC<\/p>\n","protected":false},"excerpt":{"rendered":"<p>Type : peinture Peintre : Louis CURTAT (* 1869, \u2020 1944) Objet : Aquarelle Mat\u00e9riau : aquarelle sur papier Dimensions : hauteur : 9 cm, largeur : 14 cm P\u00e9riode de production : fin du 19e si\u00e8cle\/premi\u00e8re moiti\u00e9 du 20e si\u00e8cle \u00c9tat : bon Signature: LC<\/p>\n","protected":false},"featured_media":43121,"template":"","meta":[],"product_brand":[],"product_cat":[776,739],"product_tag":[],"class_list":{"0":"post-43116","1":"product","2":"type-product","3":"status-publish","4":"has-post-thumbnail","6":"product_cat-peinture","7":"product_cat-louis-curtat","9":"first","10":"instock","11":"sold-individually","12":"shipping-taxable","13":"purchasable","14":"product-type-simple"},"yoast_head":"<!-- This site is optimized with the Yoast SEO plugin v27.4 - https:\/\/yoast.com\/product\/yoast-seo-wordpress\/ -->\n<title>Louis CURTAT - Route du Col des Montets et Aiguille Verte<\/title>\n<meta name=\"description\" content=\"Aquarelle du peintre suisse Louis Curtat intitul\u00e9e &#039;Route du Col des Montets et Aiguille Verte&#039; (fin 19e si\u00e8cle\/premi\u00e8re moiti\u00e9 20e si\u00e8cle).\" \/>\n<meta name=\"robots\" content=\"index, follow, max-snippet:-1, max-image-preview:large, max-video-preview:-1\" \/>\n<link rel=\"canonical\" href=\"https:\/\/www.robertzueblin.com\/fr\/louis-curtat\/route-du-col-des-montets-et-aiguille-verte-aquarelle\/\" \/>\n<meta property=\"og:locale\" content=\"fr_FR\" \/>\n<meta property=\"og:type\" content=\"article\" \/>\n<meta property=\"og:title\" content=\"Louis CURTAT - Route du Col des Montets et Aiguille Verte\" \/>\n<meta property=\"og:description\" content=\"Aquarelle du peintre suisse Louis Curtat intitul\u00e9e &#039;Route du Col des Montets et Aiguille Verte&#039; (fin 19e si\u00e8cle\/premi\u00e8re moiti\u00e9 20e si\u00e8cle).\" \/>\n<meta property=\"og:url\" content=\"https:\/\/www.robertzueblin.com\/fr\/louis-curtat\/route-du-col-des-montets-et-aiguille-verte-aquarelle\/\" \/>\n<meta property=\"og:site_name\" content=\"ROBERT Z\u00dcBLIN\" \/>\n<meta property=\"article:modified_time\" content=\"2025-06-09T16:55:27+00:00\" \/>\n<meta property=\"og:image\" content=\"https:\/\/www.robertzueblin.com\/wp-content\/uploads\/louis-curtat-aquarelle-route-col-montets-aiguille-verte-photo-couverture.jpg\" \/>\n\t<meta property=\"og:image:width\" content=\"1200\" \/>\n\t<meta property=\"og:image:height\" content=\"780\" \/>\n\t<meta property=\"og:image:type\" content=\"image\/jpeg\" \/>\n<meta name=\"twitter:card\" content=\"summary_large_image\" \/>\n<script type=\"application\/ld+json\" class=\"yoast-schema-graph\">{\"@context\":\"https:\\\/\\\/schema.org\",\"@graph\":[{\"@type\":\"WebPage\",\"@id\":\"https:\\\/\\\/www.robertzueblin.com\\\/fr\\\/louis-curtat\\\/route-du-col-des-montets-et-aiguille-verte-aquarelle\\\/\",\"url\":\"https:\\\/\\\/www.robertzueblin.com\\\/fr\\\/louis-curtat\\\/route-du-col-des-montets-et-aiguille-verte-aquarelle\\\/\",\"name\":\"Louis CURTAT - Route du Col des Montets et Aiguille Verte\",\"isPartOf\":{\"@id\":\"https:\\\/\\\/www.robertzueblin.com\\\/fr\\\/#website\"},\"primaryImageOfPage\":{\"@id\":\"https:\\\/\\\/www.robertzueblin.com\\\/fr\\\/louis-curtat\\\/route-du-col-des-montets-et-aiguille-verte-aquarelle\\\/#primaryimage\"},\"image\":{\"@id\":\"https:\\\/\\\/www.robertzueblin.com\\\/fr\\\/louis-curtat\\\/route-du-col-des-montets-et-aiguille-verte-aquarelle\\\/#primaryimage\"},\"thumbnailUrl\":\"https:\\\/\\\/www.robertzueblin.com\\\/wp-content\\\/uploads\\\/louis-curtat-aquarelle-route-col-montets-aiguille-verte-photo-couverture.jpg\",\"datePublished\":\"2025-02-02T19:37:16+00:00\",\"dateModified\":\"2025-06-09T16:55:27+00:00\",\"description\":\"Aquarelle du peintre suisse Louis Curtat intitul\u00e9e 'Route du Col des Montets et Aiguille Verte' (fin 19e si\u00e8cle\\\/premi\u00e8re moiti\u00e9 20e si\u00e8cle).\",\"breadcrumb\":{\"@id\":\"https:\\\/\\\/www.robertzueblin.com\\\/fr\\\/louis-curtat\\\/route-du-col-des-montets-et-aiguille-verte-aquarelle\\\/#breadcrumb\"},\"inLanguage\":\"fr-FR\",\"potentialAction\":[{\"@type\":\"ReadAction\",\"target\":[\"https:\\\/\\\/www.robertzueblin.com\\\/fr\\\/louis-curtat\\\/route-du-col-des-montets-et-aiguille-verte-aquarelle\\\/\"]}]},{\"@type\":\"ImageObject\",\"inLanguage\":\"fr-FR\",\"@id\":\"https:\\\/\\\/www.robertzueblin.com\\\/fr\\\/louis-curtat\\\/route-du-col-des-montets-et-aiguille-verte-aquarelle\\\/#primaryimage\",\"url\":\"https:\\\/\\\/www.robertzueblin.com\\\/wp-content\\\/uploads\\\/louis-curtat-aquarelle-route-col-montets-aiguille-verte-photo-couverture.jpg\",\"contentUrl\":\"https:\\\/\\\/www.robertzueblin.com\\\/wp-content\\\/uploads\\\/louis-curtat-aquarelle-route-col-montets-aiguille-verte-photo-couverture.jpg\",\"width\":1200,\"height\":780},{\"@type\":\"BreadcrumbList\",\"@id\":\"https:\\\/\\\/www.robertzueblin.com\\\/fr\\\/louis-curtat\\\/route-du-col-des-montets-et-aiguille-verte-aquarelle\\\/#breadcrumb\",\"itemListElement\":[{\"@type\":\"ListItem\",\"position\":1,\"name\":\"Startseite\",\"item\":\"https:\\\/\\\/www.robertzueblin.com\\\/fr\\\/\"},{\"@type\":\"ListItem\",\"position\":2,\"name\":\"Galerie d&#8217;art en ligne (boutique en ligne)\",\"item\":\"https:\\\/\\\/www.robertzueblin.com\\\/fr\\\/galerie-d-art-en-ligne\\\/\"},{\"@type\":\"ListItem\",\"position\":3,\"name\":\"Louis CURTAT (* 1869, \u2020 1944) &#8211; Route du Col des Montets et Aiguille Verte &#8211; Aquarelle\"}]},{\"@type\":\"WebSite\",\"@id\":\"https:\\\/\\\/www.robertzueblin.com\\\/fr\\\/#website\",\"url\":\"https:\\\/\\\/www.robertzueblin.com\\\/fr\\\/\",\"name\":\"ROBERT Z\u00dcBLIN\",\"description\":\"\",\"publisher\":{\"@id\":\"https:\\\/\\\/www.robertzueblin.com\\\/fr\\\/#organization\"},\"potentialAction\":[{\"@type\":\"SearchAction\",\"target\":{\"@type\":\"EntryPoint\",\"urlTemplate\":\"https:\\\/\\\/www.robertzueblin.com\\\/fr\\\/?s={search_term_string}\"},\"query-input\":{\"@type\":\"PropertyValueSpecification\",\"valueRequired\":true,\"valueName\":\"search_term_string\"}}],\"inLanguage\":\"fr-FR\"},{\"@type\":\"Organization\",\"@id\":\"https:\\\/\\\/www.robertzueblin.com\\\/fr\\\/#organization\",\"name\":\"ROBERT Z\u00dcBLIN\",\"url\":\"https:\\\/\\\/www.robertzueblin.com\\\/fr\\\/\",\"logo\":{\"@type\":\"ImageObject\",\"inLanguage\":\"fr-FR\",\"@id\":\"https:\\\/\\\/www.robertzueblin.com\\\/fr\\\/#\\\/schema\\\/logo\\\/image\\\/\",\"url\":\"https:\\\/\\\/www.robertzueblin.com\\\/wp-content\\\/uploads\\\/cropped-cropped-logo-von-robert-zueblin.jpg\",\"contentUrl\":\"https:\\\/\\\/www.robertzueblin.com\\\/wp-content\\\/uploads\\\/cropped-cropped-logo-von-robert-zueblin.jpg\",\"width\":440,\"height\":60,\"caption\":\"ROBERT Z\u00dcBLIN\"},\"image\":{\"@id\":\"https:\\\/\\\/www.robertzueblin.com\\\/fr\\\/#\\\/schema\\\/logo\\\/image\\\/\"}}]}<\/script>\n<!-- \/ Yoast SEO plugin. -->","yoast_head_json":{"title":"Louis CURTAT - Route du Col des Montets et Aiguille Verte","description":"Aquarelle du peintre suisse Louis Curtat intitul\u00e9e 'Route du Col des Montets et Aiguille Verte' (fin 19e si\u00e8cle\/premi\u00e8re moiti\u00e9 20e si\u00e8cle).","robots":{"index":"index","follow":"follow","max-snippet":"max-snippet:-1","max-image-preview":"max-image-preview:large","max-video-preview":"max-video-preview:-1"},"canonical":"https:\/\/www.robertzueblin.com\/fr\/louis-curtat\/route-du-col-des-montets-et-aiguille-verte-aquarelle\/","og_locale":"fr_FR","og_type":"article","og_title":"Louis CURTAT - Route du Col des Montets et Aiguille Verte","og_description":"Aquarelle du peintre suisse Louis Curtat intitul\u00e9e 'Route du Col des Montets et Aiguille Verte' (fin 19e si\u00e8cle\/premi\u00e8re moiti\u00e9 20e si\u00e8cle).","og_url":"https:\/\/www.robertzueblin.com\/fr\/louis-curtat\/route-du-col-des-montets-et-aiguille-verte-aquarelle\/","og_site_name":"ROBERT Z\u00dcBLIN","article_modified_time":"2025-06-09T16:55:27+00:00","og_image":[{"width":1200,"height":780,"url":"https:\/\/www.robertzueblin.com\/wp-content\/uploads\/louis-curtat-aquarelle-route-col-montets-aiguille-verte-photo-couverture.jpg","type":"image\/jpeg"}],"twitter_card":"summary_large_image","schema":{"@context":"https:\/\/schema.org","@graph":[{"@type":"WebPage","@id":"https:\/\/www.robertzueblin.com\/fr\/louis-curtat\/route-du-col-des-montets-et-aiguille-verte-aquarelle\/","url":"https:\/\/www.robertzueblin.com\/fr\/louis-curtat\/route-du-col-des-montets-et-aiguille-verte-aquarelle\/","name":"Louis CURTAT - Route du Col des Montets et Aiguille Verte","isPartOf":{"@id":"https:\/\/www.robertzueblin.com\/fr\/#website"},"primaryImageOfPage":{"@id":"https:\/\/www.robertzueblin.com\/fr\/louis-curtat\/route-du-col-des-montets-et-aiguille-verte-aquarelle\/#primaryimage"},"image":{"@id":"https:\/\/www.robertzueblin.com\/fr\/louis-curtat\/route-du-col-des-montets-et-aiguille-verte-aquarelle\/#primaryimage"},"thumbnailUrl":"https:\/\/www.robertzueblin.com\/wp-content\/uploads\/louis-curtat-aquarelle-route-col-montets-aiguille-verte-photo-couverture.jpg","datePublished":"2025-02-02T19:37:16+00:00","dateModified":"2025-06-09T16:55:27+00:00","description":"Aquarelle du peintre suisse Louis Curtat intitul\u00e9e 'Route du Col des Montets et Aiguille Verte' (fin 19e si\u00e8cle\/premi\u00e8re moiti\u00e9 20e si\u00e8cle).","breadcrumb":{"@id":"https:\/\/www.robertzueblin.com\/fr\/louis-curtat\/route-du-col-des-montets-et-aiguille-verte-aquarelle\/#breadcrumb"},"inLanguage":"fr-FR","potentialAction":[{"@type":"ReadAction","target":["https:\/\/www.robertzueblin.com\/fr\/louis-curtat\/route-du-col-des-montets-et-aiguille-verte-aquarelle\/"]}]},{"@type":"ImageObject","inLanguage":"fr-FR","@id":"https:\/\/www.robertzueblin.com\/fr\/louis-curtat\/route-du-col-des-montets-et-aiguille-verte-aquarelle\/#primaryimage","url":"https:\/\/www.robertzueblin.com\/wp-content\/uploads\/louis-curtat-aquarelle-route-col-montets-aiguille-verte-photo-couverture.jpg","contentUrl":"https:\/\/www.robertzueblin.com\/wp-content\/uploads\/louis-curtat-aquarelle-route-col-montets-aiguille-verte-photo-couverture.jpg","width":1200,"height":780},{"@type":"BreadcrumbList","@id":"https:\/\/www.robertzueblin.com\/fr\/louis-curtat\/route-du-col-des-montets-et-aiguille-verte-aquarelle\/#breadcrumb","itemListElement":[{"@type":"ListItem","position":1,"name":"Startseite","item":"https:\/\/www.robertzueblin.com\/fr\/"},{"@type":"ListItem","position":2,"name":"Galerie d&#8217;art en ligne (boutique en ligne)","item":"https:\/\/www.robertzueblin.com\/fr\/galerie-d-art-en-ligne\/"},{"@type":"ListItem","position":3,"name":"Louis CURTAT (* 1869, \u2020 1944) &#8211; Route du Col des Montets et Aiguille Verte &#8211; Aquarelle"}]},{"@type":"WebSite","@id":"https:\/\/www.robertzueblin.com\/fr\/#website","url":"https:\/\/www.robertzueblin.com\/fr\/","name":"ROBERT Z\u00dcBLIN","description":"","publisher":{"@id":"https:\/\/www.robertzueblin.com\/fr\/#organization"},"potentialAction":[{"@type":"SearchAction","target":{"@type":"EntryPoint","urlTemplate":"https:\/\/www.robertzueblin.com\/fr\/?s={search_term_string}"},"query-input":{"@type":"PropertyValueSpecification","valueRequired":true,"valueName":"search_term_string"}}],"inLanguage":"fr-FR"},{"@type":"Organization","@id":"https:\/\/www.robertzueblin.com\/fr\/#organization","name":"ROBERT Z\u00dcBLIN","url":"https:\/\/www.robertzueblin.com\/fr\/","logo":{"@type":"ImageObject","inLanguage":"fr-FR","@id":"https:\/\/www.robertzueblin.com\/fr\/#\/schema\/logo\/image\/","url":"https:\/\/www.robertzueblin.com\/wp-content\/uploads\/cropped-cropped-logo-von-robert-zueblin.jpg","contentUrl":"https:\/\/www.robertzueblin.com\/wp-content\/uploads\/cropped-cropped-logo-von-robert-zueblin.jpg","width":440,"height":60,"caption":"ROBERT Z\u00dcBLIN"},"image":{"@id":"https:\/\/www.robertzueblin.com\/fr\/#\/schema\/logo\/image\/"}}]}},"_links":{"self":[{"href":"https:\/\/www.robertzueblin.com\/fr\/wp-json\/wp\/v2\/product\/43116","targetHints":{"allow":["GET"]}}],"collection":[{"href":"https:\/\/www.robertzueblin.com\/fr\/wp-json\/wp\/v2\/product"}],"about":[{"href":"https:\/\/www.robertzueblin.com\/fr\/wp-json\/wp\/v2\/types\/product"}],"wp:featuredmedia":[{"embeddable":true,"href":"https:\/\/www.robertzueblin.com\/fr\/wp-json\/wp\/v2\/media\/43121"}],"wp:attachment":[{"href":"https:\/\/www.robertzueblin.com\/fr\/wp-json\/wp\/v2\/media?parent=43116"}],"wp:term":[{"taxonomy":"product_brand","embeddable":true,"href":"https:\/\/www.robertzueblin.com\/fr\/wp-json\/wp\/v2\/product_brand?post=43116"},{"taxonomy":"product_cat","embeddable":true,"href":"https:\/\/www.robertzueblin.com\/fr\/wp-json\/wp\/v2\/product_cat?post=43116"},{"taxonomy":"product_tag","embeddable":true,"href":"https:\/\/www.robertzueblin.com\/fr\/wp-json\/wp\/v2\/product_tag?post=43116"}],"curies":[{"name":"wp","href":"https:\/\/api.w.org\/{rel}","templated":true}]}}