{"id":42723,"date":"2025-01-11T19:01:39","date_gmt":"2025-01-11T19:57:55","guid":{"rendered":"https:\/\/www.robertzueblin.com\/?post_type=product&#038;p=42723"},"modified":"2025-06-09T19:00:40","modified_gmt":"2025-06-09T17:00:40","slug":"ernst-morgenthaler-1887-%e2%80%a0-1962-arbre-peinture-a-lhuile-de-1929","status":"publish","type":"product","link":"https:\/\/www.robertzueblin.com\/fr\/ernst-morgenthaler\/arbre-peinture-a-lhuile-de-1929\/","title":{"rendered":"Ernst MORGENTHALER (* 1887, \u2020 1962) &#8211; Arbre &#8211; Peinture \u00e0 l&rsquo;huile de 1929"},"content":{"rendered":"<p><span style=\"font-family: AkkoPro-BoldCondensed!important\">Type :<\/span> <a href=\"https:\/\/www.robertzueblin.com\/fr\/type\/peinture\/\">peinture<\/a><\/p>\n<p><span style=\"font-family: AkkoPro-BoldCondensed!important\">Peintre :<\/span> <a href=\"https:\/\/www.robertzueblin.com\/fr\/ernst-morgenthaler\/\">Ernst Morgenthaler<\/a> (* 1887, \u2020 1962)<\/p>\n<p><span style=\"font-family: AkkoPro-BoldCondensed!important\">Objet :<\/span> peinture \u00e0 l&rsquo;huile<\/p>\n<p><span style=\"font-family: AkkoPro-BoldCondensed!important\">Mat\u00e9riau :<\/span> huile sur panneau de bois<\/p>\n<p><span style=\"font-family: AkkoPro-BoldCondensed!important\">Dimensions :<\/span> hauteur : 25,9 cm, largeur : 21 cm ; avec cadre : Hauteur : 45,5 cm, Largeur : 40,8 cm<\/p>\n<p><span style=\"font-family: AkkoPro-BoldCondensed!important\">P\u00e9riode de production :<\/span> 1929<\/p>\n<p><span style=\"font-family: AkkoPro-BoldCondensed!important\">\u00c9tat :<\/span> le cadre est entaill\u00e9, il pr\u00e9sente en partie des lacunes.<\/p>\n<p><span style=\"font-family: AkkoPro-BoldCondensed!important\">Signature:<\/span> EM<\/p>\n<p><span style=\"font-family: AkkoPro-BoldCondensed!important\">D\u00e9tails:<\/span><br \/>\nC&rsquo;est le m\u00e9lange de repr\u00e9sentation esquiss\u00e9e et de peinture qui rend souvent les tableaux d&rsquo;Ernst Morgenthaler si particuliers. La peinture \u00e0 l&rsquo;huile avec l&rsquo;arbre ici pr\u00e9sente encore d&rsquo;autres particularit\u00e9s. Elle date de 1929 et donc d&rsquo;une \u00e9poque o\u00f9 Morgenthaler se consacrait intens\u00e9ment \u00e0 l&rsquo;approfondissement de sa peinture \u00e0 Paris.   <\/p>\n<p>Morgenthaler \u00e9tait certes l&rsquo;un des peintres figuratifs les plus importants de Suisse \u00e0 cette \u00e9poque, mais dans le tableau de l&rsquo;arbre, il ne fait parfois que sugg\u00e9rer le figuratif. Les parties du tableau qui semblent abstraites sont \u00e9galement particuli\u00e8res.<\/p>\n","protected":false},"excerpt":{"rendered":"<p>Type : peinture Peintre : Ernst Morgenthaler (* 1887, \u2020 1962) Objet : peinture \u00e0 l&rsquo;huile Mat\u00e9riau : huile sur panneau de bois Dimensions : hauteur : 25,9 cm, largeur : 21 cm ; avec cadre : Hauteur : 45,5 cm, Largeur : 40,8 cm P\u00e9riode de production : 1929 \u00c9tat : le cadre est [&hellip;]<\/p>\n","protected":false},"featured_media":42804,"template":"","meta":[],"product_brand":[],"product_cat":[776,708,496],"product_tag":[],"class_list":{"0":"post-42723","1":"product","2":"type-product","3":"status-publish","4":"has-post-thumbnail","6":"product_cat-peinture","7":"product_cat-ernst-morgenthaler","8":"product_cat-peintures-a-l-huile","10":"first","11":"instock","12":"sold-individually","13":"shipping-taxable","14":"purchasable","15":"product-type-simple"},"yoast_head":"<!-- This site is optimized with the Yoast SEO plugin v27.4 - https:\/\/yoast.com\/product\/yoast-seo-wordpress\/ -->\n<title>Ernst MORGENTHALER (* 1887, \u2020 1962) - Arbre -Peinture \u00e0 l&#039;huile<\/title>\n<meta name=\"description\" content=\"Tr\u00e8s belle huile sur toile avec arbre d&#039;Ernst Morgenthaler datant de 1929 et donc de sa p\u00e9riode parisienne, m\u00e9lange d&#039;esquisse et de peinture.\" \/>\n<meta name=\"robots\" content=\"index, follow, max-snippet:-1, max-image-preview:large, max-video-preview:-1\" \/>\n<link rel=\"canonical\" href=\"https:\/\/www.robertzueblin.com\/fr\/ernst-morgenthaler\/arbre-peinture-a-lhuile-de-1929\/\" \/>\n<meta property=\"og:locale\" content=\"fr_FR\" \/>\n<meta property=\"og:type\" content=\"article\" \/>\n<meta property=\"og:title\" content=\"Ernst MORGENTHALER (* 1887, \u2020 1962) - Arbre -Peinture \u00e0 l&#039;huile\" \/>\n<meta property=\"og:description\" content=\"Tr\u00e8s belle huile sur toile avec arbre d&#039;Ernst Morgenthaler datant de 1929 et donc de sa p\u00e9riode parisienne, m\u00e9lange d&#039;esquisse et de peinture.\" \/>\n<meta property=\"og:url\" content=\"https:\/\/www.robertzueblin.com\/fr\/ernst-morgenthaler\/arbre-peinture-a-lhuile-de-1929\/\" \/>\n<meta property=\"og:site_name\" content=\"ROBERT Z\u00dcBLIN\" \/>\n<meta property=\"article:modified_time\" content=\"2025-06-09T17:00:40+00:00\" \/>\n<meta property=\"og:image\" content=\"https:\/\/www.robertzueblin.com\/wp-content\/uploads\/ernst-morgenthaler-peinture-huile-arbre-photo-couverture-1-e1736618942896.jpg\" \/>\n\t<meta property=\"og:image:width\" content=\"1000\" \/>\n\t<meta property=\"og:image:height\" content=\"1252\" \/>\n\t<meta property=\"og:image:type\" content=\"image\/jpeg\" \/>\n<meta name=\"twitter:card\" content=\"summary_large_image\" \/>\n<script type=\"application\/ld+json\" class=\"yoast-schema-graph\">{\"@context\":\"https:\\\/\\\/schema.org\",\"@graph\":[{\"@type\":\"WebPage\",\"@id\":\"https:\\\/\\\/www.robertzueblin.com\\\/fr\\\/ernst-morgenthaler\\\/arbre-peinture-a-lhuile-de-1929\\\/\",\"url\":\"https:\\\/\\\/www.robertzueblin.com\\\/fr\\\/ernst-morgenthaler\\\/arbre-peinture-a-lhuile-de-1929\\\/\",\"name\":\"Ernst MORGENTHALER (* 1887, \u2020 1962) - Arbre -Peinture \u00e0 l'huile\",\"isPartOf\":{\"@id\":\"https:\\\/\\\/www.robertzueblin.com\\\/fr\\\/#website\"},\"primaryImageOfPage\":{\"@id\":\"https:\\\/\\\/www.robertzueblin.com\\\/fr\\\/ernst-morgenthaler\\\/arbre-peinture-a-lhuile-de-1929\\\/#primaryimage\"},\"image\":{\"@id\":\"https:\\\/\\\/www.robertzueblin.com\\\/fr\\\/ernst-morgenthaler\\\/arbre-peinture-a-lhuile-de-1929\\\/#primaryimage\"},\"thumbnailUrl\":\"https:\\\/\\\/www.robertzueblin.com\\\/wp-content\\\/uploads\\\/ernst-morgenthaler-peinture-huile-arbre-photo-couverture-1-e1736618942896.jpg\",\"datePublished\":\"2025-01-11T19:57:55+00:00\",\"dateModified\":\"2025-06-09T17:00:40+00:00\",\"description\":\"Tr\u00e8s belle huile sur toile avec arbre d'Ernst Morgenthaler datant de 1929 et donc de sa p\u00e9riode parisienne, m\u00e9lange d'esquisse et de peinture.\",\"breadcrumb\":{\"@id\":\"https:\\\/\\\/www.robertzueblin.com\\\/fr\\\/ernst-morgenthaler\\\/arbre-peinture-a-lhuile-de-1929\\\/#breadcrumb\"},\"inLanguage\":\"fr-FR\",\"potentialAction\":[{\"@type\":\"ReadAction\",\"target\":[\"https:\\\/\\\/www.robertzueblin.com\\\/fr\\\/ernst-morgenthaler\\\/arbre-peinture-a-lhuile-de-1929\\\/\"]}]},{\"@type\":\"ImageObject\",\"inLanguage\":\"fr-FR\",\"@id\":\"https:\\\/\\\/www.robertzueblin.com\\\/fr\\\/ernst-morgenthaler\\\/arbre-peinture-a-lhuile-de-1929\\\/#primaryimage\",\"url\":\"https:\\\/\\\/www.robertzueblin.com\\\/wp-content\\\/uploads\\\/ernst-morgenthaler-peinture-huile-arbre-photo-couverture-1-e1736618942896.jpg\",\"contentUrl\":\"https:\\\/\\\/www.robertzueblin.com\\\/wp-content\\\/uploads\\\/ernst-morgenthaler-peinture-huile-arbre-photo-couverture-1-e1736618942896.jpg\",\"width\":1000,\"height\":1252},{\"@type\":\"BreadcrumbList\",\"@id\":\"https:\\\/\\\/www.robertzueblin.com\\\/fr\\\/ernst-morgenthaler\\\/arbre-peinture-a-lhuile-de-1929\\\/#breadcrumb\",\"itemListElement\":[{\"@type\":\"ListItem\",\"position\":1,\"name\":\"Startseite\",\"item\":\"https:\\\/\\\/www.robertzueblin.com\\\/fr\\\/\"},{\"@type\":\"ListItem\",\"position\":2,\"name\":\"Galerie d&#8217;art en ligne (boutique en ligne)\",\"item\":\"https:\\\/\\\/www.robertzueblin.com\\\/fr\\\/galerie-d-art-en-ligne\\\/\"},{\"@type\":\"ListItem\",\"position\":3,\"name\":\"Ernst MORGENTHALER (* 1887, \u2020 1962) &#8211; Arbre &#8211; Peinture \u00e0 l&#8217;huile de 1929\"}]},{\"@type\":\"WebSite\",\"@id\":\"https:\\\/\\\/www.robertzueblin.com\\\/fr\\\/#website\",\"url\":\"https:\\\/\\\/www.robertzueblin.com\\\/fr\\\/\",\"name\":\"ROBERT Z\u00dcBLIN\",\"description\":\"\",\"publisher\":{\"@id\":\"https:\\\/\\\/www.robertzueblin.com\\\/fr\\\/#organization\"},\"potentialAction\":[{\"@type\":\"SearchAction\",\"target\":{\"@type\":\"EntryPoint\",\"urlTemplate\":\"https:\\\/\\\/www.robertzueblin.com\\\/fr\\\/?s={search_term_string}\"},\"query-input\":{\"@type\":\"PropertyValueSpecification\",\"valueRequired\":true,\"valueName\":\"search_term_string\"}}],\"inLanguage\":\"fr-FR\"},{\"@type\":\"Organization\",\"@id\":\"https:\\\/\\\/www.robertzueblin.com\\\/fr\\\/#organization\",\"name\":\"ROBERT Z\u00dcBLIN\",\"url\":\"https:\\\/\\\/www.robertzueblin.com\\\/fr\\\/\",\"logo\":{\"@type\":\"ImageObject\",\"inLanguage\":\"fr-FR\",\"@id\":\"https:\\\/\\\/www.robertzueblin.com\\\/fr\\\/#\\\/schema\\\/logo\\\/image\\\/\",\"url\":\"https:\\\/\\\/www.robertzueblin.com\\\/wp-content\\\/uploads\\\/cropped-cropped-logo-von-robert-zueblin.jpg\",\"contentUrl\":\"https:\\\/\\\/www.robertzueblin.com\\\/wp-content\\\/uploads\\\/cropped-cropped-logo-von-robert-zueblin.jpg\",\"width\":440,\"height\":60,\"caption\":\"ROBERT Z\u00dcBLIN\"},\"image\":{\"@id\":\"https:\\\/\\\/www.robertzueblin.com\\\/fr\\\/#\\\/schema\\\/logo\\\/image\\\/\"}}]}<\/script>\n<!-- \/ Yoast SEO plugin. -->","yoast_head_json":{"title":"Ernst MORGENTHALER (* 1887, \u2020 1962) - Arbre -Peinture \u00e0 l'huile","description":"Tr\u00e8s belle huile sur toile avec arbre d'Ernst Morgenthaler datant de 1929 et donc de sa p\u00e9riode parisienne, m\u00e9lange d'esquisse et de peinture.","robots":{"index":"index","follow":"follow","max-snippet":"max-snippet:-1","max-image-preview":"max-image-preview:large","max-video-preview":"max-video-preview:-1"},"canonical":"https:\/\/www.robertzueblin.com\/fr\/ernst-morgenthaler\/arbre-peinture-a-lhuile-de-1929\/","og_locale":"fr_FR","og_type":"article","og_title":"Ernst MORGENTHALER (* 1887, \u2020 1962) - Arbre -Peinture \u00e0 l'huile","og_description":"Tr\u00e8s belle huile sur toile avec arbre d'Ernst Morgenthaler datant de 1929 et donc de sa p\u00e9riode parisienne, m\u00e9lange d'esquisse et de peinture.","og_url":"https:\/\/www.robertzueblin.com\/fr\/ernst-morgenthaler\/arbre-peinture-a-lhuile-de-1929\/","og_site_name":"ROBERT Z\u00dcBLIN","article_modified_time":"2025-06-09T17:00:40+00:00","og_image":[{"width":1000,"height":1252,"url":"https:\/\/www.robertzueblin.com\/wp-content\/uploads\/ernst-morgenthaler-peinture-huile-arbre-photo-couverture-1-e1736618942896.jpg","type":"image\/jpeg"}],"twitter_card":"summary_large_image","schema":{"@context":"https:\/\/schema.org","@graph":[{"@type":"WebPage","@id":"https:\/\/www.robertzueblin.com\/fr\/ernst-morgenthaler\/arbre-peinture-a-lhuile-de-1929\/","url":"https:\/\/www.robertzueblin.com\/fr\/ernst-morgenthaler\/arbre-peinture-a-lhuile-de-1929\/","name":"Ernst MORGENTHALER (* 1887, \u2020 1962) - Arbre -Peinture \u00e0 l'huile","isPartOf":{"@id":"https:\/\/www.robertzueblin.com\/fr\/#website"},"primaryImageOfPage":{"@id":"https:\/\/www.robertzueblin.com\/fr\/ernst-morgenthaler\/arbre-peinture-a-lhuile-de-1929\/#primaryimage"},"image":{"@id":"https:\/\/www.robertzueblin.com\/fr\/ernst-morgenthaler\/arbre-peinture-a-lhuile-de-1929\/#primaryimage"},"thumbnailUrl":"https:\/\/www.robertzueblin.com\/wp-content\/uploads\/ernst-morgenthaler-peinture-huile-arbre-photo-couverture-1-e1736618942896.jpg","datePublished":"2025-01-11T19:57:55+00:00","dateModified":"2025-06-09T17:00:40+00:00","description":"Tr\u00e8s belle huile sur toile avec arbre d'Ernst Morgenthaler datant de 1929 et donc de sa p\u00e9riode parisienne, m\u00e9lange d'esquisse et de peinture.","breadcrumb":{"@id":"https:\/\/www.robertzueblin.com\/fr\/ernst-morgenthaler\/arbre-peinture-a-lhuile-de-1929\/#breadcrumb"},"inLanguage":"fr-FR","potentialAction":[{"@type":"ReadAction","target":["https:\/\/www.robertzueblin.com\/fr\/ernst-morgenthaler\/arbre-peinture-a-lhuile-de-1929\/"]}]},{"@type":"ImageObject","inLanguage":"fr-FR","@id":"https:\/\/www.robertzueblin.com\/fr\/ernst-morgenthaler\/arbre-peinture-a-lhuile-de-1929\/#primaryimage","url":"https:\/\/www.robertzueblin.com\/wp-content\/uploads\/ernst-morgenthaler-peinture-huile-arbre-photo-couverture-1-e1736618942896.jpg","contentUrl":"https:\/\/www.robertzueblin.com\/wp-content\/uploads\/ernst-morgenthaler-peinture-huile-arbre-photo-couverture-1-e1736618942896.jpg","width":1000,"height":1252},{"@type":"BreadcrumbList","@id":"https:\/\/www.robertzueblin.com\/fr\/ernst-morgenthaler\/arbre-peinture-a-lhuile-de-1929\/#breadcrumb","itemListElement":[{"@type":"ListItem","position":1,"name":"Startseite","item":"https:\/\/www.robertzueblin.com\/fr\/"},{"@type":"ListItem","position":2,"name":"Galerie d&#8217;art en ligne (boutique en ligne)","item":"https:\/\/www.robertzueblin.com\/fr\/galerie-d-art-en-ligne\/"},{"@type":"ListItem","position":3,"name":"Ernst MORGENTHALER (* 1887, \u2020 1962) &#8211; Arbre &#8211; Peinture \u00e0 l&#8217;huile de 1929"}]},{"@type":"WebSite","@id":"https:\/\/www.robertzueblin.com\/fr\/#website","url":"https:\/\/www.robertzueblin.com\/fr\/","name":"ROBERT Z\u00dcBLIN","description":"","publisher":{"@id":"https:\/\/www.robertzueblin.com\/fr\/#organization"},"potentialAction":[{"@type":"SearchAction","target":{"@type":"EntryPoint","urlTemplate":"https:\/\/www.robertzueblin.com\/fr\/?s={search_term_string}"},"query-input":{"@type":"PropertyValueSpecification","valueRequired":true,"valueName":"search_term_string"}}],"inLanguage":"fr-FR"},{"@type":"Organization","@id":"https:\/\/www.robertzueblin.com\/fr\/#organization","name":"ROBERT Z\u00dcBLIN","url":"https:\/\/www.robertzueblin.com\/fr\/","logo":{"@type":"ImageObject","inLanguage":"fr-FR","@id":"https:\/\/www.robertzueblin.com\/fr\/#\/schema\/logo\/image\/","url":"https:\/\/www.robertzueblin.com\/wp-content\/uploads\/cropped-cropped-logo-von-robert-zueblin.jpg","contentUrl":"https:\/\/www.robertzueblin.com\/wp-content\/uploads\/cropped-cropped-logo-von-robert-zueblin.jpg","width":440,"height":60,"caption":"ROBERT Z\u00dcBLIN"},"image":{"@id":"https:\/\/www.robertzueblin.com\/fr\/#\/schema\/logo\/image\/"}}]}},"_links":{"self":[{"href":"https:\/\/www.robertzueblin.com\/fr\/wp-json\/wp\/v2\/product\/42723","targetHints":{"allow":["GET"]}}],"collection":[{"href":"https:\/\/www.robertzueblin.com\/fr\/wp-json\/wp\/v2\/product"}],"about":[{"href":"https:\/\/www.robertzueblin.com\/fr\/wp-json\/wp\/v2\/types\/product"}],"wp:featuredmedia":[{"embeddable":true,"href":"https:\/\/www.robertzueblin.com\/fr\/wp-json\/wp\/v2\/media\/42804"}],"wp:attachment":[{"href":"https:\/\/www.robertzueblin.com\/fr\/wp-json\/wp\/v2\/media?parent=42723"}],"wp:term":[{"taxonomy":"product_brand","embeddable":true,"href":"https:\/\/www.robertzueblin.com\/fr\/wp-json\/wp\/v2\/product_brand?post=42723"},{"taxonomy":"product_cat","embeddable":true,"href":"https:\/\/www.robertzueblin.com\/fr\/wp-json\/wp\/v2\/product_cat?post=42723"},{"taxonomy":"product_tag","embeddable":true,"href":"https:\/\/www.robertzueblin.com\/fr\/wp-json\/wp\/v2\/product_tag?post=42723"}],"curies":[{"name":"wp","href":"https:\/\/api.w.org\/{rel}","templated":true}]}}