{"id":42565,"date":"2024-12-26T15:00:34","date_gmt":"2024-12-28T18:20:08","guid":{"rendered":"https:\/\/www.robertzueblin.com\/?post_type=product&#038;p=42565"},"modified":"2025-06-09T19:01:45","modified_gmt":"2025-06-09T17:01:45","slug":"hedwig-scherrer-1878-%e2%80%a0-1940-hoher-kasten-montagne-dessin-au-pastel-gras","status":"publish","type":"product","link":"https:\/\/www.robertzueblin.com\/fr\/hedwig-scherrer\/hoher-kasten-montagne-tableau-avec-des-craies-grasses\/","title":{"rendered":"Hedwig SCHERRER (* 1878, \u2020 1940) &#8211; Hoher Kasten (montagne) &#8211; Tableau avec des craies grasses"},"content":{"rendered":"<p><span style=\"font-family: AkkoPro-BoldCondensed!important\">Type :<\/span> <a href=\"https:\/\/www.robertzueblin.com\/fr\/type\/peinture\/\">peinture<\/a><\/p>\n<p><span style=\"font-family: AkkoPro-BoldCondensed!important\">Peintre :<\/span> <a href=\"https:\/\/www.robertzueblin.com\/fr\/hedwig-scherrer\/\">Hedwig Scherrer<\/a> (* 1878, \u2020 1940)<\/p>\n<p><span style=\"font-family: AkkoPro-BoldCondensed!important\">Objet :<\/span> tableau avec des craies grasses<\/p>\n<p><span style=\"font-family: AkkoPro-BoldCondensed!important\">Mat\u00e9riau :<\/span> craie \u00e0 l&rsquo;huile sur papier<\/p>\n<p><span style=\"font-family: AkkoPro-BoldCondensed!important\">Dimensions :<\/span> hauteur : 17,5 cm, largeur : 23 cm ; avec cadre : Hauteur : 25,5 cm, Largeur : 29 cm<\/p>\n<p><span style=\"font-family: AkkoPro-BoldCondensed!important\">P\u00e9riode de production :<\/span> 1907<\/p>\n<p><span style=\"font-family: AkkoPro-BoldCondensed!important\">Num\u00e9ro d&rsquo;inventaire du catalogue raisonn\u00e9 :<\/span> L-337-P<\/p>\n<p><span style=\"font-family: AkkoPro-BoldCondensed!important\">\u00c9tat :<\/span> Tableau : papier l\u00e9g\u00e8rement ondul\u00e9, manque un petit morceau de coin en bas \u00e0 droite, la feuille est coll\u00e9e sur un carton de couleur, ce que Hedwig Scherrer a souvent fait pour ses miniatures ; cadre : en partie cass\u00e9, \u00e9rafl\u00e9 et frott\u00e9 ; couverture arri\u00e8re : ruban adh\u00e9sif d\u00e9coup\u00e9 pour l&rsquo;ouverture et il manque parfois des morceaux du ruban adh\u00e9sif.<\/p>\n<p><span style=\"font-family: AkkoPro-BoldCondensed!important\">Signature:<\/span> sur le tableau, monogramm\u00e9e et dat\u00e9e par l&rsquo;artiste : HS 1907 ; marqu\u00e9 au dos par une main inconnue : Hoher Kasten, Hedwig Scherrer fec<\/p>\n<p><span style=\"font-family: AkkoPro-BoldCondensed!important\">D\u00e9tails :<\/span><br \/>\nCe dessin du Hoher Kasten peint par Hedwig Scherrer en 1907 donne l&rsquo;impression d&rsquo;\u00eatre un m\u00e9lange de la peinture Art nouveau d&rsquo;un Ferdinand Hodler et du Paysage intime d&rsquo;un Barth\u00e9lemy Menn, avec une tendance au naturalisme et une richesse de d\u00e9tails en filigrane.<\/p>\n<p>Le tableau a probablement \u00e9t\u00e9 peint \u00e0 la craie grasse, sur du papier. Pour peindre, Hedwig Scherrer utilisait souvent des feuilles individuelles qu&rsquo;elle fixait sur un support solide \u00e0 l&rsquo;aide de punaises. Les structures de lignes en partie rectilignes et parall\u00e8les sur le tableau r\u00e9sultent donc tr\u00e8s probablement du support sur lequel Scherrer fixait la feuille avec des punaises. En haut \u00e0 gauche, on voit encore un petit trou d\u00fb \u00e0 une punaise et le coin manquant en bas \u00e0 droite est probablement aussi la cons\u00e9quence de la fixation par punaises.<\/p>\n<p>Le pr\u00e9sent tableau du Hoher Kasten a \u00e9t\u00e9 enregistr\u00e9 par la Fondation Hedwig Scherrer dans le catalogue raisonn\u00e9 de Hedwig Scherrer sous le num\u00e9ro d&rsquo;inventaire (inv. n\u00b0) L-337-P.<\/p>\n<p>Le sujet de l&rsquo;image est une vue sur le Hoher Kasten. Le Hohe Kasten est une montagne de l&rsquo;Alpstein des Alpes appenzelloises, situ\u00e9e sur la fronti\u00e8re cantonale entre les cantons suisses de Saint-Gall et d&rsquo;Appenzell Rhodes-Int\u00e9rieures.<\/p>\n<p>Il s&rsquo;agit probablement d&rsquo;une vue du Hoher Kasten \u00e0 proximit\u00e9 du poste fronti\u00e8re d&rsquo;Oberriet-Meiningen en direction de R\u00fcthi (<a href=\"https:\/\/www.google.com\/maps\/@47.3039876,9.5627365,3a,57.5y,255.12h,102.49t\/data=!3m7!1e1!3m5!1swd76Lxz-VHlC0axB39hLUA!2e0!6shttps:%2F%2Fstreetviewpixels-pa.googleapis.com%2Fv1%2Fthumbnail%3Fcb_client%3Dmaps_sv.tactile%26w%3D900%26h%3D600%26pitch%3D-12.489999999999995%26panoid%3Dwd76Lxz-VHlC0axB39hLUA%26yaw%3D255.12!7i16384!8i8192?entry=ttu&#038;g_ep=EgoyMDI0MTIxMS4wIKXMDSoASAFQAw%3D%3D\" target=\"_blank\">voir ici sur Google Maps<\/a>).<\/p>\n<p>Entre 1906 et 1908, une maison d&rsquo;artiste Art nouveau a \u00e9t\u00e9 construite pour Hedwig Scherrer dans la commune voisine de R\u00fcthi, d&rsquo;apr\u00e8s les plans de cette derni\u00e8re, \u00e0 savoir \u00e0 Montlingen (Oberriet) ; la \u00ab Villa Scherrer \u00bb. Dans cette maison \u00e0 l&rsquo;am\u00e9nagement raffin\u00e9, on trouve des peintures murales et des meubles de H. Scherrer. Aujourd&rsquo;hui encore, la maison de Hedwig Scherrer existe \u00e0 l&rsquo;adresse suivante, mais elle n&rsquo;est pas accessible au public :<\/p>\n<p>Hedwig Scherrer Haus<br \/>\nBergliweg 17<br \/>\n9462 Montlingen <\/p>\n<p>La maison Hedwig Scherrer a \u00e9t\u00e9 construite sur une parcelle d&rsquo;un vignoble abandonn\u00e9. La commune de R\u00fcthi (anciennement appel\u00e9e \u00ab R\u00fcthi (Rheintal) \u00bb) s&rsquo;\u00e9tait \u00e9galement port\u00e9e candidate \u00e0 l&rsquo;installation de Hedwig Scherrer lorsque la commune a appris que l&rsquo;artiste souhaitait s&rsquo;installer dans la r\u00e9gion. La commune de R\u00fcthi esp\u00e9rait que cette installation permettrait \u00e0 Hedwig Scherrer de cr\u00e9er des cartes postales en rapport avec R\u00fcthi. Mais finalement, Scherrer a opt\u00e9 pour Montlingen. <\/p>\n<p>En se construisant une maison \u00e0 la campagne, loin de la ville de Saint-Gall, Hedwig Scherrer a suivi une tendance qui s&rsquo;est \u00e9tablie \u00e0 l&rsquo;\u00e9poque, entre autres \u00e0 Munich, lorsque les artistes ont quitt\u00e9 la ville pour la nature et se sont install\u00e9s \u00e0 Dachau, par exemple, o\u00f9 une colonie d&rsquo;artistes s&rsquo;est form\u00e9e. Ces artistes ont notamment suivi la mode de peindre des paysages en plein air. Cette peinture dite en plein air (en-plein-air, peinture en plein air, pleinairisme), par opposition \u00e0 la peinture d&rsquo;atelier pure, est n\u00e9e en France avec l&rsquo;\u00e9cole de Barbizon, une colonie d&rsquo;artistes dans le village de Barbizon, situ\u00e9 pr\u00e8s de Paris.<\/p>\n<p>La vall\u00e9e du Rhin saint-galloise, dans laquelle se trouve Montlingen, a \u00e9t\u00e9 d\u00e9couverte par Hedwig Scherrer lors de ses recherches pour le volume de zentenaire \u00ab Der Kanton St. Gallen 1803-1903 \u00bb, pour lequel Scherrer avait con\u00e7u des illustrations.<\/p>\n<p>Sources :<br \/>\n&#8211; <a href=\"https:\/\/www.montlingerbergli.ch\/hedwig-scherrer-haus\/\">Site web \u00ab Montlinger Bergli \u00bb : Hedwig Scherrer Haus<\/a><\/p>\n<p>&#8211; <a href=\"https:\/\/www.oberriet.ch\/sehenswuerdigkeiten\/7476\">Site web de la commune d&rsquo;Oberriet : Hedwig Scherrer Haus<\/a><\/p>\n<p>&#8211; Peter Z\u00fcnd (curateur de la Fondation Hedwig Scherrer)<\/p>\n","protected":false},"excerpt":{"rendered":"<p>Type : peinture Peintre : Hedwig Scherrer (* 1878, \u2020 1940) Objet : tableau avec des craies grasses Mat\u00e9riau : craie \u00e0 l&rsquo;huile sur papier Dimensions : hauteur : 17,5 cm, largeur : 23 cm ; avec cadre : Hauteur : 25,5 cm, Largeur : 29 cm P\u00e9riode de production : 1907 Num\u00e9ro d&rsquo;inventaire du [&hellip;]<\/p>\n","protected":false},"featured_media":42572,"template":"","meta":[],"product_brand":[],"product_cat":[776,698],"product_tag":[],"class_list":{"0":"post-42565","1":"product","2":"type-product","3":"status-publish","4":"has-post-thumbnail","6":"product_cat-peinture","7":"product_cat-hedwig-scherrer","9":"first","10":"instock","11":"sold-individually","12":"shipping-taxable","13":"purchasable","14":"product-type-simple"},"yoast_head":"<!-- This site is optimized with the Yoast SEO plugin v27.4 - https:\/\/yoast.com\/product\/yoast-seo-wordpress\/ -->\n<title>Hedwig SCHERRER - Hoher Kasten - Dessin au pastel gras<\/title>\n<meta name=\"description\" content=\"Dessin au pastel gras Hoher Kasten r\u00e9alis\u00e9 en 1907 par la peintre Hedwig Scherrer, l&#039;une des premi\u00e8res artistes professionnelles de Suisse orientale.\" \/>\n<meta name=\"robots\" content=\"index, follow, max-snippet:-1, max-image-preview:large, max-video-preview:-1\" \/>\n<link rel=\"canonical\" href=\"https:\/\/www.robertzueblin.com\/fr\/hedwig-scherrer\/hoher-kasten-montagne-tableau-avec-des-craies-grasses\/\" \/>\n<meta property=\"og:locale\" content=\"fr_FR\" \/>\n<meta property=\"og:type\" content=\"article\" \/>\n<meta property=\"og:title\" content=\"Hedwig SCHERRER - Hoher Kasten - Dessin au pastel gras\" \/>\n<meta property=\"og:description\" content=\"Dessin au pastel gras Hoher Kasten r\u00e9alis\u00e9 en 1907 par la peintre Hedwig Scherrer, l&#039;une des premi\u00e8res artistes professionnelles de Suisse orientale.\" \/>\n<meta property=\"og:url\" content=\"https:\/\/www.robertzueblin.com\/fr\/hedwig-scherrer\/hoher-kasten-montagne-tableau-avec-des-craies-grasses\/\" \/>\n<meta property=\"og:site_name\" content=\"ROBERT Z\u00dcBLIN\" \/>\n<meta property=\"article:modified_time\" content=\"2025-06-09T17:01:45+00:00\" \/>\n<meta property=\"og:image\" content=\"https:\/\/www.robertzueblin.com\/wp-content\/uploads\/hedwig-scherrer-hoher-kasten-dessin-pastel-gras-photo-couverture.jpg\" \/>\n\t<meta property=\"og:image:width\" content=\"1290\" \/>\n\t<meta property=\"og:image:height\" content=\"1000\" \/>\n\t<meta property=\"og:image:type\" content=\"image\/jpeg\" \/>\n<meta name=\"twitter:card\" content=\"summary_large_image\" \/>\n<script type=\"application\/ld+json\" class=\"yoast-schema-graph\">{\"@context\":\"https:\\\/\\\/schema.org\",\"@graph\":[{\"@type\":\"WebPage\",\"@id\":\"https:\\\/\\\/www.robertzueblin.com\\\/fr\\\/hedwig-scherrer\\\/hoher-kasten-montagne-tableau-avec-des-craies-grasses\\\/\",\"url\":\"https:\\\/\\\/www.robertzueblin.com\\\/fr\\\/hedwig-scherrer\\\/hoher-kasten-montagne-tableau-avec-des-craies-grasses\\\/\",\"name\":\"Hedwig SCHERRER - Hoher Kasten - Dessin au pastel gras\",\"isPartOf\":{\"@id\":\"https:\\\/\\\/www.robertzueblin.com\\\/fr\\\/#website\"},\"primaryImageOfPage\":{\"@id\":\"https:\\\/\\\/www.robertzueblin.com\\\/fr\\\/hedwig-scherrer\\\/hoher-kasten-montagne-tableau-avec-des-craies-grasses\\\/#primaryimage\"},\"image\":{\"@id\":\"https:\\\/\\\/www.robertzueblin.com\\\/fr\\\/hedwig-scherrer\\\/hoher-kasten-montagne-tableau-avec-des-craies-grasses\\\/#primaryimage\"},\"thumbnailUrl\":\"https:\\\/\\\/www.robertzueblin.com\\\/wp-content\\\/uploads\\\/hedwig-scherrer-hoher-kasten-dessin-pastel-gras-photo-couverture.jpg\",\"datePublished\":\"2024-12-28T18:20:08+00:00\",\"dateModified\":\"2025-06-09T17:01:45+00:00\",\"description\":\"Dessin au pastel gras Hoher Kasten r\u00e9alis\u00e9 en 1907 par la peintre Hedwig Scherrer, l'une des premi\u00e8res artistes professionnelles de Suisse orientale.\",\"breadcrumb\":{\"@id\":\"https:\\\/\\\/www.robertzueblin.com\\\/fr\\\/hedwig-scherrer\\\/hoher-kasten-montagne-tableau-avec-des-craies-grasses\\\/#breadcrumb\"},\"inLanguage\":\"fr-FR\",\"potentialAction\":[{\"@type\":\"ReadAction\",\"target\":[\"https:\\\/\\\/www.robertzueblin.com\\\/fr\\\/hedwig-scherrer\\\/hoher-kasten-montagne-tableau-avec-des-craies-grasses\\\/\"]}]},{\"@type\":\"ImageObject\",\"inLanguage\":\"fr-FR\",\"@id\":\"https:\\\/\\\/www.robertzueblin.com\\\/fr\\\/hedwig-scherrer\\\/hoher-kasten-montagne-tableau-avec-des-craies-grasses\\\/#primaryimage\",\"url\":\"https:\\\/\\\/www.robertzueblin.com\\\/wp-content\\\/uploads\\\/hedwig-scherrer-hoher-kasten-dessin-pastel-gras-photo-couverture.jpg\",\"contentUrl\":\"https:\\\/\\\/www.robertzueblin.com\\\/wp-content\\\/uploads\\\/hedwig-scherrer-hoher-kasten-dessin-pastel-gras-photo-couverture.jpg\",\"width\":1290,\"height\":1000},{\"@type\":\"BreadcrumbList\",\"@id\":\"https:\\\/\\\/www.robertzueblin.com\\\/fr\\\/hedwig-scherrer\\\/hoher-kasten-montagne-tableau-avec-des-craies-grasses\\\/#breadcrumb\",\"itemListElement\":[{\"@type\":\"ListItem\",\"position\":1,\"name\":\"Startseite\",\"item\":\"https:\\\/\\\/www.robertzueblin.com\\\/fr\\\/\"},{\"@type\":\"ListItem\",\"position\":2,\"name\":\"Galerie d&#8217;art en ligne (boutique en ligne)\",\"item\":\"https:\\\/\\\/www.robertzueblin.com\\\/fr\\\/galerie-d-art-en-ligne\\\/\"},{\"@type\":\"ListItem\",\"position\":3,\"name\":\"Hedwig SCHERRER (* 1878, \u2020 1940) &#8211; Hoher Kasten (montagne) &#8211; Tableau avec des craies grasses\"}]},{\"@type\":\"WebSite\",\"@id\":\"https:\\\/\\\/www.robertzueblin.com\\\/fr\\\/#website\",\"url\":\"https:\\\/\\\/www.robertzueblin.com\\\/fr\\\/\",\"name\":\"ROBERT Z\u00dcBLIN\",\"description\":\"\",\"publisher\":{\"@id\":\"https:\\\/\\\/www.robertzueblin.com\\\/fr\\\/#organization\"},\"potentialAction\":[{\"@type\":\"SearchAction\",\"target\":{\"@type\":\"EntryPoint\",\"urlTemplate\":\"https:\\\/\\\/www.robertzueblin.com\\\/fr\\\/?s={search_term_string}\"},\"query-input\":{\"@type\":\"PropertyValueSpecification\",\"valueRequired\":true,\"valueName\":\"search_term_string\"}}],\"inLanguage\":\"fr-FR\"},{\"@type\":\"Organization\",\"@id\":\"https:\\\/\\\/www.robertzueblin.com\\\/fr\\\/#organization\",\"name\":\"ROBERT Z\u00dcBLIN\",\"url\":\"https:\\\/\\\/www.robertzueblin.com\\\/fr\\\/\",\"logo\":{\"@type\":\"ImageObject\",\"inLanguage\":\"fr-FR\",\"@id\":\"https:\\\/\\\/www.robertzueblin.com\\\/fr\\\/#\\\/schema\\\/logo\\\/image\\\/\",\"url\":\"https:\\\/\\\/www.robertzueblin.com\\\/wp-content\\\/uploads\\\/cropped-cropped-logo-von-robert-zueblin.jpg\",\"contentUrl\":\"https:\\\/\\\/www.robertzueblin.com\\\/wp-content\\\/uploads\\\/cropped-cropped-logo-von-robert-zueblin.jpg\",\"width\":440,\"height\":60,\"caption\":\"ROBERT Z\u00dcBLIN\"},\"image\":{\"@id\":\"https:\\\/\\\/www.robertzueblin.com\\\/fr\\\/#\\\/schema\\\/logo\\\/image\\\/\"}}]}<\/script>\n<!-- \/ Yoast SEO plugin. -->","yoast_head_json":{"title":"Hedwig SCHERRER - Hoher Kasten - Dessin au pastel gras","description":"Dessin au pastel gras Hoher Kasten r\u00e9alis\u00e9 en 1907 par la peintre Hedwig Scherrer, l'une des premi\u00e8res artistes professionnelles de Suisse orientale.","robots":{"index":"index","follow":"follow","max-snippet":"max-snippet:-1","max-image-preview":"max-image-preview:large","max-video-preview":"max-video-preview:-1"},"canonical":"https:\/\/www.robertzueblin.com\/fr\/hedwig-scherrer\/hoher-kasten-montagne-tableau-avec-des-craies-grasses\/","og_locale":"fr_FR","og_type":"article","og_title":"Hedwig SCHERRER - Hoher Kasten - Dessin au pastel gras","og_description":"Dessin au pastel gras Hoher Kasten r\u00e9alis\u00e9 en 1907 par la peintre Hedwig Scherrer, l'une des premi\u00e8res artistes professionnelles de Suisse orientale.","og_url":"https:\/\/www.robertzueblin.com\/fr\/hedwig-scherrer\/hoher-kasten-montagne-tableau-avec-des-craies-grasses\/","og_site_name":"ROBERT Z\u00dcBLIN","article_modified_time":"2025-06-09T17:01:45+00:00","og_image":[{"width":1290,"height":1000,"url":"https:\/\/www.robertzueblin.com\/wp-content\/uploads\/hedwig-scherrer-hoher-kasten-dessin-pastel-gras-photo-couverture.jpg","type":"image\/jpeg"}],"twitter_card":"summary_large_image","schema":{"@context":"https:\/\/schema.org","@graph":[{"@type":"WebPage","@id":"https:\/\/www.robertzueblin.com\/fr\/hedwig-scherrer\/hoher-kasten-montagne-tableau-avec-des-craies-grasses\/","url":"https:\/\/www.robertzueblin.com\/fr\/hedwig-scherrer\/hoher-kasten-montagne-tableau-avec-des-craies-grasses\/","name":"Hedwig SCHERRER - Hoher Kasten - Dessin au pastel gras","isPartOf":{"@id":"https:\/\/www.robertzueblin.com\/fr\/#website"},"primaryImageOfPage":{"@id":"https:\/\/www.robertzueblin.com\/fr\/hedwig-scherrer\/hoher-kasten-montagne-tableau-avec-des-craies-grasses\/#primaryimage"},"image":{"@id":"https:\/\/www.robertzueblin.com\/fr\/hedwig-scherrer\/hoher-kasten-montagne-tableau-avec-des-craies-grasses\/#primaryimage"},"thumbnailUrl":"https:\/\/www.robertzueblin.com\/wp-content\/uploads\/hedwig-scherrer-hoher-kasten-dessin-pastel-gras-photo-couverture.jpg","datePublished":"2024-12-28T18:20:08+00:00","dateModified":"2025-06-09T17:01:45+00:00","description":"Dessin au pastel gras Hoher Kasten r\u00e9alis\u00e9 en 1907 par la peintre Hedwig Scherrer, l'une des premi\u00e8res artistes professionnelles de Suisse orientale.","breadcrumb":{"@id":"https:\/\/www.robertzueblin.com\/fr\/hedwig-scherrer\/hoher-kasten-montagne-tableau-avec-des-craies-grasses\/#breadcrumb"},"inLanguage":"fr-FR","potentialAction":[{"@type":"ReadAction","target":["https:\/\/www.robertzueblin.com\/fr\/hedwig-scherrer\/hoher-kasten-montagne-tableau-avec-des-craies-grasses\/"]}]},{"@type":"ImageObject","inLanguage":"fr-FR","@id":"https:\/\/www.robertzueblin.com\/fr\/hedwig-scherrer\/hoher-kasten-montagne-tableau-avec-des-craies-grasses\/#primaryimage","url":"https:\/\/www.robertzueblin.com\/wp-content\/uploads\/hedwig-scherrer-hoher-kasten-dessin-pastel-gras-photo-couverture.jpg","contentUrl":"https:\/\/www.robertzueblin.com\/wp-content\/uploads\/hedwig-scherrer-hoher-kasten-dessin-pastel-gras-photo-couverture.jpg","width":1290,"height":1000},{"@type":"BreadcrumbList","@id":"https:\/\/www.robertzueblin.com\/fr\/hedwig-scherrer\/hoher-kasten-montagne-tableau-avec-des-craies-grasses\/#breadcrumb","itemListElement":[{"@type":"ListItem","position":1,"name":"Startseite","item":"https:\/\/www.robertzueblin.com\/fr\/"},{"@type":"ListItem","position":2,"name":"Galerie d&#8217;art en ligne (boutique en ligne)","item":"https:\/\/www.robertzueblin.com\/fr\/galerie-d-art-en-ligne\/"},{"@type":"ListItem","position":3,"name":"Hedwig SCHERRER (* 1878, \u2020 1940) &#8211; Hoher Kasten (montagne) &#8211; Tableau avec des craies grasses"}]},{"@type":"WebSite","@id":"https:\/\/www.robertzueblin.com\/fr\/#website","url":"https:\/\/www.robertzueblin.com\/fr\/","name":"ROBERT Z\u00dcBLIN","description":"","publisher":{"@id":"https:\/\/www.robertzueblin.com\/fr\/#organization"},"potentialAction":[{"@type":"SearchAction","target":{"@type":"EntryPoint","urlTemplate":"https:\/\/www.robertzueblin.com\/fr\/?s={search_term_string}"},"query-input":{"@type":"PropertyValueSpecification","valueRequired":true,"valueName":"search_term_string"}}],"inLanguage":"fr-FR"},{"@type":"Organization","@id":"https:\/\/www.robertzueblin.com\/fr\/#organization","name":"ROBERT Z\u00dcBLIN","url":"https:\/\/www.robertzueblin.com\/fr\/","logo":{"@type":"ImageObject","inLanguage":"fr-FR","@id":"https:\/\/www.robertzueblin.com\/fr\/#\/schema\/logo\/image\/","url":"https:\/\/www.robertzueblin.com\/wp-content\/uploads\/cropped-cropped-logo-von-robert-zueblin.jpg","contentUrl":"https:\/\/www.robertzueblin.com\/wp-content\/uploads\/cropped-cropped-logo-von-robert-zueblin.jpg","width":440,"height":60,"caption":"ROBERT Z\u00dcBLIN"},"image":{"@id":"https:\/\/www.robertzueblin.com\/fr\/#\/schema\/logo\/image\/"}}]}},"_links":{"self":[{"href":"https:\/\/www.robertzueblin.com\/fr\/wp-json\/wp\/v2\/product\/42565","targetHints":{"allow":["GET"]}}],"collection":[{"href":"https:\/\/www.robertzueblin.com\/fr\/wp-json\/wp\/v2\/product"}],"about":[{"href":"https:\/\/www.robertzueblin.com\/fr\/wp-json\/wp\/v2\/types\/product"}],"wp:featuredmedia":[{"embeddable":true,"href":"https:\/\/www.robertzueblin.com\/fr\/wp-json\/wp\/v2\/media\/42572"}],"wp:attachment":[{"href":"https:\/\/www.robertzueblin.com\/fr\/wp-json\/wp\/v2\/media?parent=42565"}],"wp:term":[{"taxonomy":"product_brand","embeddable":true,"href":"https:\/\/www.robertzueblin.com\/fr\/wp-json\/wp\/v2\/product_brand?post=42565"},{"taxonomy":"product_cat","embeddable":true,"href":"https:\/\/www.robertzueblin.com\/fr\/wp-json\/wp\/v2\/product_cat?post=42565"},{"taxonomy":"product_tag","embeddable":true,"href":"https:\/\/www.robertzueblin.com\/fr\/wp-json\/wp\/v2\/product_tag?post=42565"}],"curies":[{"name":"wp","href":"https:\/\/api.w.org\/{rel}","templated":true}]}}