{"id":42355,"date":"2024-12-20T19:53:31","date_gmt":"2024-12-21T11:42:43","guid":{"rendered":"https:\/\/www.robertzueblin.com\/?post_type=product&#038;p=42355"},"modified":"2025-06-09T19:06:10","modified_gmt":"2025-06-09T17:06:10","slug":"coupe-dapparat-avec-surelevation-au-centre-thoune-majolique","status":"publish","type":"product","link":"https:\/\/www.robertzueblin.com\/fr\/majolique-de-thoune-ceramique-suisse-thun\/coupe-dapparat-avec-surelevation-au-centre-thoune-majolique\/","title":{"rendered":"Coupe d&rsquo;apparat avec sur\u00e9l\u00e9vation au centre &#8211; Thoune majolique"},"content":{"rendered":"<p><span style=\"font-family: AkkoPro-BoldCondensed!important\">Type :<\/span> <a href=\"https:\/\/www.robertzueblin.com\/fr\/poterie-d-atelier-ceramique-de-studio\">poterie d&rsquo;atelier<\/a><\/p>\n<p><span style=\"font-family: AkkoPro-BoldCondensed!important\">Atelier :<\/span> atelier inconnu<\/p>\n<p><span style=\"font-family: AkkoPro-BoldCondensed!important\">Objet :<\/span> coupe d&rsquo;apparat<\/p>\n<p><span style=\"font-family: AkkoPro-BoldCondensed!important\">Mat\u00e9riau :<\/span> c\u00e9ramique avec engobe<\/p>\n<p><span style=\"font-family: AkkoPro-BoldCondensed!important\">Dimensions :<\/span> hauteur : 4,5 cm, largeur : 43 cm<\/p>\n<p><span style=\"font-family: AkkoPro-BoldCondensed!important\">Ann\u00e9e de fabrication :<\/span> vers 1900<\/p>\n<p><span style=\"font-family: AkkoPro-BoldCondensed!important\">\u00c9tat :<\/span> r\u00e9par\u00e9 avec des agrafes m\u00e9talliques et de la p\u00e2te ; perte partielle d&rsquo;\u00e9mail et une puce d&rsquo;environ 1,5 cm au pied.<\/p>\n<p><span style=\"font-family: AkkoPro-BoldCondensed!important\">Signature\/marque :<\/span> Thun<\/p>\n","protected":false},"excerpt":{"rendered":"<p>Type : poterie d&rsquo;atelier Atelier : atelier inconnu Objet : coupe d&rsquo;apparat Mat\u00e9riau : c\u00e9ramique avec engobe Dimensions : hauteur : 4,5 cm, largeur : 43 cm Ann\u00e9e de fabrication : vers 1900 \u00c9tat : r\u00e9par\u00e9 avec des agrafes m\u00e9talliques et de la p\u00e2te ; perte partielle d&rsquo;\u00e9mail et une puce d&rsquo;environ 1,5 cm au [&hellip;]<\/p>\n","protected":false},"featured_media":42359,"template":"","meta":[],"product_brand":[],"product_cat":[593],"product_tag":[],"class_list":{"0":"post-42355","1":"product","2":"type-product","3":"status-publish","4":"has-post-thumbnail","6":"product_cat-majolique-de-thoune-ceramique-suisse-thun","8":"first","9":"instock","10":"sold-individually","11":"shipping-taxable","12":"purchasable","13":"product-type-simple"},"yoast_head":"<!-- This site is optimized with the Yoast SEO plugin v27.4 - https:\/\/yoast.com\/product\/yoast-seo-wordpress\/ -->\n<title>Coupe d&#039;apparat avec sur\u00e9l\u00e9vation au centre - Thoune majolique<\/title>\n<meta name=\"description\" content=\"Grande coupe d&#039;apparat en majolique de Thoune avec une sur\u00e9l\u00e9vation au milieu et une riche d\u00e9coration ; grande coupe en c\u00e9ramique sign\u00e9e Thoune au dos.\" \/>\n<meta name=\"robots\" content=\"index, follow, max-snippet:-1, max-image-preview:large, max-video-preview:-1\" \/>\n<link rel=\"canonical\" href=\"https:\/\/www.robertzueblin.com\/fr\/majolique-de-thoune-ceramique-suisse-thun\/coupe-dapparat-avec-surelevation-au-centre-thoune-majolique\/\" \/>\n<meta property=\"og:locale\" content=\"fr_FR\" \/>\n<meta property=\"og:type\" content=\"article\" \/>\n<meta property=\"og:title\" content=\"Coupe d&#039;apparat avec sur\u00e9l\u00e9vation au centre - Thoune majolique\" \/>\n<meta property=\"og:description\" content=\"Grande coupe d&#039;apparat en majolique de Thoune avec une sur\u00e9l\u00e9vation au milieu et une riche d\u00e9coration ; grande coupe en c\u00e9ramique sign\u00e9e Thoune au dos.\" \/>\n<meta property=\"og:url\" content=\"https:\/\/www.robertzueblin.com\/fr\/majolique-de-thoune-ceramique-suisse-thun\/coupe-dapparat-avec-surelevation-au-centre-thoune-majolique\/\" \/>\n<meta property=\"og:site_name\" content=\"ROBERT Z\u00dcBLIN\" \/>\n<meta property=\"article:modified_time\" content=\"2025-06-09T17:06:10+00:00\" \/>\n<meta property=\"og:image\" content=\"https:\/\/www.robertzueblin.com\/wp-content\/uploads\/thoune-majolique-coupe-apparat-surelevation-centre-photo-couverture.jpg\" \/>\n\t<meta property=\"og:image:width\" content=\"1000\" \/>\n\t<meta property=\"og:image:height\" content=\"1000\" \/>\n\t<meta property=\"og:image:type\" content=\"image\/jpeg\" \/>\n<meta name=\"twitter:card\" content=\"summary_large_image\" \/>\n<script type=\"application\/ld+json\" class=\"yoast-schema-graph\">{\"@context\":\"https:\\\/\\\/schema.org\",\"@graph\":[{\"@type\":\"WebPage\",\"@id\":\"https:\\\/\\\/www.robertzueblin.com\\\/fr\\\/majolique-de-thoune-ceramique-suisse-thun\\\/coupe-dapparat-avec-surelevation-au-centre-thoune-majolique\\\/\",\"url\":\"https:\\\/\\\/www.robertzueblin.com\\\/fr\\\/majolique-de-thoune-ceramique-suisse-thun\\\/coupe-dapparat-avec-surelevation-au-centre-thoune-majolique\\\/\",\"name\":\"Coupe d'apparat avec sur\u00e9l\u00e9vation au centre - Thoune majolique\",\"isPartOf\":{\"@id\":\"https:\\\/\\\/www.robertzueblin.com\\\/fr\\\/#website\"},\"primaryImageOfPage\":{\"@id\":\"https:\\\/\\\/www.robertzueblin.com\\\/fr\\\/majolique-de-thoune-ceramique-suisse-thun\\\/coupe-dapparat-avec-surelevation-au-centre-thoune-majolique\\\/#primaryimage\"},\"image\":{\"@id\":\"https:\\\/\\\/www.robertzueblin.com\\\/fr\\\/majolique-de-thoune-ceramique-suisse-thun\\\/coupe-dapparat-avec-surelevation-au-centre-thoune-majolique\\\/#primaryimage\"},\"thumbnailUrl\":\"https:\\\/\\\/www.robertzueblin.com\\\/wp-content\\\/uploads\\\/thoune-majolique-coupe-apparat-surelevation-centre-photo-couverture.jpg\",\"datePublished\":\"2024-12-21T11:42:43+00:00\",\"dateModified\":\"2025-06-09T17:06:10+00:00\",\"description\":\"Grande coupe d'apparat en majolique de Thoune avec une sur\u00e9l\u00e9vation au milieu et une riche d\u00e9coration ; grande coupe en c\u00e9ramique sign\u00e9e Thoune au dos.\",\"breadcrumb\":{\"@id\":\"https:\\\/\\\/www.robertzueblin.com\\\/fr\\\/majolique-de-thoune-ceramique-suisse-thun\\\/coupe-dapparat-avec-surelevation-au-centre-thoune-majolique\\\/#breadcrumb\"},\"inLanguage\":\"fr-FR\",\"potentialAction\":[{\"@type\":\"ReadAction\",\"target\":[\"https:\\\/\\\/www.robertzueblin.com\\\/fr\\\/majolique-de-thoune-ceramique-suisse-thun\\\/coupe-dapparat-avec-surelevation-au-centre-thoune-majolique\\\/\"]}]},{\"@type\":\"ImageObject\",\"inLanguage\":\"fr-FR\",\"@id\":\"https:\\\/\\\/www.robertzueblin.com\\\/fr\\\/majolique-de-thoune-ceramique-suisse-thun\\\/coupe-dapparat-avec-surelevation-au-centre-thoune-majolique\\\/#primaryimage\",\"url\":\"https:\\\/\\\/www.robertzueblin.com\\\/wp-content\\\/uploads\\\/thoune-majolique-coupe-apparat-surelevation-centre-photo-couverture.jpg\",\"contentUrl\":\"https:\\\/\\\/www.robertzueblin.com\\\/wp-content\\\/uploads\\\/thoune-majolique-coupe-apparat-surelevation-centre-photo-couverture.jpg\",\"width\":1000,\"height\":1000},{\"@type\":\"BreadcrumbList\",\"@id\":\"https:\\\/\\\/www.robertzueblin.com\\\/fr\\\/majolique-de-thoune-ceramique-suisse-thun\\\/coupe-dapparat-avec-surelevation-au-centre-thoune-majolique\\\/#breadcrumb\",\"itemListElement\":[{\"@type\":\"ListItem\",\"position\":1,\"name\":\"Startseite\",\"item\":\"https:\\\/\\\/www.robertzueblin.com\\\/fr\\\/\"},{\"@type\":\"ListItem\",\"position\":2,\"name\":\"Galerie d&#8217;art en ligne (boutique en ligne)\",\"item\":\"https:\\\/\\\/www.robertzueblin.com\\\/fr\\\/galerie-d-art-en-ligne\\\/\"},{\"@type\":\"ListItem\",\"position\":3,\"name\":\"Coupe d&#8217;apparat avec sur\u00e9l\u00e9vation au centre &#8211; Thoune majolique\"}]},{\"@type\":\"WebSite\",\"@id\":\"https:\\\/\\\/www.robertzueblin.com\\\/fr\\\/#website\",\"url\":\"https:\\\/\\\/www.robertzueblin.com\\\/fr\\\/\",\"name\":\"ROBERT Z\u00dcBLIN\",\"description\":\"\",\"publisher\":{\"@id\":\"https:\\\/\\\/www.robertzueblin.com\\\/fr\\\/#organization\"},\"potentialAction\":[{\"@type\":\"SearchAction\",\"target\":{\"@type\":\"EntryPoint\",\"urlTemplate\":\"https:\\\/\\\/www.robertzueblin.com\\\/fr\\\/?s={search_term_string}\"},\"query-input\":{\"@type\":\"PropertyValueSpecification\",\"valueRequired\":true,\"valueName\":\"search_term_string\"}}],\"inLanguage\":\"fr-FR\"},{\"@type\":\"Organization\",\"@id\":\"https:\\\/\\\/www.robertzueblin.com\\\/fr\\\/#organization\",\"name\":\"ROBERT Z\u00dcBLIN\",\"url\":\"https:\\\/\\\/www.robertzueblin.com\\\/fr\\\/\",\"logo\":{\"@type\":\"ImageObject\",\"inLanguage\":\"fr-FR\",\"@id\":\"https:\\\/\\\/www.robertzueblin.com\\\/fr\\\/#\\\/schema\\\/logo\\\/image\\\/\",\"url\":\"https:\\\/\\\/www.robertzueblin.com\\\/wp-content\\\/uploads\\\/cropped-cropped-logo-von-robert-zueblin.jpg\",\"contentUrl\":\"https:\\\/\\\/www.robertzueblin.com\\\/wp-content\\\/uploads\\\/cropped-cropped-logo-von-robert-zueblin.jpg\",\"width\":440,\"height\":60,\"caption\":\"ROBERT Z\u00dcBLIN\"},\"image\":{\"@id\":\"https:\\\/\\\/www.robertzueblin.com\\\/fr\\\/#\\\/schema\\\/logo\\\/image\\\/\"}}]}<\/script>\n<!-- \/ Yoast SEO plugin. -->","yoast_head_json":{"title":"Coupe d'apparat avec sur\u00e9l\u00e9vation au centre - Thoune majolique","description":"Grande coupe d'apparat en majolique de Thoune avec une sur\u00e9l\u00e9vation au milieu et une riche d\u00e9coration ; grande coupe en c\u00e9ramique sign\u00e9e Thoune au dos.","robots":{"index":"index","follow":"follow","max-snippet":"max-snippet:-1","max-image-preview":"max-image-preview:large","max-video-preview":"max-video-preview:-1"},"canonical":"https:\/\/www.robertzueblin.com\/fr\/majolique-de-thoune-ceramique-suisse-thun\/coupe-dapparat-avec-surelevation-au-centre-thoune-majolique\/","og_locale":"fr_FR","og_type":"article","og_title":"Coupe d'apparat avec sur\u00e9l\u00e9vation au centre - Thoune majolique","og_description":"Grande coupe d'apparat en majolique de Thoune avec une sur\u00e9l\u00e9vation au milieu et une riche d\u00e9coration ; grande coupe en c\u00e9ramique sign\u00e9e Thoune au dos.","og_url":"https:\/\/www.robertzueblin.com\/fr\/majolique-de-thoune-ceramique-suisse-thun\/coupe-dapparat-avec-surelevation-au-centre-thoune-majolique\/","og_site_name":"ROBERT Z\u00dcBLIN","article_modified_time":"2025-06-09T17:06:10+00:00","og_image":[{"width":1000,"height":1000,"url":"https:\/\/www.robertzueblin.com\/wp-content\/uploads\/thoune-majolique-coupe-apparat-surelevation-centre-photo-couverture.jpg","type":"image\/jpeg"}],"twitter_card":"summary_large_image","schema":{"@context":"https:\/\/schema.org","@graph":[{"@type":"WebPage","@id":"https:\/\/www.robertzueblin.com\/fr\/majolique-de-thoune-ceramique-suisse-thun\/coupe-dapparat-avec-surelevation-au-centre-thoune-majolique\/","url":"https:\/\/www.robertzueblin.com\/fr\/majolique-de-thoune-ceramique-suisse-thun\/coupe-dapparat-avec-surelevation-au-centre-thoune-majolique\/","name":"Coupe d'apparat avec sur\u00e9l\u00e9vation au centre - Thoune majolique","isPartOf":{"@id":"https:\/\/www.robertzueblin.com\/fr\/#website"},"primaryImageOfPage":{"@id":"https:\/\/www.robertzueblin.com\/fr\/majolique-de-thoune-ceramique-suisse-thun\/coupe-dapparat-avec-surelevation-au-centre-thoune-majolique\/#primaryimage"},"image":{"@id":"https:\/\/www.robertzueblin.com\/fr\/majolique-de-thoune-ceramique-suisse-thun\/coupe-dapparat-avec-surelevation-au-centre-thoune-majolique\/#primaryimage"},"thumbnailUrl":"https:\/\/www.robertzueblin.com\/wp-content\/uploads\/thoune-majolique-coupe-apparat-surelevation-centre-photo-couverture.jpg","datePublished":"2024-12-21T11:42:43+00:00","dateModified":"2025-06-09T17:06:10+00:00","description":"Grande coupe d'apparat en majolique de Thoune avec une sur\u00e9l\u00e9vation au milieu et une riche d\u00e9coration ; grande coupe en c\u00e9ramique sign\u00e9e Thoune au dos.","breadcrumb":{"@id":"https:\/\/www.robertzueblin.com\/fr\/majolique-de-thoune-ceramique-suisse-thun\/coupe-dapparat-avec-surelevation-au-centre-thoune-majolique\/#breadcrumb"},"inLanguage":"fr-FR","potentialAction":[{"@type":"ReadAction","target":["https:\/\/www.robertzueblin.com\/fr\/majolique-de-thoune-ceramique-suisse-thun\/coupe-dapparat-avec-surelevation-au-centre-thoune-majolique\/"]}]},{"@type":"ImageObject","inLanguage":"fr-FR","@id":"https:\/\/www.robertzueblin.com\/fr\/majolique-de-thoune-ceramique-suisse-thun\/coupe-dapparat-avec-surelevation-au-centre-thoune-majolique\/#primaryimage","url":"https:\/\/www.robertzueblin.com\/wp-content\/uploads\/thoune-majolique-coupe-apparat-surelevation-centre-photo-couverture.jpg","contentUrl":"https:\/\/www.robertzueblin.com\/wp-content\/uploads\/thoune-majolique-coupe-apparat-surelevation-centre-photo-couverture.jpg","width":1000,"height":1000},{"@type":"BreadcrumbList","@id":"https:\/\/www.robertzueblin.com\/fr\/majolique-de-thoune-ceramique-suisse-thun\/coupe-dapparat-avec-surelevation-au-centre-thoune-majolique\/#breadcrumb","itemListElement":[{"@type":"ListItem","position":1,"name":"Startseite","item":"https:\/\/www.robertzueblin.com\/fr\/"},{"@type":"ListItem","position":2,"name":"Galerie d&#8217;art en ligne (boutique en ligne)","item":"https:\/\/www.robertzueblin.com\/fr\/galerie-d-art-en-ligne\/"},{"@type":"ListItem","position":3,"name":"Coupe d&#8217;apparat avec sur\u00e9l\u00e9vation au centre &#8211; Thoune majolique"}]},{"@type":"WebSite","@id":"https:\/\/www.robertzueblin.com\/fr\/#website","url":"https:\/\/www.robertzueblin.com\/fr\/","name":"ROBERT Z\u00dcBLIN","description":"","publisher":{"@id":"https:\/\/www.robertzueblin.com\/fr\/#organization"},"potentialAction":[{"@type":"SearchAction","target":{"@type":"EntryPoint","urlTemplate":"https:\/\/www.robertzueblin.com\/fr\/?s={search_term_string}"},"query-input":{"@type":"PropertyValueSpecification","valueRequired":true,"valueName":"search_term_string"}}],"inLanguage":"fr-FR"},{"@type":"Organization","@id":"https:\/\/www.robertzueblin.com\/fr\/#organization","name":"ROBERT Z\u00dcBLIN","url":"https:\/\/www.robertzueblin.com\/fr\/","logo":{"@type":"ImageObject","inLanguage":"fr-FR","@id":"https:\/\/www.robertzueblin.com\/fr\/#\/schema\/logo\/image\/","url":"https:\/\/www.robertzueblin.com\/wp-content\/uploads\/cropped-cropped-logo-von-robert-zueblin.jpg","contentUrl":"https:\/\/www.robertzueblin.com\/wp-content\/uploads\/cropped-cropped-logo-von-robert-zueblin.jpg","width":440,"height":60,"caption":"ROBERT Z\u00dcBLIN"},"image":{"@id":"https:\/\/www.robertzueblin.com\/fr\/#\/schema\/logo\/image\/"}}]}},"_links":{"self":[{"href":"https:\/\/www.robertzueblin.com\/fr\/wp-json\/wp\/v2\/product\/42355","targetHints":{"allow":["GET"]}}],"collection":[{"href":"https:\/\/www.robertzueblin.com\/fr\/wp-json\/wp\/v2\/product"}],"about":[{"href":"https:\/\/www.robertzueblin.com\/fr\/wp-json\/wp\/v2\/types\/product"}],"wp:featuredmedia":[{"embeddable":true,"href":"https:\/\/www.robertzueblin.com\/fr\/wp-json\/wp\/v2\/media\/42359"}],"wp:attachment":[{"href":"https:\/\/www.robertzueblin.com\/fr\/wp-json\/wp\/v2\/media?parent=42355"}],"wp:term":[{"taxonomy":"product_brand","embeddable":true,"href":"https:\/\/www.robertzueblin.com\/fr\/wp-json\/wp\/v2\/product_brand?post=42355"},{"taxonomy":"product_cat","embeddable":true,"href":"https:\/\/www.robertzueblin.com\/fr\/wp-json\/wp\/v2\/product_cat?post=42355"},{"taxonomy":"product_tag","embeddable":true,"href":"https:\/\/www.robertzueblin.com\/fr\/wp-json\/wp\/v2\/product_tag?post=42355"}],"curies":[{"name":"wp","href":"https:\/\/api.w.org\/{rel}","templated":true}]}}