{"id":41297,"date":"2024-11-24T15:08:51","date_gmt":"2024-11-24T14:11:03","guid":{"rendered":"https:\/\/www.robertzueblin.com\/?post_type=product&#038;p=41297"},"modified":"2025-06-09T19:04:27","modified_gmt":"2025-06-09T17:04:27","slug":"ursula-scheid-1932-%e2%80%a0-2008-boite-plate-poterie-datelier","status":"publish","type":"product","link":"https:\/\/www.robertzueblin.com\/fr\/ursula-scheid\/boite-plate-poterie-datelier\/","title":{"rendered":"Ursula SCHEID (* 1932, \u2020 2008) &#8211; Bo\u00eete plate &#8211; Poterie d&rsquo;atelier"},"content":{"rendered":"<p><span style=\"font-family: AkkoPro-BoldCondensed!important\">Type :<\/span> <a href=\"https:\/\/www.robertzueblin.com\/fr\/poterie-d-atelier-ceramique-de-studio\">poterie d&rsquo;atelier<\/a><\/p>\n<p><span style=\"font-family: AkkoPro-BoldCondensed!important\">\u00c9bauche :<\/span> <a href=\"https:\/\/www.robertzueblin.com\/fr\/ursula-scheid\/\">Ursula Scheid<\/a> (* 1932, \u2020 2008)<\/p>\n<p><span style=\"font-family: AkkoPro-BoldCondensed!important\">R\u00e9alisation :<\/span> <a href=\"https:\/\/www.robertzueblin.com\/fr\/ursula-scheid\/\">Ursula Scheid<\/a> (* 1932, \u2020 2008)<\/p>\n<p><span style=\"font-family: AkkoPro-BoldCondensed!important\">Objet :<\/span> bo\u00eete<\/p>\n<p><span style=\"font-family: AkkoPro-BoldCondensed!important\">Dimensions :<\/span> hauteur : 3 cm, largeur : 6,8 cm<\/p>\n<p><span style=\"font-family: AkkoPro-BoldCondensed!important\">Tesson :<\/span> claire<\/p>\n<p><span style=\"font-family: AkkoPro-BoldCondensed!important\">Surface :<\/span> verte, brune et grise<\/p>\n<p><span style=\"font-family: AkkoPro-BoldCondensed!important\">Ann\u00e9e de fabrication :<\/span> 1972<\/p>\n<p><span style=\"font-family: AkkoPro-BoldCondensed!important\">\u00c9tat :<\/span> pr\u00e9sence minimale de puces sur les bords<\/p>\n<p><span style=\"font-family: AkkoPro-BoldCondensed!important\">Signature\/marque :<\/span> SCHEID, S torsad\u00e9 au milieu et 72, le tout dans un cercle<\/p>\n","protected":false},"excerpt":{"rendered":"<p>Type : poterie d&rsquo;atelier \u00c9bauche : Ursula Scheid (* 1932, \u2020 2008) R\u00e9alisation : Ursula Scheid (* 1932, \u2020 2008) Objet : bo\u00eete Dimensions : hauteur : 3 cm, largeur : 6,8 cm Tesson : claire Surface : verte, brune et grise Ann\u00e9e de fabrication : 1972 \u00c9tat : pr\u00e9sence minimale de puces sur les [&hellip;]<\/p>\n","protected":false},"featured_media":41305,"template":"","meta":[],"product_brand":[],"product_cat":[665],"product_tag":[],"class_list":{"0":"post-41297","1":"product","2":"type-product","3":"status-publish","4":"has-post-thumbnail","6":"product_cat-ursula-scheid","8":"first","9":"instock","10":"sold-individually","11":"shipping-taxable","12":"purchasable","13":"product-type-simple"},"yoast_head":"<!-- This site is optimized with the Yoast SEO plugin v27.4 - https:\/\/yoast.com\/product\/yoast-seo-wordpress\/ -->\n<title>Ursula SCHEID (* 1932, \u2020 2008) - Bo\u00eete plate - Poterie d&#039;atelier<\/title>\n<meta name=\"description\" content=\"Bo\u00eete plate en c\u00e9ramique de la c\u00e9ramiste de studio Ursula SCHEID (* 1932, \u2020 2008) ; la bo\u00eete est de couleur verte, grise, brune et date de 1972.\" \/>\n<meta name=\"robots\" content=\"index, follow, max-snippet:-1, max-image-preview:large, max-video-preview:-1\" \/>\n<link rel=\"canonical\" href=\"https:\/\/www.robertzueblin.com\/fr\/ursula-scheid\/boite-plate-poterie-datelier\/\" \/>\n<meta property=\"og:locale\" content=\"fr_FR\" \/>\n<meta property=\"og:type\" content=\"article\" \/>\n<meta property=\"og:title\" content=\"Ursula SCHEID (* 1932, \u2020 2008) - Bo\u00eete plate - Poterie d&#039;atelier\" \/>\n<meta property=\"og:description\" content=\"Bo\u00eete plate en c\u00e9ramique de la c\u00e9ramiste de studio Ursula SCHEID (* 1932, \u2020 2008) ; la bo\u00eete est de couleur verte, grise, brune et date de 1972.\" \/>\n<meta property=\"og:url\" content=\"https:\/\/www.robertzueblin.com\/fr\/ursula-scheid\/boite-plate-poterie-datelier\/\" \/>\n<meta property=\"og:site_name\" content=\"ROBERT Z\u00dcBLIN\" \/>\n<meta property=\"article:modified_time\" content=\"2025-06-09T17:04:27+00:00\" \/>\n<meta property=\"og:image\" content=\"https:\/\/www.robertzueblin.com\/wp-content\/uploads\/ursula-scheid-poterie-atelier-boite-plate-photo-couverture.jpg\" \/>\n\t<meta property=\"og:image:width\" content=\"1000\" \/>\n\t<meta property=\"og:image:height\" content=\"1000\" \/>\n\t<meta property=\"og:image:type\" content=\"image\/jpeg\" \/>\n<meta name=\"twitter:card\" content=\"summary_large_image\" \/>\n<script type=\"application\/ld+json\" class=\"yoast-schema-graph\">{\"@context\":\"https:\\\/\\\/schema.org\",\"@graph\":[{\"@type\":\"WebPage\",\"@id\":\"https:\\\/\\\/www.robertzueblin.com\\\/fr\\\/ursula-scheid\\\/boite-plate-poterie-datelier\\\/\",\"url\":\"https:\\\/\\\/www.robertzueblin.com\\\/fr\\\/ursula-scheid\\\/boite-plate-poterie-datelier\\\/\",\"name\":\"Ursula SCHEID (* 1932, \u2020 2008) - Bo\u00eete plate - Poterie d'atelier\",\"isPartOf\":{\"@id\":\"https:\\\/\\\/www.robertzueblin.com\\\/fr\\\/#website\"},\"primaryImageOfPage\":{\"@id\":\"https:\\\/\\\/www.robertzueblin.com\\\/fr\\\/ursula-scheid\\\/boite-plate-poterie-datelier\\\/#primaryimage\"},\"image\":{\"@id\":\"https:\\\/\\\/www.robertzueblin.com\\\/fr\\\/ursula-scheid\\\/boite-plate-poterie-datelier\\\/#primaryimage\"},\"thumbnailUrl\":\"https:\\\/\\\/www.robertzueblin.com\\\/wp-content\\\/uploads\\\/ursula-scheid-poterie-atelier-boite-plate-photo-couverture.jpg\",\"datePublished\":\"2024-11-24T14:11:03+00:00\",\"dateModified\":\"2025-06-09T17:04:27+00:00\",\"description\":\"Bo\u00eete plate en c\u00e9ramique de la c\u00e9ramiste de studio Ursula SCHEID (* 1932, \u2020 2008) ; la bo\u00eete est de couleur verte, grise, brune et date de 1972.\",\"breadcrumb\":{\"@id\":\"https:\\\/\\\/www.robertzueblin.com\\\/fr\\\/ursula-scheid\\\/boite-plate-poterie-datelier\\\/#breadcrumb\"},\"inLanguage\":\"fr-FR\",\"potentialAction\":[{\"@type\":\"ReadAction\",\"target\":[\"https:\\\/\\\/www.robertzueblin.com\\\/fr\\\/ursula-scheid\\\/boite-plate-poterie-datelier\\\/\"]}]},{\"@type\":\"ImageObject\",\"inLanguage\":\"fr-FR\",\"@id\":\"https:\\\/\\\/www.robertzueblin.com\\\/fr\\\/ursula-scheid\\\/boite-plate-poterie-datelier\\\/#primaryimage\",\"url\":\"https:\\\/\\\/www.robertzueblin.com\\\/wp-content\\\/uploads\\\/ursula-scheid-poterie-atelier-boite-plate-photo-couverture.jpg\",\"contentUrl\":\"https:\\\/\\\/www.robertzueblin.com\\\/wp-content\\\/uploads\\\/ursula-scheid-poterie-atelier-boite-plate-photo-couverture.jpg\",\"width\":1000,\"height\":1000},{\"@type\":\"BreadcrumbList\",\"@id\":\"https:\\\/\\\/www.robertzueblin.com\\\/fr\\\/ursula-scheid\\\/boite-plate-poterie-datelier\\\/#breadcrumb\",\"itemListElement\":[{\"@type\":\"ListItem\",\"position\":1,\"name\":\"Startseite\",\"item\":\"https:\\\/\\\/www.robertzueblin.com\\\/fr\\\/\"},{\"@type\":\"ListItem\",\"position\":2,\"name\":\"Galerie d&#8217;art en ligne (boutique en ligne)\",\"item\":\"https:\\\/\\\/www.robertzueblin.com\\\/fr\\\/galerie-d-art-en-ligne\\\/\"},{\"@type\":\"ListItem\",\"position\":3,\"name\":\"Ursula SCHEID (* 1932, \u2020 2008) &#8211; Bo\u00eete plate &#8211; Poterie d&#8217;atelier\"}]},{\"@type\":\"WebSite\",\"@id\":\"https:\\\/\\\/www.robertzueblin.com\\\/fr\\\/#website\",\"url\":\"https:\\\/\\\/www.robertzueblin.com\\\/fr\\\/\",\"name\":\"ROBERT Z\u00dcBLIN\",\"description\":\"\",\"publisher\":{\"@id\":\"https:\\\/\\\/www.robertzueblin.com\\\/fr\\\/#organization\"},\"potentialAction\":[{\"@type\":\"SearchAction\",\"target\":{\"@type\":\"EntryPoint\",\"urlTemplate\":\"https:\\\/\\\/www.robertzueblin.com\\\/fr\\\/?s={search_term_string}\"},\"query-input\":{\"@type\":\"PropertyValueSpecification\",\"valueRequired\":true,\"valueName\":\"search_term_string\"}}],\"inLanguage\":\"fr-FR\"},{\"@type\":\"Organization\",\"@id\":\"https:\\\/\\\/www.robertzueblin.com\\\/fr\\\/#organization\",\"name\":\"ROBERT Z\u00dcBLIN\",\"url\":\"https:\\\/\\\/www.robertzueblin.com\\\/fr\\\/\",\"logo\":{\"@type\":\"ImageObject\",\"inLanguage\":\"fr-FR\",\"@id\":\"https:\\\/\\\/www.robertzueblin.com\\\/fr\\\/#\\\/schema\\\/logo\\\/image\\\/\",\"url\":\"https:\\\/\\\/www.robertzueblin.com\\\/wp-content\\\/uploads\\\/cropped-cropped-logo-von-robert-zueblin.jpg\",\"contentUrl\":\"https:\\\/\\\/www.robertzueblin.com\\\/wp-content\\\/uploads\\\/cropped-cropped-logo-von-robert-zueblin.jpg\",\"width\":440,\"height\":60,\"caption\":\"ROBERT Z\u00dcBLIN\"},\"image\":{\"@id\":\"https:\\\/\\\/www.robertzueblin.com\\\/fr\\\/#\\\/schema\\\/logo\\\/image\\\/\"}}]}<\/script>\n<!-- \/ Yoast SEO plugin. -->","yoast_head_json":{"title":"Ursula SCHEID (* 1932, \u2020 2008) - Bo\u00eete plate - Poterie d'atelier","description":"Bo\u00eete plate en c\u00e9ramique de la c\u00e9ramiste de studio Ursula SCHEID (* 1932, \u2020 2008) ; la bo\u00eete est de couleur verte, grise, brune et date de 1972.","robots":{"index":"index","follow":"follow","max-snippet":"max-snippet:-1","max-image-preview":"max-image-preview:large","max-video-preview":"max-video-preview:-1"},"canonical":"https:\/\/www.robertzueblin.com\/fr\/ursula-scheid\/boite-plate-poterie-datelier\/","og_locale":"fr_FR","og_type":"article","og_title":"Ursula SCHEID (* 1932, \u2020 2008) - Bo\u00eete plate - Poterie d'atelier","og_description":"Bo\u00eete plate en c\u00e9ramique de la c\u00e9ramiste de studio Ursula SCHEID (* 1932, \u2020 2008) ; la bo\u00eete est de couleur verte, grise, brune et date de 1972.","og_url":"https:\/\/www.robertzueblin.com\/fr\/ursula-scheid\/boite-plate-poterie-datelier\/","og_site_name":"ROBERT Z\u00dcBLIN","article_modified_time":"2025-06-09T17:04:27+00:00","og_image":[{"width":1000,"height":1000,"url":"https:\/\/www.robertzueblin.com\/wp-content\/uploads\/ursula-scheid-poterie-atelier-boite-plate-photo-couverture.jpg","type":"image\/jpeg"}],"twitter_card":"summary_large_image","schema":{"@context":"https:\/\/schema.org","@graph":[{"@type":"WebPage","@id":"https:\/\/www.robertzueblin.com\/fr\/ursula-scheid\/boite-plate-poterie-datelier\/","url":"https:\/\/www.robertzueblin.com\/fr\/ursula-scheid\/boite-plate-poterie-datelier\/","name":"Ursula SCHEID (* 1932, \u2020 2008) - Bo\u00eete plate - Poterie d'atelier","isPartOf":{"@id":"https:\/\/www.robertzueblin.com\/fr\/#website"},"primaryImageOfPage":{"@id":"https:\/\/www.robertzueblin.com\/fr\/ursula-scheid\/boite-plate-poterie-datelier\/#primaryimage"},"image":{"@id":"https:\/\/www.robertzueblin.com\/fr\/ursula-scheid\/boite-plate-poterie-datelier\/#primaryimage"},"thumbnailUrl":"https:\/\/www.robertzueblin.com\/wp-content\/uploads\/ursula-scheid-poterie-atelier-boite-plate-photo-couverture.jpg","datePublished":"2024-11-24T14:11:03+00:00","dateModified":"2025-06-09T17:04:27+00:00","description":"Bo\u00eete plate en c\u00e9ramique de la c\u00e9ramiste de studio Ursula SCHEID (* 1932, \u2020 2008) ; la bo\u00eete est de couleur verte, grise, brune et date de 1972.","breadcrumb":{"@id":"https:\/\/www.robertzueblin.com\/fr\/ursula-scheid\/boite-plate-poterie-datelier\/#breadcrumb"},"inLanguage":"fr-FR","potentialAction":[{"@type":"ReadAction","target":["https:\/\/www.robertzueblin.com\/fr\/ursula-scheid\/boite-plate-poterie-datelier\/"]}]},{"@type":"ImageObject","inLanguage":"fr-FR","@id":"https:\/\/www.robertzueblin.com\/fr\/ursula-scheid\/boite-plate-poterie-datelier\/#primaryimage","url":"https:\/\/www.robertzueblin.com\/wp-content\/uploads\/ursula-scheid-poterie-atelier-boite-plate-photo-couverture.jpg","contentUrl":"https:\/\/www.robertzueblin.com\/wp-content\/uploads\/ursula-scheid-poterie-atelier-boite-plate-photo-couverture.jpg","width":1000,"height":1000},{"@type":"BreadcrumbList","@id":"https:\/\/www.robertzueblin.com\/fr\/ursula-scheid\/boite-plate-poterie-datelier\/#breadcrumb","itemListElement":[{"@type":"ListItem","position":1,"name":"Startseite","item":"https:\/\/www.robertzueblin.com\/fr\/"},{"@type":"ListItem","position":2,"name":"Galerie d&#8217;art en ligne (boutique en ligne)","item":"https:\/\/www.robertzueblin.com\/fr\/galerie-d-art-en-ligne\/"},{"@type":"ListItem","position":3,"name":"Ursula SCHEID (* 1932, \u2020 2008) &#8211; Bo\u00eete plate &#8211; Poterie d&#8217;atelier"}]},{"@type":"WebSite","@id":"https:\/\/www.robertzueblin.com\/fr\/#website","url":"https:\/\/www.robertzueblin.com\/fr\/","name":"ROBERT Z\u00dcBLIN","description":"","publisher":{"@id":"https:\/\/www.robertzueblin.com\/fr\/#organization"},"potentialAction":[{"@type":"SearchAction","target":{"@type":"EntryPoint","urlTemplate":"https:\/\/www.robertzueblin.com\/fr\/?s={search_term_string}"},"query-input":{"@type":"PropertyValueSpecification","valueRequired":true,"valueName":"search_term_string"}}],"inLanguage":"fr-FR"},{"@type":"Organization","@id":"https:\/\/www.robertzueblin.com\/fr\/#organization","name":"ROBERT Z\u00dcBLIN","url":"https:\/\/www.robertzueblin.com\/fr\/","logo":{"@type":"ImageObject","inLanguage":"fr-FR","@id":"https:\/\/www.robertzueblin.com\/fr\/#\/schema\/logo\/image\/","url":"https:\/\/www.robertzueblin.com\/wp-content\/uploads\/cropped-cropped-logo-von-robert-zueblin.jpg","contentUrl":"https:\/\/www.robertzueblin.com\/wp-content\/uploads\/cropped-cropped-logo-von-robert-zueblin.jpg","width":440,"height":60,"caption":"ROBERT Z\u00dcBLIN"},"image":{"@id":"https:\/\/www.robertzueblin.com\/fr\/#\/schema\/logo\/image\/"}}]}},"_links":{"self":[{"href":"https:\/\/www.robertzueblin.com\/fr\/wp-json\/wp\/v2\/product\/41297","targetHints":{"allow":["GET"]}}],"collection":[{"href":"https:\/\/www.robertzueblin.com\/fr\/wp-json\/wp\/v2\/product"}],"about":[{"href":"https:\/\/www.robertzueblin.com\/fr\/wp-json\/wp\/v2\/types\/product"}],"wp:featuredmedia":[{"embeddable":true,"href":"https:\/\/www.robertzueblin.com\/fr\/wp-json\/wp\/v2\/media\/41305"}],"wp:attachment":[{"href":"https:\/\/www.robertzueblin.com\/fr\/wp-json\/wp\/v2\/media?parent=41297"}],"wp:term":[{"taxonomy":"product_brand","embeddable":true,"href":"https:\/\/www.robertzueblin.com\/fr\/wp-json\/wp\/v2\/product_brand?post=41297"},{"taxonomy":"product_cat","embeddable":true,"href":"https:\/\/www.robertzueblin.com\/fr\/wp-json\/wp\/v2\/product_cat?post=41297"},{"taxonomy":"product_tag","embeddable":true,"href":"https:\/\/www.robertzueblin.com\/fr\/wp-json\/wp\/v2\/product_tag?post=41297"}],"curies":[{"name":"wp","href":"https:\/\/api.w.org\/{rel}","templated":true}]}}