{"id":37060,"date":"2024-03-01T18:46:15","date_gmt":"2024-03-01T17:46:15","guid":{"rendered":"https:\/\/www.robertzueblin.com\/?post_type=product&#038;p=37060"},"modified":"2025-11-06T19:43:35","modified_gmt":"2025-11-06T18:43:35","slug":"otto-gampert-1842-%e2%80%a0-1924-paysage-des-prealpes-peinture-a-lhuile","status":"publish","type":"product","link":"https:\/\/www.robertzueblin.com\/fr\/otto-gampert\/paysage-des-prealpes-peinture-a-lhuile\/","title":{"rendered":"Otto GAMPERT (* 1842, \u2020 1924) &#8211; Paysage des Pr\u00e9alpes &#8211; Peinture \u00e0 l&rsquo;huile"},"content":{"rendered":"<p><span style=\"font-family: AkkoPro-BoldCondensed!important\">Type :<\/span> <a href=\"\/?post_format=peinture\">peinture<\/a><\/p>\n<p><span style=\"font-family: AkkoPro-BoldCondensed!important\">Peintre :<\/span> <a href=\"https:\/\/www.robertzueblin.com\/fr\/otto-gampert\/\">Otto Gampert<\/a> (* 1842, \u2020 1924)<\/p>\n<p><span style=\"font-family: AkkoPro-BoldCondensed!important\">Objet :<\/span> <a href=\"https:\/\/www.robertzueblin.com\/fr\/peintures-a-l-huile\/\">peinture \u00e0 l&rsquo;huile<\/a><\/p>\n<p><span style=\"font-family: AkkoPro-BoldCondensed!important\">Mat\u00e9riau :<\/span> huile sur carton<\/p>\n<p><span style=\"font-family: AkkoPro-BoldCondensed!important\">Dimensions :<\/span> hauteur : 32,5 cm, largeur : 45,5 cm ; avec cadre : Hauteur : 53 cm, Largeur : 67 cm<\/p>\n<p><span style=\"font-family: AkkoPro-BoldCondensed!important\">Ann\u00e9e de fabrication :<\/span> vers 1900<\/p>\n<p><span style=\"font-family: AkkoPro-BoldCondensed!important\">\u00c9tat :<\/span> Peinture: deux dommages d&rsquo;environ 1 cm sur le bord, une fissure de cheveux sur une longueur d&rsquo;environ 10 cm dans la peinture, dans l&rsquo;ensemble un \u00e9tat tr\u00e8s respectable; cadre : partiellement cass\u00e9, partiellement us\u00e9, partiellement perte de surface, partiellement manques.<\/p>\n<p><span style=\"font-family: AkkoPro-BoldCondensed!important\">Signature:<\/span> O.G.<\/p>\n<p><span style=\"font-family: AkkoPro-BoldCondensed!important\">D\u00e9tails :<\/span><br \/>\nTr\u00e8s belle huile sur toile du peintre suisse Otto Gampert, qui a v\u00e9cu \u00e0 Munich (Allemagne) de 1883 \u00e0 1919. Le sujet du tableau est un paysage des Pr\u00e9alpes, probablement dans le sud de l&rsquo;Allemagne.  <\/p>\n<p>Au verso se trouve une \u00e9tiquette de l&rsquo;entreprise \u00ab\u00a0W. Spindler\u00a0\u00bb, d&rsquo;o\u00f9 provient probablement le carton sur lequel est peint le tableau. L&rsquo;\u00e9tiquette porte l&rsquo;inscription \u00ab\u00a0W. Spindler. F\u00e4rberei-Chemische Waschanstalt von Kleidern, M\u00f6belstoffen, etc., BERLIN, C. UND SPINDLERSFELD.\u00a0\u00bb.<\/p>\n","protected":false},"excerpt":{"rendered":"<p><span style=\"color: #e2401c;\">&#x25cf;<\/span><span> vendu<\/span><\/p>\n","protected":false},"featured_media":37064,"template":"","meta":[],"product_brand":[],"product_cat":[776,568,496],"product_tag":[],"class_list":{"0":"post-37060","1":"product","2":"type-product","3":"status-publish","4":"has-post-thumbnail","6":"product_cat-peinture","7":"product_cat-otto-gampert","8":"product_cat-peintures-a-l-huile","10":"first","11":"outofstock","12":"sold-individually","13":"shipping-taxable","14":"product-type-simple"},"yoast_head":"<!-- This site is optimized with the Yoast SEO plugin v27.4 - https:\/\/yoast.com\/product\/yoast-seo-wordpress\/ -->\n<title>Otto GAMPERT - Paysage des Pr\u00e9alpes - Peinture \u00e0 l&#039;huile<\/title>\n<meta name=\"description\" content=\"Tr\u00e8s belle peinture \u00e0 l&#039;huile d&#039;Otto Gampert avec paysage des Pr\u00e9alpes et cadre impressionnant ; au verso &quot;W. Spindler. F\u00e4rberei-Chemische Waschanstalt&quot;.\" \/>\n<meta name=\"robots\" content=\"index, follow, max-snippet:-1, max-image-preview:large, max-video-preview:-1\" \/>\n<link rel=\"canonical\" href=\"https:\/\/www.robertzueblin.com\/fr\/otto-gampert\/paysage-des-prealpes-peinture-a-lhuile\/\" \/>\n<meta property=\"og:locale\" content=\"fr_FR\" \/>\n<meta property=\"og:type\" content=\"article\" \/>\n<meta property=\"og:title\" content=\"Otto GAMPERT - Paysage des Pr\u00e9alpes - Peinture \u00e0 l&#039;huile\" \/>\n<meta property=\"og:description\" content=\"Tr\u00e8s belle peinture \u00e0 l&#039;huile d&#039;Otto Gampert avec paysage des Pr\u00e9alpes et cadre impressionnant ; au verso &quot;W. Spindler. F\u00e4rberei-Chemische Waschanstalt&quot;.\" \/>\n<meta property=\"og:url\" content=\"https:\/\/www.robertzueblin.com\/fr\/otto-gampert\/paysage-des-prealpes-peinture-a-lhuile\/\" \/>\n<meta property=\"og:site_name\" content=\"ROBERT Z\u00dcBLIN\" \/>\n<meta property=\"article:modified_time\" content=\"2025-11-06T18:43:35+00:00\" \/>\n<meta property=\"og:image\" content=\"https:\/\/www.robertzueblin.com\/wp-content\/uploads\/otto-gampert-peinture-huile-paysage-prealpes-photo-couverture.jpg\" \/>\n\t<meta property=\"og:image:width\" content=\"1000\" \/>\n\t<meta property=\"og:image:height\" content=\"696\" \/>\n\t<meta property=\"og:image:type\" content=\"image\/jpeg\" \/>\n<meta name=\"twitter:card\" content=\"summary_large_image\" \/>\n<script type=\"application\/ld+json\" class=\"yoast-schema-graph\">{\"@context\":\"https:\\\/\\\/schema.org\",\"@graph\":[{\"@type\":\"WebPage\",\"@id\":\"https:\\\/\\\/www.robertzueblin.com\\\/fr\\\/otto-gampert\\\/paysage-des-prealpes-peinture-a-lhuile\\\/\",\"url\":\"https:\\\/\\\/www.robertzueblin.com\\\/fr\\\/otto-gampert\\\/paysage-des-prealpes-peinture-a-lhuile\\\/\",\"name\":\"Otto GAMPERT - Paysage des Pr\u00e9alpes - Peinture \u00e0 l'huile\",\"isPartOf\":{\"@id\":\"https:\\\/\\\/www.robertzueblin.com\\\/fr\\\/#website\"},\"primaryImageOfPage\":{\"@id\":\"https:\\\/\\\/www.robertzueblin.com\\\/fr\\\/otto-gampert\\\/paysage-des-prealpes-peinture-a-lhuile\\\/#primaryimage\"},\"image\":{\"@id\":\"https:\\\/\\\/www.robertzueblin.com\\\/fr\\\/otto-gampert\\\/paysage-des-prealpes-peinture-a-lhuile\\\/#primaryimage\"},\"thumbnailUrl\":\"https:\\\/\\\/www.robertzueblin.com\\\/wp-content\\\/uploads\\\/otto-gampert-peinture-huile-paysage-prealpes-photo-couverture.jpg\",\"datePublished\":\"2024-03-01T17:46:15+00:00\",\"dateModified\":\"2025-11-06T18:43:35+00:00\",\"description\":\"Tr\u00e8s belle peinture \u00e0 l'huile d'Otto Gampert avec paysage des Pr\u00e9alpes et cadre impressionnant ; au verso \\\"W. Spindler. F\u00e4rberei-Chemische Waschanstalt\\\".\",\"breadcrumb\":{\"@id\":\"https:\\\/\\\/www.robertzueblin.com\\\/fr\\\/otto-gampert\\\/paysage-des-prealpes-peinture-a-lhuile\\\/#breadcrumb\"},\"inLanguage\":\"fr-FR\",\"potentialAction\":[{\"@type\":\"ReadAction\",\"target\":[\"https:\\\/\\\/www.robertzueblin.com\\\/fr\\\/otto-gampert\\\/paysage-des-prealpes-peinture-a-lhuile\\\/\"]}]},{\"@type\":\"ImageObject\",\"inLanguage\":\"fr-FR\",\"@id\":\"https:\\\/\\\/www.robertzueblin.com\\\/fr\\\/otto-gampert\\\/paysage-des-prealpes-peinture-a-lhuile\\\/#primaryimage\",\"url\":\"https:\\\/\\\/www.robertzueblin.com\\\/wp-content\\\/uploads\\\/otto-gampert-peinture-huile-paysage-prealpes-photo-couverture.jpg\",\"contentUrl\":\"https:\\\/\\\/www.robertzueblin.com\\\/wp-content\\\/uploads\\\/otto-gampert-peinture-huile-paysage-prealpes-photo-couverture.jpg\",\"width\":1000,\"height\":696},{\"@type\":\"BreadcrumbList\",\"@id\":\"https:\\\/\\\/www.robertzueblin.com\\\/fr\\\/otto-gampert\\\/paysage-des-prealpes-peinture-a-lhuile\\\/#breadcrumb\",\"itemListElement\":[{\"@type\":\"ListItem\",\"position\":1,\"name\":\"Startseite\",\"item\":\"https:\\\/\\\/www.robertzueblin.com\\\/fr\\\/\"},{\"@type\":\"ListItem\",\"position\":2,\"name\":\"Galerie d&#8217;art en ligne (boutique en ligne)\",\"item\":\"https:\\\/\\\/www.robertzueblin.com\\\/fr\\\/galerie-d-art-en-ligne\\\/\"},{\"@type\":\"ListItem\",\"position\":3,\"name\":\"Otto GAMPERT (* 1842, \u2020 1924) &#8211; Paysage des Pr\u00e9alpes &#8211; Peinture \u00e0 l&#8217;huile\"}]},{\"@type\":\"WebSite\",\"@id\":\"https:\\\/\\\/www.robertzueblin.com\\\/fr\\\/#website\",\"url\":\"https:\\\/\\\/www.robertzueblin.com\\\/fr\\\/\",\"name\":\"ROBERT Z\u00dcBLIN\",\"description\":\"\",\"publisher\":{\"@id\":\"https:\\\/\\\/www.robertzueblin.com\\\/fr\\\/#organization\"},\"potentialAction\":[{\"@type\":\"SearchAction\",\"target\":{\"@type\":\"EntryPoint\",\"urlTemplate\":\"https:\\\/\\\/www.robertzueblin.com\\\/fr\\\/?s={search_term_string}\"},\"query-input\":{\"@type\":\"PropertyValueSpecification\",\"valueRequired\":true,\"valueName\":\"search_term_string\"}}],\"inLanguage\":\"fr-FR\"},{\"@type\":\"Organization\",\"@id\":\"https:\\\/\\\/www.robertzueblin.com\\\/fr\\\/#organization\",\"name\":\"ROBERT Z\u00dcBLIN\",\"url\":\"https:\\\/\\\/www.robertzueblin.com\\\/fr\\\/\",\"logo\":{\"@type\":\"ImageObject\",\"inLanguage\":\"fr-FR\",\"@id\":\"https:\\\/\\\/www.robertzueblin.com\\\/fr\\\/#\\\/schema\\\/logo\\\/image\\\/\",\"url\":\"https:\\\/\\\/www.robertzueblin.com\\\/wp-content\\\/uploads\\\/cropped-cropped-logo-von-robert-zueblin.jpg\",\"contentUrl\":\"https:\\\/\\\/www.robertzueblin.com\\\/wp-content\\\/uploads\\\/cropped-cropped-logo-von-robert-zueblin.jpg\",\"width\":440,\"height\":60,\"caption\":\"ROBERT Z\u00dcBLIN\"},\"image\":{\"@id\":\"https:\\\/\\\/www.robertzueblin.com\\\/fr\\\/#\\\/schema\\\/logo\\\/image\\\/\"}}]}<\/script>\n<!-- \/ Yoast SEO plugin. -->","yoast_head_json":{"title":"Otto GAMPERT - Paysage des Pr\u00e9alpes - Peinture \u00e0 l'huile","description":"Tr\u00e8s belle peinture \u00e0 l'huile d'Otto Gampert avec paysage des Pr\u00e9alpes et cadre impressionnant ; au verso \"W. Spindler. F\u00e4rberei-Chemische Waschanstalt\".","robots":{"index":"index","follow":"follow","max-snippet":"max-snippet:-1","max-image-preview":"max-image-preview:large","max-video-preview":"max-video-preview:-1"},"canonical":"https:\/\/www.robertzueblin.com\/fr\/otto-gampert\/paysage-des-prealpes-peinture-a-lhuile\/","og_locale":"fr_FR","og_type":"article","og_title":"Otto GAMPERT - Paysage des Pr\u00e9alpes - Peinture \u00e0 l'huile","og_description":"Tr\u00e8s belle peinture \u00e0 l'huile d'Otto Gampert avec paysage des Pr\u00e9alpes et cadre impressionnant ; au verso \"W. Spindler. F\u00e4rberei-Chemische Waschanstalt\".","og_url":"https:\/\/www.robertzueblin.com\/fr\/otto-gampert\/paysage-des-prealpes-peinture-a-lhuile\/","og_site_name":"ROBERT Z\u00dcBLIN","article_modified_time":"2025-11-06T18:43:35+00:00","og_image":[{"width":1000,"height":696,"url":"https:\/\/www.robertzueblin.com\/wp-content\/uploads\/otto-gampert-peinture-huile-paysage-prealpes-photo-couverture.jpg","type":"image\/jpeg"}],"twitter_card":"summary_large_image","schema":{"@context":"https:\/\/schema.org","@graph":[{"@type":"WebPage","@id":"https:\/\/www.robertzueblin.com\/fr\/otto-gampert\/paysage-des-prealpes-peinture-a-lhuile\/","url":"https:\/\/www.robertzueblin.com\/fr\/otto-gampert\/paysage-des-prealpes-peinture-a-lhuile\/","name":"Otto GAMPERT - Paysage des Pr\u00e9alpes - Peinture \u00e0 l'huile","isPartOf":{"@id":"https:\/\/www.robertzueblin.com\/fr\/#website"},"primaryImageOfPage":{"@id":"https:\/\/www.robertzueblin.com\/fr\/otto-gampert\/paysage-des-prealpes-peinture-a-lhuile\/#primaryimage"},"image":{"@id":"https:\/\/www.robertzueblin.com\/fr\/otto-gampert\/paysage-des-prealpes-peinture-a-lhuile\/#primaryimage"},"thumbnailUrl":"https:\/\/www.robertzueblin.com\/wp-content\/uploads\/otto-gampert-peinture-huile-paysage-prealpes-photo-couverture.jpg","datePublished":"2024-03-01T17:46:15+00:00","dateModified":"2025-11-06T18:43:35+00:00","description":"Tr\u00e8s belle peinture \u00e0 l'huile d'Otto Gampert avec paysage des Pr\u00e9alpes et cadre impressionnant ; au verso \"W. Spindler. F\u00e4rberei-Chemische Waschanstalt\".","breadcrumb":{"@id":"https:\/\/www.robertzueblin.com\/fr\/otto-gampert\/paysage-des-prealpes-peinture-a-lhuile\/#breadcrumb"},"inLanguage":"fr-FR","potentialAction":[{"@type":"ReadAction","target":["https:\/\/www.robertzueblin.com\/fr\/otto-gampert\/paysage-des-prealpes-peinture-a-lhuile\/"]}]},{"@type":"ImageObject","inLanguage":"fr-FR","@id":"https:\/\/www.robertzueblin.com\/fr\/otto-gampert\/paysage-des-prealpes-peinture-a-lhuile\/#primaryimage","url":"https:\/\/www.robertzueblin.com\/wp-content\/uploads\/otto-gampert-peinture-huile-paysage-prealpes-photo-couverture.jpg","contentUrl":"https:\/\/www.robertzueblin.com\/wp-content\/uploads\/otto-gampert-peinture-huile-paysage-prealpes-photo-couverture.jpg","width":1000,"height":696},{"@type":"BreadcrumbList","@id":"https:\/\/www.robertzueblin.com\/fr\/otto-gampert\/paysage-des-prealpes-peinture-a-lhuile\/#breadcrumb","itemListElement":[{"@type":"ListItem","position":1,"name":"Startseite","item":"https:\/\/www.robertzueblin.com\/fr\/"},{"@type":"ListItem","position":2,"name":"Galerie d&#8217;art en ligne (boutique en ligne)","item":"https:\/\/www.robertzueblin.com\/fr\/galerie-d-art-en-ligne\/"},{"@type":"ListItem","position":3,"name":"Otto GAMPERT (* 1842, \u2020 1924) &#8211; Paysage des Pr\u00e9alpes &#8211; Peinture \u00e0 l&#8217;huile"}]},{"@type":"WebSite","@id":"https:\/\/www.robertzueblin.com\/fr\/#website","url":"https:\/\/www.robertzueblin.com\/fr\/","name":"ROBERT Z\u00dcBLIN","description":"","publisher":{"@id":"https:\/\/www.robertzueblin.com\/fr\/#organization"},"potentialAction":[{"@type":"SearchAction","target":{"@type":"EntryPoint","urlTemplate":"https:\/\/www.robertzueblin.com\/fr\/?s={search_term_string}"},"query-input":{"@type":"PropertyValueSpecification","valueRequired":true,"valueName":"search_term_string"}}],"inLanguage":"fr-FR"},{"@type":"Organization","@id":"https:\/\/www.robertzueblin.com\/fr\/#organization","name":"ROBERT Z\u00dcBLIN","url":"https:\/\/www.robertzueblin.com\/fr\/","logo":{"@type":"ImageObject","inLanguage":"fr-FR","@id":"https:\/\/www.robertzueblin.com\/fr\/#\/schema\/logo\/image\/","url":"https:\/\/www.robertzueblin.com\/wp-content\/uploads\/cropped-cropped-logo-von-robert-zueblin.jpg","contentUrl":"https:\/\/www.robertzueblin.com\/wp-content\/uploads\/cropped-cropped-logo-von-robert-zueblin.jpg","width":440,"height":60,"caption":"ROBERT Z\u00dcBLIN"},"image":{"@id":"https:\/\/www.robertzueblin.com\/fr\/#\/schema\/logo\/image\/"}}]}},"_links":{"self":[{"href":"https:\/\/www.robertzueblin.com\/fr\/wp-json\/wp\/v2\/product\/37060","targetHints":{"allow":["GET"]}}],"collection":[{"href":"https:\/\/www.robertzueblin.com\/fr\/wp-json\/wp\/v2\/product"}],"about":[{"href":"https:\/\/www.robertzueblin.com\/fr\/wp-json\/wp\/v2\/types\/product"}],"wp:featuredmedia":[{"embeddable":true,"href":"https:\/\/www.robertzueblin.com\/fr\/wp-json\/wp\/v2\/media\/37064"}],"wp:attachment":[{"href":"https:\/\/www.robertzueblin.com\/fr\/wp-json\/wp\/v2\/media?parent=37060"}],"wp:term":[{"taxonomy":"product_brand","embeddable":true,"href":"https:\/\/www.robertzueblin.com\/fr\/wp-json\/wp\/v2\/product_brand?post=37060"},{"taxonomy":"product_cat","embeddable":true,"href":"https:\/\/www.robertzueblin.com\/fr\/wp-json\/wp\/v2\/product_cat?post=37060"},{"taxonomy":"product_tag","embeddable":true,"href":"https:\/\/www.robertzueblin.com\/fr\/wp-json\/wp\/v2\/product_tag?post=37060"}],"curies":[{"name":"wp","href":"https:\/\/api.w.org\/{rel}","templated":true}]}}