{"id":36476,"date":"2024-01-19T20:04:37","date_gmt":"2024-01-19T19:04:37","guid":{"rendered":"https:\/\/www.robertzueblin.com\/?post_type=product&#038;p=36476"},"modified":"2024-02-25T23:48:35","modified_gmt":"2024-02-25T22:48:35","slug":"barthelemy-menn-1815-%e2%80%a0-1893-paysage-peinture-a-lhuile","status":"publish","type":"product","link":"https:\/\/www.robertzueblin.com\/fr\/barthelemy-menn\/paysage-peinture-a-lhuile\/","title":{"rendered":"Barth\u00e9lemy MENN (* 1815, \u2020 1893) &#8211; Paysage &#8211; Peinture \u00e0 l&rsquo;huile"},"content":{"rendered":"<p><span style=\"font-family: AkkoPro-BoldCondensed!important\">Type :<\/span> <a href=\"https:\/\/www.robertzueblin.com\/fr\/type\/peinture\/\">peinture<\/a><\/p>\n<p><span style=\"font-family: AkkoPro-BoldCondensed!important\">Peintre :<\/span> <a href=\"https:\/\/www.robertzueblin.com\/fr\/barthelemy-menn\/\">Barth\u00e9lemy Menn<\/a> (* 1815, \u2020 1893)<\/p>\n<p><span style=\"font-family: AkkoPro-BoldCondensed!important\">Objet :<\/span> <a href=\"https:\/\/www.robertzueblin.com\/fr\/peintures-a-l-huile\/\">peinture \u00e0 l&rsquo;huile<\/a><\/p>\n<p><span style=\"font-family: AkkoPro-BoldCondensed!important\">Mat\u00e9riau :<\/span> huile sur cartonhuile sur papier, sur toile<\/p>\n<p><span style=\"font-family: AkkoPro-BoldCondensed!important\">Dimensions :<\/span> hauteur : 30 cm, largeur : 44 cm ; avec cadre : hauteur : 49,5 cm, largeur : 63,5 cm<\/p>\n<p><span style=\"font-family: AkkoPro-BoldCondensed!important\">Ann\u00e9e de fabrication :<\/span> deuxi\u00e8me moiti\u00e9 du 19e si\u00e8cle<\/p>\n<p><span style=\"font-family: AkkoPro-BoldCondensed!important\">\u00c9tat :<\/span> Le tableau a deux petites \u00e9raflures, le cadre a quelques endroits cass\u00e9s et des manques.<\/p>\n<p><span style=\"font-family: AkkoPro-BoldCondensed!important\">Signature:<\/span> sans (mais sur le cadre se trouve une plaquette avec l&rsquo;inscription \u00ab\u00a0By. Menn, 1815-1893\u00a0\u00bb)<\/p>\n<p><span style=\"font-family: AkkoPro-BoldCondensed!important\">D\u00e9tails :<\/span><br \/>\nCe tableau du peintre paysagiste suisse <a href=\"https:\/\/www.robertzueblin.com\/fr\/barthelemy-menn\/\">Barth\u00e9lemy Menn<\/a> a \u00e9t\u00e9 propos\u00e9 aux ench\u00e8res lors de la <a href=\"https:\/\/www.dobiaschofsky.com\/book_de\/A135_Schweizer_Kunst\/14\/index.html\">vente de printemps 2023 \u00e0 la maison de vente Dobiaschofsky \u00e0 Berne (Suisse)<\/a> [1], mais il est rest\u00e9 invendu. Dans la maison de vente \u00ab\u00a0Koller Auktionen\u00a0\u00bb, un <a href=\"https:\/\/www.kollerauktionen.ch\/de\/302996-0001-----5030-MENN_-BARTHELEMY-_1815-Genf-1-5030_132934.html?RecPos=5\">tableau de Menn similaire<\/a>, mais de dimensions l\u00e9g\u00e8rement inf\u00e9rieures, a \u00e9t\u00e9 vendu pour 5400 CHF (frais inclus) [2]. Les prix obtenus chez \u00ab\u00a0Koller Auktionen\u00a0\u00bb pour <a href=\"https:\/\/www.kollerauktionen.ch\/de\/fachgebiete\/gemaelde-des-19.-jahrhunderts\/menn_-barthelemy\/?show=detail\">d&rsquo;autres tableaux de Barth\u00e9lemy Menn<\/a> varient fortement [3].<\/p>\n<p>Le peintre Barth\u00e9lemy Menn est le principal repr\u00e9sentant de l&rsquo;\u00c9cole de Gen\u00e8ve, le principal repr\u00e9sentant du pleinairisme (peinture en plein air) en Suisse [4] et l&rsquo;un des principaux repr\u00e9sentants du \u00ab\u00a0Paysage intime\u00a0\u00bb. Ce style consistait \u00e0 repr\u00e9senter des fragments de nature simples du point de vue de l&rsquo;artiste, sans motifs historiques ou religieux. Le \u00ab\u00a0Paysage intime\u00a0\u00bb est consid\u00e9r\u00e9 comme le pr\u00e9d\u00e9cesseur et le fondateur de l&rsquo;impressionnisme.  <\/p>\n<p>Barth\u00e9lemy Menn rev\u00eat \u00e9galement une importance particuli\u00e8re pour avoir d\u00e9couvert, sponsoris\u00e9 et enseign\u00e9 Ferdinand Hodler, l&rsquo;un des plus grands peintres suisses.  <\/p>\n<p><em>Notes de bas de page :<\/em><br \/>\n[1] <a href=\"https:\/\/www.dobiaschofsky.com\/book_de\/A135_Schweizer_Kunst\/14\/index.html\">Dobiaschofsky, A135 printemps 2023, S\u00e9lection Art Suisse &#038; International, catalogue I, p. 12, lot 8.<\/a><br \/>\n[2] <a href=\"https:\/\/www.kollerauktionen.ch\/de\/302996-0001-----5030-MENN_-BARTHELEMY-_1815-Genf-1-5030_132934.html?RecPos=5\">Koller Auktionen : Lot 3004 BARTH\u00c9LEMY MENN, Vue sur le Lac L\u00e9man depuis Coinsins. Huile sur papier sur toile.<\/a><br \/>\n[3] <a href=\"https:\/\/www.kollerauktionen.ch\/de\/fachgebiete\/gemaelde-des-19.-jahrhunderts\/menn_-barthelemy\/?show=detail\">Koller Auktionen : OEUVRES DE NOS VENTES AUX ENCH\u00c8RES : MENN, BARTH\u00c9LEMY.<\/a><br \/>\n[4] Lukas Gloor et Peter Wegmann (\u00e9d.) : Im Licht der Romandie. Oskar Reinhart als Sammler von Westschweizer Kunst, Ostfildern-Ruit 2001, p. 181.<\/p>\n","protected":false},"excerpt":{"rendered":"<p>Type : peinture Peintre : Barth\u00e9lemy Menn (* 1815, \u2020 1893) Objet : peinture \u00e0 l&rsquo;huile Mat\u00e9riau : huile sur cartonhuile sur papier, sur toile Dimensions : hauteur : 30 cm, largeur : 44 cm ; avec cadre : hauteur : 49,5 cm, largeur : 63,5 cm Ann\u00e9e de fabrication : deuxi\u00e8me moiti\u00e9 du 19e [&hellip;]<\/p>\n","protected":false},"featured_media":36485,"template":"","meta":[],"product_brand":[],"product_cat":[776,547,496],"product_tag":[],"class_list":{"0":"post-36476","1":"product","2":"type-product","3":"status-publish","4":"has-post-thumbnail","6":"product_cat-peinture","7":"product_cat-barthelemy-menn","8":"product_cat-peintures-a-l-huile","10":"first","11":"instock","12":"sold-individually","13":"shipping-taxable","14":"purchasable","15":"product-type-simple"},"yoast_head":"<!-- This site is optimized with the Yoast SEO plugin v27.4 - https:\/\/yoast.com\/product\/yoast-seo-wordpress\/ -->\n<title>Barth\u00e9lemy Menn (* 1815, \u2020 1893) - Paysage - Peinture \u00e0 l&#039;huile<\/title>\n<meta name=\"description\" content=\"Peinture \u00e0 l&#039;huile Paysage du peintre Barth\u00e9lemy Menn, paysage intime de l&#039;un des principaux repr\u00e9sentants de l&#039;Ecole de Gen\u00e8ve.\" \/>\n<meta name=\"robots\" content=\"index, follow, max-snippet:-1, max-image-preview:large, max-video-preview:-1\" \/>\n<link rel=\"canonical\" href=\"https:\/\/www.robertzueblin.com\/fr\/barthelemy-menn\/paysage-peinture-a-lhuile\/\" \/>\n<meta property=\"og:locale\" content=\"fr_FR\" \/>\n<meta property=\"og:type\" content=\"article\" \/>\n<meta property=\"og:title\" content=\"Barth\u00e9lemy Menn (* 1815, \u2020 1893) - Paysage - Peinture \u00e0 l&#039;huile\" \/>\n<meta property=\"og:description\" content=\"Peinture \u00e0 l&#039;huile Paysage du peintre Barth\u00e9lemy Menn, paysage intime de l&#039;un des principaux repr\u00e9sentants de l&#039;Ecole de Gen\u00e8ve.\" \/>\n<meta property=\"og:url\" content=\"https:\/\/www.robertzueblin.com\/fr\/barthelemy-menn\/paysage-peinture-a-lhuile\/\" \/>\n<meta property=\"og:site_name\" content=\"ROBERT Z\u00dcBLIN\" \/>\n<meta property=\"article:modified_time\" content=\"2024-02-25T22:48:35+00:00\" \/>\n<meta property=\"og:image\" content=\"https:\/\/www.robertzueblin.com\/wp-content\/uploads\/barthelemy-menn-peinture-huile-paysage-photo-couverture.jpg\" \/>\n\t<meta property=\"og:image:width\" content=\"1500\" \/>\n\t<meta property=\"og:image:height\" content=\"1019\" \/>\n\t<meta property=\"og:image:type\" content=\"image\/jpeg\" \/>\n<meta name=\"twitter:card\" content=\"summary_large_image\" \/>\n<script type=\"application\/ld+json\" class=\"yoast-schema-graph\">{\"@context\":\"https:\\\/\\\/schema.org\",\"@graph\":[{\"@type\":\"WebPage\",\"@id\":\"https:\\\/\\\/www.robertzueblin.com\\\/fr\\\/barthelemy-menn\\\/paysage-peinture-a-lhuile\\\/\",\"url\":\"https:\\\/\\\/www.robertzueblin.com\\\/fr\\\/barthelemy-menn\\\/paysage-peinture-a-lhuile\\\/\",\"name\":\"Barth\u00e9lemy Menn (* 1815, \u2020 1893) - Paysage - Peinture \u00e0 l'huile\",\"isPartOf\":{\"@id\":\"https:\\\/\\\/www.robertzueblin.com\\\/fr\\\/#website\"},\"primaryImageOfPage\":{\"@id\":\"https:\\\/\\\/www.robertzueblin.com\\\/fr\\\/barthelemy-menn\\\/paysage-peinture-a-lhuile\\\/#primaryimage\"},\"image\":{\"@id\":\"https:\\\/\\\/www.robertzueblin.com\\\/fr\\\/barthelemy-menn\\\/paysage-peinture-a-lhuile\\\/#primaryimage\"},\"thumbnailUrl\":\"https:\\\/\\\/www.robertzueblin.com\\\/wp-content\\\/uploads\\\/barthelemy-menn-peinture-huile-paysage-photo-couverture.jpg\",\"datePublished\":\"2024-01-19T19:04:37+00:00\",\"dateModified\":\"2024-02-25T22:48:35+00:00\",\"description\":\"Peinture \u00e0 l'huile Paysage du peintre Barth\u00e9lemy Menn, paysage intime de l'un des principaux repr\u00e9sentants de l'Ecole de Gen\u00e8ve.\",\"breadcrumb\":{\"@id\":\"https:\\\/\\\/www.robertzueblin.com\\\/fr\\\/barthelemy-menn\\\/paysage-peinture-a-lhuile\\\/#breadcrumb\"},\"inLanguage\":\"fr-FR\",\"potentialAction\":[{\"@type\":\"ReadAction\",\"target\":[\"https:\\\/\\\/www.robertzueblin.com\\\/fr\\\/barthelemy-menn\\\/paysage-peinture-a-lhuile\\\/\"]}]},{\"@type\":\"ImageObject\",\"inLanguage\":\"fr-FR\",\"@id\":\"https:\\\/\\\/www.robertzueblin.com\\\/fr\\\/barthelemy-menn\\\/paysage-peinture-a-lhuile\\\/#primaryimage\",\"url\":\"https:\\\/\\\/www.robertzueblin.com\\\/wp-content\\\/uploads\\\/barthelemy-menn-peinture-huile-paysage-photo-couverture.jpg\",\"contentUrl\":\"https:\\\/\\\/www.robertzueblin.com\\\/wp-content\\\/uploads\\\/barthelemy-menn-peinture-huile-paysage-photo-couverture.jpg\",\"width\":1500,\"height\":1019},{\"@type\":\"BreadcrumbList\",\"@id\":\"https:\\\/\\\/www.robertzueblin.com\\\/fr\\\/barthelemy-menn\\\/paysage-peinture-a-lhuile\\\/#breadcrumb\",\"itemListElement\":[{\"@type\":\"ListItem\",\"position\":1,\"name\":\"Startseite\",\"item\":\"https:\\\/\\\/www.robertzueblin.com\\\/fr\\\/\"},{\"@type\":\"ListItem\",\"position\":2,\"name\":\"Galerie d&#8217;art en ligne (boutique en ligne)\",\"item\":\"https:\\\/\\\/www.robertzueblin.com\\\/fr\\\/galerie-d-art-en-ligne\\\/\"},{\"@type\":\"ListItem\",\"position\":3,\"name\":\"Barth\u00e9lemy MENN (* 1815, \u2020 1893) &#8211; Paysage &#8211; Peinture \u00e0 l&#8217;huile\"}]},{\"@type\":\"WebSite\",\"@id\":\"https:\\\/\\\/www.robertzueblin.com\\\/fr\\\/#website\",\"url\":\"https:\\\/\\\/www.robertzueblin.com\\\/fr\\\/\",\"name\":\"ROBERT Z\u00dcBLIN\",\"description\":\"\",\"publisher\":{\"@id\":\"https:\\\/\\\/www.robertzueblin.com\\\/fr\\\/#organization\"},\"potentialAction\":[{\"@type\":\"SearchAction\",\"target\":{\"@type\":\"EntryPoint\",\"urlTemplate\":\"https:\\\/\\\/www.robertzueblin.com\\\/fr\\\/?s={search_term_string}\"},\"query-input\":{\"@type\":\"PropertyValueSpecification\",\"valueRequired\":true,\"valueName\":\"search_term_string\"}}],\"inLanguage\":\"fr-FR\"},{\"@type\":\"Organization\",\"@id\":\"https:\\\/\\\/www.robertzueblin.com\\\/fr\\\/#organization\",\"name\":\"ROBERT Z\u00dcBLIN\",\"url\":\"https:\\\/\\\/www.robertzueblin.com\\\/fr\\\/\",\"logo\":{\"@type\":\"ImageObject\",\"inLanguage\":\"fr-FR\",\"@id\":\"https:\\\/\\\/www.robertzueblin.com\\\/fr\\\/#\\\/schema\\\/logo\\\/image\\\/\",\"url\":\"https:\\\/\\\/www.robertzueblin.com\\\/wp-content\\\/uploads\\\/cropped-cropped-logo-von-robert-zueblin.jpg\",\"contentUrl\":\"https:\\\/\\\/www.robertzueblin.com\\\/wp-content\\\/uploads\\\/cropped-cropped-logo-von-robert-zueblin.jpg\",\"width\":440,\"height\":60,\"caption\":\"ROBERT Z\u00dcBLIN\"},\"image\":{\"@id\":\"https:\\\/\\\/www.robertzueblin.com\\\/fr\\\/#\\\/schema\\\/logo\\\/image\\\/\"}}]}<\/script>\n<!-- \/ Yoast SEO plugin. -->","yoast_head_json":{"title":"Barth\u00e9lemy Menn (* 1815, \u2020 1893) - Paysage - Peinture \u00e0 l'huile","description":"Peinture \u00e0 l'huile Paysage du peintre Barth\u00e9lemy Menn, paysage intime de l'un des principaux repr\u00e9sentants de l'Ecole de Gen\u00e8ve.","robots":{"index":"index","follow":"follow","max-snippet":"max-snippet:-1","max-image-preview":"max-image-preview:large","max-video-preview":"max-video-preview:-1"},"canonical":"https:\/\/www.robertzueblin.com\/fr\/barthelemy-menn\/paysage-peinture-a-lhuile\/","og_locale":"fr_FR","og_type":"article","og_title":"Barth\u00e9lemy Menn (* 1815, \u2020 1893) - Paysage - Peinture \u00e0 l'huile","og_description":"Peinture \u00e0 l'huile Paysage du peintre Barth\u00e9lemy Menn, paysage intime de l'un des principaux repr\u00e9sentants de l'Ecole de Gen\u00e8ve.","og_url":"https:\/\/www.robertzueblin.com\/fr\/barthelemy-menn\/paysage-peinture-a-lhuile\/","og_site_name":"ROBERT Z\u00dcBLIN","article_modified_time":"2024-02-25T22:48:35+00:00","og_image":[{"width":1500,"height":1019,"url":"https:\/\/www.robertzueblin.com\/wp-content\/uploads\/barthelemy-menn-peinture-huile-paysage-photo-couverture.jpg","type":"image\/jpeg"}],"twitter_card":"summary_large_image","schema":{"@context":"https:\/\/schema.org","@graph":[{"@type":"WebPage","@id":"https:\/\/www.robertzueblin.com\/fr\/barthelemy-menn\/paysage-peinture-a-lhuile\/","url":"https:\/\/www.robertzueblin.com\/fr\/barthelemy-menn\/paysage-peinture-a-lhuile\/","name":"Barth\u00e9lemy Menn (* 1815, \u2020 1893) - Paysage - Peinture \u00e0 l'huile","isPartOf":{"@id":"https:\/\/www.robertzueblin.com\/fr\/#website"},"primaryImageOfPage":{"@id":"https:\/\/www.robertzueblin.com\/fr\/barthelemy-menn\/paysage-peinture-a-lhuile\/#primaryimage"},"image":{"@id":"https:\/\/www.robertzueblin.com\/fr\/barthelemy-menn\/paysage-peinture-a-lhuile\/#primaryimage"},"thumbnailUrl":"https:\/\/www.robertzueblin.com\/wp-content\/uploads\/barthelemy-menn-peinture-huile-paysage-photo-couverture.jpg","datePublished":"2024-01-19T19:04:37+00:00","dateModified":"2024-02-25T22:48:35+00:00","description":"Peinture \u00e0 l'huile Paysage du peintre Barth\u00e9lemy Menn, paysage intime de l'un des principaux repr\u00e9sentants de l'Ecole de Gen\u00e8ve.","breadcrumb":{"@id":"https:\/\/www.robertzueblin.com\/fr\/barthelemy-menn\/paysage-peinture-a-lhuile\/#breadcrumb"},"inLanguage":"fr-FR","potentialAction":[{"@type":"ReadAction","target":["https:\/\/www.robertzueblin.com\/fr\/barthelemy-menn\/paysage-peinture-a-lhuile\/"]}]},{"@type":"ImageObject","inLanguage":"fr-FR","@id":"https:\/\/www.robertzueblin.com\/fr\/barthelemy-menn\/paysage-peinture-a-lhuile\/#primaryimage","url":"https:\/\/www.robertzueblin.com\/wp-content\/uploads\/barthelemy-menn-peinture-huile-paysage-photo-couverture.jpg","contentUrl":"https:\/\/www.robertzueblin.com\/wp-content\/uploads\/barthelemy-menn-peinture-huile-paysage-photo-couverture.jpg","width":1500,"height":1019},{"@type":"BreadcrumbList","@id":"https:\/\/www.robertzueblin.com\/fr\/barthelemy-menn\/paysage-peinture-a-lhuile\/#breadcrumb","itemListElement":[{"@type":"ListItem","position":1,"name":"Startseite","item":"https:\/\/www.robertzueblin.com\/fr\/"},{"@type":"ListItem","position":2,"name":"Galerie d&#8217;art en ligne (boutique en ligne)","item":"https:\/\/www.robertzueblin.com\/fr\/galerie-d-art-en-ligne\/"},{"@type":"ListItem","position":3,"name":"Barth\u00e9lemy MENN (* 1815, \u2020 1893) &#8211; Paysage &#8211; Peinture \u00e0 l&#8217;huile"}]},{"@type":"WebSite","@id":"https:\/\/www.robertzueblin.com\/fr\/#website","url":"https:\/\/www.robertzueblin.com\/fr\/","name":"ROBERT Z\u00dcBLIN","description":"","publisher":{"@id":"https:\/\/www.robertzueblin.com\/fr\/#organization"},"potentialAction":[{"@type":"SearchAction","target":{"@type":"EntryPoint","urlTemplate":"https:\/\/www.robertzueblin.com\/fr\/?s={search_term_string}"},"query-input":{"@type":"PropertyValueSpecification","valueRequired":true,"valueName":"search_term_string"}}],"inLanguage":"fr-FR"},{"@type":"Organization","@id":"https:\/\/www.robertzueblin.com\/fr\/#organization","name":"ROBERT Z\u00dcBLIN","url":"https:\/\/www.robertzueblin.com\/fr\/","logo":{"@type":"ImageObject","inLanguage":"fr-FR","@id":"https:\/\/www.robertzueblin.com\/fr\/#\/schema\/logo\/image\/","url":"https:\/\/www.robertzueblin.com\/wp-content\/uploads\/cropped-cropped-logo-von-robert-zueblin.jpg","contentUrl":"https:\/\/www.robertzueblin.com\/wp-content\/uploads\/cropped-cropped-logo-von-robert-zueblin.jpg","width":440,"height":60,"caption":"ROBERT Z\u00dcBLIN"},"image":{"@id":"https:\/\/www.robertzueblin.com\/fr\/#\/schema\/logo\/image\/"}}]}},"_links":{"self":[{"href":"https:\/\/www.robertzueblin.com\/fr\/wp-json\/wp\/v2\/product\/36476","targetHints":{"allow":["GET"]}}],"collection":[{"href":"https:\/\/www.robertzueblin.com\/fr\/wp-json\/wp\/v2\/product"}],"about":[{"href":"https:\/\/www.robertzueblin.com\/fr\/wp-json\/wp\/v2\/types\/product"}],"wp:featuredmedia":[{"embeddable":true,"href":"https:\/\/www.robertzueblin.com\/fr\/wp-json\/wp\/v2\/media\/36485"}],"wp:attachment":[{"href":"https:\/\/www.robertzueblin.com\/fr\/wp-json\/wp\/v2\/media?parent=36476"}],"wp:term":[{"taxonomy":"product_brand","embeddable":true,"href":"https:\/\/www.robertzueblin.com\/fr\/wp-json\/wp\/v2\/product_brand?post=36476"},{"taxonomy":"product_cat","embeddable":true,"href":"https:\/\/www.robertzueblin.com\/fr\/wp-json\/wp\/v2\/product_cat?post=36476"},{"taxonomy":"product_tag","embeddable":true,"href":"https:\/\/www.robertzueblin.com\/fr\/wp-json\/wp\/v2\/product_tag?post=36476"}],"curies":[{"name":"wp","href":"https:\/\/api.w.org\/{rel}","templated":true}]}}