{"id":35869,"date":"2024-01-05T17:27:49","date_gmt":"2024-01-05T16:35:12","guid":{"rendered":"https:\/\/www.robertzueblin.com\/?post_type=product&#038;p=35869"},"modified":"2024-08-10T19:23:24","modified_gmt":"2024-08-10T17:23:24","slug":"ferdinand-sommer-1822-%e2%80%a0-1901-peinture-de-vedute-de-leiger-moench-et-jungfrau","status":"publish","type":"product","link":"https:\/\/www.robertzueblin.com\/fr\/ferdinand-sommer\/peinture-de-vedute-de-eiger-moench-et-jungfrau\/","title":{"rendered":"Ferdinand SOMMER (* 1822, \u2020 1901) &#8211; Peinture de vedute de l&rsquo;Eiger, M\u00f6nch et Jungfrau"},"content":{"rendered":"<p><span style=\"font-family: AkkoPro-BoldCondensed!important\">Type :<\/span> <a href=\"https:\/\/www.robertzueblin.com\/fr\/type\/peinture\/\">peinture<\/a><\/p>\n<p><span style=\"font-family: AkkoPro-BoldCondensed!important\">Peintre :<\/span> <a href=\"https:\/\/www.robertzueblin.com\/fr\/ferdinand-sommer\/\">Ferdinand Sommer<\/a><\/p>\n<p><span style=\"font-family: AkkoPro-BoldCondensed!important\">Objet :<\/span> <a href=\"https:\/\/www.robertzueblin.com\/fr\/peintures-a-l-huile\/\">peinture \u00e0 l&rsquo;huile<\/a><\/p>\n<p><span style=\"font-family: AkkoPro-BoldCondensed!important\">Mat\u00e9riau :<\/span> huile sur carton<\/p>\n<p><span style=\"font-family: AkkoPro-BoldCondensed!important\">Dimensions :<\/span> hauteur : 18,3 cm, largeur : 25 cm ; avec cadre : hauteur : 33,5 cm, largeur : 27 cm, profondeur : 4 cm<\/p>\n<p><span style=\"font-family: AkkoPro-BoldCondensed!important\">Ann\u00e9e de fabrication :<\/span> deuxi\u00e8me moiti\u00e9 du 19e si\u00e8cle<\/p>\n<p><span style=\"font-family: AkkoPro-BoldCondensed!important\">\u00c9tat :<\/span> quelques petites taches sur le tableau ; le cadre pr\u00e9sente des abrasions, des taches et quelques \u00e9cailles<\/p>\n<p><span style=\"font-family: AkkoPro-BoldCondensed!important\">Signature\/marque :<\/span> F. Sommer<\/p>\n","protected":false},"excerpt":{"rendered":"<p>Type : peinture Peintre : Ferdinand Sommer Objet : peinture \u00e0 l&rsquo;huile Mat\u00e9riau : huile sur carton Dimensions : hauteur : 18,3 cm, largeur : 25 cm ; avec cadre : hauteur : 33,5 cm, largeur : 27 cm, profondeur : 4 cm Ann\u00e9e de fabrication : deuxi\u00e8me moiti\u00e9 du 19e si\u00e8cle \u00c9tat : quelques [&hellip;]<\/p>\n","protected":false},"featured_media":36339,"template":"","meta":[],"product_brand":[],"product_cat":[776,527,496,910],"product_tag":[],"class_list":{"0":"post-35869","1":"product","2":"type-product","3":"status-publish","4":"has-post-thumbnail","6":"product_cat-peinture","7":"product_cat-ferdinand-sommer","8":"product_cat-peintures-a-l-huile","9":"product_cat-vedutes-de-thoune","11":"first","12":"instock","13":"sold-individually","14":"shipping-taxable","15":"purchasable","16":"product-type-simple"},"yoast_head":"<!-- This site is optimized with the Yoast SEO plugin v27.4 - https:\/\/yoast.com\/product\/yoast-seo-wordpress\/ -->\n<title>Ferdinand SOMMER - Vedute de l&#039;Eiger, M\u00f6nch et Jungfrau<\/title>\n<meta name=\"description\" content=\"Tableau du peintre allemand de veduta Ferdinand Sommer, actif \u00e0 Thoune (Suisse): chalet devant l&#039;Eiger, le M\u00f6nch et la Jungfrau dans l&#039;Oberland bernois.\" \/>\n<meta name=\"robots\" content=\"index, follow, max-snippet:-1, max-image-preview:large, max-video-preview:-1\" \/>\n<link rel=\"canonical\" href=\"https:\/\/www.robertzueblin.com\/fr\/ferdinand-sommer\/peinture-de-vedute-de-eiger-moench-et-jungfrau\/\" \/>\n<meta property=\"og:locale\" content=\"fr_FR\" \/>\n<meta property=\"og:type\" content=\"article\" \/>\n<meta property=\"og:title\" content=\"Ferdinand SOMMER - Vedute de l&#039;Eiger, M\u00f6nch et Jungfrau\" \/>\n<meta property=\"og:description\" content=\"Tableau du peintre allemand de veduta Ferdinand Sommer, actif \u00e0 Thoune (Suisse): chalet devant l&#039;Eiger, le M\u00f6nch et la Jungfrau dans l&#039;Oberland bernois.\" \/>\n<meta property=\"og:url\" content=\"https:\/\/www.robertzueblin.com\/fr\/ferdinand-sommer\/peinture-de-vedute-de-eiger-moench-et-jungfrau\/\" \/>\n<meta property=\"og:site_name\" content=\"ROBERT Z\u00dcBLIN\" \/>\n<meta property=\"article:modified_time\" content=\"2024-08-10T17:23:24+00:00\" \/>\n<meta property=\"og:image\" content=\"https:\/\/www.robertzueblin.com\/wp-content\/uploads\/ferdinand-sommer-peinture-vedute-eiger-moench-jungfrau.jpg\" \/>\n\t<meta property=\"og:image:width\" content=\"822\" \/>\n\t<meta property=\"og:image:height\" content=\"583\" \/>\n\t<meta property=\"og:image:type\" content=\"image\/jpeg\" \/>\n<meta name=\"twitter:card\" content=\"summary_large_image\" \/>\n<script type=\"application\/ld+json\" class=\"yoast-schema-graph\">{\"@context\":\"https:\\\/\\\/schema.org\",\"@graph\":[{\"@type\":\"WebPage\",\"@id\":\"https:\\\/\\\/www.robertzueblin.com\\\/fr\\\/ferdinand-sommer\\\/peinture-de-vedute-de-eiger-moench-et-jungfrau\\\/\",\"url\":\"https:\\\/\\\/www.robertzueblin.com\\\/fr\\\/ferdinand-sommer\\\/peinture-de-vedute-de-eiger-moench-et-jungfrau\\\/\",\"name\":\"Ferdinand SOMMER - Vedute de l'Eiger, M\u00f6nch et Jungfrau\",\"isPartOf\":{\"@id\":\"https:\\\/\\\/www.robertzueblin.com\\\/fr\\\/#website\"},\"primaryImageOfPage\":{\"@id\":\"https:\\\/\\\/www.robertzueblin.com\\\/fr\\\/ferdinand-sommer\\\/peinture-de-vedute-de-eiger-moench-et-jungfrau\\\/#primaryimage\"},\"image\":{\"@id\":\"https:\\\/\\\/www.robertzueblin.com\\\/fr\\\/ferdinand-sommer\\\/peinture-de-vedute-de-eiger-moench-et-jungfrau\\\/#primaryimage\"},\"thumbnailUrl\":\"https:\\\/\\\/www.robertzueblin.com\\\/wp-content\\\/uploads\\\/ferdinand-sommer-peinture-vedute-eiger-moench-jungfrau.jpg\",\"datePublished\":\"2024-01-05T16:35:12+00:00\",\"dateModified\":\"2024-08-10T17:23:24+00:00\",\"description\":\"Tableau du peintre allemand de veduta Ferdinand Sommer, actif \u00e0 Thoune (Suisse): chalet devant l'Eiger, le M\u00f6nch et la Jungfrau dans l'Oberland bernois.\",\"breadcrumb\":{\"@id\":\"https:\\\/\\\/www.robertzueblin.com\\\/fr\\\/ferdinand-sommer\\\/peinture-de-vedute-de-eiger-moench-et-jungfrau\\\/#breadcrumb\"},\"inLanguage\":\"fr-FR\",\"potentialAction\":[{\"@type\":\"ReadAction\",\"target\":[\"https:\\\/\\\/www.robertzueblin.com\\\/fr\\\/ferdinand-sommer\\\/peinture-de-vedute-de-eiger-moench-et-jungfrau\\\/\"]}]},{\"@type\":\"ImageObject\",\"inLanguage\":\"fr-FR\",\"@id\":\"https:\\\/\\\/www.robertzueblin.com\\\/fr\\\/ferdinand-sommer\\\/peinture-de-vedute-de-eiger-moench-et-jungfrau\\\/#primaryimage\",\"url\":\"https:\\\/\\\/www.robertzueblin.com\\\/wp-content\\\/uploads\\\/ferdinand-sommer-peinture-vedute-eiger-moench-jungfrau.jpg\",\"contentUrl\":\"https:\\\/\\\/www.robertzueblin.com\\\/wp-content\\\/uploads\\\/ferdinand-sommer-peinture-vedute-eiger-moench-jungfrau.jpg\",\"width\":822,\"height\":583},{\"@type\":\"BreadcrumbList\",\"@id\":\"https:\\\/\\\/www.robertzueblin.com\\\/fr\\\/ferdinand-sommer\\\/peinture-de-vedute-de-eiger-moench-et-jungfrau\\\/#breadcrumb\",\"itemListElement\":[{\"@type\":\"ListItem\",\"position\":1,\"name\":\"Startseite\",\"item\":\"https:\\\/\\\/www.robertzueblin.com\\\/fr\\\/\"},{\"@type\":\"ListItem\",\"position\":2,\"name\":\"Galerie d&#8217;art en ligne (boutique en ligne)\",\"item\":\"https:\\\/\\\/www.robertzueblin.com\\\/fr\\\/galerie-d-art-en-ligne\\\/\"},{\"@type\":\"ListItem\",\"position\":3,\"name\":\"Ferdinand SOMMER (* 1822, \u2020 1901) &#8211; Peinture de vedute de l&#8217;Eiger, M\u00f6nch et Jungfrau\"}]},{\"@type\":\"WebSite\",\"@id\":\"https:\\\/\\\/www.robertzueblin.com\\\/fr\\\/#website\",\"url\":\"https:\\\/\\\/www.robertzueblin.com\\\/fr\\\/\",\"name\":\"ROBERT Z\u00dcBLIN\",\"description\":\"\",\"publisher\":{\"@id\":\"https:\\\/\\\/www.robertzueblin.com\\\/fr\\\/#organization\"},\"potentialAction\":[{\"@type\":\"SearchAction\",\"target\":{\"@type\":\"EntryPoint\",\"urlTemplate\":\"https:\\\/\\\/www.robertzueblin.com\\\/fr\\\/?s={search_term_string}\"},\"query-input\":{\"@type\":\"PropertyValueSpecification\",\"valueRequired\":true,\"valueName\":\"search_term_string\"}}],\"inLanguage\":\"fr-FR\"},{\"@type\":\"Organization\",\"@id\":\"https:\\\/\\\/www.robertzueblin.com\\\/fr\\\/#organization\",\"name\":\"ROBERT Z\u00dcBLIN\",\"url\":\"https:\\\/\\\/www.robertzueblin.com\\\/fr\\\/\",\"logo\":{\"@type\":\"ImageObject\",\"inLanguage\":\"fr-FR\",\"@id\":\"https:\\\/\\\/www.robertzueblin.com\\\/fr\\\/#\\\/schema\\\/logo\\\/image\\\/\",\"url\":\"https:\\\/\\\/www.robertzueblin.com\\\/wp-content\\\/uploads\\\/cropped-cropped-logo-von-robert-zueblin.jpg\",\"contentUrl\":\"https:\\\/\\\/www.robertzueblin.com\\\/wp-content\\\/uploads\\\/cropped-cropped-logo-von-robert-zueblin.jpg\",\"width\":440,\"height\":60,\"caption\":\"ROBERT Z\u00dcBLIN\"},\"image\":{\"@id\":\"https:\\\/\\\/www.robertzueblin.com\\\/fr\\\/#\\\/schema\\\/logo\\\/image\\\/\"}}]}<\/script>\n<!-- \/ Yoast SEO plugin. -->","yoast_head_json":{"title":"Ferdinand SOMMER - Vedute de l'Eiger, M\u00f6nch et Jungfrau","description":"Tableau du peintre allemand de veduta Ferdinand Sommer, actif \u00e0 Thoune (Suisse): chalet devant l'Eiger, le M\u00f6nch et la Jungfrau dans l'Oberland bernois.","robots":{"index":"index","follow":"follow","max-snippet":"max-snippet:-1","max-image-preview":"max-image-preview:large","max-video-preview":"max-video-preview:-1"},"canonical":"https:\/\/www.robertzueblin.com\/fr\/ferdinand-sommer\/peinture-de-vedute-de-eiger-moench-et-jungfrau\/","og_locale":"fr_FR","og_type":"article","og_title":"Ferdinand SOMMER - Vedute de l'Eiger, M\u00f6nch et Jungfrau","og_description":"Tableau du peintre allemand de veduta Ferdinand Sommer, actif \u00e0 Thoune (Suisse): chalet devant l'Eiger, le M\u00f6nch et la Jungfrau dans l'Oberland bernois.","og_url":"https:\/\/www.robertzueblin.com\/fr\/ferdinand-sommer\/peinture-de-vedute-de-eiger-moench-et-jungfrau\/","og_site_name":"ROBERT Z\u00dcBLIN","article_modified_time":"2024-08-10T17:23:24+00:00","og_image":[{"width":822,"height":583,"url":"https:\/\/www.robertzueblin.com\/wp-content\/uploads\/ferdinand-sommer-peinture-vedute-eiger-moench-jungfrau.jpg","type":"image\/jpeg"}],"twitter_card":"summary_large_image","schema":{"@context":"https:\/\/schema.org","@graph":[{"@type":"WebPage","@id":"https:\/\/www.robertzueblin.com\/fr\/ferdinand-sommer\/peinture-de-vedute-de-eiger-moench-et-jungfrau\/","url":"https:\/\/www.robertzueblin.com\/fr\/ferdinand-sommer\/peinture-de-vedute-de-eiger-moench-et-jungfrau\/","name":"Ferdinand SOMMER - Vedute de l'Eiger, M\u00f6nch et Jungfrau","isPartOf":{"@id":"https:\/\/www.robertzueblin.com\/fr\/#website"},"primaryImageOfPage":{"@id":"https:\/\/www.robertzueblin.com\/fr\/ferdinand-sommer\/peinture-de-vedute-de-eiger-moench-et-jungfrau\/#primaryimage"},"image":{"@id":"https:\/\/www.robertzueblin.com\/fr\/ferdinand-sommer\/peinture-de-vedute-de-eiger-moench-et-jungfrau\/#primaryimage"},"thumbnailUrl":"https:\/\/www.robertzueblin.com\/wp-content\/uploads\/ferdinand-sommer-peinture-vedute-eiger-moench-jungfrau.jpg","datePublished":"2024-01-05T16:35:12+00:00","dateModified":"2024-08-10T17:23:24+00:00","description":"Tableau du peintre allemand de veduta Ferdinand Sommer, actif \u00e0 Thoune (Suisse): chalet devant l'Eiger, le M\u00f6nch et la Jungfrau dans l'Oberland bernois.","breadcrumb":{"@id":"https:\/\/www.robertzueblin.com\/fr\/ferdinand-sommer\/peinture-de-vedute-de-eiger-moench-et-jungfrau\/#breadcrumb"},"inLanguage":"fr-FR","potentialAction":[{"@type":"ReadAction","target":["https:\/\/www.robertzueblin.com\/fr\/ferdinand-sommer\/peinture-de-vedute-de-eiger-moench-et-jungfrau\/"]}]},{"@type":"ImageObject","inLanguage":"fr-FR","@id":"https:\/\/www.robertzueblin.com\/fr\/ferdinand-sommer\/peinture-de-vedute-de-eiger-moench-et-jungfrau\/#primaryimage","url":"https:\/\/www.robertzueblin.com\/wp-content\/uploads\/ferdinand-sommer-peinture-vedute-eiger-moench-jungfrau.jpg","contentUrl":"https:\/\/www.robertzueblin.com\/wp-content\/uploads\/ferdinand-sommer-peinture-vedute-eiger-moench-jungfrau.jpg","width":822,"height":583},{"@type":"BreadcrumbList","@id":"https:\/\/www.robertzueblin.com\/fr\/ferdinand-sommer\/peinture-de-vedute-de-eiger-moench-et-jungfrau\/#breadcrumb","itemListElement":[{"@type":"ListItem","position":1,"name":"Startseite","item":"https:\/\/www.robertzueblin.com\/fr\/"},{"@type":"ListItem","position":2,"name":"Galerie d&#8217;art en ligne (boutique en ligne)","item":"https:\/\/www.robertzueblin.com\/fr\/galerie-d-art-en-ligne\/"},{"@type":"ListItem","position":3,"name":"Ferdinand SOMMER (* 1822, \u2020 1901) &#8211; Peinture de vedute de l&#8217;Eiger, M\u00f6nch et Jungfrau"}]},{"@type":"WebSite","@id":"https:\/\/www.robertzueblin.com\/fr\/#website","url":"https:\/\/www.robertzueblin.com\/fr\/","name":"ROBERT Z\u00dcBLIN","description":"","publisher":{"@id":"https:\/\/www.robertzueblin.com\/fr\/#organization"},"potentialAction":[{"@type":"SearchAction","target":{"@type":"EntryPoint","urlTemplate":"https:\/\/www.robertzueblin.com\/fr\/?s={search_term_string}"},"query-input":{"@type":"PropertyValueSpecification","valueRequired":true,"valueName":"search_term_string"}}],"inLanguage":"fr-FR"},{"@type":"Organization","@id":"https:\/\/www.robertzueblin.com\/fr\/#organization","name":"ROBERT Z\u00dcBLIN","url":"https:\/\/www.robertzueblin.com\/fr\/","logo":{"@type":"ImageObject","inLanguage":"fr-FR","@id":"https:\/\/www.robertzueblin.com\/fr\/#\/schema\/logo\/image\/","url":"https:\/\/www.robertzueblin.com\/wp-content\/uploads\/cropped-cropped-logo-von-robert-zueblin.jpg","contentUrl":"https:\/\/www.robertzueblin.com\/wp-content\/uploads\/cropped-cropped-logo-von-robert-zueblin.jpg","width":440,"height":60,"caption":"ROBERT Z\u00dcBLIN"},"image":{"@id":"https:\/\/www.robertzueblin.com\/fr\/#\/schema\/logo\/image\/"}}]}},"_links":{"self":[{"href":"https:\/\/www.robertzueblin.com\/fr\/wp-json\/wp\/v2\/product\/35869","targetHints":{"allow":["GET"]}}],"collection":[{"href":"https:\/\/www.robertzueblin.com\/fr\/wp-json\/wp\/v2\/product"}],"about":[{"href":"https:\/\/www.robertzueblin.com\/fr\/wp-json\/wp\/v2\/types\/product"}],"wp:featuredmedia":[{"embeddable":true,"href":"https:\/\/www.robertzueblin.com\/fr\/wp-json\/wp\/v2\/media\/36339"}],"wp:attachment":[{"href":"https:\/\/www.robertzueblin.com\/fr\/wp-json\/wp\/v2\/media?parent=35869"}],"wp:term":[{"taxonomy":"product_brand","embeddable":true,"href":"https:\/\/www.robertzueblin.com\/fr\/wp-json\/wp\/v2\/product_brand?post=35869"},{"taxonomy":"product_cat","embeddable":true,"href":"https:\/\/www.robertzueblin.com\/fr\/wp-json\/wp\/v2\/product_cat?post=35869"},{"taxonomy":"product_tag","embeddable":true,"href":"https:\/\/www.robertzueblin.com\/fr\/wp-json\/wp\/v2\/product_tag?post=35869"}],"curies":[{"name":"wp","href":"https:\/\/api.w.org\/{rel}","templated":true}]}}