{"id":35763,"date":"2023-12-21T20:27:04","date_gmt":"2023-12-21T19:30:29","guid":{"rendered":"https:\/\/www.robertzueblin.com\/?post_type=product&#038;p=35763"},"modified":"2024-02-27T18:12:05","modified_gmt":"2024-02-27T17:12:05","slug":"tessa-kidick-1915-%e2%80%a0-2002-petit-pot-en-ceramique-vert-ceramique-datelier","status":"publish","type":"product","link":"https:\/\/www.robertzueblin.com\/fr\/tessa-kidick\/pot-en-ceramique-vert-ceramique-datelier\/","title":{"rendered":"Tessa KIDICK (* 1915, \u2020 2002) &#8211; Petit Pot en c\u00e9ramique vert &#8211; C\u00e9ramique d&rsquo;atelier"},"content":{"rendered":"<p><span style=\"font-family: AkkoPro-BoldCondensed!important\">Type :<\/span> <a href=\"https:\/\/www.robertzueblin.com\/fr\/type\/poterie-d-atelier-ceramique-de-studio\/\">poterie d&rsquo;atelier<\/a><\/p>\n<p><span style=\"font-family: AkkoPro-BoldCondensed!important\">\u00c9bauche :<\/span> <a href=\"https:\/\/www.robertzueblin.com\/fr\/tessa-kidick\/\">Tessa Kidick<\/a><\/p>\n<p><span style=\"font-family: AkkoPro-BoldCondensed!important\">R\u00e9alisation :<\/span> <a href=\"https:\/\/www.robertzueblin.com\/fr\/tessa-kidick\/\">Tessa Kidick<\/a><\/p>\n<p><span style=\"font-family: AkkoPro-BoldCondensed!important\">Objet :<\/span> petit pot<\/p>\n<p><span style=\"font-family: AkkoPro-BoldCondensed!important\">Dimensions :<\/span> hauteur : 7,9 cm, largeur : 10,6 cm<\/p>\n<p><span style=\"font-family: AkkoPro-BoldCondensed!important\">Tesson :<\/span> brun<\/p>\n<p><span style=\"font-family: AkkoPro-BoldCondensed!important\">Surface :<\/span> gris et vert<\/p>\n<p><span style=\"font-family: AkkoPro-BoldCondensed!important\">Ann\u00e9e de fabrication :<\/span> inconnue<\/p>\n<p><span style=\"font-family: AkkoPro-BoldCondensed!important\">\u00c9tat :<\/span> intact<\/p>\n<p><span style=\"font-family: AkkoPro-BoldCondensed!important\">Signature\/marque :<\/span> Tessa Kidick <\/p>\n","protected":false},"excerpt":{"rendered":"<p><span style=\"color: #e2401c;\">&#x25cf;<\/span><span> vendu<\/span><\/p>\n","protected":false},"featured_media":35772,"template":"","meta":[],"product_brand":[],"product_cat":[320],"product_tag":[],"class_list":{"0":"post-35763","1":"product","2":"type-product","3":"status-publish","4":"has-post-thumbnail","6":"product_cat-tessa-kidick","8":"first","9":"outofstock","10":"sold-individually","11":"shipping-taxable","12":"product-type-simple"},"yoast_head":"<!-- This site is optimized with the Yoast SEO plugin v27.4 - https:\/\/yoast.com\/product\/yoast-seo-wordpress\/ -->\n<title>Tessa KIDICK (* 1915, \u2020 2002) - Pot en c\u00e9ramique vert<\/title>\n<meta name=\"description\" content=\"Pot en c\u00e9ramique \u00e0 l&#039;\u00e9mail typique de la c\u00e9ramiste canadienne de studio Tessa Kidick (\u00e9galement appel\u00e9e Tess Kidick), qui a v\u00e9cu de 1915 \u00e0 2002.\" \/>\n<meta name=\"robots\" content=\"index, follow, max-snippet:-1, max-image-preview:large, max-video-preview:-1\" \/>\n<link rel=\"canonical\" href=\"https:\/\/www.robertzueblin.com\/fr\/tessa-kidick\/pot-en-ceramique-vert-ceramique-datelier\/\" \/>\n<meta property=\"og:locale\" content=\"fr_FR\" \/>\n<meta property=\"og:type\" content=\"article\" \/>\n<meta property=\"og:title\" content=\"Tessa KIDICK (* 1915, \u2020 2002) - Pot en c\u00e9ramique vert\" \/>\n<meta property=\"og:description\" content=\"Pot en c\u00e9ramique \u00e0 l&#039;\u00e9mail typique de la c\u00e9ramiste canadienne de studio Tessa Kidick (\u00e9galement appel\u00e9e Tess Kidick), qui a v\u00e9cu de 1915 \u00e0 2002.\" \/>\n<meta property=\"og:url\" content=\"https:\/\/www.robertzueblin.com\/fr\/tessa-kidick\/pot-en-ceramique-vert-ceramique-datelier\/\" \/>\n<meta property=\"og:site_name\" content=\"ROBERT Z\u00dcBLIN\" \/>\n<meta property=\"article:modified_time\" content=\"2024-02-27T17:12:05+00:00\" \/>\n<meta property=\"og:image\" content=\"https:\/\/www.robertzueblin.com\/wp-content\/uploads\/tessa-kidick-poterie-atelier-pot-vert-photo-couverture.jpg\" \/>\n\t<meta property=\"og:image:width\" content=\"1000\" \/>\n\t<meta property=\"og:image:height\" content=\"1000\" \/>\n\t<meta property=\"og:image:type\" content=\"image\/jpeg\" \/>\n<meta name=\"twitter:card\" content=\"summary_large_image\" \/>\n<script type=\"application\/ld+json\" class=\"yoast-schema-graph\">{\"@context\":\"https:\\\/\\\/schema.org\",\"@graph\":[{\"@type\":\"WebPage\",\"@id\":\"https:\\\/\\\/www.robertzueblin.com\\\/fr\\\/tessa-kidick\\\/pot-en-ceramique-vert-ceramique-datelier\\\/\",\"url\":\"https:\\\/\\\/www.robertzueblin.com\\\/fr\\\/tessa-kidick\\\/pot-en-ceramique-vert-ceramique-datelier\\\/\",\"name\":\"Tessa KIDICK (* 1915, \u2020 2002) - Pot en c\u00e9ramique vert\",\"isPartOf\":{\"@id\":\"https:\\\/\\\/www.robertzueblin.com\\\/fr\\\/#website\"},\"primaryImageOfPage\":{\"@id\":\"https:\\\/\\\/www.robertzueblin.com\\\/fr\\\/tessa-kidick\\\/pot-en-ceramique-vert-ceramique-datelier\\\/#primaryimage\"},\"image\":{\"@id\":\"https:\\\/\\\/www.robertzueblin.com\\\/fr\\\/tessa-kidick\\\/pot-en-ceramique-vert-ceramique-datelier\\\/#primaryimage\"},\"thumbnailUrl\":\"https:\\\/\\\/www.robertzueblin.com\\\/wp-content\\\/uploads\\\/tessa-kidick-poterie-atelier-pot-vert-photo-couverture.jpg\",\"datePublished\":\"2023-12-21T19:30:29+00:00\",\"dateModified\":\"2024-02-27T17:12:05+00:00\",\"description\":\"Pot en c\u00e9ramique \u00e0 l'\u00e9mail typique de la c\u00e9ramiste canadienne de studio Tessa Kidick (\u00e9galement appel\u00e9e Tess Kidick), qui a v\u00e9cu de 1915 \u00e0 2002.\",\"breadcrumb\":{\"@id\":\"https:\\\/\\\/www.robertzueblin.com\\\/fr\\\/tessa-kidick\\\/pot-en-ceramique-vert-ceramique-datelier\\\/#breadcrumb\"},\"inLanguage\":\"fr-FR\",\"potentialAction\":[{\"@type\":\"ReadAction\",\"target\":[\"https:\\\/\\\/www.robertzueblin.com\\\/fr\\\/tessa-kidick\\\/pot-en-ceramique-vert-ceramique-datelier\\\/\"]}]},{\"@type\":\"ImageObject\",\"inLanguage\":\"fr-FR\",\"@id\":\"https:\\\/\\\/www.robertzueblin.com\\\/fr\\\/tessa-kidick\\\/pot-en-ceramique-vert-ceramique-datelier\\\/#primaryimage\",\"url\":\"https:\\\/\\\/www.robertzueblin.com\\\/wp-content\\\/uploads\\\/tessa-kidick-poterie-atelier-pot-vert-photo-couverture.jpg\",\"contentUrl\":\"https:\\\/\\\/www.robertzueblin.com\\\/wp-content\\\/uploads\\\/tessa-kidick-poterie-atelier-pot-vert-photo-couverture.jpg\",\"width\":1000,\"height\":1000},{\"@type\":\"BreadcrumbList\",\"@id\":\"https:\\\/\\\/www.robertzueblin.com\\\/fr\\\/tessa-kidick\\\/pot-en-ceramique-vert-ceramique-datelier\\\/#breadcrumb\",\"itemListElement\":[{\"@type\":\"ListItem\",\"position\":1,\"name\":\"Startseite\",\"item\":\"https:\\\/\\\/www.robertzueblin.com\\\/fr\\\/\"},{\"@type\":\"ListItem\",\"position\":2,\"name\":\"Galerie d&#8217;art en ligne (boutique en ligne)\",\"item\":\"https:\\\/\\\/www.robertzueblin.com\\\/fr\\\/galerie-d-art-en-ligne\\\/\"},{\"@type\":\"ListItem\",\"position\":3,\"name\":\"Tessa KIDICK (* 1915, \u2020 2002) &#8211; Petit Pot en c\u00e9ramique vert &#8211; C\u00e9ramique d&#8217;atelier\"}]},{\"@type\":\"WebSite\",\"@id\":\"https:\\\/\\\/www.robertzueblin.com\\\/fr\\\/#website\",\"url\":\"https:\\\/\\\/www.robertzueblin.com\\\/fr\\\/\",\"name\":\"ROBERT Z\u00dcBLIN\",\"description\":\"\",\"publisher\":{\"@id\":\"https:\\\/\\\/www.robertzueblin.com\\\/fr\\\/#organization\"},\"potentialAction\":[{\"@type\":\"SearchAction\",\"target\":{\"@type\":\"EntryPoint\",\"urlTemplate\":\"https:\\\/\\\/www.robertzueblin.com\\\/fr\\\/?s={search_term_string}\"},\"query-input\":{\"@type\":\"PropertyValueSpecification\",\"valueRequired\":true,\"valueName\":\"search_term_string\"}}],\"inLanguage\":\"fr-FR\"},{\"@type\":\"Organization\",\"@id\":\"https:\\\/\\\/www.robertzueblin.com\\\/fr\\\/#organization\",\"name\":\"ROBERT Z\u00dcBLIN\",\"url\":\"https:\\\/\\\/www.robertzueblin.com\\\/fr\\\/\",\"logo\":{\"@type\":\"ImageObject\",\"inLanguage\":\"fr-FR\",\"@id\":\"https:\\\/\\\/www.robertzueblin.com\\\/fr\\\/#\\\/schema\\\/logo\\\/image\\\/\",\"url\":\"https:\\\/\\\/www.robertzueblin.com\\\/wp-content\\\/uploads\\\/cropped-cropped-logo-von-robert-zueblin.jpg\",\"contentUrl\":\"https:\\\/\\\/www.robertzueblin.com\\\/wp-content\\\/uploads\\\/cropped-cropped-logo-von-robert-zueblin.jpg\",\"width\":440,\"height\":60,\"caption\":\"ROBERT Z\u00dcBLIN\"},\"image\":{\"@id\":\"https:\\\/\\\/www.robertzueblin.com\\\/fr\\\/#\\\/schema\\\/logo\\\/image\\\/\"}}]}<\/script>\n<!-- \/ Yoast SEO plugin. -->","yoast_head_json":{"title":"Tessa KIDICK (* 1915, \u2020 2002) - Pot en c\u00e9ramique vert","description":"Pot en c\u00e9ramique \u00e0 l'\u00e9mail typique de la c\u00e9ramiste canadienne de studio Tessa Kidick (\u00e9galement appel\u00e9e Tess Kidick), qui a v\u00e9cu de 1915 \u00e0 2002.","robots":{"index":"index","follow":"follow","max-snippet":"max-snippet:-1","max-image-preview":"max-image-preview:large","max-video-preview":"max-video-preview:-1"},"canonical":"https:\/\/www.robertzueblin.com\/fr\/tessa-kidick\/pot-en-ceramique-vert-ceramique-datelier\/","og_locale":"fr_FR","og_type":"article","og_title":"Tessa KIDICK (* 1915, \u2020 2002) - Pot en c\u00e9ramique vert","og_description":"Pot en c\u00e9ramique \u00e0 l'\u00e9mail typique de la c\u00e9ramiste canadienne de studio Tessa Kidick (\u00e9galement appel\u00e9e Tess Kidick), qui a v\u00e9cu de 1915 \u00e0 2002.","og_url":"https:\/\/www.robertzueblin.com\/fr\/tessa-kidick\/pot-en-ceramique-vert-ceramique-datelier\/","og_site_name":"ROBERT Z\u00dcBLIN","article_modified_time":"2024-02-27T17:12:05+00:00","og_image":[{"width":1000,"height":1000,"url":"https:\/\/www.robertzueblin.com\/wp-content\/uploads\/tessa-kidick-poterie-atelier-pot-vert-photo-couverture.jpg","type":"image\/jpeg"}],"twitter_card":"summary_large_image","schema":{"@context":"https:\/\/schema.org","@graph":[{"@type":"WebPage","@id":"https:\/\/www.robertzueblin.com\/fr\/tessa-kidick\/pot-en-ceramique-vert-ceramique-datelier\/","url":"https:\/\/www.robertzueblin.com\/fr\/tessa-kidick\/pot-en-ceramique-vert-ceramique-datelier\/","name":"Tessa KIDICK (* 1915, \u2020 2002) - Pot en c\u00e9ramique vert","isPartOf":{"@id":"https:\/\/www.robertzueblin.com\/fr\/#website"},"primaryImageOfPage":{"@id":"https:\/\/www.robertzueblin.com\/fr\/tessa-kidick\/pot-en-ceramique-vert-ceramique-datelier\/#primaryimage"},"image":{"@id":"https:\/\/www.robertzueblin.com\/fr\/tessa-kidick\/pot-en-ceramique-vert-ceramique-datelier\/#primaryimage"},"thumbnailUrl":"https:\/\/www.robertzueblin.com\/wp-content\/uploads\/tessa-kidick-poterie-atelier-pot-vert-photo-couverture.jpg","datePublished":"2023-12-21T19:30:29+00:00","dateModified":"2024-02-27T17:12:05+00:00","description":"Pot en c\u00e9ramique \u00e0 l'\u00e9mail typique de la c\u00e9ramiste canadienne de studio Tessa Kidick (\u00e9galement appel\u00e9e Tess Kidick), qui a v\u00e9cu de 1915 \u00e0 2002.","breadcrumb":{"@id":"https:\/\/www.robertzueblin.com\/fr\/tessa-kidick\/pot-en-ceramique-vert-ceramique-datelier\/#breadcrumb"},"inLanguage":"fr-FR","potentialAction":[{"@type":"ReadAction","target":["https:\/\/www.robertzueblin.com\/fr\/tessa-kidick\/pot-en-ceramique-vert-ceramique-datelier\/"]}]},{"@type":"ImageObject","inLanguage":"fr-FR","@id":"https:\/\/www.robertzueblin.com\/fr\/tessa-kidick\/pot-en-ceramique-vert-ceramique-datelier\/#primaryimage","url":"https:\/\/www.robertzueblin.com\/wp-content\/uploads\/tessa-kidick-poterie-atelier-pot-vert-photo-couverture.jpg","contentUrl":"https:\/\/www.robertzueblin.com\/wp-content\/uploads\/tessa-kidick-poterie-atelier-pot-vert-photo-couverture.jpg","width":1000,"height":1000},{"@type":"BreadcrumbList","@id":"https:\/\/www.robertzueblin.com\/fr\/tessa-kidick\/pot-en-ceramique-vert-ceramique-datelier\/#breadcrumb","itemListElement":[{"@type":"ListItem","position":1,"name":"Startseite","item":"https:\/\/www.robertzueblin.com\/fr\/"},{"@type":"ListItem","position":2,"name":"Galerie d&#8217;art en ligne (boutique en ligne)","item":"https:\/\/www.robertzueblin.com\/fr\/galerie-d-art-en-ligne\/"},{"@type":"ListItem","position":3,"name":"Tessa KIDICK (* 1915, \u2020 2002) &#8211; Petit Pot en c\u00e9ramique vert &#8211; C\u00e9ramique d&#8217;atelier"}]},{"@type":"WebSite","@id":"https:\/\/www.robertzueblin.com\/fr\/#website","url":"https:\/\/www.robertzueblin.com\/fr\/","name":"ROBERT Z\u00dcBLIN","description":"","publisher":{"@id":"https:\/\/www.robertzueblin.com\/fr\/#organization"},"potentialAction":[{"@type":"SearchAction","target":{"@type":"EntryPoint","urlTemplate":"https:\/\/www.robertzueblin.com\/fr\/?s={search_term_string}"},"query-input":{"@type":"PropertyValueSpecification","valueRequired":true,"valueName":"search_term_string"}}],"inLanguage":"fr-FR"},{"@type":"Organization","@id":"https:\/\/www.robertzueblin.com\/fr\/#organization","name":"ROBERT Z\u00dcBLIN","url":"https:\/\/www.robertzueblin.com\/fr\/","logo":{"@type":"ImageObject","inLanguage":"fr-FR","@id":"https:\/\/www.robertzueblin.com\/fr\/#\/schema\/logo\/image\/","url":"https:\/\/www.robertzueblin.com\/wp-content\/uploads\/cropped-cropped-logo-von-robert-zueblin.jpg","contentUrl":"https:\/\/www.robertzueblin.com\/wp-content\/uploads\/cropped-cropped-logo-von-robert-zueblin.jpg","width":440,"height":60,"caption":"ROBERT Z\u00dcBLIN"},"image":{"@id":"https:\/\/www.robertzueblin.com\/fr\/#\/schema\/logo\/image\/"}}]}},"_links":{"self":[{"href":"https:\/\/www.robertzueblin.com\/fr\/wp-json\/wp\/v2\/product\/35763","targetHints":{"allow":["GET"]}}],"collection":[{"href":"https:\/\/www.robertzueblin.com\/fr\/wp-json\/wp\/v2\/product"}],"about":[{"href":"https:\/\/www.robertzueblin.com\/fr\/wp-json\/wp\/v2\/types\/product"}],"wp:featuredmedia":[{"embeddable":true,"href":"https:\/\/www.robertzueblin.com\/fr\/wp-json\/wp\/v2\/media\/35772"}],"wp:attachment":[{"href":"https:\/\/www.robertzueblin.com\/fr\/wp-json\/wp\/v2\/media?parent=35763"}],"wp:term":[{"taxonomy":"product_brand","embeddable":true,"href":"https:\/\/www.robertzueblin.com\/fr\/wp-json\/wp\/v2\/product_brand?post=35763"},{"taxonomy":"product_cat","embeddable":true,"href":"https:\/\/www.robertzueblin.com\/fr\/wp-json\/wp\/v2\/product_cat?post=35763"},{"taxonomy":"product_tag","embeddable":true,"href":"https:\/\/www.robertzueblin.com\/fr\/wp-json\/wp\/v2\/product_tag?post=35763"}],"curies":[{"name":"wp","href":"https:\/\/api.w.org\/{rel}","templated":true}]}}