{"id":35378,"date":"2024-04-19T19:55:00","date_gmt":"2024-04-19T18:07:51","guid":{"rendered":"https:\/\/www.robertzueblin.com\/?post_type=product&#038;p=35378"},"modified":"2024-07-12T18:18:08","modified_gmt":"2024-07-12T16:18:08","slug":"atelier-hohlt-coupe-avec-lindig-email-et-reparation-gintsugi-poterie-datelier","status":"publish","type":"product","link":"https:\/\/www.robertzueblin.com\/fr\/atelier-hohlt\/coupe-avec-lindig-email-et-reparation-gintsugi-poterie-datelier\/","title":{"rendered":"Atelier HOHLT &#8211; Coupe avec Lindig-\u00e9mail et r\u00e9paration gintsugi &#8211; poterie d&rsquo;atelier"},"content":{"rendered":"<p><span style=\"font-family: AkkoPro-BoldCondensed!important\">Type :<\/span> <a href=\"https:\/\/www.robertzueblin.com\/fr\/type\/poterie-d-atelier-ceramique-de-studio\/\">poterie d&rsquo;atelier<\/a><\/p>\n<p><span style=\"font-family: AkkoPro-BoldCondensed!important\">\u00c9bauche :<\/span> <a href=\"https:\/\/www.robertzueblin.com\/fr\/atelier-hohlt\/\">Atelier Hohlt<\/a><\/p>\n<p><span style=\"font-family: AkkoPro-BoldCondensed!important\">R\u00e9alisation :<\/span> <a href=\"https:\/\/www.robertzueblin.com\/fr\/atelier-hohlt\/\">Atelier Hohlt<\/a><\/p>\n<p><span style=\"font-family: AkkoPro-BoldCondensed!important\">Objet :<\/span> coupe<\/p>\n<p><span style=\"font-family: AkkoPro-BoldCondensed!important\">Dimensions :<\/span> hauteur : 4,8 cm, largeur : 9,4 cm<\/p>\n<p><span style=\"font-family: AkkoPro-BoldCondensed!important\">Tesson :<\/span> brun<\/p>\n<p><span style=\"font-family: AkkoPro-BoldCondensed!important\">Surface :<\/span> bleue, brune, grise, blanc<\/p>\n<p><span style=\"font-family: AkkoPro-BoldCondensed!important\">Ann\u00e9e de fabrication :<\/span> probablement ann\u00e9es 1950<\/p>\n<p><span style=\"font-family: AkkoPro-BoldCondensed!important\">\u00c9tat :<\/span> une puce sur le bord sup\u00e9rieur est r\u00e9par\u00e9e par la m\u00e9thode de r\u00e9paration Gintsugi avec de la laque argent\u00e9e.<\/p>\n<p><span style=\"font-family: AkkoPro-BoldCondensed!important\">Signature\/marque :<\/span> nouveau chat (utilis\u00e9 \u00e0 partir de 1953)<\/p>\n","protected":false},"excerpt":{"rendered":"<p><span style=\"color: #e2401c;\">&#x25cf;<\/span><span> vendu<\/span><\/p>\n","protected":false},"featured_media":35384,"template":"","meta":[],"product_brand":[],"product_cat":[325,558,655],"product_tag":[],"class_list":{"0":"post-35378","1":"product","2":"type-product","3":"status-publish","4":"has-post-thumbnail","6":"product_cat-atelier-hohlt","7":"product_cat-bol-kintsugi","8":"product_cat-kintsugi-shop","10":"first","11":"outofstock","12":"shipping-taxable","13":"product-type-simple"},"yoast_head":"<!-- This site is optimized with the Yoast SEO plugin v27.5 - https:\/\/yoast.com\/product\/yoast-seo-wordpress\/ -->\n<title>Atelier HOHLT - Coupe avec Lindig-\u00e9mail et r\u00e9paration gintsugi<\/title>\n<meta name=\"description\" content=\"Un coupe (kumme) avec \u00e9mail Lindig de l&#039;atelier Hohlt, r\u00e9par\u00e9 avec la m\u00e9thode de r\u00e9paration Gintsugi, c\u00e9ramique de studio.\" \/>\n<meta name=\"robots\" content=\"index, follow, max-snippet:-1, max-image-preview:large, max-video-preview:-1\" \/>\n<link rel=\"canonical\" href=\"https:\/\/www.robertzueblin.com\/fr\/atelier-hohlt\/coupe-avec-lindig-email-et-reparation-gintsugi-poterie-datelier\/\" \/>\n<meta property=\"og:locale\" content=\"fr_FR\" \/>\n<meta property=\"og:type\" content=\"article\" \/>\n<meta property=\"og:title\" content=\"Atelier HOHLT - Coupe avec Lindig-\u00e9mail et r\u00e9paration gintsugi\" \/>\n<meta property=\"og:description\" content=\"Un coupe (kumme) avec \u00e9mail Lindig de l&#039;atelier Hohlt, r\u00e9par\u00e9 avec la m\u00e9thode de r\u00e9paration Gintsugi, c\u00e9ramique de studio.\" \/>\n<meta property=\"og:url\" content=\"https:\/\/www.robertzueblin.com\/fr\/atelier-hohlt\/coupe-avec-lindig-email-et-reparation-gintsugi-poterie-datelier\/\" \/>\n<meta property=\"og:site_name\" content=\"ROBERT Z\u00dcBLIN\" \/>\n<meta property=\"article:modified_time\" content=\"2024-07-12T16:18:08+00:00\" \/>\n<meta property=\"og:image\" content=\"https:\/\/www.robertzueblin.com\/wp-content\/uploads\/atelier-hohlt-poterie-atelier-coupe-lindig-email-reparation-gintsugi-photo-couverture.jpg\" \/>\n\t<meta property=\"og:image:width\" content=\"1000\" \/>\n\t<meta property=\"og:image:height\" content=\"1000\" \/>\n\t<meta property=\"og:image:type\" content=\"image\/jpeg\" \/>\n<meta name=\"twitter:card\" content=\"summary_large_image\" \/>\n<script type=\"application\/ld+json\" class=\"yoast-schema-graph\">{\"@context\":\"https:\\\/\\\/schema.org\",\"@graph\":[{\"@type\":\"WebPage\",\"@id\":\"https:\\\/\\\/www.robertzueblin.com\\\/fr\\\/atelier-hohlt\\\/coupe-avec-lindig-email-et-reparation-gintsugi-poterie-datelier\\\/\",\"url\":\"https:\\\/\\\/www.robertzueblin.com\\\/fr\\\/atelier-hohlt\\\/coupe-avec-lindig-email-et-reparation-gintsugi-poterie-datelier\\\/\",\"name\":\"Atelier HOHLT - Coupe avec Lindig-\u00e9mail et r\u00e9paration gintsugi\",\"isPartOf\":{\"@id\":\"https:\\\/\\\/www.robertzueblin.com\\\/fr\\\/#website\"},\"primaryImageOfPage\":{\"@id\":\"https:\\\/\\\/www.robertzueblin.com\\\/fr\\\/atelier-hohlt\\\/coupe-avec-lindig-email-et-reparation-gintsugi-poterie-datelier\\\/#primaryimage\"},\"image\":{\"@id\":\"https:\\\/\\\/www.robertzueblin.com\\\/fr\\\/atelier-hohlt\\\/coupe-avec-lindig-email-et-reparation-gintsugi-poterie-datelier\\\/#primaryimage\"},\"thumbnailUrl\":\"https:\\\/\\\/www.robertzueblin.com\\\/wp-content\\\/uploads\\\/atelier-hohlt-poterie-atelier-coupe-lindig-email-reparation-gintsugi-photo-couverture.jpg\",\"datePublished\":\"2024-04-19T18:07:51+00:00\",\"dateModified\":\"2024-07-12T16:18:08+00:00\",\"description\":\"Un coupe (kumme) avec \u00e9mail Lindig de l'atelier Hohlt, r\u00e9par\u00e9 avec la m\u00e9thode de r\u00e9paration Gintsugi, c\u00e9ramique de studio.\",\"breadcrumb\":{\"@id\":\"https:\\\/\\\/www.robertzueblin.com\\\/fr\\\/atelier-hohlt\\\/coupe-avec-lindig-email-et-reparation-gintsugi-poterie-datelier\\\/#breadcrumb\"},\"inLanguage\":\"fr-FR\",\"potentialAction\":[{\"@type\":\"ReadAction\",\"target\":[\"https:\\\/\\\/www.robertzueblin.com\\\/fr\\\/atelier-hohlt\\\/coupe-avec-lindig-email-et-reparation-gintsugi-poterie-datelier\\\/\"]}]},{\"@type\":\"ImageObject\",\"inLanguage\":\"fr-FR\",\"@id\":\"https:\\\/\\\/www.robertzueblin.com\\\/fr\\\/atelier-hohlt\\\/coupe-avec-lindig-email-et-reparation-gintsugi-poterie-datelier\\\/#primaryimage\",\"url\":\"https:\\\/\\\/www.robertzueblin.com\\\/wp-content\\\/uploads\\\/atelier-hohlt-poterie-atelier-coupe-lindig-email-reparation-gintsugi-photo-couverture.jpg\",\"contentUrl\":\"https:\\\/\\\/www.robertzueblin.com\\\/wp-content\\\/uploads\\\/atelier-hohlt-poterie-atelier-coupe-lindig-email-reparation-gintsugi-photo-couverture.jpg\",\"width\":1000,\"height\":1000},{\"@type\":\"BreadcrumbList\",\"@id\":\"https:\\\/\\\/www.robertzueblin.com\\\/fr\\\/atelier-hohlt\\\/coupe-avec-lindig-email-et-reparation-gintsugi-poterie-datelier\\\/#breadcrumb\",\"itemListElement\":[{\"@type\":\"ListItem\",\"position\":1,\"name\":\"Startseite\",\"item\":\"https:\\\/\\\/www.robertzueblin.com\\\/fr\\\/\"},{\"@type\":\"ListItem\",\"position\":2,\"name\":\"Galerie d&#8217;art en ligne (boutique en ligne)\",\"item\":\"https:\\\/\\\/www.robertzueblin.com\\\/fr\\\/galerie-d-art-en-ligne\\\/\"},{\"@type\":\"ListItem\",\"position\":3,\"name\":\"Atelier HOHLT &#8211; Coupe avec Lindig-\u00e9mail et r\u00e9paration gintsugi &#8211; poterie d&#8217;atelier\"}]},{\"@type\":\"WebSite\",\"@id\":\"https:\\\/\\\/www.robertzueblin.com\\\/fr\\\/#website\",\"url\":\"https:\\\/\\\/www.robertzueblin.com\\\/fr\\\/\",\"name\":\"ROBERT Z\u00dcBLIN\",\"description\":\"\",\"publisher\":{\"@id\":\"https:\\\/\\\/www.robertzueblin.com\\\/fr\\\/#organization\"},\"potentialAction\":[{\"@type\":\"SearchAction\",\"target\":{\"@type\":\"EntryPoint\",\"urlTemplate\":\"https:\\\/\\\/www.robertzueblin.com\\\/fr\\\/?s={search_term_string}\"},\"query-input\":{\"@type\":\"PropertyValueSpecification\",\"valueRequired\":true,\"valueName\":\"search_term_string\"}}],\"inLanguage\":\"fr-FR\"},{\"@type\":\"Organization\",\"@id\":\"https:\\\/\\\/www.robertzueblin.com\\\/fr\\\/#organization\",\"name\":\"ROBERT Z\u00dcBLIN\",\"url\":\"https:\\\/\\\/www.robertzueblin.com\\\/fr\\\/\",\"logo\":{\"@type\":\"ImageObject\",\"inLanguage\":\"fr-FR\",\"@id\":\"https:\\\/\\\/www.robertzueblin.com\\\/fr\\\/#\\\/schema\\\/logo\\\/image\\\/\",\"url\":\"https:\\\/\\\/www.robertzueblin.com\\\/wp-content\\\/uploads\\\/cropped-cropped-logo-von-robert-zueblin.jpg\",\"contentUrl\":\"https:\\\/\\\/www.robertzueblin.com\\\/wp-content\\\/uploads\\\/cropped-cropped-logo-von-robert-zueblin.jpg\",\"width\":440,\"height\":60,\"caption\":\"ROBERT Z\u00dcBLIN\"},\"image\":{\"@id\":\"https:\\\/\\\/www.robertzueblin.com\\\/fr\\\/#\\\/schema\\\/logo\\\/image\\\/\"}}]}<\/script>\n<!-- \/ Yoast SEO plugin. -->","yoast_head_json":{"title":"Atelier HOHLT - Coupe avec Lindig-\u00e9mail et r\u00e9paration gintsugi","description":"Un coupe (kumme) avec \u00e9mail Lindig de l'atelier Hohlt, r\u00e9par\u00e9 avec la m\u00e9thode de r\u00e9paration Gintsugi, c\u00e9ramique de studio.","robots":{"index":"index","follow":"follow","max-snippet":"max-snippet:-1","max-image-preview":"max-image-preview:large","max-video-preview":"max-video-preview:-1"},"canonical":"https:\/\/www.robertzueblin.com\/fr\/atelier-hohlt\/coupe-avec-lindig-email-et-reparation-gintsugi-poterie-datelier\/","og_locale":"fr_FR","og_type":"article","og_title":"Atelier HOHLT - Coupe avec Lindig-\u00e9mail et r\u00e9paration gintsugi","og_description":"Un coupe (kumme) avec \u00e9mail Lindig de l'atelier Hohlt, r\u00e9par\u00e9 avec la m\u00e9thode de r\u00e9paration Gintsugi, c\u00e9ramique de studio.","og_url":"https:\/\/www.robertzueblin.com\/fr\/atelier-hohlt\/coupe-avec-lindig-email-et-reparation-gintsugi-poterie-datelier\/","og_site_name":"ROBERT Z\u00dcBLIN","article_modified_time":"2024-07-12T16:18:08+00:00","og_image":[{"width":1000,"height":1000,"url":"https:\/\/www.robertzueblin.com\/wp-content\/uploads\/atelier-hohlt-poterie-atelier-coupe-lindig-email-reparation-gintsugi-photo-couverture.jpg","type":"image\/jpeg"}],"twitter_card":"summary_large_image","schema":{"@context":"https:\/\/schema.org","@graph":[{"@type":"WebPage","@id":"https:\/\/www.robertzueblin.com\/fr\/atelier-hohlt\/coupe-avec-lindig-email-et-reparation-gintsugi-poterie-datelier\/","url":"https:\/\/www.robertzueblin.com\/fr\/atelier-hohlt\/coupe-avec-lindig-email-et-reparation-gintsugi-poterie-datelier\/","name":"Atelier HOHLT - Coupe avec Lindig-\u00e9mail et r\u00e9paration gintsugi","isPartOf":{"@id":"https:\/\/www.robertzueblin.com\/fr\/#website"},"primaryImageOfPage":{"@id":"https:\/\/www.robertzueblin.com\/fr\/atelier-hohlt\/coupe-avec-lindig-email-et-reparation-gintsugi-poterie-datelier\/#primaryimage"},"image":{"@id":"https:\/\/www.robertzueblin.com\/fr\/atelier-hohlt\/coupe-avec-lindig-email-et-reparation-gintsugi-poterie-datelier\/#primaryimage"},"thumbnailUrl":"https:\/\/www.robertzueblin.com\/wp-content\/uploads\/atelier-hohlt-poterie-atelier-coupe-lindig-email-reparation-gintsugi-photo-couverture.jpg","datePublished":"2024-04-19T18:07:51+00:00","dateModified":"2024-07-12T16:18:08+00:00","description":"Un coupe (kumme) avec \u00e9mail Lindig de l'atelier Hohlt, r\u00e9par\u00e9 avec la m\u00e9thode de r\u00e9paration Gintsugi, c\u00e9ramique de studio.","breadcrumb":{"@id":"https:\/\/www.robertzueblin.com\/fr\/atelier-hohlt\/coupe-avec-lindig-email-et-reparation-gintsugi-poterie-datelier\/#breadcrumb"},"inLanguage":"fr-FR","potentialAction":[{"@type":"ReadAction","target":["https:\/\/www.robertzueblin.com\/fr\/atelier-hohlt\/coupe-avec-lindig-email-et-reparation-gintsugi-poterie-datelier\/"]}]},{"@type":"ImageObject","inLanguage":"fr-FR","@id":"https:\/\/www.robertzueblin.com\/fr\/atelier-hohlt\/coupe-avec-lindig-email-et-reparation-gintsugi-poterie-datelier\/#primaryimage","url":"https:\/\/www.robertzueblin.com\/wp-content\/uploads\/atelier-hohlt-poterie-atelier-coupe-lindig-email-reparation-gintsugi-photo-couverture.jpg","contentUrl":"https:\/\/www.robertzueblin.com\/wp-content\/uploads\/atelier-hohlt-poterie-atelier-coupe-lindig-email-reparation-gintsugi-photo-couverture.jpg","width":1000,"height":1000},{"@type":"BreadcrumbList","@id":"https:\/\/www.robertzueblin.com\/fr\/atelier-hohlt\/coupe-avec-lindig-email-et-reparation-gintsugi-poterie-datelier\/#breadcrumb","itemListElement":[{"@type":"ListItem","position":1,"name":"Startseite","item":"https:\/\/www.robertzueblin.com\/fr\/"},{"@type":"ListItem","position":2,"name":"Galerie d&#8217;art en ligne (boutique en ligne)","item":"https:\/\/www.robertzueblin.com\/fr\/galerie-d-art-en-ligne\/"},{"@type":"ListItem","position":3,"name":"Atelier HOHLT &#8211; Coupe avec Lindig-\u00e9mail et r\u00e9paration gintsugi &#8211; poterie d&#8217;atelier"}]},{"@type":"WebSite","@id":"https:\/\/www.robertzueblin.com\/fr\/#website","url":"https:\/\/www.robertzueblin.com\/fr\/","name":"ROBERT Z\u00dcBLIN","description":"","publisher":{"@id":"https:\/\/www.robertzueblin.com\/fr\/#organization"},"potentialAction":[{"@type":"SearchAction","target":{"@type":"EntryPoint","urlTemplate":"https:\/\/www.robertzueblin.com\/fr\/?s={search_term_string}"},"query-input":{"@type":"PropertyValueSpecification","valueRequired":true,"valueName":"search_term_string"}}],"inLanguage":"fr-FR"},{"@type":"Organization","@id":"https:\/\/www.robertzueblin.com\/fr\/#organization","name":"ROBERT Z\u00dcBLIN","url":"https:\/\/www.robertzueblin.com\/fr\/","logo":{"@type":"ImageObject","inLanguage":"fr-FR","@id":"https:\/\/www.robertzueblin.com\/fr\/#\/schema\/logo\/image\/","url":"https:\/\/www.robertzueblin.com\/wp-content\/uploads\/cropped-cropped-logo-von-robert-zueblin.jpg","contentUrl":"https:\/\/www.robertzueblin.com\/wp-content\/uploads\/cropped-cropped-logo-von-robert-zueblin.jpg","width":440,"height":60,"caption":"ROBERT Z\u00dcBLIN"},"image":{"@id":"https:\/\/www.robertzueblin.com\/fr\/#\/schema\/logo\/image\/"}}]}},"_links":{"self":[{"href":"https:\/\/www.robertzueblin.com\/fr\/wp-json\/wp\/v2\/product\/35378","targetHints":{"allow":["GET"]}}],"collection":[{"href":"https:\/\/www.robertzueblin.com\/fr\/wp-json\/wp\/v2\/product"}],"about":[{"href":"https:\/\/www.robertzueblin.com\/fr\/wp-json\/wp\/v2\/types\/product"}],"wp:featuredmedia":[{"embeddable":true,"href":"https:\/\/www.robertzueblin.com\/fr\/wp-json\/wp\/v2\/media\/35384"}],"wp:attachment":[{"href":"https:\/\/www.robertzueblin.com\/fr\/wp-json\/wp\/v2\/media?parent=35378"}],"wp:term":[{"taxonomy":"product_brand","embeddable":true,"href":"https:\/\/www.robertzueblin.com\/fr\/wp-json\/wp\/v2\/product_brand?post=35378"},{"taxonomy":"product_cat","embeddable":true,"href":"https:\/\/www.robertzueblin.com\/fr\/wp-json\/wp\/v2\/product_cat?post=35378"},{"taxonomy":"product_tag","embeddable":true,"href":"https:\/\/www.robertzueblin.com\/fr\/wp-json\/wp\/v2\/product_tag?post=35378"}],"curies":[{"name":"wp","href":"https:\/\/api.w.org\/{rel}","templated":true}]}}