{"id":34717,"date":"2023-10-13T20:59:16","date_gmt":"2023-10-13T19:08:20","guid":{"rendered":"https:\/\/www.robertzueblin.com\/?post_type=product&#038;p=34717"},"modified":"2023-10-13T21:08:20","modified_gmt":"2023-10-13T19:08:20","slug":"rolf-luethi-1933-%e2%80%a0-2015-7-carres-serigraphie","status":"publish","type":"product","link":"https:\/\/www.robertzueblin.com\/fr\/rolf-luethi\/7-carres-serigraphie\/","title":{"rendered":"Rolf Luethi (* 1933, \u2020 2015) &#8211; 7 Carr\u00e9s &#8211; S\u00e9rigraphie"},"content":{"rendered":"<p><span style=\"font-family: AkkoPro-BoldCondensed!important\">Type :<\/span> <a href=\"https:\/\/www.robertzueblin.com\/fr\/type\/peinture\/\">peinture<\/a><\/p>\n<p><span style=\"font-family: AkkoPro-BoldCondensed!important\">\u00c9bauche :<\/span> Rolf Luethi (* 1933, \u2020 2015)<\/p>\n<p><span style=\"font-family: AkkoPro-BoldCondensed!important\">Objet :<\/span> s\u00e9rigraphie<\/p>\n<p><span style=\"font-family: AkkoPro-BoldCondensed!important\">Mat\u00e9riau :<\/span> encre sur papier<\/p>\n<p><span style=\"font-family: AkkoPro-BoldCondensed!important\">Dimensions :<\/span> avec cadre : Hauteur : 42 cm ; largeur : 42 cm ; feuille : hauteur : 34,7 cm ; largeur : 34,7 cm<\/p>\n<p><span style=\"font-family: AkkoPro-BoldCondensed!important\">Ann\u00e9e de fabrication :<\/span> 1984<\/p>\n<p><span style=\"font-family: AkkoPro-BoldCondensed!important\">\u00c9tat :<\/span> bon<\/p>\n<p><span style=\"font-family: AkkoPro-BoldCondensed!important\">Signature\/marque :<\/span> Rolf Luethi<\/p>\n<p><span style=\"font-family: AkkoPro-BoldCondensed!important\">\u00c9dition :<\/span> 43\/1000<\/p>\n","protected":false},"excerpt":{"rendered":"<p>Type : peinture \u00c9bauche : Rolf Luethi (* 1933, \u2020 2015) Objet : s\u00e9rigraphie Mat\u00e9riau : encre sur papier Dimensions : avec cadre : Hauteur : 42 cm ; largeur : 42 cm ; feuille : hauteur : 34,7 cm ; largeur : 34,7 cm Ann\u00e9e de fabrication : 1984 \u00c9tat : bon Signature\/marque : [&hellip;]<\/p>\n","protected":false},"featured_media":34718,"template":"","meta":[],"product_brand":[],"product_cat":[776,511],"product_tag":[],"class_list":{"0":"post-34717","1":"product","2":"type-product","3":"status-publish","4":"has-post-thumbnail","6":"product_cat-peinture","7":"product_cat-rolf-luethi","9":"first","10":"instock","11":"sold-individually","12":"shipping-taxable","13":"purchasable","14":"product-type-simple"},"yoast_head":"<!-- This site is optimized with the Yoast SEO plugin v27.4 - https:\/\/yoast.com\/product\/yoast-seo-wordpress\/ -->\n<title>Rolf Luethi (* 1933, \u2020 2015) - 7 Carr\u00e9s - S\u00e9rigraphie<\/title>\n<meta name=\"description\" content=\"S\u00e9rigraphie de l&#039;art concret par le peintre et dessinateur suisse Rolf Luethi, qui \u00e9tait \u00e9galement sculpteur et cr\u00e9ateur.\" \/>\n<meta name=\"robots\" content=\"index, follow, max-snippet:-1, max-image-preview:large, max-video-preview:-1\" \/>\n<link rel=\"canonical\" href=\"https:\/\/www.robertzueblin.com\/fr\/rolf-luethi\/7-carres-serigraphie\/\" \/>\n<meta property=\"og:locale\" content=\"fr_FR\" \/>\n<meta property=\"og:type\" content=\"article\" \/>\n<meta property=\"og:title\" content=\"Rolf Luethi (* 1933, \u2020 2015) - 7 Carr\u00e9s - S\u00e9rigraphie\" \/>\n<meta property=\"og:description\" content=\"S\u00e9rigraphie de l&#039;art concret par le peintre et dessinateur suisse Rolf Luethi, qui \u00e9tait \u00e9galement sculpteur et cr\u00e9ateur.\" \/>\n<meta property=\"og:url\" content=\"https:\/\/www.robertzueblin.com\/fr\/rolf-luethi\/7-carres-serigraphie\/\" \/>\n<meta property=\"og:site_name\" content=\"ROBERT Z\u00dcBLIN\" \/>\n<meta property=\"og:image\" content=\"https:\/\/www.robertzueblin.com\/wp-content\/uploads\/rolf-luethi-serigraphie-7-carres-avec-cadre.jpg\" \/>\n\t<meta property=\"og:image:width\" content=\"1000\" \/>\n\t<meta property=\"og:image:height\" content=\"1000\" \/>\n\t<meta property=\"og:image:type\" content=\"image\/jpeg\" \/>\n<meta name=\"twitter:card\" content=\"summary_large_image\" \/>\n<script type=\"application\/ld+json\" class=\"yoast-schema-graph\">{\"@context\":\"https:\\\/\\\/schema.org\",\"@graph\":[{\"@type\":\"WebPage\",\"@id\":\"https:\\\/\\\/www.robertzueblin.com\\\/fr\\\/rolf-luethi\\\/7-carres-serigraphie\\\/\",\"url\":\"https:\\\/\\\/www.robertzueblin.com\\\/fr\\\/rolf-luethi\\\/7-carres-serigraphie\\\/\",\"name\":\"Rolf Luethi (* 1933, \u2020 2015) - 7 Carr\u00e9s - S\u00e9rigraphie\",\"isPartOf\":{\"@id\":\"https:\\\/\\\/www.robertzueblin.com\\\/fr\\\/#website\"},\"primaryImageOfPage\":{\"@id\":\"https:\\\/\\\/www.robertzueblin.com\\\/fr\\\/rolf-luethi\\\/7-carres-serigraphie\\\/#primaryimage\"},\"image\":{\"@id\":\"https:\\\/\\\/www.robertzueblin.com\\\/fr\\\/rolf-luethi\\\/7-carres-serigraphie\\\/#primaryimage\"},\"thumbnailUrl\":\"https:\\\/\\\/www.robertzueblin.com\\\/wp-content\\\/uploads\\\/rolf-luethi-serigraphie-7-carres-avec-cadre.jpg\",\"datePublished\":\"2023-10-13T19:08:20+00:00\",\"description\":\"S\u00e9rigraphie de l'art concret par le peintre et dessinateur suisse Rolf Luethi, qui \u00e9tait \u00e9galement sculpteur et cr\u00e9ateur.\",\"breadcrumb\":{\"@id\":\"https:\\\/\\\/www.robertzueblin.com\\\/fr\\\/rolf-luethi\\\/7-carres-serigraphie\\\/#breadcrumb\"},\"inLanguage\":\"fr-FR\",\"potentialAction\":[{\"@type\":\"ReadAction\",\"target\":[\"https:\\\/\\\/www.robertzueblin.com\\\/fr\\\/rolf-luethi\\\/7-carres-serigraphie\\\/\"]}]},{\"@type\":\"ImageObject\",\"inLanguage\":\"fr-FR\",\"@id\":\"https:\\\/\\\/www.robertzueblin.com\\\/fr\\\/rolf-luethi\\\/7-carres-serigraphie\\\/#primaryimage\",\"url\":\"https:\\\/\\\/www.robertzueblin.com\\\/wp-content\\\/uploads\\\/rolf-luethi-serigraphie-7-carres-avec-cadre.jpg\",\"contentUrl\":\"https:\\\/\\\/www.robertzueblin.com\\\/wp-content\\\/uploads\\\/rolf-luethi-serigraphie-7-carres-avec-cadre.jpg\",\"width\":1000,\"height\":1000},{\"@type\":\"BreadcrumbList\",\"@id\":\"https:\\\/\\\/www.robertzueblin.com\\\/fr\\\/rolf-luethi\\\/7-carres-serigraphie\\\/#breadcrumb\",\"itemListElement\":[{\"@type\":\"ListItem\",\"position\":1,\"name\":\"Startseite\",\"item\":\"https:\\\/\\\/www.robertzueblin.com\\\/fr\\\/\"},{\"@type\":\"ListItem\",\"position\":2,\"name\":\"Galerie d&#8217;art en ligne (boutique en ligne)\",\"item\":\"https:\\\/\\\/www.robertzueblin.com\\\/fr\\\/galerie-d-art-en-ligne\\\/\"},{\"@type\":\"ListItem\",\"position\":3,\"name\":\"Rolf Luethi (* 1933, \u2020 2015) &#8211; 7 Carr\u00e9s &#8211; S\u00e9rigraphie\"}]},{\"@type\":\"WebSite\",\"@id\":\"https:\\\/\\\/www.robertzueblin.com\\\/fr\\\/#website\",\"url\":\"https:\\\/\\\/www.robertzueblin.com\\\/fr\\\/\",\"name\":\"ROBERT Z\u00dcBLIN\",\"description\":\"\",\"publisher\":{\"@id\":\"https:\\\/\\\/www.robertzueblin.com\\\/fr\\\/#organization\"},\"potentialAction\":[{\"@type\":\"SearchAction\",\"target\":{\"@type\":\"EntryPoint\",\"urlTemplate\":\"https:\\\/\\\/www.robertzueblin.com\\\/fr\\\/?s={search_term_string}\"},\"query-input\":{\"@type\":\"PropertyValueSpecification\",\"valueRequired\":true,\"valueName\":\"search_term_string\"}}],\"inLanguage\":\"fr-FR\"},{\"@type\":\"Organization\",\"@id\":\"https:\\\/\\\/www.robertzueblin.com\\\/fr\\\/#organization\",\"name\":\"ROBERT Z\u00dcBLIN\",\"url\":\"https:\\\/\\\/www.robertzueblin.com\\\/fr\\\/\",\"logo\":{\"@type\":\"ImageObject\",\"inLanguage\":\"fr-FR\",\"@id\":\"https:\\\/\\\/www.robertzueblin.com\\\/fr\\\/#\\\/schema\\\/logo\\\/image\\\/\",\"url\":\"https:\\\/\\\/www.robertzueblin.com\\\/wp-content\\\/uploads\\\/cropped-cropped-logo-von-robert-zueblin.jpg\",\"contentUrl\":\"https:\\\/\\\/www.robertzueblin.com\\\/wp-content\\\/uploads\\\/cropped-cropped-logo-von-robert-zueblin.jpg\",\"width\":440,\"height\":60,\"caption\":\"ROBERT Z\u00dcBLIN\"},\"image\":{\"@id\":\"https:\\\/\\\/www.robertzueblin.com\\\/fr\\\/#\\\/schema\\\/logo\\\/image\\\/\"}}]}<\/script>\n<!-- \/ Yoast SEO plugin. -->","yoast_head_json":{"title":"Rolf Luethi (* 1933, \u2020 2015) - 7 Carr\u00e9s - S\u00e9rigraphie","description":"S\u00e9rigraphie de l'art concret par le peintre et dessinateur suisse Rolf Luethi, qui \u00e9tait \u00e9galement sculpteur et cr\u00e9ateur.","robots":{"index":"index","follow":"follow","max-snippet":"max-snippet:-1","max-image-preview":"max-image-preview:large","max-video-preview":"max-video-preview:-1"},"canonical":"https:\/\/www.robertzueblin.com\/fr\/rolf-luethi\/7-carres-serigraphie\/","og_locale":"fr_FR","og_type":"article","og_title":"Rolf Luethi (* 1933, \u2020 2015) - 7 Carr\u00e9s - S\u00e9rigraphie","og_description":"S\u00e9rigraphie de l'art concret par le peintre et dessinateur suisse Rolf Luethi, qui \u00e9tait \u00e9galement sculpteur et cr\u00e9ateur.","og_url":"https:\/\/www.robertzueblin.com\/fr\/rolf-luethi\/7-carres-serigraphie\/","og_site_name":"ROBERT Z\u00dcBLIN","og_image":[{"width":1000,"height":1000,"url":"https:\/\/www.robertzueblin.com\/wp-content\/uploads\/rolf-luethi-serigraphie-7-carres-avec-cadre.jpg","type":"image\/jpeg"}],"twitter_card":"summary_large_image","schema":{"@context":"https:\/\/schema.org","@graph":[{"@type":"WebPage","@id":"https:\/\/www.robertzueblin.com\/fr\/rolf-luethi\/7-carres-serigraphie\/","url":"https:\/\/www.robertzueblin.com\/fr\/rolf-luethi\/7-carres-serigraphie\/","name":"Rolf Luethi (* 1933, \u2020 2015) - 7 Carr\u00e9s - S\u00e9rigraphie","isPartOf":{"@id":"https:\/\/www.robertzueblin.com\/fr\/#website"},"primaryImageOfPage":{"@id":"https:\/\/www.robertzueblin.com\/fr\/rolf-luethi\/7-carres-serigraphie\/#primaryimage"},"image":{"@id":"https:\/\/www.robertzueblin.com\/fr\/rolf-luethi\/7-carres-serigraphie\/#primaryimage"},"thumbnailUrl":"https:\/\/www.robertzueblin.com\/wp-content\/uploads\/rolf-luethi-serigraphie-7-carres-avec-cadre.jpg","datePublished":"2023-10-13T19:08:20+00:00","description":"S\u00e9rigraphie de l'art concret par le peintre et dessinateur suisse Rolf Luethi, qui \u00e9tait \u00e9galement sculpteur et cr\u00e9ateur.","breadcrumb":{"@id":"https:\/\/www.robertzueblin.com\/fr\/rolf-luethi\/7-carres-serigraphie\/#breadcrumb"},"inLanguage":"fr-FR","potentialAction":[{"@type":"ReadAction","target":["https:\/\/www.robertzueblin.com\/fr\/rolf-luethi\/7-carres-serigraphie\/"]}]},{"@type":"ImageObject","inLanguage":"fr-FR","@id":"https:\/\/www.robertzueblin.com\/fr\/rolf-luethi\/7-carres-serigraphie\/#primaryimage","url":"https:\/\/www.robertzueblin.com\/wp-content\/uploads\/rolf-luethi-serigraphie-7-carres-avec-cadre.jpg","contentUrl":"https:\/\/www.robertzueblin.com\/wp-content\/uploads\/rolf-luethi-serigraphie-7-carres-avec-cadre.jpg","width":1000,"height":1000},{"@type":"BreadcrumbList","@id":"https:\/\/www.robertzueblin.com\/fr\/rolf-luethi\/7-carres-serigraphie\/#breadcrumb","itemListElement":[{"@type":"ListItem","position":1,"name":"Startseite","item":"https:\/\/www.robertzueblin.com\/fr\/"},{"@type":"ListItem","position":2,"name":"Galerie d&#8217;art en ligne (boutique en ligne)","item":"https:\/\/www.robertzueblin.com\/fr\/galerie-d-art-en-ligne\/"},{"@type":"ListItem","position":3,"name":"Rolf Luethi (* 1933, \u2020 2015) &#8211; 7 Carr\u00e9s &#8211; S\u00e9rigraphie"}]},{"@type":"WebSite","@id":"https:\/\/www.robertzueblin.com\/fr\/#website","url":"https:\/\/www.robertzueblin.com\/fr\/","name":"ROBERT Z\u00dcBLIN","description":"","publisher":{"@id":"https:\/\/www.robertzueblin.com\/fr\/#organization"},"potentialAction":[{"@type":"SearchAction","target":{"@type":"EntryPoint","urlTemplate":"https:\/\/www.robertzueblin.com\/fr\/?s={search_term_string}"},"query-input":{"@type":"PropertyValueSpecification","valueRequired":true,"valueName":"search_term_string"}}],"inLanguage":"fr-FR"},{"@type":"Organization","@id":"https:\/\/www.robertzueblin.com\/fr\/#organization","name":"ROBERT Z\u00dcBLIN","url":"https:\/\/www.robertzueblin.com\/fr\/","logo":{"@type":"ImageObject","inLanguage":"fr-FR","@id":"https:\/\/www.robertzueblin.com\/fr\/#\/schema\/logo\/image\/","url":"https:\/\/www.robertzueblin.com\/wp-content\/uploads\/cropped-cropped-logo-von-robert-zueblin.jpg","contentUrl":"https:\/\/www.robertzueblin.com\/wp-content\/uploads\/cropped-cropped-logo-von-robert-zueblin.jpg","width":440,"height":60,"caption":"ROBERT Z\u00dcBLIN"},"image":{"@id":"https:\/\/www.robertzueblin.com\/fr\/#\/schema\/logo\/image\/"}}]}},"_links":{"self":[{"href":"https:\/\/www.robertzueblin.com\/fr\/wp-json\/wp\/v2\/product\/34717","targetHints":{"allow":["GET"]}}],"collection":[{"href":"https:\/\/www.robertzueblin.com\/fr\/wp-json\/wp\/v2\/product"}],"about":[{"href":"https:\/\/www.robertzueblin.com\/fr\/wp-json\/wp\/v2\/types\/product"}],"wp:featuredmedia":[{"embeddable":true,"href":"https:\/\/www.robertzueblin.com\/fr\/wp-json\/wp\/v2\/media\/34718"}],"wp:attachment":[{"href":"https:\/\/www.robertzueblin.com\/fr\/wp-json\/wp\/v2\/media?parent=34717"}],"wp:term":[{"taxonomy":"product_brand","embeddable":true,"href":"https:\/\/www.robertzueblin.com\/fr\/wp-json\/wp\/v2\/product_brand?post=34717"},{"taxonomy":"product_cat","embeddable":true,"href":"https:\/\/www.robertzueblin.com\/fr\/wp-json\/wp\/v2\/product_cat?post=34717"},{"taxonomy":"product_tag","embeddable":true,"href":"https:\/\/www.robertzueblin.com\/fr\/wp-json\/wp\/v2\/product_tag?post=34717"}],"curies":[{"name":"wp","href":"https:\/\/api.w.org\/{rel}","templated":true}]}}