{"id":33733,"date":"2023-08-14T12:31:06","date_gmt":"2023-08-14T10:39:01","guid":{"rendered":"https:\/\/www.robertzueblin.com\/?post_type=product&#038;p=33733"},"modified":"2023-08-14T12:39:01","modified_gmt":"2023-08-14T10:39:01","slug":"albert-steiner-1877-%e2%80%a0-1965-le-fardeau-du-jour-impression-de-helio-sadag-geneve","status":"publish","type":"product","link":"https:\/\/www.robertzueblin.com\/fr\/albert-steiner\/le-fardeau-du-jour-impression-de-helio-sadag-geneve\/","title":{"rendered":"Albert STEINER (* 1877, \u2020 1965) &#8211; Le fardeau du jour &#8211; Impression de Helio Sadag, Gen\u00e8ve"},"content":{"rendered":"<p><span style=\"font-family: AkkoPro-BoldCondensed!important\">Type :<\/span> <a href=\"https:\/\/www.robertzueblin.com\/fr\/type\/peinture\/\">peinture<\/a><\/p>\n<p><span style=\"font-family: AkkoPro-BoldCondensed!important\">Photographe :<\/span> Albert Steiner<\/p>\n<p><span style=\"font-family: AkkoPro-BoldCondensed!important\">Objet :<\/span> impression \u00e0 l&rsquo;int\u00e9rieur du cadre<\/p>\n<p><span style=\"font-family: AkkoPro-BoldCondensed!important\">Mat\u00e9riau :<\/span> Impression sur papier<\/p>\n<p><span style=\"font-family: AkkoPro-BoldCondensed!important\">Dimensions :<\/span> dimensions ext\u00e9rieures du cadre : hauteur : 20 cm, largeur : 25,5 cm ; dimensions int\u00e9rieures du cadre : 18,5 cm, largeur : 24 cm<\/p>\n<p><span style=\"font-family: AkkoPro-BoldCondensed!important\">Ann\u00e9e de fabrication :<\/span> inconnue<\/p>\n<p><span style=\"font-family: AkkoPro-BoldCondensed!important\">\u00c9tat :<\/span> quelques taches de moisissure sur l&rsquo;impression, l&rsquo;impression est en partie l\u00e9g\u00e8rement ondul\u00e9e, dans l&rsquo;ensemble l&rsquo;impression est en bon \u00e9tat, le cadre a quelques manques<\/p>\n","protected":false},"excerpt":{"rendered":"<p>Type : peinture Photographe : Albert Steiner Objet : impression \u00e0 l&rsquo;int\u00e9rieur du cadre Mat\u00e9riau : Impression sur papier Dimensions : dimensions ext\u00e9rieures du cadre : hauteur : 20 cm, largeur : 25,5 cm ; dimensions int\u00e9rieures du cadre : 18,5 cm, largeur : 24 cm Ann\u00e9e de fabrication : inconnue \u00c9tat : quelques taches [&hellip;]<\/p>\n","protected":false},"featured_media":33738,"template":"","meta":[],"product_brand":[],"product_cat":[776,492],"product_tag":[],"class_list":{"0":"post-33733","1":"product","2":"type-product","3":"status-publish","4":"has-post-thumbnail","6":"product_cat-peinture","7":"product_cat-albert-steiner","9":"first","10":"instock","11":"sold-individually","12":"shipping-taxable","13":"purchasable","14":"product-type-simple"},"yoast_head":"<!-- This site is optimized with the Yoast SEO plugin v27.5 - https:\/\/yoast.com\/product\/yoast-seo-wordpress\/ -->\n<title>Albert STEINER - Le fardeau du jour - Impression de Helio Sadag<\/title>\n<meta name=\"description\" content=\"Une impression photographique d&#039;art d&#039;une photo du c\u00e9l\u00e8bre photographe Albert Steiner: Des Tages B\u00fcrde, impression de Helio Sadag, Gen\u00e8ve, Suisse.\" \/>\n<meta name=\"robots\" content=\"index, follow, max-snippet:-1, max-image-preview:large, max-video-preview:-1\" \/>\n<link rel=\"canonical\" href=\"https:\/\/www.robertzueblin.com\/fr\/albert-steiner\/le-fardeau-du-jour-impression-de-helio-sadag-geneve\/\" \/>\n<meta property=\"og:locale\" content=\"fr_FR\" \/>\n<meta property=\"og:type\" content=\"article\" \/>\n<meta property=\"og:title\" content=\"Albert STEINER - Le fardeau du jour - Impression de Helio Sadag\" \/>\n<meta property=\"og:description\" content=\"Une impression photographique d&#039;art d&#039;une photo du c\u00e9l\u00e8bre photographe Albert Steiner: Des Tages B\u00fcrde, impression de Helio Sadag, Gen\u00e8ve, Suisse.\" \/>\n<meta property=\"og:url\" content=\"https:\/\/www.robertzueblin.com\/fr\/albert-steiner\/le-fardeau-du-jour-impression-de-helio-sadag-geneve\/\" \/>\n<meta property=\"og:site_name\" content=\"ROBERT Z\u00dcBLIN\" \/>\n<meta property=\"og:image\" content=\"https:\/\/www.robertzueblin.com\/wp-content\/uploads\/albert-steiner-le-fardeau-du-jour-des-helio-sadag-genf-photo-couverture.jpg\" \/>\n\t<meta property=\"og:image:width\" content=\"1300\" \/>\n\t<meta property=\"og:image:height\" content=\"1026\" \/>\n\t<meta property=\"og:image:type\" content=\"image\/jpeg\" \/>\n<meta name=\"twitter:card\" content=\"summary_large_image\" \/>\n<script type=\"application\/ld+json\" class=\"yoast-schema-graph\">{\"@context\":\"https:\\\/\\\/schema.org\",\"@graph\":[{\"@type\":\"WebPage\",\"@id\":\"https:\\\/\\\/www.robertzueblin.com\\\/fr\\\/albert-steiner\\\/le-fardeau-du-jour-impression-de-helio-sadag-geneve\\\/\",\"url\":\"https:\\\/\\\/www.robertzueblin.com\\\/fr\\\/albert-steiner\\\/le-fardeau-du-jour-impression-de-helio-sadag-geneve\\\/\",\"name\":\"Albert STEINER - Le fardeau du jour - Impression de Helio Sadag\",\"isPartOf\":{\"@id\":\"https:\\\/\\\/www.robertzueblin.com\\\/fr\\\/#website\"},\"primaryImageOfPage\":{\"@id\":\"https:\\\/\\\/www.robertzueblin.com\\\/fr\\\/albert-steiner\\\/le-fardeau-du-jour-impression-de-helio-sadag-geneve\\\/#primaryimage\"},\"image\":{\"@id\":\"https:\\\/\\\/www.robertzueblin.com\\\/fr\\\/albert-steiner\\\/le-fardeau-du-jour-impression-de-helio-sadag-geneve\\\/#primaryimage\"},\"thumbnailUrl\":\"https:\\\/\\\/www.robertzueblin.com\\\/wp-content\\\/uploads\\\/albert-steiner-le-fardeau-du-jour-des-helio-sadag-genf-photo-couverture.jpg\",\"datePublished\":\"2023-08-14T10:39:01+00:00\",\"description\":\"Une impression photographique d'art d'une photo du c\u00e9l\u00e8bre photographe Albert Steiner: Des Tages B\u00fcrde, impression de Helio Sadag, Gen\u00e8ve, Suisse.\",\"breadcrumb\":{\"@id\":\"https:\\\/\\\/www.robertzueblin.com\\\/fr\\\/albert-steiner\\\/le-fardeau-du-jour-impression-de-helio-sadag-geneve\\\/#breadcrumb\"},\"inLanguage\":\"fr-FR\",\"potentialAction\":[{\"@type\":\"ReadAction\",\"target\":[\"https:\\\/\\\/www.robertzueblin.com\\\/fr\\\/albert-steiner\\\/le-fardeau-du-jour-impression-de-helio-sadag-geneve\\\/\"]}]},{\"@type\":\"ImageObject\",\"inLanguage\":\"fr-FR\",\"@id\":\"https:\\\/\\\/www.robertzueblin.com\\\/fr\\\/albert-steiner\\\/le-fardeau-du-jour-impression-de-helio-sadag-geneve\\\/#primaryimage\",\"url\":\"https:\\\/\\\/www.robertzueblin.com\\\/wp-content\\\/uploads\\\/albert-steiner-le-fardeau-du-jour-des-helio-sadag-genf-photo-couverture.jpg\",\"contentUrl\":\"https:\\\/\\\/www.robertzueblin.com\\\/wp-content\\\/uploads\\\/albert-steiner-le-fardeau-du-jour-des-helio-sadag-genf-photo-couverture.jpg\",\"width\":1300,\"height\":1026},{\"@type\":\"BreadcrumbList\",\"@id\":\"https:\\\/\\\/www.robertzueblin.com\\\/fr\\\/albert-steiner\\\/le-fardeau-du-jour-impression-de-helio-sadag-geneve\\\/#breadcrumb\",\"itemListElement\":[{\"@type\":\"ListItem\",\"position\":1,\"name\":\"Startseite\",\"item\":\"https:\\\/\\\/www.robertzueblin.com\\\/fr\\\/\"},{\"@type\":\"ListItem\",\"position\":2,\"name\":\"Galerie d&#8217;art en ligne (boutique en ligne)\",\"item\":\"https:\\\/\\\/www.robertzueblin.com\\\/fr\\\/galerie-d-art-en-ligne\\\/\"},{\"@type\":\"ListItem\",\"position\":3,\"name\":\"Albert STEINER (* 1877, \u2020 1965) &#8211; Le fardeau du jour &#8211; Impression de Helio Sadag, Gen\u00e8ve\"}]},{\"@type\":\"WebSite\",\"@id\":\"https:\\\/\\\/www.robertzueblin.com\\\/fr\\\/#website\",\"url\":\"https:\\\/\\\/www.robertzueblin.com\\\/fr\\\/\",\"name\":\"ROBERT Z\u00dcBLIN\",\"description\":\"\",\"publisher\":{\"@id\":\"https:\\\/\\\/www.robertzueblin.com\\\/fr\\\/#organization\"},\"potentialAction\":[{\"@type\":\"SearchAction\",\"target\":{\"@type\":\"EntryPoint\",\"urlTemplate\":\"https:\\\/\\\/www.robertzueblin.com\\\/fr\\\/?s={search_term_string}\"},\"query-input\":{\"@type\":\"PropertyValueSpecification\",\"valueRequired\":true,\"valueName\":\"search_term_string\"}}],\"inLanguage\":\"fr-FR\"},{\"@type\":\"Organization\",\"@id\":\"https:\\\/\\\/www.robertzueblin.com\\\/fr\\\/#organization\",\"name\":\"ROBERT Z\u00dcBLIN\",\"url\":\"https:\\\/\\\/www.robertzueblin.com\\\/fr\\\/\",\"logo\":{\"@type\":\"ImageObject\",\"inLanguage\":\"fr-FR\",\"@id\":\"https:\\\/\\\/www.robertzueblin.com\\\/fr\\\/#\\\/schema\\\/logo\\\/image\\\/\",\"url\":\"https:\\\/\\\/www.robertzueblin.com\\\/wp-content\\\/uploads\\\/cropped-cropped-logo-von-robert-zueblin.jpg\",\"contentUrl\":\"https:\\\/\\\/www.robertzueblin.com\\\/wp-content\\\/uploads\\\/cropped-cropped-logo-von-robert-zueblin.jpg\",\"width\":440,\"height\":60,\"caption\":\"ROBERT Z\u00dcBLIN\"},\"image\":{\"@id\":\"https:\\\/\\\/www.robertzueblin.com\\\/fr\\\/#\\\/schema\\\/logo\\\/image\\\/\"}}]}<\/script>\n<!-- \/ Yoast SEO plugin. -->","yoast_head_json":{"title":"Albert STEINER - Le fardeau du jour - Impression de Helio Sadag","description":"Une impression photographique d'art d'une photo du c\u00e9l\u00e8bre photographe Albert Steiner: Des Tages B\u00fcrde, impression de Helio Sadag, Gen\u00e8ve, Suisse.","robots":{"index":"index","follow":"follow","max-snippet":"max-snippet:-1","max-image-preview":"max-image-preview:large","max-video-preview":"max-video-preview:-1"},"canonical":"https:\/\/www.robertzueblin.com\/fr\/albert-steiner\/le-fardeau-du-jour-impression-de-helio-sadag-geneve\/","og_locale":"fr_FR","og_type":"article","og_title":"Albert STEINER - Le fardeau du jour - Impression de Helio Sadag","og_description":"Une impression photographique d'art d'une photo du c\u00e9l\u00e8bre photographe Albert Steiner: Des Tages B\u00fcrde, impression de Helio Sadag, Gen\u00e8ve, Suisse.","og_url":"https:\/\/www.robertzueblin.com\/fr\/albert-steiner\/le-fardeau-du-jour-impression-de-helio-sadag-geneve\/","og_site_name":"ROBERT Z\u00dcBLIN","og_image":[{"width":1300,"height":1026,"url":"https:\/\/www.robertzueblin.com\/wp-content\/uploads\/albert-steiner-le-fardeau-du-jour-des-helio-sadag-genf-photo-couverture.jpg","type":"image\/jpeg"}],"twitter_card":"summary_large_image","schema":{"@context":"https:\/\/schema.org","@graph":[{"@type":"WebPage","@id":"https:\/\/www.robertzueblin.com\/fr\/albert-steiner\/le-fardeau-du-jour-impression-de-helio-sadag-geneve\/","url":"https:\/\/www.robertzueblin.com\/fr\/albert-steiner\/le-fardeau-du-jour-impression-de-helio-sadag-geneve\/","name":"Albert STEINER - Le fardeau du jour - Impression de Helio Sadag","isPartOf":{"@id":"https:\/\/www.robertzueblin.com\/fr\/#website"},"primaryImageOfPage":{"@id":"https:\/\/www.robertzueblin.com\/fr\/albert-steiner\/le-fardeau-du-jour-impression-de-helio-sadag-geneve\/#primaryimage"},"image":{"@id":"https:\/\/www.robertzueblin.com\/fr\/albert-steiner\/le-fardeau-du-jour-impression-de-helio-sadag-geneve\/#primaryimage"},"thumbnailUrl":"https:\/\/www.robertzueblin.com\/wp-content\/uploads\/albert-steiner-le-fardeau-du-jour-des-helio-sadag-genf-photo-couverture.jpg","datePublished":"2023-08-14T10:39:01+00:00","description":"Une impression photographique d'art d'une photo du c\u00e9l\u00e8bre photographe Albert Steiner: Des Tages B\u00fcrde, impression de Helio Sadag, Gen\u00e8ve, Suisse.","breadcrumb":{"@id":"https:\/\/www.robertzueblin.com\/fr\/albert-steiner\/le-fardeau-du-jour-impression-de-helio-sadag-geneve\/#breadcrumb"},"inLanguage":"fr-FR","potentialAction":[{"@type":"ReadAction","target":["https:\/\/www.robertzueblin.com\/fr\/albert-steiner\/le-fardeau-du-jour-impression-de-helio-sadag-geneve\/"]}]},{"@type":"ImageObject","inLanguage":"fr-FR","@id":"https:\/\/www.robertzueblin.com\/fr\/albert-steiner\/le-fardeau-du-jour-impression-de-helio-sadag-geneve\/#primaryimage","url":"https:\/\/www.robertzueblin.com\/wp-content\/uploads\/albert-steiner-le-fardeau-du-jour-des-helio-sadag-genf-photo-couverture.jpg","contentUrl":"https:\/\/www.robertzueblin.com\/wp-content\/uploads\/albert-steiner-le-fardeau-du-jour-des-helio-sadag-genf-photo-couverture.jpg","width":1300,"height":1026},{"@type":"BreadcrumbList","@id":"https:\/\/www.robertzueblin.com\/fr\/albert-steiner\/le-fardeau-du-jour-impression-de-helio-sadag-geneve\/#breadcrumb","itemListElement":[{"@type":"ListItem","position":1,"name":"Startseite","item":"https:\/\/www.robertzueblin.com\/fr\/"},{"@type":"ListItem","position":2,"name":"Galerie d&#8217;art en ligne (boutique en ligne)","item":"https:\/\/www.robertzueblin.com\/fr\/galerie-d-art-en-ligne\/"},{"@type":"ListItem","position":3,"name":"Albert STEINER (* 1877, \u2020 1965) &#8211; Le fardeau du jour &#8211; Impression de Helio Sadag, Gen\u00e8ve"}]},{"@type":"WebSite","@id":"https:\/\/www.robertzueblin.com\/fr\/#website","url":"https:\/\/www.robertzueblin.com\/fr\/","name":"ROBERT Z\u00dcBLIN","description":"","publisher":{"@id":"https:\/\/www.robertzueblin.com\/fr\/#organization"},"potentialAction":[{"@type":"SearchAction","target":{"@type":"EntryPoint","urlTemplate":"https:\/\/www.robertzueblin.com\/fr\/?s={search_term_string}"},"query-input":{"@type":"PropertyValueSpecification","valueRequired":true,"valueName":"search_term_string"}}],"inLanguage":"fr-FR"},{"@type":"Organization","@id":"https:\/\/www.robertzueblin.com\/fr\/#organization","name":"ROBERT Z\u00dcBLIN","url":"https:\/\/www.robertzueblin.com\/fr\/","logo":{"@type":"ImageObject","inLanguage":"fr-FR","@id":"https:\/\/www.robertzueblin.com\/fr\/#\/schema\/logo\/image\/","url":"https:\/\/www.robertzueblin.com\/wp-content\/uploads\/cropped-cropped-logo-von-robert-zueblin.jpg","contentUrl":"https:\/\/www.robertzueblin.com\/wp-content\/uploads\/cropped-cropped-logo-von-robert-zueblin.jpg","width":440,"height":60,"caption":"ROBERT Z\u00dcBLIN"},"image":{"@id":"https:\/\/www.robertzueblin.com\/fr\/#\/schema\/logo\/image\/"}}]}},"_links":{"self":[{"href":"https:\/\/www.robertzueblin.com\/fr\/wp-json\/wp\/v2\/product\/33733","targetHints":{"allow":["GET"]}}],"collection":[{"href":"https:\/\/www.robertzueblin.com\/fr\/wp-json\/wp\/v2\/product"}],"about":[{"href":"https:\/\/www.robertzueblin.com\/fr\/wp-json\/wp\/v2\/types\/product"}],"wp:featuredmedia":[{"embeddable":true,"href":"https:\/\/www.robertzueblin.com\/fr\/wp-json\/wp\/v2\/media\/33738"}],"wp:attachment":[{"href":"https:\/\/www.robertzueblin.com\/fr\/wp-json\/wp\/v2\/media?parent=33733"}],"wp:term":[{"taxonomy":"product_brand","embeddable":true,"href":"https:\/\/www.robertzueblin.com\/fr\/wp-json\/wp\/v2\/product_brand?post=33733"},{"taxonomy":"product_cat","embeddable":true,"href":"https:\/\/www.robertzueblin.com\/fr\/wp-json\/wp\/v2\/product_cat?post=33733"},{"taxonomy":"product_tag","embeddable":true,"href":"https:\/\/www.robertzueblin.com\/fr\/wp-json\/wp\/v2\/product_tag?post=33733"}],"curies":[{"name":"wp","href":"https:\/\/api.w.org\/{rel}","templated":true}]}}